{"id":7979,"date":"2020-11-06T11:28:21","date_gmt":"2020-11-06T03:28:21","guid":{"rendered":"https:\/\/www.agriculture-machine.com\/?p=7979"},"modified":"2025-05-14T17:45:16","modified_gmt":"2025-05-14T09:45:16","slug":"sesame-seed-peeling-machine","status":"publish","type":"product","link":"https:\/\/www.agriculture-machine.com\/es\/sesame-seed-peeling-machine\/","title":{"rendered":"M\u00e1quina de pelado de semillas de s\u00e9samo\u4e28Descascaradora autom\u00e1tica de s\u00e9samo negro"},"content":{"rendered":"<p>La m\u00e1quina de pelado de semillas de s\u00e9samo es un equipo de alta eficiencia que integra remojo, agitaci\u00f3n, pelado y separaci\u00f3n, ampliamente utilizado en el procesamiento de alimentos, como s\u00e9samo negro, s\u00e9samo blanco, etc. <\/p>    <p>Con dise\u00f1o compacto y operaci\u00f3n conveniente, este equipo puede asegurar que el color de las part\u00edculas de semillas de s\u00e9samo sea blanco y la tasa de integridad superior al 95%. Puede lograr una tasa de pelado del 80%-85%, siendo el equipo ideal para el procesamiento de s\u00e9samo en f\u00e1bricas de alimentos, f\u00e1bricas de comida frita, etc.<\/p>    <figure class=\"wp-block-embed aligncenter is-type-video is-provider-youtube wp-block-embed-youtube wp-embed-aspect-16-9 wp-has-aspect-ratio\"><div class=\"wp-block-embed__wrapper\"> <iframe loading=\"lazy\" title=\"\u00a1F\u00e1cil operaci\u00f3n de la m\u00e1quina autom\u00e1tica de lavado y pelado de s\u00e9samo!#s\u00e9samo\" width=\"500\" height=\"281\" src=\"https:\/\/www.youtube.com\/embed\/-b8T08_WaI8?feature=oembed\" frameborder=\"0\" allow=\"accelerometer; autoplay; clipboard-write; encrypted-media; gyroscope; picture-in-picture; web-share\" referrerpolicy=\"strict-origin-when-cross-origin\" allowfullscreen><\/iframe> <\/div><figcaption class=\"wp-element-caption\">Video de operaci\u00f3n de la m\u00e1quina de pelado de semillas de s\u00e9samo<\/figcaption><\/figure>    <h2 class=\"wp-block-heading\">Aspectos destacados de la m\u00e1quina de pelado de semillas de s\u00e9samo<\/h2>    <ul class=\"wp-block-list\"> <li>Dise\u00f1o de cilindro vertical, estructura interna compuesta en capas (cubo de pelado   cubo de limpieza), ocupa solo 1\/3 del \u00e1rea del equipo tradicional.<\/li>    <li>El agitador compuesto mediante propulsi\u00f3n axial   dispersi\u00f3n radial   giro en anillo, asegura que las semillas de s\u00e9samo en el proceso de pelado reciban una fuerza uniforme, sin puntos muertos residuales, con una tasa de pelado estable de hasta 80% o m\u00e1s.<\/li>    <li>Panel de control PLC integrado, tiempo de remojo ajustable (10-30min), intensidad del flujo de agua y otros par\u00e1metros.<\/li>    <li>El n\u00facleo de s\u00e9samo terminado es blanco y brillante, adecuado para pasta de s\u00e9samo, aceite de s\u00e9samo, ingredientes para hornear y otras l\u00edneas de productos de alto valor agregado.<\/li>    <li>Equipado con sistema de filtraci\u00f3n de agua en circulaci\u00f3n y dispositivo de eliminaci\u00f3n de polvo por presi\u00f3n negativa, reduce el consumo de agua en un 60%, emisi\u00f3n de polvo \u2264 10mg\/m\u00b3.<\/li> <\/ul>    <figure class=\"wp-block-gallery has-nested-images columns-default is-cropped wp-block-gallery-2 is-layout-flex wp-block-gallery-is-layout-flex\"> <figure class=\"wp-block-image size-large\"><img loading=\"lazy\" decoding=\"async\" width=\"720\" height=\"540\" data-id=\"12942\" src=\"https:\/\/www.agriculture-machine.com\/wp-content\/uploads\/2022\/04\/seame-washing-and-peeling-machine-1.jpg\" alt=\"m\u00e1quina de lavado y pelado de s\u00e9samo \" class=\"wp-image-12942\" title=\"m\u00e1quina de lavado y pelado de s\u00e9samo \" srcset=\"https:\/\/www.agriculture-machine.com\/wp-content\/uploads\/2022\/04\/seame-washing-and-peeling-machine-1.jpg 720w, https:\/\/www.agriculture-machine.com\/wp-content\/uploads\/2022\/04\/seame-washing-and-peeling-machine-1-360x270.jpg 360w, https:\/\/www.agriculture-machine.com\/wp-content\/uploads\/2022\/04\/seame-washing-and-peeling-machine-1-240x180.jpg 240w\" sizes=\"auto, (max-width: 720px) 100vw, 720px\" \/><figcaption class=\"wp-element-caption\">m\u00e1quina de lavado y pelado de s\u00e9samo <\/figcaption><\/figure>    <figure class=\"wp-block-image size-large\"><img loading=\"lazy\" decoding=\"async\" width=\"720\" height=\"540\" data-id=\"12943\" src=\"https:\/\/www.agriculture-machine.com\/wp-content\/uploads\/2022\/04\/sesame-dehuller0.jpg\" alt=\"Descascarador de s\u00e9samo\" class=\"wp-image-12943\" title=\"Descascarador de s\u00e9samo\" srcset=\"https:\/\/www.agriculture-machine.com\/wp-content\/uploads\/2022\/04\/sesame-dehuller0.jpg 720w, https:\/\/www.agriculture-machine.com\/wp-content\/uploads\/2022\/04\/sesame-dehuller0-360x270.jpg 360w, https:\/\/www.agriculture-machine.com\/wp-content\/uploads\/2022\/04\/sesame-dehuller0-240x180.jpg 240w\" sizes=\"auto, (max-width: 720px) 100vw, 720px\" \/><figcaption class=\"wp-element-caption\">Descascarador de s\u00e9samo<\/figcaption><\/figure> <\/figure>    <h2 class=\"wp-block-heading\" id=\"h-what-is-the-working-principle-of-black-sesame-dehuller\">Estructura y principio del descascarador de s\u00e9samo negro<\/h2>    <ul class=\"wp-block-list\"> <li>Reductor: impulsa el agitador compuesto a girar.<\/li>    <li>Cilindro de agitaci\u00f3n doble: completa el proceso de remojo, agitaci\u00f3n y pelado de semillas de s\u00e9samo.<\/li>    <li>Agitador compuesto: produce giro axial, radial y circular, mejora la eficiencia del pelado.<\/li>    <li>Placa de tamiz de separaci\u00f3n: para realizar la separaci\u00f3n de la piel de s\u00e9samo y el n\u00facleo de la semilla.<\/li>    <li>Entrada y salida: para facilitar la circulaci\u00f3n y descarga de s\u00e9samo, piel y agua.<\/li>    <li>Sistema de tuber\u00edas de llenado de agua: utilizado para controlar la cantidad de agua en el proceso de remojo y limpieza.<\/li> <\/ul>    <figure class=\"wp-block-gallery has-nested-images columns-2 is-cropped wp-block-gallery-3 is-layout-flex wp-block-gallery-is-layout-flex\"> <figure class=\"wp-block-image size-large\"><img loading=\"lazy\" decoding=\"async\" width=\"720\" height=\"540\" data-id=\"12947\" src=\"https:\/\/www.agriculture-machine.com\/wp-content\/uploads\/2022\/04\/seame-washing-and-peeling-machine1-2.jpg\" alt=\"m\u00e1quina de lavado y pelado de s\u00e9samo \" class=\"wp-image-12947\" title=\"m\u00e1quina de lavado y pelado de s\u00e9samo \" srcset=\"https:\/\/www.agriculture-machine.com\/wp-content\/uploads\/2022\/04\/seame-washing-and-peeling-machine1-2.jpg 720w, https:\/\/www.agriculture-machine.com\/wp-content\/uploads\/2022\/04\/seame-washing-and-peeling-machine1-2-360x270.jpg 360w, https:\/\/www.agriculture-machine.com\/wp-content\/uploads\/2022\/04\/seame-washing-and-peeling-machine1-2-240x180.jpg 240w\" sizes=\"auto, (max-width: 720px) 100vw, 720px\" \/><figcaption class=\"wp-element-caption\">m\u00e1quina de lavado y pelado de s\u00e9samo<\/figcaption><\/figure>    <figure class=\"wp-block-image size-large\"><img loading=\"lazy\" decoding=\"async\" width=\"720\" height=\"540\" data-id=\"12948\" src=\"https:\/\/www.agriculture-machine.com\/wp-content\/uploads\/2022\/04\/sesame-hulling-machine0.jpg\" alt=\"m\u00e1quina de descascarado de s\u00e9samo\" class=\"wp-image-12948\" title=\"m\u00e1quina de descascarado de s\u00e9samo\" srcset=\"https:\/\/www.agriculture-machine.com\/wp-content\/uploads\/2022\/04\/sesame-hulling-machine0.jpg 720w, https:\/\/www.agriculture-machine.com\/wp-content\/uploads\/2022\/04\/sesame-hulling-machine0-360x270.jpg 360w, https:\/\/www.agriculture-machine.com\/wp-content\/uploads\/2022\/04\/sesame-hulling-machine0-240x180.jpg 240w\" sizes=\"auto, (max-width: 720px) 100vw, 720px\" \/><figcaption class=\"wp-element-caption\">m\u00e1quina de descascarado de s\u00e9samo<\/figcaption><\/figure>    <figure class=\"wp-block-image size-large\"><img loading=\"lazy\" decoding=\"async\" width=\"720\" height=\"540\" data-id=\"12949\" src=\"https:\/\/www.agriculture-machine.com\/wp-content\/uploads\/2022\/04\/automatic-sesame-peeling-machine1.jpg\" alt=\"m\u00e1quina autom\u00e1tica de pelado de s\u00e9samo\" class=\"wp-image-12949\" title=\"m\u00e1quina autom\u00e1tica de pelado de s\u00e9samo\" srcset=\"https:\/\/www.agriculture-machine.com\/wp-content\/uploads\/2022\/04\/automatic-sesame-peeling-machine1.jpg 720w, https:\/\/www.agriculture-machine.com\/wp-content\/uploads\/2022\/04\/automatic-sesame-peeling-machine1-360x270.jpg 360w, https:\/\/www.agriculture-machine.com\/wp-content\/uploads\/2022\/04\/automatic-sesame-peeling-machine1-240x180.jpg 240w\" sizes=\"auto, (max-width: 720px) 100vw, 720px\" \/><figcaption class=\"wp-element-caption\">m\u00e1quina autom\u00e1tica de pelado de s\u00e9samo<\/figcaption><\/figure>    <figure class=\"wp-block-image size-large\"><img loading=\"lazy\" decoding=\"async\" width=\"720\" height=\"540\" data-id=\"12950\" src=\"https:\/\/www.agriculture-machine.com\/wp-content\/uploads\/2022\/04\/sesame-cleaning-and-peeling-machine1.jpg\" alt=\"m\u00e1quina de limpieza y pelado de s\u00e9samo\" class=\"wp-image-12950\" title=\"m\u00e1quina de limpieza y pelado de s\u00e9samo\" srcset=\"https:\/\/www.agriculture-machine.com\/wp-content\/uploads\/2022\/04\/sesame-cleaning-and-peeling-machine1.jpg 720w, https:\/\/www.agriculture-machine.com\/wp-content\/uploads\/2022\/04\/sesame-cleaning-and-peeling-machine1-360x270.jpg 360w, https:\/\/www.agriculture-machine.com\/wp-content\/uploads\/2022\/04\/sesame-cleaning-and-peeling-machine1-240x180.jpg 240w\" sizes=\"auto, (max-width: 720px) 100vw, 720px\" \/><figcaption class=\"wp-element-caption\">m\u00e1quina de limpieza y pelado de s\u00e9samo<\/figcaption><\/figure> <figcaption class=\"blocks-gallery-caption wp-element-caption\">black sesame dehuller&#8217;s working principle<\/figcaption><\/figure>    <h2 class=\"wp-block-heading\" id=\"h-working-steps-of-sesame-peeler-machine\">Pasos de trabajo de la m\u00e1quina de pelado de semillas de s\u00e9samo<\/h2>    <ol class=\"wp-block-list\"> <li>Pretratamiento de remojo: remoje las semillas de s\u00e9samo mezcladas con la cantidad adecuada de agua alcalina (o agua caliente) durante 10-13 minutos.<\/li>    <li>Pelado por agitaci\u00f3n: vierte las semillas de s\u00e9samo remojadas en el cubo de pelado, inicia el agitador durante 3-5 minutos de pelado a alta velocidad.<\/li>    <li>Separar la piel del n\u00facleo: use la placa de tamiz separadora para retener el n\u00facleo de la semilla y eliminar las semillas de s\u00e9samo peladas.<\/li>    <li>En el tambor de lavado: las semillas de s\u00e9samo entran en el tambor de lavado a trav\u00e9s de la v\u00e1lvula, a\u00f1ada aproximadamente 1\/3 de agua (semillas de s\u00e9samo: agua = 3:1), agite durante 5-10 minutos.<\/li>    <li>Limpieza y drenaje de la piel: abra la v\u00e1lvula de drenaje inferior, drene la piel mientras alimenta agua para asegurarse de que el n\u00facleo de s\u00e9samo est\u00e9 limpio.<\/li>    <li>Recolecci\u00f3n de descarga: abra la v\u00e1lvula de descarga despu\u00e9s de drenar, recoja el n\u00facleo de s\u00e9samo procesado.<\/li> <\/ol>    <figure class=\"wp-block-embed aligncenter is-type-video is-provider-youtube wp-block-embed-youtube wp-embed-aspect-16-9 wp-has-aspect-ratio\"><div class=\"wp-block-embed__wrapper\"> <iframe loading=\"lazy\" title=\"m\u00e1quina de pelado de s\u00e9samo negro\/m\u00e1quina de limpieza de s\u00e9samo\/proceso de limpieza de semillas de s\u00e9samo\/pelador de s\u00e9samo\" width=\"500\" height=\"281\" src=\"https:\/\/www.youtube.com\/embed\/nry_H53-UTE?feature=oembed\" frameborder=\"0\" allow=\"accelerometer; autoplay; clipboard-write; encrypted-media; gyroscope; picture-in-picture; web-share\" referrerpolicy=\"strict-origin-when-cross-origin\" allowfullscreen><\/iframe> <\/div><figcaption class=\"wp-element-caption\">video de trabajo de una m\u00e1quina de pelado de semillas de s\u00e9samo<\/figcaption><\/figure>    <p>Las semillas de s\u00e9samo no necesitan ser peladas al moler salsa y exprimir aceite, y cuando se usan en la industria alimentaria deben ser peladas.<\/p>    <h2 class=\"wp-block-heading\">Par\u00e1metros t\u00e9cnicos de la m\u00e1quina de descascarado de s\u00e9samo<\/h2>    <figure class=\"wp-block-table is-style-stripes\"><table class=\"has-fixed-layout\"><tbody><tr><td>Nombre de la m\u00e1quina<\/td><td>M\u00e1quina de descascarado de s\u00e9samo<\/td><\/tr><tr><td>Potencia<\/td><td>Motor de descascarado 2.2kw<br>Motor de separaci\u00f3n 1.5 kw<\/td><\/tr><tr><td>Capacidad<\/td><td>400-500kg\/h<br>30-50kg\/barril<\/td><\/tr><tr><td>Tasa de descascarado<\/td><td>80%-85%<\/td><\/tr><tr><td>Peso<\/td><td>500kg<\/td><\/tr><tr><td>Tama\u00f1o<\/td><td>1400*700*2000mm<\/td><\/tr><tr><td>Material de la m\u00e1quina<\/td><td>Fabricado en acero inoxidable<\/td><\/tr><\/tbody><\/table><figcaption class=\"wp-element-caption\">Informaci\u00f3n detallada de par\u00e1metros de la m\u00e1quina de pelado de semillas de s\u00e9samo<\/figcaption><\/figure>    <h2 class=\"wp-block-heading\" id=\"h-the-purpose-of-peeling-sesame\"><a href=\"https:\/\/www.agriculture-machine.com\/es\/why-sesame-seeds-need-to-peel\/\">Prop\u00f3sito del pelado de s\u00e9samo<\/a><\/h2>    <p>El s\u00e9samo puede no ser pelado en la producci\u00f3n general de aceite, pero si se consume directamente o se usa para procesamiento adicional, el pelado es especialmente importante. Las razones son las siguientes:<\/p>    <ul class=\"wp-block-list\"> <li>La c\u00e1scara exterior de las semillas de s\u00e9samo contiene fibra alta y oxalato (aproximadamente 2%-3% de oxalato de calcio), que no son f\u00e1cilmente absorbidos por el cuerpo.<\/li>    <li>Las semillas de s\u00e9samo peladas son m\u00e1s f\u00e1ciles de digerir y absorber por el cuerpo, con mayor aprovechamiento de prote\u00ednas y minerales.<\/li>    <li>Las semillas de s\u00e9samo peladas son de color blanco, textura fina, mejor sabor y m\u00e1s adecuadas para salsa de s\u00e9samo, pasta de s\u00e9samo, pasteles y otros productos alimenticios.<\/li> <\/ul>    <h2 class=\"wp-block-heading\" id=\"h-the-wide-application-of-peeled-sesame\"><a href=\"https:\/\/www.agriculture-machine.com\/es\/sesame-seeds-peeling-machine-are-widely-used-in-food-processing\/\">Amplia aplicaci\u00f3n del s\u00e9samo pelado<\/a><\/h2>    <p>El s\u00e9samo pelado tiene una amplia gama de aplicaciones, principalmente en industrias relacionadas con alimentos y catering. Como pan, hamburguesas, galletas, Shaqima, tahini, aceite de s\u00e9samo, pasteles de harina, etc.<\/p>    <figure class=\"wp-block-image aligncenter size-full wp-image-7981\"><img loading=\"lazy\" decoding=\"async\" width=\"720\" height=\"540\" src=\"https:\/\/www.agriculture-machine.com\/wp-content\/uploads\/2020\/11\/The-Application-of-peeled-sesame.jpg\" alt=\"La aplicaci\u00f3n del s\u00e9samo pelado\" class=\"wp-image-7981\" srcset=\"https:\/\/www.agriculture-machine.com\/wp-content\/uploads\/2020\/11\/The-Application-of-peeled-sesame.jpg 720w, https:\/\/www.agriculture-machine.com\/wp-content\/uploads\/2020\/11\/The-Application-of-peeled-sesame-360x270.jpg 360w, https:\/\/www.agriculture-machine.com\/wp-content\/uploads\/2020\/11\/The-Application-of-peeled-sesame-240x180.jpg 240w\" sizes=\"auto, (max-width: 720px) 100vw, 720px\" \/><figcaption class=\"wp-element-caption\">La aplicaci\u00f3n del s\u00e9samo pelado<\/figcaption><\/figure>    <h2 class=\"wp-block-heading\" id=\"h-installation-and-maintenance-of-the-sesame-seed-peeling-machine\">Instalaci\u00f3n y mantenimiento de la m\u00e1quina de descascarado de s\u00e9samo<\/h2>    <p class=\"translation-block\"><strong>Requisitos de instalaci\u00f3n:<\/strong><\/p>    <ul class=\"wp-block-list\"> <li>Para la instalaci\u00f3n inicial, la m\u00e1quina de pelado de semillas de s\u00e9samo debe estar cerca de una fuente de agua, una fuente de energ\u00eda y contar con buenas instalaciones de drenaje.<\/li>    <li>Conecte la tuber\u00eda de entrada al fuente de agua. Si la presi\u00f3n del agua no es suficiente, debe estar equipado con una bomba de refuerzo.<\/li>    <li>Despu\u00e9s de conectar la fuente de alimentaci\u00f3n, verifique si el equipo funciona normalmente.<\/li> <\/ul>    <p class=\"translation-block\"><strong>Mantenimiento diario:<\/strong><\/p>    <ul class=\"wp-block-list\"> <li>Limpie los residuos de la m\u00e1quina de pelado de semillas de s\u00e9samo despu\u00e9s de cada uso y mantenga el cuerpo de la m\u00e1quina ordenado.<\/li>    <li>Enjuague la superficie de la pantalla de separaci\u00f3n con agua, si hay obstrucciones, use una pistola de agua a alta presi\u00f3n para enjuagar.<\/li>    <li>El reductor de velocidad necesita cambiar el aceite lubricante regularmente para garantizar un funcionamiento suave.<\/li>    <li>Verifique regularmente si las piezas est\u00e1n desgastadas y reemplace los consumibles (como cuchillas, mallas, etc.) a tiempo.<\/li> <\/ul>    <figure class=\"wp-block-gallery has-nested-images columns-default is-cropped wp-block-gallery-4 is-layout-flex wp-block-gallery-is-layout-flex\"> <figure class=\"wp-block-image size-large\"><img loading=\"lazy\" decoding=\"async\" width=\"720\" height=\"540\" data-id=\"16411\" src=\"https:\/\/www.agriculture-machine.com\/wp-content\/uploads\/2020\/11\/sesame-seed-washer-and-peeler.webp\" alt=\"Lavadora y peladora de semillas de s\u00e9samo\" class=\"wp-image-16411\" srcset=\"https:\/\/www.agriculture-machine.com\/wp-content\/uploads\/2020\/11\/sesame-seed-washer-and-peeler.webp 720w, https:\/\/www.agriculture-machine.com\/wp-content\/uploads\/2020\/11\/sesame-seed-washer-and-peeler-360x270.webp 360w, https:\/\/www.agriculture-machine.com\/wp-content\/uploads\/2020\/11\/sesame-seed-washer-and-peeler-240x180.webp 240w, https:\/\/www.agriculture-machine.com\/wp-content\/uploads\/2020\/11\/sesame-seed-washer-and-peeler-16x12.webp 16w\" sizes=\"auto, (max-width: 720px) 100vw, 720px\" \/><figcaption class=\"wp-element-caption\">Lavadora y peladora de semillas de s\u00e9samo<\/figcaption><\/figure>    <figure class=\"wp-block-image size-full\"><img loading=\"lazy\" decoding=\"async\" width=\"720\" height=\"540\" data-id=\"16412\" src=\"https:\/\/www.agriculture-machine.com\/wp-content\/uploads\/2020\/11\/sesame-washing-and-peeling-machine.webp\" alt=\"m\u00e1quina de lavado y pelado de s\u00e9samo\" class=\"wp-image-16412\" srcset=\"https:\/\/www.agriculture-machine.com\/wp-content\/uploads\/2020\/11\/sesame-washing-and-peeling-machine.webp 720w, https:\/\/www.agriculture-machine.com\/wp-content\/uploads\/2020\/11\/sesame-washing-and-peeling-machine-360x270.webp 360w, https:\/\/www.agriculture-machine.com\/wp-content\/uploads\/2020\/11\/sesame-washing-and-peeling-machine-240x180.webp 240w, https:\/\/www.agriculture-machine.com\/wp-content\/uploads\/2020\/11\/sesame-washing-and-peeling-machine-16x12.webp 16w\" sizes=\"auto, (max-width: 720px) 100vw, 720px\" \/><figcaption class=\"wp-element-caption\">m\u00e1quina de lavado y pelado de s\u00e9samo<\/figcaption><\/figure> <\/figure>    <h2 class=\"wp-block-heading\" id=\"h-other-applications-of-sesame-cleaning-and-peeling-machine\">Otras aplicaciones de la m\u00e1quina de limpieza y pelado de s\u00e9samo<\/h2>    <p>Una m\u00e1quina de pelado de semillas de s\u00e9samo tambi\u00e9n puede usarse para pelar semillas de calabaza. El principio del pelado de calabaza es el mismo que el del pelado de s\u00e9samo, y se usa la misma m\u00e1quina. <\/p>    <p>It&#8217;s just that different people will call different names. Some people will specifically call him a pumpkin seeds dehulling machine. So let&#8217;s take a look at how the pumpkin is peeled, and the effect of peeling.<\/p>    <figure class=\"wp-block-embed aligncenter is-type-video is-provider-youtube wp-block-embed-youtube wp-embed-aspect-16-9 wp-has-aspect-ratio\"><div class=\"wp-block-embed__wrapper\"> <iframe loading=\"lazy\" title=\"Pelado de semillas de calabaza\/ m\u00e1quina de descascarado de semillas de calabaza\/ c\u00f3mo pelar semillas de calabaza.\" width=\"500\" height=\"281\" src=\"https:\/\/www.youtube.com\/embed\/0y8TtwI3woc?feature=oembed\" frameborder=\"0\" allow=\"accelerometer; autoplay; clipboard-write; encrypted-media; gyroscope; picture-in-picture; web-share\" referrerpolicy=\"strict-origin-when-cross-origin\" allowfullscreen><\/iframe> <\/div><\/figure>    <h2 class=\"wp-block-heading\">M\u00e1quina de pelado de s\u00e9samo vendida a Tanzania<\/h2>    <p>Uno de nuestros clientes proviene de Tanzania. Opera una planta de procesamiento de s\u00e9samo, que vende semillas de s\u00e9samo descascaradas a varios procesadores de alimentos.<\/p>    <p>Seg\u00fan sus necesidades de capacidad, sugerimos 5 conjuntos de la m\u00e1quina de pelado de semillas de s\u00e9samo para trabajar simult\u00e1neamente. A continuaci\u00f3n, fotos de embalaje y env\u00edo.<\/p>    <figure class=\"wp-block-gallery has-nested-images columns-2 is-cropped wp-block-gallery-5 is-layout-flex wp-block-gallery-is-layout-flex\"> <figure class=\"wp-block-image size-large\"><img loading=\"lazy\" decoding=\"async\" width=\"720\" height=\"540\" data-id=\"12961\" src=\"https:\/\/www.agriculture-machine.com\/wp-content\/uploads\/2022\/04\/high-quality-sesame-peeling-machine0.jpg\" alt=\"M\u00e1quina de pelado de s\u00e9samo de alta calidad\" class=\"wp-image-12961\" title=\"M\u00e1quina de pelado de s\u00e9samo de alta calidad\" srcset=\"https:\/\/www.agriculture-machine.com\/wp-content\/uploads\/2022\/04\/high-quality-sesame-peeling-machine0.jpg 720w, https:\/\/www.agriculture-machine.com\/wp-content\/uploads\/2022\/04\/high-quality-sesame-peeling-machine0-360x270.jpg 360w, https:\/\/www.agriculture-machine.com\/wp-content\/uploads\/2022\/04\/high-quality-sesame-peeling-machine0-240x180.jpg 240w\" sizes=\"auto, (max-width: 720px) 100vw, 720px\" \/><figcaption class=\"wp-element-caption\">M\u00e1quina de pelado de s\u00e9samo de alta calidad<\/figcaption><\/figure>    <figure class=\"wp-block-image size-large\"><img loading=\"lazy\" decoding=\"async\" width=\"720\" height=\"540\" data-id=\"12962\" src=\"https:\/\/www.agriculture-machine.com\/wp-content\/uploads\/2022\/04\/packing-of-the-sesame-peeling-machine0.jpg\" alt=\"embalaje de la m\u00e1quina de pelado de s\u00e9samo\" class=\"wp-image-12962\" title=\"embalaje de la m\u00e1quina de pelado de s\u00e9samo\" srcset=\"https:\/\/www.agriculture-machine.com\/wp-content\/uploads\/2022\/04\/packing-of-the-sesame-peeling-machine0.jpg 720w, https:\/\/www.agriculture-machine.com\/wp-content\/uploads\/2022\/04\/packing-of-the-sesame-peeling-machine0-360x270.jpg 360w, https:\/\/www.agriculture-machine.com\/wp-content\/uploads\/2022\/04\/packing-of-the-sesame-peeling-machine0-240x180.jpg 240w\" sizes=\"auto, (max-width: 720px) 100vw, 720px\" \/><figcaption class=\"wp-element-caption\">embalaje de la m\u00e1quina de pelado de s\u00e9samo<\/figcaption><\/figure>    <figure class=\"wp-block-image size-large\"><img loading=\"lazy\" decoding=\"async\" width=\"720\" height=\"540\" data-id=\"12963\" src=\"https:\/\/www.agriculture-machine.com\/wp-content\/uploads\/2022\/04\/wooden-case-packing-of-sesame-peeler1.jpg\" alt=\"Empaque en caja de madera del descascarador de s\u00e9samo\" class=\"wp-image-12963\" title=\"Empaque en caja de madera del descascarador de s\u00e9samo\" srcset=\"https:\/\/www.agriculture-machine.com\/wp-content\/uploads\/2022\/04\/wooden-case-packing-of-sesame-peeler1.jpg 720w, https:\/\/www.agriculture-machine.com\/wp-content\/uploads\/2022\/04\/wooden-case-packing-of-sesame-peeler1-360x270.jpg 360w, https:\/\/www.agriculture-machine.com\/wp-content\/uploads\/2022\/04\/wooden-case-packing-of-sesame-peeler1-240x180.jpg 240w\" sizes=\"auto, (max-width: 720px) 100vw, 720px\" \/><figcaption class=\"wp-element-caption\">Empaque en caja de madera del descascarador de s\u00e9samo<\/figcaption><\/figure>    <figure class=\"wp-block-image size-large\"><img loading=\"lazy\" decoding=\"async\" width=\"720\" height=\"540\" data-id=\"12965\" src=\"https:\/\/www.agriculture-machine.com\/wp-content\/uploads\/2022\/04\/shipping-of-sesame-seed-washing-peeling-machine-tuya_720_540.jpg\" alt=\"Env\u00edo de m\u00e1quina de lavado y pelado de semillas de s\u00e9samo \" class=\"wp-image-12965\" title=\"Env\u00edo de m\u00e1quina de lavado y pelado de semillas de s\u00e9samo \" srcset=\"https:\/\/www.agriculture-machine.com\/wp-content\/uploads\/2022\/04\/shipping-of-sesame-seed-washing-peeling-machine-tuya_720_540.jpg 720w, https:\/\/www.agriculture-machine.com\/wp-content\/uploads\/2022\/04\/shipping-of-sesame-seed-washing-peeling-machine-tuya_720_540-360x270.jpg 360w, https:\/\/www.agriculture-machine.com\/wp-content\/uploads\/2022\/04\/shipping-of-sesame-seed-washing-peeling-machine-tuya_720_540-240x180.jpg 240w\" sizes=\"auto, (max-width: 720px) 100vw, 720px\" \/><figcaption class=\"wp-element-caption\">Env\u00edo de m\u00e1quina de lavado y pelado de semillas de s\u00e9samo<\/figcaption><\/figure> <\/figure>    <p>Si tiene alguna pregunta o necesita sobre esta m\u00e1quina de pelado de semillas de s\u00e9samo, no dude en contactarnos. Prometemos responder r\u00e1pidamente y responder pacientemente a todas sus preguntas, y estamos dedicados a brindarle soporte y servicio profesional. \u00a1Esperamos colaborar con usted!<\/p>","protected":false},"excerpt":{"rendered":"<p>La m\u00e1quina de lavado y pelado de s\u00e9samo es un equipo profesional en el proceso de pelado de s\u00e9samo. Y su principal prop\u00f3sito es remojar, pelar y separar la c\u00e1scara y el n\u00facleo. <\/p>","protected":false},"author":1,"featured_media":12934,"parent":0,"comment_status":"closed","ping_status":"closed","template":"","tags":[788,785],"product-type":[874,903],"class_list":["post-7979","product","type-product","status-publish","has-post-thumbnail","hentry","tag-pumpkin-seed","tag-sesame","product-type-grains-peeling-machine","product-type-sesame-washing-and-peeling-machine"],"_links":{"self":[{"href":"https:\/\/www.agriculture-machine.com\/es\/wp-json\/wp\/v2\/product\/7979","targetHints":{"allow":["GET"]}}],"collection":[{"href":"https:\/\/www.agriculture-machine.com\/es\/wp-json\/wp\/v2\/product"}],"about":[{"href":"https:\/\/www.agriculture-machine.com\/es\/wp-json\/wp\/v2\/types\/product"}],"author":[{"embeddable":true,"href":"https:\/\/www.agriculture-machine.com\/es\/wp-json\/wp\/v2\/users\/1"}],"replies":[{"embeddable":true,"href":"https:\/\/www.agriculture-machine.com\/es\/wp-json\/wp\/v2\/comments?post=7979"}],"wp:featuredmedia":[{"embeddable":true,"href":"https:\/\/www.agriculture-machine.com\/es\/wp-json\/wp\/v2\/media\/12934"}],"wp:attachment":[{"href":"https:\/\/www.agriculture-machine.com\/es\/wp-json\/wp\/v2\/media?parent=7979"}],"wp:term":[{"taxonomy":"post_tag","embeddable":true,"href":"https:\/\/www.agriculture-machine.com\/es\/wp-json\/wp\/v2\/tags?post=7979"},{"taxonomy":"product-type","embeddable":true,"href":"https:\/\/www.agriculture-machine.com\/es\/wp-json\/wp\/v2\/product-type?post=7979"}],"curies":[{"name":"wp","href":"https:\/\/api.w.org\/{rel}","templated":true}]}}