{"id":7987,"date":"2020-11-06T16:25:30","date_gmt":"2020-11-06T08:25:30","guid":{"rendered":"https:\/\/www.agriculture-machine.com\/?p=7987"},"modified":"2025-04-14T16:45:48","modified_gmt":"2025-04-14T08:45:48","slug":"rice-nursery-seedling-machine","status":"publish","type":"product","link":"https:\/\/www.agriculture-machine.com\/es\/rice-nursery-seedling-machine\/","title":{"rendered":"M\u00e1quina autom\u00e1tica de siembra de pl\u00e1ntulas de arroz en campo de arroz"},"content":{"rendered":"<p>La m\u00e1quina de pl\u00e1ntulas de arroz totalmente autom\u00e1tica integra extendido de suelo autom\u00e1tico, siembra, riego por aspersi\u00f3n, cobertura de tierra, etc. Puede completar todos los procedimientos de siembra en una sola operaci\u00f3n. El uso de esta sembradora de pl\u00e1ntulas de arroz mejora en gran medida la precisi\u00f3n de la siembra en lotes peque\u00f1os. Ahorra un 20% en tasa de siembra vac\u00eda en comparaci\u00f3n con la siembra manual.<\/p>    <p>Al mismo tiempo, la m\u00e1quina tiene un buen efecto en las pl\u00e1ntulas, aumentando la producci\u00f3n y ahorrando costos. La l\u00ednea de cultivo de budas de disco tiene las caracter\u00edsticas de delgado, ordenado y fuerte. La m\u00e1quina puede usar discos duros de pl\u00e1stico y discos flexibles, y su eficiencia es de m\u00e1s de 900 discos por hora.<\/p>    <figure class=\"wp-block-embed aligncenter is-type-video is-provider-youtube wp-block-embed-youtube wp-embed-aspect-16-9 wp-has-aspect-ratio\"><div class=\"wp-block-embed__wrapper\"> <iframe loading=\"lazy\" title=\"M\u00e1quina autom\u00e1tica de siembra de vivero de arroz \/ L\u00ednea completa de vivero de arroz a bajo precio \/ M\u00e1quina de pl\u00e1ntulas de arroz \/\" width=\"500\" height=\"281\" src=\"https:\/\/www.youtube.com\/embed\/XYGRaffTC6I?feature=oembed\" frameborder=\"0\" allow=\"accelerometer; autoplay; clipboard-write; encrypted-media; gyroscope; picture-in-picture; web-share\" referrerpolicy=\"strict-origin-when-cross-origin\" allowfullscreen><\/iframe> <\/div><figcaption class=\"wp-element-caption\">Video del principio de funcionamiento de la m\u00e1quina de pl\u00e1ntulas de arroz<\/figcaption><\/figure>    <p class=\"translation-block\">El medidor de sembradora en espiral cumple con las necesidades de siembra de precisi\u00f3n. Puede realizar la cantidad ajustable de semillas y mejorar la uniformidad. Esta sembradora de arroz utiliza los campos t\u00e9cnicos clave de la industria de pl\u00e1ntulas de trasplante para <a href=\"https:\/\/www.agriculture-machine.com\/es\/the-advantages-of-rice-nursery-seedlings-and-rice-transplanting\/\">mejorar la tecnolog\u00eda autom\u00e1tica<\/a>.<\/p>    <figure class=\"wp-block-image aligncenter size-full\"><img loading=\"lazy\" decoding=\"async\" width=\"720\" height=\"540\" src=\"https:\/\/www.agriculture-machine.com\/wp-content\/uploads\/2022\/05\/Rice-Nursery-Seedling-Machine-.jpg\" alt=\"M\u00e1quina de pl\u00e1ntulas de arroz\" class=\"wp-image-13579\" title=\"M\u00e1quina de pl\u00e1ntulas de arroz\" srcset=\"https:\/\/www.agriculture-machine.com\/wp-content\/uploads\/2022\/05\/Rice-Nursery-Seedling-Machine-.jpg 720w, https:\/\/www.agriculture-machine.com\/wp-content\/uploads\/2022\/05\/Rice-Nursery-Seedling-Machine--360x270.jpg 360w, https:\/\/www.agriculture-machine.com\/wp-content\/uploads\/2022\/05\/Rice-Nursery-Seedling-Machine--240x180.jpg 240w\" sizes=\"auto, (max-width: 720px) 100vw, 720px\" \/><figcaption class=\"wp-element-caption\">M\u00e1quina de pl\u00e1ntulas de arroz<\/figcaption><\/figure>    <h2 class=\"wp-block-heading\" id=\"h-the-structure-of-the-rice-seedling-machine\">Estructura de la m\u00e1quina de pl\u00e1ntulas de arroz<\/h2>    <p>La m\u00e1quina completa de pl\u00e1ntulas de arroz puede incluir un dispositivo de bandeja de pl\u00e1ntulas colgante, dispositivo de cubierta de la placa de pl\u00e1ntulas, cepillo giratorio de suelo, configuraci\u00f3n de aspersi\u00f3n, embudo de semillas, embudo auxiliar de cobertura de tierra, cepillo de remoci\u00f3n de cobertura de tierra, m\u00e1quina de recolecci\u00f3n de placas, etc.<\/p>    <figure class=\"wp-block-image aligncenter size-full\"><img loading=\"lazy\" decoding=\"async\" width=\"720\" height=\"540\" src=\"https:\/\/www.agriculture-machine.com\/wp-content\/uploads\/2022\/05\/rice-seedling-machine-.jpg\" alt=\"Estructura de la m\u00e1quina de pl\u00e1ntulas de arroz \" class=\"wp-image-13581\" title=\"Estructura de la m\u00e1quina de pl\u00e1ntulas de arroz \" srcset=\"https:\/\/www.agriculture-machine.com\/wp-content\/uploads\/2022\/05\/rice-seedling-machine-.jpg 720w, https:\/\/www.agriculture-machine.com\/wp-content\/uploads\/2022\/05\/rice-seedling-machine--360x270.jpg 360w, https:\/\/www.agriculture-machine.com\/wp-content\/uploads\/2022\/05\/rice-seedling-machine--240x180.jpg 240w\" sizes=\"auto, (max-width: 720px) 100vw, 720px\" \/><figcaption class=\"wp-element-caption\">Estructura de la m\u00e1quina de pl\u00e1ntulas de arroz <\/figcaption><\/figure>    <h2 class=\"wp-block-heading\">Par\u00e1metros t\u00e9cnicos de la m\u00e1quina de siembra de vivero de arroz<\/h2>    <figure class=\"wp-block-table is-style-stripes\"><table><tbody><tr><td>Modelo<strong><\/strong><\/td><td>TZY-280A<strong><\/strong><\/td><\/tr><tr><td>Tama\u00f1o<\/td><td>6830*460*1020mm<strong><\/strong><\/td><\/tr><tr><td>Peso<\/td><td>190kg<strong><\/strong><\/td><\/tr><tr><td>Potencia<\/td><td>240W para entrega<br>120W para siembra<\/td><\/tr><tr><td>Embudo auxiliar de suelo para cama de semillas<\/td><td>45L<strong><\/strong><\/td><\/tr><tr><td>Embudo de semillas<\/td><td>30L<strong><\/strong><\/td><\/tr><tr><td>Cantidad de siembra de arroz h\u00edbrido<\/td><td>95-304.5g\/tray<\/td><\/tr><tr><td>Capacidad<\/td><td>969-1017 bandejas\/hora<\/td><\/tr><tr><td>Grosor del subsuelo<\/td><td>18-25mm<\/td><\/tr><tr><td>Grosor del suelo superficial<\/td><td>3-9mm<\/td><\/tr><\/tbody><\/table><figcaption class=\"wp-element-caption\">Par\u00e1metros de la m\u00e1quina de siembra de vivero de arroz<\/figcaption><\/figure>    <h2 class=\"wp-block-heading\" id=\"h-tips-and-attention-when-use-rice-seedling-machine\">Consejos y precauciones al usar una m\u00e1quina sembradora de arroz<\/h2>    <h3 class=\"wp-block-heading\" id=\"h-tips\">Consejos<\/h3>    <ol class=\"wp-block-list\"> <li>Suelo del lecho de semillas: elija tierra de jard\u00edn vegetal, tierra seca madura o tierra de arroz para el suelo del lecho de semillas. Triture y cuele el suelo. Luego agregue fertilizante biol\u00f3gico o fertilizante especial para arroz.<\/li>    <li>Semillas de arroz: elija variedades de alta calidad, alto rendimiento y resistentes al estr\u00e9s que sean adecuadas para el cultivo local como pl\u00e1ntulas. Antes de la siembra, exponga las semillas al sol durante 1 d\u00eda y luego rem\u00f3jelas con medicinas durante 72 horas para desinfectar las semillas y eliminar g\u00e9rmenes.<\/li>    <li>Preparaci\u00f3n del lecho de semillas: preste atenci\u00f3n a elegir campos de pl\u00e1ntulas que sean convenientes para riego, drenaje y transporte de pl\u00e1ntulas, y f\u00e1ciles de gestionar. Por supuesto, tambi\u00e9n puede optar por usar el marco del lecho de semillas, que tiene un sistema de aspersi\u00f3n de agua, y es m\u00e1s conveniente.<\/li>    <li>Preste atenci\u00f3n a la cantidad de siembra: generalmente, una bandeja de pl\u00e1ntulas usa una taza de papel de semillas para sembrar. La siembra debe ser precisa, uniforme, no pesada y sin fugas. La m\u00e1quina autom\u00e1tica de cultivo de pl\u00e1ntulas puede realizar una siembra precisa.<\/li> <\/ol>    <figure class=\"wp-block-gallery has-nested-images columns-default is-cropped wp-block-gallery-2 is-layout-flex wp-block-gallery-is-layout-flex\"> <figure class=\"wp-block-image size-large\"><img loading=\"lazy\" decoding=\"async\" width=\"720\" height=\"540\" data-id=\"13582\" src=\"https:\/\/www.agriculture-machine.com\/wp-content\/uploads\/2022\/05\/Rice-Nursery-Sowing-Machine-.jpg\" alt=\"M\u00e1quina de siembra de vivero de arroz\" class=\"wp-image-13582\" title=\"M\u00e1quina de siembra de vivero de arroz\" srcset=\"https:\/\/www.agriculture-machine.com\/wp-content\/uploads\/2022\/05\/Rice-Nursery-Sowing-Machine-.jpg 720w, https:\/\/www.agriculture-machine.com\/wp-content\/uploads\/2022\/05\/Rice-Nursery-Sowing-Machine--360x270.jpg 360w, https:\/\/www.agriculture-machine.com\/wp-content\/uploads\/2022\/05\/Rice-Nursery-Sowing-Machine--240x180.jpg 240w\" sizes=\"auto, (max-width: 720px) 100vw, 720px\" \/><figcaption class=\"wp-element-caption\">M\u00e1quina de siembra de vivero de arroz<\/figcaption><\/figure>    <figure class=\"wp-block-image size-large\"><img loading=\"lazy\" decoding=\"async\" width=\"720\" height=\"540\" data-id=\"13583\" src=\"https:\/\/www.agriculture-machine.com\/wp-content\/uploads\/2022\/05\/factory-.jpg\" alt=\"F\u00e1brica\" class=\"wp-image-13583\" title=\"F\u00e1brica\" srcset=\"https:\/\/www.agriculture-machine.com\/wp-content\/uploads\/2022\/05\/factory-.jpg 720w, https:\/\/www.agriculture-machine.com\/wp-content\/uploads\/2022\/05\/factory--360x270.jpg 360w, https:\/\/www.agriculture-machine.com\/wp-content\/uploads\/2022\/05\/factory--240x180.jpg 240w\" sizes=\"auto, (max-width: 720px) 100vw, 720px\" \/><figcaption class=\"wp-element-caption\">F\u00e1brica<\/figcaption><\/figure> <\/figure>    <h3 class=\"wp-block-heading\" id=\"h-attentions\">Atenci\u00f3n<\/h3>    <ol class=\"wp-block-list\"> <li>Al cubrir el suelo, preste atenci\u00f3n al grosor del suelo de cobertura, que generalmente es de aproximadamente 0.3 cm a 0.5 cm, y es mejor no ver las semillas de arroz.<\/li>    <li>Preste atenci\u00f3n a la conservaci\u00f3n del calor y la humedad durante el per\u00edodo de emergencia de las pl\u00e1ntulas. Generalmente, debemos controlar la temperatura en 30\u00b0C. Y cuando supera los 35\u00b0C, se debe ventilar y enfriar. Y debemos mantener la humedad por encima del 80%, y drenar el agua a tiempo en caso de lluvias intensas para evitar acumulaci\u00f3n de agua en el lecho de semillas.<\/li>    <li>Gesti\u00f3n de fertilizantes y agua. Preste atenci\u00f3n a primero humedecer y luego secar. Antes de que las pl\u00e1ntulas tengan solo tres hojas, el suelo o el suelo del vivero est\u00e1 h\u00famedo. Controle el agua antes del trasplante para promover ra\u00edces sanas. Aplique fertilizante a tiempo seg\u00fan la situaci\u00f3n de las pl\u00e1ntulas. Al fertilizar, debemos regar con agua para evitar la aplicaci\u00f3n directa de fertilizante seco.<\/li>    <li>La prevenci\u00f3n es lo primero y combina la prevenci\u00f3n y el control. Al mismo tiempo, retire frecuentemente las pl\u00e1ntulas malas y las malezas para garantizar la pureza.<\/li> <\/ol>    <h2 class=\"wp-block-heading\">M\u00e1quina de pl\u00e1ntulas de vivero de arroz econ\u00f3mica 2BZP-800<\/h2>    <p>En el caso del equipo de vivero de arroz tradicional, que generalmente se caracteriza por un alto precio y operaci\u00f3n complicada, la m\u00e1quina de pl\u00e1ntulas de vivero 2BZP-800 ofrece una soluci\u00f3n rentable y pr\u00e1ctica para peque\u00f1os y medianos agricultores con el n\u00facleo de \"bajo inversi\u00f3n y alto retorno\". A continuaci\u00f3n, las ventajas principales.<\/p>    <figure class=\"wp-block-gallery has-nested-images columns-2 is-cropped wp-block-gallery-3 is-layout-flex wp-block-gallery-is-layout-flex\"> <figure class=\"wp-block-image size-large\"><img loading=\"lazy\" decoding=\"async\" width=\"720\" height=\"540\" data-id=\"16948\" src=\"https:\/\/www.agriculture-machine.com\/wp-content\/uploads\/2020\/11\/rice-nursery-preparation.webp\" alt=\"Preparaci\u00f3n del vivero de arroz\" class=\"wp-image-16948\" srcset=\"https:\/\/www.agriculture-machine.com\/wp-content\/uploads\/2020\/11\/rice-nursery-preparation.webp 720w, https:\/\/www.agriculture-machine.com\/wp-content\/uploads\/2020\/11\/rice-nursery-preparation-360x270.webp 360w, https:\/\/www.agriculture-machine.com\/wp-content\/uploads\/2020\/11\/rice-nursery-preparation-240x180.webp 240w, https:\/\/www.agriculture-machine.com\/wp-content\/uploads\/2020\/11\/rice-nursery-preparation-16x12.webp 16w\" sizes=\"auto, (max-width: 720px) 100vw, 720px\" \/><figcaption class=\"wp-element-caption\">Preparaci\u00f3n del vivero de arroz<\/figcaption><\/figure>    <figure class=\"wp-block-image size-large\"><img loading=\"lazy\" decoding=\"async\" width=\"720\" height=\"540\" data-id=\"16949\" src=\"https:\/\/www.agriculture-machine.com\/wp-content\/uploads\/2020\/11\/rice-planting-machine.webp\" alt=\"M\u00e1quina de plantaci\u00f3n de arroz\" class=\"wp-image-16949\" srcset=\"https:\/\/www.agriculture-machine.com\/wp-content\/uploads\/2020\/11\/rice-planting-machine.webp 720w, https:\/\/www.agriculture-machine.com\/wp-content\/uploads\/2020\/11\/rice-planting-machine-360x270.webp 360w, https:\/\/www.agriculture-machine.com\/wp-content\/uploads\/2020\/11\/rice-planting-machine-240x180.webp 240w, https:\/\/www.agriculture-machine.com\/wp-content\/uploads\/2020\/11\/rice-planting-machine-16x12.webp 16w\" sizes=\"auto, (max-width: 720px) 100vw, 720px\" \/><figcaption class=\"wp-element-caption\">M\u00e1quina de plantaci\u00f3n de arroz<\/figcaption><\/figure>    <figure class=\"wp-block-image size-large\"><img loading=\"lazy\" decoding=\"async\" width=\"720\" height=\"540\" data-id=\"16950\" src=\"https:\/\/www.agriculture-machine.com\/wp-content\/uploads\/2020\/11\/rice-seed-planter.webp\" alt=\"Sembradora de arroz\" class=\"wp-image-16950\" srcset=\"https:\/\/www.agriculture-machine.com\/wp-content\/uploads\/2020\/11\/rice-seed-planter.webp 720w, https:\/\/www.agriculture-machine.com\/wp-content\/uploads\/2020\/11\/rice-seed-planter-360x270.webp 360w, https:\/\/www.agriculture-machine.com\/wp-content\/uploads\/2020\/11\/rice-seed-planter-240x180.webp 240w, https:\/\/www.agriculture-machine.com\/wp-content\/uploads\/2020\/11\/rice-seed-planter-16x12.webp 16w\" sizes=\"auto, (max-width: 720px) 100vw, 720px\" \/><figcaption class=\"wp-element-caption\">Sembradora de arroz<\/figcaption><\/figure>    <figure class=\"wp-block-image size-large\"><img loading=\"lazy\" decoding=\"async\" width=\"720\" height=\"540\" data-id=\"16947\" src=\"https:\/\/www.agriculture-machine.com\/wp-content\/uploads\/2020\/11\/paddy-nursery-machine.webp\" alt=\"M\u00e1quina de vivero de arroz\" class=\"wp-image-16947\" srcset=\"https:\/\/www.agriculture-machine.com\/wp-content\/uploads\/2020\/11\/paddy-nursery-machine.webp 720w, https:\/\/www.agriculture-machine.com\/wp-content\/uploads\/2020\/11\/paddy-nursery-machine-360x270.webp 360w, https:\/\/www.agriculture-machine.com\/wp-content\/uploads\/2020\/11\/paddy-nursery-machine-240x180.webp 240w, https:\/\/www.agriculture-machine.com\/wp-content\/uploads\/2020\/11\/paddy-nursery-machine-16x12.webp 16w\" sizes=\"auto, (max-width: 720px) 100vw, 720px\" \/><figcaption class=\"wp-element-caption\">M\u00e1quina de vivero de arroz<\/figcaption><\/figure> <\/figure>    <ul class=\"wp-block-list\"> <li>Dise\u00f1ada para peque\u00f1os y medianos agricultores, el precio es solo el 60%-70% de productos similares. La precisi\u00f3n de siembra es estable en \u00b13% del est\u00e1ndar de la industria, con sembradora de rodillo de ranura, para garantizar que la cantidad de semillas por bandeja est\u00e9 controlada con precisi\u00f3n en 50-150g (ajustable).<\/li>    <li>La m\u00e1quina completa mide solo 3450\u00d7500\u00d71010mm y pesa 124kg, adapt\u00e1ndose f\u00e1cilmente a espacios estrechos como invernaderos y campos.<\/li>    <li>Equipado con un extendido de suelo de gran capacidad de 35L y caja de mulching, la carga \u00fanica puede trabajar continuamente en m\u00e1s de 200 bandejas, lo que reduce el tiempo de rellenado repetido.<\/li>    <li>Integrating the whole process of \u201csoil spreading &#8211; watering &#8211; seeding &#8211; mulching\u201d, the single machine completes the work of the traditional 4 sets of equipment.<\/li>    <li>El extendido de suelo y el mulching utilizan estructura de rueda y banda, con una velocidad ajustable de 0.025-0.125m\/s, puede manejar 500 bandejas en 30 minutos, y la eficiencia aumenta en m\u00e1s del 50%.<\/li>    <li>La potencia total de toda la m\u00e1quina es solo 260W (el modelo tradicional es m\u00e1s de 500W), y los tres motores de extendido de suelo, siembra y mulching se accionan de forma independiente, y el consumo de energ\u00eda es menor a 1 yuan por d\u00eda.<\/li>    <li>Dise\u00f1o modular de componentes clave, caja de siembra, cinta transportadora y otras piezas de desgaste para soportar el desmontaje y reemplazo r\u00e1pidos, sin necesidad de personal de mantenimiento profesional.<\/li> <\/ul>    <figure class=\"wp-block-embed aligncenter is-type-video is-provider-youtube wp-block-embed-youtube wp-embed-aspect-16-9 wp-has-aspect-ratio\"><div class=\"wp-block-embed__wrapper\"> <iframe loading=\"lazy\" title=\"M\u00e1quina avanzada de pl\u00e1ntulas - Revolucionando la agricultura moderna#siembra #semillas #sembradora #m\u00e1quina de pl\u00e1ntulas\" width=\"500\" height=\"281\" src=\"https:\/\/www.youtube.com\/embed\/CPCIYYsPubk?feature=oembed\" frameborder=\"0\" allow=\"accelerometer; autoplay; clipboard-write; encrypted-media; gyroscope; picture-in-picture; web-share\" referrerpolicy=\"strict-origin-when-cross-origin\" allowfullscreen><\/iframe> <\/div><figcaption class=\"wp-element-caption\">Video de funcionamiento de la m\u00e1quina de pl\u00e1ntulas de arroz<\/figcaption><\/figure>    <h2 class=\"wp-block-heading\" id=\"h-rice-seedling-machine-match-with-rice-transplanting-machine\">La sembradora de vivero de arroz se combina con <a href=\"https:\/\/www.agriculture-machine.com\/es\/technology-and-characteristcs-of-the-rice-transplanter-machine\/\">M\u00e1quina de trasplante de arroz<\/a><\/h2>    <p class=\"translation-block\">Despu\u00e9s de completar las pl\u00e1ntulas de arroz, se necesita usar la <a href=\"https:\/\/www.agriculture-machine.com\/es\/walk-behind-rice-transplanter-rice-planting-machine\/\"><strong>m\u00e1quina trasplantadora de arroz<\/strong><\/a> para trasplantar.<\/p>    <p>A continuaci\u00f3n, la trasplantadora de arroz de arrastre.<\/p>    <figure class=\"wp-block-image aligncenter size-full\"><img loading=\"lazy\" decoding=\"async\" width=\"720\" height=\"540\" src=\"https:\/\/www.agriculture-machine.com\/wp-content\/uploads\/2022\/05\/paddy-transplanter-1.jpg\" alt=\"Transplantadora de arroz en campo de arroz\" class=\"wp-image-13569\" title=\"Transplantadora de arroz en campo de arroz\" srcset=\"https:\/\/www.agriculture-machine.com\/wp-content\/uploads\/2022\/05\/paddy-transplanter-1.jpg 720w, https:\/\/www.agriculture-machine.com\/wp-content\/uploads\/2022\/05\/paddy-transplanter-1-360x270.jpg 360w, https:\/\/www.agriculture-machine.com\/wp-content\/uploads\/2022\/05\/paddy-transplanter-1-240x180.jpg 240w\" sizes=\"auto, (max-width: 720px) 100vw, 720px\" \/><figcaption class=\"wp-element-caption\">Transplantadora de arroz en campo de arroz<\/figcaption><\/figure>    <h2 class=\"wp-block-heading\" id=\"h-operation-video-of-rice-transplanter\">Video de operaci\u00f3n de la m\u00e1quina trasplantadora de arroz<\/h2>    <p>Podemos personalizar una trasplantadora de arroz de 2, 4, 6 u 8 filas seg\u00fan su m\u00e1quina de pl\u00e1ntulas de vivero de arroz.<\/p>    <figure class=\"wp-block-embed aligncenter is-type-video is-provider-youtube wp-block-embed-youtube wp-embed-aspect-4-3 wp-has-aspect-ratio\"><div class=\"wp-block-embed__wrapper\"> <iframe loading=\"lazy\" title=\"Top 10 m\u00e1quinas en China, m\u00e1quina trasplantadora de arroz de 8 filas\" width=\"500\" height=\"375\" src=\"https:\/\/www.youtube.com\/embed\/eISgGkH0Tqk?feature=oembed\" frameborder=\"0\" allow=\"accelerometer; autoplay; clipboard-write; encrypted-media; gyroscope; picture-in-picture; web-share\" referrerpolicy=\"strict-origin-when-cross-origin\" allowfullscreen><\/iframe> <\/div><figcaption class=\"wp-element-caption\">Video de trabajo de la m\u00e1quina trasplantadora de arroz<\/figcaption><\/figure>    <h2 class=\"wp-block-heading\">M\u00e1quina de siembra de vivero de arroz enviada a Pakist\u00e1n<\/h2>    <p>El cliente es de Pakist\u00e1n y tiene un invernadero especial para cultivar arroz. Antes utilizaba m\u00e9todos tradicionales de plantaci\u00f3n. Para mejorar la eficiencia, buscaba una m\u00e1quina profesional de pl\u00e1ntulas de vivero de arroz. <\/p>    <p>El cliente quer\u00eda saber m\u00e1s sobre la m\u00e1quina de pl\u00e1ntulas de vivero de arroz leyendo nuestro sitio web. Nuestro gerente de ventas se comunic\u00f3 con el cliente v\u00eda WhatsApp. Y nuestro gerente de ventas respondi\u00f3 r\u00e1pida y profesionalmente a todas las preguntas. Finalmente, el cliente decidi\u00f3 comprar con nosotros.<\/p>    <figure class=\"wp-block-gallery has-nested-images columns-default is-cropped wp-block-gallery-4 is-layout-flex wp-block-gallery-is-layout-flex\"> <figure class=\"wp-block-image size-large\"><img loading=\"lazy\" decoding=\"async\" width=\"720\" height=\"540\" data-id=\"13584\" src=\"https:\/\/www.agriculture-machine.com\/wp-content\/uploads\/2022\/05\/wooden-case-pacakging-of-the-rice-seeder-.jpg\" alt=\"embalaje en caja de madera de la sembradora de arroz\" class=\"wp-image-13584\" title=\"embalaje en caja de madera de la sembradora de arroz\" srcset=\"https:\/\/www.agriculture-machine.com\/wp-content\/uploads\/2022\/05\/wooden-case-pacakging-of-the-rice-seeder-.jpg 720w, https:\/\/www.agriculture-machine.com\/wp-content\/uploads\/2022\/05\/wooden-case-pacakging-of-the-rice-seeder--360x270.jpg 360w, https:\/\/www.agriculture-machine.com\/wp-content\/uploads\/2022\/05\/wooden-case-pacakging-of-the-rice-seeder--240x180.jpg 240w\" sizes=\"auto, (max-width: 720px) 100vw, 720px\" \/><figcaption class=\"wp-element-caption\">embalaje en caja de madera de la sembradora de arroz<\/figcaption><\/figure>    <figure class=\"wp-block-image size-large\"><img loading=\"lazy\" decoding=\"async\" width=\"720\" height=\"540\" data-id=\"13585\" src=\"https:\/\/www.agriculture-machine.com\/wp-content\/uploads\/2022\/05\/paddy-seed-sowing-machine-.jpg\" alt=\"M\u00e1quina de siembra de semillas de arroz en campo de arroz\" class=\"wp-image-13585\" title=\"M\u00e1quina de siembra de semillas de arroz en campo de arroz\" srcset=\"https:\/\/www.agriculture-machine.com\/wp-content\/uploads\/2022\/05\/paddy-seed-sowing-machine-.jpg 720w, https:\/\/www.agriculture-machine.com\/wp-content\/uploads\/2022\/05\/paddy-seed-sowing-machine--360x270.jpg 360w, https:\/\/www.agriculture-machine.com\/wp-content\/uploads\/2022\/05\/paddy-seed-sowing-machine--240x180.jpg 240w\" sizes=\"auto, (max-width: 720px) 100vw, 720px\" \/><figcaption class=\"wp-element-caption\">M\u00e1quina de siembra de semillas de arroz en campo de arroz<\/figcaption><\/figure>    <figure class=\"wp-block-image size-large\"><img loading=\"lazy\" decoding=\"async\" width=\"720\" height=\"540\" data-id=\"13586\" src=\"https:\/\/www.agriculture-machine.com\/wp-content\/uploads\/2022\/05\/shipping-of-the-machine-.jpg\" alt=\"Env\u00edo de la m\u00e1quina.\" class=\"wp-image-13586\" title=\"Env\u00edo de la m\u00e1quina.\" srcset=\"https:\/\/www.agriculture-machine.com\/wp-content\/uploads\/2022\/05\/shipping-of-the-machine-.jpg 720w, https:\/\/www.agriculture-machine.com\/wp-content\/uploads\/2022\/05\/shipping-of-the-machine--360x270.jpg 360w, https:\/\/www.agriculture-machine.com\/wp-content\/uploads\/2022\/05\/shipping-of-the-machine--240x180.jpg 240w\" sizes=\"auto, (max-width: 720px) 100vw, 720px\" \/><figcaption class=\"wp-element-caption\">Env\u00edo de la m\u00e1quina <\/figcaption><\/figure> <\/figure>    <h2 class=\"wp-block-heading\">Preguntas frecuentes sobre la m\u00e1quina de pl\u00e1ntulas de vivero de arroz<\/h2>   <div id=\"rank-math-faq\" class=\"rank-math-block\"> <div class=\"rank-math-list\"> <div id=\"faq-question-1722847379966\" class=\"rank-math-list-item\"> <h3 class=\"rank-math-question\">\u00bfPuede esta sembradora de arroz cultivar otras verduras?<\/h3> <div class=\"rank-math-answer\">  <p class=\"translation-block\">No, esta es una m\u00e1quina de siembra de vivero espec\u00edficamente para arroz. Tenemos una <a href=\"https:\/\/www.agriculture-machine.com\/es\/plug-seedling-machine-seedling-machine-vegetable-seedling-machine\/\">m\u00e1quina de siembra de vegetales<\/a> especial.<\/p>  <\/div> <\/div> <div id=\"faq-question-1722847386025\" class=\"rank-math-list-item\"> <h3 class=\"rank-math-question\">\u00bfA qu\u00e9 pa\u00edses han exportado?<\/h3> <div class=\"rank-math-answer\">  <p class=\"translation-block\">Para ser un fabricante especializado en maquinaria agr\u00edcola, nuestras m\u00e1quinas de pl\u00e1ntulas de arroz <a href=\"https:\/\/www.agriculture-machine.com\/es\/rice-nursery-seedling-machine-sold-to-azerbaijan\/\">han sido exportadas a Azerbaiy\u00e1n<\/a>, Uganda, Kenia, Indonesia, y otros.<\/p>  <\/div> <\/div> <div id=\"faq-question-1722847400185\" class=\"rank-math-list-item\"> <h3 class=\"rank-math-question\">\u00bfQu\u00e9 debo hacer si la m\u00e1quina de pl\u00e1ntulas de vivero de arroz se rompe?<\/h3> <div class=\"rank-math-answer\">  <p>En primer lugar, contamos con una garant\u00eda de un a\u00f1o. En segundo lugar, estaremos equipados con piezas de desgaste y cajas de herramientas. Lo importante es que las m\u00e1quinas que exportamos no ten\u00edan estos problemas.<\/p>  <\/div> <\/div> <\/div> <\/div>","protected":false},"excerpt":{"rendered":"<p>La m\u00e1quina de pl\u00e1ntulas de vivero de arroz est\u00e1 especialmente dise\u00f1ada para criar pl\u00e1ntulas de arroz, logrando producci\u00f3n mecanizada. Combinada con la trasplantadora de arroz puede aumentar el rendimiento.<\/p>","protected":false},"author":1,"featured_media":13588,"parent":0,"comment_status":"closed","ping_status":"closed","template":"","tags":[2607],"product-type":[246,913,2],"class_list":["post-7987","product","type-product","status-publish","has-post-thumbnail","hentry","tag-nursery","product-type-hot-sale","product-type-paddy-rice-nursery-machine","product-type-products"],"_links":{"self":[{"href":"https:\/\/www.agriculture-machine.com\/es\/wp-json\/wp\/v2\/product\/7987","targetHints":{"allow":["GET"]}}],"collection":[{"href":"https:\/\/www.agriculture-machine.com\/es\/wp-json\/wp\/v2\/product"}],"about":[{"href":"https:\/\/www.agriculture-machine.com\/es\/wp-json\/wp\/v2\/types\/product"}],"author":[{"embeddable":true,"href":"https:\/\/www.agriculture-machine.com\/es\/wp-json\/wp\/v2\/users\/1"}],"replies":[{"embeddable":true,"href":"https:\/\/www.agriculture-machine.com\/es\/wp-json\/wp\/v2\/comments?post=7987"}],"wp:featuredmedia":[{"embeddable":true,"href":"https:\/\/www.agriculture-machine.com\/es\/wp-json\/wp\/v2\/media\/13588"}],"wp:attachment":[{"href":"https:\/\/www.agriculture-machine.com\/es\/wp-json\/wp\/v2\/media?parent=7987"}],"wp:term":[{"taxonomy":"post_tag","embeddable":true,"href":"https:\/\/www.agriculture-machine.com\/es\/wp-json\/wp\/v2\/tags?post=7987"},{"taxonomy":"product-type","embeddable":true,"href":"https:\/\/www.agriculture-machine.com\/es\/wp-json\/wp\/v2\/product-type?post=7987"}],"curies":[{"name":"wp","href":"https:\/\/api.w.org\/{rel}","templated":true}]}}