{"id":8094,"date":"2020-11-18T11:39:51","date_gmt":"2020-11-18T03:39:51","guid":{"rendered":"https:\/\/www.agriculture-machine.com\/?p=8094"},"modified":"2025-06-13T17:45:43","modified_gmt":"2025-06-13T09:45:43","slug":"combined-chaff-cutter-and-grinder-straw-cutter-and-grain-grinder","status":"publish","type":"product","link":"https:\/\/www.agriculture-machine.com\/es\/combined-chaff-cutter-and-grinder-straw-cutter-and-grain-grinder\/","title":{"rendered":"Cortadora de paja y molinillo de granos | Cortadora y trituradora de paja combinada"},"content":{"rendered":"<p>La cortadora de paja y trituradora de grano es un equipo multifuncional de procesamiento de alimento que integra corte, amasado y trituraci\u00f3n. No solo puede tratar todo tipo de ensilado y paja, sino tambi\u00e9n pulverizar muchos tipos de cultivos de granos y forraje grueso y fino.<\/p>    <p>Ya sea material seco o h\u00famedo, bloques, tiras o granulado, desde corte de pasto (ajuste de 3-50 mm) hasta trituraci\u00f3n fina de granos (control de tama\u00f1o de part\u00edcula de 0.1-5 mm), esta m\u00e1quina puede manejarlo de forma eficiente.<\/p>    <p>La m\u00e1quina se utiliza ampliamente en granjas peque\u00f1as y medianas, plantas de procesamiento de pienso y granjas familiares. Al mismo tiempo, en la industria alimentaria, farmac\u00e9utica, qu\u00edmica y otras, tambi\u00e9n se aplica en el proceso de trituraci\u00f3n y pelado de materias primas, lo cual es una verdadera herramienta multifunci\u00f3n, econ\u00f3mica y eficiente para el procesamiento de alimento.<\/p>    <figure class=\"wp-block-embed is-type-video is-provider-youtube wp-block-embed-youtube wp-embed-aspect-16-9 wp-has-aspect-ratio\"><div class=\"wp-block-embed__wrapper\"> <iframe loading=\"lazy\" title=\"\u00bfC\u00f3mo funciona la cortadora de paja y la trituradora de grano? Cortador de paja combinado y molino\" width=\"500\" height=\"281\" src=\"https:\/\/www.youtube.com\/embed\/fRnZ0Yh8jaE?feature=oembed\" frameborder=\"0\" allow=\"accelerometer; autoplay; clipboard-write; encrypted-media; gyroscope; picture-in-picture; web-share\" referrerpolicy=\"strict-origin-when-cross-origin\" allowfullscreen><\/iframe> <\/div><figcaption class=\"wp-element-caption\">video de trabajo de la m\u00e1quina de ensilar<\/figcaption><\/figure>    <h2 class=\"wp-block-heading\" id=\"h-the-application-of-chaff-cutter-and-grinder-combined-machine\">Aplicaci\u00f3n de la cortadora de paja combinada y la trituradora de grano<\/h2>    <h3 class=\"wp-block-heading\">Tipos de materias primas aplicables<\/h3>    <ul class=\"wp-block-list\"> <li>Forraje: alfalfa, sorgo dulce, pastos de pradera, paja blanca, paja de arroz, paja de trigo, tallos de ma\u00edz, etc.<\/li>    <li>Cereales: ma\u00edz, soja, batatas, patatas, etc. (incluye materias primas remojadas)<\/li>    <li>Prebasteo y subproductos: c\u00e1scaras de cacahuate, cabezas de ca\u00f1a de az\u00facar, tallos de naranja, tallos de algod\u00f3n, pepitas de ma\u00edz, materiales de siembra de hongos, etc.<\/li>    <li>Otros materiales: hierbas chinas, algunos productos qu\u00edmicos, etc.<\/li> <\/ul>    <h3 class=\"wp-block-heading\">Industrias y escenas aplicables<\/h3>    <ul class=\"wp-block-list\"> <li>Todas las granjas de ganado y aves: ganado vacuno, ovejas, caballos, cerdos, conejos, pollos, patos, gansos, etc.<\/li>    <li>Plantas de procesamiento de alimentaci\u00f3n, plantas de procesamiento de alimentos, plantas farmac\u00e9uticas, plantas qu\u00edmicas, etc.<\/li>    <li>Adecuado para granjeros peque\u00f1os y medianos y granjas familiares para procesamiento diario de alimento para animales.<\/li> <\/ul>    <figure class=\"wp-block-image aligncenter size-full wp-image-8095\"><img loading=\"lazy\" decoding=\"async\" width=\"720\" height=\"540\" src=\"https:\/\/www.agriculture-machine.com\/wp-content\/uploads\/2020\/11\/The-Applicable-breeding-range-of-Chaff-cutter-and-grinder-.jpg\" alt=\"El rango aplicable de cr\u00eda de cortadora de paja y molino\" class=\"wp-image-8095\" srcset=\"https:\/\/www.agriculture-machine.com\/wp-content\/uploads\/2020\/11\/The-Applicable-breeding-range-of-Chaff-cutter-and-grinder-.jpg 720w, https:\/\/www.agriculture-machine.com\/wp-content\/uploads\/2020\/11\/The-Applicable-breeding-range-of-Chaff-cutter-and-grinder--360x270.jpg 360w, https:\/\/www.agriculture-machine.com\/wp-content\/uploads\/2020\/11\/The-Applicable-breeding-range-of-Chaff-cutter-and-grinder--240x180.jpg 240w\" sizes=\"auto, (max-width: 720px) 100vw, 720px\" \/><figcaption class=\"wp-element-caption\">El rango aplicable de cr\u00eda de cortadora de paja y molino<\/figcaption><\/figure>    <h2 class=\"wp-block-heading\" id=\"h-the-structure-of-the-combined-chaff-cutter-and-grinder\">Estructura del <a href=\"https:\/\/www.agriculture-machine.com\/es\/chaff-cutter-and-grain-crusher\/\">c<strong>cortador de paja combinado y molino<\/strong><\/a><\/h2>    <ol class=\"wp-block-list\"> <li>Las m\u00e1quinas est\u00e1n equipadas con ruedas m\u00f3viles, que pueden moverse libremente, por lo que el lugar de trabajo no es fijo.<\/li>    <li>Esta serie de m\u00e1quinas est\u00e1 formada por la carcasa superior, carcasa inferior, puerto de descarga, tolva de alimentaci\u00f3n, marco de acero en \u00e1ngulo, molino de martillos, cortador, etc.<\/li>    <li>Al triturar granos, el grosor del material triturado se controla por el tama\u00f1o de los agujeros de la malla, y se pueden reemplazar diferentes pantallas.<\/li>    <li>Al cortar solo la hierba, se puede sacar la pantalla.<\/li> <\/ol>    <p class=\"translation-block\">Ahora, presentaremos tres cortadoras de paja y <a href=\"https:\/\/www.agriculture-machine.com\/es\/electric-grain-hammer-mill-grain-mill-grinder-grain-grinding\/\">molinos de grano<\/a> en la serie, con diferentes rendimientos, estructuras y precios. Podemos configurar la m\u00e1quina m\u00e1s adecuada para sus materias primas y escala industrial.<\/p>    <h2 class=\"wp-block-heading\" id=\"h-type-one-9zf-500b\">Tipo Uno: 9ZF-500B<\/h2>    <figure class=\"wp-block-image aligncenter size-full wp-image-8096\"><img loading=\"lazy\" decoding=\"async\" width=\"720\" height=\"540\" src=\"https:\/\/www.agriculture-machine.com\/wp-content\/uploads\/2020\/11\/Combine-Chaff-Cutter-and-Grinder-Machine.jpg\" alt=\"Cortador de paja combinado y m\u00e1quina trituradora\" class=\"wp-image-8096\" srcset=\"https:\/\/www.agriculture-machine.com\/wp-content\/uploads\/2020\/11\/Combine-Chaff-Cutter-and-Grinder-Machine.jpg 720w, https:\/\/www.agriculture-machine.com\/wp-content\/uploads\/2020\/11\/Combine-Chaff-Cutter-and-Grinder-Machine-360x270.jpg 360w, https:\/\/www.agriculture-machine.com\/wp-content\/uploads\/2020\/11\/Combine-Chaff-Cutter-and-Grinder-Machine-240x180.jpg 240w\" sizes=\"auto, (max-width: 720px) 100vw, 720px\" \/><figcaption class=\"wp-element-caption\">Cortador de paja combinado y m\u00e1quina trituradora<\/figcaption><\/figure>    <h3 class=\"wp-block-heading\" id=\"h-the-details-of-9zf-500b-chaff-cutter-and-grain-crushing-machine\">Detalles del cortador de paja 9ZF-500B y la m\u00e1quina trituradora de grano<\/h3>    <p>La m\u00e1quina est\u00e1 formada principalmente por entrada de grano, entrada de paja, motor de n\u00facleo de cobre, salida alta, salida media baja, y ruedas m\u00f3viles. Al usar una de las entradas, bloquee la otra para evitar salpicaduras de material. <\/p>    <p>Entre ellos, la materia proveniente de la salida de alto caudal est\u00e1 seca, la materia de la salida media es h\u00fameda, y la de la salida baja es molida en granos. Al usar una de las salidas, las otras dos pueden ser bloqueadas.<\/p>    <figure class=\"wp-block-image aligncenter size-full wp-image-8097\"><img loading=\"lazy\" decoding=\"async\" width=\"720\" height=\"540\" src=\"https:\/\/www.agriculture-machine.com\/wp-content\/uploads\/2020\/11\/the-structure-of-aombine-chaff-cutter-and-grinder-.jpg\" alt=\"la estructura de cortador de paja combinado y molinillo\" class=\"wp-image-8097\" srcset=\"https:\/\/www.agriculture-machine.com\/wp-content\/uploads\/2020\/11\/the-structure-of-aombine-chaff-cutter-and-grinder-.jpg 720w, https:\/\/www.agriculture-machine.com\/wp-content\/uploads\/2020\/11\/the-structure-of-aombine-chaff-cutter-and-grinder--360x270.jpg 360w, https:\/\/www.agriculture-machine.com\/wp-content\/uploads\/2020\/11\/the-structure-of-aombine-chaff-cutter-and-grinder--240x180.jpg 240w\" sizes=\"auto, (max-width: 720px) 100vw, 720px\" \/><figcaption class=\"wp-element-caption\">la estructura de un cortador de paja combinado y molinillo<\/figcaption><\/figure>    <h3 class=\"wp-block-heading\" id=\"h-internal-blade-structure\">Estructura interna de la cuchilla<\/h3>    <p>Hoja de acero al manganeso grueso, fuerte y duradera.<\/p>    <figure class=\"wp-block-image aligncenter size-full wp-image-8098\"><img loading=\"lazy\" decoding=\"async\" width=\"720\" height=\"540\" src=\"https:\/\/www.agriculture-machine.com\/wp-content\/uploads\/2020\/11\/the-blade-of-chaff-cutter-and-grain-crusher-.jpg\" alt=\"la hoja de cortador de paja y trituradora de grano\" class=\"wp-image-8098\" srcset=\"https:\/\/www.agriculture-machine.com\/wp-content\/uploads\/2020\/11\/the-blade-of-chaff-cutter-and-grain-crusher-.jpg 720w, https:\/\/www.agriculture-machine.com\/wp-content\/uploads\/2020\/11\/the-blade-of-chaff-cutter-and-grain-crusher--360x270.jpg 360w, https:\/\/www.agriculture-machine.com\/wp-content\/uploads\/2020\/11\/the-blade-of-chaff-cutter-and-grain-crusher--240x180.jpg 240w\" sizes=\"auto, (max-width: 720px) 100vw, 720px\" \/><figcaption class=\"wp-element-caption\">la cuchilla de la cortadora de paja y la trituradora de grano<\/figcaption><\/figure>    <h3 class=\"wp-block-heading\">Par\u00e1metros de la cortadora de paja 9ZF-500B y la trituradora de grano<\/h3>    <figure class=\"wp-block-table is-style-stripes\"><table><tbody><tr><td>Cortador de paja 9ZF-500B y m\u00e1quina de triturar grano<\/td><\/tr><tr><td>Pantalla coincidente: 4 (2\/3\/10\/30)<\/td><td>Potencia: 3KW<\/td><\/tr><tr><td>Velocidad del motor: 2800 rpm<\/td><td>Peso de la m\u00e1quina: 68KG<\/td><\/tr><tr><td>Voltaje nominal: 220V<\/td><td>Producci\u00f3n de la m\u00e1quina: 1200KG\/H<\/td><\/tr><tr><td>Tama\u00f1o: 1220*1070*1190mm<\/td><\/tr><\/tbody><\/table><figcaption class=\"wp-element-caption\">informaci\u00f3n detallada de la cortadora de paja y trituradora de grano<\/figcaption><\/figure>    <h2 class=\"wp-block-heading\" id=\"h-type-two-9zf-1800\">Tipo Dos: 9ZF-1800<\/h2>    <figure class=\"wp-block-image aligncenter size-full wp-image-8099\"><img loading=\"lazy\" decoding=\"async\" width=\"720\" height=\"540\" src=\"https:\/\/www.agriculture-machine.com\/wp-content\/uploads\/2020\/11\/Straw-cutter-machine-and-grain-crusher.jpg\" alt=\"Cortador de paja y trituradora de grano\" class=\"wp-image-8099\" srcset=\"https:\/\/www.agriculture-machine.com\/wp-content\/uploads\/2020\/11\/Straw-cutter-machine-and-grain-crusher.jpg 720w, https:\/\/www.agriculture-machine.com\/wp-content\/uploads\/2020\/11\/Straw-cutter-machine-and-grain-crusher-360x270.jpg 360w, https:\/\/www.agriculture-machine.com\/wp-content\/uploads\/2020\/11\/Straw-cutter-machine-and-grain-crusher-240x180.jpg 240w\" sizes=\"auto, (max-width: 720px) 100vw, 720px\" \/><figcaption class=\"wp-element-caption\">Cortador de paja y trituradora de grano<\/figcaption><\/figure>    <h3 class=\"wp-block-heading\" id=\"h-the-details-of-9zf-1800-straw-cutter-machine-and-grain-crusher\">Detalles de la cortadora de paja 9ZF-1800 y la trituradora de grano<\/h3>    <figure class=\"wp-block-image aligncenter size-full wp-image-8100\"><img loading=\"lazy\" decoding=\"async\" width=\"720\" height=\"540\" src=\"https:\/\/www.agriculture-machine.com\/wp-content\/uploads\/2020\/11\/Straw-cutter-machine-and-grain-crusher-1.jpg\" alt=\"Cortador de paja y trituradora de grano\" class=\"wp-image-8100\" srcset=\"https:\/\/www.agriculture-machine.com\/wp-content\/uploads\/2020\/11\/Straw-cutter-machine-and-grain-crusher-1.jpg 720w, https:\/\/www.agriculture-machine.com\/wp-content\/uploads\/2020\/11\/Straw-cutter-machine-and-grain-crusher-1-360x270.jpg 360w, https:\/\/www.agriculture-machine.com\/wp-content\/uploads\/2020\/11\/Straw-cutter-machine-and-grain-crusher-1-240x180.jpg 240w\" sizes=\"auto, (max-width: 720px) 100vw, 720px\" \/><figcaption class=\"wp-element-caption\">Cortador de paja y trituradora de grano<\/figcaption><\/figure>    <p>Esta m\u00e1quina cortadora de paja y triturador de grano tiene una entrada de grano, entrada de paja ensanchada, motor de n\u00facleo de cobre, salida alta, criba de trituraci\u00f3n, y salida baja. <\/p>    <p>Al usar una de las entradas, bloquee la otra para evitar salpicaduras de material. Entre ellos, la materia que sale por la boquilla alta es seca, la que sale por la boquilla baja est\u00e1 triturada o mojada.<\/p>    <h3 class=\"wp-block-heading\" id=\"h-internal-blade-structure-of-9zf-1800-straw-cutter-machine-and-grain-crusher\">Estructura interna de la cortadora de paja 9ZF-1800 y trituradora de grano<\/h3>    <p>Hoja de acero al manganeso grueso, fuerte y duradera<\/p>    <figure class=\"wp-block-image aligncenter size-full wp-image-8101\"><img loading=\"lazy\" decoding=\"async\" width=\"720\" height=\"540\" src=\"https:\/\/www.agriculture-machine.com\/wp-content\/uploads\/2020\/11\/the-balde-of-straw-cutter-machine-and-grain-crusher.jpg\" alt=\"la hoja de la cortadora de paja y trituradora de grano\" class=\"wp-image-8101\" srcset=\"https:\/\/www.agriculture-machine.com\/wp-content\/uploads\/2020\/11\/the-balde-of-straw-cutter-machine-and-grain-crusher.jpg 720w, https:\/\/www.agriculture-machine.com\/wp-content\/uploads\/2020\/11\/the-balde-of-straw-cutter-machine-and-grain-crusher-360x270.jpg 360w, https:\/\/www.agriculture-machine.com\/wp-content\/uploads\/2020\/11\/the-balde-of-straw-cutter-machine-and-grain-crusher-240x180.jpg 240w\" sizes=\"auto, (max-width: 720px) 100vw, 720px\" \/><figcaption class=\"wp-element-caption\">La hoja de la cortadora de paja y el triturador de grano<\/figcaption><\/figure>    <h3 class=\"wp-block-heading\" id=\"h-machine-parameters-of-9zf-1800-straw-cutter-machine-and-grain-crusher\">Par\u00e1metros de la cortadora de paja 9ZF-1800 y la trituradora de grano<\/h3>    <figure class=\"wp-block-table is-style-stripes\"><table><tbody><tr><td>Cortadora de paja 9ZF-1800 y triturador de grano<\/td><\/tr><tr><td>Modelo de la m\u00e1quina: 9ZF-1800<\/td><td>Potencia: 3KW<\/td><\/tr><tr><td>Velocidad del motor: 2800 rpm<\/td><td>Peso de la m\u00e1quina: 75KG<\/td><\/tr><tr><td>Voltaje nominal: 220V<\/td><td>Capacidad de la m\u00e1quina: 1800KG\/H<\/td><\/tr><tr><td>\u00c1mbito de aplicaci\u00f3n: vacas, ovejas, cerdos, pollos, patos, conejos y otros ganado.<\/td><\/tr><\/tbody><\/table><figcaption class=\"wp-element-caption\">Par\u00e1metros de la m\u00e1quina de corte de ensilado<\/figcaption><\/figure>    <h2 class=\"wp-block-heading\" id=\"h-type-three-9zf-1200\">Tipo Tres: 9ZF-1200<\/h2>    <figure class=\"wp-block-image aligncenter size-full wp-image-8102\"><img loading=\"lazy\" decoding=\"async\" width=\"720\" height=\"540\" src=\"https:\/\/www.agriculture-machine.com\/wp-content\/uploads\/2020\/11\/Chaff-cutter-and-Grain-Grinder.jpg\" alt=\"Cortador de paja y molino de grano\" class=\"wp-image-8102\" srcset=\"https:\/\/www.agriculture-machine.com\/wp-content\/uploads\/2020\/11\/Chaff-cutter-and-Grain-Grinder.jpg 720w, https:\/\/www.agriculture-machine.com\/wp-content\/uploads\/2020\/11\/Chaff-cutter-and-Grain-Grinder-360x270.jpg 360w, https:\/\/www.agriculture-machine.com\/wp-content\/uploads\/2020\/11\/Chaff-cutter-and-Grain-Grinder-240x180.jpg 240w\" sizes=\"auto, (max-width: 720px) 100vw, 720px\" \/><figcaption class=\"wp-element-caption\">Cortador de paja y molino de grano<\/figcaption><\/figure>    <h3 class=\"wp-block-heading\" id=\"h-the-detailed-structure-of-9zf-1200-chaff-cutter-and-grain-grinder\">Estructura detallada del cortador de paja 9ZF-1200 y la trituradora de grano<\/h3>    <figure class=\"wp-block-image aligncenter size-full wp-image-8103\"><img loading=\"lazy\" decoding=\"async\" width=\"720\" height=\"540\" src=\"https:\/\/www.agriculture-machine.com\/wp-content\/uploads\/2020\/11\/The-Structure-Chaff-cutter-and-Grain-Grinder.jpg\" alt=\"La Estructura de la cortadora de paja y el triturador de grano\" class=\"wp-image-8103\" srcset=\"https:\/\/www.agriculture-machine.com\/wp-content\/uploads\/2020\/11\/The-Structure-Chaff-cutter-and-Grain-Grinder.jpg 720w, https:\/\/www.agriculture-machine.com\/wp-content\/uploads\/2020\/11\/The-Structure-Chaff-cutter-and-Grain-Grinder-360x270.jpg 360w, https:\/\/www.agriculture-machine.com\/wp-content\/uploads\/2020\/11\/The-Structure-Chaff-cutter-and-Grain-Grinder-240x180.jpg 240w\" sizes=\"auto, (max-width: 720px) 100vw, 720px\" \/><figcaption class=\"wp-element-caption\">La Estructura de la cortadora de paja y el triturador de grano<\/figcaption><\/figure>    <p>Esta m\u00e1quina tiene una entrada de grano, entrada de paja, motor de n\u00facleo de cobre, salida alta, cubierta de protecci\u00f3n, salida y ruedas m\u00f3viles.<\/p>    <h3 class=\"wp-block-heading\" id=\"h-internal-blade-structure-of-9zf-1200-chaff-cutter-and-grain-grinder\">Estructura interna de la cuchilla de la cortadora de paja 9ZF-1200 y molinillo de grano<\/h3>    <figure class=\"wp-block-image aligncenter size-full wp-image-8104\"><img loading=\"lazy\" decoding=\"async\" width=\"720\" height=\"540\" src=\"https:\/\/www.agriculture-machine.com\/wp-content\/uploads\/2020\/11\/The-blade-of-Chaff-cutter-and-Grain-Grinder.jpg\" alt=\"La cuchilla de la cortadora de paja y molino de grano\" class=\"wp-image-8104\" srcset=\"https:\/\/www.agriculture-machine.com\/wp-content\/uploads\/2020\/11\/The-blade-of-Chaff-cutter-and-Grain-Grinder.jpg 720w, https:\/\/www.agriculture-machine.com\/wp-content\/uploads\/2020\/11\/The-blade-of-Chaff-cutter-and-Grain-Grinder-360x270.jpg 360w, https:\/\/www.agriculture-machine.com\/wp-content\/uploads\/2020\/11\/The-blade-of-Chaff-cutter-and-Grain-Grinder-240x180.jpg 240w\" sizes=\"auto, (max-width: 720px) 100vw, 720px\" \/><figcaption class=\"wp-element-caption\">La cuchilla de la cortadora de paja y molino de grano<\/figcaption><\/figure>    <h3 class=\"wp-block-heading\" id=\"h-machine-parameters-of-9zf-1200-chaff-cutter-and-grain-grinder\">Par\u00e1metros t\u00e9cnicos de cortador de paja 9ZF-1200 y molinillo de grano<\/h3>    <figure class=\"wp-block-table is-style-stripes\"><table><tbody><tr><td>Cortador de paja 9ZR-1200 y trituradora de grano<\/td><\/tr><tr><td>Potencia: 3KW<\/td><td>Velocidad del motor: 2800 rpm<\/td><\/tr><tr><td>Peso de la m\u00e1quina: 55KG<\/td><td>Tama\u00f1o: 920*930*1250mm<\/td><\/tr><tr><td>Producci\u00f3n de la m\u00e1quina: 1200KG\/H<\/td><td>Eficiencia de trituraci\u00f3n: 300-500KG\/H<\/td><\/tr><tr><td>N\u00famero de cuchillas: 3<\/td><td>Rueda de afilado: 24<\/td><\/tr><tr><td>Cuchilla de rozamiento triangular 18<\/td><td>N\u00famero de pantallas: 4<\/td><\/tr><tr><td>M\u00e9todo de alimentaci\u00f3n: alimentaci\u00f3n manual<\/td><td>Efecto de descarga: suave sedoso\/pulverulento<\/td><\/tr><\/tbody><\/table><figcaption class=\"wp-element-caption\">m\u00e1quina cortadora de paja datos t\u00e9cnicos<\/figcaption><\/figure>    <h2 class=\"wp-block-heading\" id=\"h-the-chaff-cutter-and-grinder-price\">Cont\u00e1ctenos en cualquier momento<\/h2>    <p class=\"translation-block\">En resumen, hemos introducido tres diferentes cortadoras de paja <a href=\"https:\/\/en.wikipedia.org\/wiki\/Silage\" target=\"_blank\" rel=\"noopener\">silage<\/a> y molinillos de grano en la serie, con salidas diferentes, estructuras distintas y precios diferentes. Podemos configurar la m\u00e1quina m\u00e1s adecuada para sus materias primas y escala industrial.<\/p>    <p>Usando procesos de producci\u00f3n eficientes y asignaci\u00f3n de materiales optimizada, podemos garantizar alta calidad manteniendo costos dentro de l\u00edmites razonables. Para obtener m\u00e1s informaci\u00f3n, por favor complete sus necesidades espec\u00edficas a trav\u00e9s del formulario a la derecha, y no dude en ponerse en contacto con nosotros.<\/p>","protected":false},"excerpt":{"rendered":"<p>El cortador de paja y la trituradora de grano integran corte, amasado y trituraci\u00f3n en una, lo que es adecuado para procesamiento de ensilado, pasto, paja y granos. Se utiliza ampliamente en cr\u00eda, alimentaci\u00f3n, alimentos, farmac\u00e9utica y otras industrias.<\/p>","protected":false},"author":1,"featured_media":8109,"parent":0,"comment_status":"closed","ping_status":"closed","template":"","tags":[780,591,761],"product-type":[911,246,2],"class_list":["post-8094","product","type-product","status-publish","has-post-thumbnail","hentry","tag-grass","tag-silage","tag-straw","product-type-combined-chaff-cutter-and-maize-crusher","product-type-hot-sale","product-type-products"],"_links":{"self":[{"href":"https:\/\/www.agriculture-machine.com\/es\/wp-json\/wp\/v2\/product\/8094","targetHints":{"allow":["GET"]}}],"collection":[{"href":"https:\/\/www.agriculture-machine.com\/es\/wp-json\/wp\/v2\/product"}],"about":[{"href":"https:\/\/www.agriculture-machine.com\/es\/wp-json\/wp\/v2\/types\/product"}],"author":[{"embeddable":true,"href":"https:\/\/www.agriculture-machine.com\/es\/wp-json\/wp\/v2\/users\/1"}],"replies":[{"embeddable":true,"href":"https:\/\/www.agriculture-machine.com\/es\/wp-json\/wp\/v2\/comments?post=8094"}],"wp:featuredmedia":[{"embeddable":true,"href":"https:\/\/www.agriculture-machine.com\/es\/wp-json\/wp\/v2\/media\/8109"}],"wp:attachment":[{"href":"https:\/\/www.agriculture-machine.com\/es\/wp-json\/wp\/v2\/media?parent=8094"}],"wp:term":[{"taxonomy":"post_tag","embeddable":true,"href":"https:\/\/www.agriculture-machine.com\/es\/wp-json\/wp\/v2\/tags?post=8094"},{"taxonomy":"product-type","embeddable":true,"href":"https:\/\/www.agriculture-machine.com\/es\/wp-json\/wp\/v2\/product-type?post=8094"}],"curies":[{"name":"wp","href":"https:\/\/api.w.org\/{rel}","templated":true}]}}