{"id":8326,"date":"2020-12-11T16:16:18","date_gmt":"2020-12-11T08:16:18","guid":{"rendered":"https:\/\/www.agriculture-machine.com\/?p=8326"},"modified":"2025-12-22T17:36:20","modified_gmt":"2025-12-22T09:36:20","slug":"walking-tractor-simplicity-walking-tractor","status":"publish","type":"product","link":"https:\/\/www.agriculture-machine.com\/es\/walking-tractor-simplicity-walking-tractor\/","title":{"rendered":"Tractor de trabajo agr\u00edcola peque\u00f1o y simple"},"content":{"rendered":"<p>El peque\u00f1o tractor de paseo agr\u00edcola, ligero y flexible pero con potencia en aumento, puede completar f\u00e1cilmente una variedad de operaciones agr\u00edcolas como arar, sembrar, cosechar, transportar y m\u00e1s, con solo una persona en los controles.<\/p>    <p>Whether it&#8217;s a plain or a mountainous area, it can realize the whole process of operation with more than a hundred kinds of accessories such as quick-changeable plows, seeders, harvesters, fertilizer spreaders and so on.<\/p>    <p>El dise\u00f1o simple de la interacci\u00f3n hombre-m\u00e1quina permite al operador comprender intuitivamente la entrada\/salida, el embrague y el ajuste de velocidad. La transmisi\u00f3n de potencia di\u00e9sel compacta asegura un torque fuerte teniendo en cuenta el bajo consumo de combustible y el f\u00e1cil mantenimiento.<\/p>    <figure class=\"wp-block-embed aligncenter is-type-video is-provider-youtube wp-block-embed-youtube wp-embed-aspect-16-9 wp-has-aspect-ratio\"><div class=\"wp-block-embed__wrapper\"> <iframe loading=\"lazy\" title=\"\u00bfQu\u00e9 puedes hacer con un tractor de paseo?#tractordepaseo, #m\u00e1quina de arar, #tractoresde dos ruedas\" width=\"500\" height=\"281\" src=\"https:\/\/www.youtube.com\/embed\/fxYFIychRc4?feature=oembed\" frameborder=\"0\" allow=\"accelerometer; autoplay; clipboard-write; encrypted-media; gyroscope; picture-in-picture; web-share\" referrerpolicy=\"strict-origin-when-cross-origin\" allowfullscreen><\/iframe> <\/div><figcaption class=\"wp-element-caption\">Video de trabajo del tractor de paseo agr\u00edcola<\/figcaption><\/figure>    <h2 class=\"wp-block-heading\">Tractor de paseo con accesorios<\/h2>    <p>El tractor de paseo agr\u00edcola puede combinarse con una variedad de accesorios, incluyendo un arado de doble disco, arado simple, arado doble, rueda de barro, rotavator, sembradora de trigo, sembradora de ma\u00edz, remolque, ridges y bombas de agua, entre otros. <\/p>    <p>\u00a1Todo lo que necesitas hacer es cambiar las herramientas agr\u00edcolas para abordar diferentes tareas agr\u00edcolas!<\/p>    <figure class=\"wp-block-gallery has-nested-images columns-3 is-cropped wp-block-gallery-2 is-layout-flex wp-block-gallery-is-layout-flex\"> <figure class=\"wp-block-image size-large\"><img loading=\"lazy\" decoding=\"async\" width=\"720\" height=\"541\" data-id=\"12859\" src=\"https:\/\/www.agriculture-machine.com\/wp-content\/uploads\/2020\/12\/small-tractor-1-.jpg\" alt=\"tractores peque\u00f1os\" class=\"wp-image-12859\" srcset=\"https:\/\/www.agriculture-machine.com\/wp-content\/uploads\/2020\/12\/small-tractor-1-.jpg 720w, https:\/\/www.agriculture-machine.com\/wp-content\/uploads\/2020\/12\/small-tractor-1--360x270.jpg 360w, https:\/\/www.agriculture-machine.com\/wp-content\/uploads\/2020\/12\/small-tractor-1--240x180.jpg 240w\" sizes=\"auto, (max-width: 720px) 100vw, 720px\" \/><figcaption class=\"wp-element-caption\">tractores peque\u00f1os <\/figcaption><\/figure>    <figure class=\"wp-block-image size-large\"><img loading=\"lazy\" decoding=\"async\" width=\"720\" height=\"540\" data-id=\"12860\" src=\"https:\/\/www.agriculture-machine.com\/wp-content\/uploads\/2020\/12\/farm-walking-tractor1.jpg\" alt=\"Accesorios para tractor de paseo agr\u00edcola\" class=\"wp-image-12860\" srcset=\"https:\/\/www.agriculture-machine.com\/wp-content\/uploads\/2020\/12\/farm-walking-tractor1.jpg 720w, https:\/\/www.agriculture-machine.com\/wp-content\/uploads\/2020\/12\/farm-walking-tractor1-360x270.jpg 360w, https:\/\/www.agriculture-machine.com\/wp-content\/uploads\/2020\/12\/farm-walking-tractor1-240x180.jpg 240w\" sizes=\"auto, (max-width: 720px) 100vw, 720px\" \/><figcaption class=\"wp-element-caption\">Accesorios para tractor de paseo agr\u00edcola<\/figcaption><\/figure> <\/figure>    <h2 class=\"wp-block-heading\">Usos diferentes del tractor de arrastre&nbsp;<\/h2>    <h3 class=\"wp-block-heading\">Arar<\/h3>    <p>El tractor de paseo con arado, tambi\u00e9n conocido como arado de tractor de paseo. Esta m\u00e1quina es s\u00faper eficiente, f\u00e1cil de usar y excelente para aflojar el suelo.<\/p>    <figure class=\"wp-block-embed aligncenter is-type-video is-provider-youtube wp-block-embed-youtube wp-embed-aspect-4-3 wp-has-aspect-ratio\"><div class=\"wp-block-embed__wrapper\"> <iframe loading=\"lazy\" title=\"tractor de paseo\/tractor de paseo con arado\/arando el campo con tractor de paseo\" width=\"500\" height=\"375\" src=\"https:\/\/www.youtube.com\/embed\/JB7ozo20LVk?feature=oembed\" frameborder=\"0\" allow=\"accelerometer; autoplay; clipboard-write; encrypted-media; gyroscope; picture-in-picture; web-share\" referrerpolicy=\"strict-origin-when-cross-origin\" allowfullscreen><\/iframe> <\/div><figcaption class=\"wp-element-caption\">tractor con arado<\/figcaption><\/figure>    <h3 class=\"wp-block-heading\">Excavaci\u00f3n<\/h3>    <p>\u00bfBusca una soluci\u00f3n agr\u00edcola? \u00a1Eche un vistazo al tractor de paseo con accesorio de excavaci\u00f3n! Esta potente combinaci\u00f3n puede abordar casi cualquier necesidad de excavaci\u00f3n en su granja.<\/p>    <figure class=\"wp-block-embed aligncenter is-type-video is-provider-youtube wp-block-embed-youtube wp-embed-aspect-16-9 wp-has-aspect-ratio\"><div class=\"wp-block-embed__wrapper\"> <iframe loading=\"lazy\" title=\"tractor agr\u00edcola con excavaci\u00f3n y tractor de paseo\" width=\"500\" height=\"281\" src=\"https:\/\/www.youtube.com\/embed\/tmkBMoxVov0?feature=oembed\" frameborder=\"0\" allow=\"accelerometer; autoplay; clipboard-write; encrypted-media; gyroscope; picture-in-picture; web-share\" referrerpolicy=\"strict-origin-when-cross-origin\" allowfullscreen><\/iframe> <\/div><figcaption class=\"wp-element-caption\">tractor de paseo con excavaci\u00f3n<\/figcaption><\/figure>    <h3 class=\"wp-block-heading\">Ridging<\/h3>    <p>Un peque\u00f1o tractor de paseo agr\u00edcola dise\u00f1ado para ridging\u2014espec\u00edficamente, un ridger de tractor de paseo. <\/p>    <p>Este tipo de equipo es perfecto para plantar cultivos como batatas, tomates, fresas, papas, cacahuetes, r\u00e1banos y m\u00e1s.<\/p>    <figure class=\"wp-block-embed aligncenter is-type-video is-provider-youtube wp-block-embed-youtube wp-embed-aspect-16-9 wp-has-aspect-ratio\"><div class=\"wp-block-embed__wrapper\"> <iframe loading=\"lazy\" title=\"tractor de paseo\/tractor de paseo con ridger\/m\u00e1quina de ridging\" width=\"500\" height=\"281\" src=\"https:\/\/www.youtube.com\/embed\/QUPr2rJ2jhw?feature=oembed\" frameborder=\"0\" allow=\"accelerometer; autoplay; clipboard-write; encrypted-media; gyroscope; picture-in-picture; web-share\" referrerpolicy=\"strict-origin-when-cross-origin\" allowfullscreen><\/iframe> <\/div><figcaption class=\"wp-element-caption\">tractor de paseo con ridger<\/figcaption><\/figure>    <h3 class=\"wp-block-heading\">Cultivo rotatorio<\/h3>    <p>\u00bfBusca una herramienta potente para sus necesidades agr\u00edcolas? \u00a1Eche un vistazo al tractor de gasolina con cultivador rotatorio! <\/p>    <p>This tiller, designed to work with a 15 Hp walking tractor, lets you dig anywhere from 6 to 10 inches deep. It&#8217;s similar to a rototiller, and its main job is to churn the soil, helping to aerate and break it up for better planting.<\/p>    <figure class=\"wp-block-embed aligncenter is-type-video is-provider-youtube wp-block-embed-youtube wp-embed-aspect-4-3 wp-has-aspect-ratio\"><div class=\"wp-block-embed__wrapper\"> <iframe loading=\"lazy\" title=\"tractor de paseo\/tractor de paseo con rotocultivador\" width=\"500\" height=\"375\" src=\"https:\/\/www.youtube.com\/embed\/IkBjgBirCS8?feature=oembed\" frameborder=\"0\" allow=\"accelerometer; autoplay; clipboard-write; encrypted-media; gyroscope; picture-in-picture; web-share\" referrerpolicy=\"strict-origin-when-cross-origin\" allowfullscreen><\/iframe> <\/div><figcaption class=\"wp-element-caption\">tractor de paseo con cultivador rotatorio<\/figcaption><\/figure>    <h2 class=\"wp-block-heading\">tractor de paseo con <a href=\"https:\/\/www.agriculture-machine.com\/es\/corn-planter\/\">sembradora de ma\u00edz<\/a> y sembrando trigo<\/h2>    <p>Si combina una sembradora de ma\u00edz o trigo con su peque\u00f1o tractor de paseo, puede sembrar eficazmente sus semillas justo en el suelo donde pueden prosperar. <\/p>    <p>Este enfoque aumenta significativamente la tasa de supervivencia de las semillas y mejora la calidad de las pl\u00e1ntulas.<\/p>    <figure class=\"wp-block-gallery has-nested-images columns-default is-cropped wp-block-gallery-3 is-layout-flex wp-block-gallery-is-layout-flex\"> <figure class=\"wp-block-image size-large\"><img loading=\"lazy\" decoding=\"async\" width=\"720\" height=\"540\" data-id=\"12864\" src=\"https:\/\/www.agriculture-machine.com\/wp-content\/uploads\/2020\/12\/manual-walking-tractor-with-corn-planter-2.jpg\" alt=\"tractor de paseo manual con sembradora de ma\u00edz\" class=\"wp-image-12864\" srcset=\"https:\/\/www.agriculture-machine.com\/wp-content\/uploads\/2020\/12\/manual-walking-tractor-with-corn-planter-2.jpg 720w, https:\/\/www.agriculture-machine.com\/wp-content\/uploads\/2020\/12\/manual-walking-tractor-with-corn-planter-2-360x270.jpg 360w, https:\/\/www.agriculture-machine.com\/wp-content\/uploads\/2020\/12\/manual-walking-tractor-with-corn-planter-2-240x180.jpg 240w\" sizes=\"auto, (max-width: 720px) 100vw, 720px\" \/><figcaption class=\"wp-element-caption\">tractor de paseo manual con sembradora de ma\u00edz <\/figcaption><\/figure>    <figure class=\"wp-block-image size-large\"><img loading=\"lazy\" decoding=\"async\" width=\"720\" height=\"540\" data-id=\"12863\" src=\"https:\/\/www.agriculture-machine.com\/wp-content\/uploads\/2020\/12\/walking-tractor-with-wheat-seeder-2.jpg\" alt=\"tractor de paseo agr\u00edcola con sembradora de trigo\" class=\"wp-image-12863\" srcset=\"https:\/\/www.agriculture-machine.com\/wp-content\/uploads\/2020\/12\/walking-tractor-with-wheat-seeder-2.jpg 720w, https:\/\/www.agriculture-machine.com\/wp-content\/uploads\/2020\/12\/walking-tractor-with-wheat-seeder-2-360x270.jpg 360w, https:\/\/www.agriculture-machine.com\/wp-content\/uploads\/2020\/12\/walking-tractor-with-wheat-seeder-2-240x180.jpg 240w\" sizes=\"auto, (max-width: 720px) 100vw, 720px\" \/><figcaption class=\"wp-element-caption\">tractor de paseo agr\u00edcola con sembradora de trigo<\/figcaption><\/figure> <\/figure>    <h2 class=\"wp-block-heading\">Tractor de paseo con remolque<\/h2>    <p>Cuando combina un remolque con un tractor de paseo de mano, abre un mundo de posibilidades de transporte todo terreno. <\/p>    <p>Adem\u00e1s, realmente ampl\u00eda el rango de tareas que pueden realizar los tractores de paseo en su granja diversa. Por ejemplo, pueden transportar eficientemente cultivos desde los campos, empacadoras, huertos o pastizales.<\/p>    <figure class=\"wp-block-image aligncenter size-full\"><img loading=\"lazy\" decoding=\"async\" width=\"720\" height=\"540\" src=\"https:\/\/www.agriculture-machine.com\/wp-content\/uploads\/2020\/12\/walking-tractor-with-trailer1.jpg\" alt=\"tractor de paseo con remolque\" class=\"wp-image-12867\" srcset=\"https:\/\/www.agriculture-machine.com\/wp-content\/uploads\/2020\/12\/walking-tractor-with-trailer1.jpg 720w, https:\/\/www.agriculture-machine.com\/wp-content\/uploads\/2020\/12\/walking-tractor-with-trailer1-360x270.jpg 360w, https:\/\/www.agriculture-machine.com\/wp-content\/uploads\/2020\/12\/walking-tractor-with-trailer1-240x180.jpg 240w\" sizes=\"auto, (max-width: 720px) 100vw, 720px\" \/><figcaption class=\"wp-element-caption\">tractor de paseo con remolque<\/figcaption><\/figure>    <h2 class=\"wp-block-heading\"><a href=\"https:\/\/www.agriculture-machine.com\/es\/how-much-is-the-price-of-a-farm-walking-tractor\/\">Precio del peque\u00f1o tractor de paseo<\/a><\/h2>    <p>Nuestros tractores de paseo agr\u00edcolas vienen en varias caballos de fuerza, y pueden combinarse con una variedad de herramientas agr\u00edcolas para abordar todo tipo de tareas agr\u00edcolas. <\/p>    <p>Whether you&#8217;re plowing, rotary tilling, ridging, or sowing, our machines have got you covered. If you&#8217;re interested in learning more about our walking tractors, feel free to reach out to us!<\/p>    <figure class=\"wp-block-table is-style-stripes\"><table><tbody><tr><td> <p>Modelo<\/p> <\/td><td colspan=\"2\"> <p>&nbsp;tractor de paseo de 15HP<\/p> <\/td><\/tr><tr><td> <p>Par\u00e1metro del motor<\/p> <\/td><td> <p>Modelo de motor<\/p> <\/td><td> <p>ZS1100<\/p> <\/td><\/tr><tr><td>&nbsp;<\/td><td><p>Tipo de motor<\/p><\/td><td> <p>Un, horizontal, refrigerado por agua, cuatro tiempos<\/p> <\/td><\/tr><tr><td>&nbsp;<\/td><td> <p>M\u00e9todo de arranque<\/p> <\/td><td> <p>Arranque manual\/arranque el\u00e9ctrico<\/p> <\/td><\/tr><tr><td>&nbsp;<\/td><td><p>Sistema de combusti\u00f3n<\/p><\/td><td> <p>inyecci\u00f3n directa<\/p> <\/td><\/tr><tr><td>&nbsp;<\/td><td> <p>Forma de enfriamiento<\/p> <\/td><td> <p>Evaporativo\/condensador<\/p> <\/td><\/tr><tr><td>&nbsp;<\/td><td> <p>Potencia<\/p> <\/td><td> <p>1 hora:12.13kw\/16hp<\/p> <\/td><\/tr><tr><td>&nbsp;<\/td><td>&nbsp;<\/td><td> <p>12 horas: 11.03kw\/15hp<\/p> <\/td><\/tr><tr><td> <p>Dimensiones\uff08LxAnxAl\uff09<\/p> <\/td><td colspan=\"2\"> <p>2680\u00d7960\u00d71250mm<\/p> <\/td><\/tr><tr><td><p>Distancia m\u00ednima al suelo<\/p><\/td><td colspan=\"2\"> <p>185mm<\/p> <\/td><\/tr><tr><td> <p>Distancia entre ejes<\/p> <\/td><td colspan=\"2\"> <p>580-600mm<\/p> <\/td><\/tr><tr><td> <p>Peso<\/p> <\/td><td colspan=\"2\"> <p>350kg<\/p> <\/td><\/tr><tr><td><p>Modelo de neum\u00e1tico<\/p><\/td><td colspan=\"2\"> <p>6.00-12<\/p> <\/td><\/tr><tr><td><p>Presi\u00f3n de neum\u00e1ticos<\/p><\/td><td><p>Trabajo en campo<\/p><\/td><td> <p>80~200(0.8~2.0kgf\/cm<sup>2<\/sup>)<\/p> <\/td><\/tr><tr><td>&nbsp;<\/td><td><p>Trabajo de transporte<\/p><\/td><td> <p>140-200(1.4~2.0kgf\/cm2\u00a0)<\/p> <\/td><\/tr><\/tbody><\/table><figcaption class=\"wp-element-caption\">par\u00e1metros del tractor de paseo agr\u00edcola<\/figcaption><\/figure>    <h2 class=\"wp-block-heading\" id=\"h-maintenance-of-the-two-wheel-walking-tractor\">Mantenimiento del tractor de dos ruedas<\/h2>    <p>If a walk-behind tractor sits idle for an extended period, it can run into some issues. To prevent any problems when you decide to use it again, it&#8217;s important to take some maintenance steps.<\/p>    <ul class=\"wp-block-list\"> <li>Primero, piense en d\u00f3nde estacionarlo. Idealmente, debe almacenarlo en un almac\u00e9n, pero aseg\u00farese de que no est\u00e9 junto a fertilizantes qu\u00edmicos o pesticidas para evitar corrosi\u00f3n en las partes.<\/li>    <li>Si tiene que dejarlo afuera, elija un lugar alto, seco y bien ventilado, y c\u00fabralo con una lona de pl\u00e1stico para protegerlo del da\u00f1o mec\u00e1nico y la oxidaci\u00f3n.<\/li>    <li>Utilice bloques de madera o mamposter\u00eda para apoyar el tractor y aliviar algo de presi\u00f3n en los neum\u00e1ticos. Si no puede proporcionar ese soporte, aseg\u00farese de inflar los neum\u00e1ticos entre un 10% y un 20% y revisarlos regularmente para mantenerlos correctamente inflados.<\/li>    <li>Make sure to scrub off any dirt and oil from the tractor&#8217;s exterior, and give it a thorough inspection. Adjust and tighten all parts and screws to prevent any loosening or falling off.<\/li>    <li>En cuanto a los fluidos, despu\u00e9s de que el tractor haya estado fuera de servicio, drene el agua de enfriamiento, di\u00e9sel y aceite del motor. Luego, cuando est\u00e9 listo para usarlo nuevamente, rell\u00e9nelo con aceite y agua limpios.<\/li>    <li>Vierta una cantidad adecuada de aceite de motor deshidratado en la tuber\u00eda de admisi\u00f3n y gire el cig\u00fce\u00f1al para asegurar que el aceite cubra el pist\u00f3n, la biela, el cilindro y la v\u00e1lvula.<\/li>    <li>Para el inyector, ret\u00edrelo, l\u00edmpielo y col\u00f3quelo en di\u00e9sel limpio. Afloje el tornillo de ajuste y tape el orificio del inyector con un tap\u00f3n de madera.<\/li>    <li>Por \u00faltimo, llene la caja del eje con aceite. Vierta 1kg de aceite de motor deshidratado en la caja de cambios, luego mueva el cig\u00fce\u00f1al varias veces para asegurar que el sistema de lubricaci\u00f3n est\u00e9 lleno de aceite.<\/li> <\/ul>    <p>&nbsp;<\/p>    <p>Si est\u00e1 interesado en nuestros tractorcillos agr\u00edcolas de paseo, no dude en ponerse en contacto con nosotros, construimos la m\u00e1quina m\u00e1s adecuada para usted.<\/p>","protected":false},"excerpt":{"rendered":"<p>El tractor de paseo agr\u00edcola generalmente tiene dos ruedas. Puede ser controlado por una sola persona. Puede trabajar con diferentes maquinaria agr\u00edcola como cultivadores, remolques, cultivadores, sembradoras, cosechadoras, etc.<\/p>","protected":false},"author":1,"featured_media":12797,"parent":0,"comment_status":"closed","ping_status":"closed","template":"","tags":[698],"product-type":[878],"class_list":["post-8326","product","type-product","status-publish","has-post-thumbnail","hentry","tag-tractor","product-type-manual-tractor"],"_links":{"self":[{"href":"https:\/\/www.agriculture-machine.com\/es\/wp-json\/wp\/v2\/product\/8326","targetHints":{"allow":["GET"]}}],"collection":[{"href":"https:\/\/www.agriculture-machine.com\/es\/wp-json\/wp\/v2\/product"}],"about":[{"href":"https:\/\/www.agriculture-machine.com\/es\/wp-json\/wp\/v2\/types\/product"}],"author":[{"embeddable":true,"href":"https:\/\/www.agriculture-machine.com\/es\/wp-json\/wp\/v2\/users\/1"}],"replies":[{"embeddable":true,"href":"https:\/\/www.agriculture-machine.com\/es\/wp-json\/wp\/v2\/comments?post=8326"}],"wp:featuredmedia":[{"embeddable":true,"href":"https:\/\/www.agriculture-machine.com\/es\/wp-json\/wp\/v2\/media\/12797"}],"wp:attachment":[{"href":"https:\/\/www.agriculture-machine.com\/es\/wp-json\/wp\/v2\/media?parent=8326"}],"wp:term":[{"taxonomy":"post_tag","embeddable":true,"href":"https:\/\/www.agriculture-machine.com\/es\/wp-json\/wp\/v2\/tags?post=8326"},{"taxonomy":"product-type","embeddable":true,"href":"https:\/\/www.agriculture-machine.com\/es\/wp-json\/wp\/v2\/product-type?post=8326"}],"curies":[{"name":"wp","href":"https:\/\/api.w.org\/{rel}","templated":true}]}}