{"id":90,"date":"2018-07-12T03:02:30","date_gmt":"2018-07-11T19:02:30","guid":{"rendered":"https:\/\/www.agriculture-machine.com\/?p=90"},"modified":"2024-10-24T14:11:29","modified_gmt":"2024-10-24T06:11:29","slug":"maize-peeler-and-thresher","status":"publish","type":"product","link":"https:\/\/www.agriculture-machine.com\/es\/maize-peeler-and-thresher\/","title":{"rendered":"M\u00e1quina de trillar ma\u00edz | descascaradora de ma\u00edz | peladora y trilladora de ma\u00edz"},"content":{"rendered":"<div class=\"img\"> <h2>Breve introducci\u00f3n de la descascaradora de ma\u00edz<\/h2> <p class=\"translation-block\"><a href=\"https:\/\/www.agriculture-machine.com\/es\/maize-sheller\/\">Trilladora de ma\u00edz<\/a> se refiere a un dispositivo mec\u00e1nico para trillado de ma\u00edz. La trilladora de ma\u00edz tiene las caracter\u00edsticas de alta automatizaci\u00f3n, fuerte seguridad, operaci\u00f3n sencilla y bajo consumo de energ\u00eda.<\/p> <p class=\"translation-block\">La parte interior del\u00a0<a href=\"https:\/\/www.agriculture-machine.com\/es\/corn-thresher-a-good-helper-for-farmers\/\"><strong>descascador de ma\u00edz<\/strong><\/a> tiene una estructura de arriba hacia abajo, y primero se pela la mazorca y luego se trilla. El martillo cilindroide es una parte importante para que la mazorca y el grano permanezcan intactos. Con un dise\u00f1o razonable y alta capacidad, esta descascaradora de ma\u00edz es realmente una herramienta \u00fatil para los agricultores, y es adecuada para uso dom\u00e9stico o industrial, aumentando en gran medida la eficiencia laboral.<\/p> <\/div>    <figure class=\"wp-block-image alignnone size-full wp-image-8656\"><img loading=\"lazy\" decoding=\"async\" width=\"720\" height=\"540\" src=\"https:\/\/www.agriculture-machine.com\/wp-content\/uploads\/2018\/07\/Cylindroid-hammer-of-corn-sheller.jpg\" alt=\"Martillo cilindroide de la descascaradora de ma\u00edz\" class=\"wp-image-8656\" srcset=\"https:\/\/www.agriculture-machine.com\/wp-content\/uploads\/2018\/07\/Cylindroid-hammer-of-corn-sheller.jpg 720w, https:\/\/www.agriculture-machine.com\/wp-content\/uploads\/2018\/07\/Cylindroid-hammer-of-corn-sheller-360x270.jpg 360w, https:\/\/www.agriculture-machine.com\/wp-content\/uploads\/2018\/07\/Cylindroid-hammer-of-corn-sheller-240x180.jpg 240w\" sizes=\"auto, (max-width: 720px) 100vw, 720px\" \/><figcaption class=\"wp-element-caption\">Martillo cilindroide de la descascaradora de ma\u00edz<\/figcaption><\/figure>    <h2 class=\"wp-block-heading\">Video de trabajo de la m\u00e1quina trilladora de ma\u00edz<\/h2>   <p><iframe loading=\"lazy\" title=\"Alta tecnolog\u00eda 1.5t\/h descascaradora de ma\u00edz para venta \/ trilladora de ma\u00edz \/ f\u00e1brica de trilladoras de ma\u00edz\" width=\"500\" height=\"281\" src=\"https:\/\/www.youtube.com\/embed\/1I_5hDldvw4?feature=oembed\" frameborder=\"0\" allow=\"accelerometer; autoplay; clipboard-write; encrypted-media; gyroscope; picture-in-picture; web-share\" referrerpolicy=\"strict-origin-when-cross-origin\" allowfullscreen><\/iframe><\/p>    <figure class=\"wp-block-image aligncenter\"><img loading=\"lazy\" decoding=\"async\" width=\"500\" height=\"600\" src=\"https:\/\/www.agriculture-machine.com\/wp-content\/uploads\/2018\/07\/corn-shelling-machine-8.jpg\" alt=\"\" class=\"wp-image-2891\" srcset=\"https:\/\/www.agriculture-machine.com\/wp-content\/uploads\/2018\/07\/corn-shelling-machine-8.jpg 500w, https:\/\/www.agriculture-machine.com\/wp-content\/uploads\/2018\/07\/corn-shelling-machine-8-225x270.jpg 225w, https:\/\/www.agriculture-machine.com\/wp-content\/uploads\/2018\/07\/corn-shelling-machine-8-450x540.jpg 450w\" sizes=\"auto, (max-width: 500px) 100vw, 500px\" \/><\/figure>    <h2 class=\"wp-block-heading\">Potencia adecuada de la descascaradora de ma\u00edz<\/h2>    <p>To meet customer&#8217;s different requirements, our maize thresher can be driven by a 2.2KW motor, 170F gasoline engine, or 8 HP diesel engine.<\/p>    <figure class=\"wp-block-image aligncenter\"><img loading=\"lazy\" decoding=\"async\" width=\"500\" height=\"600\" src=\"https:\/\/www.agriculture-machine.com\/wp-content\/uploads\/2018\/07\/corn-shelling-machine-9.jpg\" alt=\"\" class=\"wp-image-2892\" srcset=\"https:\/\/www.agriculture-machine.com\/wp-content\/uploads\/2018\/07\/corn-shelling-machine-9.jpg 500w, https:\/\/www.agriculture-machine.com\/wp-content\/uploads\/2018\/07\/corn-shelling-machine-9-225x270.jpg 225w, https:\/\/www.agriculture-machine.com\/wp-content\/uploads\/2018\/07\/corn-shelling-machine-9-450x540.jpg 450w\" sizes=\"auto, (max-width: 500px) 100vw, 500px\" \/><\/figure>    <h2 class=\"wp-block-heading\">Ventajas de la trilladora de ma\u00edz<\/h2>    <ol class=\"wp-block-list\"> <li>El ventilador de succi\u00f3n puede absorber las impurezas de las mazorcas, como seda de ma\u00edz, piel de ma\u00edz, polvo, etc.<\/li>    <li>Por tener cuatro ruedas, la m\u00e1quina de trillar ma\u00edz es f\u00e1cil de instalar y mover durante la operaci\u00f3n, y el lugar de trabajo de la trilladora no est\u00e1 restringido.<\/li>    <li>La m\u00e1quina trilladora de ma\u00edz tiene dos funciones, una es eliminar la c\u00e1scara del ma\u00edz, y la otra es trillarlo, lo que ahorra mucho tiempo y dinero en comparaci\u00f3n con la m\u00e1quina de funci\u00f3n \u00fanica.<\/li>    <li>Su alta eficiencia es la caracter\u00edstica m\u00e1s destacada, puede obtener de 1 a 1,5 toneladas de granos de ma\u00edz por hora. Porque la funci\u00f3n de pelado y trillado puede realizarse simult\u00e1neamente. Lo m\u00e1s importante es que la tasa de trilla alcanza el 97%, lo que significa que casi todos los granos permanecen intactos.<\/li>    <li>Bajo \u00edndice de rotura. Es menos del 3%.<\/li> <\/ol>    <figure class=\"wp-block-image aligncenter size-full wp-image-9072\"><img loading=\"lazy\" decoding=\"async\" width=\"500\" height=\"600\" src=\"https:\/\/www.agriculture-machine.com\/wp-content\/uploads\/2018\/07\/corn-thresher-machine.jpg\" alt=\"M\u00e1quina trilladora de ma\u00edz\" class=\"wp-image-9072\" srcset=\"https:\/\/www.agriculture-machine.com\/wp-content\/uploads\/2018\/07\/corn-thresher-machine.jpg 500w, https:\/\/www.agriculture-machine.com\/wp-content\/uploads\/2018\/07\/corn-thresher-machine-225x270.jpg 225w, https:\/\/www.agriculture-machine.com\/wp-content\/uploads\/2018\/07\/corn-thresher-machine-450x540.jpg 450w\" sizes=\"auto, (max-width: 500px) 100vw, 500px\" \/><figcaption class=\"wp-element-caption\">M\u00e1quina trilladora de ma\u00edz<\/figcaption><\/figure>    <h2 class=\"wp-block-heading\">Par\u00e1metros t\u00e9cnicos de la descascaradora de ma\u00edz<\/h2>    <figure class=\"wp-block-table is-style-stripes\"><table><tbody><tr><td>Modelo<\/td><td>SL-AB2<\/td><\/tr><tr><td>Potencia<\/td><td>2.2kw<\/td><\/tr><tr><td>Capacidad<\/td><td>1-1,5t\/h<\/td><\/tr><tr><td>Peso<\/td><td>110kg<\/td><\/tr><tr><td>Tama\u00f1o<\/td><td>1050*500*1300mm<\/td><\/tr><\/tbody><\/table><figcaption class=\"wp-element-caption\">Datos t\u00e9cnicos detallados de la trilladora de ma\u00edz<\/figcaption><\/figure>    <h2 class=\"wp-block-heading\">Un caso de \u00e9xito de la descascaradora de ma\u00edz<\/h2>    <p class=\"translation-block\">Hemos vendido numerosos contenedores de <strong>m\u00e1quinas trilladoras de ma\u00edz<\/strong> al extranjero, como m\u00e1quinas a Pakist\u00e1n <a href=\"https:\/\/www.agriculture-machine.com\/es\/maize-sheller-price-in-kenya\/\">especialmente al mercado africano<\/a>, (Nigeria, Ghana, Kenia, Marruecos, etc.). <\/p>    <p>Esta m\u00e1quina trilladora de ma\u00edz es muy apreciada por todos nuestros clientes, por eso es la m\u00e1s vendida en nuestra f\u00e1brica. <\/p>    <p>Recientemente, entregamos 1500 juegos de peladoras de ma\u00edz a Zimbabue como adquisici\u00f3n gubernamental. Nos tom\u00f3 un mes completar este pedido y empacarlos cuidadosamente para garantizar una entrega segura.<\/p>    <figure class=\"wp-block-image aligncenter\"><img loading=\"lazy\" decoding=\"async\" width=\"500\" height=\"600\" src=\"https:\/\/www.agriculture-machine.com\/wp-content\/uploads\/2018\/07\/corn-shelling-machine-5.jpg\" alt=\"\" class=\"wp-image-2888\" srcset=\"https:\/\/www.agriculture-machine.com\/wp-content\/uploads\/2018\/07\/corn-shelling-machine-5.jpg 500w, https:\/\/www.agriculture-machine.com\/wp-content\/uploads\/2018\/07\/corn-shelling-machine-5-225x270.jpg 225w, https:\/\/www.agriculture-machine.com\/wp-content\/uploads\/2018\/07\/corn-shelling-machine-5-450x540.jpg 450w\" sizes=\"auto, (max-width: 500px) 100vw, 500px\" \/><\/figure>    <figure class=\"wp-block-image aligncenter\"><img loading=\"lazy\" decoding=\"async\" width=\"500\" height=\"600\" src=\"https:\/\/www.agriculture-machine.com\/wp-content\/uploads\/2018\/07\/corn-shelling-machine-1.jpg\" alt=\"\" class=\"wp-image-2885\" srcset=\"https:\/\/www.agriculture-machine.com\/wp-content\/uploads\/2018\/07\/corn-shelling-machine-1.jpg 500w, https:\/\/www.agriculture-machine.com\/wp-content\/uploads\/2018\/07\/corn-shelling-machine-1-225x270.jpg 225w, https:\/\/www.agriculture-machine.com\/wp-content\/uploads\/2018\/07\/corn-shelling-machine-1-450x540.jpg 450w\" sizes=\"auto, (max-width: 500px) 100vw, 500px\" \/><\/figure>    <h2 class=\"wp-block-heading\">Preguntas frecuentes sobre la descascaradora de ma\u00edz<\/h2>   <div id=\"rank-math-faq\" class=\"rank-math-block\"> <div class=\"rank-math-list\"> <div id=\"faq-question-1715244983299\" class=\"rank-math-list-item\"> <h3 class=\"rank-math-question\">\u00bfCu\u00e1l es la estructura interna de la<strong> \u00bfM\u00e1quina trilladora de ma\u00edz?<\/strong><\/h3> <div class=\"rank-math-answer\">  <p>Se trata de una trilladora de estructura de arriba hacia abajo, lo que significa que la m\u00e1quina primero pela la piel y luego trilla el ma\u00edz.<\/p>  <\/div> <\/div> <div id=\"faq-question-1715244989064\" class=\"rank-math-list-item\"> <h3 class=\"rank-math-question\">\u00bfCu\u00e1l es la capacidad de esta descascaradora de ma\u00edz?<\/h3> <div class=\"rank-math-answer\">  <p>Su capacidad es de 1-1,5t\/h<\/p>  <\/div> <\/div> <div id=\"faq-question-1715245004624\" class=\"rank-math-list-item\"> <h3 class=\"rank-math-question\">\u00bfCu\u00e1les son las piezas de repuesto vulnerables? \u00bfNecesito comprarlas al hacer un pedido?<\/h3> <div class=\"rank-math-answer\">  <p>Los dos rodillos dentro de la m\u00e1quina trilladora de ma\u00edz son vulnerables y deben cambiarse anualmente. Es mejor comprar uno adicional.<\/p>  <\/div> <\/div> <div id=\"faq-question-1715245024080\" class=\"rank-math-list-item\"> <h3 class=\"rank-math-question\">\u00bfSe puede eliminar completamente la piel del ma\u00edz?<\/h3> <div class=\"rank-math-answer\">  <p>S\u00ed, puede eliminarse completamente y expulsarse por un ventilador de tiro.<\/p>  <\/div> <\/div> <div id=\"faq-question-1715245037520\" class=\"rank-math-list-item\"> <h3 class=\"rank-math-question\">\u00bfCu\u00e1l es la tasa de trilla?<\/h3> <div class=\"rank-math-answer\">  <p>La tasa de trilla puede alcanzar el 98% y los granos de ma\u00edz quedan muy limpios despu\u00e9s del trillado.<\/p>  <\/div> <\/div> <div id=\"faq-question-1715245045096\" class=\"rank-math-list-item\"> <h3 class=\"rank-math-question\">\u00bfHay granos de ma\u00edz rotos despu\u00e9s del trillado?<\/h3> <div class=\"rank-math-answer\">  <p>Dos rodillos hechos de material especial desempe\u00f1an un papel importante en el trillado, y su estructura cil\u00edndrica puede minimizar la tasa de rotura. Por lo tanto, la tasa de rotura es inferior al 3%.<\/p>  <\/div> <\/div> <div id=\"faq-question-1715245052392\" class=\"rank-math-list-item\"> <h3 class=\"rank-math-question\">\u00bfEsta m\u00e1quina de trillado de ma\u00edz solo sirve para ma\u00edz?<\/h3> <div class=\"rank-math-answer\">  <p>S\u00ed, es una m\u00e1quina que solo puede usarse para ma\u00edz o mazorca, pero tambi\u00e9n contamos con otras trilladoras multifuncionales para trillar diferentes cultivos. Bienvenido a contactarnos para saber m\u00e1s.<\/p>  <\/div> <\/div> <\/div> <\/div>   <h2 class=\"wp-block-heading\">\u00bfPor qu\u00e9 comprar una trilladora de ma\u00edz con nosotros?<\/h2>    <div>Somos un fabricante especializado en maquinaria agr\u00edcola. Adem\u00e1s de <a href=\"https:\/\/www.agriculture-machine.com\/es\/multifunctional-thresher-for-maize-beans-sorghum-millet\/\">Trilladoras de ma\u00edz<\/a>, we also have corn planters, seedling machines, transplanters, peanut shelling machines, grain grinders, grass cutters, etc. At present, much African government&#8217;s poverty alleviation projects have cooperated with us and purchased a large number of agricultural machinery from us.<\/div>    <div> <\/div>    <figure class=\"wp-block-image aligncenter size-full wp-image-8658\"><img loading=\"lazy\" decoding=\"async\" width=\"720\" height=\"540\" src=\"https:\/\/www.agriculture-machine.com\/wp-content\/uploads\/2018\/07\/African-government-poverty-alleviation-project-to-purchase-agricultural-machinery.jpg\" alt=\"Proyecto de alivio de la pobreza del gobierno africano para la compra de maquinaria agr\u00edcola\" class=\"wp-image-8658\" srcset=\"https:\/\/www.agriculture-machine.com\/wp-content\/uploads\/2018\/07\/African-government-poverty-alleviation-project-to-purchase-agricultural-machinery.jpg 720w, https:\/\/www.agriculture-machine.com\/wp-content\/uploads\/2018\/07\/African-government-poverty-alleviation-project-to-purchase-agricultural-machinery-360x270.jpg 360w, https:\/\/www.agriculture-machine.com\/wp-content\/uploads\/2018\/07\/African-government-poverty-alleviation-project-to-purchase-agricultural-machinery-240x180.jpg 240w\" sizes=\"auto, (max-width: 720px) 100vw, 720px\" \/><figcaption class=\"wp-element-caption\">Proyecto de alivio de la pobreza del gobierno africano para la compra de maquinaria agr\u00edcola<\/figcaption><\/figure>    <h2 class=\"wp-block-heading\">Cont\u00e1ctenos en cualquier momento<\/h2>    <p>Si est\u00e1 interesado en nuestras m\u00e1quinas de trillado de ma\u00edz o tiene alguna pregunta, no dude en contactarnos. Le damos la bienvenida a visitar nuestra f\u00e1brica, conocer m\u00e1s detalles sobre nuestros productos y experimentar la gama completa de servicios que ofrecemos. \u00a1Esperamos trabajar con usted!<\/p>","protected":false},"excerpt":{"rendered":"<p>Esta es una m\u00e1quina trilladora de ma\u00edz, y la m\u00e1quina elimina primero la c\u00e1scara del ma\u00edz y luego trilla el ma\u00edz. Por eso tambi\u00e9n se llama peladora y descascaradora de ma\u00edz. Con una alta tasa de trilla, los granos finales quedan muy limpios.<\/p>","protected":false},"author":1,"featured_media":0,"parent":0,"comment_status":"closed","ping_status":"closed","template":"","tags":[491,2614],"product-type":[893,872],"class_list":["post-90","product","type-product","status-publish","hentry","tag-corn","tag-thresher","product-type-corn-thresher","product-type-thresher-sheller"],"_links":{"self":[{"href":"https:\/\/www.agriculture-machine.com\/es\/wp-json\/wp\/v2\/product\/90","targetHints":{"allow":["GET"]}}],"collection":[{"href":"https:\/\/www.agriculture-machine.com\/es\/wp-json\/wp\/v2\/product"}],"about":[{"href":"https:\/\/www.agriculture-machine.com\/es\/wp-json\/wp\/v2\/types\/product"}],"author":[{"embeddable":true,"href":"https:\/\/www.agriculture-machine.com\/es\/wp-json\/wp\/v2\/users\/1"}],"replies":[{"embeddable":true,"href":"https:\/\/www.agriculture-machine.com\/es\/wp-json\/wp\/v2\/comments?post=90"}],"wp:attachment":[{"href":"https:\/\/www.agriculture-machine.com\/es\/wp-json\/wp\/v2\/media?parent=90"}],"wp:term":[{"taxonomy":"post_tag","embeddable":true,"href":"https:\/\/www.agriculture-machine.com\/es\/wp-json\/wp\/v2\/tags?post=90"},{"taxonomy":"product-type","embeddable":true,"href":"https:\/\/www.agriculture-machine.com\/es\/wp-json\/wp\/v2\/product-type?post=90"}],"curies":[{"name":"wp","href":"https:\/\/api.w.org\/{rel}","templated":true}]}}