{"id":9470,"date":"2021-03-23T15:39:55","date_gmt":"2021-03-23T07:39:55","guid":{"rendered":"https:\/\/www.agriculture-machine.com\/?p=9470"},"modified":"2024-09-18T16:13:14","modified_gmt":"2024-09-18T08:13:14","slug":"sorghum-thresher-for-threshing-millet-sorghum-rape-pearl-millet","status":"publish","type":"product","link":"https:\/\/www.agriculture-machine.com\/es\/sorghum-thresher-for-threshing-millet-sorghum-rape-pearl-millet\/","title":{"rendered":"Sorgo trillador | Mijo trillador | Mijo perla trillador"},"content":{"rendered":"<p class=\"translation-block\">Muchos pa\u00edses como Pakist\u00e1n, Kazajist\u00e1n, Tayikist\u00e1n, Kenia, Namibia, Zambia y otros pa\u00edses cultivar\u00e1n mijo, sorgo y colza. Para estos tres cultivos, hemos investigado y producido especialmente una empacadora para empacar sorgo, mijo y colza. Muchos fabricantes en el mercado presumen que sus <a href=\"https:\/\/www.agriculture-machine.com\/es\/multifunctional-thresher-machine\/\">m\u00e1quinas empacadoras multifuncionales<\/a> pueden empacar sorgo, mijo y colza, pero su efecto de empacado no es bueno. Su tasa de da\u00f1o es alta, y la tasa de impurezas tambi\u00e9n es alta. Nuestra empacadora de sorgo evita los problemas anteriores.<\/p> <figure id=\"attachment_9735\" aria-describedby=\"caption-attachment-9735\" style=\"width: 720px\" class=\"wp-caption alignnone\"><img loading=\"lazy\" decoding=\"async\" class=\"size-full wp-image-9735\" src=\"https:\/\/www.agriculture-machine.com\/wp-content\/uploads\/2021\/03\/sorghum-1.jpg\" alt=\"sorgo\" width=\"720\" height=\"540\" srcset=\"https:\/\/www.agriculture-machine.com\/wp-content\/uploads\/2021\/03\/sorghum-1.jpg 720w, https:\/\/www.agriculture-machine.com\/wp-content\/uploads\/2021\/03\/sorghum-1-360x270.jpg 360w, https:\/\/www.agriculture-machine.com\/wp-content\/uploads\/2021\/03\/sorghum-1-240x180.jpg 240w\" sizes=\"auto, (max-width: 720px) 100vw, 720px\" \/><figcaption id=\"caption-attachment-9735\" class=\"wp-caption-text\">sorgo<\/figcaption><\/figure> <h2><strong><b>Aplicaciones de la empacadora de mijo<\/b><\/strong><\/h2> <p>Las empacadoras de mijo son un producto nuevo desarrollado por nuestra empresa, especialmente para mijo, sorgo y colza. \u00bfAlguien dir\u00eda que su m\u00e1quina solo puede empacar estos tres cultivos? S\u00ed, porque esta m\u00e1quina est\u00e1 investigada y producida especialmente seg\u00fan el tama\u00f1o y las caracter\u00edsticas del sorgo y el mijo.<\/p> <div id='gallery-1' class='gallery galleryid-9470 gallery-columns-3 gallery-size-large'><figure class='gallery-item'> \t\t\t<div class='gallery-icon landscape'> \t\t\t\t<a href='https:\/\/www.agriculture-machine.com\/wp-content\/uploads\/2021\/03\/millet.jpg'><img loading=\"lazy\" decoding=\"async\" width=\"720\" height=\"540\" src=\"https:\/\/www.agriculture-machine.com\/wp-content\/uploads\/2021\/03\/millet.jpg\" class=\"attachment-large size-large\" alt=\"mijo\" aria-describedby=\"gallery-1-9472\" srcset=\"https:\/\/www.agriculture-machine.com\/wp-content\/uploads\/2021\/03\/millet.jpg 720w, https:\/\/www.agriculture-machine.com\/wp-content\/uploads\/2021\/03\/millet-360x270.jpg 360w, https:\/\/www.agriculture-machine.com\/wp-content\/uploads\/2021\/03\/millet-240x180.jpg 240w\" sizes=\"auto, (max-width: 720px) 100vw, 720px\" \/><\/a> \t\t\t<\/div> \t\t\t\t<figcaption class='wp-caption-text gallery-caption' id='gallery-1-9472'> \t\t\t\tmijo \t\t\t\t<\/figcaption><\/figure><figure class='gallery-item'> \t\t\t<div class='gallery-icon landscape'> \t\t\t\t<a href='https:\/\/www.agriculture-machine.com\/wp-content\/uploads\/2021\/03\/rape.jpg'><img loading=\"lazy\" decoding=\"async\" width=\"720\" height=\"540\" src=\"https:\/\/www.agriculture-machine.com\/wp-content\/uploads\/2021\/03\/rape.jpg\" class=\"attachment-large size-large\" alt=\"colza\" aria-describedby=\"gallery-1-9473\" srcset=\"https:\/\/www.agriculture-machine.com\/wp-content\/uploads\/2021\/03\/rape.jpg 720w, https:\/\/www.agriculture-machine.com\/wp-content\/uploads\/2021\/03\/rape-360x270.jpg 360w, https:\/\/www.agriculture-machine.com\/wp-content\/uploads\/2021\/03\/rape-240x180.jpg 240w\" sizes=\"auto, (max-width: 720px) 100vw, 720px\" \/><\/a> \t\t\t<\/div> \t\t\t\t<figcaption class='wp-caption-text gallery-caption' id='gallery-1-9473'> \t\t\t\tcolza \t\t\t\t<\/figcaption><\/figure><figure class='gallery-item'> \t\t\t<div class='gallery-icon landscape'> \t\t\t\t<a href='https:\/\/www.agriculture-machine.com\/wp-content\/uploads\/2021\/03\/Sorghum-2.jpg'><img loading=\"lazy\" decoding=\"async\" width=\"720\" height=\"540\" src=\"https:\/\/www.agriculture-machine.com\/wp-content\/uploads\/2021\/03\/Sorghum-2.jpg\" class=\"attachment-large size-large\" alt=\"Sorgo-2\" aria-describedby=\"gallery-1-9474\" srcset=\"https:\/\/www.agriculture-machine.com\/wp-content\/uploads\/2021\/03\/Sorghum-2.jpg 720w, https:\/\/www.agriculture-machine.com\/wp-content\/uploads\/2021\/03\/Sorghum-2-360x270.jpg 360w, https:\/\/www.agriculture-machine.com\/wp-content\/uploads\/2021\/03\/Sorghum-2-240x180.jpg 240w\" sizes=\"auto, (max-width: 720px) 100vw, 720px\" \/><\/a> \t\t\t<\/div> \t\t\t\t<figcaption class='wp-caption-text gallery-caption' id='gallery-1-9474'> \t\t\t\tSorgo-2 \t\t\t\t<\/figcaption><\/figure><figure class='gallery-item'> \t\t\t<div class='gallery-icon landscape'> \t\t\t\t<a href='https:\/\/www.agriculture-machine.com\/wp-content\/uploads\/2021\/03\/pearl-millet.jpg'><img loading=\"lazy\" decoding=\"async\" width=\"720\" height=\"540\" src=\"https:\/\/www.agriculture-machine.com\/wp-content\/uploads\/2021\/03\/pearl-millet.jpg\" class=\"attachment-large size-large\" alt=\"mijo-perla\" aria-describedby=\"gallery-1-9476\" srcset=\"https:\/\/www.agriculture-machine.com\/wp-content\/uploads\/2021\/03\/pearl-millet.jpg 720w, https:\/\/www.agriculture-machine.com\/wp-content\/uploads\/2021\/03\/pearl-millet-360x270.jpg 360w, https:\/\/www.agriculture-machine.com\/wp-content\/uploads\/2021\/03\/pearl-millet-240x180.jpg 240w\" sizes=\"auto, (max-width: 720px) 100vw, 720px\" \/><\/a> \t\t\t<\/div> \t\t\t\t<figcaption class='wp-caption-text gallery-caption' id='gallery-1-9476'> \t\t\t\tmijo-perla \t\t\t\t<\/figcaption><\/figure><figure class='gallery-item'> \t\t\t<div class='gallery-icon landscape'> \t\t\t\t<a href='https:\/\/www.agriculture-machine.com\/wp-content\/uploads\/2021\/03\/Rapeseed.jpg'><img loading=\"lazy\" decoding=\"async\" width=\"720\" height=\"540\" src=\"https:\/\/www.agriculture-machine.com\/wp-content\/uploads\/2021\/03\/Rapeseed.jpg\" class=\"attachment-large size-large\" alt=\"Colza\" aria-describedby=\"gallery-1-9477\" srcset=\"https:\/\/www.agriculture-machine.com\/wp-content\/uploads\/2021\/03\/Rapeseed.jpg 720w, https:\/\/www.agriculture-machine.com\/wp-content\/uploads\/2021\/03\/Rapeseed-360x270.jpg 360w, https:\/\/www.agriculture-machine.com\/wp-content\/uploads\/2021\/03\/Rapeseed-240x180.jpg 240w\" sizes=\"auto, (max-width: 720px) 100vw, 720px\" \/><\/a> \t\t\t<\/div> \t\t\t\t<figcaption class='wp-caption-text gallery-caption' id='gallery-1-9477'> \t\t\t\tColza \t\t\t\t<\/figcaption><\/figure><figure class='gallery-item'> \t\t\t<div class='gallery-icon landscape'> \t\t\t\t<a href='https:\/\/www.agriculture-machine.com\/wp-content\/uploads\/2021\/03\/sorghum-seed.jpg'><img loading=\"lazy\" decoding=\"async\" width=\"720\" height=\"540\" src=\"https:\/\/www.agriculture-machine.com\/wp-content\/uploads\/2021\/03\/sorghum-seed.jpg\" class=\"attachment-large size-large\" alt=\"semilla-de-sorgo\" aria-describedby=\"gallery-1-9475\" srcset=\"https:\/\/www.agriculture-machine.com\/wp-content\/uploads\/2021\/03\/sorghum-seed.jpg 720w, https:\/\/www.agriculture-machine.com\/wp-content\/uploads\/2021\/03\/sorghum-seed-360x270.jpg 360w, https:\/\/www.agriculture-machine.com\/wp-content\/uploads\/2021\/03\/sorghum-seed-240x180.jpg 240w\" sizes=\"auto, (max-width: 720px) 100vw, 720px\" \/><\/a> \t\t\t<\/div> \t\t\t\t<figcaption class='wp-caption-text gallery-caption' id='gallery-1-9475'> \t\t\t\tsemilla-de-sorgo \t\t\t\t<\/figcaption><\/figure> \t\t<\/div>  <h2>Caracter\u00edsticas de la m\u00e1quina empacadora de sorgo<\/h2> <p>\u2666Estructura razonable y rendimiento estable: Los usuarios pueden empacar directamente el arroz, el mijo y la colza cosechados sin secar.<\/p> <p>\u2666Operaci\u00f3n sencilla: solo requiere alimentaci\u00f3n manual, y la m\u00e1quina empaca y filtra el sorgo por s\u00ed misma.<\/p> <p>\u2666La m\u00e1quina tiene ruedas grandes para facilitar el movimiento, y no hay restricci\u00f3n en el lugar de trabajo.<\/p> <p>\u2666La empacadora de mijo perla puede usarse como m\u00e1quina independiente o combinada con un tractor para mejorar la eficiencia del trabajo.<\/p> <p>\u2666Este modelo es una empacadora de granos de alta eficiencia. Si necesita un tama\u00f1o peque\u00f1o, cont\u00e1ctenos para informarnos sus necesidades.<\/p> <p>\u2666Potencia equipada de la empacadora de sorgo: motor el\u00e9ctrico de 7.5 ~ 11 kW, motor di\u00e9sel de 15-20 caballos de fuerza para lugares con poca electricidad.<\/p> <div id='gallery-2' class='gallery galleryid-9470 gallery-columns-2 gallery-size-large'><figure class='gallery-item'> \t\t\t<div class='gallery-icon landscape'> \t\t\t\t<a href='https:\/\/www.agriculture-machine.com\/wp-content\/uploads\/2021\/03\/pearl-millet-thresher-1-2.jpg'><img loading=\"lazy\" decoding=\"async\" width=\"720\" height=\"540\" src=\"https:\/\/www.agriculture-machine.com\/wp-content\/uploads\/2021\/03\/pearl-millet-thresher-1-2.jpg\" class=\"attachment-large size-large\" alt=\"empacadora-de-mijo-perla-\" aria-describedby=\"gallery-2-9745\" srcset=\"https:\/\/www.agriculture-machine.com\/wp-content\/uploads\/2021\/03\/pearl-millet-thresher-1-2.jpg 720w, https:\/\/www.agriculture-machine.com\/wp-content\/uploads\/2021\/03\/pearl-millet-thresher-1-2-360x270.jpg 360w, https:\/\/www.agriculture-machine.com\/wp-content\/uploads\/2021\/03\/pearl-millet-thresher-1-2-240x180.jpg 240w\" sizes=\"auto, (max-width: 720px) 100vw, 720px\" \/><\/a> \t\t\t<\/div> \t\t\t\t<figcaption class='wp-caption-text gallery-caption' id='gallery-2-9745'> \t\t\t\tempacadora-de-mijo-perla- \t\t\t\t<\/figcaption><\/figure><figure class='gallery-item'> \t\t\t<div class='gallery-icon landscape'> \t\t\t\t<a href='https:\/\/www.agriculture-machine.com\/wp-content\/uploads\/2021\/03\/millet-thresher-machne-2.jpg'><img loading=\"lazy\" decoding=\"async\" width=\"720\" height=\"540\" src=\"https:\/\/www.agriculture-machine.com\/wp-content\/uploads\/2021\/03\/millet-thresher-machne-2.jpg\" class=\"attachment-large size-large\" alt=\"m\u00e1quina-de-empacar-mijo\" aria-describedby=\"gallery-2-9744\" srcset=\"https:\/\/www.agriculture-machine.com\/wp-content\/uploads\/2021\/03\/millet-thresher-machne-2.jpg 720w, https:\/\/www.agriculture-machine.com\/wp-content\/uploads\/2021\/03\/millet-thresher-machne-2-360x270.jpg 360w, https:\/\/www.agriculture-machine.com\/wp-content\/uploads\/2021\/03\/millet-thresher-machne-2-240x180.jpg 240w\" sizes=\"auto, (max-width: 720px) 100vw, 720px\" \/><\/a> \t\t\t<\/div> \t\t\t\t<figcaption class='wp-caption-text gallery-caption' id='gallery-2-9744'> \t\t\t\tm\u00e1quina-de-empacar-mijo \t\t\t\t<\/figcaption><\/figure><figure class='gallery-item'> \t\t\t<div class='gallery-icon landscape'> \t\t\t\t<a href='https:\/\/www.agriculture-machine.com\/wp-content\/uploads\/2021\/03\/sorghum-thresher-combined-with-a-tractor-1-2.jpg'><img loading=\"lazy\" decoding=\"async\" width=\"720\" height=\"540\" src=\"https:\/\/www.agriculture-machine.com\/wp-content\/uploads\/2021\/03\/sorghum-thresher-combined-with-a-tractor-1-2.jpg\" class=\"attachment-large size-large\" alt=\"sorgo-empacadora-combinada-con-un-tractor--\" aria-describedby=\"gallery-2-9747\" srcset=\"https:\/\/www.agriculture-machine.com\/wp-content\/uploads\/2021\/03\/sorghum-thresher-combined-with-a-tractor-1-2.jpg 720w, https:\/\/www.agriculture-machine.com\/wp-content\/uploads\/2021\/03\/sorghum-thresher-combined-with-a-tractor-1-2-360x270.jpg 360w, https:\/\/www.agriculture-machine.com\/wp-content\/uploads\/2021\/03\/sorghum-thresher-combined-with-a-tractor-1-2-240x180.jpg 240w\" sizes=\"auto, (max-width: 720px) 100vw, 720px\" \/><\/a> \t\t\t<\/div> \t\t\t\t<figcaption class='wp-caption-text gallery-caption' id='gallery-2-9747'> \t\t\t\tsorghum-thresher-combined-with-a-tractor&#8211; \t\t\t\t<\/figcaption><\/figure><figure class='gallery-item'> \t\t\t<div class='gallery-icon landscape'> \t\t\t\t<a href='https:\/\/www.agriculture-machine.com\/wp-content\/uploads\/2021\/03\/sorghum-thresher-combined-with-a-tractor-2.jpg'><img loading=\"lazy\" decoding=\"async\" width=\"720\" height=\"540\" src=\"https:\/\/www.agriculture-machine.com\/wp-content\/uploads\/2021\/03\/sorghum-thresher-combined-with-a-tractor-2.jpg\" class=\"attachment-large size-large\" alt=\"sorghum-empacadora-combinada-con-un-tractor\" aria-describedby=\"gallery-2-9746\" srcset=\"https:\/\/www.agriculture-machine.com\/wp-content\/uploads\/2021\/03\/sorghum-thresher-combined-with-a-tractor-2.jpg 720w, https:\/\/www.agriculture-machine.com\/wp-content\/uploads\/2021\/03\/sorghum-thresher-combined-with-a-tractor-2-360x270.jpg 360w, https:\/\/www.agriculture-machine.com\/wp-content\/uploads\/2021\/03\/sorghum-thresher-combined-with-a-tractor-2-240x180.jpg 240w\" sizes=\"auto, (max-width: 720px) 100vw, 720px\" \/><\/a> \t\t\t<\/div> \t\t\t\t<figcaption class='wp-caption-text gallery-caption' id='gallery-2-9746'> \t\t\t\tsorghum-empacadora-combinada-con-un-tractor \t\t\t\t<\/figcaption><\/figure> \t\t<\/div>  <h2>\u00bfQu\u00e9 condiciones son las mejores para empacar mijo, sorgo y colza?<\/h2> <p>Cuando utilice una empacadora de sorgo, por favor, bajo la condici\u00f3n de que el contenido de agua del grano sea del 15-20%<\/p> <p>tasa de empacado: \u226599%<\/p> <p>tasa de da\u00f1o: \u22642.5%<\/p> <p>tasa de impurezas: \u22641.5%<\/p> <p>producci\u00f3n: 800-1000kg\/h<\/p> <h2>Video de trabajo de la empacadora de mijo perla<\/h2> <p><iframe loading=\"lazy\" title=\"empacadora-de-sorgo\/empacadora-de-mijo\/empacadora-de-sorgo\/empacadora-de-colza\" width=\"500\" height=\"281\" src=\"https:\/\/www.youtube.com\/embed\/64tL5kKASjQ?feature=oembed\" frameborder=\"0\" allow=\"accelerometer; autoplay; clipboard-write; encrypted-media; gyroscope; picture-in-picture; web-share\" referrerpolicy=\"strict-origin-when-cross-origin\" allowfullscreen><\/iframe><\/p> <h2>Caso de cliente<\/h2> <p>Vendimos 3 conjuntos de empacadoras de mijo a Namibia. El cliente cultiva principalmente sorgo y mijo. Debido a que se planta en una gran \u00e1rea, compr\u00f3 estas empacadoras de mijo.<\/p> <figure id=\"attachment_9741\" aria-describedby=\"caption-attachment-9741\" style=\"width: 720px\" class=\"wp-caption alignnone\"><img loading=\"lazy\" decoding=\"async\" class=\"size-full wp-image-9741\" src=\"https:\/\/www.agriculture-machine.com\/wp-content\/uploads\/2021\/03\/3-sets-of-sorghum-thresher-sold-to-Namibia-2.jpg\" alt=\"3-conjuntos-de-empacadora-de-sorgo-vendidos-a-Namibia\" width=\"720\" height=\"540\" srcset=\"https:\/\/www.agriculture-machine.com\/wp-content\/uploads\/2021\/03\/3-sets-of-sorghum-thresher-sold-to-Namibia-2.jpg 720w, https:\/\/www.agriculture-machine.com\/wp-content\/uploads\/2021\/03\/3-sets-of-sorghum-thresher-sold-to-Namibia-2-360x270.jpg 360w, https:\/\/www.agriculture-machine.com\/wp-content\/uploads\/2021\/03\/3-sets-of-sorghum-thresher-sold-to-Namibia-2-240x180.jpg 240w\" sizes=\"auto, (max-width: 720px) 100vw, 720px\" \/><figcaption id=\"caption-attachment-9741\" class=\"wp-caption-text\">3-conjuntos-de-empacadora-de-sorgo-vendidos-a-Namibia<\/figcaption><\/figure> <h2>Par\u00e1metros t\u00e9cnicos<\/h2> <table> <tbody> <tr> <td width=\"225\"><strong><b>Modelo <\/b><\/strong><\/td> <td width=\"343\"><strong><b>5TGQ-100A<\/b><\/strong><\/td> <\/tr> <tr> <td width=\"225\"><strong><b>Potencia <\/b><\/strong><\/td> <td width=\"343\"><strong><b>7.5-11kw o 12-15hp <\/b><\/strong><\/td> <\/tr> <tr> <td width=\"225\"><strong><b>Tasa de empacado<\/b><\/strong><\/td> <td width=\"343\"><strong><b>99%<\/b><\/strong><\/td> <\/tr> <tr> <td width=\"225\"><strong><b>Capacidad<\/b><\/strong><\/td> <td width=\"343\"><strong><b>1000kg\/h <\/b><\/strong><\/td> <\/tr> <tr> <td width=\"225\"><strong><b>Peso <\/b><\/strong><\/td> <td width=\"343\"><strong><b>200kg<\/b><\/strong><\/td> <\/tr> <tr> <td width=\"225\"><strong><b>Tama\u00f1o<\/b><\/strong><\/td> <td width=\"343\"><strong><b>1900*880*2380mm<\/b><\/strong><\/td> <\/tr> <\/tbody> <\/table>","protected":false},"excerpt":{"rendered":"<p>Many countries such as Pakistan, Kazakhstan, Tajikistan, Kenya, Namibia, Zambia, and other countries will grow millet, sorghum, and rape. For these three crops, we have specially researched and produced a thresher for threshing sorghum, millet, and rape. Many manufacturers on the market boast that their multifunctional thresher machines can thresh sorghum, millet, and rape, but [&hellip;]<\/p>\n","protected":false},"author":1,"featured_media":9479,"parent":0,"comment_status":"closed","ping_status":"closed","template":"","tags":[2614],"product-type":[246,2,896],"class_list":["post-9470","product","type-product","status-publish","has-post-thumbnail","hentry","tag-thresher","product-type-hot-sale","product-type-products","product-type-sorghum-millet-rapeseed-thresher"],"_links":{"self":[{"href":"https:\/\/www.agriculture-machine.com\/es\/wp-json\/wp\/v2\/product\/9470","targetHints":{"allow":["GET"]}}],"collection":[{"href":"https:\/\/www.agriculture-machine.com\/es\/wp-json\/wp\/v2\/product"}],"about":[{"href":"https:\/\/www.agriculture-machine.com\/es\/wp-json\/wp\/v2\/types\/product"}],"author":[{"embeddable":true,"href":"https:\/\/www.agriculture-machine.com\/es\/wp-json\/wp\/v2\/users\/1"}],"replies":[{"embeddable":true,"href":"https:\/\/www.agriculture-machine.com\/es\/wp-json\/wp\/v2\/comments?post=9470"}],"wp:featuredmedia":[{"embeddable":true,"href":"https:\/\/www.agriculture-machine.com\/es\/wp-json\/wp\/v2\/media\/9479"}],"wp:attachment":[{"href":"https:\/\/www.agriculture-machine.com\/es\/wp-json\/wp\/v2\/media?parent=9470"}],"wp:term":[{"taxonomy":"post_tag","embeddable":true,"href":"https:\/\/www.agriculture-machine.com\/es\/wp-json\/wp\/v2\/tags?post=9470"},{"taxonomy":"product-type","embeddable":true,"href":"https:\/\/www.agriculture-machine.com\/es\/wp-json\/wp\/v2\/product-type?post=9470"}],"curies":[{"name":"wp","href":"https:\/\/api.w.org\/{rel}","templated":true}]}}