{"id":9825,"date":"2021-04-09T14:37:03","date_gmt":"2021-04-09T06:37:03","guid":{"rendered":"https:\/\/www.agriculture-machine.com\/?p=9825"},"modified":"2025-08-29T14:33:29","modified_gmt":"2025-08-29T06:33:29","slug":"corn-flour-machine-maize-flour-milling-machine","status":"publish","type":"product","link":"https:\/\/www.agriculture-machine.com\/es\/corn-flour-machine-maize-flour-milling-machine\/","title":{"rendered":"Molino de harina de ma\u00edz | M\u00e1quina de molienda de harina de ma\u00edz"},"content":{"rendered":"<p>La m\u00e1quina de harina de ma\u00edz es un equipo de molienda vers\u00e1til adecuado para ma\u00edz, trigo, arroz, granos, legumbres y ciertos pellets industriales, qu\u00edmicos y farmac\u00e9uticos, con una capacidad de producci\u00f3n diaria de 350-500 kg\/h. Puede moler ma\u00edz en polvo fino que supera los 100 mallas, produciendo un acabado suave y uniforme sin manchas oscuras, maximizando la retenci\u00f3n de nutrientes y sabor del grano.<\/p>    <p>Equipado con un soplador de alta presi\u00f3n y mini dep\u00f3sitos de almacenamiento de doble tolva, permite una alimentaci\u00f3n neum\u00e1tica totalmente automatizada. La alimentaci\u00f3n, molienda y tamizado se completan sin intervenci\u00f3n manual, aumentando significativamente la eficiencia de producci\u00f3n y reduciendo los requisitos de mano de obra.<\/p>    <figure class=\"wp-block-image aligncenter size-full wp-image-9827\"><img loading=\"lazy\" decoding=\"async\" width=\"720\" height=\"540\" src=\"https:\/\/www.agriculture-machine.com\/wp-content\/uploads\/2021\/04\/maize-flour-grinding-machine.jpg\" alt=\"m\u00e1quina de molienda de harina de ma\u00edz\" class=\"wp-image-9827\" srcset=\"https:\/\/www.agriculture-machine.com\/wp-content\/uploads\/2021\/04\/maize-flour-grinding-machine.jpg 720w, https:\/\/www.agriculture-machine.com\/wp-content\/uploads\/2021\/04\/maize-flour-grinding-machine-360x270.jpg 360w, https:\/\/www.agriculture-machine.com\/wp-content\/uploads\/2021\/04\/maize-flour-grinding-machine-240x180.jpg 240w\" sizes=\"auto, (max-width: 720px) 100vw, 720px\" \/><figcaption class=\"wp-element-caption\">m\u00e1quina de molienda de harina de ma\u00edz<\/figcaption><\/figure>    <h2 class=\"wp-block-heading\">Ventajas de la m\u00e1quina de molienda de ma\u00edz y molienda de ma\u00edz<\/h2>    <ul class=\"wp-block-list\"> <li>Alta eficiencia y ahorro de energ\u00eda: bajo consumo energ\u00e9tico, alta eficiencia de producci\u00f3n y salida diaria estable.<\/li>    <li>Huella compacta: la huella total no excede los 3 metros cuadrados, ideal para talleres peque\u00f1os y operaciones dom\u00e9sticas.<\/li>    <li>Operaci\u00f3n totalmente autom\u00e1tica: automatiza la alimentaci\u00f3n, molienda, tamizado y clasificaci\u00f3n con control de un solo operador.<\/li>    <li>Aplicaci\u00f3n vers\u00e1til: muele ma\u00edz de diferentes tama\u00f1os junto con otros granos y legumbres.<\/li>    <li>Seguridad higi\u00e9nica: todas las superficies de contacto cuentan con construcci\u00f3n en acero inoxidable para facilitar la limpieza y cumplir con las normas de seguridad alimentaria.<\/li>    <li>Alta producci\u00f3n y durabilidad: logra un 5% m\u00e1s de producci\u00f3n que equipos comparables con una vida \u00fatil superior a 5 a\u00f1os.<\/li> <\/ul>    <figure class=\"wp-block-image aligncenter size-full wp-image-9843\"><img loading=\"lazy\" decoding=\"async\" width=\"720\" height=\"540\" src=\"https:\/\/www.agriculture-machine.com\/wp-content\/uploads\/2021\/04\/corn-flour-maize-flour-sorghum-flour-1.jpg\" alt=\"Harina de ma\u00edz, harina de sorgo, harina de ma\u00edz\" class=\"wp-image-9843\" srcset=\"https:\/\/www.agriculture-machine.com\/wp-content\/uploads\/2021\/04\/corn-flour-maize-flour-sorghum-flour-1.jpg 720w, https:\/\/www.agriculture-machine.com\/wp-content\/uploads\/2021\/04\/corn-flour-maize-flour-sorghum-flour-1-360x270.jpg 360w, https:\/\/www.agriculture-machine.com\/wp-content\/uploads\/2021\/04\/corn-flour-maize-flour-sorghum-flour-1-240x180.jpg 240w\" sizes=\"auto, (max-width: 720px) 100vw, 720px\" \/><figcaption class=\"wp-element-caption\">Harina de ma\u00edz, harina de sorgo, harina de ma\u00edz<\/figcaption><\/figure>    <h2 class=\"wp-block-heading\">Estructura de la m\u00e1quina de molienda de harina de trigo y ma\u00edz<\/h2>    <p>La estructura de la m\u00e1quina de harina de ma\u00edz est\u00e1 compuesta por equipo de molienda, equipo de tamizado y frenos. La figura siguiente presenta en detalle la estructura y caracter\u00edsticas de la peque\u00f1a m\u00e1quina de molienda de ma\u00edz para uso dom\u00e9stico.<\/p>    <p>Esta m\u00e1quina de molienda de granos est\u00e1 compuesta por un rodillo de molienda, cabeza de molienda, drag\u00f3n de freno, ventilador, compuerta de aire, pantalla redonda, dispositivo de descarga, caja de distribuci\u00f3n de energ\u00eda y otros componentes principales. Entre ellos, la caja de distribuci\u00f3n de energ\u00eda es exclusiva de nuestra f\u00e1brica. El dise\u00f1o tambi\u00e9n es la raz\u00f3n por la que muchos clientes eligen nuestra m\u00e1quina de harina.<\/p>    <figure class=\"wp-block-image aligncenter size-full wp-image-9828\"><img loading=\"lazy\" decoding=\"async\" width=\"720\" height=\"540\" src=\"https:\/\/www.agriculture-machine.com\/wp-content\/uploads\/2021\/04\/the-structure-of-corn-flour-machine.jpg\" alt=\"estructura de la m\u00e1quina de harina de ma\u00edz\" class=\"wp-image-9828\" srcset=\"https:\/\/www.agriculture-machine.com\/wp-content\/uploads\/2021\/04\/the-structure-of-corn-flour-machine.jpg 720w, https:\/\/www.agriculture-machine.com\/wp-content\/uploads\/2021\/04\/the-structure-of-corn-flour-machine-360x270.jpg 360w, https:\/\/www.agriculture-machine.com\/wp-content\/uploads\/2021\/04\/the-structure-of-corn-flour-machine-240x180.jpg 240w\" sizes=\"auto, (max-width: 720px) 100vw, 720px\" \/><figcaption class=\"wp-element-caption\">estructura de la m\u00e1quina de harina de ma\u00edz<\/figcaption><\/figure>    <h2 class=\"wp-block-heading\">Diferencias entre m\u00e1quina de grits de ma\u00edz y m\u00e1quina de harina de ma\u00edz<\/h2>    <ul class=\"wp-block-list\"> <li><strong>Pelado de ma\u00edz y <a href=\"https:\/\/www.agriculture-machine.com\/es\/corn-grits-making-machine\/\">M\u00e1quina para hacer grits<\/a><\/strong> Tambi\u00e9n llamadas m\u00e1quinas de grano de ma\u00edz. Esta m\u00e1quina utiliza granos de ma\u00edz como materia prima para realizar limpieza, pelado, eliminaci\u00f3n de germen, eliminaci\u00f3n de ra\u00edz, eliminaci\u00f3n de navela negra, trituraci\u00f3n, fabricaci\u00f3n de grits, clasificaci\u00f3n, pulido, etc. <\/li>    <li>El proceso se realiza en una sola vez, y puede producir diferentes tama\u00f1os de gr\u00e1nulos de ma\u00edz y harina de ma\u00edz. Estos gr\u00e1nulos de ma\u00edz pueden ingresarse directamente en supermercados y mercados mayoristas de granos y aceites.<\/li> <\/ul>    <figure class=\"wp-block-image aligncenter size-full\"><img loading=\"lazy\" decoding=\"async\" width=\"720\" height=\"540\" src=\"https:\/\/www.agriculture-machine.com\/wp-content\/uploads\/2021\/04\/corn-grit-making-machine.jpg\" alt=\"M\u00e1quina para hacer grits de ma\u00edz\" class=\"wp-image-9830\" srcset=\"https:\/\/www.agriculture-machine.com\/wp-content\/uploads\/2021\/04\/corn-grit-making-machine.jpg 720w, https:\/\/www.agriculture-machine.com\/wp-content\/uploads\/2021\/04\/corn-grit-making-machine-360x270.jpg 360w, https:\/\/www.agriculture-machine.com\/wp-content\/uploads\/2021\/04\/corn-grit-making-machine-240x180.jpg 240w\" sizes=\"auto, (max-width: 720px) 100vw, 720px\" \/><figcaption class=\"wp-element-caption\">M\u00e1quina para hacer grits de ma\u00edz<\/figcaption><\/figure>    <ul class=\"wp-block-list\"> <li>El <strong>M\u00e1quina de harina de ma\u00edz<\/strong> Es una colecci\u00f3n de tamizado, trituraci\u00f3n y molienda de harina. La estructura es simple, compacta y ligera. La m\u00e1quina procesa ma\u00edz en harina de ma\u00edz, sorgo en harina de sorgo y trigo en harina de trigo. <\/li>    <li>Es muy conveniente y flexible de usar. Una m\u00e1quina tiene m\u00faltiples funciones, y es adecuada para operaciones rurales y peque\u00f1as de procesamiento de granos y alimentos.<br><\/li> <\/ul>    <figure class=\"wp-block-image aligncenter size-full\"><img loading=\"lazy\" decoding=\"async\" width=\"720\" height=\"540\" src=\"https:\/\/www.agriculture-machine.com\/wp-content\/uploads\/2021\/04\/maize-flour-grinding-machine-1.jpg\" alt=\"m\u00e1quina de molienda de harina de ma\u00edz\" class=\"wp-image-9831\" srcset=\"https:\/\/www.agriculture-machine.com\/wp-content\/uploads\/2021\/04\/maize-flour-grinding-machine-1.jpg 720w, https:\/\/www.agriculture-machine.com\/wp-content\/uploads\/2021\/04\/maize-flour-grinding-machine-1-360x270.jpg 360w, https:\/\/www.agriculture-machine.com\/wp-content\/uploads\/2021\/04\/maize-flour-grinding-machine-1-240x180.jpg 240w\" sizes=\"auto, (max-width: 720px) 100vw, 720px\" \/><figcaption class=\"wp-element-caption\">m\u00e1quina de molienda de harina de ma\u00edz<\/figcaption><\/figure>    <p>Taizy Machinery Manufacturing Company produce molinos de harina, peque\u00f1as m\u00e1quinas de harina de ma\u00edz, molinos de harina, molinos de piedra, maquinaria de harina y otros equipos. Si deseas conocer el precio de los molinos de harina, no dudes en consultar.<\/p>    <h2 class=\"wp-block-heading\">Casos de \u00e9xito<\/h2>    <p>Nuestros equipos han sido exportados a m\u00e1s de 50 pa\u00edses, como Zimbabue, Colombia, Ghana, Pakist\u00e1n, Sri Lanka y Yemen, cubriendo toda la industria del procesamiento de granos. <\/p>    <p>Para evitar colisiones de la m\u00e1quina durante el transporte, usamos soportes de hierro para fijar la m\u00e1quina y luego empacarla en cajas de madera. Por lo tanto, cada m\u00e1quina de molienda de harina de ma\u00edz que exportamos no ha sufrido da\u00f1os.<\/p>    <figure class=\"wp-block-gallery has-nested-images columns-3 is-cropped wp-block-gallery-2 is-layout-flex wp-block-gallery-is-layout-flex\"> <figure class=\"wp-block-image size-large\"><a href=\"https:\/\/www.agriculture-machine.com\/wp-content\/uploads\/2021\/04\/packing-maize-flour1.jpg\"><img loading=\"lazy\" decoding=\"async\" width=\"720\" height=\"540\" data-id=\"9832\" src=\"https:\/\/www.agriculture-machine.com\/wp-content\/uploads\/2021\/04\/packing-maize-flour1.jpg\" alt=\"Empaquetado de molino de harina de ma\u00edz\" class=\"wp-image-9832\" srcset=\"https:\/\/www.agriculture-machine.com\/wp-content\/uploads\/2021\/04\/packing-maize-flour1.jpg 720w, https:\/\/www.agriculture-machine.com\/wp-content\/uploads\/2021\/04\/packing-maize-flour1-360x270.jpg 360w, https:\/\/www.agriculture-machine.com\/wp-content\/uploads\/2021\/04\/packing-maize-flour1-240x180.jpg 240w\" sizes=\"auto, (max-width: 720px) 100vw, 720px\" \/><\/a><figcaption class=\"wp-element-caption\">Empaquetado de molino de harina de ma\u00edz<\/figcaption><\/figure>    <figure class=\"wp-block-image size-large\"><a href=\"https:\/\/www.agriculture-machine.com\/wp-content\/uploads\/2021\/04\/packing-maize-flour2.jpg\"><img loading=\"lazy\" decoding=\"async\" width=\"720\" height=\"540\" data-id=\"9833\" src=\"https:\/\/www.agriculture-machine.com\/wp-content\/uploads\/2021\/04\/packing-maize-flour2.jpg\" alt=\"M\u00e1quina de harina de ma\u00edz en venta\" class=\"wp-image-9833\" srcset=\"https:\/\/www.agriculture-machine.com\/wp-content\/uploads\/2021\/04\/packing-maize-flour2.jpg 720w, https:\/\/www.agriculture-machine.com\/wp-content\/uploads\/2021\/04\/packing-maize-flour2-360x270.jpg 360w, https:\/\/www.agriculture-machine.com\/wp-content\/uploads\/2021\/04\/packing-maize-flour2-240x180.jpg 240w\" sizes=\"auto, (max-width: 720px) 100vw, 720px\" \/><\/a><figcaption class=\"wp-element-caption\">M\u00e1quina de harina de ma\u00edz en venta<\/figcaption><\/figure>    <figure class=\"wp-block-image size-large\"><a href=\"https:\/\/www.agriculture-machine.com\/wp-content\/uploads\/2021\/04\/packing-maize-flour3.jpg\"><img loading=\"lazy\" decoding=\"async\" width=\"720\" height=\"540\" data-id=\"9834\" src=\"https:\/\/www.agriculture-machine.com\/wp-content\/uploads\/2021\/04\/packing-maize-flour3.jpg\" alt=\"Paquete de m\u00e1quina para hacer harina de ma\u00edz\" class=\"wp-image-9834\" srcset=\"https:\/\/www.agriculture-machine.com\/wp-content\/uploads\/2021\/04\/packing-maize-flour3.jpg 720w, https:\/\/www.agriculture-machine.com\/wp-content\/uploads\/2021\/04\/packing-maize-flour3-360x270.jpg 360w, https:\/\/www.agriculture-machine.com\/wp-content\/uploads\/2021\/04\/packing-maize-flour3-240x180.jpg 240w\" sizes=\"auto, (max-width: 720px) 100vw, 720px\" \/><\/a><figcaption class=\"wp-element-caption\">Paquete de m\u00e1quina para hacer harina de ma\u00edz<\/figcaption><\/figure> <\/figure>    <h2 class=\"wp-block-heading\">\u00bfEs rentable la molienda de ma\u00edz en Kenia?<\/h2>    <p>Por supuesto, genera dinero. Los cultivos m\u00e1s comunes cultivados por los agricultores de Kenia son el ma\u00edz, el arroz y el trigo. Resulta que nuestra m\u00e1quina puede moler ma\u00edz, trigo, sorgo, etc. La gente depende de los alimentos, y muchos agricultores consumir\u00e1n harina de ma\u00edz y harina de trigo, lo cual puede ser muy rentable para ti si inviertes en una m\u00e1quina de molienda de harina de trigo y ma\u00edz.<\/p>    <h2 class=\"wp-block-heading\">\u00bfCu\u00e1nto cuesta un molino de harina?<\/h2>    <p class=\"translation-block\">Somos un fabricante profesional de maquinaria agr\u00edcola. Adem\u00e1s de la m\u00e1quina de harina de ma\u00edz de 500 kg, tambi\u00e9n disponemos de una m\u00e1quina de molienda de harina de ma\u00edz de 600 kg, 800 kg y 1000 kg. Por lo tanto, el precio de cada m\u00e1quina es diferente. Puedes contactarme si quieres conocer los <a href=\"https:\/\/www.agriculture-machine.com\/es\/what-is-maize-flour-making-machine-price\/\">precios de las m\u00e1quinas de molienda de harina de ma\u00edz<\/a>.<\/p>    <h2 class=\"wp-block-heading\">Par\u00e1metros de la m\u00e1quina de harina de ma\u00edz<\/h2>    <figure class=\"wp-block-table is-style-stripes\"><table><tbody><tr><td>Modelo<\/td><td>Capacidad<\/td><td>Potencia<\/td><td>Peso<\/td><td>Tama\u00f1o<\/td><\/tr><tr><td>6F35<\/td><td>0.3t\/h<\/td><td>9.7kw<\/td><td>800kg<\/td><td>2450*1000*3500mm<\/td><\/tr><tr><td>6F40<\/td><td>0.35t\/h<\/td><td>13.2kw<\/td><td>1000kg<\/td><td>2450*1000*3500mm<\/td><\/tr><tr><td>6F60<\/td><td>0.5t\/h<\/td><td>17.2kw<\/td><td>1500kg<\/td><td>2550*1000*3500mm<\/td><\/tr><\/tbody><\/table><figcaption class=\"wp-element-caption\">Datos t\u00e9cnicos de la m\u00e1quina de harina de ma\u00edz<\/figcaption><\/figure>    <h2 class=\"wp-block-heading\">Cont\u00e1ctenos en cualquier momento<\/h2>    <p class=\"translation-block\">Llevamos m\u00e1s de treinta a\u00f1os dedicados a equipos de procesamiento de ma\u00edz y granos, y los equipos relacionados cubren toda la industria del <a href=\"https:\/\/en.wikipedia.org\/wiki\/Grain\" target=\"_blank\" rel=\"noopener\">grano<\/a>.<\/p>    <p class=\"translation-block\">En China, nuestro equipo tiene un nivel t\u00e9cnico l\u00edder. Como <a href=\"https:\/\/www.agriculture-machine.com\/es\/corn-cleaner-machine\/\">m\u00e1quinas de limpieza de granos<\/a>, <a href=\"https:\/\/www.agriculture-machine.com\/es\/maize-skin-peeling-machine-corn-skin-peeler-maize-peeling-machine\/\">m\u00e1quinas de pelado de semillas de ma\u00edz<\/a>, molinos de ma\u00edz, y otros. Si est\u00e1s interesado en nuestro equipo, cont\u00e1ctanos y te ofreceremos el mejor precio.<\/p>","protected":false},"excerpt":{"rendered":"<p>La m\u00e1quina de harina de ma\u00edz muele varios granos en harina fina y uniforme, ahorrando trabajo y requiriendo poco espacio. Es adecuada para peque\u00f1os talleres y la industria de procesamiento de alimentos.<\/p>","protected":false},"author":1,"featured_media":9847,"parent":0,"comment_status":"closed","ping_status":"closed","template":"","tags":[491,924,135,158],"product-type":[900],"class_list":["post-9825","product","type-product","status-publish","has-post-thumbnail","hentry","tag-corn","tag-flour","tag-sorghum","tag-wheat","product-type-maize-flour-machine"],"_links":{"self":[{"href":"https:\/\/www.agriculture-machine.com\/es\/wp-json\/wp\/v2\/product\/9825","targetHints":{"allow":["GET"]}}],"collection":[{"href":"https:\/\/www.agriculture-machine.com\/es\/wp-json\/wp\/v2\/product"}],"about":[{"href":"https:\/\/www.agriculture-machine.com\/es\/wp-json\/wp\/v2\/types\/product"}],"author":[{"embeddable":true,"href":"https:\/\/www.agriculture-machine.com\/es\/wp-json\/wp\/v2\/users\/1"}],"replies":[{"embeddable":true,"href":"https:\/\/www.agriculture-machine.com\/es\/wp-json\/wp\/v2\/comments?post=9825"}],"wp:featuredmedia":[{"embeddable":true,"href":"https:\/\/www.agriculture-machine.com\/es\/wp-json\/wp\/v2\/media\/9847"}],"wp:attachment":[{"href":"https:\/\/www.agriculture-machine.com\/es\/wp-json\/wp\/v2\/media?parent=9825"}],"wp:term":[{"taxonomy":"post_tag","embeddable":true,"href":"https:\/\/www.agriculture-machine.com\/es\/wp-json\/wp\/v2\/tags?post=9825"},{"taxonomy":"product-type","embeddable":true,"href":"https:\/\/www.agriculture-machine.com\/es\/wp-json\/wp\/v2\/product-type?post=9825"}],"curies":[{"name":"wp","href":"https:\/\/api.w.org\/{rel}","templated":true}]}}