{"id":9924,"date":"2021-04-14T16:11:54","date_gmt":"2021-04-14T08:11:54","guid":{"rendered":"https:\/\/www.agriculture-machine.com\/?p=9924"},"modified":"2024-08-20T17:43:13","modified_gmt":"2024-08-20T09:43:13","slug":"vegetable-seed-planters-vegetable-sowing-machine","status":"publish","type":"product","link":"https:\/\/www.agriculture-machine.com\/es\/vegetable-seed-planters-vegetable-sowing-machine\/","title":{"rendered":"Plantadores de semillas de verduras | M\u00e1quina de siembra de verduras"},"content":{"rendered":"<h2 class=\"wp-block-heading\">Breve introducci\u00f3n de las sembradoras de semillas de verduras<\/h2>    <p>Una sembradora de verduras es una m\u00e1quina de siembra de verduras altamente automatizada. Puede usar diferentes moldes de rueda para diferentes tipos de verduras. <\/p>    <p>Es adecuado para plantar zanahorias, remolachas, aceitunas, br\u00f3coli, mostaza, r\u00e1bano blanco, colinabo, espinaca, amaranto, apio, cebollas verdes, cilantro, algas marinas, repollo, r\u00facula, agua de espinaca y algunas otras verduras. Las sembradoras de verduras pueden hacer que la siembra sea m\u00e1s r\u00e1pida y eficiente.<\/p>    <figure class=\"wp-block-embed aligncenter is-type-video is-provider-youtube wp-block-embed-youtube wp-embed-aspect-16-9 wp-has-aspect-ratio\"><div class=\"wp-block-embed__wrapper\"> <iframe loading=\"lazy\" title=\"Sembradora de verduras | M\u00e1quina de siembra de semillas de verduras | siembra manual de semillas de verduras\" width=\"500\" height=\"281\" src=\"https:\/\/www.youtube.com\/embed\/KYVzcSCBFWg?list=PL58YSJlfYgUlvljp-hHHOMNqePkLFUp2k\" frameborder=\"0\" allow=\"accelerometer; autoplay; clipboard-write; encrypted-media; gyroscope; picture-in-picture; web-share\" referrerpolicy=\"strict-origin-when-cross-origin\" allowfullscreen><\/iframe> <\/div><figcaption class=\"wp-element-caption\">video de trabajo del equipo de plantaci\u00f3n de verduras de precisi\u00f3n<\/figcaption><\/figure>    <h2 class=\"wp-block-heading\">Estructuras de la sembradora de verduras<\/h2>    <p>Una m\u00e1quina sembradora de verduras est\u00e1 compuesta por un rodillo, cajas de semillas, dispositivo de medici\u00f3n de semillas, abrebocas, cobertura de suelo, herramientas, neum\u00e1ticos, motor de gasolina, reposabrazos, etc. El rodillo proporciona energ\u00eda para el dispositivo de medici\u00f3n de semillas, con un di\u00e1metro grande y una garra en el borde. <\/p>    <p>La rueda de compresi\u00f3n tiene un di\u00e1metro peque\u00f1o y una superficie lisa, y algunas est\u00e1n cubiertas con goma para evitar el barro por la elasticidad de la goma. Estas dos ruedas tambi\u00e9n cumplen la funci\u00f3n de perfilado del terreno y limitaci\u00f3n de profundidad. Los modos de las cajas de semillas son diferentes para diferentes siembras de verduras. Puede cambiarlas f\u00e1cilmente y libremente.<\/p>    <figure class=\"wp-block-image aligncenter size-full wp-image-9928\"><img loading=\"lazy\" decoding=\"async\" width=\"720\" height=\"540\" src=\"https:\/\/www.agriculture-machine.com\/wp-content\/uploads\/2021\/04\/structures-of-vegetable-seed-sowing-machine.jpg\" alt=\"estructuras de la m\u00e1quina de siembra de semillas de verduras\" class=\"wp-image-9928\" srcset=\"https:\/\/www.agriculture-machine.com\/wp-content\/uploads\/2021\/04\/structures-of-vegetable-seed-sowing-machine.jpg 720w, https:\/\/www.agriculture-machine.com\/wp-content\/uploads\/2021\/04\/structures-of-vegetable-seed-sowing-machine-360x270.jpg 360w, https:\/\/www.agriculture-machine.com\/wp-content\/uploads\/2021\/04\/structures-of-vegetable-seed-sowing-machine-240x180.jpg 240w\" sizes=\"auto, (max-width: 720px) 100vw, 720px\" \/><figcaption class=\"wp-element-caption\">estructuras de la m\u00e1quina de siembra de semillas de verduras<\/figcaption><\/figure>    <h2 class=\"wp-block-heading\">Ventajas de usar la m\u00e1quina de siembra<\/h2>    <ol class=\"wp-block-list\"> <li>Ahorra tiempo y mucho trabajo. Comparado con la siembra manual, la velocidad de las sembradoras de semillas de verduras es m\u00e1s de 15 veces la de los trabajadores.<\/li>    <li>El efecto de la siembra tambi\u00e9n es mejor. Las pl\u00e1ntulas de una sola planta son m\u00e1s fuertes, y la producci\u00f3n puede aumentar entre un 10 y un 20%.<\/li>    <li>Esta m\u00e1quina es f\u00e1cil de operar. Es popular entre las personas que cultivan verduras.<\/li>    <li>Es adecuada para muchos tipos de siembra de verduras. La investigaci\u00f3n y desarrollo de sembradoras de semillas de verduras ha pasado por a\u00f1os de mejora y avance. Puede satisfacer las necesidades de los clientes en todos los aspectos y es adecuada para plantar varios tipos de verduras.<\/li>    <li>El equipo de investigaci\u00f3n y desarrollo de tecnolog\u00eda central de los fabricantes de sembradoras de verduras es fuerte. Durante el proceso de investigaci\u00f3n y desarrollo, se pueden considerar completamente los requisitos y detalles del proceso de siembra precisa. Por lo tanto, el proceso de siembra de verduras puede ser m\u00e1s profesional y altamente eficiente.<\/li> <\/ol>    <figure class=\"wp-block-image aligncenter size-full wp-image-9929\"><img loading=\"lazy\" decoding=\"async\" width=\"720\" height=\"540\" src=\"https:\/\/www.agriculture-machine.com\/wp-content\/uploads\/2021\/04\/vegetable-seed-sowing.jpg\" alt=\"siembra de verduras\" class=\"wp-image-9929\" srcset=\"https:\/\/www.agriculture-machine.com\/wp-content\/uploads\/2021\/04\/vegetable-seed-sowing.jpg 720w, https:\/\/www.agriculture-machine.com\/wp-content\/uploads\/2021\/04\/vegetable-seed-sowing-360x270.jpg 360w, https:\/\/www.agriculture-machine.com\/wp-content\/uploads\/2021\/04\/vegetable-seed-sowing-240x180.jpg 240w\" sizes=\"auto, (max-width: 720px) 100vw, 720px\" \/><figcaption class=\"wp-element-caption\">siembra de verduras<\/figcaption><\/figure>    <h2 class=\"wp-block-heading\">Principio de funcionamiento de la m\u00e1quina de siembra de semillas de verduras<\/h2>    <p>El principio de funcionamiento de las sembradoras de semillas de verduras es usar un sistema de control de reloj para controlar con precisi\u00f3n el n\u00famero de semillas siguientes. <\/p>    <p>Al sembrar, se puede ajustar seg\u00fan la distancia, y las semillas pueden ser enterradas en la tierra de manera regular, y tambi\u00e9n se puede ajustar la profundidad. <\/p>    <p>Esto puede mejorar el efecto de la siembra, reducir el trabajo de agacharse artificialmente para cuidar las pl\u00e1ntulas y evitar la necesidad de revisar el crecimiento de las plantas en cualquier momento.<\/p>    <h2 class=\"wp-block-heading\">Exportaci\u00f3n de m\u00e1quina sembradora de verduras<\/h2>    <p class=\"translation-block\"><a href=\"https:\/\/www.agriculture-machine.com\/es\/\">Zhengzhou Taizy Machinery Co., Ltd<\/a> ha estado dedicada a la exportaci\u00f3n de maquinaria y equipos durante 10 a\u00f1os. Las ciudades de exportaci\u00f3n de maquinaria incluyen m\u00e1s de 100 pa\u00edses de todos los continentes del mundo. <\/p>    <p class=\"translation-block\">Tambi\u00e9n disponemos de sembradoras manuales <a href=\"https:\/\/www.agriculture-machine.com\/es\/hand-operated-maize-corn-planter-machine-peanut-plant\/\">de ma\u00edz<\/a> y m\u00e1quinas sembradoras de cacahuetes para la venta, puede elegir seg\u00fan sus necesidades. Nuestras sembradoras de semillas de verduras est\u00e1n bien empaquetadas y las m\u00e1quinas de exportaci\u00f3n no sufrir\u00e1n da\u00f1os. <\/p>    <p>Ofrecemos un servicio postventa completo para la m\u00e1quina. Si tiene dificultades durante la instalaci\u00f3n o uso, puede contactar con nuestro personal en cualquier momento, y le ayudaremos a resolverlas lo antes posible.<\/p>    <figure class=\"wp-block-image aligncenter size-full wp-image-9991\"><img loading=\"lazy\" decoding=\"async\" width=\"720\" height=\"540\" src=\"https:\/\/www.agriculture-machine.com\/wp-content\/uploads\/2021\/04\/seed-discs.jpg\" alt=\"discos de semillas para sembradoras de verduras\" class=\"wp-image-9991\" srcset=\"https:\/\/www.agriculture-machine.com\/wp-content\/uploads\/2021\/04\/seed-discs.jpg 720w, https:\/\/www.agriculture-machine.com\/wp-content\/uploads\/2021\/04\/seed-discs-360x270.jpg 360w, https:\/\/www.agriculture-machine.com\/wp-content\/uploads\/2021\/04\/seed-discs-240x180.jpg 240w\" sizes=\"auto, (max-width: 720px) 100vw, 720px\" \/><figcaption class=\"wp-element-caption\">discos de semillas<\/figcaption><\/figure>    <h2 class=\"wp-block-heading\">Par\u00e1metros t\u00e9cnicos de la m\u00e1quina de siembra<\/h2>    <figure class=\"wp-block-table is-style-stripes\"><table><tbody><tr><td>Nombre<\/td><td>Sembradora de verduras<\/td><\/tr><tr><td>Modelo<\/td><td>SC-9<\/td><\/tr><tr><td>Filas<\/td><td>1-14<\/td><\/tr><tr><td>Semillas<\/td><td>espinaca, zanahoria, apio, etc.<\/td><\/tr><tr><td>Potencia<\/td><td>Motor de gasolina<\/td><\/tr><tr><td>Tama\u00f1o de embalaje<\/td><td>116*126*87cm<\/td><\/tr><tr><td>Peso<\/td><td>160kg<\/td><\/tr><\/tbody><\/table><figcaption class=\"wp-element-caption\">par\u00e1metros de las sembradoras de semillas de verduras<\/figcaption><\/figure>    <h2 class=\"wp-block-heading\">Preguntas frecuentes<\/h2>   <div id=\"rank-math-faq\" class=\"rank-math-block\"> <div class=\"rank-math-list\"> <div id=\"faq-question-1709536974282\" class=\"rank-math-list-item\"> <h3 class=\"rank-math-question\">\u00bfPor qu\u00e9 esta m\u00e1quina es adecuada para diferentes siembras de semillas de verduras?<\/h3> <div class=\"rank-math-answer\">  <p>Ofrecemos diferentes modelos de cajas de semillas. Diferentes moldes de rueda para diferentes tipos de verduras.<\/p>  <\/div> <\/div> <div id=\"faq-question-1709536980970\" class=\"rank-math-list-item\"> <h3 class=\"rank-math-question\">\u00bfSer\u00e1 demasiado denso o demasiado suelto el espaciamiento de las semillas?<\/h3> <div class=\"rank-math-answer\">  <p>Puede ajustar el espaciamiento de las semillas cambiando la engranaje de la sembradora de verduras y los discos de siembra.<\/p>  <\/div> <\/div> <div id=\"faq-question-1709537012297\" class=\"rank-math-list-item\"> <h3 class=\"rank-math-question\">\u00bfQu\u00e9 funciones tiene la m\u00e1quina de siembra de semillas de verduras?<\/h3> <div class=\"rank-math-answer\">  <p class=\"translation-block\">El rodillo de la sembradora puede aplanar la tierra. La caja de semillas puede almacenar varias <a href=\"https:\/\/en.wikipedia.org\/wiki\/Vegetable\" target=\"_blank\" rel=\"noopener\">verduras<\/a> semillas. Luego, puede cambiar los discos de semillas seg\u00fan sus necesidades para diferentes plantaciones y espacios de siembra de verduras. Hace que su proceso de siembra sea m\u00e1s f\u00e1cil y eficiente.<\/p>  <\/div> <\/div> <\/div> <\/div>   <h2 class=\"wp-block-heading\">Cont\u00e1ctenos en cualquier momento<\/h2>    <p>If you are interested in our seeder or have any questions, don&#8217;t hesitate to contact us! Our enthusiastic customer service team is always ready to provide you with professional advice and support. Meanwhile, we sincerely welcome you to visit our factory and witness the excellent quality and advanced technology of our products. We look forward to serving you!<\/p>","protected":false},"excerpt":{"rendered":"<p>Las sembradoras de verduras son beneficiosas para una siembra precisa de semillas de verduras. Facilitan y hacen m\u00e1s eficiente la siembra de verduras.<\/p>","protected":false},"author":1,"featured_media":9930,"parent":0,"comment_status":"closed","ping_status":"closed","template":"","tags":[927,926,928,929,930],"product-type":[870,885],"class_list":["post-9924","product","type-product","status-publish","has-post-thumbnail","hentry","tag-onion-seedlings","tag-pumpkin-seedlings","tag-vegetable-seed-planters","tag-vegetable-seed-sowing","tag-vegetable-seedling","product-type-planter","product-type-vegetable-planter"],"_links":{"self":[{"href":"https:\/\/www.agriculture-machine.com\/es\/wp-json\/wp\/v2\/product\/9924","targetHints":{"allow":["GET"]}}],"collection":[{"href":"https:\/\/www.agriculture-machine.com\/es\/wp-json\/wp\/v2\/product"}],"about":[{"href":"https:\/\/www.agriculture-machine.com\/es\/wp-json\/wp\/v2\/types\/product"}],"author":[{"embeddable":true,"href":"https:\/\/www.agriculture-machine.com\/es\/wp-json\/wp\/v2\/users\/1"}],"replies":[{"embeddable":true,"href":"https:\/\/www.agriculture-machine.com\/es\/wp-json\/wp\/v2\/comments?post=9924"}],"wp:featuredmedia":[{"embeddable":true,"href":"https:\/\/www.agriculture-machine.com\/es\/wp-json\/wp\/v2\/media\/9930"}],"wp:attachment":[{"href":"https:\/\/www.agriculture-machine.com\/es\/wp-json\/wp\/v2\/media?parent=9924"}],"wp:term":[{"taxonomy":"post_tag","embeddable":true,"href":"https:\/\/www.agriculture-machine.com\/es\/wp-json\/wp\/v2\/tags?post=9924"},{"taxonomy":"product-type","embeddable":true,"href":"https:\/\/www.agriculture-machine.com\/es\/wp-json\/wp\/v2\/product-type?post=9924"}],"curies":[{"name":"wp","href":"https:\/\/api.w.org\/{rel}","templated":true}]}}