{"id":9993,"date":"2021-04-16T16:38:00","date_gmt":"2021-04-16T08:38:00","guid":{"rendered":"https:\/\/www.agriculture-machine.com\/?p=9993"},"modified":"2024-09-18T16:17:30","modified_gmt":"2024-09-18T08:17:30","slug":"walk-behind-rice-transplanter-rice-planting-machine","status":"publish","type":"product","link":"https:\/\/www.agriculture-machine.com\/es\/walk-behind-rice-transplanter-rice-planting-machine\/","title":{"rendered":"Transplantador de arroz de arrastre | M\u00e1quina de siembra de arroz"},"content":{"rendered":"<p class=\"translation-block\">El transplantador de arroz de arrastre <strong>de arroz<\/strong> es una m\u00e1quina agr\u00edcola que implanta pl\u00e1ntulas de arroz en los campos de arroz. Hoy en d\u00eda, el arroz se cultiva ampliamente en muchas \u00e1reas del mundo. Sin embargo, es laborioso y lleva mucho tiempo plantar pl\u00e1ntulas de arroz a mano. Usar un transplantador de arroz se ha convertido en la opci\u00f3n de muchos cultivadores de arroz. <\/p>    <p>El transplantador de arroz de arrastre es f\u00e1cil de operar y mejora en gran medida la eficiencia y la calidad de la siembra de arroz. Por lo tanto, tambi\u00e9n ayuda a mejorar la tasa de supervivencia de las pl\u00e1ntulas de arroz. <\/p>    <figure class=\"wp-block-embed is-type-video is-provider-youtube wp-block-embed-youtube wp-embed-aspect-16-9 wp-has-aspect-ratio\"><div class=\"wp-block-embed__wrapper\"> <iframe loading=\"lazy\" title=\"Tres tipos de m\u00e1quinas transplantadoras de arroz para su elecci\u00f3n. Sembradora de arroz \/ m\u00e1quina de sembrar arroz\" width=\"500\" height=\"281\" src=\"https:\/\/www.youtube.com\/embed\/_KvEf-3Jk44?start=120&#038;feature=oembed\" frameborder=\"0\" allow=\"accelerometer; autoplay; clipboard-write; encrypted-media; gyroscope; picture-in-picture; web-share\" referrerpolicy=\"strict-origin-when-cross-origin\" allowfullscreen><\/iframe> <\/div><figcaption class=\"wp-element-caption\">M\u00e1quina de transplante de arroz de 6 y 8 filas<\/figcaption><\/figure>    <p class=\"translation-block\">Ahora producimos transplantadores de arroz manuales de cuatro y seis filas. Adem\u00e1s de transplantar pl\u00e1ntulas de arroz, tambi\u00e9n tenemos m\u00e1quinas para transplantar <a href=\"https:\/\/www.agriculture-machine.com\/es\/peony-transplant-cucumber-transplant-factory-direct\/\">verduras<\/a>, que pueden plantar muchas pl\u00e1ntulas de verduras. Las personas tambi\u00e9n pueden elegir una <a href=\"https:\/\/www.agriculture-machine.com\/es\/rice-nursery-seedling-machine\/\">m\u00e1quina de vivero<\/a> para reemplazar el cultivo manual de pl\u00e1ntulas. Usar estas m\u00e1quinas para comenzar el trabajo puede mejorar en gran medida la eficiencia y la calidad de las pl\u00e1ntulas. <\/p>    <h2 class=\"wp-block-heading\">Introducci\u00f3n del transplantador de arroz de arrastre<\/h2>    <p>El transplantador de arroz de arrastre tambi\u00e9n es un tipo de transplantador de arroz. La diferencia con el transplantador de arroz anterior es que este permite que las personas caminen detr\u00e1s y lo controlen mediante el mango. Tenemos transplantadores de arroz de 4 filas que caminan detr\u00e1s y de 6 filas que caminan detr\u00e1s. <\/p>    <p>About the power, our rice transplanter is equipped with a gasoline engine. And the planting depth of the machine can be adjusted. So, it can meet different customers&#8217; needs for depth. Our machines have professional large-diameter wheels that can move flexibly in the field. <\/p>    <figure class=\"wp-block-image aligncenter size-full\"><img loading=\"lazy\" decoding=\"async\" width=\"720\" height=\"540\" src=\"https:\/\/www.agriculture-machine.com\/wp-content\/uploads\/2022\/05\/paddy-transplanter.jpg\" alt=\"Transplantadora de arroz en campo de arroz\" class=\"wp-image-13526\" title=\"Transplantadora de arroz en campo de arroz\" srcset=\"https:\/\/www.agriculture-machine.com\/wp-content\/uploads\/2022\/05\/paddy-transplanter.jpg 720w, https:\/\/www.agriculture-machine.com\/wp-content\/uploads\/2022\/05\/paddy-transplanter-360x270.jpg 360w, https:\/\/www.agriculture-machine.com\/wp-content\/uploads\/2022\/05\/paddy-transplanter-240x180.jpg 240w\" sizes=\"auto, (max-width: 720px) 100vw, 720px\" \/><figcaption class=\"wp-element-caption\">Transplantadora de arroz en campo de arroz<\/figcaption><\/figure>    <h2 class=\"wp-block-heading\" id=\"h-what-are-the-dvantages-of-rice-planting-machine\">\u00bfCu\u00e1les son las ventajas de las m\u00e1quinas de sembrar arroz?<\/h2>    <ol class=\"wp-block-list\"> <li>Esta m\u00e1quina transplantadora de arroz de arrastre puede ser impulsada por un motor de gasolina que proporciona m\u00e1s potencia a la m\u00e1quina.<\/li>    <li>La distancia de transplante puede ajustarse en cuatro niveles modificando la velocidad y la manecilla de regulaci\u00f3n de distancia. Puede realizarse en 12-14 o 16-21 cm con una operaci\u00f3n sencilla y r\u00e1pida.<\/li>    <li>Alta aplicabilidad. La m\u00e1quina transplantadora de arroz puede caminar f\u00e1cilmente incluso en campos en mal estado donde la profundidad del barro es de 15-35 cm. No est\u00e1 limitada por el tama\u00f1o del campo.<\/li>    <li>La m\u00e1quina es ligera, lo que ahorra mucho trabajo.<\/li>    <li>El usuario debe colocar las pl\u00e1ntulas de manera uniforme y confiable para evitar transplants fallidos de manera efectiva.<\/li>    <li>Forma est\u00e9tica y transmisi\u00f3n de potencia por tracci\u00f3n hacen que la m\u00e1quina sea m\u00e1s fuerte y mejor equilibrada.<\/li> <\/ol>    <figure class=\"wp-block-gallery has-nested-images columns-2 is-cropped wp-block-gallery-2 is-layout-flex wp-block-gallery-is-layout-flex\"> <figure class=\"wp-block-image size-full\"><a href=\"https:\/\/www.agriculture-machine.com\/wp-content\/uploads\/2021\/04\/machine-details-of-walk-behind-rice-transplanter.jpg\"><img loading=\"lazy\" decoding=\"async\" width=\"720\" height=\"540\" data-id=\"9995\" src=\"https:\/\/www.agriculture-machine.com\/wp-content\/uploads\/2021\/04\/machine-details-of-walk-behind-rice-transplanter.jpg\" alt=\"detalles-de-la-maquina-de-transplantar-arroz-de-arrastre\" class=\"wp-image-9995\" title=\"detalles-de-la-maquina-de-transplantar-arroz-de-arrastre\" srcset=\"https:\/\/www.agriculture-machine.com\/wp-content\/uploads\/2021\/04\/machine-details-of-walk-behind-rice-transplanter.jpg 720w, https:\/\/www.agriculture-machine.com\/wp-content\/uploads\/2021\/04\/machine-details-of-walk-behind-rice-transplanter-360x270.jpg 360w, https:\/\/www.agriculture-machine.com\/wp-content\/uploads\/2021\/04\/machine-details-of-walk-behind-rice-transplanter-240x180.jpg 240w\" sizes=\"auto, (max-width: 720px) 100vw, 720px\" \/><\/a><figcaption class=\"wp-element-caption\">detalles-de-la-maquina-de-transplantar-arroz-de-arrastre<\/figcaption><\/figure>    <figure class=\"wp-block-image size-full\"><a href=\"https:\/\/www.agriculture-machine.com\/wp-content\/uploads\/2021\/04\/Walk-behind-rice-transplanter-prats.jpg\"><img loading=\"lazy\" decoding=\"async\" width=\"720\" height=\"540\" data-id=\"9996\" src=\"https:\/\/www.agriculture-machine.com\/wp-content\/uploads\/2021\/04\/Walk-behind-rice-transplanter-prats.jpg\" alt=\"Partes del transplantador de arroz de arrastre\" class=\"wp-image-9996\" title=\"Partes del transplantador de arroz de arrastre\" srcset=\"https:\/\/www.agriculture-machine.com\/wp-content\/uploads\/2021\/04\/Walk-behind-rice-transplanter-prats.jpg 720w, https:\/\/www.agriculture-machine.com\/wp-content\/uploads\/2021\/04\/Walk-behind-rice-transplanter-prats-360x270.jpg 360w, https:\/\/www.agriculture-machine.com\/wp-content\/uploads\/2021\/04\/Walk-behind-rice-transplanter-prats-240x180.jpg 240w\" sizes=\"auto, (max-width: 720px) 100vw, 720px\" \/><\/a><figcaption class=\"wp-element-caption\">Partes del transplantador de arroz de arrastre<\/figcaption><\/figure> <\/figure>    <h2 class=\"wp-block-heading\" id=\"h-structure-details-of-the-4-rows-manual-rice-transplanter\">Detalles de la estructura del transplantador de arroz manual de 4 filas<\/h2>    <p>El transplantador de arroz manual de arrastre tiene una estructura compacta, es ligero, f\u00e1cil de operar y con funciones potentes, lo que lo convierte en un buen ayudante para los agricultores en el transplante de arroz.<\/p>    <figure class=\"wp-block-gallery has-nested-images columns-2 is-cropped wp-block-gallery-3 is-layout-flex wp-block-gallery-is-layout-flex\"> <figure class=\"wp-block-image size-large\"><a href=\"https:\/\/www.agriculture-machine.com\/wp-content\/uploads\/2021\/04\/structure-of-4-row-rice-transplanter-machine.jpg\"><img loading=\"lazy\" decoding=\"async\" width=\"720\" height=\"540\" data-id=\"10008\" src=\"https:\/\/www.agriculture-machine.com\/wp-content\/uploads\/2021\/04\/structure-of-4-row-rice-transplanter-machine.jpg\" alt=\"estructura-de-la-maquina-de-transplantar-arroz-de-4-filas\" class=\"wp-image-10008\" title=\"estructura-de-la-maquina-de-transplantar-arroz-de-4-filas\" srcset=\"https:\/\/www.agriculture-machine.com\/wp-content\/uploads\/2021\/04\/structure-of-4-row-rice-transplanter-machine.jpg 720w, https:\/\/www.agriculture-machine.com\/wp-content\/uploads\/2021\/04\/structure-of-4-row-rice-transplanter-machine-360x270.jpg 360w, https:\/\/www.agriculture-machine.com\/wp-content\/uploads\/2021\/04\/structure-of-4-row-rice-transplanter-machine-240x180.jpg 240w\" sizes=\"auto, (max-width: 720px) 100vw, 720px\" \/><\/a><figcaption class=\"wp-element-caption\">estructura-de-la-maquina-de-transplantar-arroz-de-4-filas<\/figcaption><\/figure>    <figure class=\"wp-block-image size-large\"><a href=\"https:\/\/www.agriculture-machine.com\/wp-content\/uploads\/2021\/04\/4-row-walk-behind-rice-transplanter.jpg\"><img loading=\"lazy\" decoding=\"async\" width=\"720\" height=\"540\" data-id=\"10009\" src=\"https:\/\/www.agriculture-machine.com\/wp-content\/uploads\/2021\/04\/4-row-walk-behind-rice-transplanter.jpg\" alt=\"Transplantador de arroz de 4 filas de arrastre\" class=\"wp-image-10009\" title=\"Transplantador de arroz de 4 filas de arrastre\" srcset=\"https:\/\/www.agriculture-machine.com\/wp-content\/uploads\/2021\/04\/4-row-walk-behind-rice-transplanter.jpg 720w, https:\/\/www.agriculture-machine.com\/wp-content\/uploads\/2021\/04\/4-row-walk-behind-rice-transplanter-360x270.jpg 360w, https:\/\/www.agriculture-machine.com\/wp-content\/uploads\/2021\/04\/4-row-walk-behind-rice-transplanter-240x180.jpg 240w\" sizes=\"auto, (max-width: 720px) 100vw, 720px\" \/><\/a><figcaption class=\"wp-element-caption\">Transplantador de arroz de 4 filas de arrastre<\/figcaption><\/figure> <\/figure>    <h2 class=\"wp-block-heading\" id=\"h-how-to-transplant-rice-seedlings\">\u00bfC\u00f3mo transplantar pl\u00e1ntulas de arroz?<\/h2>    <p>Hay dos formas de transplantar arroz. \u00bfCu\u00e1les son los dos m\u00e9todos de siembra de arroz? Uno es el transplante tradicional de pl\u00e1ntulas, que es manual, y el otro es el transplante con m\u00e1quina. El tiempo es oro, \u00bfsigues plantando arroz tradicionalmente? Para mejorar la eficiencia del trabajo, por supuesto, eliges la siembra mecanizada. Con esta m\u00e1quina transplantadora de arroz de mano, la separaci\u00f3n entre plantas puede ajustarse en cualquier momento.<\/p>    <figure class=\"wp-block-embed is-type-video is-provider-youtube wp-block-embed-youtube wp-embed-aspect-16-9 wp-has-aspect-ratio\"><div class=\"wp-block-embed__wrapper\"> <iframe loading=\"lazy\" title=\"\u00bfC\u00f3mo transplantar arroz o arroz de campo? \u00bfElige un transplantador de arroz de arrastre o un tractor?\" width=\"500\" height=\"281\" src=\"https:\/\/www.youtube.com\/embed\/PW-tT4ietAc?feature=oembed\" frameborder=\"0\" allow=\"accelerometer; autoplay; clipboard-write; encrypted-media; gyroscope; picture-in-picture; web-share\" referrerpolicy=\"strict-origin-when-cross-origin\" allowfullscreen><\/iframe> <\/div><figcaption class=\"wp-element-caption\">escena de trabajo del transplantador de arroz de arrastre<\/figcaption><\/figure>    <h2 class=\"wp-block-heading\" id=\"h-what-are-the-benefits-of-using-machine-transplant-rice\">Beneficios de usar la m\u00e1quina para transplantar arroz<\/h2>    <p>\u00bfCu\u00e1l es la diferencia entre una m\u00e1quina transplantadora de arroz y el transplante manual de arroz? Desde el punto de vista de la eficiencia, el transplantador de arroz necesita ser mejor. Despu\u00e9s de todo, las m\u00e1quinas son mejores que las manuales. Transplantar la misma cantidad de pl\u00e1ntulas de arroz, el transplante manual puede completarse en un d\u00eda, y el transplantador puede hacerlo en una hora.<\/p>    <p>Adem\u00e1s de la alta velocidad, otra ventaja de la m\u00e1quina transplantadora de arroz de arrastre es que la separaci\u00f3n entre plantas es la misma. Siempre habr\u00e1 algunos errores en la siembra manual, ya sea demasiado cerca o demasiado lejos. La distancia de plantaci\u00f3n puede ser controlada por una m\u00e1quina de sembrar arroz, lo cual no se puede lograr manualmente. <\/p>    <p>The yield is said to be higher if the seedlings are transplanted by machine. The above two points are undoubtedly the biggest advantages of rice planting machines, and they are also the disadvantages of manual transplanting. What can&#8217;t be done manually is done by the machine.<\/p>    <figure class=\"wp-block-gallery has-nested-images columns-2 is-cropped wp-block-gallery-4 is-layout-flex wp-block-gallery-is-layout-flex\"> <figure class=\"wp-block-image size-large\"><a href=\"https:\/\/www.agriculture-machine.com\/wp-content\/uploads\/2021\/04\/Manual-transplanting.jpg\"><img loading=\"lazy\" decoding=\"async\" width=\"640\" height=\"427\" data-id=\"10007\" src=\"https:\/\/www.agriculture-machine.com\/wp-content\/uploads\/2021\/04\/Manual-transplanting.jpg\" alt=\"Transplante manual\" class=\"wp-image-10007\" title=\"Transplante manual\" srcset=\"https:\/\/www.agriculture-machine.com\/wp-content\/uploads\/2021\/04\/Manual-transplanting.jpg 640w, https:\/\/www.agriculture-machine.com\/wp-content\/uploads\/2021\/04\/Manual-transplanting-360x240.jpg 360w\" sizes=\"auto, (max-width: 640px) 100vw, 640px\" \/><\/a><figcaption class=\"wp-element-caption\">Transplante manual<\/figcaption><\/figure>    <figure class=\"wp-block-image size-large\"><a href=\"https:\/\/www.agriculture-machine.com\/wp-content\/uploads\/2021\/04\/transplanting-rice.jpg\"><img loading=\"lazy\" decoding=\"async\" width=\"720\" height=\"540\" data-id=\"10005\" src=\"https:\/\/www.agriculture-machine.com\/wp-content\/uploads\/2021\/04\/transplanting-rice.jpg\" alt=\"transplantando arroz\" class=\"wp-image-10005\" title=\"transplantando arroz\" srcset=\"https:\/\/www.agriculture-machine.com\/wp-content\/uploads\/2021\/04\/transplanting-rice.jpg 720w, https:\/\/www.agriculture-machine.com\/wp-content\/uploads\/2021\/04\/transplanting-rice-360x270.jpg 360w, https:\/\/www.agriculture-machine.com\/wp-content\/uploads\/2021\/04\/transplanting-rice-240x180.jpg 240w\" sizes=\"auto, (max-width: 720px) 100vw, 720px\" \/><\/a><figcaption class=\"wp-element-caption\">transplanting&#8211;rice<\/figcaption><\/figure> <\/figure>    <h2 class=\"wp-block-heading\" id=\"h-technical-parameters-of-the-high-efficiency-rice-transplanter\">Par\u00e1metros t\u00e9cnicos del transplantador de arroz de arrastre<\/h2>    <figure class=\"wp-block-table is-style-stripes\"><table><tbody><tr><td>Modelo<\/td><td>Especificaciones tecnol\u00f3gicas<\/td><\/tr><tr><td><\/td><td>Unidad<\/td><td>Especificaci\u00f3n<\/td><\/tr><tr><td>2ZS-4<\/td><td>Tipo<\/td><td><\/td><td>Dos tipos de ruedas y placas flotantes<\/td><\/tr><tr><td>Dimensi\u00f3n (Longitud x ancho x altura)<\/td><td>(mm)<\/td><td>2140\u00d71630\u00d7910<\/td><\/tr><tr><td>Peso<\/td><td>(kg)<\/td><td>165<\/td><\/tr><tr><td>Nombre del motor<\/td><td><\/td><td>YAMAHA \/ MZ175-B-1<\/td><\/tr><tr><td>Potencia del motor<\/td><td>(kw\/rpm)<\/td><td>2.6\/3000<\/td><\/tr><tr><td>tipo<\/td><td><\/td><td>Motor OHV de cuatro tiempos con enfriamiento por aire<\/td><\/tr><tr><td>L\u00edneas de trabajo<\/td><td><\/td><td>4 l\u00edneas<\/td><\/tr><tr><td>Velocidad de trabajo<\/td><td>(m\/s)<\/td><td>0.34-0.77<\/td><\/tr><tr><td>Distancia entre l\u00edneas<\/td><td>(mm)<\/td><td>300<\/td><\/tr><tr><td>Distancia de siembra<\/td><td>(mm)<\/td><td>210;180;160;140;120<\/td><\/tr><tr><td>profundidad de siembra<\/td><td>(mm)<\/td><td>15-35<\/td><\/tr><tr><td>Capacidad de trabajo<\/td><td>arce\/hora<\/td><td>0.10-0.2<\/td><\/tr><tr><td>rueda de arroz<\/td><td>estructura<\/td><td><\/td><td>rueda de goma<\/td><\/tr><tr><td>di\u00e1metro<\/td><td>(mm)<\/td><td>660<\/td><\/tr><tr><td>estilo de conducci\u00f3n<\/td><td><\/td><td>&nbsp;transmisi\u00f3n por eje de transmisi\u00f3n<\/td><\/tr><tr><td>Estructura de transplante<\/td><td><\/td><td>estructura de manivela y biela<\/td><\/tr><\/tbody><\/table><figcaption class=\"wp-element-caption\">datos t\u00e9cnicos del transplantador de arroz de arrastre<\/figcaption><\/figure>    <h2 class=\"wp-block-heading\">Principio de funcionamiento del transplantador de arroz autom\u00e1tico<\/h2>    <p>Las pl\u00e1ntulas se colocan ordenadamente en la caja de pl\u00e1ntulas en estado grupal. Luego, la caja se mueve lateralmente para que el recolector de pl\u00e1ntulas pueda retirar una cierta cantidad de pl\u00e1ntulas una por una. <\/p>    <p>Luego, inserte las pl\u00e1ntulas en el suelo seg\u00fan los requisitos agron\u00f3micos bajo la acci\u00f3n del mecanismo de control de la pista de siembra de arroz. Finalmente, el selector de pl\u00e1ntulas regresa a la caja para recoger las pl\u00e1ntulas seg\u00fan una determinada trayectoria.<\/p>    <figure class=\"wp-block-gallery has-nested-images columns-default is-cropped wp-block-gallery-5 is-layout-flex wp-block-gallery-is-layout-flex\"> <figure class=\"wp-block-image aligncenter size-large\"><img loading=\"lazy\" decoding=\"async\" width=\"720\" height=\"540\" data-id=\"13528\" src=\"https:\/\/www.agriculture-machine.com\/wp-content\/uploads\/2022\/05\/4.jpg\" alt=\"F\u00e1brica\" class=\"wp-image-13528\" title=\"F\u00e1brica\" srcset=\"https:\/\/www.agriculture-machine.com\/wp-content\/uploads\/2022\/05\/4.jpg 720w, https:\/\/www.agriculture-machine.com\/wp-content\/uploads\/2022\/05\/4-360x270.jpg 360w, https:\/\/www.agriculture-machine.com\/wp-content\/uploads\/2022\/05\/4-240x180.jpg 240w\" sizes=\"auto, (max-width: 720px) 100vw, 720px\" \/><figcaption class=\"wp-element-caption\">F\u00e1brica<\/figcaption><\/figure> <\/figure>    <h2 class=\"wp-block-heading\">Un transplantador de arroz de 6 filas vendido a Nigeria<\/h2>    <p>El cliente tiene un gran campo de arroz en la zona, y cada vez que planta arroz, es su momento m\u00e1s ocupado. Para ahorrar tiempo y mejorar la eficiencia, necesitaba un transplantador de arroz. Nos pusimos en contacto con el cliente cuando vimos sus requisitos. <\/p>    <p>Despu\u00e9s de un per\u00edodo de comunicaci\u00f3n, sugerimos al cliente un transplantador de arroz de 6 filas. Finalmente, el cliente decidi\u00f3 comprar un transplantador de arroz de arrastre. Aqu\u00ed est\u00e1 la imagen del embalaje y env\u00edo de la m\u00e1quina.<\/p>    <figure class=\"wp-block-gallery has-nested-images columns-default is-cropped wp-block-gallery-6 is-layout-flex wp-block-gallery-is-layout-flex\"> <figure class=\"wp-block-image size-large\"><img loading=\"lazy\" decoding=\"async\" width=\"720\" height=\"540\" data-id=\"13518\" src=\"https:\/\/www.agriculture-machine.com\/wp-content\/uploads\/2022\/05\/wooden-case-packing-of-rice-transplanter-.jpg\" alt=\"embalaje en caja de madera del transplantador de arroz \" class=\"wp-image-13518\" title=\"embalaje en caja de madera del transplantador de arroz \" srcset=\"https:\/\/www.agriculture-machine.com\/wp-content\/uploads\/2022\/05\/wooden-case-packing-of-rice-transplanter-.jpg 720w, https:\/\/www.agriculture-machine.com\/wp-content\/uploads\/2022\/05\/wooden-case-packing-of-rice-transplanter--360x270.jpg 360w, https:\/\/www.agriculture-machine.com\/wp-content\/uploads\/2022\/05\/wooden-case-packing-of-rice-transplanter--240x180.jpg 240w\" sizes=\"auto, (max-width: 720px) 100vw, 720px\" \/><figcaption class=\"wp-element-caption\">embalaje en caja de madera del transplantador de arroz<\/figcaption><\/figure>    <figure class=\"wp-block-image size-large\"><img loading=\"lazy\" decoding=\"async\" width=\"720\" height=\"540\" data-id=\"13519\" src=\"https:\/\/www.agriculture-machine.com\/wp-content\/uploads\/2022\/05\/shipping-of-the-paddy-transplanter0.jpg\" alt=\"env\u00edo del transplantador de arroz\" class=\"wp-image-13519\" title=\"env\u00edo del transplantador de arroz\" srcset=\"https:\/\/www.agriculture-machine.com\/wp-content\/uploads\/2022\/05\/shipping-of-the-paddy-transplanter0.jpg 720w, https:\/\/www.agriculture-machine.com\/wp-content\/uploads\/2022\/05\/shipping-of-the-paddy-transplanter0-360x270.jpg 360w, https:\/\/www.agriculture-machine.com\/wp-content\/uploads\/2022\/05\/shipping-of-the-paddy-transplanter0-240x180.jpg 240w\" sizes=\"auto, (max-width: 720px) 100vw, 720px\" \/><figcaption class=\"wp-element-caption\">env\u00edo del transplantador de arroz<\/figcaption><\/figure> <\/figure>    <h2 class=\"wp-block-heading\">Cont\u00e1ctenos en cualquier momento<\/h2>    <p>Gracias por echar un vistazo detallado a nuestro equipo de transplante de arroz. Si tiene alguna pregunta o necesita m\u00e1s informaci\u00f3n, no dude en contactar a nuestro equipo profesional. Y le invitamos a visitar nuestra f\u00e1brica. Esperamos trabajar con usted para ofrecer soluciones excelentes para su producci\u00f3n agr\u00edcola.<\/p>","protected":false},"excerpt":{"rendered":"<p>Este transplantador de arroz de arrastre se controla manualmente. La profundidad de plantaci\u00f3n y la velocidad de desplazamiento se pueden ajustar en cualquier momento. Y las pl\u00e1ntulas de arroz se transplantan con precisi\u00f3n y eficiencia en los campos de arroz.<\/p>","protected":false},"author":1,"featured_media":13524,"parent":0,"comment_status":"closed","ping_status":"closed","template":"","tags":[796,151],"product-type":[1,914],"class_list":["post-9993","product","type-product","status-publish","has-post-thumbnail","hentry","tag-rice","tag-transplanter","product-type-other","product-type-rice-transplanter"],"_links":{"self":[{"href":"https:\/\/www.agriculture-machine.com\/es\/wp-json\/wp\/v2\/product\/9993","targetHints":{"allow":["GET"]}}],"collection":[{"href":"https:\/\/www.agriculture-machine.com\/es\/wp-json\/wp\/v2\/product"}],"about":[{"href":"https:\/\/www.agriculture-machine.com\/es\/wp-json\/wp\/v2\/types\/product"}],"author":[{"embeddable":true,"href":"https:\/\/www.agriculture-machine.com\/es\/wp-json\/wp\/v2\/users\/1"}],"replies":[{"embeddable":true,"href":"https:\/\/www.agriculture-machine.com\/es\/wp-json\/wp\/v2\/comments?post=9993"}],"wp:featuredmedia":[{"embeddable":true,"href":"https:\/\/www.agriculture-machine.com\/es\/wp-json\/wp\/v2\/media\/13524"}],"wp:attachment":[{"href":"https:\/\/www.agriculture-machine.com\/es\/wp-json\/wp\/v2\/media?parent=9993"}],"wp:term":[{"taxonomy":"post_tag","embeddable":true,"href":"https:\/\/www.agriculture-machine.com\/es\/wp-json\/wp\/v2\/tags?post=9993"},{"taxonomy":"product-type","embeddable":true,"href":"https:\/\/www.agriculture-machine.com\/es\/wp-json\/wp\/v2\/product-type?post=9993"}],"curies":[{"name":"wp","href":"https:\/\/api.w.org\/{rel}","templated":true}]}}