{"id":14370,"date":"2023-02-07T18:18:28","date_gmt":"2023-02-07T10:18:28","guid":{"rendered":"https:\/\/www.agriculture-machine.com\/?page_id=14370"},"modified":"2023-02-08T11:48:07","modified_gmt":"2023-02-08T03:48:07","slug":"about-us","status":"publish","type":"page","link":"https:\/\/www.agriculture-machine.com\/fr\/about-us\/","title":{"rendered":"\u00c0 propos de nous"},"content":{"rendered":"<div class=\"wp-block-media-text alignwide is-stacked-on-mobile\" style=\"grid-template-columns:42% auto\"><figure class=\"wp-block-media-text__media\"><img loading=\"lazy\" decoding=\"async\" width=\"720\" height=\"540\" src=\"https:\/\/www.agriculture-machine.com\/wp-content\/uploads\/2023\/02\/Taizy-factory-.webp\" alt=\"\" class=\"wp-image-14374 size-full\"\/><\/figure><div class=\"wp-block-media-text__content\"> <div class=\"wp-block-columns is-layout-flex wp-container-core-columns-is-layout-9d6595d7 wp-block-columns-is-layout-flex\"> <div class=\"wp-block-column is-layout-flow wp-block-column-is-layout-flow\" style=\"flex-basis:100%\"> <p class=\"translation-block\"><strong>Taizy<\/strong> est un fabricant de machines ax\u00e9 sur les machines agricoles. Pour pouvoir innover et d\u00e9velopper constamment, nous pr\u00eatons une grande attention au renouvellement et \u00e0 l\u2019innovation technologiques. Cela a abouti \u00e0 des produits qui r\u00e9pondent constamment aux nouveaux besoins des clients et facilitent leur vie quotidienne. Nous disposons d\u2019une usine de plus de 30 000 m\u00e8tres carr\u00e9s. Au sein de l\u2019usine, nous avons des d\u00e9partements sp\u00e9cialis\u00e9s R&amp;D, supervision, fabrication et emballage. Les mat\u00e9riaux utilis\u00e9s pour la fabrication de nos produits sont de haute qualit\u00e9 et conformes aux normes. Chaque \u00e9tape du processus est strictement surveill\u00e9e et v\u00e9rifi\u00e9e. En cons\u00e9quence, l\u2019\u00e9quipement produit est de bonne qualit\u00e9, robuste et durable.<\/p> <\/div> <\/div> <\/div><\/div>    <h2 class=\"wp-block-heading\">L\u2019activit\u00e9 d\u2019exportation de Taizy<\/h2>    <div class=\"wp-block-media-text alignwide has-media-on-the-right is-stacked-on-mobile\"><div class=\"wp-block-media-text__content\"> <p class=\"translation-block\">Avec un d\u00e9veloppement continu, nous avons lanc\u00e9 une activit\u00e9 commerciale \u00e0 l\u2019export. \u00c0 ce jour, nous avons plus de 15 ans d\u2019exp\u00e9rience \u00e0 l\u2019export. Nous pouvons recommander la bonne machine, offrir une vari\u00e9t\u00e9 de m\u00e9thodes de paiement, disposer d\u2019un syst\u00e8me logistique parfait et d\u2019un service apr\u00e8s-vente mature. Nos machines agricoles ont \u00e9t\u00e9 export\u00e9es vers de nombreux pays tels que <strong>Afrique, Asie du Sud-Est et Am\u00e9rique du Sud,<\/strong> tels que le Nigeria, le Ghana, le P\u00e9rou, l\u2019Indon\u00e9sie, la Zambie, le Canada, le S\u00e9n\u00e9gal, le Guatemala, le P\u00e9rou, le Zimbabwe, le Maroc, le Botswana, le Zimbabwe, l\u2019Ouganda, l\u2019Alg\u00e9rie et les \u00c9tats-Unis, Botswana, Zimbabwe, Ouganda, Alg\u00e9rie, Cameroun, etc.<\/p> <\/div><figure class=\"wp-block-media-text__media\"><img loading=\"lazy\" decoding=\"async\" width=\"720\" height=\"540\" src=\"https:\/\/www.agriculture-machine.com\/wp-content\/uploads\/2023\/02\/Taizy-customers-1.webp\" alt=\"\" class=\"wp-image-14386 size-full\"\/><\/figure><\/div>    <h2 class=\"wp-block-heading\">Les produits Taizy<\/h2>    <p class=\"translation-block\">La gamme de produits Taizy comprend <strong>moulins \u00e0 grain<\/strong>, <strong>s\u00e9parateurs<\/strong>, <strong>semis<\/strong>, <strong>moissonneuses<\/strong>, <strong>ballons<\/strong>, <strong>semis<\/strong>, <strong>moulins \u00e0 riz<\/strong>, <strong>pelure de grain<\/strong>, <strong>s\u00e9chages<\/strong>, etc. Ces derni\u00e8res ann\u00e9es, nos produits sont devenus tr\u00e8s populaires. Ces derniers temps, ces produits ont \u00e9t\u00e9 tr\u00e8s pris\u00e9s par nos clients en Afrique et en Asie du Sud-Est, notamment<br><strong>Nigeria, Kenya, Afrique du Sud, Ghana, Congo, \u00c9thiopie, Namibie, Maroc, Botswana, Zimbabwe, Ouganda, Alg\u00e9rie et Cameroun.<\/strong><\/p>    <figure class=\"wp-block-image size-full\"><img loading=\"lazy\" decoding=\"async\" width=\"720\" height=\"540\" src=\"https:\/\/www.agriculture-machine.com\/wp-content\/uploads\/2023\/02\/Taizys-products-.webp\" alt=\"Les produits Taizy\" class=\"wp-image-14376\" title=\"Les produits Taizy\"\/><figcaption class=\"wp-element-caption\">Les produits Taizy<\/figcaption><\/figure>    <h2 class=\"wp-block-heading\">Le service Taizy<\/h2>    <p>Depuis le d\u00e9but de nos exportations, nous recevons les \u00e9loges de nos clients pour notre service. Ils disent qu\u2019ils se sentent \u00e0 l\u2019aise d\u2019acheter chez nous. Les \u00e9l\u00e9ments principaux de notre service sont les suivants.<\/p>    <ol class=\"wp-block-list\"> <li><strong>Avant-vente.<\/strong> Nous fournirons \u00e0 nos clients des photos, des param\u00e8tres et des vid\u00e9os de nos produits. Permettre aux clients de bien comprendre nos machines. En m\u00eame temps, nous r\u00e9pondons rapidement \u00e0 toutes les questions de nos clients.<\/li>    <li><strong>Pendant la vente.<\/strong> Nous recommanderons la bonne solution de machine selon la situation sp\u00e9cifique du client. Nous r\u00e9solvons toutes les questions concernant la machine, par ex. la tension, le temps n\u00e9cessaire pour fabriquer la machine, la m\u00e9thode d\u2019utilisation, l\u2019installation et la mise en service, etc. <strong>Concernant les m\u00e9thodes de paiement,<\/strong> nous prend en charge l\u2019Assurance commerciale, T\/T, Western Union, Money Gram, L\/C, Pay Pal, Cash, etc. Nous pouvons \u00e9galement fournir des liens de paiement directs vers Alibaba, o\u00f9 les clients peuvent payer directement. C\u2019est une m\u00e9thode de paiement s\u00fbre et rapide.<\/li> <\/ol>    <ol class=\"wp-block-list\" start=\"3\"> <li><strong>Service apr\u00e8s-vente.<\/strong> Nous proposons des m\u00e9thodes d\u2019exp\u00e9dition selon les besoins du client. Le client peut \u00e9galement v\u00e9rifier en temps r\u00e9el l\u2019\u00e9tat du transport de la machine.<br>Nous proposons \u00e9galement un <strong>un an de service apr\u00e8s-vente :<\/strong> Apr\u00e8s avoir pass\u00e9 la commande, nous fournirons des services de conseil en ligne \u00e0 vie. D\u2019autres dysfonctionnements caus\u00e9s par des erreurs d\u2019exploitation, des probl\u00e8mes d\u2019origine humaine, etc. seront \u00e0 la charge des clients. D\u2019autres dysfonctionnements caus\u00e9s par des erreurs d\u2019exploitation, des probl\u00e8mes d\u2019origine humaine, etc. seront \u00e0 la charge des clients eux-m\u00eames.<\/li> <\/ol>    <figure class=\"wp-block-image size-full\"><img loading=\"lazy\" decoding=\"async\" width=\"720\" height=\"540\" src=\"https:\/\/www.agriculture-machine.com\/wp-content\/uploads\/2023\/02\/Taizys-service-.webp\" alt=\"Le service de Taizy\" class=\"wp-image-14377\" title=\"Le service de Taizy\"\/><figcaption class=\"wp-element-caption\">Le service Taizy<\/figcaption><\/figure>    <h2 class=\"wp-block-heading\">Les certificats et distinctions de Taizy<\/h2>    <p>Gr\u00e2ce \u00e0 la bonne qualit\u00e9 de nos machines et au soutien de nos nombreux clients, nous avons re\u00e7u de nombreux prix et certificats. \u00c0 l\u2019avenir, nous continuerons d\u2019innover et de nous d\u00e9velopper en pensant \u00e0 nos clients, et nous nous engageons \u00e0 produire des produits encore meilleurs. Nous invitons nos clients \u00e0 se renseigner sur nos produits \u00e0 tout moment et n\u2019importe o\u00f9 !<\/p>    <figure class=\"wp-block-image size-full\"><img loading=\"lazy\" decoding=\"async\" width=\"720\" height=\"540\" src=\"https:\/\/www.agriculture-machine.com\/wp-content\/uploads\/2023\/02\/Taizys-certificates-and-honors-.webp\" alt=\"Les certificats et distinctions de Taizy\" class=\"wp-image-14378\" title=\"Les certificats et distinctions de Taizy\"\/><figcaption class=\"wp-element-caption\">Les certificats et distinctions de Taizy<\/figcaption><\/figure>","protected":false},"excerpt":{"rendered":"<p>Taizy&#8217;s export business With continuous development, we have launched a foreign trade business. By now we have over 15 years of export experience. We can recommend the right machine, offer a variety of payment methods, have a perfect logistics system, and mature after-sales service. Our agricultural machinery has now been exported to many countries such [&hellip;]<\/p>\n","protected":false},"author":1,"featured_media":0,"parent":0,"menu_order":0,"comment_status":"closed","ping_status":"closed","template":"","meta":{"footnotes":""},"class_list":["post-14370","page","type-page","status-publish","hentry"],"_links":{"self":[{"href":"https:\/\/www.agriculture-machine.com\/fr\/wp-json\/wp\/v2\/pages\/14370","targetHints":{"allow":["GET"]}}],"collection":[{"href":"https:\/\/www.agriculture-machine.com\/fr\/wp-json\/wp\/v2\/pages"}],"about":[{"href":"https:\/\/www.agriculture-machine.com\/fr\/wp-json\/wp\/v2\/types\/page"}],"author":[{"embeddable":true,"href":"https:\/\/www.agriculture-machine.com\/fr\/wp-json\/wp\/v2\/users\/1"}],"replies":[{"embeddable":true,"href":"https:\/\/www.agriculture-machine.com\/fr\/wp-json\/wp\/v2\/comments?post=14370"}],"version-history":[{"count":0,"href":"https:\/\/www.agriculture-machine.com\/fr\/wp-json\/wp\/v2\/pages\/14370\/revisions"}],"wp:attachment":[{"href":"https:\/\/www.agriculture-machine.com\/fr\/wp-json\/wp\/v2\/media?parent=14370"}],"curies":[{"name":"wp","href":"https:\/\/api.w.org\/{rel}","templated":true}]}}