{"id":14679,"date":"2023-05-29T16:57:09","date_gmt":"2023-05-29T08:57:09","guid":{"rendered":"https:\/\/www.agriculture-machine.com\/?page_id=14679"},"modified":"2023-05-29T17:52:28","modified_gmt":"2023-05-29T09:52:28","slug":"corporate-culture","status":"publish","type":"page","link":"https:\/\/www.agriculture-machine.com\/fr\/corporate-culture\/","title":{"rendered":"Culture d'entreprise"},"content":{"rendered":"<p class=\"translation-block\"><strong>La culture d'entreprise de Taizy : Laissez les machines chinoises changer chaque coin du monde !<\/strong><\/p>    <p>Notre culture d'entreprise repose sur les \u00e9l\u00e9ments fondamentaux suivants, visant \u00e0 guider les efforts collectifs de nos employ\u00e9s pour atteindre notre mission et notre vision.<\/p>    <p class=\"translation-block\"><strong>Mission d'entreprise :<\/strong> Donner aux machines chinoises le pouvoir de transformer chaque coin du monde<\/p>    <p>En tant qu'entreprise de fabrication de machines, notre mission est de faire jouer un r\u00f4le aux machines chinoises, d'apporter du changement et d'impacter chaque coin du monde par l'innovation et des produits de haute qualit\u00e9. Nous nous engageons \u00e0 fournir des solutions de machines avanc\u00e9es, fiables et efficaces qui cr\u00e9ent de la valeur pour nos clients.<\/p>    <p class=\"translation-block\"><strong>Vision d'entreprise :<\/strong> Valoriser la valeur pour les clients, favoriser la croissance des employ\u00e9s !<\/p>    <p>Notre vision est de devenir un partenaire de confiance pour nos clients, en fournissant continuellement de la valeur \u00e0 travers des produits et services exceptionnels. Parall\u00e8lement, nous nous consacrons \u00e0 cr\u00e9er un environnement pour nos employ\u00e9s offrant des opportunit\u00e9s de d\u00e9veloppement, des d\u00e9fis et une plateforme pour la croissance personnelle et professionnelle.<\/p>    <p class=\"translation-block\"><strong>Valeurs de Taizy :<\/strong> Int\u00e9grit\u00e9, Gratitude, Altruisme, \u00c9nergie positive, Embrasser le changement, Esprit d'\u00e9quipe<\/p>    <figure class=\"wp-block-image size-full\"><img loading=\"lazy\" decoding=\"async\" width=\"720\" height=\"540\" src=\"https:\/\/www.agriculture-machine.com\/wp-content\/uploads\/2023\/05\/Corporate-culture-.webp\" alt=\"\" class=\"wp-image-14688\" srcset=\"https:\/\/www.agriculture-machine.com\/wp-content\/uploads\/2023\/05\/Corporate-culture-.webp 720w, https:\/\/www.agriculture-machine.com\/wp-content\/uploads\/2023\/05\/Corporate-culture--360x270.webp 360w, https:\/\/www.agriculture-machine.com\/wp-content\/uploads\/2023\/05\/Corporate-culture--240x180.webp 240w\" sizes=\"auto, (max-width: 720px) 100vw, 720px\" \/><\/figure>    <p>Dans notre culture d'entreprise, nous adh\u00e9rons aux valeurs de Taizy suivantes en tant que principes directeurs et incarnations de notre esprit :<\/p>    <p class=\"translation-block\"><strong>Int\u00e9grit\u00e9 :<\/strong> Nous \u00e9tablissons des relations de confiance avec nos clients, partenaires et employ\u00e9s, en nous basant sur l'int\u00e9grit\u00e9. Nous d\u00e9fendons des principes d'honn\u00eatet\u00e9, d'int\u00e9grit\u00e9 et d'\u00e9quit\u00e9, en honorant toujours nos engagements.<\/p>    <p class=\"translation-block\"><strong>Gratitude :<\/strong> Nous exprimons notre gratitude pour le soutien et la confiance de nos clients, le d\u00e9vouement de nos employ\u00e9s et l'aide de nos partenaires. Nous ch\u00e9rissons les relations de coop\u00e9ration et appr\u00e9cions les contributions des autres.<\/p>    <p class=\"translation-block\"><strong>Altruisme :<\/strong> Nous mettons l'accent sur l'altruisme, en prenant soin des besoins et des int\u00e9r\u00eats des autres, et en consid\u00e9rant cela comme notre responsabilit\u00e9 de leur venir en aide. Nous encourageons les employ\u00e9s \u00e0 s'entraider et \u00e0 soutenir mutuellement, travaillant pour le succ\u00e8s de l'\u00e9quipe.<\/p>    <p class=\"translation-block\"><strong>\u00c9nergie positive :<\/strong> Nous encourageons activement l'\u00e9nergie positive, incitant les employ\u00e9s \u00e0 maintenir une attitude optimiste face aux d\u00e9fis et difficult\u00e9s. Nous croyons qu'un \u00e9tat d'esprit positif peut inspirer l'innovation et conduire au changement.<\/p>    <p class=\"translation-block\"><strong>Embrasser le changement :<\/strong> Nous accueillons le changement, en reconnaissant son in\u00e9vitabilit\u00e9, et en cherchant continuellement \u00e0 nous am\u00e9liorer et innover. Nous encourageons les employ\u00e9s \u00e0 s'adapter au changement et \u00e0 relever courageusement de nouveaux d\u00e9fis.<\/p>    <p class=\"translation-block\"><strong>Esprit d'\u00e9quipe :<\/strong> Nous pr\u00f4nons l'esprit d'\u00e9quipe, favorisant la coop\u00e9ration, la communication et la collaboration entre les employ\u00e9s. Nous croyons au pouvoir de l'unit\u00e9 et du travail en \u00e9quipe pour poursuivre l'excellence.<\/p>    <p>Gr\u00e2ce \u00e0 une telle culture d'entreprise, nous croyons pouvoir r\u00e9aliser notre mission et notre vision, en devenant une entreprise influente.<\/p>    <figure class=\"wp-block-image size-full\"><img loading=\"lazy\" decoding=\"async\" width=\"720\" height=\"540\" src=\"https:\/\/www.agriculture-machine.com\/wp-content\/uploads\/2023\/05\/Corporate-culture1-.webp\" alt=\"\" class=\"wp-image-14690\" srcset=\"https:\/\/www.agriculture-machine.com\/wp-content\/uploads\/2023\/05\/Corporate-culture1-.webp 720w, https:\/\/www.agriculture-machine.com\/wp-content\/uploads\/2023\/05\/Corporate-culture1--360x270.webp 360w, https:\/\/www.agriculture-machine.com\/wp-content\/uploads\/2023\/05\/Corporate-culture1--240x180.webp 240w\" sizes=\"auto, (max-width: 720px) 100vw, 720px\" \/><\/figure>","protected":false},"excerpt":{"rendered":"<p>Taizy&#8217;s Corporate Culture: Let Chinese Machines Change Every Corner of the World! Our corporate culture is built upon the following core elements, aiming to guide our employees&#8217; collective efforts in achieving our mission and vision. Corporate Mission: Empowering Chinese Machines to Transform Every Corner of the World As a machine manufacturing company, our mission is [&hellip;]<\/p>\n","protected":false},"author":1,"featured_media":0,"parent":0,"menu_order":0,"comment_status":"closed","ping_status":"closed","template":"","meta":{"footnotes":""},"class_list":["post-14679","page","type-page","status-publish","hentry"],"_links":{"self":[{"href":"https:\/\/www.agriculture-machine.com\/fr\/wp-json\/wp\/v2\/pages\/14679","targetHints":{"allow":["GET"]}}],"collection":[{"href":"https:\/\/www.agriculture-machine.com\/fr\/wp-json\/wp\/v2\/pages"}],"about":[{"href":"https:\/\/www.agriculture-machine.com\/fr\/wp-json\/wp\/v2\/types\/page"}],"author":[{"embeddable":true,"href":"https:\/\/www.agriculture-machine.com\/fr\/wp-json\/wp\/v2\/users\/1"}],"replies":[{"embeddable":true,"href":"https:\/\/www.agriculture-machine.com\/fr\/wp-json\/wp\/v2\/comments?post=14679"}],"version-history":[{"count":0,"href":"https:\/\/www.agriculture-machine.com\/fr\/wp-json\/wp\/v2\/pages\/14679\/revisions"}],"wp:attachment":[{"href":"https:\/\/www.agriculture-machine.com\/fr\/wp-json\/wp\/v2\/media?parent=14679"}],"curies":[{"name":"wp","href":"https:\/\/api.w.org\/{rel}","templated":true}]}}