{"id":14683,"date":"2023-05-29T16:56:18","date_gmt":"2023-05-29T08:56:18","guid":{"rendered":"https:\/\/www.agriculture-machine.com\/?page_id=14683"},"modified":"2023-05-29T17:51:22","modified_gmt":"2023-05-29T09:51:22","slug":"global-customer","status":"publish","type":"page","link":"https:\/\/www.agriculture-machine.com\/fr\/global-customer\/","title":{"rendered":"Client mondial"},"content":{"rendered":"<p>Depuis la cr\u00e9ation de Taizy, nous sommes dans le secteur de l\u2019exportation, au service de clients dans le monde entier. Apr\u00e8s des ann\u00e9es de d\u00e9veloppement, nos clients se sont \u00e9tendus \u00e0 de nombreux pays. Par exemple, Nigeria, Ghana, Tanzanie, P\u00e9rou, Philippines, Afrique du Sud, Angola, Portugal, Maroc, etc. Nous avons gagn\u00e9 le soutien de clients dans de nombreux pays gr\u00e2ce aux qualit\u00e9s suivantes :<\/p>    <figure class=\"wp-block-image size-full\"><img loading=\"lazy\" decoding=\"async\" width=\"720\" height=\"540\" src=\"https:\/\/www.agriculture-machine.com\/wp-content\/uploads\/2023\/05\/global-customer-.webp\" alt=\"\" class=\"wp-image-14692\" srcset=\"https:\/\/www.agriculture-machine.com\/wp-content\/uploads\/2023\/05\/global-customer-.webp 720w, https:\/\/www.agriculture-machine.com\/wp-content\/uploads\/2023\/05\/global-customer--360x270.webp 360w, https:\/\/www.agriculture-machine.com\/wp-content\/uploads\/2023\/05\/global-customer--240x180.webp 240w\" sizes=\"auto, (max-width: 720px) 100vw, 720px\" \/><\/figure>    <p class=\"translation-block\"><strong>Exp\u00e9rience riche en exportation :<\/strong> Avec des ann\u00e9es d\u2019exp\u00e9rience dans l\u2019exportation, nous avons accumul\u00e9 une grande connaissance et expertise pour aider nos clients \u00e0 r\u00e9soudre divers probl\u00e8mes li\u00e9s \u00e0 l\u2019exportation. Nous comprenons la complexit\u00e9 et les d\u00e9fis du processus d\u2019exportation et nous engageons \u00e0 fournir un soutien et des conseils complets.<\/p>    <p class=\"translation-block\"><strong>Service personnalis\u00e9 :<\/strong> L\u2019une des forces principales de Taizy est la capacit\u00e9 de recommander le bon \u00e9quipement et de fournir des solutions professionnelles pour r\u00e9pondre aux besoins uniques de nos clients. En plus de cela, nous pouvons \u00e9galement cr\u00e9er des \u00e9quipements uniques pour r\u00e9pondre aux besoins de nos clients et les aider \u00e0 d\u00e9marrer leurs activit\u00e9s en douceur.<\/p>    <p class=\"translation-block\"><strong>La gamme diversifi\u00e9e de services :<\/strong> Nous proposons la meilleure solution et un service de vente unique pour diff\u00e9rents types d\u2019\u00e9quipements agricoles. Nous offrons aux grossistes, distributeurs et agents commerciaux un soutien pour leurs activit\u00e9s locales. Nous avons une riche exp\u00e9rience dans la r\u00e9alisation de projets d\u2019appel d\u2019offres pour des ONG, la FAO, le PNUD et les march\u00e9s publics.<\/p>    <p class=\"translation-block\"><strong>\u00c9quipement de haute qualit\u00e9 :<\/strong> Chez Taizy, la qualit\u00e9 est notre priorit\u00e9 absolue. Nous respectons des normes strictes et des mesures de contr\u00f4le de la qualit\u00e9 pour garantir que notre \u00e9quipement r\u00e9pond et d\u00e9passe les normes internationales. Nous sommes fiers de la durabilit\u00e9, de la fiabilit\u00e9 et des performances de nos produits.<\/p>    <p>Vous \u00eates invit\u00e9s \u00e0 parcourir notre site web, notre \u00e9quipement contient la plupart de ce dont vous avez besoin pour le travail agricole. Nous pouvons offrir une gamme compl\u00e8te d\u2019\u00e9quipements et de solutions. N\u2019h\u00e9sitez pas \u00e0 nous demander des informations sur notre \u00e9quipement agricole, notre \u00e9quipe de professionnels est l\u00e0 pour vous aider.<\/p>    <figure class=\"wp-block-image size-full\"><img loading=\"lazy\" decoding=\"async\" width=\"720\" height=\"540\" src=\"https:\/\/www.agriculture-machine.com\/wp-content\/uploads\/2023\/05\/Global-customer-2.webp\" alt=\"\" class=\"wp-image-14694\" srcset=\"https:\/\/www.agriculture-machine.com\/wp-content\/uploads\/2023\/05\/Global-customer-2.webp 720w, https:\/\/www.agriculture-machine.com\/wp-content\/uploads\/2023\/05\/Global-customer-2-360x270.webp 360w, https:\/\/www.agriculture-machine.com\/wp-content\/uploads\/2023\/05\/Global-customer-2-240x180.webp 240w\" sizes=\"auto, (max-width: 720px) 100vw, 720px\" \/><\/figure>","protected":false},"excerpt":{"rendered":"<p>Since the establishment of Taizy, we have been in the export business, serving customers worldwide. After years of development, our customers have spread to many countries. For example Nigeria, Ghana, Tanzania, Peru, Philippines, South Africa, Angola, Portugal, Morocco, etc We have won the support of customers in many countries due to the following qualities: Rich [&hellip;]<\/p>\n","protected":false},"author":1,"featured_media":0,"parent":0,"menu_order":0,"comment_status":"closed","ping_status":"closed","template":"","meta":{"footnotes":""},"class_list":["post-14683","page","type-page","status-publish","hentry"],"_links":{"self":[{"href":"https:\/\/www.agriculture-machine.com\/fr\/wp-json\/wp\/v2\/pages\/14683","targetHints":{"allow":["GET"]}}],"collection":[{"href":"https:\/\/www.agriculture-machine.com\/fr\/wp-json\/wp\/v2\/pages"}],"about":[{"href":"https:\/\/www.agriculture-machine.com\/fr\/wp-json\/wp\/v2\/types\/page"}],"author":[{"embeddable":true,"href":"https:\/\/www.agriculture-machine.com\/fr\/wp-json\/wp\/v2\/users\/1"}],"replies":[{"embeddable":true,"href":"https:\/\/www.agriculture-machine.com\/fr\/wp-json\/wp\/v2\/comments?post=14683"}],"version-history":[{"count":0,"href":"https:\/\/www.agriculture-machine.com\/fr\/wp-json\/wp\/v2\/pages\/14683\/revisions"}],"wp:attachment":[{"href":"https:\/\/www.agriculture-machine.com\/fr\/wp-json\/wp\/v2\/media?parent=14683"}],"curies":[{"name":"wp","href":"https:\/\/api.w.org\/{rel}","templated":true}]}}