{"id":10078,"date":"2021-04-22T15:14:47","date_gmt":"2021-04-22T07:14:47","guid":{"rendered":"https:\/\/www.agriculture-machine.com\/?p=10078"},"modified":"2024-09-18T16:16:09","modified_gmt":"2024-09-18T08:16:09","slug":"thresher-machine-5td-50-for-rice-wheat-bean-corn-sorghum-millet","status":"publish","type":"product","link":"https:\/\/www.agriculture-machine.com\/fr\/thresher-machine-5td-50-for-rice-wheat-bean-corn-sorghum-millet\/","title":{"rendered":"D\u00e9cortiqueuse 5TD-50 pour riz, bl\u00e9, haricots, ma\u00efs, sorgho, millet"},"content":{"rendered":"<p>La machine de la s\u00e9rie TD est notre derni\u00e8re machine \u00e0 battre. Actuellement, nous avons 5TD-50, 5TD-70, 5TD-90, 5TD-125, 5TD-1000. Cet article partage principalement avec vous la machine \u00e0 battre 5TD-50.<\/p> <h2>Quelles cultures cette machine peut-elle traiter ?<\/h2> <p>Cette machine \u00e0 battre peut \u00eatre utilis\u00e9e pour battre du soja, du ma\u00efs, du riz, du bl\u00e9, du quinoa, du colza, du sorgho, du millet, etc. Vous n\u2019avez pas besoin de changer le tamis, il suffit d\u2019ajuster l\u2019espacement du rouleau lors du battage de diff\u00e9rentes cultures.<\/p> <figure id=\"attachment_10082\" aria-describedby=\"caption-attachment-10082\" style=\"width: 720px\" class=\"wp-caption alignnone\"><img loading=\"lazy\" decoding=\"async\" class=\"size-full wp-image-10082\" src=\"https:\/\/www.agriculture-machine.com\/wp-content\/uploads\/2021\/04\/5-TD-thresher-for-rice-wheat-corn-beans-rape-sorghum.jpg\" alt=\"Battage 5-TD pour riz, bl\u00e9, ma\u00efs, haricots, colza, sorgho\" width=\"720\" height=\"540\" srcset=\"https:\/\/www.agriculture-machine.com\/wp-content\/uploads\/2021\/04\/5-TD-thresher-for-rice-wheat-corn-beans-rape-sorghum.jpg 720w, https:\/\/www.agriculture-machine.com\/wp-content\/uploads\/2021\/04\/5-TD-thresher-for-rice-wheat-corn-beans-rape-sorghum-360x270.jpg 360w, https:\/\/www.agriculture-machine.com\/wp-content\/uploads\/2021\/04\/5-TD-thresher-for-rice-wheat-corn-beans-rape-sorghum-240x180.jpg 240w\" sizes=\"auto, (max-width: 720px) 100vw, 720px\" \/><figcaption id=\"caption-attachment-10082\" class=\"wp-caption-text\">Battage 5-TD pour riz, bl\u00e9, ma\u00efs, haricots, colza, sorgho<\/figcaption><\/figure> <h2>Quels sont les avantages de la machine \u00e0 battre pour bl\u00e9 ?<\/h2> <p>La machine \u00e0 battre pour bl\u00e9 a une haute efficacit\u00e9 de production, un battage propre, sans dommage, et une faible teneur en impuret\u00e9s. Elle est fabriqu\u00e9e avec une technologie avanc\u00e9e et poss\u00e8de une qualit\u00e9 excellente. La nouvelle machine \u00e0 battre est d\u00e9j\u00e0 sur le march\u00e9 et a re\u00e7u de nombreuses commandes nationales et internationales, notamment du Nigeria, du Ghana et du Kenya. Ce produit int\u00e8gre les fonctions de battage, de s\u00e9paration et de nettoyage.<\/p> <h2>D\u00e9tails de la structure de la machine \u00e0 battre pour haricots<\/h2> <p>Cette machine \u00e0 battre 5TD-50 est principalement compos\u00e9e d\u2019un port d\u2019alimentation, d\u2019une sortie d\u2019impuret\u00e9s, d\u2019une sortie de grains propres, d\u2019un ventilateur, d\u2019une structure \u00e9lectrique, d\u2019un dent de dial interne, d\u2019un rouleau, etc. La machine poss\u00e8de un seul ventilateur mais peut r\u00e9aliser une \u00e9limination secondaire des impuret\u00e9s. Ainsi, le grain est tr\u00e8s propre apr\u00e8s battage.<\/p> <div id='gallery-1' class='gallery galleryid-10078 gallery-columns-2 gallery-size-full'><figure class='gallery-item'> \t\t\t<div class='gallery-icon landscape'> \t\t\t\t<a href='https:\/\/www.agriculture-machine.com\/wp-content\/uploads\/2021\/04\/structure-details-of-5TD-50-thresher-machine.jpg'><img loading=\"lazy\" decoding=\"async\" width=\"720\" height=\"540\" src=\"https:\/\/www.agriculture-machine.com\/wp-content\/uploads\/2021\/04\/structure-details-of-5TD-50-thresher-machine.jpg\" class=\"attachment-full size-full\" alt=\"D\u00e9tails de la structure de la machine \u00e0 battre 5TD-50\" aria-describedby=\"gallery-1-10083\" srcset=\"https:\/\/www.agriculture-machine.com\/wp-content\/uploads\/2021\/04\/structure-details-of-5TD-50-thresher-machine.jpg 720w, https:\/\/www.agriculture-machine.com\/wp-content\/uploads\/2021\/04\/structure-details-of-5TD-50-thresher-machine-360x270.jpg 360w, https:\/\/www.agriculture-machine.com\/wp-content\/uploads\/2021\/04\/structure-details-of-5TD-50-thresher-machine-240x180.jpg 240w\" sizes=\"auto, (max-width: 720px) 100vw, 720px\" \/><\/a> \t\t\t<\/div> \t\t\t\t<figcaption class='wp-caption-text gallery-caption' id='gallery-1-10083'> \t\t\t\tD\u00e9tails de la structure de la machine \u00e0 battre 5TD-50 \t\t\t\t<\/figcaption><\/figure><figure class='gallery-item'> \t\t\t<div class='gallery-icon landscape'> \t\t\t\t<a href='https:\/\/www.agriculture-machine.com\/wp-content\/uploads\/2021\/04\/structure-of-5TD-50-thresher-machine.jpg'><img loading=\"lazy\" decoding=\"async\" width=\"720\" height=\"540\" src=\"https:\/\/www.agriculture-machine.com\/wp-content\/uploads\/2021\/04\/structure-of-5TD-50-thresher-machine.jpg\" class=\"attachment-full size-full\" alt=\"structure de la machine \u00e0 battre 5TD-50\" aria-describedby=\"gallery-1-10084\" srcset=\"https:\/\/www.agriculture-machine.com\/wp-content\/uploads\/2021\/04\/structure-of-5TD-50-thresher-machine.jpg 720w, https:\/\/www.agriculture-machine.com\/wp-content\/uploads\/2021\/04\/structure-of-5TD-50-thresher-machine-360x270.jpg 360w, https:\/\/www.agriculture-machine.com\/wp-content\/uploads\/2021\/04\/structure-of-5TD-50-thresher-machine-240x180.jpg 240w\" sizes=\"auto, (max-width: 720px) 100vw, 720px\" \/><\/a> \t\t\t<\/div> \t\t\t\t<figcaption class='wp-caption-text gallery-caption' id='gallery-1-10084'> \t\t\t\tstructure de la machine \u00e0 battre 5TD-50 \t\t\t\t<\/figcaption><\/figure> \t\t<\/div>  <h2>Quel type de puissance peut-elle \u00eatre \u00e9quip\u00e9e ?<\/h2> <p>La machine \u00e0 battre 5TD-50 peut \u00eatre \u00e9quip\u00e9e d\u2019un moteur, d\u2019un moteur diesel, d\u2019un moteur \u00e0 essence. Moteur de 6-8 chevaux (diesel) ou moteur \u00e0 essence de 2,2-3 kW.<\/p> <div id='gallery-2' class='gallery galleryid-10078 gallery-columns-2 gallery-size-full'><figure class='gallery-item'> \t\t\t<div class='gallery-icon landscape'> \t\t\t\t<a href='https:\/\/www.agriculture-machine.com\/wp-content\/uploads\/2021\/04\/5.jpg'><img loading=\"lazy\" decoding=\"async\" width=\"720\" height=\"540\" src=\"https:\/\/www.agriculture-machine.com\/wp-content\/uploads\/2021\/04\/5.jpg\" class=\"attachment-full size-full\" alt=\"Machine \u00e0 battre \u00e0 moteur \u00e0 essence\" aria-describedby=\"gallery-2-10086\" srcset=\"https:\/\/www.agriculture-machine.com\/wp-content\/uploads\/2021\/04\/5.jpg 720w, https:\/\/www.agriculture-machine.com\/wp-content\/uploads\/2021\/04\/5-360x270.jpg 360w, https:\/\/www.agriculture-machine.com\/wp-content\/uploads\/2021\/04\/5-240x180.jpg 240w\" sizes=\"auto, (max-width: 720px) 100vw, 720px\" \/><\/a> \t\t\t<\/div> \t\t\t\t<figcaption class='wp-caption-text gallery-caption' id='gallery-2-10086'> \t\t\t\tMachine \u00e0 battre \u00e0 moteur \u00e0 essence \t\t\t\t<\/figcaption><\/figure><figure class='gallery-item'> \t\t\t<div class='gallery-icon landscape'> \t\t\t\t<a href='https:\/\/www.agriculture-machine.com\/wp-content\/uploads\/2021\/04\/4.jpg'><img loading=\"lazy\" decoding=\"async\" width=\"720\" height=\"540\" src=\"https:\/\/www.agriculture-machine.com\/wp-content\/uploads\/2021\/04\/4.jpg\" class=\"attachment-full size-full\" alt=\"Machine \u00e0 battre \u00e0 moteur\" aria-describedby=\"gallery-2-10085\" srcset=\"https:\/\/www.agriculture-machine.com\/wp-content\/uploads\/2021\/04\/4.jpg 720w, https:\/\/www.agriculture-machine.com\/wp-content\/uploads\/2021\/04\/4-360x270.jpg 360w, https:\/\/www.agriculture-machine.com\/wp-content\/uploads\/2021\/04\/4-240x180.jpg 240w\" sizes=\"auto, (max-width: 720px) 100vw, 720px\" \/><\/a> \t\t\t<\/div> \t\t\t\t<figcaption class='wp-caption-text gallery-caption' id='gallery-2-10085'> \t\t\t\tMachine \u00e0 battre \u00e0 moteur \t\t\t\t<\/figcaption><\/figure> \t\t<\/div>  <h2>Quels sont les points forts de cette machine \u00e0 battre ?<\/h2> <p class=\"translation-block\">Is this machine different from the previous rice and wheat thresher?<br \/> Yes, of course.<br \/> Difference 1: This thresher does not need to change the screen when you threshing different grains, so the operation is very simple. The <a href=\"https:\/\/www.agriculture-machine.com\/fr\/wheat-thresher-for-sale-sorghum-rice-thresher-beans-millet-threshing-machine\/\">other rice and wheat thresher<\/a> needs to change the screen when threshing different grains.<br \/> Difference 2: This 5TD-50 thresher is more customizable. It can equip PTO, big tires, traction frame, etc. It can be customized according to your requirements.<br \/> Difference 3: The output of the 5TD-50 thresher is higher. The output of this TD-50 thresher is 500-800kg per hour, while the output of the previous rice and wheat thresher is 400-500Kg.<br \/> Difference 4: In addition to threshing other grains, this newest thresher can also thresh corn. But <a href=\"https:\/\/www.agriculture-machine.com\/fr\/wheat-thresher-for-sale-sorghum-rice-thresher-beans-millet-threshing-machine\/\">the old thresher can thresh rice and wheat better<\/a>. You can choose the machine according to the grain you want to thresh.<\/p> <div id='gallery-3' class='gallery galleryid-10078 gallery-columns-2 gallery-size-full'><figure class='gallery-item'> \t\t\t<div class='gallery-icon landscape'> \t\t\t\t<a href='https:\/\/www.agriculture-machine.com\/wp-content\/uploads\/2021\/04\/6.jpg'><img loading=\"lazy\" decoding=\"async\" width=\"720\" height=\"540\" src=\"https:\/\/www.agriculture-machine.com\/wp-content\/uploads\/2021\/04\/6.jpg\" class=\"attachment-full size-full\" alt=\"Machine \u00e0 battre 5TD-50\" aria-describedby=\"gallery-3-10087\" srcset=\"https:\/\/www.agriculture-machine.com\/wp-content\/uploads\/2021\/04\/6.jpg 720w, https:\/\/www.agriculture-machine.com\/wp-content\/uploads\/2021\/04\/6-360x270.jpg 360w, https:\/\/www.agriculture-machine.com\/wp-content\/uploads\/2021\/04\/6-240x180.jpg 240w\" sizes=\"auto, (max-width: 720px) 100vw, 720px\" \/><\/a> \t\t\t<\/div> \t\t\t\t<figcaption class='wp-caption-text gallery-caption' id='gallery-3-10087'> \t\t\t\tMachine \u00e0 battre 5TD-50 \t\t\t\t<\/figcaption><\/figure><figure class='gallery-item'> \t\t\t<div class='gallery-icon landscape'> \t\t\t\t<a href='https:\/\/www.agriculture-machine.com\/wp-content\/uploads\/2021\/04\/wheat-thresher-13.jpg'><img loading=\"lazy\" decoding=\"async\" width=\"600\" height=\"500\" src=\"https:\/\/www.agriculture-machine.com\/wp-content\/uploads\/2021\/04\/wheat-thresher-13.jpg\" class=\"attachment-full size-full\" alt=\"Machine \u00e0 battre pour bl\u00e9\" aria-describedby=\"gallery-3-10088\" srcset=\"https:\/\/www.agriculture-machine.com\/wp-content\/uploads\/2021\/04\/wheat-thresher-13.jpg 600w, https:\/\/www.agriculture-machine.com\/wp-content\/uploads\/2021\/04\/wheat-thresher-13-324x270.jpg 324w\" sizes=\"auto, (max-width: 600px) 100vw, 600px\" \/><\/a> \t\t\t<\/div> \t\t\t\t<figcaption class='wp-caption-text gallery-caption' id='gallery-3-10088'> \t\t\t\tMachine \u00e0 battre pour bl\u00e9 \t\t\t\t<\/figcaption><\/figure> \t\t<\/div>  <h2>Cas client<\/h2> <p>La derni\u00e8re s\u00e9rie de machines \u00e0 battre multifonctions 5TD-50 est vendue au Nigeria, elles sont utilis\u00e9es pour battre du riz et du ma\u00efs. Ce client a command\u00e9 au total 5 ensembles de machines \u00e0 battre. \u00c9tant donn\u00e9 qu\u2019il s\u2019agit d\u2019une machine r\u00e9cemment lanc\u00e9e, nous avons beaucoup de stock, et nous l\u2019exp\u00e9dierons au client dans quelques jours.<\/p> <div id='gallery-4' class='gallery galleryid-10078 gallery-columns-2 gallery-size-full'><figure class='gallery-item'> \t\t\t<div class='gallery-icon landscape'> \t\t\t\t<a href='https:\/\/www.agriculture-machine.com\/wp-content\/uploads\/2021\/04\/5TD-50-thresher-machine-in-stock.jpg'><img loading=\"lazy\" decoding=\"async\" width=\"720\" height=\"540\" src=\"https:\/\/www.agriculture-machine.com\/wp-content\/uploads\/2021\/04\/5TD-50-thresher-machine-in-stock.jpg\" class=\"attachment-full size-full\" alt=\"Machine \u00e0 battre 5TD-50 en stock\" aria-describedby=\"gallery-4-10090\" srcset=\"https:\/\/www.agriculture-machine.com\/wp-content\/uploads\/2021\/04\/5TD-50-thresher-machine-in-stock.jpg 720w, https:\/\/www.agriculture-machine.com\/wp-content\/uploads\/2021\/04\/5TD-50-thresher-machine-in-stock-360x270.jpg 360w, https:\/\/www.agriculture-machine.com\/wp-content\/uploads\/2021\/04\/5TD-50-thresher-machine-in-stock-240x180.jpg 240w\" sizes=\"auto, (max-width: 720px) 100vw, 720px\" \/><\/a> \t\t\t<\/div> \t\t\t\t<figcaption class='wp-caption-text gallery-caption' id='gallery-4-10090'> \t\t\t\tMachine \u00e0 battre 5TD-50 en stock \t\t\t\t<\/figcaption><\/figure><figure class='gallery-item'> \t\t\t<div class='gallery-icon landscape'> \t\t\t\t<a href='https:\/\/www.agriculture-machine.com\/wp-content\/uploads\/2021\/04\/5TD-50-thresher-in-stock.jpg'><img loading=\"lazy\" decoding=\"async\" width=\"720\" height=\"540\" src=\"https:\/\/www.agriculture-machine.com\/wp-content\/uploads\/2021\/04\/5TD-50-thresher-in-stock.jpg\" class=\"attachment-full size-full\" alt=\"Machine \u00e0 battre 5TD-50 en stock\" aria-describedby=\"gallery-4-10089\" srcset=\"https:\/\/www.agriculture-machine.com\/wp-content\/uploads\/2021\/04\/5TD-50-thresher-in-stock.jpg 720w, https:\/\/www.agriculture-machine.com\/wp-content\/uploads\/2021\/04\/5TD-50-thresher-in-stock-360x270.jpg 360w, https:\/\/www.agriculture-machine.com\/wp-content\/uploads\/2021\/04\/5TD-50-thresher-in-stock-240x180.jpg 240w\" sizes=\"auto, (max-width: 720px) 100vw, 720px\" \/><\/a> \t\t\t<\/div> \t\t\t\t<figcaption class='wp-caption-text gallery-caption' id='gallery-4-10089'> \t\t\t\tMachine \u00e0 battre 5TD-50 en stock \t\t\t\t<\/figcaption><\/figure><figure class='gallery-item'> \t\t\t<div class='gallery-icon landscape'> \t\t\t\t<a href='https:\/\/www.agriculture-machine.com\/wp-content\/uploads\/2021\/04\/7.jpg'><img loading=\"lazy\" decoding=\"async\" width=\"720\" height=\"540\" src=\"https:\/\/www.agriculture-machine.com\/wp-content\/uploads\/2021\/04\/7.jpg\" class=\"attachment-full size-full\" alt=\"Machine \u00e0 battre en vente\" aria-describedby=\"gallery-4-10092\" srcset=\"https:\/\/www.agriculture-machine.com\/wp-content\/uploads\/2021\/04\/7.jpg 720w, https:\/\/www.agriculture-machine.com\/wp-content\/uploads\/2021\/04\/7-360x270.jpg 360w, https:\/\/www.agriculture-machine.com\/wp-content\/uploads\/2021\/04\/7-240x180.jpg 240w\" sizes=\"auto, (max-width: 720px) 100vw, 720px\" \/><\/a> \t\t\t<\/div> \t\t\t\t<figcaption class='wp-caption-text gallery-caption' id='gallery-4-10092'> \t\t\t\tMachine \u00e0 battre en vente \t\t\t\t<\/figcaption><\/figure><figure class='gallery-item'> \t\t\t<div class='gallery-icon landscape'> \t\t\t\t<a href='https:\/\/www.agriculture-machine.com\/wp-content\/uploads\/2021\/04\/packing-and-shipping-of-5TD-50-thresher-machine.jpg'><img loading=\"lazy\" decoding=\"async\" width=\"720\" height=\"540\" src=\"https:\/\/www.agriculture-machine.com\/wp-content\/uploads\/2021\/04\/packing-and-shipping-of-5TD-50-thresher-machine.jpg\" class=\"attachment-full size-full\" alt=\"emballage et exp\u00e9dition de la machine \u00e0 battre 5TD-50\" aria-describedby=\"gallery-4-10091\" srcset=\"https:\/\/www.agriculture-machine.com\/wp-content\/uploads\/2021\/04\/packing-and-shipping-of-5TD-50-thresher-machine.jpg 720w, https:\/\/www.agriculture-machine.com\/wp-content\/uploads\/2021\/04\/packing-and-shipping-of-5TD-50-thresher-machine-360x270.jpg 360w, https:\/\/www.agriculture-machine.com\/wp-content\/uploads\/2021\/04\/packing-and-shipping-of-5TD-50-thresher-machine-240x180.jpg 240w\" sizes=\"auto, (max-width: 720px) 100vw, 720px\" \/><\/a> \t\t\t<\/div> \t\t\t\t<figcaption class='wp-caption-text gallery-caption' id='gallery-4-10091'> \t\t\t\temballage et exp\u00e9dition de la machine \u00e0 battre 5TD-50 \t\t\t\t<\/figcaption><\/figure> \t\t<\/div>","protected":false},"excerpt":{"rendered":"<p>The TD series machine is our latest thresher. At present, we have 5TD-50, 5TD-70, 5TD-90, 5TD-125, 5TD-1000. This article mainly shares with you the thresher machine 5TD-50 . What crops can this thresher process? This thresher machine\u00a0can be used for threshing soybean, corn, rice, wheat, quinoa, rape, sorghum, millet, etc. You do not need to [&hellip;]<\/p>\n","protected":false},"author":1,"featured_media":10093,"parent":0,"comment_status":"closed","ping_status":"closed","template":"","tags":[489,491,796,135,2614,158],"product-type":[872],"class_list":["post-10078","product","type-product","status-publish","has-post-thumbnail","hentry","tag-bean","tag-corn","tag-rice","tag-sorghum","tag-thresher","tag-wheat","product-type-thresher-sheller"],"_links":{"self":[{"href":"https:\/\/www.agriculture-machine.com\/fr\/wp-json\/wp\/v2\/product\/10078","targetHints":{"allow":["GET"]}}],"collection":[{"href":"https:\/\/www.agriculture-machine.com\/fr\/wp-json\/wp\/v2\/product"}],"about":[{"href":"https:\/\/www.agriculture-machine.com\/fr\/wp-json\/wp\/v2\/types\/product"}],"author":[{"embeddable":true,"href":"https:\/\/www.agriculture-machine.com\/fr\/wp-json\/wp\/v2\/users\/1"}],"replies":[{"embeddable":true,"href":"https:\/\/www.agriculture-machine.com\/fr\/wp-json\/wp\/v2\/comments?post=10078"}],"wp:featuredmedia":[{"embeddable":true,"href":"https:\/\/www.agriculture-machine.com\/fr\/wp-json\/wp\/v2\/media\/10093"}],"wp:attachment":[{"href":"https:\/\/www.agriculture-machine.com\/fr\/wp-json\/wp\/v2\/media?parent=10078"}],"wp:term":[{"taxonomy":"post_tag","embeddable":true,"href":"https:\/\/www.agriculture-machine.com\/fr\/wp-json\/wp\/v2\/tags?post=10078"},{"taxonomy":"product-type","embeddable":true,"href":"https:\/\/www.agriculture-machine.com\/fr\/wp-json\/wp\/v2\/product-type?post=10078"}],"curies":[{"name":"wp","href":"https:\/\/api.w.org\/{rel}","templated":true}]}}