{"id":10097,"date":"2021-04-22T16:59:16","date_gmt":"2021-04-22T08:59:16","guid":{"rendered":"https:\/\/www.agriculture-machine.com\/?p=10097"},"modified":"2024-09-18T16:15:17","modified_gmt":"2024-09-18T08:15:17","slug":"thresher-5td-70-for-rice-wheat-bean-sorghum-millet-pearl-millet","status":"publish","type":"product","link":"https:\/\/www.agriculture-machine.com\/fr\/thresher-5td-70-for-rice-wheat-bean-sorghum-millet-pearl-millet\/","title":{"rendered":"D\u00e9cortiqueur 5TD-70 pour riz, bl\u00e9, haricots, sorgho, millet, millet perl\u00e9"},"content":{"rendered":"<p class=\"translation-block\">This article will show you the thresher 5TD-70, which is also a multifunctional thresher machine. The difference from the <a href=\"https:\/\/www.agriculture-machine.com\/fr\/walk-behind-rice-transplanter-rice-planting-machine\/\">5TD-50 thresher machine<\/a> is that 5TD-70 thresher can&#8217;t thresh corn. The structure is bigger than 5TD-50 thresher, so it is a medium-sized thresher machine. Let&#8217;s take a look at the 5TD-70 thresher machine.<\/p> <h2>Quels cultures le batteur 5TD-70 peut-il traiter ?<\/h2> <p>Cette machine \u00e0 battre peut battre le f\u00e8ve de broad, le soja, le sorgho, le millet perl\u00e9, le riz, le bl\u00e9, le pois chiche, le sorgho, le millet perl\u00e9, le pois chiche, etc. Contactez-nous si vous souhaitez traiter n'importe quel grain. Nous vous proposerons la machine \u00e0 battre la plus adapt\u00e9e.<\/p> <figure id=\"attachment_10099\" aria-describedby=\"caption-attachment-10099\" style=\"width: 720px\" class=\"wp-caption alignnone\"><img loading=\"lazy\" decoding=\"async\" class=\"size-full wp-image-10099\" src=\"https:\/\/www.agriculture-machine.com\/wp-content\/uploads\/2021\/04\/thresher-for-rice-wheat-sorghum-bean-millet.jpg\" alt=\"batteur pour riz, bl\u00e9, sorgho, haricots, millet\" width=\"720\" height=\"540\" srcset=\"https:\/\/www.agriculture-machine.com\/wp-content\/uploads\/2021\/04\/thresher-for-rice-wheat-sorghum-bean-millet.jpg 720w, https:\/\/www.agriculture-machine.com\/wp-content\/uploads\/2021\/04\/thresher-for-rice-wheat-sorghum-bean-millet-360x270.jpg 360w, https:\/\/www.agriculture-machine.com\/wp-content\/uploads\/2021\/04\/thresher-for-rice-wheat-sorghum-bean-millet-240x180.jpg 240w\" sizes=\"auto, (max-width: 720px) 100vw, 720px\" \/><figcaption id=\"caption-attachment-10099\" class=\"wp-caption-text\">batteur pour riz, bl\u00e9, sorgho, haricots, millet<\/figcaption><\/figure> <h2>Affichage de la machine \u00e0 battre 5TD-50<\/h2> <p>Cette machine \u00e0 battre multifonctionnelle peut \u00eatre peinte en diff\u00e9rentes couleurs selon les besoins des clients. De plus, des gros pneus, des cadres de traction et des ch\u00e2ssis tract\u00e9s par des tracteurs peuvent \u00eatre personnalis\u00e9s. La machine \u00e0 battre poss\u00e8de deux ventilateurs, et les grains apr\u00e8s battage sont tr\u00e8s propres. La machine \u00e0 battre ne peut \u00eatre \u00e9quip\u00e9e que de moteurs \u00e9lectriques ou de moteurs diesel.<\/p> <div id='gallery-1' class='gallery galleryid-10097 gallery-columns-3 gallery-size-full'><figure class='gallery-item'> \t\t\t<div class='gallery-icon landscape'> \t\t\t\t<a href='https:\/\/www.agriculture-machine.com\/wp-content\/uploads\/2021\/04\/Big-tire-thresher-machine.jpg'><img loading=\"lazy\" decoding=\"async\" width=\"720\" height=\"540\" src=\"https:\/\/www.agriculture-machine.com\/wp-content\/uploads\/2021\/04\/Big-tire-thresher-machine.jpg\" class=\"attachment-full size-full\" alt=\"Machine \u00e0 battre \u00e0 gros pneus\" aria-describedby=\"gallery-1-10100\" srcset=\"https:\/\/www.agriculture-machine.com\/wp-content\/uploads\/2021\/04\/Big-tire-thresher-machine.jpg 720w, https:\/\/www.agriculture-machine.com\/wp-content\/uploads\/2021\/04\/Big-tire-thresher-machine-360x270.jpg 360w, https:\/\/www.agriculture-machine.com\/wp-content\/uploads\/2021\/04\/Big-tire-thresher-machine-240x180.jpg 240w\" sizes=\"auto, (max-width: 720px) 100vw, 720px\" \/><\/a> \t\t\t<\/div> \t\t\t\t<figcaption class='wp-caption-text gallery-caption' id='gallery-1-10100'> \t\t\t\tMachine \u00e0 battre \u00e0 gros pneus \t\t\t\t<\/figcaption><\/figure><figure class='gallery-item'> \t\t\t<div class='gallery-icon landscape'> \t\t\t\t<a href='https:\/\/www.agriculture-machine.com\/wp-content\/uploads\/2021\/04\/Big-tire-thresher.jpg'><img loading=\"lazy\" decoding=\"async\" width=\"720\" height=\"540\" src=\"https:\/\/www.agriculture-machine.com\/wp-content\/uploads\/2021\/04\/Big-tire-thresher.jpg\" class=\"attachment-full size-full\" alt=\"Batteur \u00e0 gros pneus\" aria-describedby=\"gallery-1-10101\" srcset=\"https:\/\/www.agriculture-machine.com\/wp-content\/uploads\/2021\/04\/Big-tire-thresher.jpg 720w, https:\/\/www.agriculture-machine.com\/wp-content\/uploads\/2021\/04\/Big-tire-thresher-360x270.jpg 360w, https:\/\/www.agriculture-machine.com\/wp-content\/uploads\/2021\/04\/Big-tire-thresher-240x180.jpg 240w\" sizes=\"auto, (max-width: 720px) 100vw, 720px\" \/><\/a> \t\t\t<\/div> \t\t\t\t<figcaption class='wp-caption-text gallery-caption' id='gallery-1-10101'> \t\t\t\tBatteur \u00e0 gros pneus \t\t\t\t<\/figcaption><\/figure><figure class='gallery-item'> \t\t\t<div class='gallery-icon landscape'> \t\t\t\t<a href='https:\/\/www.agriculture-machine.com\/wp-content\/uploads\/2021\/04\/Diesel-engine-thresher-machine-5TD-70.jpg'><img loading=\"lazy\" decoding=\"async\" width=\"720\" height=\"540\" src=\"https:\/\/www.agriculture-machine.com\/wp-content\/uploads\/2021\/04\/Diesel-engine-thresher-machine-5TD-70.jpg\" class=\"attachment-full size-full\" alt=\"Machine \u00e0 battre diesel 5TD-70\" aria-describedby=\"gallery-1-10102\" srcset=\"https:\/\/www.agriculture-machine.com\/wp-content\/uploads\/2021\/04\/Diesel-engine-thresher-machine-5TD-70.jpg 720w, https:\/\/www.agriculture-machine.com\/wp-content\/uploads\/2021\/04\/Diesel-engine-thresher-machine-5TD-70-360x270.jpg 360w, https:\/\/www.agriculture-machine.com\/wp-content\/uploads\/2021\/04\/Diesel-engine-thresher-machine-5TD-70-240x180.jpg 240w\" sizes=\"auto, (max-width: 720px) 100vw, 720px\" \/><\/a> \t\t\t<\/div> \t\t\t\t<figcaption class='wp-caption-text gallery-caption' id='gallery-1-10102'> \t\t\t\tMachine \u00e0 battre diesel 5TD-70 \t\t\t\t<\/figcaption><\/figure> \t\t<\/div>  <h2>Que devez-vous savoir lorsque vous utilisez le batteur 5TD-70 ?<\/h2> <ol> <li>Vous devez changer l'\u00e9cran lorsque vous battez diff\u00e9rentes cultures.<\/li> <li>La vitesse de rotation du rouleau est diff\u00e9rente lors du battage du riz et du soja.<\/li> <li>Le rendement de battage du riz et du bl\u00e9 est de 600-1000kg\/h. Le rendement du battage du soja et du sorgho est de 400-800kg\/h.<\/li> <\/ol> <h2>Cas client<\/h2> <p>Un client zambien nous a command\u00e9 un batteur 5TD-70 avec 40 armoires hautes, utilis\u00e9 pour battre le riz, le bl\u00e9 et les soja. Nous avons configur\u00e9 trois types d\u2019\u00e9crans pour nos clients. Ce sont des mod\u00e8les \u00e0 moteur, certains sont \u00e0 diesel. Notre objectif est de r\u00e9pondre \u00e0 tous les besoins des clients. Si vous avez besoin de machines agricoles, vous pouvez nous contacter.<\/p> <div id='gallery-2' class='gallery galleryid-10097 gallery-columns-2 gallery-size-full'><figure class='gallery-item'> \t\t\t<div class='gallery-icon landscape'> \t\t\t\t<a href='https:\/\/www.agriculture-machine.com\/wp-content\/uploads\/2021\/04\/packing.jpg'><img loading=\"lazy\" decoding=\"async\" width=\"720\" height=\"540\" src=\"https:\/\/www.agriculture-machine.com\/wp-content\/uploads\/2021\/04\/packing.jpg\" class=\"attachment-full size-full\" alt=\"emballage\" aria-describedby=\"gallery-2-10103\" srcset=\"https:\/\/www.agriculture-machine.com\/wp-content\/uploads\/2021\/04\/packing.jpg 720w, https:\/\/www.agriculture-machine.com\/wp-content\/uploads\/2021\/04\/packing-360x270.jpg 360w, https:\/\/www.agriculture-machine.com\/wp-content\/uploads\/2021\/04\/packing-240x180.jpg 240w\" sizes=\"auto, (max-width: 720px) 100vw, 720px\" \/><\/a> \t\t\t<\/div> \t\t\t\t<figcaption class='wp-caption-text gallery-caption' id='gallery-2-10103'> \t\t\t\temballage \t\t\t\t<\/figcaption><\/figure><figure class='gallery-item'> \t\t\t<div class='gallery-icon landscape'> \t\t\t\t<a href='https:\/\/www.agriculture-machine.com\/wp-content\/uploads\/2021\/04\/shipping.jpg'><img loading=\"lazy\" decoding=\"async\" width=\"720\" height=\"540\" src=\"https:\/\/www.agriculture-machine.com\/wp-content\/uploads\/2021\/04\/shipping.jpg\" class=\"attachment-full size-full\" alt=\"exp\u00e9dition\" aria-describedby=\"gallery-2-10104\" srcset=\"https:\/\/www.agriculture-machine.com\/wp-content\/uploads\/2021\/04\/shipping.jpg 720w, https:\/\/www.agriculture-machine.com\/wp-content\/uploads\/2021\/04\/shipping-360x270.jpg 360w, https:\/\/www.agriculture-machine.com\/wp-content\/uploads\/2021\/04\/shipping-240x180.jpg 240w\" sizes=\"auto, (max-width: 720px) 100vw, 720px\" \/><\/a> \t\t\t<\/div> \t\t\t\t<figcaption class='wp-caption-text gallery-caption' id='gallery-2-10104'> \t\t\t\texp\u00e9dition \t\t\t\t<\/figcaption><\/figure> \t\t<\/div>  <h2>Param\u00e8tres techniques<\/h2> <table> <tbody> <tr> <td width=\"534\">Mod\u00e8le<\/td> <td width=\"632\">5TD-70<\/td> <\/tr> <tr> <td>Puissance<\/td> <td>Moteur de 7,5 kW, 380 V ou moteur diesel de 12-15 hp<\/td> <\/tr> <tr> <td>Poids de la machine<\/td> <td>230 kg<\/td> <\/tr> <tr> <td>Vitesse de l'arbre<\/td> <td>1200r\/min<\/td> <\/tr> <tr> <td>Taille de la machine<\/td> <td>1340*2030*1380mm<\/td> <\/tr> <tr> <td>Taille d'emballage<\/td> <td>1050*850*1300mm<\/td> <\/tr> <tr> <td>Double ventilateur<\/td> <td>2500r\/min<\/td> <\/tr> <tr> <td>Production<\/td> <td>600\u20141000kg\/h (riz et bl\u00e9)<\/p> <p>400&#8211;800kg\/h(bean sorghum)<\/td> <\/tr> <\/tbody> <\/table>","protected":false},"excerpt":{"rendered":"<p>This article will show you the thresher 5TD-70, which is also a multifunctional thresher machine. The difference from the 5TD-50 thresher machine is that 5TD-70 thresher can&#8217;t thresh corn. The structure is bigger than 5TD-50 thresher, so it is a medium-sized thresher machine. Let&#8217;s take a look at the 5TD-70 thresher machine. What crops does [&hellip;]<\/p>\n","protected":false},"author":1,"featured_media":10098,"parent":0,"comment_status":"closed","ping_status":"closed","template":"","tags":[796,135,2614,158],"product-type":[872],"class_list":["post-10097","product","type-product","status-publish","has-post-thumbnail","hentry","tag-rice","tag-sorghum","tag-thresher","tag-wheat","product-type-thresher-sheller"],"_links":{"self":[{"href":"https:\/\/www.agriculture-machine.com\/fr\/wp-json\/wp\/v2\/product\/10097","targetHints":{"allow":["GET"]}}],"collection":[{"href":"https:\/\/www.agriculture-machine.com\/fr\/wp-json\/wp\/v2\/product"}],"about":[{"href":"https:\/\/www.agriculture-machine.com\/fr\/wp-json\/wp\/v2\/types\/product"}],"author":[{"embeddable":true,"href":"https:\/\/www.agriculture-machine.com\/fr\/wp-json\/wp\/v2\/users\/1"}],"replies":[{"embeddable":true,"href":"https:\/\/www.agriculture-machine.com\/fr\/wp-json\/wp\/v2\/comments?post=10097"}],"wp:featuredmedia":[{"embeddable":true,"href":"https:\/\/www.agriculture-machine.com\/fr\/wp-json\/wp\/v2\/media\/10098"}],"wp:attachment":[{"href":"https:\/\/www.agriculture-machine.com\/fr\/wp-json\/wp\/v2\/media?parent=10097"}],"wp:term":[{"taxonomy":"post_tag","embeddable":true,"href":"https:\/\/www.agriculture-machine.com\/fr\/wp-json\/wp\/v2\/tags?post=10097"},{"taxonomy":"product-type","embeddable":true,"href":"https:\/\/www.agriculture-machine.com\/fr\/wp-json\/wp\/v2\/product-type?post=10097"}],"curies":[{"name":"wp","href":"https:\/\/api.w.org\/{rel}","templated":true}]}}