{"id":10112,"date":"2021-04-23T11:38:08","date_gmt":"2021-04-23T03:38:08","guid":{"rendered":"https:\/\/www.agriculture-machine.com\/?p=10112"},"modified":"2024-09-18T16:16:29","modified_gmt":"2024-09-18T08:16:29","slug":"thresher-machine-5td-90-for-rice-wheat-beans-millet-sorghum","status":"publish","type":"product","link":"https:\/\/www.agriculture-machine.com\/fr\/thresher-machine-5td-90-for-rice-wheat-beans-millet-sorghum\/","title":{"rendered":"Machine \u00e0 batteuse 5TD-90 pour riz, bl\u00e9, haricots, millet, sorgho"},"content":{"rendered":"<p class=\"translation-block\">La machine \u00e0 battre 5TD-90 est une version am\u00e9lior\u00e9e de <a href=\"https:\/\/www.agriculture-machine.com\/fr\/thresher-machine-5td-50-for-rice-wheat-bean-corn-sorghum-millet\/\">la machine \u00e0 battre 5TD-50<\/a> et <a href=\"https:\/\/www.agriculture-machine.com\/fr\/thresher-5td-70-for-rice-wheat-bean-sorghum-millet-pearl-millet\/\">la machine \u00e0 battre 5TD-70<\/a>. Sa capacit\u00e9 est plus \u00e9lev\u00e9e. C'est aussi une machine multifonctionnelle, capable de battre une vari\u00e9t\u00e9 de grains. Elle utilise un moteur \u00e9lectrique monophas\u00e9 de 7,5 kW ou un moteur diesel de 12 HP comme source d'\u00e9nergie.<\/p> <h2>Quels cultures le batteur \u00e0 bl\u00e9 5TD-90 peut-il traiter ?<\/h2> <p>La machine \u00e0 battre le bl\u00e9 5TD-90 est utilis\u00e9e pour battre le riz, le bl\u00e9, les haricots, le millet, le sorgho, le millet \u00e0 queue de renard, le soja, le pois chiche, le f\u00e8ve, etc. Il suffit de changer l'\u00e9cran lorsque vous battez diff\u00e9rentes cultures. Elle est facile \u00e0 utiliser et lib\u00e8re les agriculteurs du travail manuel lourd.<\/p> <figure id=\"attachment_10114\" aria-describedby=\"caption-attachment-10114\" style=\"width: 720px\" class=\"wp-caption alignnone\"><img loading=\"lazy\" decoding=\"async\" class=\"size-full wp-image-10114\" src=\"https:\/\/www.agriculture-machine.com\/wp-content\/uploads\/2021\/04\/thresher-machine-5TD-90-for-rice-corn-wheat-bean.jpg\" alt=\"Machine \u00e0 battre 5TD-90 pour riz \" width=\"720\" height=\"540\" srcset=\"https:\/\/www.agriculture-machine.com\/wp-content\/uploads\/2021\/04\/thresher-machine-5TD-90-for-rice-corn-wheat-bean.jpg 720w, https:\/\/www.agriculture-machine.com\/wp-content\/uploads\/2021\/04\/thresher-machine-5TD-90-for-rice-corn-wheat-bean-360x270.jpg 360w, https:\/\/www.agriculture-machine.com\/wp-content\/uploads\/2021\/04\/thresher-machine-5TD-90-for-rice-corn-wheat-bean-240x180.jpg 240w\" sizes=\"auto, (max-width: 720px) 100vw, 720px\" \/><figcaption id=\"caption-attachment-10114\" class=\"wp-caption-text\">Machine \u00e0 battre 5TD-90 pour riz<\/figcaption><\/figure> <h2>Quels avantages de la machine \u00e0 battre le riz 5TD-90 ?<\/h2> <p>Cette machine \u00e0 battre le riz poss\u00e8de deux ventilateurs, ce qui permet d'obtenir des grains tr\u00e8s propres apr\u00e8s battage. La machine \u00e0 battre le riz peut \u00e9galement \u00eatre \u00e9quip\u00e9e d'une grande roue et d'un cadre pouvant \u00eatre facilement connect\u00e9 \u00e0 un tracteur. Elle est donc facile \u00e0 d\u00e9placer et peut fonctionner sur tout type de terrain. Le taux de grains cass\u00e9s de riz ou de bl\u00e9 est seulement de 0,1 %. Peu de riz provenant du 5TD-90 est cass\u00e9.<\/p> <div id='gallery-1' class='gallery galleryid-10112 gallery-columns-2 gallery-size-full'><figure class='gallery-item'> \t\t\t<div class='gallery-icon landscape'> \t\t\t\t<a href='https:\/\/www.agriculture-machine.com\/wp-content\/uploads\/2021\/04\/thresher-machine-1.jpg'><img loading=\"lazy\" decoding=\"async\" width=\"720\" height=\"540\" src=\"https:\/\/www.agriculture-machine.com\/wp-content\/uploads\/2021\/04\/thresher-machine-1.jpg\" class=\"attachment-full size-full\" alt=\"Machine \u00e0 battre\" aria-describedby=\"gallery-1-10118\" srcset=\"https:\/\/www.agriculture-machine.com\/wp-content\/uploads\/2021\/04\/thresher-machine-1.jpg 720w, https:\/\/www.agriculture-machine.com\/wp-content\/uploads\/2021\/04\/thresher-machine-1-360x270.jpg 360w, https:\/\/www.agriculture-machine.com\/wp-content\/uploads\/2021\/04\/thresher-machine-1-240x180.jpg 240w\" sizes=\"auto, (max-width: 720px) 100vw, 720px\" \/><\/a> \t\t\t<\/div> \t\t\t\t<figcaption class='wp-caption-text gallery-caption' id='gallery-1-10118'> \t\t\t\tMachine \u00e0 battre \t\t\t\t<\/figcaption><\/figure><figure class='gallery-item'> \t\t\t<div class='gallery-icon landscape'> \t\t\t\t<a href='https:\/\/www.agriculture-machine.com\/wp-content\/uploads\/2021\/04\/grain-thresher-machine.jpg'><img loading=\"lazy\" decoding=\"async\" width=\"720\" height=\"540\" src=\"https:\/\/www.agriculture-machine.com\/wp-content\/uploads\/2021\/04\/grain-thresher-machine.jpg\" class=\"attachment-full size-full\" alt=\"Machine \u00e0 battre les grains\" aria-describedby=\"gallery-1-10115\" srcset=\"https:\/\/www.agriculture-machine.com\/wp-content\/uploads\/2021\/04\/grain-thresher-machine.jpg 720w, https:\/\/www.agriculture-machine.com\/wp-content\/uploads\/2021\/04\/grain-thresher-machine-360x270.jpg 360w, https:\/\/www.agriculture-machine.com\/wp-content\/uploads\/2021\/04\/grain-thresher-machine-240x180.jpg 240w\" sizes=\"auto, (max-width: 720px) 100vw, 720px\" \/><\/a> \t\t\t<\/div> \t\t\t\t<figcaption class='wp-caption-text gallery-caption' id='gallery-1-10115'> \t\t\t\tMachine \u00e0 battre les grains \t\t\t\t<\/figcaption><\/figure><figure class='gallery-item'> \t\t\t<div class='gallery-icon landscape'> \t\t\t\t<a href='https:\/\/www.agriculture-machine.com\/wp-content\/uploads\/2021\/04\/in-stock.jpg'><img loading=\"lazy\" decoding=\"async\" width=\"720\" height=\"422\" src=\"https:\/\/www.agriculture-machine.com\/wp-content\/uploads\/2021\/04\/in-stock.jpg\" class=\"attachment-full size-full\" alt=\"En stock\" aria-describedby=\"gallery-1-10116\" srcset=\"https:\/\/www.agriculture-machine.com\/wp-content\/uploads\/2021\/04\/in-stock.jpg 720w, https:\/\/www.agriculture-machine.com\/wp-content\/uploads\/2021\/04\/in-stock-360x211.jpg 360w\" sizes=\"auto, (max-width: 720px) 100vw, 720px\" \/><\/a> \t\t\t<\/div> \t\t\t\t<figcaption class='wp-caption-text gallery-caption' id='gallery-1-10116'> \t\t\t\tEn stock \t\t\t\t<\/figcaption><\/figure><figure class='gallery-item'> \t\t\t<div class='gallery-icon landscape'> \t\t\t\t<a href='https:\/\/www.agriculture-machine.com\/wp-content\/uploads\/2021\/04\/thresher-machine-in-stock.jpg'><img loading=\"lazy\" decoding=\"async\" width=\"720\" height=\"422\" src=\"https:\/\/www.agriculture-machine.com\/wp-content\/uploads\/2021\/04\/thresher-machine-in-stock.jpg\" class=\"attachment-full size-full\" alt=\"Machine \u00e0 battre en stock\" aria-describedby=\"gallery-1-10117\" srcset=\"https:\/\/www.agriculture-machine.com\/wp-content\/uploads\/2021\/04\/thresher-machine-in-stock.jpg 720w, https:\/\/www.agriculture-machine.com\/wp-content\/uploads\/2021\/04\/thresher-machine-in-stock-360x211.jpg 360w\" sizes=\"auto, (max-width: 720px) 100vw, 720px\" \/><\/a> \t\t\t<\/div> \t\t\t\t<figcaption class='wp-caption-text gallery-caption' id='gallery-1-10117'> \t\t\t\tMachine \u00e0 battre en stock \t\t\t\t<\/figcaption><\/figure> \t\t<\/div>  <h2>Structure de la machine \u00e0 battre les grains<\/h2> <p>La structure de cette machine \u00e0 battre les grains est simple, ce qui facilite son utilisation et son entretien. Le couvercle de la machine \u00e0 battre les grains peut \u00eatre facilement ouvert, permettant de v\u00e9rifier et de nettoyer ais\u00e9ment. Cette machine peut fonctionner normalement en charge compl\u00e8te, avec une haute efficacit\u00e9 de production et une faible consommation d'\u00e9nergie.<\/p> <div id='gallery-2' class='gallery galleryid-10112 gallery-columns-2 gallery-size-full'><figure class='gallery-item'> \t\t\t<div class='gallery-icon landscape'> \t\t\t\t<a href='https:\/\/www.agriculture-machine.com\/wp-content\/uploads\/2021\/04\/structure-details-of-thresher-machine-5TD-90.jpg'><img loading=\"lazy\" decoding=\"async\" width=\"720\" height=\"540\" src=\"https:\/\/www.agriculture-machine.com\/wp-content\/uploads\/2021\/04\/structure-details-of-thresher-machine-5TD-90.jpg\" class=\"attachment-full size-full\" alt=\"D\u00e9tails de la structure de la machine \u00e0 battre 5TD-90\" aria-describedby=\"gallery-2-10119\" srcset=\"https:\/\/www.agriculture-machine.com\/wp-content\/uploads\/2021\/04\/structure-details-of-thresher-machine-5TD-90.jpg 720w, https:\/\/www.agriculture-machine.com\/wp-content\/uploads\/2021\/04\/structure-details-of-thresher-machine-5TD-90-360x270.jpg 360w, https:\/\/www.agriculture-machine.com\/wp-content\/uploads\/2021\/04\/structure-details-of-thresher-machine-5TD-90-240x180.jpg 240w\" sizes=\"auto, (max-width: 720px) 100vw, 720px\" \/><\/a> \t\t\t<\/div> \t\t\t\t<figcaption class='wp-caption-text gallery-caption' id='gallery-2-10119'> \t\t\t\tD\u00e9tails de la structure de la machine \u00e0 battre 5TD-90 \t\t\t\t<\/figcaption><\/figure><figure class='gallery-item'> \t\t\t<div class='gallery-icon landscape'> \t\t\t\t<a href='https:\/\/www.agriculture-machine.com\/wp-content\/uploads\/2021\/04\/structure-of-thresher-machine.jpg'><img loading=\"lazy\" decoding=\"async\" width=\"720\" height=\"540\" src=\"https:\/\/www.agriculture-machine.com\/wp-content\/uploads\/2021\/04\/structure-of-thresher-machine.jpg\" class=\"attachment-full size-full\" alt=\"Structure de la machine \u00e0 battre\" aria-describedby=\"gallery-2-10120\" srcset=\"https:\/\/www.agriculture-machine.com\/wp-content\/uploads\/2021\/04\/structure-of-thresher-machine.jpg 720w, https:\/\/www.agriculture-machine.com\/wp-content\/uploads\/2021\/04\/structure-of-thresher-machine-360x270.jpg 360w, https:\/\/www.agriculture-machine.com\/wp-content\/uploads\/2021\/04\/structure-of-thresher-machine-240x180.jpg 240w\" sizes=\"auto, (max-width: 720px) 100vw, 720px\" \/><\/a> \t\t\t<\/div> \t\t\t\t<figcaption class='wp-caption-text gallery-caption' id='gallery-2-10120'> \t\t\t\tStructure de la machine \u00e0 battre \t\t\t\t<\/figcaption><\/figure> \t\t<\/div>  <h2>Param\u00e8tres techniques<\/h2> <table> <tbody> <tr> <td>Vitesse de rotation du rouleau \u00e0 battre<\/td> <td>900-1040 tr\/min<\/td> <\/tr> <tr> <td>\u00a0\u00a0\u00a0\u00a0\u00a0Puissance<\/td> <td>Moteur 7,5 kW ou moteur diesel 12-15 HP<\/td> <\/tr> <tr> <td>M\u00e9thode de nettoyage<\/td> <td>Tamis vibrant, grand ventilateur<\/td> <\/tr> <tr> <td>Fr\u00e9quence de vibration<\/td> <td>340<\/td> <\/tr> <tr> <td>Vitesse de rotation du ventilateur<\/td> <td>1040 -1100tr\/min<\/td> <\/tr> <tr> <td>Diam\u00e8tre du ventilateur<\/td> <td>D=480mm<\/td> <\/tr> <tr> <td>\u00b7<\/p> <p>Diam\u00e8tre du tambour x longueur<\/p> <p>\u00b7<\/td> <td>D=520mm ; L=900mm<\/td> <\/tr> <tr> <td>Capacit\u00e9<\/td> <td>800-1200 Kg\/h<\/td> <\/tr> <tr> <td>\u00a0\u00a0\u00a0\u00a0\u00a0\u00a0Poids<\/td> <td>260 Kg<\/td> <\/tr> <tr> <td>Taux de rupture (\uff05)<\/td> <td>\u22640.5<\/td> <\/tr> <tr> <td>Taux de battage (\uff05)<\/td> <td>\u226599<\/td> <\/tr> <tr> <td>Taux de perte (\uff05)<\/td> <td>\u22641.0<\/td> <\/tr> <tr> <td>Taille<\/td> <td>310*170*140cm<\/td> <\/tr> <\/tbody> <\/table>","protected":false},"excerpt":{"rendered":"<p>Thresher machine 5TD-90 is an upgraded version of 5TD-50 thresher machine and 5TD-70 thresher machine. Its output is higher. It is also a multi-functional thresher machine, which can thresher a variety of grains. It use 7.5kw single phase electric motor or 12 hp diesel engine as power. What crops do the 5TD-90 wheat thresher can [&hellip;]<\/p>\n","protected":false},"author":1,"featured_media":10113,"parent":0,"comment_status":"closed","ping_status":"closed","template":"","tags":[36,94,796,135,2614,158],"product-type":[872],"class_list":["post-10112","product","type-product","status-publish","has-post-thumbnail","hentry","tag-beans","tag-millet","tag-rice","tag-sorghum","tag-thresher","tag-wheat","product-type-thresher-sheller"],"_links":{"self":[{"href":"https:\/\/www.agriculture-machine.com\/fr\/wp-json\/wp\/v2\/product\/10112","targetHints":{"allow":["GET"]}}],"collection":[{"href":"https:\/\/www.agriculture-machine.com\/fr\/wp-json\/wp\/v2\/product"}],"about":[{"href":"https:\/\/www.agriculture-machine.com\/fr\/wp-json\/wp\/v2\/types\/product"}],"author":[{"embeddable":true,"href":"https:\/\/www.agriculture-machine.com\/fr\/wp-json\/wp\/v2\/users\/1"}],"replies":[{"embeddable":true,"href":"https:\/\/www.agriculture-machine.com\/fr\/wp-json\/wp\/v2\/comments?post=10112"}],"wp:featuredmedia":[{"embeddable":true,"href":"https:\/\/www.agriculture-machine.com\/fr\/wp-json\/wp\/v2\/media\/10113"}],"wp:attachment":[{"href":"https:\/\/www.agriculture-machine.com\/fr\/wp-json\/wp\/v2\/media?parent=10112"}],"wp:term":[{"taxonomy":"post_tag","embeddable":true,"href":"https:\/\/www.agriculture-machine.com\/fr\/wp-json\/wp\/v2\/tags?post=10112"},{"taxonomy":"product-type","embeddable":true,"href":"https:\/\/www.agriculture-machine.com\/fr\/wp-json\/wp\/v2\/product-type?post=10112"}],"curies":[{"name":"wp","href":"https:\/\/api.w.org\/{rel}","templated":true}]}}