{"id":10256,"date":"2021-05-07T15:02:07","date_gmt":"2021-05-07T07:02:07","guid":{"rendered":"https:\/\/www.agriculture-machine.com\/?p=10256"},"modified":"2024-09-18T16:07:18","modified_gmt":"2024-09-18T08:07:18","slug":"multifunctional-thresher-5t-1000-for-rice-corn-wheat-sorghum","status":"publish","type":"product","link":"https:\/\/www.agriculture-machine.com\/fr\/multifunctional-thresher-5t-1000-for-rice-corn-wheat-sorghum\/","title":{"rendered":"Moissonneuse multifonctionnelle 5T-1000 pour riz, ma\u00efs, bl\u00e9, sorgho"},"content":{"rendered":"<h2>Quels cultures la moissonneuse multifonctionnelle 5T-1000 peut-elle traiter ?<\/h2> <p>La moissonneuse 5T-1000 est multifonctionnelle. Elle peut moissonner des f\u00e8ves, soja, sorgho, ma\u00efs, riz, bl\u00e9, millet, millet perl\u00e9, pois chiches, etc. Lors de la moisson de diff\u00e9rentes cultures, il est n\u00e9cessaire de changer les grilles de diff\u00e9rentes tailles. Avec des grilles adapt\u00e9es \u00e0 chaque culture, l'effet de moisson est meilleur.<\/p> <figure id=\"attachment_10262\" aria-describedby=\"caption-attachment-10262\" style=\"width: 720px\" class=\"wp-caption alignnone\"><img loading=\"lazy\" decoding=\"async\" class=\"size-full wp-image-10262\" src=\"https:\/\/www.agriculture-machine.com\/wp-content\/uploads\/2021\/05\/multifunctional-thresher-for-rice-wheat-corn-sorghum-millet.jpg\" alt=\"Moissonneuse multifonctionnelle pour riz, bl\u00e9, ma\u00efs, sorgho, millet\" width=\"720\" height=\"540\" srcset=\"https:\/\/www.agriculture-machine.com\/wp-content\/uploads\/2021\/05\/multifunctional-thresher-for-rice-wheat-corn-sorghum-millet.jpg 720w, https:\/\/www.agriculture-machine.com\/wp-content\/uploads\/2021\/05\/multifunctional-thresher-for-rice-wheat-corn-sorghum-millet-360x270.jpg 360w, https:\/\/www.agriculture-machine.com\/wp-content\/uploads\/2021\/05\/multifunctional-thresher-for-rice-wheat-corn-sorghum-millet-240x180.jpg 240w\" sizes=\"auto, (max-width: 720px) 100vw, 720px\" \/><figcaption id=\"caption-attachment-10262\" class=\"wp-caption-text\">Moissonneuse multifonctionnelle pour riz, bl\u00e9, ma\u00efs, sorgho, millet<\/figcaption><\/figure> <h2>Structure de la moissonneuse multifonctionnelle 5T-1000<\/h2> <p>Ce type de moissonneuse comprend principalement une entr\u00e9e, une partie de moisson, une partie de maintien, de grandes roues, un double ventilateur, une sortie, une prise de force.<br \/> Prenons le riz comme exemple, alimentation manuelle, mettre le riz dans l'entr\u00e9e d'alimentation, la moisson se fait dans la partie de moisson, puis les impuret\u00e9s, la poussi\u00e8re ou la paille de riz sont souffl\u00e9es par le double ventilateur. Ensuite, le riz moissonn\u00e9 sort par la sortie. \u00c9tant donn\u00e9 que la machine poss\u00e8de deux ventilateurs, le riz apr\u00e8s la moisson est tr\u00e8s propre.<\/p> <figure id=\"attachment_10268\" aria-describedby=\"caption-attachment-10268\" style=\"width: 720px\" class=\"wp-caption alignnone\"><img loading=\"lazy\" decoding=\"async\" class=\"size-full wp-image-10268\" src=\"https:\/\/www.agriculture-machine.com\/wp-content\/uploads\/2021\/05\/multifunctional-thresher-structure.jpg\" alt=\"Structure de la moissonneuse multifonctionnelle\" width=\"720\" height=\"540\" srcset=\"https:\/\/www.agriculture-machine.com\/wp-content\/uploads\/2021\/05\/multifunctional-thresher-structure.jpg 720w, https:\/\/www.agriculture-machine.com\/wp-content\/uploads\/2021\/05\/multifunctional-thresher-structure-360x270.jpg 360w, https:\/\/www.agriculture-machine.com\/wp-content\/uploads\/2021\/05\/multifunctional-thresher-structure-240x180.jpg 240w\" sizes=\"auto, (max-width: 720px) 100vw, 720px\" \/><figcaption id=\"caption-attachment-10268\" class=\"wp-caption-text\">Structure de la moissonneuse multifonctionnelle<\/figcaption><\/figure> <h2>Affichage de la machine<\/h2> <p>La machine moissonneuse de grande capacit\u00e9 se d\u00e9cline en 3 types : type de base, type \u00e0 grandes roues, et type \u00e0 entra\u00eenement par prise de force. Elle est plus facile \u00e0 d\u00e9placer et \u00e0 utiliser \u00e0 la ferme. Elle dispose \u00e9galement de trois modes d'alimentation : moteur diesel, tracteur, et moteur \u00e9lectrique. La hauteur de la machine sans pneus est de 190 cm, la largeur de 150 cm, et la longueur totale avec le support est de 340 cm. La machine \u00e0 moteur diesel est soud\u00e9e avec un cadre en diesel pour la rendre plus stable en cours de travail. Nous avons soud\u00e9 un cadre de remorquage pour le tracteur, ce qui permet \u00e0 la machine de se d\u00e9placer plus facilement sans \u00eatre limit\u00e9e par le terrain. De plus, chaque machine est \u00e9quip\u00e9e d\u2019un support.<\/p> <div id='gallery-1' class='gallery galleryid-10256 gallery-columns-2 gallery-size-full'><figure class='gallery-item'> \t\t\t<div class='gallery-icon landscape'> \t\t\t\t<a href='https:\/\/www.agriculture-machine.com\/wp-content\/uploads\/2021\/05\/thresher-machine.jpg'><img loading=\"lazy\" decoding=\"async\" width=\"720\" height=\"540\" src=\"https:\/\/www.agriculture-machine.com\/wp-content\/uploads\/2021\/05\/thresher-machine.jpg\" class=\"attachment-full size-full\" alt=\"moissonneuse multifonctionnelle\" aria-describedby=\"gallery-1-10267\" srcset=\"https:\/\/www.agriculture-machine.com\/wp-content\/uploads\/2021\/05\/thresher-machine.jpg 720w, https:\/\/www.agriculture-machine.com\/wp-content\/uploads\/2021\/05\/thresher-machine-360x270.jpg 360w, https:\/\/www.agriculture-machine.com\/wp-content\/uploads\/2021\/05\/thresher-machine-240x180.jpg 240w\" sizes=\"auto, (max-width: 720px) 100vw, 720px\" \/><\/a> \t\t\t<\/div> \t\t\t\t<figcaption class='wp-caption-text gallery-caption' id='gallery-1-10267'> \t\t\t\tMachine moissonneuse pour bl\u00e9, ma\u00efs, soja, orge, riz, sorgho, millet, millet perl\u00e9 et autres cultures \t\t\t\t<\/figcaption><\/figure><figure class='gallery-item'> \t\t\t<div class='gallery-icon landscape'> \t\t\t\t<a href='https:\/\/www.agriculture-machine.com\/wp-content\/uploads\/2021\/05\/2.jpg'><img loading=\"lazy\" decoding=\"async\" width=\"720\" height=\"441\" src=\"https:\/\/www.agriculture-machine.com\/wp-content\/uploads\/2021\/05\/2.jpg\" class=\"attachment-full size-full\" alt=\"moissonneuse multifonctionnelle\" aria-describedby=\"gallery-1-10264\" srcset=\"https:\/\/www.agriculture-machine.com\/wp-content\/uploads\/2021\/05\/2.jpg 720w, https:\/\/www.agriculture-machine.com\/wp-content\/uploads\/2021\/05\/2-360x221.jpg 360w\" sizes=\"auto, (max-width: 720px) 100vw, 720px\" \/><\/a> \t\t\t<\/div> \t\t\t\t<figcaption class='wp-caption-text gallery-caption' id='gallery-1-10264'> \t\t\t\tMachine moissonneuse pour bl\u00e9, ma\u00efs, soja, orge, riz, sorgho, millet, millet perl\u00e9 et autres cultures \t\t\t\t<\/figcaption><\/figure><figure class='gallery-item'> \t\t\t<div class='gallery-icon landscape'> \t\t\t\t<a href='https:\/\/www.agriculture-machine.com\/wp-content\/uploads\/2021\/05\/3.jpg'><img loading=\"lazy\" decoding=\"async\" width=\"720\" height=\"495\" src=\"https:\/\/www.agriculture-machine.com\/wp-content\/uploads\/2021\/05\/3.jpg\" class=\"attachment-full size-full\" alt=\"moissonneuse multifonctionnelle\" aria-describedby=\"gallery-1-10265\" srcset=\"https:\/\/www.agriculture-machine.com\/wp-content\/uploads\/2021\/05\/3.jpg 720w, https:\/\/www.agriculture-machine.com\/wp-content\/uploads\/2021\/05\/3-360x248.jpg 360w\" sizes=\"auto, (max-width: 720px) 100vw, 720px\" \/><\/a> \t\t\t<\/div> \t\t\t\t<figcaption class='wp-caption-text gallery-caption' id='gallery-1-10265'> \t\t\t\tMachine moissonneuse pour bl\u00e9, ma\u00efs, soja, orge, riz, sorgho, millet, millet perl\u00e9 et autres cultures \t\t\t\t<\/figcaption><\/figure><figure class='gallery-item'> \t\t\t<div class='gallery-icon landscape'> \t\t\t\t<a href='https:\/\/www.agriculture-machine.com\/wp-content\/uploads\/2021\/05\/4.jpg'><img loading=\"lazy\" decoding=\"async\" width=\"720\" height=\"494\" src=\"https:\/\/www.agriculture-machine.com\/wp-content\/uploads\/2021\/05\/4.jpg\" class=\"attachment-full size-full\" alt=\"moissonneuse multifonctionnelle\" aria-describedby=\"gallery-1-10266\" srcset=\"https:\/\/www.agriculture-machine.com\/wp-content\/uploads\/2021\/05\/4.jpg 720w, https:\/\/www.agriculture-machine.com\/wp-content\/uploads\/2021\/05\/4-360x247.jpg 360w\" sizes=\"auto, (max-width: 720px) 100vw, 720px\" \/><\/a> \t\t\t<\/div> \t\t\t\t<figcaption class='wp-caption-text gallery-caption' id='gallery-1-10266'> \t\t\t\tMachine moissonneuse multifonctionnelle  \t\t\t\t<\/figcaption><\/figure> \t\t<\/div>  <h2>Emballage et exp\u00e9dition<\/h2> <p>Actuellement, notre machine moissonneuse est vendue au Nigeria, au Botswana, en Ouganda, aux \u00c9tats-Unis, au Bangladesh, etc. Nous emballons la machine avant l'exp\u00e9dition, certaines sont dans un cadre en fer ou une caisse en bois.<\/p> <div id='gallery-2' class='gallery galleryid-10256 gallery-columns-3 gallery-size-full'><figure class='gallery-item'> \t\t\t<div class='gallery-icon landscape'> \t\t\t\t<a href='https:\/\/www.agriculture-machine.com\/wp-content\/uploads\/2021\/05\/packing.jpg'><img loading=\"lazy\" decoding=\"async\" width=\"720\" height=\"498\" src=\"https:\/\/www.agriculture-machine.com\/wp-content\/uploads\/2021\/05\/packing.jpg\" class=\"attachment-full size-full\" alt=\"\" aria-describedby=\"gallery-2-10271\" srcset=\"https:\/\/www.agriculture-machine.com\/wp-content\/uploads\/2021\/05\/packing.jpg 720w, https:\/\/www.agriculture-machine.com\/wp-content\/uploads\/2021\/05\/packing-360x249.jpg 360w\" sizes=\"auto, (max-width: 720px) 100vw, 720px\" \/><\/a> \t\t\t<\/div> \t\t\t\t<figcaption class='wp-caption-text gallery-caption' id='gallery-2-10271'> \t\t\t\temballage \t\t\t\t<\/figcaption><\/figure><figure class='gallery-item'> \t\t\t<div class='gallery-icon landscape'> \t\t\t\t<a href='https:\/\/www.agriculture-machine.com\/wp-content\/uploads\/2021\/05\/multifunctional-thresher-packing.jpg'><img loading=\"lazy\" decoding=\"async\" width=\"720\" height=\"404\" src=\"https:\/\/www.agriculture-machine.com\/wp-content\/uploads\/2021\/05\/multifunctional-thresher-packing.jpg\" class=\"attachment-full size-full\" alt=\"Emballage de la moissonneuse multifonctionnelle\" aria-describedby=\"gallery-2-10270\" srcset=\"https:\/\/www.agriculture-machine.com\/wp-content\/uploads\/2021\/05\/multifunctional-thresher-packing.jpg 720w, https:\/\/www.agriculture-machine.com\/wp-content\/uploads\/2021\/05\/multifunctional-thresher-packing-360x202.jpg 360w\" sizes=\"auto, (max-width: 720px) 100vw, 720px\" \/><\/a> \t\t\t<\/div> \t\t\t\t<figcaption class='wp-caption-text gallery-caption' id='gallery-2-10270'> \t\t\t\tEmballage de la moissonneuse multifonctionnelle \t\t\t\t<\/figcaption><\/figure><figure class='gallery-item'> \t\t\t<div class='gallery-icon landscape'> \t\t\t\t<a href='https:\/\/www.agriculture-machine.com\/wp-content\/uploads\/2021\/05\/multifunctional-shipping.jpg'><img loading=\"lazy\" decoding=\"async\" width=\"720\" height=\"540\" src=\"https:\/\/www.agriculture-machine.com\/wp-content\/uploads\/2021\/05\/multifunctional-shipping.jpg\" class=\"attachment-full size-full\" alt=\"Exp\u00e9dition de la moissonneuse multifonctionnelle\" aria-describedby=\"gallery-2-10269\" srcset=\"https:\/\/www.agriculture-machine.com\/wp-content\/uploads\/2021\/05\/multifunctional-shipping.jpg 720w, https:\/\/www.agriculture-machine.com\/wp-content\/uploads\/2021\/05\/multifunctional-shipping-360x270.jpg 360w, https:\/\/www.agriculture-machine.com\/wp-content\/uploads\/2021\/05\/multifunctional-shipping-240x180.jpg 240w\" sizes=\"auto, (max-width: 720px) 100vw, 720px\" \/><\/a> \t\t\t<\/div> \t\t\t\t<figcaption class='wp-caption-text gallery-caption' id='gallery-2-10269'> \t\t\t\tExp\u00e9dition de la moissonneuse multifonctionnelle \t\t\t\t<\/figcaption><\/figure> \t\t<\/div>  <h2>Param\u00e8tres techniques<\/h2> <table> <tbody> <tr> <td width=\"284\">Mod\u00e8le<\/td> <td width=\"284\">5T-1000<\/td> <\/tr> <tr> <td width=\"284\">Capacit\u00e9<\/td> <td width=\"284\">2000-4000 kg\/h pour le ma\u00efs, 1000-2000 kg\/h pour les millet<\/td> <\/tr> <tr> <td width=\"284\">Taux de d\u00e9corticage<\/td> <td width=\"284\">99%<\/td> <\/tr> <tr> <td width=\"284\">Puissance<\/td> <td width=\"284\">Moteur \u00e9lectrique de 7,5 kW ou moteur diesel de 12 ch<\/td> <\/tr> <tr> <td width=\"284\">Taille<\/td> <td width=\"284\">3400*2100*1980 mm<\/td> <\/tr> <tr> <td width=\"284\">Poids<\/td> <td width=\"284\">700 kg<\/td> <\/tr> <\/tbody> <\/table> <p>&nbsp;<\/p>","protected":false},"excerpt":{"rendered":"<p>What crops do the 5T-1000 multifunctional thresher can process? The 5T-1000 thresher machine is multifunctional. It can thresh broad bean, soybean, sorghum, corn, rice, wheat, millet, pearl millet, chickpea, etc. When threshing different crops, it is necessary to replace screens of different sizes. With different screens for different crops, the threshing effect is better. 5T-1000 [&hellip;]<\/p>\n","protected":false},"author":1,"featured_media":10261,"parent":0,"comment_status":"closed","ping_status":"closed","template":"","tags":[2614],"product-type":[872],"class_list":["post-10256","product","type-product","status-publish","has-post-thumbnail","hentry","tag-thresher","product-type-thresher-sheller"],"_links":{"self":[{"href":"https:\/\/www.agriculture-machine.com\/fr\/wp-json\/wp\/v2\/product\/10256","targetHints":{"allow":["GET"]}}],"collection":[{"href":"https:\/\/www.agriculture-machine.com\/fr\/wp-json\/wp\/v2\/product"}],"about":[{"href":"https:\/\/www.agriculture-machine.com\/fr\/wp-json\/wp\/v2\/types\/product"}],"author":[{"embeddable":true,"href":"https:\/\/www.agriculture-machine.com\/fr\/wp-json\/wp\/v2\/users\/1"}],"replies":[{"embeddable":true,"href":"https:\/\/www.agriculture-machine.com\/fr\/wp-json\/wp\/v2\/comments?post=10256"}],"wp:featuredmedia":[{"embeddable":true,"href":"https:\/\/www.agriculture-machine.com\/fr\/wp-json\/wp\/v2\/media\/10261"}],"wp:attachment":[{"href":"https:\/\/www.agriculture-machine.com\/fr\/wp-json\/wp\/v2\/media?parent=10256"}],"wp:term":[{"taxonomy":"post_tag","embeddable":true,"href":"https:\/\/www.agriculture-machine.com\/fr\/wp-json\/wp\/v2\/tags?post=10256"},{"taxonomy":"product-type","embeddable":true,"href":"https:\/\/www.agriculture-machine.com\/fr\/wp-json\/wp\/v2\/product-type?post=10256"}],"curies":[{"name":"wp","href":"https:\/\/api.w.org\/{rel}","templated":true}]}}