{"id":10273,"date":"2021-05-07T18:46:54","date_gmt":"2021-05-07T10:46:54","guid":{"rendered":"https:\/\/www.agriculture-machine.com\/?p=10273"},"modified":"2024-09-23T11:37:01","modified_gmt":"2024-09-23T03:37:01","slug":"corn-thresher-maize-thresher-corn-sheller-5tym-650","status":"publish","type":"product","link":"https:\/\/www.agriculture-machine.com\/fr\/corn-thresher-maize-thresher-corn-sheller-5tym-650\/","title":{"rendered":"Moissonneuse de ma\u00efs | Moissonneuse de bl\u00e9 | D\u00e9cortiqueuse de ma\u00efs 5TYM-650"},"content":{"rendered":"<p>Ceci est un nouveau type de moissonneuse de ma\u00efs. La structure interne adopte des dents de r\u00e9colte, ce qui donne un meilleur effet de d\u00e9corticage. Le nouveau type de moissonneuse de ma\u00efs est une machine professionnelle pour d\u00e9cortiquer le ma\u00efs. La machine peut \u00eatre \u00e9quip\u00e9e de grandes roues, ce qui permet un d\u00e9corticage du ma\u00efs avec une haute efficacit\u00e9, un taux de nettoyage \u00e9lev\u00e9, et une facilit\u00e9 d\u2019utilisation.<\/p> <figure id=\"attachment_10281\" aria-describedby=\"caption-attachment-10281\" style=\"width: 720px\" class=\"wp-caption alignnone\"><img loading=\"lazy\" decoding=\"async\" class=\"size-full wp-image-10281\" src=\"https:\/\/www.agriculture-machine.com\/wp-content\/uploads\/2021\/05\/The-internal-structure-of-the-corn-thresher.jpg\" alt=\"L\u2011structure interne de la moissonneuse \u00e0 ma\u00efs\" width=\"720\" height=\"540\" srcset=\"https:\/\/www.agriculture-machine.com\/wp-content\/uploads\/2021\/05\/The-internal-structure-of-the-corn-thresher.jpg 720w, https:\/\/www.agriculture-machine.com\/wp-content\/uploads\/2021\/05\/The-internal-structure-of-the-corn-thresher-360x270.jpg 360w, https:\/\/www.agriculture-machine.com\/wp-content\/uploads\/2021\/05\/The-internal-structure-of-the-corn-thresher-240x180.jpg 240w\" sizes=\"auto, (max-width: 720px) 100vw, 720px\" \/><figcaption id=\"caption-attachment-10281\" class=\"wp-caption-text\">L\u2011structure interne de la moissonneuse \u00e0 ma\u00efs<\/figcaption><\/figure> <h2>Quel type d\u2019alimentation peut \u00e9quiper la machine<\/h2> <p>Notre moissonneuse peut \u00eatre \u00e9quip\u00e9e d\u2019un moteur \u00e9lectrique, d\u2019un moteur diesel ou d\u2019un moteur \u00e0 essence comme source d\u2019alimentation. De plus, nous pouvons personnaliser des pneus de grande taille, des supports, des cadres d\u2019entra\u00eenement. Si votre terrain est plat, vous pouvez choisir une moissonneuse \u00e9quip\u00e9e de petits pneus. Si votre terrain est accident\u00e9, vous pouvez choisir une moissonneuse \u00e9quip\u00e9e de gros pneus ou avec des supports, de sorte que quelle que soit la nature de votre terrain, la machine puisse avancer en douceur.<br \/> En outre, si l\u2019\u00e9lectricit\u00e9 vous convient, vous pouvez choisir une moissonneuse \u00e0 ma\u00efs avec un moteur \u00e9lectrique. Si l\u2019\u00e9lectricit\u00e9 n\u2019est pas pratique, vous pouvez choisir une moissonneuse \u00e0 ma\u00efs avec un moteur \u00e0 essence ou un moteur diesel. L\u2019important est que cette moissonneuse puisse aussi \u00eatre connect\u00e9e \u00e0 un tracteur et fonctionner directement dans le champ. Si vous cultivez du ma\u00efs, vous pouvez donc choisir cette moissonneuse.<\/p> <div id='gallery-1' class='gallery galleryid-10273 gallery-columns-3 gallery-size-full'><figure class='gallery-item'> \t\t\t<div class='gallery-icon landscape'> \t\t\t\t<a href='https:\/\/www.agriculture-machine.com\/wp-content\/uploads\/2021\/05\/maize-threshing-.jpg'><img loading=\"lazy\" decoding=\"async\" width=\"720\" height=\"526\" src=\"https:\/\/www.agriculture-machine.com\/wp-content\/uploads\/2021\/05\/maize-threshing-.jpg\" class=\"attachment-full size-full\" alt=\"d\u00e9corticage du ma\u00efs\" aria-describedby=\"gallery-1-10278\" srcset=\"https:\/\/www.agriculture-machine.com\/wp-content\/uploads\/2021\/05\/maize-threshing-.jpg 720w, https:\/\/www.agriculture-machine.com\/wp-content\/uploads\/2021\/05\/maize-threshing--360x263.jpg 360w\" sizes=\"auto, (max-width: 720px) 100vw, 720px\" \/><\/a> \t\t\t<\/div> \t\t\t\t<figcaption class='wp-caption-text gallery-caption' id='gallery-1-10278'> \t\t\t\td\u00e9corticage du ma\u00efs \t\t\t\t<\/figcaption><\/figure><figure class='gallery-item'> \t\t\t<div class='gallery-icon landscape'> \t\t\t\t<a href='https:\/\/www.agriculture-machine.com\/wp-content\/uploads\/2021\/05\/maize-thresher.jpg'><img loading=\"lazy\" decoding=\"async\" width=\"720\" height=\"540\" src=\"https:\/\/www.agriculture-machine.com\/wp-content\/uploads\/2021\/05\/maize-thresher.jpg\" class=\"attachment-full size-full\" alt=\"moissonneuse de ma\u00efs\" aria-describedby=\"gallery-1-10277\" srcset=\"https:\/\/www.agriculture-machine.com\/wp-content\/uploads\/2021\/05\/maize-thresher.jpg 720w, https:\/\/www.agriculture-machine.com\/wp-content\/uploads\/2021\/05\/maize-thresher-360x270.jpg 360w, https:\/\/www.agriculture-machine.com\/wp-content\/uploads\/2021\/05\/maize-thresher-240x180.jpg 240w\" sizes=\"auto, (max-width: 720px) 100vw, 720px\" \/><\/a> \t\t\t<\/div> \t\t\t\t<figcaption class='wp-caption-text gallery-caption' id='gallery-1-10277'> \t\t\t\tmoissonneuse de ma\u00efs \t\t\t\t<\/figcaption><\/figure><figure class='gallery-item'> \t\t\t<div class='gallery-icon landscape'> \t\t\t\t<a href='https:\/\/www.agriculture-machine.com\/wp-content\/uploads\/2021\/05\/Diesel-engine-model.jpg'><img loading=\"lazy\" decoding=\"async\" width=\"720\" height=\"528\" src=\"https:\/\/www.agriculture-machine.com\/wp-content\/uploads\/2021\/05\/Diesel-engine-model.jpg\" class=\"attachment-full size-full\" alt=\"Mod\u00e8le moteur diesel\" aria-describedby=\"gallery-1-10276\" srcset=\"https:\/\/www.agriculture-machine.com\/wp-content\/uploads\/2021\/05\/Diesel-engine-model.jpg 720w, https:\/\/www.agriculture-machine.com\/wp-content\/uploads\/2021\/05\/Diesel-engine-model-360x264.jpg 360w\" sizes=\"auto, (max-width: 720px) 100vw, 720px\" \/><\/a> \t\t\t<\/div> \t\t\t\t<figcaption class='wp-caption-text gallery-caption' id='gallery-1-10276'> \t\t\t\tMod\u00e8le moteur diesel \t\t\t\t<\/figcaption><\/figure> \t\t<\/div>  <h2>Avantages de la moissonneuse \u00e0 ma\u00efs<\/h2> <ul> <li>Le taux de d\u00e9collage atteint 98 %.<\/li> <li>La production horaire peut atteindre 2 tonnes.<\/li> <li>Grandes possibilit\u00e9s de personnalisation.<\/li> <li>Plusieurs choix de modes d\u2019alimentation.<\/li> <li>Structure interne unique (lancement des dents).<\/li> <li>Le ma\u00efs apr\u00e8s le d\u00e9corticage est termin\u00e9 et n\u2019affecte pas l\u2019utilisation ult\u00e9rieure.<\/li> <\/ul> <figure id=\"attachment_10279\" aria-describedby=\"caption-attachment-10279\" style=\"width: 720px\" class=\"wp-caption alignnone\"><img loading=\"lazy\" decoding=\"async\" class=\"size-full wp-image-10279\" src=\"https:\/\/www.agriculture-machine.com\/wp-content\/uploads\/2021\/05\/corn-maize.jpg\" alt=\"ma\u00efs\u2011maize\" width=\"720\" height=\"540\" srcset=\"https:\/\/www.agriculture-machine.com\/wp-content\/uploads\/2021\/05\/corn-maize.jpg 720w, https:\/\/www.agriculture-machine.com\/wp-content\/uploads\/2021\/05\/corn-maize-360x270.jpg 360w, https:\/\/www.agriculture-machine.com\/wp-content\/uploads\/2021\/05\/corn-maize-240x180.jpg 240w\" sizes=\"auto, (max-width: 720px) 100vw, 720px\" \/><figcaption id=\"caption-attachment-10279\" class=\"wp-caption-text\">ma\u00efs\u2011maize<\/figcaption><\/figure> <h2>Structure de la moissonneuse \u00e0 ma\u00efs 5TYM-650<\/h2> <p>Cette moissonneuse \u00e0 ma\u00efs comprend une bouche d\u2019alimentation, un grand pneu, un support, une sortie, une alimentation, un cadre d\u2019entra\u00eenement.<\/p> <figure id=\"attachment_10282\" aria-describedby=\"caption-attachment-10282\" style=\"width: 720px\" class=\"wp-caption alignnone\"><img loading=\"lazy\" decoding=\"async\" class=\"size-full wp-image-10282\" src=\"https:\/\/www.agriculture-machine.com\/wp-content\/uploads\/2021\/05\/the-structure-of-5TYM-650-maize-thresher.jpg\" alt=\"la structure de la moissonneuse \u00e0 ma\u00efs 5TYM-650\" width=\"720\" height=\"540\" srcset=\"https:\/\/www.agriculture-machine.com\/wp-content\/uploads\/2021\/05\/the-structure-of-5TYM-650-maize-thresher.jpg 720w, https:\/\/www.agriculture-machine.com\/wp-content\/uploads\/2021\/05\/the-structure-of-5TYM-650-maize-thresher-360x270.jpg 360w, https:\/\/www.agriculture-machine.com\/wp-content\/uploads\/2021\/05\/the-structure-of-5TYM-650-maize-thresher-240x180.jpg 240w\" sizes=\"auto, (max-width: 720px) 100vw, 720px\" \/><figcaption id=\"caption-attachment-10282\" class=\"wp-caption-text\">la structure de la moissonneuse \u00e0 ma\u00efs 5TYM-650<\/figcaption><\/figure> <h2>Param\u00e8tres techniques<\/h2> <table> <tbody> <tr> <td width=\"284\">Mod\u00e8le<\/td> <td width=\"284\">5TYM-650<\/td> <\/tr> <tr> <td width=\"284\">Poids<\/td> <td width=\"284\">50kg<\/td> <\/tr> <tr> <td width=\"284\">Puissance correspondante<\/td> <td width=\"284\">2,2\u20133 kW ou 5\u20138 hp<\/td> <\/tr> <tr> <td width=\"284\">Taille<\/td> <td width=\"284\">900*600*920<\/td> <\/tr> <tr> <td width=\"284\">Productivit\u00e9<\/td> <td width=\"284\">1-2t\/h<\/td> <\/tr> <tr> <td width=\"284\">Taux de nettoyage<\/td> <td width=\"284\">99%<\/td> <\/tr> <\/tbody> <\/table>","protected":false},"excerpt":{"rendered":"<p>This is a new type of maize thresher. The internal structure adopts threshing teeth, which has a better threshing effect. The new type of corn thresher is a professional machine for threshing maize. The machine can be equipped with large wheels, which can thresh corn with high efficiency, high cleaning rate, and it is convenient [&hellip;]<\/p>\n","protected":false},"author":1,"featured_media":10275,"parent":0,"comment_status":"closed","ping_status":"closed","template":"","tags":[2614],"product-type":[872],"class_list":["post-10273","product","type-product","status-publish","has-post-thumbnail","hentry","tag-thresher","product-type-thresher-sheller"],"_links":{"self":[{"href":"https:\/\/www.agriculture-machine.com\/fr\/wp-json\/wp\/v2\/product\/10273","targetHints":{"allow":["GET"]}}],"collection":[{"href":"https:\/\/www.agriculture-machine.com\/fr\/wp-json\/wp\/v2\/product"}],"about":[{"href":"https:\/\/www.agriculture-machine.com\/fr\/wp-json\/wp\/v2\/types\/product"}],"author":[{"embeddable":true,"href":"https:\/\/www.agriculture-machine.com\/fr\/wp-json\/wp\/v2\/users\/1"}],"replies":[{"embeddable":true,"href":"https:\/\/www.agriculture-machine.com\/fr\/wp-json\/wp\/v2\/comments?post=10273"}],"wp:featuredmedia":[{"embeddable":true,"href":"https:\/\/www.agriculture-machine.com\/fr\/wp-json\/wp\/v2\/media\/10275"}],"wp:attachment":[{"href":"https:\/\/www.agriculture-machine.com\/fr\/wp-json\/wp\/v2\/media?parent=10273"}],"wp:term":[{"taxonomy":"post_tag","embeddable":true,"href":"https:\/\/www.agriculture-machine.com\/fr\/wp-json\/wp\/v2\/tags?post=10273"},{"taxonomy":"product-type","embeddable":true,"href":"https:\/\/www.agriculture-machine.com\/fr\/wp-json\/wp\/v2\/product-type?post=10273"}],"curies":[{"name":"wp","href":"https:\/\/api.w.org\/{rel}","templated":true}]}}