{"id":10313,"date":"2021-05-10T14:15:10","date_gmt":"2021-05-10T06:15:10","guid":{"rendered":"https:\/\/www.agriculture-machine.com\/?p=10313"},"modified":"2024-09-18T16:06:34","modified_gmt":"2024-09-18T08:06:34","slug":"maize-thresher-machine-wheel-corn-thresher-corn-sheller-5tym-850","status":"publish","type":"product","link":"https:\/\/www.agriculture-machine.com\/fr\/maize-thresher-machine-wheel-corn-thresher-corn-sheller-5tym-850\/","title":{"rendered":"Machine \u00e0 d\u00e9cortiquer le ma\u00efs | D\u00e9cortiqueuse de ma\u00efs \u00e0 roue | \u00c9plucheuse et d\u00e9cortiqueuse de ma\u00efs 5TYM-850"},"content":{"rendered":"<p>La machine \u00e0 d\u00e9pierrer le ma\u00efs 5TYM-850 est largement utilis\u00e9e dans l\u2019\u00e9levage, les fermes et les m\u00e9nages.<\/p> <h2>Fonction et application<\/h2> <p>Le d\u00e9pierrageur de ma\u00efs 5TYM-850 est principalement utilis\u00e9 pour l\u2019\u00e9pluchage et le d\u00e9pierrage du ma\u00efs. Ce d\u00e9pierrageur peut rapidement s\u00e9parer les grains de ma\u00efs des \u00e9pis de ma\u00efs et poss\u00e8de des caract\u00e9ristiques de haute efficacit\u00e9 et de faible taux de concassage. Le d\u00e9pierrageur peut \u00eatre \u00e9quip\u00e9 d\u2019un moteur diesel, d\u2019un moteur \u00e9lectrique ou d\u2019un PTO de tracteur pour l\u2019entra\u00eenement. Vous pouvez choisir selon vos besoins. En m\u00eame temps, il peut \u00eatre \u00e9quip\u00e9 de pneus et d\u2019un cadre de support pour faciliter le transport.<\/p> <figure id=\"attachment_10319\" aria-describedby=\"caption-attachment-10319\" style=\"width: 720px\" class=\"wp-caption alignnone\"><img loading=\"lazy\" decoding=\"async\" class=\"size-full wp-image-10319\" src=\"https:\/\/www.agriculture-machine.com\/wp-content\/uploads\/2021\/05\/corn-thresher-1.jpg\" alt=\"d\u00e9piailleur-de-ma\u00efs\" width=\"720\" height=\"540\" srcset=\"https:\/\/www.agriculture-machine.com\/wp-content\/uploads\/2021\/05\/corn-thresher-1.jpg 720w, https:\/\/www.agriculture-machine.com\/wp-content\/uploads\/2021\/05\/corn-thresher-1-360x270.jpg 360w, https:\/\/www.agriculture-machine.com\/wp-content\/uploads\/2021\/05\/corn-thresher-1-240x180.jpg 240w\" sizes=\"auto, (max-width: 720px) 100vw, 720px\" \/><figcaption id=\"caption-attachment-10319\" class=\"wp-caption-text\">d\u00e9piailleur-de-ma\u00efs<\/figcaption><\/figure> <h2>Structure de la machine \u00e0 d\u00e9pierrer le ma\u00efs 5TYM-850<\/h2> <p>La machine \u00e0 d\u00e9pierrer le ma\u00efs se compose d\u2019une entr\u00e9e, d\u2019un ventilateur, de deux sorties pour les \u00e9pis de ma\u00efs et les grains, de sous-structures, de gros pneus, de supports et de cadres de traction pour tracteur.<\/p> <p>&nbsp;<\/p> <p>&nbsp;<\/p> <figure id=\"attachment_10320\" aria-describedby=\"caption-attachment-10320\" style=\"width: 720px\" class=\"wp-caption alignnone\"><img loading=\"lazy\" decoding=\"async\" class=\"size-full wp-image-10320\" src=\"https:\/\/www.agriculture-machine.com\/wp-content\/uploads\/2021\/05\/structure-maize-thresher-850.jpg\" alt=\"structure-ma\u00efs-d\u00e9pierrage-850\" width=\"720\" height=\"540\" srcset=\"https:\/\/www.agriculture-machine.com\/wp-content\/uploads\/2021\/05\/structure-maize-thresher-850.jpg 720w, https:\/\/www.agriculture-machine.com\/wp-content\/uploads\/2021\/05\/structure-maize-thresher-850-360x270.jpg 360w, https:\/\/www.agriculture-machine.com\/wp-content\/uploads\/2021\/05\/structure-maize-thresher-850-240x180.jpg 240w\" sizes=\"auto, (max-width: 720px) 100vw, 720px\" \/><figcaption id=\"caption-attachment-10320\" class=\"wp-caption-text\">structure-ma\u00efs-d\u00e9pierrage-850<\/figcaption><\/figure> <p>Affichage de la structure d\u00e9taill\u00e9e<\/p> <p>PTO, cadre de traction de tracteur, \u00e9cran, engrenage de projection, courroie.<\/p> <div id='gallery-1' class='gallery galleryid-10313 gallery-columns-2 gallery-size-full'><figure class='gallery-item'> \t\t\t<div class='gallery-icon landscape'> \t\t\t\t<a href='https:\/\/www.agriculture-machine.com\/wp-content\/uploads\/2021\/05\/structure-details.jpg'><img loading=\"lazy\" decoding=\"async\" width=\"720\" height=\"540\" src=\"https:\/\/www.agriculture-machine.com\/wp-content\/uploads\/2021\/05\/structure-details.jpg\" class=\"attachment-full size-full\" alt=\"\" aria-describedby=\"gallery-1-10322\" srcset=\"https:\/\/www.agriculture-machine.com\/wp-content\/uploads\/2021\/05\/structure-details.jpg 720w, https:\/\/www.agriculture-machine.com\/wp-content\/uploads\/2021\/05\/structure-details-360x270.jpg 360w, https:\/\/www.agriculture-machine.com\/wp-content\/uploads\/2021\/05\/structure-details-240x180.jpg 240w\" sizes=\"auto, (max-width: 720px) 100vw, 720px\" \/><\/a> \t\t\t<\/div> \t\t\t\t<figcaption class='wp-caption-text gallery-caption' id='gallery-1-10322'> \t\t\t\td\u00e9tails-de-la-structure \t\t\t\t<\/figcaption><\/figure><figure class='gallery-item'> \t\t\t<div class='gallery-icon landscape'> \t\t\t\t<a href='https:\/\/www.agriculture-machine.com\/wp-content\/uploads\/2021\/05\/structure-detail.jpg'><img loading=\"lazy\" decoding=\"async\" width=\"720\" height=\"540\" src=\"https:\/\/www.agriculture-machine.com\/wp-content\/uploads\/2021\/05\/structure-detail.jpg\" class=\"attachment-full size-full\" alt=\"d\u00e9tails-de-la-structure\" aria-describedby=\"gallery-1-10321\" srcset=\"https:\/\/www.agriculture-machine.com\/wp-content\/uploads\/2021\/05\/structure-detail.jpg 720w, https:\/\/www.agriculture-machine.com\/wp-content\/uploads\/2021\/05\/structure-detail-360x270.jpg 360w, https:\/\/www.agriculture-machine.com\/wp-content\/uploads\/2021\/05\/structure-detail-240x180.jpg 240w\" sizes=\"auto, (max-width: 720px) 100vw, 720px\" \/><\/a> \t\t\t<\/div> \t\t\t\t<figcaption class='wp-caption-text gallery-caption' id='gallery-1-10321'> \t\t\t\td\u00e9tails-de-la-structure \t\t\t\t<\/figcaption><\/figure> \t\t<\/div>  <h2>Diff\u00e9rence entre le d\u00e9pierrageur 850 et le d\u00e9pierrageur 650<\/h2> <ol> <li>La capacit\u00e9 de la machine \u00e0 d\u00e9pierrer le ma\u00efs 850 est sup\u00e9rieure \u00e0 celle de la machine \u00e0 d\u00e9pierrer le ma\u00efs 650. <a href=\"https:\/\/www.agriculture-machine.com\/fr\/corn-thresher-maize-thresher-corn-sheller-5tym-650\/\">D\u00e9pierrage de ma\u00efs 650<\/a>. La production horaire des d\u00e9pierrages 850 est de 4-6t, et celle des d\u00e9pierrages 650 est de 1-2t.<\/li> <li>La machine \u00e0 d\u00e9pierrer le ma\u00efs 850 poss\u00e8de un ventilateur suppl\u00e9mentaire par rapport au d\u00e9pierrageur 650, ce qui rend le ma\u00efs apr\u00e8s d\u00e9pierrage plus propre.<\/li> <li>Le d\u00e9pierrageur de ma\u00efs 850 est plus grand en taille que le d\u00e9pierrageur de ma\u00efs 650.<br \/> Vous pouvez choisir entre le d\u00e9pierrageur de ma\u00efs 850 ou 650 selon vos besoins.<\/li> <\/ol> <h2>Comment fonctionne la machine \u00e0 d\u00e9pierrer le ma\u00efs ?<\/h2> <p><iframe loading=\"lazy\" title=\"Machine \u00e0 d\u00e9cortiquer le ma\u00efs\" width=\"500\" height=\"281\" src=\"https:\/\/www.youtube.com\/embed\/spbXao261AY?feature=oembed\" frameborder=\"0\" allow=\"accelerometer; autoplay; clipboard-write; encrypted-media; gyroscope; picture-in-picture; web-share\" referrerpolicy=\"strict-origin-when-cross-origin\" allowfullscreen><\/iframe><\/p> <h2>Quel est le prix du batteur?<\/h2> <p>Les clients qui s\u2019abonnent \u00e0 notre site savent que notre d\u00e9pierrage de ma\u00efs a \u00e9t\u00e9 constamment mis \u00e0 jour. Nous avons diff\u00e9rents types de machines \u00e0 d\u00e9pierrer le ma\u00efs, y compris \u00e0 haut rendement, \u00e0 faible rendement, polyvalentes, et \u00e0 gros pneus pour l\u2019Afrique. Si vous souhaitez obtenir un prix plus d\u00e9taill\u00e9, vous pouvez nous contacter et nous dire quel mod\u00e8le de machine \u00e0 d\u00e9pierrer le ma\u00efs vous souhaitez.<\/p> <h2>Param\u00e8tres techniques<\/h2> <table> <tbody> <tr> <td width=\"284\">Mod\u00e8le<\/td> <td width=\"284\">5TYM-850<\/td> <\/tr> <tr> <td width=\"284\">Capacit\u00e9<\/td> <td width=\"284\">4-6t\/h<\/td> <\/tr> <tr> <td width=\"284\">Taux de d\u00e9corticage<\/td> <td width=\"284\">99%<\/td> <\/tr> <tr> <td width=\"284\">Puissance<\/td> <td width=\"284\">5,5-7,5 kw ou 12-18HP ou PTO<\/td> <\/tr> <tr> <td width=\"284\">Taille<\/td> <td width=\"284\">1270x720x1000mm<\/td> <\/tr> <tr> <td width=\"284\">Poids<\/td> <td width=\"284\">120 kg<\/td> <\/tr> <\/tbody> <\/table>","protected":false},"excerpt":{"rendered":"<p>5TYM-850 wheel maize thresher machine is widely used in animal husbandry, farms, and households. Function and application The 5TYM-850 corn thresher is mainly used for corn peeling and threshing. This thresher can quickly separate the corn kernels from the corn cobs and has the characteristics of high work efficiency and low crushing rate. The thresher [&hellip;]<\/p>\n","protected":false},"author":1,"featured_media":10318,"parent":0,"comment_status":"closed","ping_status":"closed","template":"","tags":[491,2619],"product-type":[872],"class_list":["post-10313","product","type-product","status-publish","has-post-thumbnail","hentry","tag-corn","tag-sheller","product-type-thresher-sheller"],"_links":{"self":[{"href":"https:\/\/www.agriculture-machine.com\/fr\/wp-json\/wp\/v2\/product\/10313","targetHints":{"allow":["GET"]}}],"collection":[{"href":"https:\/\/www.agriculture-machine.com\/fr\/wp-json\/wp\/v2\/product"}],"about":[{"href":"https:\/\/www.agriculture-machine.com\/fr\/wp-json\/wp\/v2\/types\/product"}],"author":[{"embeddable":true,"href":"https:\/\/www.agriculture-machine.com\/fr\/wp-json\/wp\/v2\/users\/1"}],"replies":[{"embeddable":true,"href":"https:\/\/www.agriculture-machine.com\/fr\/wp-json\/wp\/v2\/comments?post=10313"}],"wp:featuredmedia":[{"embeddable":true,"href":"https:\/\/www.agriculture-machine.com\/fr\/wp-json\/wp\/v2\/media\/10318"}],"wp:attachment":[{"href":"https:\/\/www.agriculture-machine.com\/fr\/wp-json\/wp\/v2\/media?parent=10313"}],"wp:term":[{"taxonomy":"post_tag","embeddable":true,"href":"https:\/\/www.agriculture-machine.com\/fr\/wp-json\/wp\/v2\/tags?post=10313"},{"taxonomy":"product-type","embeddable":true,"href":"https:\/\/www.agriculture-machine.com\/fr\/wp-json\/wp\/v2\/product-type?post=10313"}],"curies":[{"name":"wp","href":"https:\/\/api.w.org\/{rel}","templated":true}]}}