{"id":1032,"date":"2018-10-17T10:25:36","date_gmt":"2018-10-17T02:25:36","guid":{"rendered":"https:\/\/www.agriculture-machine.com\/?p=1032"},"modified":"2026-03-10T11:23:51","modified_gmt":"2026-03-10T03:23:51","slug":"baling-and-wrapping-machine","status":"publish","type":"product","link":"https:\/\/www.agriculture-machine.com\/fr\/baling-and-wrapping-machine\/","title":{"rendered":"Machine \u00e0 ensiler et \u00e0 envelopper 55-52, \u00e9quipement de faucheuse"},"content":{"rendered":"<p>La machine \u00e0 faire des balles d\u2019ensilage et la machine \u00e0 emballer sont un type d\u2019\u00e9quipement agricole et d\u2019\u00e9levage, largement utilis\u00e9 pour la collecte et la conservation du fourrage, de la paille et d\u2019autres aliments.<\/p>    <p>L\u2019\u00e9quipement emballe et enveloppe le fourrage \u00e0 l\u2019aide de film plastique, de corde en filet ou de ficelle, et r\u00e9alise la fermentation de l\u2019ensilage dans un environnement ana\u00e9robie. Cela verrouille efficacement les nutriments du fourrage, prolonge la dur\u00e9e de conservation et r\u00e9pond aux besoins d\u2019alimentation toute l\u2019ann\u00e9e des ruminants comme le b\u00e9tail, les moutons, les chevaux, les cerfs et les \u00e2nes.<\/p>    <figure class=\"wp-block-embed is-type-video is-provider-youtube wp-block-embed-youtube wp-embed-aspect-16-9 wp-has-aspect-ratio\"><div class=\"wp-block-embed__wrapper\"> <iframe loading=\"lazy\" title=\"Machine efficace de fa\u00e7onnage et d\u2019emballage du fourrage ensil\u00e9 - Am\u00e9liorez l\u2019efficacit\u00e9 de l\u2019emballage agricole !\" width=\"500\" height=\"281\" src=\"https:\/\/www.youtube.com\/embed\/McQj2v6Lsx8?feature=oembed\" frameborder=\"0\" allow=\"accelerometer; autoplay; clipboard-write; encrypted-media; gyroscope; picture-in-picture; web-share\" referrerpolicy=\"strict-origin-when-cross-origin\" allowfullscreen><\/iframe> <\/div><figcaption class=\"wp-element-caption\">Vid\u00e9o de fonctionnement de la machine \u00e0 faire des balles d\u2019ensilage et \u00e0 emballer<\/figcaption><\/figure>    <p>En particulier, la machine \u00e0 emballer et \u00e0 faire des balles TZ-55-52 a une structure compacte, des performances stables et une op\u00e9ration facile. Elle est \u00e9quip\u00e9e d\u2019un moteur de 5,5 kW, avec des dimensions de 1600x1450x1060mm, et peut faire 30-50 balles d\u2019herbe par heure, chaque balle pesant entre 30 et 90 kg.<\/p>    <p>Le nombre de couches de paillage est de 2 \u00e0 4, et le poids apr\u00e8s paillage est de 135kg, ce qui est le choix id\u00e9al pour les petits et moyens agriculteurs et fermes afin d\u2019am\u00e9liorer l\u2019efficacit\u00e9 du traitement du fourrage.<\/p>    <figure class=\"wp-block-gallery has-nested-images columns-default is-cropped wp-block-gallery-2 is-layout-flex wp-block-gallery-is-layout-flex\"> <figure class=\"wp-block-image size-large\"><img loading=\"lazy\" decoding=\"async\" width=\"720\" height=\"540\" data-id=\"13674\" src=\"https:\/\/www.agriculture-machine.com\/wp-content\/uploads\/2022\/05\/round-silage-baler0-1.jpg\" alt=\"Machine \u00e0 faire des balles d\u2019ensilage ronde\" class=\"wp-image-13674\" title=\"Machine \u00e0 faire des balles d\u2019ensilage ronde\" srcset=\"https:\/\/www.agriculture-machine.com\/wp-content\/uploads\/2022\/05\/round-silage-baler0-1.jpg 720w, https:\/\/www.agriculture-machine.com\/wp-content\/uploads\/2022\/05\/round-silage-baler0-1-240x180.jpg 240w, https:\/\/www.agriculture-machine.com\/wp-content\/uploads\/2022\/05\/round-silage-baler0-1-360x270.jpg 360w\" sizes=\"auto, (max-width: 720px) 100vw, 720px\" \/><figcaption class=\"wp-element-caption\">Machine \u00e0 faire des balles d\u2019ensilage ronde<\/figcaption><\/figure>    <figure class=\"wp-block-image size-large\"><img loading=\"lazy\" decoding=\"async\" width=\"720\" height=\"540\" data-id=\"13675\" src=\"https:\/\/www.agriculture-machine.com\/wp-content\/uploads\/2022\/05\/silage-packing-machine0-1.jpg\" alt=\"Machine d\u2019emballage de l\u2019ensilage\" class=\"wp-image-13675\" title=\"Machine d\u2019emballage de l\u2019ensilage\" srcset=\"https:\/\/www.agriculture-machine.com\/wp-content\/uploads\/2022\/05\/silage-packing-machine0-1.jpg 720w, https:\/\/www.agriculture-machine.com\/wp-content\/uploads\/2022\/05\/silage-packing-machine0-1-240x180.jpg 240w, https:\/\/www.agriculture-machine.com\/wp-content\/uploads\/2022\/05\/silage-packing-machine0-1-360x270.jpg 360w\" sizes=\"auto, (max-width: 720px) 100vw, 720px\" \/><figcaption class=\"wp-element-caption\">Machine d\u2019emballage de l\u2019ensilage<\/figcaption><\/figure> <\/figure>    <h2 class=\"wp-block-heading\" id=\"h-brief-introduction-to-baling-and-wrapping-machine\">Champ d\u2019application de la presse \u00e0 ensiler<\/h2>    <ul class=\"wp-block-list\"> <li>Mat\u00e9riaux bruts largement applicables : il peut \u00eatre utilis\u00e9 pour la p\u00e2ture ensil\u00e9e, le foin frais et le foin sec, comme la paille de bl\u00e9, la paille de riz, la paille de soja, les tiges de ma\u00efs, etc.<\/li>    <li>Convient \u00e0 de nombreux types d\u2019\u00e9levage : l\u2019ensilage en balle peut \u00eatre donn\u00e9 au b\u00e9tail, moutons, chevaux, cerfs, \u00e2nes, porcs, chameaux, lapins et autres ruminants.<\/li>    <li>Adaptable \u00e0 diff\u00e9rentes r\u00e9gions et \u00e9chelles agricoles : il peut \u00eatre utilis\u00e9 efficacement dans les fermes familiales, les coop\u00e9ratives et les petites et moyennes exploitations, et est pratique pour le stockage et le transport \u00e0 long terme.<\/li> <\/ul>    <figure class=\"wp-block-gallery has-nested-images columns-default is-cropped wp-block-gallery-3 is-layout-flex wp-block-gallery-is-layout-flex\"> <figure class=\"wp-block-image size-large\"><img loading=\"lazy\" decoding=\"async\" width=\"720\" height=\"540\" data-id=\"13676\" src=\"https:\/\/www.agriculture-machine.com\/wp-content\/uploads\/2022\/05\/application-scope_-1.jpg\" alt=\"Champ d\u2019application\" class=\"wp-image-13676\" title=\"Champ d\u2019application\" srcset=\"https:\/\/www.agriculture-machine.com\/wp-content\/uploads\/2022\/05\/application-scope_-1.jpg 720w, https:\/\/www.agriculture-machine.com\/wp-content\/uploads\/2022\/05\/application-scope_-1-240x180.jpg 240w, https:\/\/www.agriculture-machine.com\/wp-content\/uploads\/2022\/05\/application-scope_-1-360x270.jpg 360w\" sizes=\"auto, (max-width: 720px) 100vw, 720px\" \/><figcaption class=\"wp-element-caption\">Champ d\u2019application<\/figcaption><\/figure>    <figure class=\"wp-block-image size-large\"><img loading=\"lazy\" decoding=\"async\" width=\"720\" height=\"540\" data-id=\"13677\" src=\"https:\/\/www.agriculture-machine.com\/wp-content\/uploads\/2022\/05\/application.jpg\" alt=\"Application de la machine \u00e0 faire des balles et \u00e0 emballer\" class=\"wp-image-13677\" title=\"Machine \u00e0 faire des balles et \u00e0 emballer\" srcset=\"https:\/\/www.agriculture-machine.com\/wp-content\/uploads\/2022\/05\/application.jpg 720w, https:\/\/www.agriculture-machine.com\/wp-content\/uploads\/2022\/05\/application-240x180.jpg 240w, https:\/\/www.agriculture-machine.com\/wp-content\/uploads\/2022\/05\/application-360x270.jpg 360w\" sizes=\"auto, (max-width: 720px) 100vw, 720px\" \/><figcaption class=\"wp-element-caption\">Application de la machine \u00e0 faire des balles et \u00e0 emballer<\/figcaption><\/figure> <\/figure>    <h2 class=\"wp-block-heading\">Machine \u00e0 faire des balles de traction \u00e0 gros pneus personnalis\u00e9e<\/h2>    <p>Notre derni\u00e8re machine \u00e0 faire des balles d\u2019ensilage et \u00e0 emballer personnalis\u00e9e mobile 55-52 a \u00e9t\u00e9 am\u00e9lior\u00e9e par rapport au mod\u00e8le original, avec des pneus plus grands facilitant le remorquage facile et le d\u00e9placement rapide sur divers terrains, augmentant consid\u00e9rablement la flexibilit\u00e9 op\u00e9rationnelle. <\/p>    <figure class=\"wp-block-gallery has-nested-images columns-default is-cropped wp-block-gallery-4 is-layout-flex wp-block-gallery-is-layout-flex\"> <figure class=\"wp-block-image size-large\"><img loading=\"lazy\" decoding=\"async\" width=\"720\" height=\"540\" data-id=\"16875\" src=\"https:\/\/www.agriculture-machine.com\/wp-content\/uploads\/2018\/10\/hay-baling-wrapping-machine.webp\" alt=\"Machine \u00e0 emballer la balle de foin\" class=\"wp-image-16875\" srcset=\"https:\/\/www.agriculture-machine.com\/wp-content\/uploads\/2018\/10\/hay-baling-wrapping-machine.webp 720w, https:\/\/www.agriculture-machine.com\/wp-content\/uploads\/2018\/10\/hay-baling-wrapping-machine-360x270.webp 360w, https:\/\/www.agriculture-machine.com\/wp-content\/uploads\/2018\/10\/hay-baling-wrapping-machine-240x180.webp 240w, https:\/\/www.agriculture-machine.com\/wp-content\/uploads\/2018\/10\/hay-baling-wrapping-machine-16x12.webp 16w\" sizes=\"auto, (max-width: 720px) 100vw, 720px\" \/><figcaption class=\"wp-element-caption\">Machine \u00e0 emballer la balle de foin<\/figcaption><\/figure>    <figure class=\"wp-block-image size-large\"><img loading=\"lazy\" decoding=\"async\" width=\"720\" height=\"540\" data-id=\"16876\" src=\"https:\/\/www.agriculture-machine.com\/wp-content\/uploads\/2018\/10\/mobile-type-forage-baler-machine.webp\" alt=\"Machine \u00e0 faire des balles de fourrage mobile\" class=\"wp-image-16876\" srcset=\"https:\/\/www.agriculture-machine.com\/wp-content\/uploads\/2018\/10\/mobile-type-forage-baler-machine.webp 720w, https:\/\/www.agriculture-machine.com\/wp-content\/uploads\/2018\/10\/mobile-type-forage-baler-machine-360x270.webp 360w, https:\/\/www.agriculture-machine.com\/wp-content\/uploads\/2018\/10\/mobile-type-forage-baler-machine-240x180.webp 240w, https:\/\/www.agriculture-machine.com\/wp-content\/uploads\/2018\/10\/mobile-type-forage-baler-machine-16x12.webp 16w\" sizes=\"auto, (max-width: 720px) 100vw, 720px\" \/><figcaption class=\"wp-element-caption\">Machine \u00e0 faire des balles de fourrage mobile<\/figcaption><\/figure> <\/figure>    <p>Cette mise \u00e0 niveau est particuli\u00e8rement b\u00e9n\u00e9fique pour l\u2019Afrique et d\u2019autres r\u00e9gions avec un terrain difficile et des exploitations dispers\u00e9es, rendant le processus d\u2019ensilage et de stockage plus efficace et convivial. Que ce soit pour une grande ferme ou une petite exploitation, ce mod\u00e8le se distingue comme une excellente option pour am\u00e9liorer la productivit\u00e9 agricole.<\/p>    <figure class=\"wp-block-embed aligncenter is-type-video is-provider-youtube wp-block-embed-youtube wp-embed-aspect-16-9 wp-has-aspect-ratio\"><div class=\"wp-block-embed__wrapper\"> <iframe loading=\"lazy\" title=\"Machine \u00e0 faire des balles rondes \u00e0 remorque \u00e0 gros pneus personnalis\u00e9e - Solution efficace d\u2019emballage de balles#ensilagebaler\" width=\"500\" height=\"281\" src=\"https:\/\/www.youtube.com\/embed\/b_8wTFsUBp4?feature=oembed\" frameborder=\"0\" allow=\"accelerometer; autoplay; clipboard-write; encrypted-media; gyroscope; picture-in-picture; web-share\" referrerpolicy=\"strict-origin-when-cross-origin\" allowfullscreen><\/iframe> <\/div><figcaption class=\"wp-element-caption\">Vid\u00e9o de fonctionnement de la machine \u00e0 faire des balles d\u2019ensilage et \u00e0 emballer<\/figcaption><\/figure>    <h2 class=\"wp-block-heading\">Structure principale de la machine \u00e0 faire des balles de foin<\/h2>    <ul class=\"wp-block-list\"> <li><strong>Partie de broyage<\/strong><br>Silage or forage is prepared by shredding, crushing, and extruding to break down the tough stem segments on the straw&#8217;s surface, making it easier for livestock to consume the parts of the straw that are not directly edible.<\/li>    <li><strong>Partie de faire des balles<\/strong><br>Le fourrage est rapidement et uniform\u00e9ment aliment\u00e9 dans la chambre de compression de la balle. Lorsqu\u2019une balle p\u00e8se environ 80kg, la roue de signal tourne \u00e0 une vitesse constante, engageant la poign\u00e9e de embrayage de winding pour envelopper la balle avec une corde. Apr\u00e8s avoir coup\u00e9 la corde, l\u2019utilisateur actionne la poign\u00e9e d\u2019ouverture pour lib\u00e9rer la balle.<\/li>    <li><strong>Partie d\u2019emballage<\/strong><br>Les balles sont positionn\u00e9es sur les deux bandes parall\u00e8les de la machine \u00e0 emballer. Lorsqu\u2019on active l\u2019interrupteur d\u2019emballage, il fait tourner le cadre pour d\u00e9placer les balles. Les balles \u00e9tirent alors le film plastique pour s\u2019enrouler automatiquement. Les utilisateurs peuvent \u00e9galement ajuster le nombre de couches de rev\u00eatement, allant de 2 \u00e0 4 couches.<\/li> <\/ul>    <figure class=\"wp-block-image aligncenter size-full\"><img loading=\"lazy\" decoding=\"async\" width=\"720\" height=\"540\" src=\"https:\/\/www.agriculture-machine.com\/wp-content\/uploads\/2022\/05\/structure-of-silage-baler-1-1.jpg\" alt=\" Structure de la presse \u00e0 ensiler\" class=\"wp-image-13678\" title=\" Structure de la presse \u00e0 ensiler\" srcset=\"https:\/\/www.agriculture-machine.com\/wp-content\/uploads\/2022\/05\/structure-of-silage-baler-1-1.jpg 720w, https:\/\/www.agriculture-machine.com\/wp-content\/uploads\/2022\/05\/structure-of-silage-baler-1-1-240x180.jpg 240w, https:\/\/www.agriculture-machine.com\/wp-content\/uploads\/2022\/05\/structure-of-silage-baler-1-1-360x270.jpg 360w\" sizes=\"auto, (max-width: 720px) 100vw, 720px\" \/><figcaption class=\"wp-element-caption\"> Structure de la presse \u00e0 ensiler<\/figcaption><\/figure>    <h2 class=\"wp-block-heading\"><a href=\"https:\/\/www.agriculture-machine.com\/fr\/silage-baler-and-wrapping-machines-working-principle\/\">Principe de fonctionnement de la machine \u00e0 faire des balles<\/a><\/h2>    <ul class=\"wp-block-list\"> <li>L\u2019op\u00e9rateur utilise la pelle pour mettre la paille dans l\u2019entr\u00e9e.<\/li>    <li>Apr\u00e8s quelques minutes, les balles seront termin\u00e9es sous la force des cordes.<\/li>    <li>L\u2019utilisateur pousse les balles vers l\u2019avant puis appuie sur un bouton, et les balles seront automatiquement fa\u00e7onn\u00e9es.<\/li> <\/ul>    <figure class=\"wp-block-embed aligncenter is-type-video is-provider-youtube wp-block-embed-youtube wp-embed-aspect-16-9 wp-has-aspect-ratio\"><div class=\"wp-block-embed__wrapper\"> <iframe loading=\"lazy\" title=\"D\u00e9monstration en temps r\u00e9el d\u2019une machine automatique efficace \u00e0 faire des balles et \u00e0 emballer !#ensilage #presse\" width=\"500\" height=\"281\" src=\"https:\/\/www.youtube.com\/embed\/K28IRyNOT1A?feature=oembed\" frameborder=\"0\" allow=\"accelerometer; autoplay; clipboard-write; encrypted-media; gyroscope; picture-in-picture; web-share\" referrerpolicy=\"strict-origin-when-cross-origin\" allowfullscreen><\/iframe> <\/div><figcaption class=\"wp-element-caption\">Site de travail de la machine automatique \u00e0 faire des balles d\u2019ensilage<\/figcaption><\/figure>    <h2 class=\"wp-block-heading\" id=\"h-how-to-install-a-corn-silage-baler-machine\">Comment installer une machine \u00e0 faire des balles d\u2019ensilage de ma\u00efs ?<\/h2>   <div id=\"rank-math-howto\" class=\"rank-math-block\" > <div class=\"rank-math-howto-description\">  <\/div>  <div class=\"rank-math-steps\"> <div id=\"howto-step-1716370344060\" class=\"rank-math-step\"> <div class=\"rank-math-step-content\"><p>Le chip rouge du film d\u2019ensilage est orient\u00e9 vers le haut puis fix\u00e9 sur le cadre de transport du film. Ensuite, vous devez utiliser un dispositif de fixation pour ajuster son angle. La distance entre les films d\u2019ensilage doit \u00eatre appropri\u00e9e. Si la distance est trop grande, elle peut \u00eatre ajust\u00e9e par deux vis sous le convoyeur.<\/p> <\/div> <\/div> <div id=\"howto-step-1716370378589\" class=\"rank-math-step\"> <div class=\"rank-math-step-content\"><p>Deuxi\u00e8mement, passer la corde \u00e0 travers le trou de la machine \u00e0 faire des balles et la machine \u00e0 emballer.<\/p> <\/div> <\/div> <div id=\"howto-step-1716370385500\" class=\"rank-math-step\"> <h3 class=\"rank-math-step-title\"> <\/h3> <div class=\"rank-math-step-content\"><p>Troisi\u00e8me \u00e9tape, connecter les fils. Vous devez connecter les fils \u00e9lectriques triphas\u00e9s \u00e0 l\u2019int\u00e9rieur de la bo\u00eete de contr\u00f4le. Il y a deux r\u00e9glages de temps, y compris la courroie de transport et le fa\u00e7onnage, qui peuvent \u00eatre ajust\u00e9s.<\/p> <\/div> <\/div> <div id=\"howto-step-1716370393227\" class=\"rank-math-step\"> <div class=\"rank-math-step-content\"><p>Quatri\u00e8me \u00e9tape, l\u2019installation de la pompe \u00e0 air. Connectez le moteur de la pompe \u00e0 air \u00e0 l\u2019alimentation \u00e9lectrique. Connectez le tuyau d\u2019air \u00e0 la machine, et ouvrez l\u2019interrupteur de ventilation. La pression d\u2019air pendant le fonctionnement doit \u00eatre maintenue entre 0,6 et 0,8Pa.<\/p> <\/div> <\/div> <div id=\"howto-step-1716370411875\" class=\"rank-math-step\"> <div class=\"rank-math-step-content\"><p>V\u00e9rifiez soigneusement toutes les pi\u00e8ces de la machine \u00e0 faire des balles et la machine \u00e0 emballer avant utilisation et confirmez que la machine fonctionne dans la bonne direction.<\/p> <\/div> <\/div> <\/div> <\/div>       <figure class=\"wp-block-embed is-type-video is-provider-youtube wp-block-embed-youtube wp-embed-aspect-16-9 wp-has-aspect-ratio\"><div class=\"wp-block-embed__wrapper\"> <iframe loading=\"lazy\" title=\"Machine \u00e0 faire des balles d\u2019ensilage de ma\u00efs\/machine \u00e0 faire des balles de paille\/\u00c9tapes de la machine \u00e0 faire des balles et \u00e0 emballer\" width=\"500\" height=\"281\" src=\"https:\/\/www.youtube.com\/embed\/stBWAHxhA-c?feature=oembed\" frameborder=\"0\" allow=\"accelerometer; autoplay; clipboard-write; encrypted-media; gyroscope; picture-in-picture; web-share\" referrerpolicy=\"strict-origin-when-cross-origin\" allowfullscreen><\/iframe> <\/div><figcaption class=\"wp-element-caption\">Processus d\u2019installation de la machine \u00e0 faire des balles d\u2019ensilage<\/figcaption><\/figure>    <h2 class=\"wp-block-heading\" id=\"h-technical-parameter-of-the-baling-and-wrapping-machine\">Param\u00e8tres de la machine \u00e0 faire des balles et \u00e0 emballer<\/h2>    <figure class=\"wp-block-table is-style-stripes\"><table class=\"has-fixed-layout\"><tbody><tr><td><strong><strong>Mod\u00e8le<\/strong><\/strong><\/td><td>TZ-55-52<\/td><\/tr><tr><td><strong><strong>Moteur<\/strong><\/strong><\/td><td>5,5KW<\/td><\/tr><tr><td><strong><strong>Dimension<\/strong><\/strong><\/td><td>1600x1450x1060mm<\/td><\/tr><tr><td><strong><strong>Poids<\/strong><\/strong><\/td><td>380kg<\/td><\/tr><tr><td><strong>Vitesse de fonctionnement<\/strong><\/td><td>30-50balles\/h<\/td><\/tr><tr><td><strong>Poids de la balle<\/strong><\/td><td>30-90kg<\/td><\/tr><tr><td><strong>Couche de rev\u00eatement<\/strong><\/td><td>2-4 couches<\/td><\/tr><tr><td><strong>Efficacit\u00e9 du rev\u00eatement<\/strong><\/td><td>12secondes\/balle 2 couches\u2026<\/td><\/tr><tr><td><strong>Poids de la machine rev\u00eatue<\/strong><\/td><td>135kg<\/td><\/tr><tr><td><strong>Type de balle<\/strong><\/td><td>Forme ronde avec film pour stockage \u00e0 long terme<\/td><\/tr><tr><td><strong>Mati\u00e8re premi\u00e8re<\/strong><\/td><td>Convient \u00e0 presque tous les types d\u2019ensilage, de pailles de bl\u00e9, riz, soja, ma\u00efs, etc., fra\u00eeches ou s\u00e8ches<\/td><\/tr><\/tbody><\/table><\/figure>    <h2 class=\"wp-block-heading\">Machine \u00e0 faire des balles d\u2019ensilage vendue au Bangladesh<\/h2>    <p class=\"translation-block\">Nos clients proviennent principalement de <a href=\"https:\/\/en.wikipedia.org\/wiki\/Bangladesh\" target=\"_blank\" rel=\"noopener\">Bangladesh<\/a>, et ils nous contactent via notre cha\u00eene YouTube. Le client souhaite acheter une machine \u00e0 faire des balles et \u00e0 emballer pour un usage personnel.<\/p>    <p>During discussions, our sales managers gather information about the client&#8217;s budget. As a result, the sales manager suggested the small silage packing baler machine TZ-55-52.<\/p>    <p>Customers believe this machine fits their requirements well. Additionally, the client expressed a desire to pack the forage using nets and ropes. This machine is versatile enough to accommodate both options, catering to the customer&#8217;s needs.<\/p>    <figure class=\"wp-block-gallery has-nested-images columns-default is-cropped wp-block-gallery-5 is-layout-flex wp-block-gallery-is-layout-flex\"> <figure class=\"wp-block-image size-large\"><img loading=\"lazy\" decoding=\"async\" width=\"720\" height=\"540\" data-id=\"13679\" src=\"https:\/\/www.agriculture-machine.com\/wp-content\/uploads\/2022\/05\/1.-film-packing-1-1.jpg\" alt=\"Emballage en film\" class=\"wp-image-13679\" title=\"Emballage en film\" srcset=\"https:\/\/www.agriculture-machine.com\/wp-content\/uploads\/2022\/05\/1.-film-packing-1-1.jpg 720w, https:\/\/www.agriculture-machine.com\/wp-content\/uploads\/2022\/05\/1.-film-packing-1-1-240x180.jpg 240w, https:\/\/www.agriculture-machine.com\/wp-content\/uploads\/2022\/05\/1.-film-packing-1-1-360x270.jpg 360w\" sizes=\"auto, (max-width: 720px) 100vw, 720px\" \/><figcaption class=\"wp-element-caption\">Emballage en film<\/figcaption><\/figure>    <figure class=\"wp-block-image size-large\"><img loading=\"lazy\" decoding=\"async\" width=\"720\" height=\"540\" data-id=\"13680\" src=\"https:\/\/www.agriculture-machine.com\/wp-content\/uploads\/2022\/05\/wooden-package-1-1.jpg\" alt=\"Emballage en caisse en bois de la machine \u00e0 faire des balles d\u2019ensilage\" class=\"wp-image-13680\" title=\"Emballage en caisse en bois de la machine \u00e0 faire des balles d\u2019ensilage\" srcset=\"https:\/\/www.agriculture-machine.com\/wp-content\/uploads\/2022\/05\/wooden-package-1-1.jpg 720w, https:\/\/www.agriculture-machine.com\/wp-content\/uploads\/2022\/05\/wooden-package-1-1-240x180.jpg 240w, https:\/\/www.agriculture-machine.com\/wp-content\/uploads\/2022\/05\/wooden-package-1-1-360x270.jpg 360w\" sizes=\"auto, (max-width: 720px) 100vw, 720px\" \/><figcaption class=\"wp-element-caption\">Emballage en caisse en bois de la machine \u00e0 faire des balles d\u2019ensilage<\/figcaption><\/figure> <\/figure>    <p class=\"translation-block\">Normalement, avant d\u2019utiliser la machine \u00e0 faire des balles et la machine \u00e0 emballer, nous pouvons broyer le fourrage avec un <a href=\"https:\/\/www.agriculture-machine.com\/fr\/4-15t-h-grass-cutting-machine-cutting-wet-grass-grass-cutter\/\"> coupe-foin<\/a>. Cela parce que le fourrage trait\u00e9 est plus facile \u00e0 faire des balles. <\/p>    <figure class=\"wp-block-embed aligncenter is-type-video is-provider-youtube wp-block-embed-youtube wp-embed-aspect-16-9 wp-has-aspect-ratio\"><div class=\"wp-block-embed__wrapper\"> <iframe loading=\"lazy\" title=\"Ensilage avec coupe-foin et emballage combin\u00e9 | Traitement efficace du fourrage#ensilage #presse\" width=\"500\" height=\"281\" src=\"https:\/\/www.youtube.com\/embed\/WnhgAncaJ2s?feature=oembed\" frameborder=\"0\" allow=\"accelerometer; autoplay; clipboard-write; encrypted-media; gyroscope; picture-in-picture; web-share\" referrerpolicy=\"strict-origin-when-cross-origin\" allowfullscreen><\/iframe> <\/div><figcaption class=\"wp-element-caption\">Machine \u00e0 faire des balles d\u2019ensilage et machine \u00e0 emballer fonctionnant avec un coupe-foin<\/figcaption><\/figure>    <p class=\"translation-block\">Si vous souhaitez en savoir plus sur notre machine \u00e0 faire des balles d\u2019ensilage et nos machines \u00e0 emballer, veuillez cliquer sur <strong><em><a href=\"https:\/\/www.agriculture-machine.com\/fr\/full-automatic-silage-baling-machine\/\">Machine \u00e0 faire des balles d\u2019ensilage | Machine automatique \u00e0 faire des balles d\u2019ensilage<\/a><\/em><\/strong>. N\u2019h\u00e9sitez pas \u00e0 nous contacter \u00e0 tout moment.<\/p>    <h2 class=\"wp-block-heading\">FAQ<\/h2>   <div id=\"rank-math-faq\" class=\"rank-math-block\"> <div class=\"rank-math-list\"> <div id=\"faq-question-1716370592680\" class=\"rank-math-list-item\"> <h3 class=\"rank-math-question\">Quelle est la puissance de la machine ?<\/h3> <div class=\"rank-math-answer\">  <p>La puissance peut \u00eatre un moteur diesel, un moteur \u00e0 essence ou un moteur \u00e9lectrique. Diff\u00e9rents mod\u00e8les de machines ont des exigences de puissance diff\u00e9rentes.<\/p>  <\/div> <\/div> <div id=\"faq-question-1716370601077\" class=\"rank-math-list-item\"> <h3 class=\"rank-math-question\">Quel est le but de la machine \u00e0 emballer la balle ?<\/h3> <div class=\"rank-math-answer\">  <p>Ensilage sec ou humide, mauvaises herbes, paille.<\/p>  <\/div> <\/div> <div id=\"faq-question-1716370606396\" class=\"rank-math-list-item\"> <h3 class=\"rank-math-question\">Combien de temps peut-on stocker l\u2019alimentation emball\u00e9e ?<\/h3> <div class=\"rank-math-answer\">  <p>2-3 ans.<\/p>  <\/div> <\/div> <div id=\"faq-question-1716370614540\" class=\"rank-math-list-item\"> <h3 class=\"rank-math-question\">La machine utilise-t-elle un compresseur d\u2019air ?<\/h3> <div class=\"rank-math-answer\">  <p>Enti\u00e8rement automatique n\u00e9cessaire, semi-automatique ne n\u00e9cessite pas de compresseur d\u2019air.<\/p>  <\/div> <\/div> <\/div> <\/div>","protected":false},"excerpt":{"rendered":"<p>La machine \u00e0 faire des balles et la machine \u00e0 emballer conviennent \u00e0 la conservation de l\u2019ensilage de nombreux types de paille et de fourrage, servant largement toutes sortes d\u2019\u00e9levages de ruminants.<\/p>","protected":false},"author":1,"featured_media":17512,"parent":0,"comment_status":"closed","ping_status":"closed","template":"","tags":[591],"product-type":[876,908],"class_list":["post-1032","product","type-product","status-publish","has-post-thumbnail","hentry","tag-silage","product-type-silage-machine","product-type-sliage-baler"],"_links":{"self":[{"href":"https:\/\/www.agriculture-machine.com\/fr\/wp-json\/wp\/v2\/product\/1032","targetHints":{"allow":["GET"]}}],"collection":[{"href":"https:\/\/www.agriculture-machine.com\/fr\/wp-json\/wp\/v2\/product"}],"about":[{"href":"https:\/\/www.agriculture-machine.com\/fr\/wp-json\/wp\/v2\/types\/product"}],"author":[{"embeddable":true,"href":"https:\/\/www.agriculture-machine.com\/fr\/wp-json\/wp\/v2\/users\/1"}],"replies":[{"embeddable":true,"href":"https:\/\/www.agriculture-machine.com\/fr\/wp-json\/wp\/v2\/comments?post=1032"}],"wp:featuredmedia":[{"embeddable":true,"href":"https:\/\/www.agriculture-machine.com\/fr\/wp-json\/wp\/v2\/media\/17512"}],"wp:attachment":[{"href":"https:\/\/www.agriculture-machine.com\/fr\/wp-json\/wp\/v2\/media?parent=1032"}],"wp:term":[{"taxonomy":"post_tag","embeddable":true,"href":"https:\/\/www.agriculture-machine.com\/fr\/wp-json\/wp\/v2\/tags?post=1032"},{"taxonomy":"product-type","embeddable":true,"href":"https:\/\/www.agriculture-machine.com\/fr\/wp-json\/wp\/v2\/product-type?post=1032"}],"curies":[{"name":"wp","href":"https:\/\/api.w.org\/{rel}","templated":true}]}}