{"id":10328,"date":"2021-05-10T16:41:47","date_gmt":"2021-05-10T08:41:47","guid":{"rendered":"https:\/\/www.agriculture-machine.com\/?p=10328"},"modified":"2024-09-18T16:07:43","modified_gmt":"2024-09-18T08:07:43","slug":"multifunctional-thresher-mt-860-for-corn-wheat-sorghum-rice","status":"publish","type":"product","link":"https:\/\/www.agriculture-machine.com\/fr\/multifunctional-thresher-mt-860-for-corn-wheat-sorghum-rice\/","title":{"rendered":"Moissonneuse multifonctionnelle MT-860 pour ma\u00efs, bl\u00e9, sorgho, riz"},"content":{"rendered":"<p class=\"translation-block\">Ce batteur multifonctionnel est<a href=\"https:\/\/www.agriculture-machine.com\/fr\/multifunctional-thresher-for-maize-beans-sorghum-millet\/\"> un petit batteur domestique<\/a>. La caract\u00e9ristique unique est qu'il y a deux conduits d'air, donc peu importe la grain qui est battu, il est tr\u00e8s propre.<\/p> <h2>Application<\/h2> <p>Ce batteur multifonction peut battre le ma\u00efs, le bl\u00e9, le sorgho, les haricots, le millet, le riz, le millet perl\u00e9, etc.<\/p> <figure id=\"attachment_10331\" aria-describedby=\"caption-attachment-10331\" style=\"width: 720px\" class=\"wp-caption alignnone\"><img loading=\"lazy\" decoding=\"async\" class=\"size-full wp-image-10331\" src=\"https:\/\/www.agriculture-machine.com\/wp-content\/uploads\/2021\/05\/application-of-Multifunctional-thresher-MT-860.jpg\" alt=\"application du batteur multifonction MT-860\" width=\"720\" height=\"540\" srcset=\"https:\/\/www.agriculture-machine.com\/wp-content\/uploads\/2021\/05\/application-of-Multifunctional-thresher-MT-860.jpg 720w, https:\/\/www.agriculture-machine.com\/wp-content\/uploads\/2021\/05\/application-of-Multifunctional-thresher-MT-860-360x270.jpg 360w, https:\/\/www.agriculture-machine.com\/wp-content\/uploads\/2021\/05\/application-of-Multifunctional-thresher-MT-860-240x180.jpg 240w\" sizes=\"auto, (max-width: 720px) 100vw, 720px\" \/><figcaption id=\"caption-attachment-10331\" class=\"wp-caption-text\">application du batteur multifonction MT-860<\/figcaption><\/figure> <h2>Avantages du batteur multifonction<\/h2> <ol> <li>Le conduit d'air et la fonction de tamisage con\u00e7us par la machine \u00e9limineront directement les impuret\u00e9s du grain battu.<\/li> <li>Largement utilis\u00e9, la machine \u00e0 battre peut battre une vari\u00e9t\u00e9 de cultures<\/li> <li>Ouverture d'alimentation agrandie et forte inclinaison rendent l'alimentation plus rapide et plus fluide.<\/li> <li>Corps de machine plus long, marteaux de projection \u00e0 haute densit\u00e9 \u00e0 quatre axes, taux de battage plus \u00e9lev\u00e9.<\/li> <li>L'exportation de la paille est \u00e0 nouveau tamis\u00e9e. Si du grain sort, il tombera directement.<\/li> <li>Apr\u00e8s le battage, le grain est directement tamis\u00e9, et le grain est \u00e9vacu\u00e9 proprement. Cela permet d'\u00e9conomiser de la main-d'\u0153uvre.<\/li> <li>Fonction de r\u00e9glage de la puissance du vent, diff\u00e9rentes cultures ont des proportions diff\u00e9rentes, et la hauteur de la tuy\u00e8re peut \u00eatre ajust\u00e9e selon les besoins r\u00e9els pour ajuster la puissance du vent.<\/li> <\/ol> <h2>Structure du batteur multifonction<\/h2> <figure id=\"attachment_10332\" aria-describedby=\"caption-attachment-10332\" style=\"width: 720px\" class=\"wp-caption alignnone\"><img loading=\"lazy\" decoding=\"async\" class=\"size-full wp-image-10332\" src=\"https:\/\/www.agriculture-machine.com\/wp-content\/uploads\/2021\/05\/structure-Multifunctional-thresher-MT-860.jpg\" alt=\"structure du batteur multifonction MT-860\" width=\"720\" height=\"540\" srcset=\"https:\/\/www.agriculture-machine.com\/wp-content\/uploads\/2021\/05\/structure-Multifunctional-thresher-MT-860.jpg 720w, https:\/\/www.agriculture-machine.com\/wp-content\/uploads\/2021\/05\/structure-Multifunctional-thresher-MT-860-360x270.jpg 360w, https:\/\/www.agriculture-machine.com\/wp-content\/uploads\/2021\/05\/structure-Multifunctional-thresher-MT-860-240x180.jpg 240w\" sizes=\"auto, (max-width: 720px) 100vw, 720px\" \/><figcaption id=\"caption-attachment-10332\" class=\"wp-caption-text\">structure du batteur multifonction MT-860<\/figcaption><\/figure> <h2>Diff\u00e9rence entre deux types de batteurs multifonction<\/h2> <p>Nous avions d\u00e9j\u00e0 un batteur multifonction, qui n'avait qu'un seul conduit d'air, mais le batteur multifonction pr\u00e9sent\u00e9 aujourd'hui poss\u00e8de deux conduits d'air, donc en comparaison, le battage est plus propre.<br \/> De plus, cette machine \u00e0 battre peut \u00e9galement \u00eatre \u00e9quip\u00e9e de pneus larges, de grands supports, de cadres de traction pour tracteur, etc. Le battage de diff\u00e9rentes cultures n\u00e9cessite un remplacement constant des \u00e9crans.<\/p> <h3>Comment choisir entre les deux types de machines \u00e0 battre<\/h3> <p>Vous pouvez comparer ces deux batteurs multifonction et en choisir un en fonction de la fonction, de la production, de la structure et du budget.<\/p> <div id='gallery-1' class='gallery galleryid-10328 gallery-columns-2 gallery-size-full'><figure class='gallery-item'> \t\t\t<div class='gallery-icon landscape'> \t\t\t\t<a href='https:\/\/www.agriculture-machine.com\/wp-content\/uploads\/2021\/05\/Multifunctional-thresher-machine.jpg'><img loading=\"lazy\" decoding=\"async\" width=\"720\" height=\"540\" src=\"https:\/\/www.agriculture-machine.com\/wp-content\/uploads\/2021\/05\/Multifunctional-thresher-machine.jpg\" class=\"attachment-full size-full\" alt=\"Machine \u00e0 battre multifonctionnelle\" aria-describedby=\"gallery-1-10333\" srcset=\"https:\/\/www.agriculture-machine.com\/wp-content\/uploads\/2021\/05\/Multifunctional-thresher-machine.jpg 720w, https:\/\/www.agriculture-machine.com\/wp-content\/uploads\/2021\/05\/Multifunctional-thresher-machine-360x270.jpg 360w, https:\/\/www.agriculture-machine.com\/wp-content\/uploads\/2021\/05\/Multifunctional-thresher-machine-240x180.jpg 240w\" sizes=\"auto, (max-width: 720px) 100vw, 720px\" \/><\/a> \t\t\t<\/div> \t\t\t\t<figcaption class='wp-caption-text gallery-caption' id='gallery-1-10333'> \t\t\t\tMachine \u00e0 battre multifonctionnelle \t\t\t\t<\/figcaption><\/figure><figure class='gallery-item'> \t\t\t<div class='gallery-icon landscape'> \t\t\t\t<a href='https:\/\/www.agriculture-machine.com\/wp-content\/uploads\/2021\/05\/Multifunctional-thresher-MT-860-1.jpg'><img loading=\"lazy\" decoding=\"async\" width=\"720\" height=\"540\" src=\"https:\/\/www.agriculture-machine.com\/wp-content\/uploads\/2021\/05\/Multifunctional-thresher-MT-860-1.jpg\" class=\"attachment-full size-full\" alt=\"\" aria-describedby=\"gallery-1-10334\" srcset=\"https:\/\/www.agriculture-machine.com\/wp-content\/uploads\/2021\/05\/Multifunctional-thresher-MT-860-1.jpg 720w, https:\/\/www.agriculture-machine.com\/wp-content\/uploads\/2021\/05\/Multifunctional-thresher-MT-860-1-360x270.jpg 360w, https:\/\/www.agriculture-machine.com\/wp-content\/uploads\/2021\/05\/Multifunctional-thresher-MT-860-1-240x180.jpg 240w\" sizes=\"auto, (max-width: 720px) 100vw, 720px\" \/><\/a> \t\t\t<\/div> \t\t\t\t<figcaption class='wp-caption-text gallery-caption' id='gallery-1-10334'> \t\t\t\tBatteur multifonctionnel-MT-860 \t\t\t\t<\/figcaption><\/figure> \t\t<\/div>  <h2>Quel est le prix du batteur?<\/h2> <p>Comme mentionn\u00e9 plus t\u00f4t dans l'article, nous avions d\u00e9j\u00e0 un batteur multifonction, donc le prix de ces deux types de batteurs multifonction est certainement diff\u00e9rent. Si vous souhaitez obtenir un devis pr\u00e9cis, veuillez nous indiquer quel batteur multifonction vous avez besoin.<\/p> <h2>Vid\u00e9o de fonctionnement du batteur multifonction<\/h2> <p><iframe loading=\"lazy\" title=\"Vous ne regretterez jamais d&#039;acheter - machine \u00e0 \u00e9grener le ma\u00efs, millet, sorgho, haricots, \u00e9greneuse de ma\u00efs\" width=\"500\" height=\"281\" src=\"https:\/\/www.youtube.com\/embed\/GR28h0y-wcc?feature=oembed\" frameborder=\"0\" allow=\"accelerometer; autoplay; clipboard-write; encrypted-media; gyroscope; picture-in-picture; web-share\" referrerpolicy=\"strict-origin-when-cross-origin\" allowfullscreen><\/iframe><\/p> <h2>Param\u00e8tres techniques<\/h2> <table width=\"388\"> <tbody> <tr> <td width=\"178\">Mod\u00e8le<\/td> <td width=\"210\">MT-860<\/td> <\/tr> <tr> <td width=\"178\">Capacit\u00e9<\/td> <td>1-1,5T\/h<\/td> <\/tr> <tr> <td width=\"178\">Moteur<\/td> <td>moteur \u00e0 essence<\/td> <\/tr> <tr> <td>Poids<\/td> <td>112kg<\/td> <\/tr> <tr> <td>Taille<\/td> <td>1150*860*1160mm<\/td> <\/tr> <\/tbody> <\/table>","protected":false},"excerpt":{"rendered":"<p>This multifunctional thresher is a small household thresher. The unique feature is that there are two air ducts, so no matter what grain is threshed, it is very clean. Application This multifunctional thresher can thresh corn, wheat, sorghum, beans, millet, rice, pearl millet, etc. Advantages of the multifunctional thresher The air duct and screening function [&hellip;]<\/p>\n","protected":false},"author":1,"featured_media":10330,"parent":0,"comment_status":"closed","ping_status":"closed","template":"","tags":[2614],"product-type":[872],"class_list":["post-10328","product","type-product","status-publish","has-post-thumbnail","hentry","tag-thresher","product-type-thresher-sheller"],"_links":{"self":[{"href":"https:\/\/www.agriculture-machine.com\/fr\/wp-json\/wp\/v2\/product\/10328","targetHints":{"allow":["GET"]}}],"collection":[{"href":"https:\/\/www.agriculture-machine.com\/fr\/wp-json\/wp\/v2\/product"}],"about":[{"href":"https:\/\/www.agriculture-machine.com\/fr\/wp-json\/wp\/v2\/types\/product"}],"author":[{"embeddable":true,"href":"https:\/\/www.agriculture-machine.com\/fr\/wp-json\/wp\/v2\/users\/1"}],"replies":[{"embeddable":true,"href":"https:\/\/www.agriculture-machine.com\/fr\/wp-json\/wp\/v2\/comments?post=10328"}],"wp:featuredmedia":[{"embeddable":true,"href":"https:\/\/www.agriculture-machine.com\/fr\/wp-json\/wp\/v2\/media\/10330"}],"wp:attachment":[{"href":"https:\/\/www.agriculture-machine.com\/fr\/wp-json\/wp\/v2\/media?parent=10328"}],"wp:term":[{"taxonomy":"post_tag","embeddable":true,"href":"https:\/\/www.agriculture-machine.com\/fr\/wp-json\/wp\/v2\/tags?post=10328"},{"taxonomy":"product-type","embeddable":true,"href":"https:\/\/www.agriculture-machine.com\/fr\/wp-json\/wp\/v2\/product-type?post=10328"}],"curies":[{"name":"wp","href":"https:\/\/api.w.org\/{rel}","templated":true}]}}