{"id":10381,"date":"2021-05-14T17:07:42","date_gmt":"2021-05-14T09:07:42","guid":{"rendered":"https:\/\/www.agriculture-machine.com\/?p=10381"},"modified":"2024-09-18T15:51:42","modified_gmt":"2024-09-18T07:51:42","slug":"cocoa-pod-breaker-cocoa-pod-splitter-cocoa-pod-opener","status":"publish","type":"product","link":"https:\/\/www.agriculture-machine.com\/fr\/cocoa-pod-breaker-cocoa-pod-splitter-cocoa-pod-opener\/","title":{"rendered":"Brise-capsules de cacao | S\u00e9parateur de capsules de cacao | Ouvre-capsules de cacao"},"content":{"rendered":"<p class=\"translation-block\"><strong>Casse-cabosse de cacao<\/strong> est un \u00e9quipement de traitement des grains. Il est principalement utilis\u00e9 pour couper les cabosses de cacao fra\u00eeches et trier les f\u00e8ves de cacao. <\/p>    <p>Le s\u00e9parateur de cabosses de cacao est une machine r\u00e9cemment d\u00e9velopp\u00e9e. Il permet de r\u00e9duire consid\u00e9rablement les co\u00fbts de main-d\u2019\u0153uvre, am\u00e9liore l\u2019efficacit\u00e9 du travail, et r\u00e9duit le taux de dommages aux f\u00e8ves de cacao. Il est adapt\u00e9 aux plantations de cacao et aux grandes exploitations.<\/p>    <figure class=\"wp-block-embed is-type-video is-provider-youtube wp-block-embed-youtube wp-embed-aspect-16-9 wp-has-aspect-ratio\"><div class=\"wp-block-embed__wrapper\"> <iframe loading=\"lazy\" title=\"Comment ouvrir une cabosse de cacao avec une machine \u00e0 casser les cabosses ? Casse-cabosse de cacao | S\u00e9parateur de cabosses de cacao\" width=\"500\" height=\"281\" src=\"https:\/\/www.youtube.com\/embed\/fzDi_NHatYo?start=8&#038;feature=oembed\" frameborder=\"0\" allow=\"accelerometer; autoplay; clipboard-write; encrypted-media; gyroscope; picture-in-picture; web-share\" referrerpolicy=\"strict-origin-when-cross-origin\" allowfullscreen><\/iframe> <\/div><figcaption class=\"wp-element-caption\">Vid\u00e9o de travail de la machinerie de traitement du cacao<\/figcaption><\/figure>    <h2 class=\"wp-block-heading\">Quelle est la composition de l\u2019ouvre-cabosse de cacao ?<\/h2>    <p>Le s\u00e9parateur de cabosses de cacao est principalement compos\u00e9 d\u2019un syst\u00e8me de levage, d\u2019une machine de coupe, d\u2019une coque et d\u2019un tamis de tri des f\u00e8ves de cacao. <\/p>    <p>La machine de levage et de coupe est principalement utilis\u00e9e pour couper les cabosses de cacao fra\u00eeches en deux moiti\u00e9s. La machine de tri de la coque et des f\u00e8ves de cacao est principalement utilis\u00e9e pour s\u00e9parer les cabosses de cacao et les f\u00e8ves de cacao \u00e0 travers un tamis.<\/p>    <h2 class=\"wp-block-heading\">Comment utiliser l\u2019ouvre-cabosse de cacao ?<\/h2>    <p>Le fonctionnement de notre ouvre-cabosse de cacao est tr\u00e8s simple et ne n\u00e9cessite pas un niveau technique \u00e9lev\u00e9. Tout le processus peut \u00eatre r\u00e9alis\u00e9 par une seule personne.<br>1. L\u2019op\u00e9rateur doit simplement se tenir devant l\u2019ouvre-cabosse de cacao et placer les f\u00e8ves de cacao sur le tapis roulant une par une.<br>2. Les f\u00e8ves de cacao enti\u00e8res sont transport\u00e9es jusqu\u2019\u00e0 la machine de coupe par l\u2019ascenseur.<br>3. La machine de coupe utilise une lame de coupe pour diviser les f\u00e8ves de cacao en deux moiti\u00e9s, et les cabosses coup\u00e9es entrent dans la machine de tri des f\u00e8ves de cacao. Les f\u00e8ves et les cabosses sont s\u00e9par\u00e9es dans la machine de tri et sortent par des sorties diff\u00e9rentes.<\/p>    <figure class=\"wp-block-gallery has-nested-images columns-2 is-cropped wp-block-gallery-2 is-layout-flex wp-block-gallery-is-layout-flex\"> <figure class=\"wp-block-image size-large\"><a href=\"https:\/\/www.agriculture-machine.com\/wp-content\/uploads\/2021\/05\/cocoa-bean-pod-opening-machine.jpg\"><img loading=\"lazy\" decoding=\"async\" width=\"720\" height=\"406\" data-id=\"10385\" src=\"https:\/\/www.agriculture-machine.com\/wp-content\/uploads\/2021\/05\/cocoa-bean-pod-opening-machine.jpg\" alt=\"Machine d\u2019ouverture de cabosses de f\u00e8ves de cacao\" class=\"wp-image-10385\" srcset=\"https:\/\/www.agriculture-machine.com\/wp-content\/uploads\/2021\/05\/cocoa-bean-pod-opening-machine.jpg 720w, https:\/\/www.agriculture-machine.com\/wp-content\/uploads\/2021\/05\/cocoa-bean-pod-opening-machine-360x203.jpg 360w\" sizes=\"auto, (max-width: 720px) 100vw, 720px\" \/><\/a><figcaption class=\"wp-element-caption\">Machine d\u2019ouverture de cabosses de f\u00e8ves de cacao<\/figcaption><\/figure>    <figure class=\"wp-block-image size-large\"><a href=\"https:\/\/www.agriculture-machine.com\/wp-content\/uploads\/2021\/05\/cocoa-bean-pod-opener.jpg\"><img loading=\"lazy\" decoding=\"async\" width=\"720\" height=\"407\" data-id=\"10384\" src=\"https:\/\/www.agriculture-machine.com\/wp-content\/uploads\/2021\/05\/cocoa-bean-pod-opener.jpg\" alt=\"Ouvre-cabosse de f\u00e8ves de cacao\" class=\"wp-image-10384\" srcset=\"https:\/\/www.agriculture-machine.com\/wp-content\/uploads\/2021\/05\/cocoa-bean-pod-opener.jpg 720w, https:\/\/www.agriculture-machine.com\/wp-content\/uploads\/2021\/05\/cocoa-bean-pod-opener-360x204.jpg 360w\" sizes=\"auto, (max-width: 720px) 100vw, 720px\" \/><\/a><figcaption class=\"wp-element-caption\">Ouvre-cabosse de f\u00e8ves de cacao<\/figcaption><\/figure>    <figure class=\"wp-block-image size-large\"><a href=\"https:\/\/www.agriculture-machine.com\/wp-content\/uploads\/2021\/05\/cocoa-pod-breaker-machine.jpg\"><img loading=\"lazy\" decoding=\"async\" width=\"720\" height=\"407\" data-id=\"10387\" src=\"https:\/\/www.agriculture-machine.com\/wp-content\/uploads\/2021\/05\/cocoa-pod-breaker-machine.jpg\" alt=\"Machine casse-cabosse de cacao\" class=\"wp-image-10387\" srcset=\"https:\/\/www.agriculture-machine.com\/wp-content\/uploads\/2021\/05\/cocoa-pod-breaker-machine.jpg 720w, https:\/\/www.agriculture-machine.com\/wp-content\/uploads\/2021\/05\/cocoa-pod-breaker-machine-360x204.jpg 360w\" sizes=\"auto, (max-width: 720px) 100vw, 720px\" \/><\/a><figcaption class=\"wp-element-caption\">Machine casse-cabosse de cacao<\/figcaption><\/figure>    <figure class=\"wp-block-image size-large\"><a href=\"https:\/\/www.agriculture-machine.com\/wp-content\/uploads\/2021\/05\/cocoa-bean-pod-splitter.jpg\"><img loading=\"lazy\" decoding=\"async\" width=\"720\" height=\"407\" data-id=\"10386\" src=\"https:\/\/www.agriculture-machine.com\/wp-content\/uploads\/2021\/05\/cocoa-bean-pod-splitter.jpg\" alt=\"S\u00e9parateur de cabosses de cacao\" class=\"wp-image-10386\" srcset=\"https:\/\/www.agriculture-machine.com\/wp-content\/uploads\/2021\/05\/cocoa-bean-pod-splitter.jpg 720w, https:\/\/www.agriculture-machine.com\/wp-content\/uploads\/2021\/05\/cocoa-bean-pod-splitter-360x204.jpg 360w\" sizes=\"auto, (max-width: 720px) 100vw, 720px\" \/><\/a><figcaption class=\"wp-element-caption\">S\u00e9parateur de cabosses de cacao<\/figcaption><\/figure> <\/figure>    <h2 class=\"wp-block-heading\">Quels sont les avantages d\u2019une machine automatique de s\u00e9paration des f\u00e8ves de cacao ?<\/h2>    <ol class=\"wp-block-list\"> <li>La machine \u00e0 casser les cabosses de cacao est simple dans sa structure et facile \u00e0 utiliser.<\/li>    <li>Le principal mat\u00e9riau est l\u2019acier inoxydable et l\u2019acier au carbone, facile \u00e0 nettoyer.<\/li>    <li>Notre machine automatique de s\u00e9paration des f\u00e8ves de cacao est plus efficace que l\u2019ouverture manuelle des cabosses et peut s\u00e9parer 98% des f\u00e8ves de cacao.<\/li>    <li>La capacit\u00e9 de sortie de l\u2019unit\u00e9 de casse-cabosse est grande<\/li>    <li>Compar\u00e9 \u00e0 la s\u00e9paration manuelle des cabosses de cacao, l\u2019ouvre-cabosse de cacao permet d\u2019\u00e9conomiser de la main-d\u2019\u0153uvre.<\/li> <\/ol>    <figure class=\"wp-block-gallery has-nested-images columns-1 is-cropped wp-block-gallery-3 is-layout-flex wp-block-gallery-is-layout-flex\"> <figure class=\"wp-block-image aligncenter size-large\"><a href=\"https:\/\/www.agriculture-machine.com\/wp-content\/uploads\/2021\/05\/screening.jpg\"><img loading=\"lazy\" decoding=\"async\" width=\"720\" height=\"364\" data-id=\"10391\" src=\"https:\/\/www.agriculture-machine.com\/wp-content\/uploads\/2021\/05\/screening.jpg\" alt=\"Tamisage\" class=\"wp-image-10391\" srcset=\"https:\/\/www.agriculture-machine.com\/wp-content\/uploads\/2021\/05\/screening.jpg 720w, https:\/\/www.agriculture-machine.com\/wp-content\/uploads\/2021\/05\/screening-360x182.jpg 360w\" sizes=\"auto, (max-width: 720px) 100vw, 720px\" \/><\/a><figcaption class=\"wp-element-caption\">Tamisage<\/figcaption><\/figure>    <figure class=\"wp-block-image aligncenter size-large\"><a href=\"https:\/\/www.agriculture-machine.com\/wp-content\/uploads\/2021\/05\/display-of-cocoa-bean-splitter-1.jpg\"><img loading=\"lazy\" decoding=\"async\" width=\"720\" height=\"367\" data-id=\"10390\" src=\"https:\/\/www.agriculture-machine.com\/wp-content\/uploads\/2021\/05\/display-of-cocoa-bean-splitter-1.jpg\" alt=\"Affichage\" class=\"wp-image-10390\" srcset=\"https:\/\/www.agriculture-machine.com\/wp-content\/uploads\/2021\/05\/display-of-cocoa-bean-splitter-1.jpg 720w, https:\/\/www.agriculture-machine.com\/wp-content\/uploads\/2021\/05\/display-of-cocoa-bean-splitter-1-360x184.jpg 360w\" sizes=\"auto, (max-width: 720px) 100vw, 720px\" \/><\/a><figcaption class=\"wp-element-caption\">Affichage <\/figcaption><\/figure>    <figure class=\"wp-block-image aligncenter size-large\"><a href=\"https:\/\/www.agriculture-machine.com\/wp-content\/uploads\/2021\/05\/display-of-cocoa-bean-splitter.jpg\"><img loading=\"lazy\" decoding=\"async\" width=\"720\" height=\"365\" data-id=\"10389\" src=\"https:\/\/www.agriculture-machine.com\/wp-content\/uploads\/2021\/05\/display-of-cocoa-bean-splitter.jpg\" alt=\"Affichage du s\u00e9parateur de f\u00e8ves de cacao\" class=\"wp-image-10389\" srcset=\"https:\/\/www.agriculture-machine.com\/wp-content\/uploads\/2021\/05\/display-of-cocoa-bean-splitter.jpg 720w, https:\/\/www.agriculture-machine.com\/wp-content\/uploads\/2021\/05\/display-of-cocoa-bean-splitter-360x183.jpg 360w\" sizes=\"auto, (max-width: 720px) 100vw, 720px\" \/><\/a><figcaption class=\"wp-element-caption\">Affichage du s\u00e9parateur de f\u00e8ves de cacao<\/figcaption><\/figure> <\/figure>    <h2 class=\"wp-block-heading\">Combien co\u00fbte l\u2019ouvre-cabosse de cacao ?<\/h2>    <p>En raison des diff\u00e9rents mod\u00e8les d\u2019ouvre-cabosses, les prix varient \u00e9galement. Si vous souhaitez en savoir plus sur les prix, veuillez nous contacter.<\/p>    <h2 class=\"wp-block-heading\">Comment choisir un ouvre-cabosse de cacao<\/h2>    <p>L\u2019ouvre-cabosse de cacao se pr\u00e9sente en deux types : grand HT-SF800 et petit HT-SF400. Si vous plantez beaucoup d\u2019arbres de cacao, il est recommand\u00e9 de choisir une grande machine \u00e0 casser les cabosses. Ce mod\u00e8le peut vous aider \u00e0 terminer votre travail plus rapidement. Mais si votre production n\u2019est pas \u00e9lev\u00e9e, vous pouvez opter pour une petite machine. De cette fa\u00e7on, vous \u00e9viterez le gaspillage de ressources et \u00e9conomiserez des co\u00fbts.<\/p>    <figure class=\"wp-block-image aligncenter size-full wp-image-10388\"><img loading=\"lazy\" decoding=\"async\" width=\"720\" height=\"507\" src=\"https:\/\/www.agriculture-machine.com\/wp-content\/uploads\/2021\/05\/cocoa-pod-breaking-machine.jpg\" alt=\"Machine \u00e0 casser les cabosses de cacao\" class=\"wp-image-10388\" srcset=\"https:\/\/www.agriculture-machine.com\/wp-content\/uploads\/2021\/05\/cocoa-pod-breaking-machine.jpg 720w, https:\/\/www.agriculture-machine.com\/wp-content\/uploads\/2021\/05\/cocoa-pod-breaking-machine-360x254.jpg 360w\" sizes=\"auto, (max-width: 720px) 100vw, 720px\" \/><figcaption class=\"wp-element-caption\">Machine \u00e0 casser les cabosses de cacao<\/figcaption><\/figure>    <h2 class=\"wp-block-heading\">Dans quels pays est-il export\u00e9 ?<\/h2>    <p>Notre casse-cabosse automatique de f\u00e8ves de cacao est principalement export\u00e9 vers l\u2019Am\u00e9rique centrale et du Sud, l\u2019Afrique de l\u2019Ouest, et l\u2019Asie du Sud-Est, y compris l\u2019\u00c9gypte, la Turquie, les \u00c9tats-Unis, l\u2019Italie, l\u2019Allemagne, les Philippines, le P\u00e9rou, le Pakistan, le Mexique, l\u2019Espagne, le Kenya, la Cor\u00e9e du Sud, les \u00c9mirats arabes unis, l\u2019Alg\u00e9rie, la Roumanie, l\u2019Afrique du Sud, l\u2019Ukraine, le Nigeria, le Tadjikistan, la Malaisie, le Maroc, etc. <\/p>    <p>Ces machines offrent beaucoup de commodit\u00e9 aux utilisateurs et sont tr\u00e8s populaires dans ces pays et r\u00e9gions. Un client nous a \u00e9galement envoy\u00e9 une vid\u00e9o de lui utilisant la casse-cabosse de cacao.<\/p>    <h2 class=\"wp-block-heading\">Param\u00e8tres de la machine<\/h2>    <figure class=\"wp-block-table is-style-stripes\"><table><tbody><tr><td>Mod\u00e8le<\/td><td colspan=\"2\">KKFQ-800\u00a0Extracteur de f\u00e8ves de cacao<\/td><td colspan=\"2\">Extracteur de f\u00e8ves de cacao KKFQ-800<\/td><\/tr><tr><td>Nom<\/td><td>Convoyeur d\u2019alimentation et syst\u00e8me de coupe<\/td><td>Syst\u00e8me de s\u00e9paration<\/td><td>Convoyeur d\u2019alimentation et syst\u00e8me de coupe<\/td><td>Syst\u00e8me de s\u00e9paration<\/td><\/tr><tr><td>Capacit\u00e9<\/td><td colspan=\"2\">300-400kg\/h<\/td><td colspan=\"2\">800kg\/h<\/td><\/tr><tr><td>Puissance<\/td><td>0.75kw<\/td><td>1.1kw<\/td><td>0.75kw<\/td><td>1.1kw<\/td><\/tr><tr><td>Dimension<\/td><td>1600*600*1900mm<\/td><td>2000*1300*1700mm<\/td><td>1600*600*1600mm<\/td><td>3000*1300*2000mm<\/td><\/tr><tr><td>Poids<\/td><td>150kg<\/td><td>180kg<\/td><td>150kg<\/td><td>230 kg<\/td><\/tr><tr><td>Mat\u00e9riau<\/td><td>Acier inoxydable<\/td><td>Acier inoxydable<\/td><td>Acier inoxydable<\/td><td>Acier inoxydable<\/td><\/tr><\/tbody><\/table><figcaption class=\"wp-element-caption\">Donn\u00e9es techniques de l\u2019ouvre-cabosse de f\u00e8ves de cacao<\/figcaption><\/figure>    <h2 class=\"wp-block-heading\">Contactez-nous \u00e0 tout moment<\/h2>    <p>Nous invitons sinc\u00e8rement tous les clients \u00e0 consulter activement et \u00e0 discuter des applications et des avantages des ouvre-f\u00e8ves de cacao. Que vous soyez un grand fabricant de chocolat ou une petite usine de traitement de f\u00e8ves de cacao, nous nous engageons \u00e0 vous fournir les solutions les plus professionnelles !<\/p>","protected":false},"excerpt":{"rendered":"<p>L\u2019ouvre-cabosse de cacao ne n\u00e9cessite qu\u2019une seule personne pour fonctionner, et la capacit\u00e9 peut atteindre 800kg\/h. Il est en acier inoxydable, et la qualit\u00e9 est \u00e9lev\u00e9e.<\/p>","protected":false},"author":1,"featured_media":10383,"parent":0,"comment_status":"closed","ping_status":"closed","template":"","tags":[2612],"product-type":[904],"class_list":["post-10381","product","type-product","status-publish","has-post-thumbnail","hentry","tag-cocoa","product-type-cocao-beans-dehuller-machine"],"_links":{"self":[{"href":"https:\/\/www.agriculture-machine.com\/fr\/wp-json\/wp\/v2\/product\/10381","targetHints":{"allow":["GET"]}}],"collection":[{"href":"https:\/\/www.agriculture-machine.com\/fr\/wp-json\/wp\/v2\/product"}],"about":[{"href":"https:\/\/www.agriculture-machine.com\/fr\/wp-json\/wp\/v2\/types\/product"}],"author":[{"embeddable":true,"href":"https:\/\/www.agriculture-machine.com\/fr\/wp-json\/wp\/v2\/users\/1"}],"replies":[{"embeddable":true,"href":"https:\/\/www.agriculture-machine.com\/fr\/wp-json\/wp\/v2\/comments?post=10381"}],"wp:featuredmedia":[{"embeddable":true,"href":"https:\/\/www.agriculture-machine.com\/fr\/wp-json\/wp\/v2\/media\/10383"}],"wp:attachment":[{"href":"https:\/\/www.agriculture-machine.com\/fr\/wp-json\/wp\/v2\/media?parent=10381"}],"wp:term":[{"taxonomy":"post_tag","embeddable":true,"href":"https:\/\/www.agriculture-machine.com\/fr\/wp-json\/wp\/v2\/tags?post=10381"},{"taxonomy":"product-type","embeddable":true,"href":"https:\/\/www.agriculture-machine.com\/fr\/wp-json\/wp\/v2\/product-type?post=10381"}],"curies":[{"name":"wp","href":"https:\/\/api.w.org\/{rel}","templated":true}]}}