{"id":1044,"date":"2018-10-17T10:35:57","date_gmt":"2018-10-17T02:35:57","guid":{"rendered":"https:\/\/www.agriculture-machine.com\/?p=1044"},"modified":"2024-09-26T09:28:46","modified_gmt":"2024-09-26T01:28:46","slug":"reaper-binder","status":"publish","type":"product","link":"https:\/\/www.agriculture-machine.com\/fr\/reaper-binder\/","title":{"rendered":"Machine de coupe, s\u00e9chage et liaison du riz et du bl\u00e9"},"content":{"rendered":"<p>La machine de coupe, s\u00e9chage et liage du riz et du bl\u00e9 combine les processus traditionnels de r\u00e9colte et de ballage en une seule \u00e9tape, avec une vitesse et une pr\u00e9cision \u00e9tonnantes dans les op\u00e9rations sur le terrain, jusqu\u2019\u00e0 3 acres par heure de rendement.<\/p>    <p>It accurately recognizes crop boundaries and automatically adjusts cutting width and bale tightness to ensure that every bale is optimized, reducing losses by up to 20% or more. Whether it&#8217;s a vast wheat field or an intricate crop field, this machine is suitable for both.<\/p>    <figure class=\"wp-block-embed aligncenter is-type-video is-provider-youtube wp-block-embed-youtube wp-embed-aspect-16-9 wp-has-aspect-ratio\"><div class=\"wp-block-embed__wrapper\"> <iframe loading=\"lazy\" title=\"Machine de r\u00e9colte, de coupe, de s\u00e9chage, de liage du riz et du bl\u00e9, moissonneuse et liageuse\" width=\"500\" height=\"281\" src=\"https:\/\/www.youtube.com\/embed\/JbwK5OtIwqE?feature=oembed\" frameborder=\"0\" allow=\"accelerometer; autoplay; clipboard-write; encrypted-media; gyroscope; picture-in-picture; web-share\" referrerpolicy=\"strict-origin-when-cross-origin\" allowfullscreen><\/iframe> <\/div><figcaption class=\"wp-element-caption\">Vid\u00e9o de travail de la machine de coupe, s\u00e9chage et liage du riz et du bl\u00e9<\/figcaption><\/figure>    <h2 class=\"wp-block-heading\"><strong><b>Type un<\/b><\/strong><\/h2>    <p>Cette machine de r\u00e9colte du riz est appr\u00e9ci\u00e9e par la majorit\u00e9 de nos clients, avec une capacit\u00e9 de 1300-2000\u33a1\/h, compatible avec un moteur diesel refroidi par eau de 8hp. La largeur de coupe est de 900mm, et la hauteur de coupe est r\u00e9glable, mais la hauteur de coupe mini est de 50mm.<\/p>    <figure class=\"wp-block-image aligncenter size-large\"><img loading=\"lazy\" decoding=\"async\" width=\"720\" height=\"540\" src=\"https:\/\/www.agriculture-machine.com\/wp-content\/uploads\/2018\/10\/harvesting-rice10-720x540.jpg\" alt=\"Machine de coupe, s\u00e9chage et liage du riz et du bl\u00e9\" class=\"wp-image-2744\" srcset=\"https:\/\/www.agriculture-machine.com\/wp-content\/uploads\/2018\/10\/harvesting-rice10-720x540.jpg 720w, https:\/\/www.agriculture-machine.com\/wp-content\/uploads\/2018\/10\/harvesting-rice10-360x270.jpg 360w, https:\/\/www.agriculture-machine.com\/wp-content\/uploads\/2018\/10\/harvesting-rice10-240x180.jpg 240w, https:\/\/www.agriculture-machine.com\/wp-content\/uploads\/2018\/10\/harvesting-rice10-768x576.jpg 768w, https:\/\/www.agriculture-machine.com\/wp-content\/uploads\/2018\/10\/harvesting-rice10.jpg 1000w\" sizes=\"auto, (max-width: 720px) 100vw, 720px\" \/><figcaption class=\"wp-element-caption\">Machine de coupe, s\u00e9chage et liage du riz et du bl\u00e9<\/figcaption><\/figure>    <h2 class=\"wp-block-heading\">Param\u00e8tres de la machine de coupe, s\u00e9chage et liage du riz et du bl\u00e9<\/h2>    <figure class=\"wp-block-table is-style-stripes\"><table><tbody><tr><td>Mod\u00e8le<\/td><td>Faucheuse-liageuse 4GK90<\/td><\/tr><tr><td>Largeur de coupe (mm)<\/td><td>900<\/td><\/tr><tr><td>Hauteur de coupe mini (mm)<\/td><td>\u226550<\/td><\/tr><tr><td>Type de placement<\/td><td>Direction lat\u00e9rale &amp; placement en bande<\/td><\/tr><tr><td>Productivit\u00e9 (m2\/h)<\/td><td>1300-2000<\/td><\/tr><tr><td>Puissance adapt\u00e9e<\/td><td>Moteur diesel refroidi par eau de 8hp<\/td><\/tr><tr><td>Poids net (kg)<\/td><td>262<\/td><\/tr><tr><td>Poids brut (kg)<\/td><td>302<\/td><\/tr><tr><td>Taille d\u2019emballage (L*W*H) (m)<\/td><td>1.4*1.4*0.8<\/td><\/tr><tr><td>20 GP<\/td><td>16 ensembles<\/td><\/tr><tr><td>40GP<\/td><td>34 ensembles<\/td><\/tr><\/tbody><\/table><figcaption class=\"wp-element-caption\">Donn\u00e9es techniques de la machine de coupe, s\u00e9chage et liage du riz et du bl\u00e9 4GK90<\/figcaption><\/figure>    <h2 class=\"wp-block-heading\">Structure de la machine \u00e0 r\u00e9colter le riz<\/h2>    <p>La machine de r\u00e9colte du bl\u00e9 comprend principalement des moteurs, des dispositifs de transport des tiges, des syst\u00e8mes de transmission de puissance, des dispositifs de marche, des unit\u00e9s de coupe et des unit\u00e9s de liage.<\/p>    <h2 class=\"wp-block-heading\">Comment fonctionne la machine de faucheuse-liageuse ?<\/h2>    <p>Lorsque la faucheuse de bl\u00e9 fonctionne, d\u2019abord les tiges sont s\u00e9par\u00e9es par un diviseur et coup\u00e9es par un coupeur. Ensuite, \u00e0 l\u2019aide d\u2019une cha\u00eene de convoyage et d\u2019un guide \u00e0 ressort, les tiges coup\u00e9es sont transport\u00e9es vers le dispositif de liage. Apr\u00e8s avoir \u00e9t\u00e9 li\u00e9es en bottes, celles-ci sont lib\u00e9r\u00e9es et jet\u00e9es sur le c\u00f4t\u00e9 droit de la direction de d\u00e9placement, ainsi la machine termine le processus de r\u00e9colte et de liage.<\/p>    <figure class=\"wp-block-embed aligncenter is-type-video is-provider-youtube wp-block-embed-youtube wp-embed-aspect-16-9 wp-has-aspect-ratio\"><div class=\"wp-block-embed__wrapper\"> <iframe loading=\"lazy\" title=\"Femme op\u00e9rant la machine de coupe du bl\u00e9 \/ moissonneuse de riz \/ machine \u00e0 moisson \u00e0 bas prix\" width=\"500\" height=\"281\" src=\"https:\/\/www.youtube.com\/embed\/bPWeR1oB120?feature=oembed\" frameborder=\"0\" allow=\"accelerometer; autoplay; clipboard-write; encrypted-media; gyroscope; picture-in-picture; web-share\" referrerpolicy=\"strict-origin-when-cross-origin\" allowfullscreen><\/iframe> <\/div><figcaption class=\"wp-element-caption\">Site de travail de la machine de r\u00e9colte du riz et du bl\u00e9<\/figcaption><\/figure>    <h2 class=\"wp-block-heading\">Avantages de la machine de r\u00e9colte et de liage du riz<\/h2>    <ul class=\"wp-block-list\"> <li>La coupe et le liage sont r\u00e9alis\u00e9s en m\u00eame temps, r\u00e9duisant le travail manuel et le temps de travail.<\/li>    <li>Poign\u00e9e r\u00e9glable : haut et bas \u00e0 90\u00b0, autour de 360\u00b0. S\u2019adapte facilement \u00e0 diff\u00e9rents environnements.<\/li>    <li>La hauteur du chaume et la taille du ballot peuvent \u00eatre ajust\u00e9es.<\/li>    <li>Le liageur de bl\u00e9 est \u00e9quip\u00e9 d\u2019un syst\u00e8me de rotation diff\u00e9rentiel, facile \u00e0 manipuler.<\/li>    <li>Une faible hauteur de chaume facilite la gestion future des champs.<\/li>    <li>Une structure compacte, l\u00e9g\u00e8re et performante rend la r\u00e9colte du bl\u00e9 facile \u00e0 contr\u00f4ler.<\/li>    <li>Cette machine \u00e0 main et autopropuls\u00e9e pour la r\u00e9colte du bl\u00e9 et du riz est pratique \u00e0 d\u00e9placer.<\/li>    <li>Le syst\u00e8me d\u2019entra\u00eenement par arbre garantit un travail stable et s\u00fbr.<\/li> <\/ul>    <figure class=\"wp-block-image aligncenter size-large\"><img loading=\"lazy\" decoding=\"async\" width=\"561\" height=\"540\" src=\"https:\/\/www.agriculture-machine.com\/wp-content\/uploads\/2018\/10\/harvesting-rice12-561x540.jpg\" alt=\"Structure de la faucheuse et du liageur\" class=\"wp-image-2746\" srcset=\"https:\/\/www.agriculture-machine.com\/wp-content\/uploads\/2018\/10\/harvesting-rice12-561x540.jpg 561w, https:\/\/www.agriculture-machine.com\/wp-content\/uploads\/2018\/10\/harvesting-rice12-280x270.jpg 280w, https:\/\/www.agriculture-machine.com\/wp-content\/uploads\/2018\/10\/harvesting-rice12.jpg 750w\" sizes=\"auto, (max-width: 561px) 100vw, 561px\" \/><figcaption class=\"wp-element-caption\">Structure de la faucheuse et du liageur<\/figcaption><\/figure>    <h2 class=\"wp-block-heading\">Entretien de la machine de r\u00e9colte du riz<\/h2>    <ul class=\"wp-block-list\"> <li>L\u2019utilisateur doit nettoyer les mauvaises herbes r\u00e9siduelles.<\/li>    <li>V\u00e9rifiez si les pi\u00e8ces de fixation et de connexion sont desserr\u00e9es.<\/li>    <li>Ajouter de la lubrification en temps utile dans le moteur et le dispositif de liage.<\/li>    <li>V\u00e9rifiez si les pi\u00e8ces de contr\u00f4le sont flexibles et fiables.<\/li> <\/ul>    <h2 class=\"wp-block-heading\">Cas r\u00e9ussis<\/h2>    <p>Nous avons vendu 100 ensembles de machines de coupe, s\u00e9chage et liage du riz et du bl\u00e9 au Pakistan cette ann\u00e9e, et ce n\u2019est que le d\u00e9but de notre collaboration. Pourquoi nous fait-il confiance ? Je crois que le professionnalisme, une attitude sinc\u00e8re et un service apr\u00e8s-vente parfait sont tous des facteurs importants.<\/p>    <figure class=\"wp-block-gallery has-nested-images columns-2 is-cropped wp-block-gallery-2 is-layout-flex wp-block-gallery-is-layout-flex\"> <figure class=\"wp-block-image size-large\"><img loading=\"lazy\" decoding=\"async\" width=\"720\" height=\"540\" data-id=\"2742\" src=\"https:\/\/www.agriculture-machine.com\/wp-content\/uploads\/2018\/10\/harvesting-rice08-720x540.jpg\" alt=\"Liageur de champ\" class=\"wp-image-2742\" srcset=\"https:\/\/www.agriculture-machine.com\/wp-content\/uploads\/2018\/10\/harvesting-rice08-720x540.jpg 720w, https:\/\/www.agriculture-machine.com\/wp-content\/uploads\/2018\/10\/harvesting-rice08-360x270.jpg 360w, https:\/\/www.agriculture-machine.com\/wp-content\/uploads\/2018\/10\/harvesting-rice08-240x180.jpg 240w, https:\/\/www.agriculture-machine.com\/wp-content\/uploads\/2018\/10\/harvesting-rice08-768x576.jpg 768w, https:\/\/www.agriculture-machine.com\/wp-content\/uploads\/2018\/10\/harvesting-rice08.jpg 1000w\" sizes=\"auto, (max-width: 720px) 100vw, 720px\" \/><figcaption class=\"wp-element-caption\">Liageur de champ<\/figcaption><\/figure>    <figure class=\"wp-block-image size-large\"><img loading=\"lazy\" decoding=\"async\" width=\"720\" height=\"540\" data-id=\"2741\" src=\"https:\/\/www.agriculture-machine.com\/wp-content\/uploads\/2018\/10\/harvesting-rice07-720x540.jpg\" alt=\"liasseuse \u00e0 grains\" class=\"wp-image-2741\" srcset=\"https:\/\/www.agriculture-machine.com\/wp-content\/uploads\/2018\/10\/harvesting-rice07-720x540.jpg 720w, https:\/\/www.agriculture-machine.com\/wp-content\/uploads\/2018\/10\/harvesting-rice07-360x270.jpg 360w, https:\/\/www.agriculture-machine.com\/wp-content\/uploads\/2018\/10\/harvesting-rice07-240x180.jpg 240w, https:\/\/www.agriculture-machine.com\/wp-content\/uploads\/2018\/10\/harvesting-rice07-768x576.jpg 768w, https:\/\/www.agriculture-machine.com\/wp-content\/uploads\/2018\/10\/harvesting-rice07.jpg 1000w\" sizes=\"auto, (max-width: 720px) 100vw, 720px\" \/><figcaption class=\"wp-element-caption\">liasseuse \u00e0 grains<\/figcaption><\/figure> <\/figure>    <figure class=\"wp-block-gallery has-nested-images columns-2 is-cropped wp-block-gallery-3 is-layout-flex wp-block-gallery-is-layout-flex\"> <figure class=\"wp-block-image size-large\"><img loading=\"lazy\" decoding=\"async\" width=\"405\" height=\"540\" data-id=\"2736\" src=\"https:\/\/www.agriculture-machine.com\/wp-content\/uploads\/2018\/10\/harvesting-rice02-405x540.jpg\" alt=\"Machinerie agricole\" class=\"wp-image-2736\" srcset=\"https:\/\/www.agriculture-machine.com\/wp-content\/uploads\/2018\/10\/harvesting-rice02-405x540.jpg 405w, https:\/\/www.agriculture-machine.com\/wp-content\/uploads\/2018\/10\/harvesting-rice02-203x270.jpg 203w, https:\/\/www.agriculture-machine.com\/wp-content\/uploads\/2018\/10\/harvesting-rice02-768x1024.jpg 768w, https:\/\/www.agriculture-machine.com\/wp-content\/uploads\/2018\/10\/harvesting-rice02.jpg 1000w\" sizes=\"auto, (max-width: 405px) 100vw, 405px\" \/><figcaption class=\"wp-element-caption\">Machinerie agricole<\/figcaption><\/figure>    <figure class=\"wp-block-image size-large\"><img loading=\"lazy\" decoding=\"async\" width=\"405\" height=\"540\" data-id=\"2739\" src=\"https:\/\/www.agriculture-machine.com\/wp-content\/uploads\/2018\/10\/harvesting-rice05-405x540.jpg\" alt=\"Liageur de bl\u00e9\" class=\"wp-image-2739\" srcset=\"https:\/\/www.agriculture-machine.com\/wp-content\/uploads\/2018\/10\/harvesting-rice05-405x540.jpg 405w, https:\/\/www.agriculture-machine.com\/wp-content\/uploads\/2018\/10\/harvesting-rice05-203x270.jpg 203w, https:\/\/www.agriculture-machine.com\/wp-content\/uploads\/2018\/10\/harvesting-rice05-768x1024.jpg 768w, https:\/\/www.agriculture-machine.com\/wp-content\/uploads\/2018\/10\/harvesting-rice05.jpg 1000w\" sizes=\"auto, (max-width: 405px) 100vw, 405px\" \/><figcaption class=\"wp-element-caption\">Liageur de bl\u00e9<\/figcaption><\/figure> <\/figure>    <h2 class=\"wp-block-heading\">Type deux<\/h2>    <p>Cette machine de coupe, s\u00e9chage et liage du riz et du bl\u00e9 est compos\u00e9e d\u2019un acc\u00e9l\u00e9rateur, de roues, d\u2019un tapis roulant, de lames, d\u2019une puissance moteur, d\u2019une courroie et d\u2019un porte-bl\u00e9, et s\u2019associe \u00e0 un moteur \u00e0 essence. Elle a une capacit\u00e9 de 0,32-0,41 acre\/h, offrant les m\u00eames fonctions que le premier mod\u00e8le, mais elle est plus l\u00e9g\u00e8re que le mod\u00e8le un.<\/p>    <figure class=\"wp-block-image\"><img decoding=\"async\" src=\"https:\/\/www.agriculture-machine.com\/wp-content\/uploads\/2018\/10\/IMG_20190314_164752.jpg\" alt=\"\u00c9quipement de r\u00e9colte du riz\" class=\"wp-image-3196\"\/><figcaption class=\"wp-element-caption\">\u00c9quipement de r\u00e9colte du riz<\/figcaption><\/figure>    <p>Important, le levageur de grains soutient les cultures, ce qui permet d\u2019obtenir une r\u00e9colte propre. La courroie transporte les cultures d\u2019un c\u00f4t\u00e9 apr\u00e8s la coupe. Lors du fonctionnement, il faut d\u2019abord ouvrir le clapet d\u2019a\u00e9ration, puis ouvrir la valve de d\u00e9marrage.<\/p>    <figure class=\"wp-block-image aligncenter\"><img loading=\"lazy\" decoding=\"async\" width=\"750\" height=\"750\" src=\"https:\/\/www.agriculture-machine.com\/wp-content\/uploads\/2018\/10\/03.jpg\" alt=\"Structure de la faucheuse agricole\" class=\"wp-image-3192\" srcset=\"https:\/\/www.agriculture-machine.com\/wp-content\/uploads\/2018\/10\/03.jpg 750w, https:\/\/www.agriculture-machine.com\/wp-content\/uploads\/2018\/10\/03-270x270.jpg 270w, https:\/\/www.agriculture-machine.com\/wp-content\/uploads\/2018\/10\/03-540x540.jpg 540w\" sizes=\"auto, (max-width: 750px) 100vw, 750px\" \/><figcaption class=\"wp-element-caption\">Structure de la faucheuse agricole<\/figcaption><\/figure>    <figure class=\"wp-block-image aligncenter\"><img decoding=\"async\" src=\"https:\/\/www.agriculture-machine.com\/wp-content\/uploads\/2018\/10\/IMG_20190314_165837.jpg\" alt=\"Liageur de r\u00e9colte\" class=\"wp-image-3199\"\/><figcaption class=\"wp-element-caption\">Liageur de r\u00e9colte<\/figcaption><\/figure>    <h2 class=\"wp-block-heading\">Param\u00e8tres techniques de la machine \u00e0 r\u00e9colter le bl\u00e9<\/h2>    <figure class=\"wp-block-table is-style-stripes\"><table><tbody><tr><td>Mod\u00e8le<\/td><td>TZY-90<\/td><\/tr><tr><td>Capacit\u00e9<\/td><td>0,32-0,41 acre\/h<\/td><\/tr><tr><td>Puissance<\/td><td>Moteur \u00e0 essence<\/td><\/tr><tr><td>Hauteur de coupe<\/td><td>50-100mm<\/td><\/tr><tr><td>Largeur de coupe<\/td><td>900mm<\/td><\/tr><tr><td>Taille (L*W*H)<\/td><td>1800*1000*1100mm<\/td><\/tr><tr><td>Poids<\/td><td>75kg<\/td><\/tr><tr><td>20GP<\/td><td>55 ensembles<\/td><\/tr><\/tbody><\/table><figcaption class=\"wp-element-caption\">Donn\u00e9es techniques de la machine TZY-90 pour la coupe, s\u00e9chage et liage du riz et du bl\u00e9<\/figcaption><\/figure>    <h2 class=\"wp-block-heading\">Avantages de la machine de r\u00e9colte du riz avec liageur<\/h2>    <ul class=\"wp-block-list\"> <li>Haute adaptabilit\u00e9. La machine de coupe, s\u00e9chage et liage du riz et du bl\u00e9 est utilis\u00e9e dans diff\u00e9rents types de champs tels que collines et plaines.<\/li>    <li>Une personne peut r\u00e9aliser toutes les op\u00e9rations.<\/li>    <li>La grande roue lui permet de marcher m\u00eame dans un champ boueux.<\/li>    <li>Un porte-bl\u00e9 jaune en forme d\u2019\u00e9toile peut placer le bl\u00e9 sur le c\u00f4t\u00e9 de la faucheuse.<\/li>    <li>La machine de r\u00e9colte du riz et du bl\u00e9 peut \u00eatre utilis\u00e9e pour le riz, millet, bl\u00e9, soja, paille, etc., avec diverses fonctions. <\/li>    <li>La machine de coupe, s\u00e9chage et liage du riz et du bl\u00e9 poss\u00e8de trois vitesses de fonctionnement : avant, arri\u00e8re et arr\u00eat, et est facile \u00e0 utiliser.<\/li>    <li>La poign\u00e9e de gauche poss\u00e8de un interrupteur de contr\u00f4le de vitesse qui peut ajuster la vitesse de travail de la machine.<\/li>    <li>Elle peut \u00eatre largement utilis\u00e9e dans des champs grands, moyens et petits, notamment pour les terres boueuses.<\/li> <\/ul>    <figure class=\"wp-block-gallery has-nested-images columns-default is-cropped wp-block-gallery-4 is-layout-flex wp-block-gallery-is-layout-flex\"> <figure class=\"wp-block-image size-large\"><img loading=\"lazy\" decoding=\"async\" width=\"540\" height=\"540\" data-id=\"3191\" src=\"https:\/\/www.agriculture-machine.com\/wp-content\/uploads\/2018\/10\/02-540x540.jpg\" alt=\"moissonneuse \u00e0 riz\" class=\"wp-image-3191\" srcset=\"https:\/\/www.agriculture-machine.com\/wp-content\/uploads\/2018\/10\/02-540x540.jpg 540w, https:\/\/www.agriculture-machine.com\/wp-content\/uploads\/2018\/10\/02-270x270.jpg 270w, https:\/\/www.agriculture-machine.com\/wp-content\/uploads\/2018\/10\/02.jpg 750w\" sizes=\"auto, (max-width: 540px) 100vw, 540px\" \/><figcaption class=\"wp-element-caption\">moissonneuse \u00e0 riz<\/figcaption><\/figure>    <figure class=\"wp-block-image size-large\"><img loading=\"lazy\" decoding=\"async\" width=\"592\" height=\"540\" data-id=\"3194\" src=\"https:\/\/www.agriculture-machine.com\/wp-content\/uploads\/2018\/10\/CMRZI60KOBGCONEIG9W-592x540.jpg\" alt=\"D\u00e9tails de la machine\" class=\"wp-image-3194\" srcset=\"https:\/\/www.agriculture-machine.com\/wp-content\/uploads\/2018\/10\/CMRZI60KOBGCONEIG9W-592x540.jpg 592w, https:\/\/www.agriculture-machine.com\/wp-content\/uploads\/2018\/10\/CMRZI60KOBGCONEIG9W-296x270.jpg 296w, https:\/\/www.agriculture-machine.com\/wp-content\/uploads\/2018\/10\/CMRZI60KOBGCONEIG9W.jpg 750w\" sizes=\"auto, (max-width: 592px) 100vw, 592px\" \/><figcaption class=\"wp-element-caption\">D\u00e9tails de la machine<\/figcaption><\/figure> <\/figure>    <h2 class=\"wp-block-heading\">Livraison en vrac de liageuses de tracteur<\/h2>    <p>Le client d\u2019Arabie Saoudite a visit\u00e9 notre usine sous la direction de notre manager. Apr\u00e8s avoir essay\u00e9 les machines et discut\u00e9 avec les techniciens, il a finalement d\u00e9cid\u00e9 d\u2019acheter 16 ensembles. Ci-dessous, la photo du vendeur dans le bureau, nous avons tout mis en \u0153uvre pour lui fournir le meilleur service.<\/p>    <figure class=\"wp-block-image aligncenter\"><img decoding=\"async\" src=\"https:\/\/www.agriculture-machine.com\/wp-content\/uploads\/2018\/10\/IMG_20190314_170210.jpg\" alt=\"Faucheuse-liageuse m\u00e9canique pour l\u2019orge\" class=\"wp-image-3200\"\/><figcaption class=\"wp-element-caption\">Faucheuse-liageuse m\u00e9canique pour l\u2019orge<\/figcaption><\/figure>    <figure class=\"wp-block-image aligncenter\"><img decoding=\"async\" src=\"https:\/\/www.agriculture-machine.com\/wp-content\/uploads\/2018\/10\/IMG_20190314_184617.jpg\" alt=\"Visite client\" class=\"wp-image-3202\"\/><figcaption class=\"wp-element-caption\">Visite client<\/figcaption><\/figure>    <p class=\"translation-block\">De plus, si vous souhaitez r\u00e9colter du ma\u00efs, vous pouvez utiliser notre <a href=\"https:\/\/www.agriculture-machine.com\/fr\/corn-maize-harvester-machine\/\"><strong><em>moissonneuse de ma\u00efs<\/em><\/strong><\/a>. Vous pouvez utiliser notre <a href=\"https:\/\/www.agriculture-machine.com\/fr\/multifunctional-thresher-for-maize-beans-sorghum-millet\/\"><strong><em>machine \u00e0 battre le bl\u00e9 et le ma\u00efs<\/em><\/strong><\/a>, qui est plus pratique pour les agriculteurs afin d\u2019obtenir des grains de bl\u00e9 et de ma\u00efs.<\/p>    <h2 class=\"wp-block-heading\">FAQ sur les machines de r\u00e9colte du riz<\/h2>    <h3 class=\"wp-block-heading\"><strong>Type un<\/strong><\/h3>   <div id=\"rank-math-faq\" class=\"rank-math-block\"> <div class=\"rank-math-list\"> <div id=\"faq-question-1724815881356\" class=\"rank-math-list-item\"> <h3 class=\"rank-math-question\">Dans quels pays avez-vous d\u00e9j\u00e0 export\u00e9 ?<\/h3> <div class=\"rank-math-answer\">  <p>Inde, Philippines, Australie, Royaume-Uni, Pakistan, Canada, \u00c9tats-Unis.<\/p>  <\/div> <\/div> <div id=\"faq-question-1724815885099\" class=\"rank-math-list-item\"> <h3 class=\"rank-math-question\">Combien d\u2019ensembles peuvent \u00eatre charg\u00e9s dans un conteneur de 20 GP et 40 GP ?<\/h3> <div class=\"rank-math-answer\">  <p>16 ensembles et 34 ensembles respectivement.<\/p>  <\/div> <\/div> <div id=\"faq-question-1724815893530\" class=\"rank-math-list-item\"> <h3 class=\"rank-math-question\">Quelle culture peut \u00eatre r\u00e9colt\u00e9e ?<\/h3> <div class=\"rank-math-answer\">  <p>Riz, bl\u00e9 et colza.<\/p>  <\/div> <\/div> <div id=\"faq-question-1724815901853\" class=\"rank-math-list-item\"> <h3 class=\"rank-math-question\">Les agriculteurs peuvent-ils ajuster le diam\u00e8tre du liageur de riz ?<\/h3> <div class=\"rank-math-answer\">  <p>Non, le diam\u00e8tre du liageur est fixe.<\/p>  <\/div> <\/div> <div id=\"faq-question-1724815908603\" class=\"rank-math-list-item\"> <h3 class=\"rank-math-question\">Pourquoi une machine peut-elle lier le riz et le bl\u00e9 pendant l\u2019op\u00e9ration ?<\/h3> <div class=\"rank-math-answer\"> <img loading=\"lazy\" decoding=\"async\" width=\"240\" height=\"180\" src=\"https:\/\/www.agriculture-machine.com\/wp-content\/uploads\/2018\/10\/harvesting-rice09-240x180.jpg\" class=\"alignright\" alt=\"R\u00e9colte du riz 09\" \/> <p>Il y a une corde sur le c\u00f4t\u00e9 de la machine qui lie le riz r\u00e9colt\u00e9 en une balle comme suit.<\/p>  <\/div> <\/div> <div id=\"faq-question-1724815949162\" class=\"rank-math-list-item\"> <h3 class=\"rank-math-question\">La hauteur de coupe et la largeur de coupe sont-elles r\u00e9glables ?<\/h3> <div class=\"rank-math-answer\">  <p>La hauteur de coupe est r\u00e9glable et ne doit pas \u00eatre inf\u00e9rieure \u00e0 50mm, mais la largeur de coupe doit \u00eatre de 900mm.<\/p>  <\/div> <\/div> <\/div> <\/div>   <h3 class=\"wp-block-heading\"><strong>Type deux<\/strong><\/h3>   <div id=\"rank-math-faq\" class=\"rank-math-block\"> <div class=\"rank-math-list\"> <div id=\"faq-question-1724816049983\" class=\"rank-math-list-item\"> <h3 class=\"rank-math-question\">La hauteur de coupe et la largeur de coupe sont-elles r\u00e9glables ?<\/h3> <div class=\"rank-math-answer\">  <p>Non, aucun d\u2019eux n\u2019est r\u00e9gl\u00e9. Cependant, en raison des diff\u00e9rents champs avec des hauteurs vari\u00e9es, la hauteur de coupe est de 50-100mm.<\/p>  <\/div> <\/div> <div id=\"faq-question-1724816053020\" class=\"rank-math-list-item\"> <h3 class=\"rank-math-question\">Une machine peut-elle couper le riz ou le bl\u00e9 tomb\u00e9 au sol ?<\/h3> <div class=\"rank-math-answer\">  <p>Oui, cette machine de r\u00e9colte peut les r\u00e9colter efficacement.<\/p>  <\/div> <\/div> <div id=\"faq-question-1724816066346\" class=\"rank-math-list-item\"> <h3 class=\"rank-math-question\">Combien de vitesses la machine poss\u00e8de-t-elle ?<\/h3> <div class=\"rank-math-answer\">  <p>Elle poss\u00e8de 3 vitesses : commutateur, vitesse de travail et marche arri\u00e8re.<\/p>  <\/div> <\/div> <div id=\"faq-question-1724816074930\" class=\"rank-math-list-item\"> <h3 class=\"rank-math-question\">La hauteur de chaume est-elle r\u00e9glable ?<\/h3> <div class=\"rank-math-answer\">  <p>Non, cela ne peut pas \u00eatre ajust\u00e9.<\/p>  <\/div> <\/div> <div id=\"faq-question-1724816083266\" class=\"rank-math-list-item\"> <h3 class=\"rank-math-question\">Les deux machines sont-elles identiques ?<\/h3> <div class=\"rank-math-answer\">  <p>En ce qui concerne la fonction, ils sont identiques (couper le bl\u00e9 et le lier), mais leur structure est l\u00e9g\u00e8rement diff\u00e9rente.<\/p>  <\/div> <\/div> <\/div> <\/div>","protected":false},"excerpt":{"rendered":"<p>Notre nouvelle machine de coupe, s\u00e9chage et liage du riz et du bl\u00e9 a une capacit\u00e9 de 1300-200 m2\/h, elle permet d\u2019\u00e9conomiser du temps et de l\u2019\u00e9nergie, et peut r\u00e9colter une vari\u00e9t\u00e9 de cultures.<\/p>","protected":false},"author":1,"featured_media":3208,"parent":0,"comment_status":"closed","ping_status":"closed","template":"","tags":[2609],"product-type":[888],"class_list":["post-1044","product","type-product","status-publish","has-post-thumbnail","hentry","tag-cutter","product-type-rice-reaper"],"_links":{"self":[{"href":"https:\/\/www.agriculture-machine.com\/fr\/wp-json\/wp\/v2\/product\/1044","targetHints":{"allow":["GET"]}}],"collection":[{"href":"https:\/\/www.agriculture-machine.com\/fr\/wp-json\/wp\/v2\/product"}],"about":[{"href":"https:\/\/www.agriculture-machine.com\/fr\/wp-json\/wp\/v2\/types\/product"}],"author":[{"embeddable":true,"href":"https:\/\/www.agriculture-machine.com\/fr\/wp-json\/wp\/v2\/users\/1"}],"replies":[{"embeddable":true,"href":"https:\/\/www.agriculture-machine.com\/fr\/wp-json\/wp\/v2\/comments?post=1044"}],"wp:featuredmedia":[{"embeddable":true,"href":"https:\/\/www.agriculture-machine.com\/fr\/wp-json\/wp\/v2\/media\/3208"}],"wp:attachment":[{"href":"https:\/\/www.agriculture-machine.com\/fr\/wp-json\/wp\/v2\/media?parent=1044"}],"wp:term":[{"taxonomy":"post_tag","embeddable":true,"href":"https:\/\/www.agriculture-machine.com\/fr\/wp-json\/wp\/v2\/tags?post=1044"},{"taxonomy":"product-type","embeddable":true,"href":"https:\/\/www.agriculture-machine.com\/fr\/wp-json\/wp\/v2\/product-type?post=1044"}],"curies":[{"name":"wp","href":"https:\/\/api.w.org\/{rel}","templated":true}]}}