{"id":10441,"date":"2021-05-19T16:47:31","date_gmt":"2021-05-19T08:47:31","guid":{"rendered":"https:\/\/www.agriculture-machine.com\/?p=10441"},"modified":"2024-09-23T11:15:12","modified_gmt":"2024-09-23T03:15:12","slug":"cocoa-bean-peeling-machine-roasted-cocoa-peeling-machine","status":"publish","type":"product","link":"https:\/\/www.agriculture-machine.com\/fr\/cocoa-bean-peeling-machine-roasted-cocoa-peeling-machine\/","title":{"rendered":"Machine d'\u00e9pluchage de f\u00e8ves de cacao | machine d'\u00e9pluchage de cacao grill\u00e9"},"content":{"rendered":"<p class=\"translation-block\"><strong>Machine \u00e0 pelure de f\u00e8ves de cacao<\/strong> est une machine souvent utilis\u00e9e pour traiter les f\u00e8ves de cacao. Apr\u00e8s avoir ouvert la capsule, les f\u00e8ves de cacao doivent \u00eatre pel\u00e9es. Le meilleur effet de pelage est de torr\u00e9fier d\u2019abord les f\u00e8ves de cacao afin d\u2019obtenir une haute qualit\u00e9 de f\u00e8ves pel\u00e9es.<\/p>    <h2 class=\"wp-block-heading\">Processus de fonctionnement de la machine \u00e0 pelure de f\u00e8ves de cacao<\/h2>    <p>Lors de l\u2019utilisation de cette machine, il suffit de verser les f\u00e8ves de cacao ou les arachides dans l\u2019entr\u00e9e d\u2019alimentation. La machine effectuera automatiquement le pelage et le tamisage.<\/p>    <figure class=\"wp-block-embed is-type-video is-provider-youtube wp-block-embed-youtube wp-embed-aspect-16-9 wp-has-aspect-ratio\"><div class=\"wp-block-embed__wrapper\"> <iframe loading=\"lazy\" title=\"Machine de pelage automatique des f\u00e8ves de cacao la plus r\u00e9cente de 2021 \/ Vid\u00e9o de fonctionnement de la machine \u00e0 pelure de f\u00e8ves de cacao.\" width=\"500\" height=\"281\" src=\"https:\/\/www.youtube.com\/embed\/EsiFnIqnjnA?feature=oembed\" frameborder=\"0\" allow=\"accelerometer; autoplay; clipboard-write; encrypted-media; gyroscope; picture-in-picture; web-share\" referrerpolicy=\"strict-origin-when-cross-origin\" allowfullscreen><\/iframe> <\/div><figcaption class=\"wp-element-caption\">Vid\u00e9o de fonctionnement de la machine \u00e0 pelure de f\u00e8ves de cacao<\/figcaption><\/figure>    <h2 class=\"wp-block-heading\">Comment est fabriqu\u00e9 le chocolat \u00e0 partir des f\u00e8ves de cacao ?<\/h2>    <p>Les f\u00e8ves de cacao peuvent faire du chocolat en cinq \u00e9tapes.<\/p>    <ol class=\"wp-block-list\"> <li>Ouvrir la capsule<\/li>    <li>Fermentation<\/li>    <li>Exposition (baking)<\/li>    <li>Pelage<\/li>    <li>Broyage<\/li> <\/ol>    <p class=\"translation-block\">L\u2019ouverture de la capsule de cacao  a \u00e9t\u00e9 mentionn\u00e9e pr\u00e9c\u00e9demment, utilisez simplement le brise-capsules de cacao. La fermentation et l\u2019exposition ne n\u00e9cessitent pas de machine. Si vous produisez \u00e0 grande \u00e9chelle, vous pouvez acheter une machine \u00e0 torr\u00e9fier. Aujourd\u2019hui, je souhaite partager avec vous le pelage des f\u00e8ves de cacao. Comment pelure les f\u00e8ves de cacao ?<\/p>    <h2 class=\"wp-block-heading\">Comment pelure les f\u00e8ves de cacao ?<\/h2>    <p>Une machine \u00e0 pelure de f\u00e8ves de cacao est une machine n\u00e9cessaire pour pelure le cacao. Apr\u00e8s avoir mis les f\u00e8ves de cacao torr\u00e9fi\u00e9es dans la machine \u00e0 pelure, vous pouvez obtenir des f\u00e8ves de cacao propres. Les f\u00e8ves pel\u00e9es sont tr\u00e8s utiles, comme pour faire du chocolat, de la poudre de cacao, du jus de cacao, etc. Par cons\u00e9quent, la machine \u00e0 pelure de f\u00e8ves de cacao a toujours \u00e9t\u00e9 notre machine la plus vendue.<\/p>    <h2 class=\"wp-block-heading\">Application de la machine \u00e0 pelure de cacao torr\u00e9fi\u00e9<\/h2>    <p>Notre machine \u00e0 pelure peut non seulement pelure le cacao, mais aussi pelure les arachides, c\u2019est-\u00e0-dire enlever la peau rouge des arachides.<\/p>    <figure class=\"wp-block-image aligncenter size-full wp-image-10450\"><img loading=\"lazy\" decoding=\"async\" width=\"720\" height=\"540\" src=\"https:\/\/www.agriculture-machine.com\/wp-content\/uploads\/2021\/05\/application-of-cocoa-bean-peeler.jpg\" alt=\"Application de la machine \u00e0 pelure de f\u00e8ves de cacao\" class=\"wp-image-10450\" srcset=\"https:\/\/www.agriculture-machine.com\/wp-content\/uploads\/2021\/05\/application-of-cocoa-bean-peeler.jpg 720w, https:\/\/www.agriculture-machine.com\/wp-content\/uploads\/2021\/05\/application-of-cocoa-bean-peeler-360x270.jpg 360w, https:\/\/www.agriculture-machine.com\/wp-content\/uploads\/2021\/05\/application-of-cocoa-bean-peeler-240x180.jpg 240w\" sizes=\"auto, (max-width: 720px) 100vw, 720px\" \/><figcaption class=\"wp-element-caption\">Application de la machine \u00e0 pelure de f\u00e8ves de cacao<\/figcaption><\/figure>    <h2 class=\"wp-block-heading\">Les avantages de la machine \u00e0 pelure de f\u00e8ves de cacao<\/h2>    <ol class=\"wp-block-list\"> <li>Taux de pelage sup\u00e9rieur \u00e0 98 %<\/li>    <li>Broyage et s\u00e9paration des coques de cacao et des noyaux de f\u00e8ves, 2~3 kg par minute<\/li>    <li>Le fonctionnement est simple, presque aucune op\u00e9ration manuelle n\u2019est requise.<\/li>    <li>Le degr\u00e9 d\u2019automatisation est \u00e9lev\u00e9, il suffit aux op\u00e9rateurs de verser les mat\u00e9riaux dans la machine, qui peut automatiquement effectuer le pelage, la s\u00e9paration et le tamisage.<\/li> <\/ol>    <figure class=\"wp-block-gallery has-nested-images columns-2 is-cropped wp-block-gallery-2 is-layout-flex wp-block-gallery-is-layout-flex\"> <figure class=\"wp-block-image size-large\"><a href=\"https:\/\/www.agriculture-machine.com\/wp-content\/uploads\/2021\/05\/cocoa-bean-peeler-working.jpg\"><img loading=\"lazy\" decoding=\"async\" width=\"720\" height=\"540\" data-id=\"10444\" src=\"https:\/\/www.agriculture-machine.com\/wp-content\/uploads\/2021\/05\/cocoa-bean-peeler-working.jpg\" alt=\"Machine \u00e0 pelure de f\u00e8ves de cacao en fonctionnement\" class=\"wp-image-10444\" srcset=\"https:\/\/www.agriculture-machine.com\/wp-content\/uploads\/2021\/05\/cocoa-bean-peeler-working.jpg 720w, https:\/\/www.agriculture-machine.com\/wp-content\/uploads\/2021\/05\/cocoa-bean-peeler-working-360x270.jpg 360w, https:\/\/www.agriculture-machine.com\/wp-content\/uploads\/2021\/05\/cocoa-bean-peeler-working-240x180.jpg 240w\" sizes=\"auto, (max-width: 720px) 100vw, 720px\" \/><\/a><figcaption class=\"wp-element-caption\">Machine \u00e0 pelure de f\u00e8ves de cacao en fonctionnement<\/figcaption><\/figure>    <figure class=\"wp-block-image size-large\"><a href=\"https:\/\/www.agriculture-machine.com\/wp-content\/uploads\/2021\/05\/woking.jpg\"><img loading=\"lazy\" decoding=\"async\" width=\"720\" height=\"540\" data-id=\"10445\" src=\"https:\/\/www.agriculture-machine.com\/wp-content\/uploads\/2021\/05\/woking.jpg\" alt=\"en fonctionnement\" class=\"wp-image-10445\" srcset=\"https:\/\/www.agriculture-machine.com\/wp-content\/uploads\/2021\/05\/woking.jpg 720w, https:\/\/www.agriculture-machine.com\/wp-content\/uploads\/2021\/05\/woking-360x270.jpg 360w, https:\/\/www.agriculture-machine.com\/wp-content\/uploads\/2021\/05\/woking-240x180.jpg 240w\" sizes=\"auto, (max-width: 720px) 100vw, 720px\" \/><\/a><figcaption class=\"wp-element-caption\">en fonctionnement<\/figcaption><\/figure> <\/figure>    <h2 class=\"wp-block-heading\">Quelles sont les exigences pour les f\u00e8ves de cacao lors du pelage ?<\/h2>    <ol class=\"wp-block-list\"> <li>Une fermentation est n\u00e9cessaire pour que la pulpe des f\u00e8ves de cacao puisse \u00eatre s\u00e9par\u00e9e. Ne pas pelure les f\u00e8ves de cacao directement apr\u00e8s l\u2019ouverture de la capsule.<\/li>    <li>Don&#8217;t get moldy. The way to avoid moldy is to dry and reduce the moisture from 70% to 7%.<\/li>    <li>Les f\u00e8ves de cacao doivent \u00eatre torr\u00e9fi\u00e9es, et les coques tomberont progressivement pendant le processus de torr\u00e9faction. Cela facilite le pelage des f\u00e8ves de cacao. C\u2019est \u00e9galement lors de la torr\u00e9faction que les f\u00e8ves de cacao absorbent la chaleur, tout en \u00e9quilibrant la saveur inh\u00e9rente et la saveur produite lors de la fermentation, la amertume est \u00e9galement r\u00e9duite et l\u2019ar\u00f4me produit par la torr\u00e9faction est absorb\u00e9.<\/li> <\/ol>    <h2 class=\"wp-block-heading\">Affichage de la machine<\/h2>    <figure class=\"wp-block-gallery has-nested-images columns-2 is-cropped wp-block-gallery-3 is-layout-flex wp-block-gallery-is-layout-flex\"> <figure class=\"wp-block-image size-large\"><a href=\"https:\/\/www.agriculture-machine.com\/wp-content\/uploads\/2021\/05\/cocoa-bean-peeler-1.jpg\"><img loading=\"lazy\" decoding=\"async\" width=\"720\" height=\"540\" data-id=\"10446\" src=\"https:\/\/www.agriculture-machine.com\/wp-content\/uploads\/2021\/05\/cocoa-bean-peeler-1.jpg\" alt=\"Pelure de f\u00e8ves de cacao 1\" class=\"wp-image-10446\" srcset=\"https:\/\/www.agriculture-machine.com\/wp-content\/uploads\/2021\/05\/cocoa-bean-peeler-1.jpg 720w, https:\/\/www.agriculture-machine.com\/wp-content\/uploads\/2021\/05\/cocoa-bean-peeler-1-360x270.jpg 360w, https:\/\/www.agriculture-machine.com\/wp-content\/uploads\/2021\/05\/cocoa-bean-peeler-1-240x180.jpg 240w\" sizes=\"auto, (max-width: 720px) 100vw, 720px\" \/><\/a><figcaption class=\"wp-element-caption\">Pelure de f\u00e8ves de cacao 1<\/figcaption><\/figure>    <figure class=\"wp-block-image size-large\"><a href=\"https:\/\/www.agriculture-machine.com\/wp-content\/uploads\/2021\/05\/cocoa-bean-peeler-2.jpg\"><img loading=\"lazy\" decoding=\"async\" width=\"720\" height=\"540\" data-id=\"10447\" src=\"https:\/\/www.agriculture-machine.com\/wp-content\/uploads\/2021\/05\/cocoa-bean-peeler-2.jpg\" alt=\"Pelure de f\u00e8ves de cacao 2\" class=\"wp-image-10447\" srcset=\"https:\/\/www.agriculture-machine.com\/wp-content\/uploads\/2021\/05\/cocoa-bean-peeler-2.jpg 720w, https:\/\/www.agriculture-machine.com\/wp-content\/uploads\/2021\/05\/cocoa-bean-peeler-2-360x270.jpg 360w, https:\/\/www.agriculture-machine.com\/wp-content\/uploads\/2021\/05\/cocoa-bean-peeler-2-240x180.jpg 240w\" sizes=\"auto, (max-width: 720px) 100vw, 720px\" \/><\/a><figcaption class=\"wp-element-caption\">Pelure de f\u00e8ves de cacao 2<\/figcaption><\/figure>    <figure class=\"wp-block-image size-large\"><a href=\"https:\/\/www.agriculture-machine.com\/wp-content\/uploads\/2021\/05\/cocoa-bean-peeler-3.jpg\"><img loading=\"lazy\" decoding=\"async\" width=\"720\" height=\"540\" data-id=\"10448\" src=\"https:\/\/www.agriculture-machine.com\/wp-content\/uploads\/2021\/05\/cocoa-bean-peeler-3.jpg\" alt=\"Pelure de f\u00e8ves de cacao 3\" class=\"wp-image-10448\" srcset=\"https:\/\/www.agriculture-machine.com\/wp-content\/uploads\/2021\/05\/cocoa-bean-peeler-3.jpg 720w, https:\/\/www.agriculture-machine.com\/wp-content\/uploads\/2021\/05\/cocoa-bean-peeler-3-360x270.jpg 360w, https:\/\/www.agriculture-machine.com\/wp-content\/uploads\/2021\/05\/cocoa-bean-peeler-3-240x180.jpg 240w\" sizes=\"auto, (max-width: 720px) 100vw, 720px\" \/><\/a><figcaption class=\"wp-element-caption\">Pelure de f\u00e8ves de cacao 3<\/figcaption><\/figure>    <figure class=\"wp-block-image size-large\"><a href=\"https:\/\/www.agriculture-machine.com\/wp-content\/uploads\/2021\/05\/cocoa-bean-peeler-4.jpg\"><img loading=\"lazy\" decoding=\"async\" width=\"720\" height=\"540\" data-id=\"10449\" src=\"https:\/\/www.agriculture-machine.com\/wp-content\/uploads\/2021\/05\/cocoa-bean-peeler-4.jpg\" alt=\"Pelure de f\u00e8ves de cacao 4\" class=\"wp-image-10449\" srcset=\"https:\/\/www.agriculture-machine.com\/wp-content\/uploads\/2021\/05\/cocoa-bean-peeler-4.jpg 720w, https:\/\/www.agriculture-machine.com\/wp-content\/uploads\/2021\/05\/cocoa-bean-peeler-4-360x270.jpg 360w, https:\/\/www.agriculture-machine.com\/wp-content\/uploads\/2021\/05\/cocoa-bean-peeler-4-240x180.jpg 240w\" sizes=\"auto, (max-width: 720px) 100vw, 720px\" \/><\/a><figcaption class=\"wp-element-caption\">Pelure de f\u00e8ves de cacao 4<\/figcaption><\/figure> <\/figure>    <h2 class=\"wp-block-heading\">Param\u00e8tres techniques<\/h2>    <figure class=\"wp-block-table is-style-stripes\"><table><tbody><tr><td>Capacit\u00e9<\/td><td>500-700kg\/h<\/td><\/tr><tr><td>Tension<\/td><td>220V\/380V\/50Hz<\/td><\/tr><tr><td>Puissance<\/td><td>1,5kw*2<\/td><\/tr><tr><td>Taux d'\u00e9pluchage<\/td><td>98%<\/td><\/tr><tr><td>Taille<\/td><td>1900*850*1350<\/td><\/tr><\/tbody><\/table><figcaption class=\"wp-element-caption\">Donn\u00e9es techniques de la machine \u00e0 pelure de f\u00e8ves de cacao<\/figcaption><\/figure>    <h2 class=\"wp-block-heading\">Contactez-nous \u00e0 tout moment<\/h2>    <p>Nous invitons sinc\u00e8rement tous les clients \u00e0 consulter activement et \u00e0 en savoir plus sur les machines \u00e0 pelure de f\u00e8ves de cacao. Notre \u00e9quipe professionnelle est pr\u00eate \u00e0 vous fournir des pr\u00e9sentations d\u00e9taill\u00e9es du produit, des solutions personnalis\u00e9es et un support technique pour discuter de la mani\u00e8re d'am\u00e9liorer l'efficacit\u00e9 de votre traitement des f\u00e8ves de cacao !<\/p>","protected":false},"excerpt":{"rendered":"<p>Ceci est une machine \u00e0 pelure de f\u00e8ves de cacao. Les f\u00e8ves de cacao doivent \u00eatre pel\u00e9es apr\u00e8s ouverture de la capsule. La production de cette machine est de 500-700 kg\/h.<\/p>","protected":false},"author":1,"featured_media":10443,"parent":0,"comment_status":"closed","ping_status":"closed","template":"","tags":[2612,2613],"product-type":[874],"class_list":["post-10441","product","type-product","status-publish","has-post-thumbnail","hentry","tag-cocoa","tag-peeling","product-type-grains-peeling-machine"],"_links":{"self":[{"href":"https:\/\/www.agriculture-machine.com\/fr\/wp-json\/wp\/v2\/product\/10441","targetHints":{"allow":["GET"]}}],"collection":[{"href":"https:\/\/www.agriculture-machine.com\/fr\/wp-json\/wp\/v2\/product"}],"about":[{"href":"https:\/\/www.agriculture-machine.com\/fr\/wp-json\/wp\/v2\/types\/product"}],"author":[{"embeddable":true,"href":"https:\/\/www.agriculture-machine.com\/fr\/wp-json\/wp\/v2\/users\/1"}],"replies":[{"embeddable":true,"href":"https:\/\/www.agriculture-machine.com\/fr\/wp-json\/wp\/v2\/comments?post=10441"}],"wp:featuredmedia":[{"embeddable":true,"href":"https:\/\/www.agriculture-machine.com\/fr\/wp-json\/wp\/v2\/media\/10443"}],"wp:attachment":[{"href":"https:\/\/www.agriculture-machine.com\/fr\/wp-json\/wp\/v2\/media?parent=10441"}],"wp:term":[{"taxonomy":"post_tag","embeddable":true,"href":"https:\/\/www.agriculture-machine.com\/fr\/wp-json\/wp\/v2\/tags?post=10441"},{"taxonomy":"product-type","embeddable":true,"href":"https:\/\/www.agriculture-machine.com\/fr\/wp-json\/wp\/v2\/product-type?post=10441"}],"curies":[{"name":"wp","href":"https:\/\/api.w.org\/{rel}","templated":true}]}}