{"id":1054,"date":"2018-10-17T10:51:19","date_gmt":"2018-10-17T02:51:19","guid":{"rendered":"https:\/\/www.agriculture-machine.com\/?p=1054"},"modified":"2024-09-18T16:25:26","modified_gmt":"2024-09-18T08:25:26","slug":"rice-destoner-machine","status":"publish","type":"product","link":"https:\/\/www.agriculture-machine.com\/fr\/rice-destoner-machine\/","title":{"rendered":"Machine de d\u00e9grainage de bl\u00e9 et riz | machine d'\u00e9limination des impuret\u00e9s"},"content":{"rendered":"<p class=\"translation-block\"><strong>Machine \u00e0 d\u00e9pi\u00e9ger le riz <\/strong>est principalement utilis\u00e9e dans l'usine de traitement des grains, s\u00e9parant les pierres et autres impuret\u00e9s des cultures telles que le bl\u00e9, le riz. Sa capacit\u00e9 est de 1t\/h et la machine est \u00e9quip\u00e9e d'un moteur de 2,2 kW. Dans la plupart des cas, le bl\u00e9 et le riz contiennent quelques pierres difficiles \u00e0 enlever, c'est pourquoi cette machine \u00e0 d\u00e9pi\u00e9ger le riz r\u00e9sout ce probl\u00e8me avec une grande efficacit\u00e9.<\/p> <p><img loading=\"lazy\" decoding=\"async\" class=\"alignnone wp-image-2715\" title=\"machine de d\u00e9piquage du riz\" src=\"https:\/\/www.agriculture-machine.com\/wp-content\/uploads\/2019\/03\/rice-destoner-machine-4-2.jpg\" alt=\"machine de d\u00e9piquage du riz\" width=\"611\" height=\"619\" srcset=\"https:\/\/www.agriculture-machine.com\/wp-content\/uploads\/2019\/03\/rice-destoner-machine-4-2.jpg 750w, https:\/\/www.agriculture-machine.com\/wp-content\/uploads\/2019\/03\/rice-destoner-machine-4-2-266x270.jpg 266w, https:\/\/www.agriculture-machine.com\/wp-content\/uploads\/2019\/03\/rice-destoner-machine-4-2-533x540.jpg 533w\" sizes=\"auto, (max-width: 611px) 100vw, 611px\" \/><\/p> <h2>Param\u00e8tres techniques du SQ50<\/h2> <table style=\"height: 173px;\" width=\"399\"> <tbody> <tr> <td width=\"346\"><strong><b>Mod\u00e8le<\/b><\/strong><\/td> <td width=\"293\">SQ50<\/td> <\/tr> <tr> <td width=\"346\">Productivit\u00e9<\/td> <td width=\"293\">1t\/h<\/td> <\/tr> <tr> <td width=\"346\">Puissance<\/td> <td width=\"293\">Moteur 2,2 kW<\/td> <\/tr> <tr> <td width=\"346\">Dimension<\/td> <td width=\"293\">900*610*320mm<\/td> <\/tr> <tr> <td width=\"346\">Poids N.<\/td> <td width=\"293\">86kg<\/td> <\/tr> <\/tbody> <\/table> <h2>La structure de la machine \u00e0 d\u00e9pi\u00e9ger le riz<\/h2> <p>Notre machine \u00e0 \u00e9liminer les pierres du bl\u00e9 se compose principalement d'une grande sortie de pierres, d'une sortie d'impuret\u00e9s, d'une sortie de riz propre, d'une petite sortie de pierres et d'une tr\u00e9mie d'alimentation en riz.<\/p> <p><img loading=\"lazy\" decoding=\"async\" class=\"alignnone wp-image-2711\" title=\"d\u00e9tails du produit\" src=\"https:\/\/www.agriculture-machine.com\/wp-content\/uploads\/2019\/03\/rice-destoner-machine-5-1.jpg\" alt=\"d\u00e9tails du produit\" width=\"607\" height=\"617\" srcset=\"https:\/\/www.agriculture-machine.com\/wp-content\/uploads\/2019\/03\/rice-destoner-machine-5-1.jpg 750w, https:\/\/www.agriculture-machine.com\/wp-content\/uploads\/2019\/03\/rice-destoner-machine-5-1-266x270.jpg 266w, https:\/\/www.agriculture-machine.com\/wp-content\/uploads\/2019\/03\/rice-destoner-machine-5-1-531x540.jpg 531w\" sizes=\"auto, (max-width: 607px) 100vw, 607px\" \/><\/p> <h2>Principe de fonctionnement de la machine \u00e0 d\u00e9pi\u00e9ger le riz<\/h2> <ol> <li>L'op\u00e9rateur d\u00e9pose le riz ou le bl\u00e9 dans la tr\u00e9mie d'alimentation lorsque la machine de d\u00e9pi\u00e9geage du riz au Nigeria commence \u00e0 fonctionner.<\/li> <li>Le moteur de 2,2 kW alimente la machine, donc l'\u00e9cran \u00e9lectrique vibre en permanence.<\/li> <li>La pierre monte, tandis que le riz ou le bl\u00e9 coule en sens inverse.<\/li> <li>Apr\u00e8s quelques minutes, le riz propre, les petites pierres, les grosses pierres et autres impuret\u00e9s sortent par diff\u00e9rents orifices.<\/li> <\/ol> <h2>L'avantage de la machine \u00e0 d\u00e9pi\u00e9ger le riz<\/h2> <ol> <li>Taux de nettoyage \u00e9lev\u00e9. Le riz final est tr\u00e8s propre, sans impuret\u00e9s.<\/li> <li>La machine est stable pendant le fonctionnement.<\/li> <li>Haute capacit\u00e9. Sa capacit\u00e9 est de 1 tonne\/h.<\/li> <li>La machine est facile \u00e0 utiliser, ce qui permet de gagner du temps et de l'\u00e9nergie.<img loading=\"lazy\" decoding=\"async\" class=\"alignnone wp-image-2708\" title=\"riz\" src=\"https:\/\/www.agriculture-machine.com\/wp-content\/uploads\/2019\/03\/rice-destoner-machine-2-1.jpg\" alt=\"riz\" width=\"645\" height=\"430\" srcset=\"https:\/\/www.agriculture-machine.com\/wp-content\/uploads\/2019\/03\/rice-destoner-machine-2-1.jpg 750w, https:\/\/www.agriculture-machine.com\/wp-content\/uploads\/2019\/03\/rice-destoner-machine-2-1-360x240.jpg 360w, https:\/\/www.agriculture-machine.com\/wp-content\/uploads\/2019\/03\/rice-destoner-machine-2-1-720x480.jpg 720w\" sizes=\"auto, (max-width: 645px) 100vw, 645px\" \/> <img loading=\"lazy\" decoding=\"async\" class=\"alignnone wp-image-2709\" title=\"riz\" src=\"https:\/\/www.agriculture-machine.com\/wp-content\/uploads\/2019\/03\/rice-destoner-machine-3-1.jpg\" alt=\"riz\" width=\"645\" height=\"430\" srcset=\"https:\/\/www.agriculture-machine.com\/wp-content\/uploads\/2019\/03\/rice-destoner-machine-3-1.jpg 750w, https:\/\/www.agriculture-machine.com\/wp-content\/uploads\/2019\/03\/rice-destoner-machine-3-1-360x240.jpg 360w, https:\/\/www.agriculture-machine.com\/wp-content\/uploads\/2019\/03\/rice-destoner-machine-3-1-720x480.jpg 720w\" sizes=\"auto, (max-width: 645px) 100vw, 645px\" \/><\/li> <\/ol> <h2>La pr\u00e9occupation de notre machine<\/h2> <ol> <li>Avant de d\u00e9marrer la machine, l'utilisateur doit v\u00e9rifier soigneusement la surface de l'\u00e9cran et le ventilateur, si les fixations sont desserr\u00e9es ou non, en tournant la poulie \u00e0 la main. Elle peut \u00eatre mise en marche s'il n'y a pas de bruit anormal.<\/li> <li>L'inclinaison de l'\u00e9cran doit \u00eatre comprise entre 10 \u00b0 et 13 \u00b0, une inclinaison excessive emp\u00eachant les pierres de monter. Dans ce cas, la vitesse d'entr\u00e9e dans la chambre de s\u00e9lection diminuera, ce qui rendra difficile l'\u00e9vacuation des pierres.<\/li> <li>De plus, le riz se d\u00e9placera \u00e0 une vitesse plus \u00e9lev\u00e9e, ce qui d\u00e9clenche le riz final non propre. Par cons\u00e9quent, l'inclinaison de travail doit \u00eatre maintenue dans la plage appropri\u00e9e et ajust\u00e9e en fonction de la quantit\u00e9 de pierres dans le riz final. Lorsque le riz contient beaucoup de pierres, l'angle d'inclinaison peut \u00eatre r\u00e9duit de mani\u00e8re appropri\u00e9e.<\/li> <li>Il doit y avoir du riz appropri\u00e9 dans l'entr\u00e9e pour emp\u00eacher le riz de frapper directement la surface de l'\u00e9cran, ce qui pourrait affecter l'\u00e9tat de suspension et le taux d'\u00e9limination des pierres.<\/li> <li>Le r\u00e9glage du volume d'air de la machine \u00e0 d\u00e9pi\u00e9ger le bl\u00e9 est bas\u00e9 sur l'\u00e9tat de mouvement du riz sur l'\u00e9cran et la qualit\u00e9 du riz final. Si le riz vibre fortement, cela signifie que le volume d'air est trop \u00e9lev\u00e9 ; si le riz n'est pas l\u00e2che et flotte, cela indique que le volume d'air est trop faible. En cons\u00e9quence, il reste encore des pierres dans le riz final, et le damper doit \u00eatre ajust\u00e9 \u00e0 temps.<\/li> <li>La plaque de tamis, la plaque de distribution d'air et la porte d'entr\u00e9e d'air doivent maintenir le flux d'air d\u00e9gag\u00e9. Si le trou de l'\u00e9cran est obstru\u00e9, il peut \u00eatre nettoy\u00e9 avec une brosse m\u00e9tallique.<\/li> <li>L'op\u00e9rateur doit toujours v\u00e9rifier le nombre de pierres dans le riz final.<\/li> <li>La machine \u00e0 \u00e9liminer les pierres du riz doit \u00eatre inspect\u00e9e r\u00e9guli\u00e8rement, et les roulements doivent \u00eatre nettoy\u00e9s et r\u00e9approvisionn\u00e9s r\u00e9guli\u00e8rement. Le test \u00e0 vide doit \u00eatre effectu\u00e9 apr\u00e8s l'inspection.<\/li> <\/ol> <h2>Un cas de r\u00e9ussite de la machine \u00e0 d\u00e9pi\u00e9ger le riz<\/h2> <p>Notre client d'Afrique du Sud nous a command\u00e9 500 ensembles de machines \u00e0 d\u00e9pi\u00e9ger le riz cette ann\u00e9e. Nous avons collabor\u00e9 avec lui \u00e0 plusieurs reprises et il travaille pour le gouvernement local. Par cons\u00e9quent, nous attachons une grande importance \u00e0 cette machine \u00e0 d\u00e9pi\u00e9ger le bl\u00e9 pour le satisfaire.<\/p> <p>Nous avons termin\u00e9 toutes les machines en un mois et les avons soigneusement emball\u00e9es en cas d'accidents lors de la livraison. Jusqu'\u00e0 pr\u00e9sent, il a re\u00e7u les machines et nous a donn\u00e9 de bons retours.<\/p> <p><img loading=\"lazy\" decoding=\"async\" class=\"alignnone wp-image-2717\" title=\"photo d&#039;exp\u00e9dition 12\" src=\"https:\/\/www.agriculture-machine.com\/wp-content\/uploads\/2018\/10\/rice-destoner-machine-6.jpg\" alt=\"photo d&#039;exp\u00e9dition 12\" width=\"645\" height=\"484\" \/><\/p> <p>FAQ<\/p> <ol> <li>Quelle est la mati\u00e8re premi\u00e8re de la machine de d\u00e9grainage ?<\/li> <\/ol> <p>La mati\u00e8re premi\u00e8re est le riz et le bl\u00e9.<\/p> <ol start=\"2\"> <li>Quel est le taux de nettoyage ?<\/li> <\/ol> <p>Le taux de nettoyage est de 98 %, ce qui signifie que les grains finaux sont tr\u00e8s propres.<\/p> <ol start=\"3\"> <li>Pourquoi le riz final contient-il peu de pierres ?<\/li> <\/ol> <p>Le volume d'air est faible et doit \u00eatre ajust\u00e9 en temps voulu.<\/p> <p><center><\/center><center><\/center><\/p>","protected":false},"excerpt":{"rendered":"<p>Rice destoner machine\u00a0is mainly used in the grain processing plant, separating the stone and other impurities from crops such as wheat, rice. Its capacity is 1t\/h and machine matches with 2.2kw motor. In most case, wheat and rice contain some stones that are not easy to remove, so this rice destoning machine solves this problem [&hellip;]<\/p>\n","protected":false},"author":1,"featured_media":1059,"parent":0,"comment_status":"closed","ping_status":"closed","template":"","tags":[2621],"product-type":[907],"class_list":["post-1054","product","type-product","status-publish","has-post-thumbnail","hentry","tag-destoner","product-type-paddy-rice-destoner"],"_links":{"self":[{"href":"https:\/\/www.agriculture-machine.com\/fr\/wp-json\/wp\/v2\/product\/1054","targetHints":{"allow":["GET"]}}],"collection":[{"href":"https:\/\/www.agriculture-machine.com\/fr\/wp-json\/wp\/v2\/product"}],"about":[{"href":"https:\/\/www.agriculture-machine.com\/fr\/wp-json\/wp\/v2\/types\/product"}],"author":[{"embeddable":true,"href":"https:\/\/www.agriculture-machine.com\/fr\/wp-json\/wp\/v2\/users\/1"}],"replies":[{"embeddable":true,"href":"https:\/\/www.agriculture-machine.com\/fr\/wp-json\/wp\/v2\/comments?post=1054"}],"wp:featuredmedia":[{"embeddable":true,"href":"https:\/\/www.agriculture-machine.com\/fr\/wp-json\/wp\/v2\/media\/1059"}],"wp:attachment":[{"href":"https:\/\/www.agriculture-machine.com\/fr\/wp-json\/wp\/v2\/media?parent=1054"}],"wp:term":[{"taxonomy":"post_tag","embeddable":true,"href":"https:\/\/www.agriculture-machine.com\/fr\/wp-json\/wp\/v2\/tags?post=1054"},{"taxonomy":"product-type","embeddable":true,"href":"https:\/\/www.agriculture-machine.com\/fr\/wp-json\/wp\/v2\/product-type?post=1054"}],"curies":[{"name":"wp","href":"https:\/\/api.w.org\/{rel}","templated":true}]}}