{"id":10553,"date":"2021-05-26T17:18:38","date_gmt":"2021-05-26T09:18:38","guid":{"rendered":"https:\/\/www.agriculture-machine.com\/?p=10553"},"modified":"2024-09-18T15:49:13","modified_gmt":"2024-09-18T07:49:13","slug":"brick-making-machine-for-sale-block-making-machine","status":"publish","type":"product","link":"https:\/\/www.agriculture-machine.com\/fr\/brick-making-machine-for-sale-block-making-machine\/","title":{"rendered":"Machine \u00e0 fabriquer des briques \u00e0 vendre | machine \u00e0 fabriquer des blocs"},"content":{"rendered":"<h2 class=\"wp-block-heading\">Qu'est-ce que la machine \u00e0 fabriquer des briques ?<\/h2>    <p>Comme son nom l'indique, la machine \u00e0 briques est un \u00e9quipement m\u00e9canique pour la production de briques. Elle utilise g\u00e9n\u00e9ralement de la poudre de pierre, des cendres volantes, de la slag, du gravier, du sable, de l'eau, etc., comme mati\u00e8res premi\u00e8res pour produire de nouveaux mat\u00e9riaux muraux, tels que les briques en cendres volantes autoclaves, les briques en cendres et sable autoclaves, et les produits en b\u00e9ton cellulaire.<\/p>    <p>A summary is as follows: the scientific ratio of raw materials&#8212;-add water and stir&#8212;- high-pressure vibration molding&#8212;-short time drying&#8212;&#8211;the finished brick<\/p>    <figure class=\"wp-block-image aligncenter size-full wp-image-10566\"><img loading=\"lazy\" decoding=\"async\" width=\"720\" height=\"540\" src=\"https:\/\/www.agriculture-machine.com\/wp-content\/uploads\/2021\/05\/bloack-making-machine.jpg\" alt=\"Machine \u00e0 fabriquer des blocs\" class=\"wp-image-10566\" srcset=\"https:\/\/www.agriculture-machine.com\/wp-content\/uploads\/2021\/05\/bloack-making-machine.jpg 720w, https:\/\/www.agriculture-machine.com\/wp-content\/uploads\/2021\/05\/bloack-making-machine-360x270.jpg 360w, https:\/\/www.agriculture-machine.com\/wp-content\/uploads\/2021\/05\/bloack-making-machine-240x180.jpg 240w\" sizes=\"auto, (max-width: 720px) 100vw, 720px\" \/><figcaption class=\"wp-element-caption\">Machine \u00e0 fabriquer des blocs<\/figcaption><\/figure>    <h2 class=\"wp-block-heading\">Types de briques fabriqu\u00e9es par la machine \u00e0 blocs<\/h2>    <h3 class=\"wp-block-heading\">brique-en-ciment<\/h3>    <p>Composition des briques en ciment<\/p>    <p>Une brique de ciment est un terme g\u00e9n\u00e9ral, comprenant les briques standard en ciment, briques creuses en ciment, briques poreuses en ciment, briques en blocs de ciment, et briques color\u00e9es en ciment, etc. Cependant, le processus de production et le flux de ces briques sont les m\u00eames. Bien s\u00fbr, il existe des diff\u00e9rences. Il y a de nombreuses mati\u00e8res premi\u00e8res pour la production de briques en ciment. La plupart des mati\u00e8res premi\u00e8res utilis\u00e9es par les usines de briques en ciment sont des pierres, du sable, des cendres volantes, de la slag, des d\u00e9chets de construction, des c\u00e9ramiques, etc. Au fait, il y a aussi du ciment, qui est l'ingr\u00e9dient principal des briques en ciment. Parce que le moulage des briques en ciment repose principalement sur le ciment comme adh\u00e9sif.<\/p>    <figure class=\"wp-block-gallery has-nested-images columns-2 is-cropped wp-block-gallery-2 is-layout-flex wp-block-gallery-is-layout-flex\"> <figure class=\"wp-block-image size-large\"><a href=\"https:\/\/www.agriculture-machine.com\/wp-content\/uploads\/2021\/05\/cement-bricks.jpg\"><img loading=\"lazy\" decoding=\"async\" width=\"720\" height=\"540\" data-id=\"10556\" src=\"https:\/\/www.agriculture-machine.com\/wp-content\/uploads\/2021\/05\/cement-bricks.jpg\" alt=\"briques-en-ciment\" class=\"wp-image-10556\" srcset=\"https:\/\/www.agriculture-machine.com\/wp-content\/uploads\/2021\/05\/cement-bricks.jpg 720w, https:\/\/www.agriculture-machine.com\/wp-content\/uploads\/2021\/05\/cement-bricks-360x270.jpg 360w, https:\/\/www.agriculture-machine.com\/wp-content\/uploads\/2021\/05\/cement-bricks-240x180.jpg 240w\" sizes=\"auto, (max-width: 720px) 100vw, 720px\" \/><\/a><figcaption class=\"wp-element-caption\">briques-en-ciment<\/figcaption><\/figure>    <figure class=\"wp-block-image size-large\"><a href=\"https:\/\/www.agriculture-machine.com\/wp-content\/uploads\/2021\/05\/cement-brick.jpg\"><img loading=\"lazy\" decoding=\"async\" width=\"720\" height=\"540\" data-id=\"10555\" src=\"https:\/\/www.agriculture-machine.com\/wp-content\/uploads\/2021\/05\/cement-brick.jpg\" alt=\"brique-en-ciment\" class=\"wp-image-10555\" srcset=\"https:\/\/www.agriculture-machine.com\/wp-content\/uploads\/2021\/05\/cement-brick.jpg 720w, https:\/\/www.agriculture-machine.com\/wp-content\/uploads\/2021\/05\/cement-brick-360x270.jpg 360w, https:\/\/www.agriculture-machine.com\/wp-content\/uploads\/2021\/05\/cement-brick-240x180.jpg 240w\" sizes=\"auto, (max-width: 720px) 100vw, 720px\" \/><\/a><figcaption class=\"wp-element-caption\">brique-en-ciment<\/figcaption><\/figure> <\/figure>    <h3 class=\"wp-block-heading\">Brique en argile<\/h3>    <p>Composition des briques en argile<\/p>    <p>Les briques en argile sont fabriqu\u00e9es \u00e0 partir d'argile comme mati\u00e8re premi\u00e8re principale, qui est m\u00e9lang\u00e9e pour devenir plastique et form\u00e9e par extrusion m\u00e9canique. Les blocs de terre extrud\u00e9s sont appel\u00e9s briques vertes, qui sont envoy\u00e9es dans le four apr\u00e8s s\u00e9chage \u00e0 l'air, puis calcin\u00e9es \u00e0 haute temp\u00e9rature de 900-1000\u00b0C pour devenir des briques. Elles se divisent en briques en argile ordinaires, briques en argile multi-clinker, briques en argile de mati\u00e8re premi\u00e8re, et briques en argile \u00e0 haute silice. Elles ont de bonnes performances \u00e0 haute temp\u00e9rature et une bonne r\u00e9sistance \u00e0 la chaleur et aux chocs.<\/p>    <figure class=\"wp-block-gallery has-nested-images columns-2 is-cropped wp-block-gallery-3 is-layout-flex wp-block-gallery-is-layout-flex\"> <figure class=\"wp-block-image size-large\"><a href=\"https:\/\/www.agriculture-machine.com\/wp-content\/uploads\/2021\/05\/clay-brick.jpg\"><img loading=\"lazy\" decoding=\"async\" width=\"720\" height=\"540\" data-id=\"10557\" src=\"https:\/\/www.agriculture-machine.com\/wp-content\/uploads\/2021\/05\/clay-brick.jpg\" alt=\"brique-en-argile\" class=\"wp-image-10557\" srcset=\"https:\/\/www.agriculture-machine.com\/wp-content\/uploads\/2021\/05\/clay-brick.jpg 720w, https:\/\/www.agriculture-machine.com\/wp-content\/uploads\/2021\/05\/clay-brick-360x270.jpg 360w, https:\/\/www.agriculture-machine.com\/wp-content\/uploads\/2021\/05\/clay-brick-240x180.jpg 240w\" sizes=\"auto, (max-width: 720px) 100vw, 720px\" \/><\/a><figcaption class=\"wp-element-caption\">brique-en-argile<\/figcaption><\/figure>    <figure class=\"wp-block-image size-large\"><a href=\"https:\/\/www.agriculture-machine.com\/wp-content\/uploads\/2021\/05\/clay-bricks.jpg\"><img loading=\"lazy\" decoding=\"async\" width=\"720\" height=\"540\" data-id=\"10558\" src=\"https:\/\/www.agriculture-machine.com\/wp-content\/uploads\/2021\/05\/clay-bricks.jpg\" alt=\"brique-en-argile\" class=\"wp-image-10558\" srcset=\"https:\/\/www.agriculture-machine.com\/wp-content\/uploads\/2021\/05\/clay-bricks.jpg 720w, https:\/\/www.agriculture-machine.com\/wp-content\/uploads\/2021\/05\/clay-bricks-360x270.jpg 360w, https:\/\/www.agriculture-machine.com\/wp-content\/uploads\/2021\/05\/clay-bricks-240x180.jpg 240w\" sizes=\"auto, (max-width: 720px) 100vw, 720px\" \/><\/a><figcaption class=\"wp-element-caption\">brique-en-argile<\/figcaption><\/figure> <\/figure>    <h2 class=\"wp-block-heading\">La puissance de la machine \u00e0 fabriquer des briques<\/h2>    <p>Notre machine \u00e0 mouler les briques est disponible en mod\u00e8les \u00e9lectrique et diesel. Vous pouvez choisir le mode d'alimentation de la machine \u00e0 briques selon votre \u00e9lectricit\u00e9. La machine automatique est \u00e9quip\u00e9e d'un moteur de 7,5w. La puissance maximale de notre machine manuelle \u00e0 briques est de 7w, et elle peut \u00e9galement \u00eatre \u00e9quip\u00e9e d'un moteur diesel de 8 chevaux.<\/p>    <figure class=\"wp-block-gallery has-nested-images columns-2 is-cropped wp-block-gallery-4 is-layout-flex wp-block-gallery-is-layout-flex\"> <figure class=\"wp-block-image size-large\"><a href=\"https:\/\/www.agriculture-machine.com\/wp-content\/uploads\/2021\/05\/Diesel-engine-brick-machine.jpg\"><img loading=\"lazy\" decoding=\"async\" width=\"720\" height=\"540\" data-id=\"10559\" src=\"https:\/\/www.agriculture-machine.com\/wp-content\/uploads\/2021\/05\/Diesel-engine-brick-machine.jpg\" alt=\"Machine \u00e0 briques diesel\" class=\"wp-image-10559\" srcset=\"https:\/\/www.agriculture-machine.com\/wp-content\/uploads\/2021\/05\/Diesel-engine-brick-machine.jpg 720w, https:\/\/www.agriculture-machine.com\/wp-content\/uploads\/2021\/05\/Diesel-engine-brick-machine-360x270.jpg 360w, https:\/\/www.agriculture-machine.com\/wp-content\/uploads\/2021\/05\/Diesel-engine-brick-machine-240x180.jpg 240w\" sizes=\"auto, (max-width: 720px) 100vw, 720px\" \/><\/a><figcaption class=\"wp-element-caption\">Machine \u00e0 briques diesel<\/figcaption><\/figure>    <figure class=\"wp-block-image size-large\"><a href=\"https:\/\/www.agriculture-machine.com\/wp-content\/uploads\/2021\/05\/Motor-type-brick-machine.jpg\"><img loading=\"lazy\" decoding=\"async\" width=\"720\" height=\"540\" data-id=\"10560\" src=\"https:\/\/www.agriculture-machine.com\/wp-content\/uploads\/2021\/05\/Motor-type-brick-machine.jpg\" alt=\"Machine \u00e0 briques \u00e0 moteur\" class=\"wp-image-10560\" srcset=\"https:\/\/www.agriculture-machine.com\/wp-content\/uploads\/2021\/05\/Motor-type-brick-machine.jpg 720w, https:\/\/www.agriculture-machine.com\/wp-content\/uploads\/2021\/05\/Motor-type-brick-machine-360x270.jpg 360w, https:\/\/www.agriculture-machine.com\/wp-content\/uploads\/2021\/05\/Motor-type-brick-machine-240x180.jpg 240w\" sizes=\"auto, (max-width: 720px) 100vw, 720px\" \/><\/a><figcaption class=\"wp-element-caption\">Machine \u00e0 briques \u00e0 moteur<\/figcaption><\/figure> <\/figure>    <h2 class=\"wp-block-heading\">Types de notre machine \u00e0 fabriquer des blocs<\/h2>    <p>Nous disposons de machines automatiques et manuelles pour fabriquer des blocs. Parmi elles, la machine manuelle a de nombreux mod\u00e8les parmi lesquels choisir. Les deux types de machines \u00e0 briques peuvent produire des briques en ciment et en argile.<\/p>    <figure class=\"wp-block-gallery has-nested-images columns-2 is-cropped wp-block-gallery-5 is-layout-flex wp-block-gallery-is-layout-flex\"> <figure class=\"wp-block-image size-large\"><a href=\"https:\/\/www.agriculture-machine.com\/wp-content\/uploads\/2021\/05\/DF2-45-small-brick-making-machine.jpg\"><img loading=\"lazy\" decoding=\"async\" width=\"600\" height=\"540\" data-id=\"10586\" src=\"https:\/\/www.agriculture-machine.com\/wp-content\/uploads\/2021\/05\/DF2-45-small-brick-making-machine-600x540.jpg\" alt=\"Petite machine \u00e0 fabriquer des briques DF2-45\" class=\"wp-image-10586\" srcset=\"https:\/\/www.agriculture-machine.com\/wp-content\/uploads\/2021\/05\/DF2-45-small-brick-making-machine-600x540.jpg 600w, https:\/\/www.agriculture-machine.com\/wp-content\/uploads\/2021\/05\/DF2-45-small-brick-making-machine-300x270.jpg 300w, https:\/\/www.agriculture-machine.com\/wp-content\/uploads\/2021\/05\/DF2-45-small-brick-making-machine.jpg 692w\" sizes=\"auto, (max-width: 600px) 100vw, 600px\" \/><\/a><figcaption class=\"wp-element-caption\">Petite machine \u00e0 fabriquer des briques DF2-45<\/figcaption><\/figure>    <figure class=\"wp-block-image size-large\"><a href=\"https:\/\/www.agriculture-machine.com\/wp-content\/uploads\/2021\/05\/DF3-45small-brick-making-machine.jpg\"><img loading=\"lazy\" decoding=\"async\" width=\"600\" height=\"540\" data-id=\"10587\" src=\"https:\/\/www.agriculture-machine.com\/wp-content\/uploads\/2021\/05\/DF3-45small-brick-making-machine-600x540.jpg\" alt=\"Petite machine \u00e0 fabriquer des briques DF3-45\" class=\"wp-image-10587\" srcset=\"https:\/\/www.agriculture-machine.com\/wp-content\/uploads\/2021\/05\/DF3-45small-brick-making-machine-600x540.jpg 600w, https:\/\/www.agriculture-machine.com\/wp-content\/uploads\/2021\/05\/DF3-45small-brick-making-machine-300x270.jpg 300w, https:\/\/www.agriculture-machine.com\/wp-content\/uploads\/2021\/05\/DF3-45small-brick-making-machine.jpg 692w\" sizes=\"auto, (max-width: 600px) 100vw, 600px\" \/><\/a><figcaption class=\"wp-element-caption\">Petite machine \u00e0 fabriquer des briques DF3-45<\/figcaption><\/figure>    <figure class=\"wp-block-image size-large\"><a href=\"https:\/\/www.agriculture-machine.com\/wp-content\/uploads\/2021\/05\/DF-diesel-block-making-machine.jpg\"><img loading=\"lazy\" decoding=\"async\" width=\"600\" height=\"540\" data-id=\"10589\" src=\"https:\/\/www.agriculture-machine.com\/wp-content\/uploads\/2021\/05\/DF-diesel-block-making-machine-600x540.jpg\" alt=\"Machine \u00e0 fabriquer des blocs DF-diesel\" class=\"wp-image-10589\" srcset=\"https:\/\/www.agriculture-machine.com\/wp-content\/uploads\/2021\/05\/DF-diesel-block-making-machine-600x540.jpg 600w, https:\/\/www.agriculture-machine.com\/wp-content\/uploads\/2021\/05\/DF-diesel-block-making-machine-300x270.jpg 300w, https:\/\/www.agriculture-machine.com\/wp-content\/uploads\/2021\/05\/DF-diesel-block-making-machine.jpg 692w\" sizes=\"auto, (max-width: 600px) 100vw, 600px\" \/><\/a><figcaption class=\"wp-element-caption\">Machine \u00e0 fabriquer des blocs DF-diesel<\/figcaption><\/figure>    <figure class=\"wp-block-image size-large\"><a href=\"https:\/\/www.agriculture-machine.com\/wp-content\/uploads\/2021\/05\/DF4-35A-block-molding-machine.jpg\"><img loading=\"lazy\" decoding=\"async\" width=\"600\" height=\"540\" data-id=\"10588\" src=\"https:\/\/www.agriculture-machine.com\/wp-content\/uploads\/2021\/05\/DF4-35A-block-molding-machine-600x540.jpg\" alt=\"Machine \u00e0 mouler les blocs DF4-35A\" class=\"wp-image-10588\" srcset=\"https:\/\/www.agriculture-machine.com\/wp-content\/uploads\/2021\/05\/DF4-35A-block-molding-machine-600x540.jpg 600w, https:\/\/www.agriculture-machine.com\/wp-content\/uploads\/2021\/05\/DF4-35A-block-molding-machine-300x270.jpg 300w, https:\/\/www.agriculture-machine.com\/wp-content\/uploads\/2021\/05\/DF4-35A-block-molding-machine.jpg 692w\" sizes=\"auto, (max-width: 600px) 100vw, 600px\" \/><\/a><figcaption class=\"wp-element-caption\">Machine \u00e0 mouler les blocs DF4-35A<\/figcaption><\/figure> <\/figure>    <h2 class=\"wp-block-heading\">Quel est le processus de fabrication des briques ?<\/h2>    <p>Tous les mati\u00e8res premi\u00e8res - m\u00e9lange - fa\u00e7onnage - s\u00e9chage (cuisson au four) - produit fini<\/p>    <h3 class=\"wp-block-heading\">S\u00e9lectionner les mati\u00e8res premi\u00e8res<\/h3>    <p>Peut-\u00eatre avez-vous toutes les mati\u00e8res premi\u00e8res mentionn\u00e9es ci-dessus. \u00c0 ce moment, ce sera plus abondant et moins cher. Choisir des mat\u00e9riaux riches et \u00e0 bas prix vous fera \u00e9conomiser une grande partie du co\u00fbt.<\/p>    <h3 class=\"wp-block-heading\">M\u00e9langer les mat\u00e9riaux<\/h3>    <p>Apr\u00e8s avoir s\u00e9lectionn\u00e9 les mati\u00e8res premi\u00e8res, ajouter une certaine quantit\u00e9 de ciment et d'eau, puis m\u00e9langer les mat\u00e9riaux. Un temps de m\u00e9lange prolong\u00e9 permet un m\u00e9lange plus uniforme. La r\u00e9sistance du m\u00e9lange \u00e0 sec apr\u00e8s 20 minutes est 15-23% plus \u00e9lev\u00e9e qu'apr\u00e8s 10 minutes. Le m\u00e9lange humide est optimal lorsque le mat\u00e9riau ne s'agglom\u00e8re pas. La dur\u00e9e de stockage du mat\u00e9riau m\u00e9lang\u00e9 est d'environ 2 heures. Si le temps est trop long ou trop court, la r\u00e9sistance \u00e0 la compression de la brique sera r\u00e9duite.<\/p>    <h3 class=\"wp-block-heading\">Moulage<\/h3>    <p>La pression lors du moulage de la brique en argile-ciment doit \u00eatre de pr\u00e9f\u00e9rence de 500 kg par centim\u00e8tre carr\u00e9. Sous cette pression, ses produits ont une haute r\u00e9sistance \u00e0 la compression et une bonne r\u00e9sistance \u00e0 l'eau. Une pression trop faible rend le compactage difficile.<\/p>    <h3 class=\"wp-block-heading\">Conditions de cure<\/h3>    <p>Les briques en argile-ciment sont g\u00e9n\u00e9ralement prot\u00e9g\u00e9es par \u00e9nergie solaire. La r\u00e9sistance \u00e0 la cure naturelle pendant 7 jours \u00e9quivaut \u00e0 67 \u00e0 90 % de la r\u00e9sistance \u00e0 28 jours. Donc, si le site de cure est petit, les briques en argile-ciment peuvent quitter l'usine apr\u00e8s 7 jours de cure naturelle.<\/p>    <h2 class=\"wp-block-heading\">Quels sont les types de briques ?<\/h2>    <p>Les types actuels de briques incluent les petits blocs creux en b\u00e9ton l\u00e9ger, les briques ordinaires cuites, les briques poreuses cuites, les briques en sable-lime autoclaves, les briques en cendres volantes, les petits blocs creux en b\u00e9ton, les briques creuses, et les blocs en b\u00e9ton cellulaire autoclave. Tous ces types de briques peuvent \u00eatre fabriqu\u00e9s par notre machine \u00e0 briques.<\/p>    <figure class=\"wp-block-image aligncenter size-full wp-image-10564\"><img loading=\"lazy\" decoding=\"async\" width=\"720\" height=\"540\" src=\"https:\/\/www.agriculture-machine.com\/wp-content\/uploads\/2021\/05\/types-of-brick.jpg\" alt=\"types de briques\" class=\"wp-image-10564\" srcset=\"https:\/\/www.agriculture-machine.com\/wp-content\/uploads\/2021\/05\/types-of-brick.jpg 720w, https:\/\/www.agriculture-machine.com\/wp-content\/uploads\/2021\/05\/types-of-brick-360x270.jpg 360w, https:\/\/www.agriculture-machine.com\/wp-content\/uploads\/2021\/05\/types-of-brick-240x180.jpg 240w\" sizes=\"auto, (max-width: 720px) 100vw, 720px\" \/><figcaption class=\"wp-element-caption\">types de briques<\/figcaption><\/figure>    <h2 class=\"wp-block-heading\">\u00c9quipement compatible avec la machine \u00e0 briques<\/h2>    <h3 class=\"wp-block-heading\">Petit m\u00e9langeur<\/h3>    <p>En achetant notre machine \u00e0 briques, vous pouvez \u00e9galement \u00e9quiper un petit m\u00e9langeur. Car les briques n\u00e9cessitent toujours beaucoup de mati\u00e8res premi\u00e8res \u00e0 m\u00e9langer. L'effet de m\u00e9lange de la machine est plus uniforme que le m\u00e9lange manuel, ce qui garantit une couleur uniforme et une haute qualit\u00e9 des briques. Elle sera vendue \u00e0 un bon prix.<\/p>    <h2 class=\"wp-block-heading\">Quel est le prix de la machine \u00e0 fabriquer des briques ?<\/h2>    <p>Comme mentionn\u00e9 ci-dessus, nous avons de nombreux types de machines \u00e0 briques. La plus populaire est la machine manuelle \u00e0 fabriquer des blocs. Elle est simple d'utilisation et tr\u00e8s efficace, elle peut produire 8000-10000 briques en une heure. Contactez-nous si vous avez besoin d'une machine \u00e0 briques. Nous vous pr\u00e9senterons une machine pr\u00e9cise.<\/p>    <figure class=\"wp-block-image aligncenter size-full wp-image-10561\"><img loading=\"lazy\" decoding=\"async\" width=\"720\" height=\"540\" src=\"https:\/\/www.agriculture-machine.com\/wp-content\/uploads\/2021\/05\/block-making-machine.jpg\" alt=\"Machine \u00e0 fabriquer des blocs\" class=\"wp-image-10561\" srcset=\"https:\/\/www.agriculture-machine.com\/wp-content\/uploads\/2021\/05\/block-making-machine.jpg 720w, https:\/\/www.agriculture-machine.com\/wp-content\/uploads\/2021\/05\/block-making-machine-360x270.jpg 360w, https:\/\/www.agriculture-machine.com\/wp-content\/uploads\/2021\/05\/block-making-machine-240x180.jpg 240w\" sizes=\"auto, (max-width: 720px) 100vw, 720px\" \/><figcaption class=\"wp-element-caption\">Machine \u00e0 fabriquer des blocs<\/figcaption><\/figure>    <h2 class=\"wp-block-heading\">Param\u00e8tres techniques<\/h2>    <figure class=\"wp-block-table\"><table><tbody><tr><td>Mod\u00e8le<\/td><td>DF2-45<\/td><td>DF3-45<\/td><td>DF-diesel<\/td><td>DF4-35A<\/td><\/tr><tr><td>\u00c9quip\u00e9 de puissance<\/td><td>1.1kw<\/td><td>1.1kw<\/td><td>8P<\/td><td>4,8kw<\/td><\/tr><tr><td>Temps de moulage<\/td><td>45s<\/td><td>45s<\/td><td>45s<\/td><td>35s<\/td><\/tr><tr><td rowspan=\"2\">Vitesse de fabrication des briques<\/td><td>3600 pi\u00e8ces  240*53*110mm (Brique standard)<\/td><td>8000 pi\u00e8ces  240*53*115mm (Brique standard)<\/td><td>3600 pi\u00e8ces  240*53*110mm (Brique standard)<\/td><td>15000 pi\u00e8ces  240*53*110mm (Brique standard)<\/td><\/tr><tr><td>600 pi\u00e8ces  390*190*190mm (Brique creuse)<\/td><td>1000 pi\u00e8ces  390*190*190mm (Brique creuse)<\/td><td>600 pi\u00e8ces  390*190*190mm (Brique creuse)<\/td><td>2400 pi\u00e8ces  390*190*190mm (Brique creuse)<\/td><\/tr><tr><td>Taille de la machine<\/td><td>900*700*1100mm<\/td><td>1100*1050*1300mm<\/td><td>1900*1000*1550mm<\/td><td>1250*1350*1550mm<\/td><\/tr><tr><td>Poids de la machine<\/td><td>200kg<\/td><td>300kg<\/td><td>250kg<\/td><td>750kg<\/td><\/tr><tr><td>Nombre d'op\u00e9rateurs<\/td><td>1-2<\/td><td>1-2<\/td><td>1-2<\/td><td>1-2<\/td><\/tr><\/tbody><\/table><figcaption class=\"wp-element-caption\">Donn\u00e9es techniques de la machine \u00e0 mouler les briques<\/figcaption><\/figure>    <p>Si vous \u00eates int\u00e9ress\u00e9 par nos machines, n'h\u00e9sitez pas \u00e0 nous contacter \u00e0 tout moment, nous vous fournirons plus d'informations d\u00e9taill\u00e9es et un devis, en esp\u00e9rant collaborer avec vous.<\/p>","protected":false},"excerpt":{"rendered":"<p>Ce qui montre de nombreux types de machines \u00e0 briques. \u00c9galement, cela montre les types de briques, le processus de fabrication des briques. Obtenez plus de d\u00e9tails sur la machine \u00e0 briques.<\/p>","protected":false},"author":1,"featured_media":10567,"parent":0,"comment_status":"closed","ping_status":"closed","template":"","tags":[2608],"product-type":[1],"class_list":["post-10553","product","type-product","status-publish","has-post-thumbnail","hentry","tag-brick","product-type-other"],"_links":{"self":[{"href":"https:\/\/www.agriculture-machine.com\/fr\/wp-json\/wp\/v2\/product\/10553","targetHints":{"allow":["GET"]}}],"collection":[{"href":"https:\/\/www.agriculture-machine.com\/fr\/wp-json\/wp\/v2\/product"}],"about":[{"href":"https:\/\/www.agriculture-machine.com\/fr\/wp-json\/wp\/v2\/types\/product"}],"author":[{"embeddable":true,"href":"https:\/\/www.agriculture-machine.com\/fr\/wp-json\/wp\/v2\/users\/1"}],"replies":[{"embeddable":true,"href":"https:\/\/www.agriculture-machine.com\/fr\/wp-json\/wp\/v2\/comments?post=10553"}],"wp:featuredmedia":[{"embeddable":true,"href":"https:\/\/www.agriculture-machine.com\/fr\/wp-json\/wp\/v2\/media\/10567"}],"wp:attachment":[{"href":"https:\/\/www.agriculture-machine.com\/fr\/wp-json\/wp\/v2\/media?parent=10553"}],"wp:term":[{"taxonomy":"post_tag","embeddable":true,"href":"https:\/\/www.agriculture-machine.com\/fr\/wp-json\/wp\/v2\/tags?post=10553"},{"taxonomy":"product-type","embeddable":true,"href":"https:\/\/www.agriculture-machine.com\/fr\/wp-json\/wp\/v2\/product-type?post=10553"}],"curies":[{"name":"wp","href":"https:\/\/api.w.org\/{rel}","templated":true}]}}