{"id":10611,"date":"2021-06-04T15:46:59","date_gmt":"2021-06-04T07:46:59","guid":{"rendered":"https:\/\/www.agriculture-machine.com\/?p=10611"},"modified":"2024-10-24T14:11:33","modified_gmt":"2024-10-24T06:11:33","slug":"small-rice-destoner-blowing-gravity-destoner-machine","status":"publish","type":"product","link":"https:\/\/www.agriculture-machine.com\/fr\/small-rice-destoner-blowing-gravity-destoner-machine\/","title":{"rendered":"Petite machine de d\u00e9grainage de riz | machine de d\u00e9grainage par gravit\u00e9 \u00e0 souffler"},"content":{"rendered":"<p class=\"translation-block\">Il s'agit d'un petit d\u00e9pi\u00e9geur de riz. Son principe de fonctionnement est d'utiliser diff\u00e9rentes gravit\u00e9s, puis de souffler les impuret\u00e9s avec un ventilateur, c'est pourquoi cette machine est aussi appel\u00e9e machine de d\u00e9pi\u00e9geage par souffle et gravit\u00e9. Contrairement \u00e0 <a href=\"https:\/\/www.agriculture-machine.com\/fr\/rice-destoner-machine\/\">d'autres machines de retrait de pierres<\/a>, cette machine a une petite structure et est tr\u00e8s pratique \u00e0 utiliser.<\/p>    <h2 class=\"wp-block-heading\">Test du d\u00e9pi\u00e9geur de riz mini et \u00e9conomique pour le client<\/h2>    <figure class=\"wp-block-embed aligncenter is-type-video is-provider-youtube wp-block-embed-youtube wp-embed-aspect-16-9 wp-has-aspect-ratio\"><div class=\"wp-block-embed__wrapper\"> <iframe loading=\"lazy\" title=\"Machine de d\u00e9pi\u00e9geage de riz la plus r\u00e9cente | Mini machine de d\u00e9pi\u00e9geage avec capacit\u00e9 de 400-2000kg\/h\" width=\"500\" height=\"281\" src=\"https:\/\/www.youtube.com\/embed\/dK00e-AiYC8?feature=oembed\" frameborder=\"0\" allow=\"accelerometer; autoplay; clipboard-write; encrypted-media; gyroscope; picture-in-picture; web-share\" referrerpolicy=\"strict-origin-when-cross-origin\" allowfullscreen><\/iframe> <\/div><figcaption class=\"wp-element-caption\">Vid\u00e9o de fonctionnement du petit d\u00e9grainageur de riz<\/figcaption><\/figure>    <h2 class=\"wp-block-heading\">Fonctions de la machine de d\u00e9grainage<\/h2>    <p>La fonction de la machine de d\u00e9pi\u00e9geage est d'\u00e9liminer les impuret\u00e9s, la poussi\u00e8re, les pierres et autres impuret\u00e9s dans le grain. Nous continuons \u00e0 am\u00e9liorer les mod\u00e8les de machines de d\u00e9pi\u00e9geage, et actuellement, nous avons quatre machines diff\u00e9rentes pour enlever les pierres du riz. <\/p>    <p>La capacit\u00e9 varie de 400 \u00e0 2000kg\/h, et les fonctions sont \u00e9galement constamment am\u00e9lior\u00e9es. Elle peut traiter non seulement le riz mais aussi toutes sortes de grains pour \u00e9liminer les impuret\u00e9s, comme le millet, le bl\u00e9, le riz, le soja, les haricots mungo, etc.<\/p>    <figure class=\"wp-block-image aligncenter size-full wp-image-10613\"><img loading=\"lazy\" decoding=\"async\" width=\"720\" height=\"420\" src=\"https:\/\/www.agriculture-machine.com\/wp-content\/uploads\/2021\/06\/remove-impurities-in-millet-wheat-rice-soybeans-mung-beans.jpg\" alt=\"\u00c9liminer les impuret\u00e9s dans le millet, le bl\u00e9, le riz, le soja, les haricots mungo,\" class=\"wp-image-10613\" srcset=\"https:\/\/www.agriculture-machine.com\/wp-content\/uploads\/2021\/06\/remove-impurities-in-millet-wheat-rice-soybeans-mung-beans.jpg 720w, https:\/\/www.agriculture-machine.com\/wp-content\/uploads\/2021\/06\/remove-impurities-in-millet-wheat-rice-soybeans-mung-beans-360x210.jpg 360w\" sizes=\"auto, (max-width: 720px) 100vw, 720px\" \/><figcaption class=\"wp-element-caption\">\u00c9liminer les impuret\u00e9s dans le millet, le bl\u00e9, le riz, le soja, les haricots mungo, etc.<\/figcaption><\/figure>    <h2 class=\"wp-block-heading\">Affichage de la structure<\/h2>    <p>Ce petit d\u00e9grainageur de riz est aliment\u00e9 par un moteur. Il se compose d'un port d'alimentation, d'une sortie d'impuret\u00e9s, d'un ventilateur, d'un interrupteur, etc.<\/p>    <figure class=\"wp-block-gallery has-nested-images columns-2 is-cropped wp-block-gallery-2 is-layout-flex wp-block-gallery-is-layout-flex\"> <figure class=\"wp-block-image size-large\"><a href=\"https:\/\/www.agriculture-machine.com\/wp-content\/uploads\/2021\/06\/Small-rice-destoner-structure-2.jpg\"><img loading=\"lazy\" decoding=\"async\" width=\"720\" height=\"540\" data-id=\"10615\" src=\"https:\/\/www.agriculture-machine.com\/wp-content\/uploads\/2021\/06\/Small-rice-destoner-structure-2.jpg\" alt=\"Structure du petit d\u00e9pi\u00e9geur de riz 2\" class=\"wp-image-10615\" srcset=\"https:\/\/www.agriculture-machine.com\/wp-content\/uploads\/2021\/06\/Small-rice-destoner-structure-2.jpg 720w, https:\/\/www.agriculture-machine.com\/wp-content\/uploads\/2021\/06\/Small-rice-destoner-structure-2-360x270.jpg 360w, https:\/\/www.agriculture-machine.com\/wp-content\/uploads\/2021\/06\/Small-rice-destoner-structure-2-240x180.jpg 240w\" sizes=\"auto, (max-width: 720px) 100vw, 720px\" \/><\/a><\/figure>    <figure class=\"wp-block-image size-large\"><a href=\"https:\/\/www.agriculture-machine.com\/wp-content\/uploads\/2021\/06\/Small-rice-destoner-structure-1.jpg\"><img loading=\"lazy\" decoding=\"async\" width=\"720\" height=\"540\" data-id=\"10614\" src=\"https:\/\/www.agriculture-machine.com\/wp-content\/uploads\/2021\/06\/Small-rice-destoner-structure-1.jpg\" alt=\"Structure du petit d\u00e9pi\u00e9geur de riz 1\" class=\"wp-image-10614\" srcset=\"https:\/\/www.agriculture-machine.com\/wp-content\/uploads\/2021\/06\/Small-rice-destoner-structure-1.jpg 720w, https:\/\/www.agriculture-machine.com\/wp-content\/uploads\/2021\/06\/Small-rice-destoner-structure-1-360x270.jpg 360w, https:\/\/www.agriculture-machine.com\/wp-content\/uploads\/2021\/06\/Small-rice-destoner-structure-1-240x180.jpg 240w\" sizes=\"auto, (max-width: 720px) 100vw, 720px\" \/><\/a><\/figure> <\/figure>    <h2 class=\"wp-block-heading\">D\u00e9tails du mini d\u00e9grainageur de riz<\/h2>    <figure class=\"wp-block-gallery has-nested-images columns-2 is-cropped wp-block-gallery-3 is-layout-flex wp-block-gallery-is-layout-flex\"> <figure class=\"wp-block-image size-large\"><a href=\"https:\/\/www.agriculture-machine.com\/wp-content\/uploads\/2021\/06\/stainless-steel.jpg\"><img loading=\"lazy\" decoding=\"async\" width=\"450\" height=\"278\" data-id=\"10619\" src=\"https:\/\/www.agriculture-machine.com\/wp-content\/uploads\/2021\/06\/stainless-steel.jpg\" alt=\"entr\u00e9e en acier inoxydable\" class=\"wp-image-10619\" srcset=\"https:\/\/www.agriculture-machine.com\/wp-content\/uploads\/2021\/06\/stainless-steel.jpg 450w, https:\/\/www.agriculture-machine.com\/wp-content\/uploads\/2021\/06\/stainless-steel-360x222.jpg 360w\" sizes=\"auto, (max-width: 450px) 100vw, 450px\" \/><\/a><\/figure>    <figure class=\"wp-block-image size-large\"><a href=\"https:\/\/www.agriculture-machine.com\/wp-content\/uploads\/2021\/06\/inlet.jpg\"><img loading=\"lazy\" decoding=\"async\" width=\"450\" height=\"278\" data-id=\"10617\" src=\"https:\/\/www.agriculture-machine.com\/wp-content\/uploads\/2021\/06\/inlet.jpg\" alt=\"entr\u00e9e\" class=\"wp-image-10617\" srcset=\"https:\/\/www.agriculture-machine.com\/wp-content\/uploads\/2021\/06\/inlet.jpg 450w, https:\/\/www.agriculture-machine.com\/wp-content\/uploads\/2021\/06\/inlet-360x222.jpg 360w\" sizes=\"auto, (max-width: 450px) 100vw, 450px\" \/><\/a><\/figure>    <figure class=\"wp-block-image size-large\"><a href=\"https:\/\/www.agriculture-machine.com\/wp-content\/uploads\/2021\/06\/stainless-steel-discharge-hopper.jpg\"><img loading=\"lazy\" decoding=\"async\" width=\"450\" height=\"278\" data-id=\"10618\" src=\"https:\/\/www.agriculture-machine.com\/wp-content\/uploads\/2021\/06\/stainless-steel-discharge-hopper.jpg\" alt=\"Tr\u00e9mie de d\u00e9charge en acier inoxydable\" class=\"wp-image-10618\" srcset=\"https:\/\/www.agriculture-machine.com\/wp-content\/uploads\/2021\/06\/stainless-steel-discharge-hopper.jpg 450w, https:\/\/www.agriculture-machine.com\/wp-content\/uploads\/2021\/06\/stainless-steel-discharge-hopper-360x222.jpg 360w\" sizes=\"auto, (max-width: 450px) 100vw, 450px\" \/><\/a><\/figure>    <figure class=\"wp-block-image size-large\"><a href=\"https:\/\/www.agriculture-machine.com\/wp-content\/uploads\/2021\/06\/High-precision-sieve.jpg\"><img loading=\"lazy\" decoding=\"async\" width=\"450\" height=\"278\" data-id=\"10616\" src=\"https:\/\/www.agriculture-machine.com\/wp-content\/uploads\/2021\/06\/High-precision-sieve.jpg\" alt=\"Tamis de haute pr\u00e9cision\" class=\"wp-image-10616\" srcset=\"https:\/\/www.agriculture-machine.com\/wp-content\/uploads\/2021\/06\/High-precision-sieve.jpg 450w, https:\/\/www.agriculture-machine.com\/wp-content\/uploads\/2021\/06\/High-precision-sieve-360x222.jpg 360w\" sizes=\"auto, (max-width: 450px) 100vw, 450px\" \/><\/a><\/figure> <\/figure>    <ol class=\"wp-block-list\"> <li>L'entr\u00e9e du petit d\u00e9pi\u00e9geur de riz est en acier inoxydable, ce qui rend le grain plus s\u00fbr sans toucher la peinture.<\/li>    <li>Approfondissez le port d'alimentation, qui peut contenir 40 kg de grains \u00e0 la fois.<\/li>    <li>Le tr\u00e9mie de d\u00e9charge en acier inoxydable \u00e9pais et le lieu de d\u00e9charge sont \u00e9galement en acier inoxydable, conforme aux normes d'inspection sanitaire.<\/li>    <li>Filtration par tamis de haute pr\u00e9cision, la zone de d\u00e9charge peut filtrer le riz cass\u00e9, les r\u00e9sidus, la poudre de pierre et autres particules relativement petites \u00e0 travers le tamis.<\/li> <\/ol>    <h2 class=\"wp-block-heading\">Avantages du d\u00e9grainageur de riz petit et \u00e9conomique<\/h2>    <ul class=\"wp-block-list\"> <li>\u00c9conomie d'\u00e9nergie et respect de l'environnement, fabrication de pr\u00e9cision, moteur en cuivre pur.<\/li>    <li>Structure simple, petite taille, faible consommation d'\u00e9nergie.<\/li>    <li>Large gamme d'applications : riz, millet, bl\u00e9, soja, haricots mungo, etc.<\/li>    <li>Utilisation d'acier lamin\u00e9 \u00e0 froid de haute qualit\u00e9 selon la norme nationale.<\/li> <\/ul>    <figure class=\"wp-block-gallery has-nested-images columns-2 is-cropped wp-block-gallery-4 is-layout-flex wp-block-gallery-is-layout-flex\"> <figure class=\"wp-block-image size-large\"><a href=\"https:\/\/www.agriculture-machine.com\/wp-content\/uploads\/2021\/06\/Small-white-rice-destoner.jpg\"><img loading=\"lazy\" decoding=\"async\" width=\"720\" height=\"540\" data-id=\"10622\" src=\"https:\/\/www.agriculture-machine.com\/wp-content\/uploads\/2021\/06\/Small-white-rice-destoner.jpg\" alt=\"Petit d\u00e9grainageur de riz blanc\" class=\"wp-image-10622\" srcset=\"https:\/\/www.agriculture-machine.com\/wp-content\/uploads\/2021\/06\/Small-white-rice-destoner.jpg 720w, https:\/\/www.agriculture-machine.com\/wp-content\/uploads\/2021\/06\/Small-white-rice-destoner-360x270.jpg 360w, https:\/\/www.agriculture-machine.com\/wp-content\/uploads\/2021\/06\/Small-white-rice-destoner-240x180.jpg 240w\" sizes=\"auto, (max-width: 720px) 100vw, 720px\" \/><\/a><\/figure>    <figure class=\"wp-block-image size-large\"><a href=\"https:\/\/www.agriculture-machine.com\/wp-content\/uploads\/2021\/06\/blowing-gravity-destoner-machine.jpg\"><img loading=\"lazy\" decoding=\"async\" width=\"720\" height=\"540\" data-id=\"10621\" src=\"https:\/\/www.agriculture-machine.com\/wp-content\/uploads\/2021\/06\/blowing-gravity-destoner-machine.jpg\" alt=\"Machine de d\u00e9pi\u00e9geage par souffle et gravit\u00e9\" class=\"wp-image-10621\" srcset=\"https:\/\/www.agriculture-machine.com\/wp-content\/uploads\/2021\/06\/blowing-gravity-destoner-machine.jpg 720w, https:\/\/www.agriculture-machine.com\/wp-content\/uploads\/2021\/06\/blowing-gravity-destoner-machine-360x270.jpg 360w, https:\/\/www.agriculture-machine.com\/wp-content\/uploads\/2021\/06\/blowing-gravity-destoner-machine-240x180.jpg 240w\" sizes=\"auto, (max-width: 720px) 100vw, 720px\" \/><\/a><\/figure> <\/figure>    <h2 class=\"wp-block-heading\">Cas client de la machine de d\u00e9poussi\u00e9rage du riz<\/h2>    <p>Nous exportons des machines de d\u00e9grainage de riz blanc vers le Togo. Le client traite du riz blanc, et il souhaite filtrer le sable fin et les impuret\u00e9s dans le riz blanc. <\/p>    <p>Ce petit et bon march\u00e9 d\u00e9pi\u00e9geur de riz blanc est tr\u00e8s populaire en Afrique, et chaque famille doit en avoir un pour manger du riz. <\/p>    <p>Nous exportons chaque mois ce type de petite machine de d\u00e9pi\u00e9geage de riz blanc avec un bonus de 1000 unit\u00e9s. Notre usine fabrique 2000 ensembles de machines de d\u00e9pi\u00e9geage de riz par souffle chaque mois.<\/p>    <figure class=\"wp-block-gallery has-nested-images columns-2 is-cropped wp-block-gallery-5 is-layout-flex wp-block-gallery-is-layout-flex\"> <figure class=\"wp-block-image size-large\"><a href=\"https:\/\/www.agriculture-machine.com\/wp-content\/uploads\/2021\/06\/pack.jpg\"><img loading=\"lazy\" decoding=\"async\" width=\"720\" height=\"540\" data-id=\"10624\" src=\"https:\/\/www.agriculture-machine.com\/wp-content\/uploads\/2021\/06\/pack.jpg\" alt=\"emballage\" class=\"wp-image-10624\" srcset=\"https:\/\/www.agriculture-machine.com\/wp-content\/uploads\/2021\/06\/pack.jpg 720w, https:\/\/www.agriculture-machine.com\/wp-content\/uploads\/2021\/06\/pack-360x270.jpg 360w, https:\/\/www.agriculture-machine.com\/wp-content\/uploads\/2021\/06\/pack-240x180.jpg 240w\" sizes=\"auto, (max-width: 720px) 100vw, 720px\" \/><\/a><\/figure>    <figure class=\"wp-block-image size-large\"><a href=\"https:\/\/www.agriculture-machine.com\/wp-content\/uploads\/2021\/06\/packaging.jpg\"><img loading=\"lazy\" decoding=\"async\" width=\"720\" height=\"540\" data-id=\"10625\" src=\"https:\/\/www.agriculture-machine.com\/wp-content\/uploads\/2021\/06\/packaging.jpg\" alt=\"\" class=\"wp-image-10625\" srcset=\"https:\/\/www.agriculture-machine.com\/wp-content\/uploads\/2021\/06\/packaging.jpg 720w, https:\/\/www.agriculture-machine.com\/wp-content\/uploads\/2021\/06\/packaging-360x270.jpg 360w, https:\/\/www.agriculture-machine.com\/wp-content\/uploads\/2021\/06\/packaging-240x180.jpg 240w\" sizes=\"auto, (max-width: 720px) 100vw, 720px\" \/><\/a><\/figure> <\/figure>    <h2 class=\"wp-block-heading\"><\/h2>    <h2 class=\"wp-block-heading\">Param\u00e8tres techniques<\/h2>    <figure class=\"wp-block-table is-style-stripes\"><table><tbody><tr><td>Mod\u00e8le<\/td><td>I<\/td><td>II<\/td><td>III<\/td><td>IV<\/td><\/tr><tr><td>Puissance<\/td><td>250w,220v<\/td><td>370w,220v<\/td><td>&nbsp;550w,380v<\/td><td>750w,380v<\/td><\/tr><tr><td>Taille de la machine<\/td><td>67*48*63cm<\/td><td>68*50*69.5cm<\/td><td>83*59*76cm<\/td><td>95*72*82cm<\/td><\/tr><tr><td>Capacit\u00e9<\/td><td>400kg\/h<\/td><td>400kg\/h<\/td><td>1000kg\/h<\/td><td>2000kg\/h<\/td><\/tr><\/tbody><\/table><figcaption class=\"wp-element-caption\">Donn\u00e9es techniques du petit d\u00e9grainageur de riz<\/figcaption><\/figure>    <h2 class=\"wp-block-heading\">Comment entretenir la machine ?<\/h2>    <ol class=\"wp-block-list\"> <li><strong>Nettoyage r\u00e9gulier<\/strong>: nettoyer les r\u00e9sidus \u00e0 l'int\u00e9rieur de la machine de d\u00e9pi\u00e9geage apr\u00e8s chaque utilisation pour \u00e9viter le bouchage et la contamination.<\/li>    <li><strong>Maintenance de lubrification<\/strong>: v\u00e9rifier et ajouter de la lubrification r\u00e9guli\u00e8rement pour assurer le bon fonctionnement des pi\u00e8ces m\u00e9caniques et prolonger la dur\u00e9e de vie.<\/li>    <li><strong>V\u00e9rifier l'\u00e9cran<\/strong>: v\u00e9rifiez r\u00e9guli\u00e8rement l'usure de l'\u00e9cran, s'il est cass\u00e9 ou bouch\u00e9, remplacez-le ou nettoyez-le \u00e0 temps.<\/li>    <li><strong>Inspection \u00e9lectrique:<\/strong> V\u00e9rifiez r\u00e9guli\u00e8rement le moteur, le c\u00e2blage et le syst\u00e8me de contr\u00f4le pour assurer la s\u00e9curit\u00e9 et la fiabilit\u00e9 des pi\u00e8ces \u00e9lectriques.<\/li>    <li><strong>Pi\u00e8ces de fixation :<\/strong> V\u00e9rifier et serrer r\u00e9guli\u00e8rement tous les boulons, \u00e9crous et autres fixations pour \u00e9viter tout desserrage pouvant causer une panne m\u00e9canique.<\/li>    <li><strong>Traitement anti-rouille<\/strong>: Pour les machines qui ne sont pas utilis\u00e9es pendant longtemps, il faut effectuer un traitement anti-rouille et stocker dans un environnement sec et ventil\u00e9.<\/li> <\/ol>    <p>Our company offers many types of small rice destoner machines to meet different customers&#8217; needs. Whether you need a small home machine or a large industrial machine, we can provide you with the right solution. Feel free to contact us for more machine information and quotation, we are looking forward to cooperating with you to improve your production efficiency and rice product quality.<\/p>","protected":false},"excerpt":{"rendered":"<p>Il s'agit d'un petit d\u00e9pi\u00e9geur de riz. La version \u00e0 petite capacit\u00e9 est tr\u00e8s adapt\u00e9e \u00e0 un usage domestique, et la version \u00e0 grande capacit\u00e9 peut \u00eatre utilis\u00e9e par les moulins.<\/p>","protected":false},"author":1,"featured_media":10623,"parent":0,"comment_status":"closed","ping_status":"closed","template":"","tags":[2621],"product-type":[907,875],"class_list":["post-10611","product","type-product","status-publish","has-post-thumbnail","hentry","tag-destoner","product-type-paddy-rice-destoner","product-type-rice-mill-category"],"_links":{"self":[{"href":"https:\/\/www.agriculture-machine.com\/fr\/wp-json\/wp\/v2\/product\/10611","targetHints":{"allow":["GET"]}}],"collection":[{"href":"https:\/\/www.agriculture-machine.com\/fr\/wp-json\/wp\/v2\/product"}],"about":[{"href":"https:\/\/www.agriculture-machine.com\/fr\/wp-json\/wp\/v2\/types\/product"}],"author":[{"embeddable":true,"href":"https:\/\/www.agriculture-machine.com\/fr\/wp-json\/wp\/v2\/users\/1"}],"replies":[{"embeddable":true,"href":"https:\/\/www.agriculture-machine.com\/fr\/wp-json\/wp\/v2\/comments?post=10611"}],"wp:featuredmedia":[{"embeddable":true,"href":"https:\/\/www.agriculture-machine.com\/fr\/wp-json\/wp\/v2\/media\/10623"}],"wp:attachment":[{"href":"https:\/\/www.agriculture-machine.com\/fr\/wp-json\/wp\/v2\/media?parent=10611"}],"wp:term":[{"taxonomy":"post_tag","embeddable":true,"href":"https:\/\/www.agriculture-machine.com\/fr\/wp-json\/wp\/v2\/tags?post=10611"},{"taxonomy":"product-type","embeddable":true,"href":"https:\/\/www.agriculture-machine.com\/fr\/wp-json\/wp\/v2\/product-type?post=10611"}],"curies":[{"name":"wp","href":"https:\/\/api.w.org\/{rel}","templated":true}]}}