{"id":10672,"date":"2021-06-11T10:04:44","date_gmt":"2021-06-11T02:04:44","guid":{"rendered":"https:\/\/www.agriculture-machine.com\/?p=10672"},"modified":"2024-09-18T15:51:29","modified_gmt":"2024-09-18T07:51:29","slug":"chicken-cow-pig-horse-dung-dehydrator-manure-dehydrator","status":"publish","type":"product","link":"https:\/\/www.agriculture-machine.com\/fr\/chicken-cow-pig-horse-dung-dehydrator-manure-dehydrator\/","title":{"rendered":"D\u00e9shydrateur de fumier de poulet, de vache, de porc, de cheval | d\u00e9shydrateur de fumier"},"content":{"rendered":"<p>D\u00e9shydrateur de fumier d'\u00e9levage, aussi appel\u00e9 d\u00e9shydrateur de fumier de volailles. Il sert \u00e0 d\u00e9shydrater le fumier de porc, de b\u00e9tail, de lapins, de poulets, et dans les fermes d'\u00e9levage de taille moyenne et grande pour traiter le fumier animal. Il est aussi appel\u00e9 s\u00e9parateur solide-liquide par certains, qui peut \u00eatre utilis\u00e9 pour s\u00e9parer les r\u00e9sidus \u00e0 haute concentration et le liquide dans les grains de distillation, r\u00e9sidus de m\u00e9dicaments, d\u00e9chets, r\u00e9sidus, abattoirs et ing\u00e9nierie des eaux us\u00e9es. C'est un \u00e9quipement de d\u00e9shydratation id\u00e9al.<\/p>    <div class=\"wp-block-image\"><figure class=\"aligncenter size-large\"><img loading=\"lazy\" decoding=\"async\" width=\"720\" height=\"540\" src=\"https:\/\/www.agriculture-machine.com\/wp-content\/uploads\/2021\/06\/poultry-dung-dehydrator.jpg\" alt=\"d\u00e9shydrateur de fumier de volailles\" class=\"wp-image-10676\" srcset=\"https:\/\/www.agriculture-machine.com\/wp-content\/uploads\/2021\/06\/poultry-dung-dehydrator.jpg 720w, https:\/\/www.agriculture-machine.com\/wp-content\/uploads\/2021\/06\/poultry-dung-dehydrator-360x270.jpg 360w, https:\/\/www.agriculture-machine.com\/wp-content\/uploads\/2021\/06\/poultry-dung-dehydrator-240x180.jpg 240w\" sizes=\"auto, (max-width: 720px) 100vw, 720px\" \/><figcaption>d\u00e9shydrateur de fumier de volailles<\/figcaption><\/figure><\/div>    <h2 class=\"wp-block-heading\" id=\"h-structure-composition-of-screw-extrusion-dung-dehydrator\">Composition structurelle du d\u00e9shydrateur de fumier \u00e0 extrusion par vis<\/h2>    <p>Le s\u00e9parateur solide-liquide \u00e0 extrusion par vis est principalement compos\u00e9 d'un h\u00f4te, d'une pompe anti-obstruction, d'un coffret de contr\u00f4le, de pipelines et d'autres \u00e9quipements. Le corps principal, l'\u00e9cran \u00e0 mailles, l'extrudeur \u00e0 vis, le moteur \u00e0 engrenages, le contrepoids et le dispositif de d\u00e9chargement sont constitu\u00e9s de pi\u00e8ces.<\/p>    <div class=\"wp-block-image\"><figure class=\"aligncenter size-large\"><img loading=\"lazy\" decoding=\"async\" width=\"720\" height=\"540\" src=\"https:\/\/www.agriculture-machine.com\/wp-content\/uploads\/2021\/06\/Structure-composition-of-screw-extrusion-dehydrator.jpg\" alt=\"Composition structurelle du d\u00e9shydrateur \u00e0 extrusion par vis\" class=\"wp-image-10674\" srcset=\"https:\/\/www.agriculture-machine.com\/wp-content\/uploads\/2021\/06\/Structure-composition-of-screw-extrusion-dehydrator.jpg 720w, https:\/\/www.agriculture-machine.com\/wp-content\/uploads\/2021\/06\/Structure-composition-of-screw-extrusion-dehydrator-360x270.jpg 360w, https:\/\/www.agriculture-machine.com\/wp-content\/uploads\/2021\/06\/Structure-composition-of-screw-extrusion-dehydrator-240x180.jpg 240w\" sizes=\"auto, (max-width: 720px) 100vw, 720px\" \/><figcaption>Composition structurelle du d\u00e9shydrateur \u00e0 extrusion par vis<\/figcaption><\/figure><\/div>    <h2 class=\"wp-block-heading\" id=\"h-working-principle-of-the-manure-dehydrator\">Principe de fonctionnement du d\u00e9shydrateur de fumier<\/h2>    <p>La pompe \u00e0 boue est utilis\u00e9e pour envoyer le fumier brut dans la machine. La mati\u00e8re solide est s\u00e9par\u00e9e par la vis de compression dans l'\u00e9cran. Les excr\u00e9ments sont filtr\u00e9s et d\u00e9shydrat\u00e9s par un \u00e9cran, puis d\u00e9charg\u00e9s par le port de d\u00e9charge. Les excr\u00e9ments d\u00e9shydrat\u00e9s peuvent \u00eatre vendus directement ou transform\u00e9s en fertilisant. Le liquide s'\u00e9coule par la sortie de liquide \u00e0 travers l'\u00e9cran et est transport\u00e9 vers la piscine, transformant ainsi les d\u00e9chets en tr\u00e9sor.<\/p>    <p>La partie sup\u00e9rieure de l'h\u00f4te est con\u00e7ue avec un port de d\u00e9bordement, et le port de d\u00e9charge peut ajuster l'humidit\u00e9 s\u00e8che du mat\u00e9riau d\u00e9charg\u00e9.<\/p>    <div class=\"wp-block-image\"><figure class=\"aligncenter size-large\"><img loading=\"lazy\" decoding=\"async\" width=\"720\" height=\"518\" src=\"https:\/\/www.agriculture-machine.com\/wp-content\/uploads\/2021\/06\/working-principle-of-the-fecal-dehydrator-720x518.jpg\" alt=\"Principe de fonctionnement du d\u00e9shydrateur de f\u00e8ces\" class=\"wp-image-10677\" srcset=\"https:\/\/www.agriculture-machine.com\/wp-content\/uploads\/2021\/06\/working-principle-of-the-fecal-dehydrator-720x518.jpg 720w, https:\/\/www.agriculture-machine.com\/wp-content\/uploads\/2021\/06\/working-principle-of-the-fecal-dehydrator-360x259.jpg 360w, https:\/\/www.agriculture-machine.com\/wp-content\/uploads\/2021\/06\/working-principle-of-the-fecal-dehydrator.jpg 750w\" sizes=\"auto, (max-width: 720px) 100vw, 720px\" \/><figcaption>Principe de fonctionnement du d\u00e9shydrateur de f\u00e8ces<\/figcaption><\/figure><\/div>    <h2 class=\"wp-block-heading\" id=\"h-advantages-of-manure-dehydrator-machine\">Avantages de la machine d\u00e9shydratante de fumier<\/h2>    <ul class=\"wp-block-list\"><li>1. Vis sans fin en acier inoxydable, tout le corps de la machine ne rouille pas.<\/li><li>2. Couvercle sup\u00e9rieur en acier inoxydable de nouvelle g\u00e9n\u00e9ration, facile \u00e0 d\u00e9monter.<\/li><li>3. Renforcez le filtre, il est facile \u00e0 nettoyer et difficile \u00e0 endommager.<\/li><li>4. Moteur \u00e0 noyau en cuivre de haute qualit\u00e9, il a un faible bruit et une haute puissance.<\/li><li>5. Pompe de coupe d'eaux us\u00e9es, les d\u00e9bris peuvent \u00eatre pomp\u00e9s sans obstruction.<\/li><\/ul>    <div class=\"wp-block-image\"><figure class=\"aligncenter size-large\"><img loading=\"lazy\" decoding=\"async\" width=\"720\" height=\"540\" src=\"https:\/\/www.agriculture-machine.com\/wp-content\/uploads\/2021\/06\/solid-liquid-separator.jpg\" alt=\"S\u00e9parateur solide-liquide\" class=\"wp-image-10675\" srcset=\"https:\/\/www.agriculture-machine.com\/wp-content\/uploads\/2021\/06\/solid-liquid-separator.jpg 720w, https:\/\/www.agriculture-machine.com\/wp-content\/uploads\/2021\/06\/solid-liquid-separator-360x270.jpg 360w, https:\/\/www.agriculture-machine.com\/wp-content\/uploads\/2021\/06\/solid-liquid-separator-240x180.jpg 240w\" sizes=\"auto, (max-width: 720px) 100vw, 720px\" \/><figcaption>S\u00e9parateur solide-liquide<\/figcaption><\/figure><\/div>    <h2 class=\"wp-block-heading\" id=\"h-why-should-dung-be-dehydrated\">Pourquoi le fumier doit-il \u00eatre d\u00e9shydrat\u00e9\uff1f<\/h2>    <p>Apr\u00e8s utilisation du d\u00e9shydrateur de f\u00e8ces, le fumier de porc, de canard, de vache, de poulet et autres fumiers avicoles sont s\u00e9par\u00e9s en fertilisant liquide et fertilisant solide. Le fertilisant liquide peut \u00eatre utilis\u00e9 directement pour la culture et l'absorption. Le fertilisant solide peut \u00eatre transport\u00e9 vers des zones d\u00e9pourvues d'engrais pour utilisation. Il peut \u00e9galement prot\u00e9ger la structure du sol. En m\u00eame temps, il peut \u00eatre transform\u00e9 en engrais compos\u00e9 apr\u00e8s fermentation.<\/p>    <div class=\"wp-block-image\"><figure class=\"aligncenter size-large\"><img loading=\"lazy\" decoding=\"async\" width=\"720\" height=\"540\" src=\"https:\/\/www.agriculture-machine.com\/wp-content\/uploads\/2021\/06\/Manure-Organic-Fertilizer.jpg\" alt=\"Fumier-Engrais-Organique\" class=\"wp-image-10678\" srcset=\"https:\/\/www.agriculture-machine.com\/wp-content\/uploads\/2021\/06\/Manure-Organic-Fertilizer.jpg 720w, https:\/\/www.agriculture-machine.com\/wp-content\/uploads\/2021\/06\/Manure-Organic-Fertilizer-360x270.jpg 360w, https:\/\/www.agriculture-machine.com\/wp-content\/uploads\/2021\/06\/Manure-Organic-Fertilizer-240x180.jpg 240w\" sizes=\"auto, (max-width: 720px) 100vw, 720px\" \/><figcaption>Fumier-Engrais-Organique<\/figcaption><\/figure><\/div>    <h2 class=\"wp-block-heading\" id=\"h-who-can-buy-a-fecal-dehydrator\">Qui peut acheter un d\u00e9shydrateur de f\u00e8ces<\/h2>    <p>1. Traitement du fumier de porc dans les fermes porcines. Les fermes porcines peuvent acheter un tel d\u00e9shydrateur de fumier de porc. Vous pouvez utiliser le fumier de porc d\u00e9shydrat\u00e9 pour fabriquer des produits en pellet et le taux d'humidit\u00e9 est inf\u00e9rieur \u00e0 12%. Il ne contient aucun composant chimique. C'est un engrais organique id\u00e9al pour les terres agricoles.<\/p>    <div class=\"wp-block-image\"><figure class=\"aligncenter size-large\"><img loading=\"lazy\" decoding=\"async\" width=\"720\" height=\"540\" src=\"https:\/\/www.agriculture-machine.com\/wp-content\/uploads\/2021\/06\/pellet-organic-fertilizer.jpg\" alt=\"engrais-organique-pelletis\u00e9\" class=\"wp-image-10679\" srcset=\"https:\/\/www.agriculture-machine.com\/wp-content\/uploads\/2021\/06\/pellet-organic-fertilizer.jpg 720w, https:\/\/www.agriculture-machine.com\/wp-content\/uploads\/2021\/06\/pellet-organic-fertilizer-360x270.jpg 360w, https:\/\/www.agriculture-machine.com\/wp-content\/uploads\/2021\/06\/pellet-organic-fertilizer-240x180.jpg 240w\" sizes=\"auto, (max-width: 720px) 100vw, 720px\" \/><figcaption>engrais-organique-pelletis\u00e9<\/figcaption><\/figure><\/div>    <p class=\"translation-block\">2. Les excr\u00e9ments s\u00e9par\u00e9s peuvent se m\u00e9langer avec <a href=\"https:\/\/www.agriculture-machine.com\/fr\/combined-chaff-cutter-and-grinder-straw-cutter-and-grain-grinder\/\">paille de son<\/a> et \u00eatre compl\u00e8tement ferment\u00e9s avec des souches. Apr\u00e8s granulation, ils peuvent \u00eatre transform\u00e9s en engrais organique compos\u00e9. De plus, ils peuvent am\u00e9liorer la qualit\u00e9 du sol et augmenter directement le rendement. Ils peuvent \u00e9galement \u00eatre utilis\u00e9s pour \u00e9lever des vers de terre, cultiver des champignons, nourrir des poissons, etc., ce qui peut ajouter un revenu suppl\u00e9mentaire consid\u00e9rable \u00e0 votre ferme. Donc, le d\u00e9shydrateur de fumier est un bon outil pour l'agriculture.<\/p>    <div class=\"wp-block-image\"><figure class=\"aligncenter size-large\"><img loading=\"lazy\" decoding=\"async\" width=\"720\" height=\"540\" src=\"https:\/\/www.agriculture-machine.com\/wp-content\/uploads\/2021\/06\/separated-feces-can-mix-with-straw-chaff.jpg\" alt=\"excr\u00e9ments s\u00e9par\u00e9s-peuvent-m\u00e9langer-avec-paille-de-son\" class=\"wp-image-10680\" srcset=\"https:\/\/www.agriculture-machine.com\/wp-content\/uploads\/2021\/06\/separated-feces-can-mix-with-straw-chaff.jpg 720w, https:\/\/www.agriculture-machine.com\/wp-content\/uploads\/2021\/06\/separated-feces-can-mix-with-straw-chaff-360x270.jpg 360w, https:\/\/www.agriculture-machine.com\/wp-content\/uploads\/2021\/06\/separated-feces-can-mix-with-straw-chaff-240x180.jpg 240w\" sizes=\"auto, (max-width: 720px) 100vw, 720px\" \/><figcaption>excr\u00e9ments s\u00e9par\u00e9s-peuvent-m\u00e9langer-avec-paille-de-son<\/figcaption><\/figure><\/div>    <p>3. Traitement du fumier de vache dans les fermes bovines. Le fumier de vache s\u00e9par\u00e9 par un s\u00e9parateur solide-liquide peut servir de mat\u00e9riau pour la liti\u00e8re de vache. De plus, il peut fabriquer du combustible \u00e0 partir de fumier de vache pour r\u00e9duire les co\u00fbts. Le fumier liquide s\u00e9par\u00e9 peut \u00eatre d\u00e9charg\u00e9 directement dans le digesteur de biogaz, ce qui augmente la production de biogaz. Le digesteur de biogaz ne sera pas bloqu\u00e9, ce qui prolonge sa dur\u00e9e de vie. Le fumier solide est pratique pour le transport et peut \u00eatre vendu \u00e0 un prix \u00e9lev\u00e9.<\/p>    <p>4. Utilisateurs de digesteur de biogaz. Avant que l'eau de fumier n'entre dans le digesteur de biogaz, des mesures de s\u00e9paration solide-liquide peuvent r\u00e9soudre le probl\u00e8me de pr\u00e9cipitation du fumier de porc dans le digesteur. Et cela augmente consid\u00e9rablement la capacit\u00e9 de traitement du digesteur. En m\u00eame temps, la zone de construction des r\u00e9servoirs de biogaz et des r\u00e9servoirs biochimiques est consid\u00e9rablement r\u00e9duite. Cela permet d'\u00e9conomiser sur l'investissement en construction et l'utilisation du terrain pour le traitement environnemental.<\/p>    <h2 class=\"wp-block-heading\" id=\"h-why-choose-us\">Pourquoi nous choisir ?<\/h2>    <p>Nous sommes un fabricant professionnel de machines agricoles. Actuellement, notre d\u00e9shydrateur de fumier a \u00e9t\u00e9 export\u00e9 au Pakistan, en Inde, en Malaisie, aux Philippines, etc. Le client du d\u00e9shydrateur de fumier export\u00e9 au Pakistan l'utilise pour d\u00e9shydrater le fumier de vache car il \u00e9l\u00e8ve beaucoup de vaches. De plus, il ne veut pas gaspiller de fumier, il a donc achet\u00e9 un d\u00e9shydrateur de f\u00e8ces chez nous avec une capacit\u00e9 de 7 m\u00e8tres cubes par heure.<\/p>    <div class=\"wp-block-image\"><figure class=\"aligncenter size-large\"><img loading=\"lazy\" decoding=\"async\" width=\"720\" height=\"339\" src=\"https:\/\/www.agriculture-machine.com\/wp-content\/uploads\/2021\/06\/manure-dehydrator.jpg\" alt=\"d\u00e9shydrateur de fumier\" class=\"wp-image-10687\" srcset=\"https:\/\/www.agriculture-machine.com\/wp-content\/uploads\/2021\/06\/manure-dehydrator.jpg 720w, https:\/\/www.agriculture-machine.com\/wp-content\/uploads\/2021\/06\/manure-dehydrator-360x170.jpg 360w\" sizes=\"auto, (max-width: 720px) 100vw, 720px\" \/><figcaption>d\u00e9shydrateur de fumier<\/figcaption><\/figure><\/div>    <h2 class=\"wp-block-heading\" id=\"h-what-does-a-fecal-dehydrator-include\">Que comprend un d\u00e9shydrateur de f\u00e8ces\uff1f<\/h2>    <p>Le d\u00e9shydrateur de fumier comprend un h\u00f4te, une pompe de 4 kW, un coffret de contr\u00f4le, une paire de contrepoids, un ensemble de tuyaux d'aspiration, un ensemble de tuyaux de drainage, un manuel d'utilisation et une carte de garantie.<\/p>    <h2 class=\"wp-block-heading\" id=\"h-technical-parameters\">Param\u00e8tres techniques<\/h2>    <figure class=\"wp-block-table\"><table><tbody><tr><td>Mod\u00e8le<\/td><td>180<\/td><td>200<\/td><td>300<\/td><\/tr><tr><td>Puissance<\/td><td>220\/380V<\/td><td>380V<\/td><td>380V<\/td><\/tr><tr><td>Puissance de la machine<\/td><td>4kw<\/td><td>5.5kw<\/td><td>7,5kw<\/td><\/tr><tr><td>Puissance de la pompe<\/td><td>3kw<\/td><td>3kw<\/td><td>3kw<\/td><\/tr><tr><td>Entr\u00e9e<\/td><td>76mm<\/td><td>76mm<\/td><td>76mm<\/td><\/tr><tr><td>Drain<\/td><td>102mm<\/td><td>102mm<\/td><td>102mm<\/td><\/tr><tr><td>Mat\u00e9riau<\/td><td>Acier inoxydable 304<\/td><td>Acier inoxydable 304<\/td><td>Acier inoxydable 304<\/td><\/tr><tr><td>Extracteur de fumier<\/td><td>20M3\/h<\/td><td>20M3\/h<\/td><td>25M3\/h<\/td><\/tr><tr><td>Fumier sec<\/td><td>5M3\/h<\/td><td>7M3\/h<\/td><td>15M3\/h<\/td><\/tr><tr><td>Longueur du filet du cylindre<\/td><td>180*600mm<\/td><td>200*600mm<\/td><td>300*600mm<\/td><\/tr><\/tbody><\/table><\/figure>","protected":false},"excerpt":{"rendered":"<p>Livestock dung dehydrator is also called poultry manure dehydrator. It is used for dehydrating&nbsp;pig dung, cattle dung, rabbits dung, chickens dung, and large and medium-sized livestock farms to treat animal manure.&nbsp;It is also called a solid-liquid separator by some people, which can be used to separate high-concentration slag and liquid in distiller grains, medicine residue, [&hellip;]<\/p>\n","protected":false},"author":1,"featured_media":10682,"parent":0,"comment_status":"closed","ping_status":"closed","template":"","tags":[2611],"product-type":[1],"class_list":["post-10672","product","type-product","status-publish","has-post-thumbnail","hentry","tag-dehydrator","product-type-other"],"_links":{"self":[{"href":"https:\/\/www.agriculture-machine.com\/fr\/wp-json\/wp\/v2\/product\/10672","targetHints":{"allow":["GET"]}}],"collection":[{"href":"https:\/\/www.agriculture-machine.com\/fr\/wp-json\/wp\/v2\/product"}],"about":[{"href":"https:\/\/www.agriculture-machine.com\/fr\/wp-json\/wp\/v2\/types\/product"}],"author":[{"embeddable":true,"href":"https:\/\/www.agriculture-machine.com\/fr\/wp-json\/wp\/v2\/users\/1"}],"replies":[{"embeddable":true,"href":"https:\/\/www.agriculture-machine.com\/fr\/wp-json\/wp\/v2\/comments?post=10672"}],"wp:featuredmedia":[{"embeddable":true,"href":"https:\/\/www.agriculture-machine.com\/fr\/wp-json\/wp\/v2\/media\/10682"}],"wp:attachment":[{"href":"https:\/\/www.agriculture-machine.com\/fr\/wp-json\/wp\/v2\/media?parent=10672"}],"wp:term":[{"taxonomy":"post_tag","embeddable":true,"href":"https:\/\/www.agriculture-machine.com\/fr\/wp-json\/wp\/v2\/tags?post=10672"},{"taxonomy":"product-type","embeddable":true,"href":"https:\/\/www.agriculture-machine.com\/fr\/wp-json\/wp\/v2\/product-type?post=10672"}],"curies":[{"name":"wp","href":"https:\/\/api.w.org\/{rel}","templated":true}]}}