{"id":10716,"date":"2021-06-17T18:25:19","date_gmt":"2021-06-17T10:25:19","guid":{"rendered":"https:\/\/www.agriculture-machine.com\/?p=10716"},"modified":"2024-10-24T14:11:26","modified_gmt":"2024-10-24T06:11:26","slug":"small-sweet-corn-sheller-for-fresh-maize","status":"publish","type":"product","link":"https:\/\/www.agriculture-machine.com\/fr\/small-sweet-corn-sheller-for-fresh-maize\/","title":{"rendered":"D\u00e9cortiqueur de ma\u00efs frais | Machine \u00e0 d\u00e9cortiquer le ma\u00efs doux | \u00c9plucheuse de ma\u00efs doux"},"content":{"rendered":"<p class=\"translation-block\">Le <strong>d\u00e9cortiqueur de ma\u00efs frais<\/strong> peut d\u00e9cortiquer toutes sortes de ma\u00efs frais, ma\u00efs doux, ma\u00efs cireux, ma\u00efs cuit, et ma\u00efs apr\u00e8s d\u00e9cong\u00e9lation. Il peut traiter jusqu\u2019\u00e0 600 kg de grains de ma\u00efs frais par heure, augmentant l\u2019efficacit\u00e9 de plus de 30 fois par rapport au d\u00e9corticage manuel traditionnel, r\u00e9solvant compl\u00e8tement le probl\u00e8me de p\u00e9nurie de main-d'\u0153uvre et de faible efficacit\u00e9 lors des saisons agricoles charg\u00e9es.<\/p>    <p>La conception anti-d\u00e9g\u00e2t unique du d\u00e9cortiqueur de ma\u00efs doux garantit que chaque grain de ma\u00efs est plein et intact, avec un taux de d\u00e9corticage allant jusqu\u2019\u00e0 98%. Il convient aux usines et entreprises telles que cuisines centrales, grains de ma\u00efs en conserve, sirops de ma\u00efs surgel\u00e9s, usines de grains de ma\u00efs, transformation d\u2019aliments secs, traitement de produits agricoles et sid\u00e9rurgiques, etc.<\/p>    <figure class=\"wp-block-embed aligncenter is-type-video is-provider-youtube wp-block-embed-youtube wp-embed-aspect-16-9 wp-has-aspect-ratio\"><div class=\"wp-block-embed__wrapper\"> <iframe loading=\"lazy\" title=\"Machine \u00e0 d\u00e9cortiquer le ma\u00efs en acier inoxydable ! d\u00e9corticage propre du ma\u00efs doux \u00e0 vendre\" width=\"500\" height=\"281\" src=\"https:\/\/www.youtube.com\/embed\/f_IO5_pMlug?feature=oembed\" frameborder=\"0\" allow=\"accelerometer; autoplay; clipboard-write; encrypted-media; gyroscope; picture-in-picture; web-share\" referrerpolicy=\"strict-origin-when-cross-origin\" allowfullscreen><\/iframe> <\/div><figcaption class=\"wp-element-caption\">Comment fonctionne la machine \u00e0 d\u00e9cortiquer le ma\u00efs doux<\/figcaption><\/figure>    <p>Plusieurs d\u00e9cortiqueurs de ma\u00efs doux peuvent fonctionner avec des lignes d\u2019assemblage \u00e0 grande \u00e9chelle, par exemple, lignes de d\u00e9corticage et de lavage du ma\u00efs. Une seule machine peut \u00eatre utilis\u00e9e pour la transformation alimentaire, comme la production de ma\u00efs en conserve et les ateliers de transformation, etc.<\/p>    <figure class=\"wp-block-image aligncenter size-large\"><img loading=\"lazy\" decoding=\"async\" width=\"720\" height=\"540\" src=\"https:\/\/www.agriculture-machine.com\/wp-content\/uploads\/2021\/06\/Sweet-corn-sheller.jpg\" alt=\"D\u00e9cortiqueur de ma\u00efs doux\" class=\"wp-image-10718\" srcset=\"https:\/\/www.agriculture-machine.com\/wp-content\/uploads\/2021\/06\/Sweet-corn-sheller.jpg 720w, https:\/\/www.agriculture-machine.com\/wp-content\/uploads\/2021\/06\/Sweet-corn-sheller-360x270.jpg 360w, https:\/\/www.agriculture-machine.com\/wp-content\/uploads\/2021\/06\/Sweet-corn-sheller-240x180.jpg 240w\" sizes=\"auto, (max-width: 720px) 100vw, 720px\" \/><figcaption class=\"wp-element-caption\">D\u00e9cortiqueur de ma\u00efs doux<\/figcaption><\/figure>    <h2 class=\"wp-block-heading\" id=\"h-structure-of-the-fresh-corn-threshing-machine\">Structure et caract\u00e9ristiques du d\u00e9cortiqueur de ma\u00efs frais<\/h2>    <p>La machine enti\u00e8re de d\u00e9corticage de ma\u00efs frais est en acier inoxydable, ce qui lui permet de s\u2019adapter pleinement \u00e0 l\u2019environnement humide du centre de traitement. Ses composants principaux sont illustr\u00e9s dans la figure ci-dessous.<\/p>    <ul class=\"wp-block-list\"> <li><strong>Conception raisonnable :<\/strong> Toute la machine est en acier inoxydable, facile \u00e0 d\u00e9placer avec des roulettes. Le convertisseur de fr\u00e9quence contr\u00f4le la vitesse et l\u2019op\u00e9ration est simple.<\/li>    <li><strong>Alimentation pratique : <\/strong>Le port d\u2019alimentation est \u00e9quip\u00e9 d\u2019un dispositif d\u2019alimentation \u00e0 cha\u00eene, ce qui am\u00e9liore efficacement l\u2019efficacit\u00e9 du travail.<\/li>    <li><strong>Port de d\u00e9charge : <\/strong>Il est \u00e9quip\u00e9 d\u2019un souffleur pour rendre les grains de ma\u00efs propres et beaux apr\u00e8s leur extraction.<\/li>    <li><strong>Forte adaptabilit\u00e9 : <\/strong>Il est non seulement adapt\u00e9 \u00e0 la production \u00e0 grande \u00e9chelle dans les usines et les lignes d\u2019assemblage, mais aussi \u00e0 la transformation dans les ateliers familiaux.<\/li>    <li><strong>Taux de d\u00e9corticage \u00e9lev\u00e9 : <\/strong>Elle convient au d\u00e9corticage de ma\u00efs de diff\u00e9rentes tailles, et la profondeur de d\u00e9corticage est r\u00e9glable.<\/li>    <li><strong>Outils de couteau avec une longue dur\u00e9e de vie : <\/strong>Ils sont fabriqu\u00e9s en acier inoxydable sp\u00e9cial, subissent un traitement de processus sp\u00e9cial, ne n\u00e9cessitent pas d\u2019aff\u00fbtage \u00e0 long terme, et sont durables.<\/li> <\/ul>    <figure class=\"wp-block-image aligncenter size-large is-resized\"><img loading=\"lazy\" decoding=\"async\" width=\"720\" height=\"540\" src=\"https:\/\/www.agriculture-machine.com\/wp-content\/uploads\/2021\/06\/Sweet-corn-thresher-structure.jpg\" alt=\"Structure du d\u00e9cortiqueur de ma\u00efs doux\" class=\"wp-image-10719\" style=\"width:720px;height:auto\" srcset=\"https:\/\/www.agriculture-machine.com\/wp-content\/uploads\/2021\/06\/Sweet-corn-thresher-structure.jpg 720w, https:\/\/www.agriculture-machine.com\/wp-content\/uploads\/2021\/06\/Sweet-corn-thresher-structure-360x270.jpg 360w, https:\/\/www.agriculture-machine.com\/wp-content\/uploads\/2021\/06\/Sweet-corn-thresher-structure-240x180.jpg 240w\" sizes=\"auto, (max-width: 720px) 100vw, 720px\" \/><figcaption class=\"wp-element-caption\">Structure du d\u00e9cortiqueur de ma\u00efs doux<\/figcaption><\/figure>    <h2 class=\"wp-block-heading\" id=\"h-introduction-of-threshing-sweet-corn\">Principe de fonctionnement du d\u00e9corticage du ma\u00efs doux<\/h2>    <h3 class=\"wp-block-heading\" id=\"h-place-peeled-fresh-corn-on-the-conveyor-chain\">Placer le ma\u00efs pel\u00e9 sur la cha\u00eene transporteuse<\/h3>    <ul class=\"wp-block-list\"> <li>Le ma\u00efs est aliment\u00e9 dans la machine \u00e0 ma\u00efs un par un par la cha\u00eene transporteuse.<\/li>    <li>Le syst\u00e8me de transport utilise une cha\u00eene en acier inoxydable pour un transport \u00e0 vitesse uniforme. V=15 m\/min.<\/li>    <li>Alimenter le ma\u00efs.<\/li>    <li>Le rouleau en caoutchouc tourne dans le sens de la fl\u00e8che, saisissant et transportant la tige de ma\u00efs dans le coupeur.<\/li>    <li>Le rouleau en caoutchouc est fabriqu\u00e9 en mat\u00e9riau non toxique sp\u00e9cial, avec une texture douce et \u00e9lastique. Il garantit que le ma\u00efs \u00e0 peau ultra-fine ne se cassera pas ni n\u2019\u00e9clatera.<\/li> <\/ul>    <figure class=\"wp-block-image aligncenter size-large is-resized\"><img loading=\"lazy\" decoding=\"async\" width=\"720\" height=\"540\" src=\"https:\/\/www.agriculture-machine.com\/wp-content\/uploads\/2021\/06\/corn.jpg\" alt=\"Structure interne\" class=\"wp-image-10720\" style=\"width:540px;height:405px\" srcset=\"https:\/\/www.agriculture-machine.com\/wp-content\/uploads\/2021\/06\/corn.jpg 720w, https:\/\/www.agriculture-machine.com\/wp-content\/uploads\/2021\/06\/corn-360x270.jpg 360w, https:\/\/www.agriculture-machine.com\/wp-content\/uploads\/2021\/06\/corn-240x180.jpg 240w\" sizes=\"auto, (max-width: 720px) 100vw, 720px\" \/><figcaption class=\"wp-element-caption\">Structure interne<\/figcaption><\/figure>    <h3 class=\"wp-block-heading\" id=\"h-core-structure-separation-of-kernel-and-stem\">Structure principale - s\u00e9paration du grain et de la tige<\/h3>    <ul class=\"wp-block-list\"> <li>Des couteaux et t\u00eates de coupe uniques peuvent facilement couper des \u00e9pis de diff\u00e9rentes tailles. <\/li>    <li>Une lame \u00e0 cinq pi\u00e8ces tourne \u00e0 grande vitesse, proche de l\u2019\u00e9pi de ma\u00efs. <\/li>    <li>La lame tourne dans le sens antihoraire pour couper les \u00e9pis de ma\u00efs. <\/li>    <li>L\u2019outil de coupe est fabriqu\u00e9 en mat\u00e9riaux \u00e0 haute duret\u00e9, haute t\u00e9nacit\u00e9 et haute r\u00e9sistance \u00e0 l\u2019usure. Il a \u00e9t\u00e9 d\u00e9velopp\u00e9 en plusieurs \u00e9tapes, ce qui prolonge consid\u00e9rablement le cycle d\u2019aff\u00fbtage et am\u00e9liore la productivit\u00e9.<\/li> <\/ul>    <figure class=\"wp-block-image aligncenter size-large is-resized\"><img loading=\"lazy\" decoding=\"async\" width=\"720\" height=\"540\" src=\"https:\/\/www.agriculture-machine.com\/wp-content\/uploads\/2021\/06\/maize.jpg\" alt=\"D\u00e9tails int\u00e9rieurs\" class=\"wp-image-10721\" style=\"width:540px;height:405px\" srcset=\"https:\/\/www.agriculture-machine.com\/wp-content\/uploads\/2021\/06\/maize.jpg 720w, https:\/\/www.agriculture-machine.com\/wp-content\/uploads\/2021\/06\/maize-360x270.jpg 360w, https:\/\/www.agriculture-machine.com\/wp-content\/uploads\/2021\/06\/maize-240x180.jpg 240w\" sizes=\"auto, (max-width: 720px) 100vw, 720px\" \/><figcaption class=\"wp-element-caption\">D\u00e9tails int\u00e9rieurs<\/figcaption><\/figure>    <h3 class=\"wp-block-heading\" id=\"h-radial-cutting-of-corn-cob\">D\u00e9coupe radiale de la tige de ma\u00efs<\/h3>    <ul class=\"wp-block-list\"> <li>La coupe est nette, lisse et s\u00e8che, sans endommager le contenu du grain.<\/li>    <li>La profondeur de coupe est r\u00e9glable, et elle peut r\u00e9pondre aux besoins des utilisateurs de tous niveaux.<\/li> <\/ul>    <figure class=\"wp-block-image aligncenter size-large is-resized\"><img loading=\"lazy\" decoding=\"async\" width=\"720\" height=\"540\" src=\"https:\/\/www.agriculture-machine.com\/wp-content\/uploads\/2021\/06\/Radial-cutting.jpg\" alt=\"D\u00e9coupe radiale\" class=\"wp-image-10722\" style=\"width:540px;height:405px\" srcset=\"https:\/\/www.agriculture-machine.com\/wp-content\/uploads\/2021\/06\/Radial-cutting.jpg 720w, https:\/\/www.agriculture-machine.com\/wp-content\/uploads\/2021\/06\/Radial-cutting-360x270.jpg 360w, https:\/\/www.agriculture-machine.com\/wp-content\/uploads\/2021\/06\/Radial-cutting-240x180.jpg 240w\" sizes=\"auto, (max-width: 720px) 100vw, 720px\" \/><figcaption class=\"wp-element-caption\">D\u00e9coupe radiale<\/figcaption><\/figure>    <h3 class=\"wp-block-heading\" id=\"h-axial-cutting-of-corn-cob\">D\u00e9coupe axiale de la tige de ma\u00efs<\/h3>    <ul class=\"wp-block-list\"> <li>Une coupe conique axiale peut \u00eatre r\u00e9alis\u00e9e, ce qui am\u00e9liore consid\u00e9rablement le rendement des grains de ma\u00efs.<\/li>    <li>Coupe lisse du ma\u00efs en forme sp\u00e9ciale et courb\u00e9.<\/li>    <li>La longueur minimale de l\u2019\u00e9pi de ma\u00efs pour la coupe est de 80 mm.<\/li> <\/ul>    <figure class=\"wp-block-image aligncenter size-large is-resized\"><img loading=\"lazy\" decoding=\"async\" width=\"720\" height=\"540\" src=\"https:\/\/www.agriculture-machine.com\/wp-content\/uploads\/2021\/06\/Axial-cutting.jpg\" alt=\"D\u00e9coupe axiale\" class=\"wp-image-10723\" style=\"width:540px;height:405px\" srcset=\"https:\/\/www.agriculture-machine.com\/wp-content\/uploads\/2021\/06\/Axial-cutting.jpg 720w, https:\/\/www.agriculture-machine.com\/wp-content\/uploads\/2021\/06\/Axial-cutting-360x270.jpg 360w, https:\/\/www.agriculture-machine.com\/wp-content\/uploads\/2021\/06\/Axial-cutting-240x180.jpg 240w\" sizes=\"auto, (max-width: 720px) 100vw, 720px\" \/><figcaption class=\"wp-element-caption\">D\u00e9coupe axiale<\/figcaption><\/figure>    <h3 class=\"wp-block-heading\" id=\"h-corn-cob-discharge\">D\u00e9charge de la tige de ma\u00efs<\/h3>    <ul class=\"wp-block-list\"> <li>Il y a un disque dent\u00e9 au centre du rouleau en plastique.<\/li>    <li>La tige de ma\u00efs peut \u00eatre saisie, transport\u00e9e et d\u00e9charg\u00e9e.<\/li>    <li>La tige de ma\u00efs est \u00e9vacu\u00e9e coaxialement par deux ensembles de quatre roues de d\u00e9charge, ce qui am\u00e9liore la stabilit\u00e9 de la d\u00e9charge et \u00e9vite les blocages.<\/li> <\/ul>    <figure class=\"wp-block-image aligncenter size-large is-resized\"><img loading=\"lazy\" decoding=\"async\" width=\"506\" height=\"540\" src=\"https:\/\/www.agriculture-machine.com\/wp-content\/uploads\/2021\/06\/Corn-cob-discharge.jpg\" alt=\"D\u00e9charge de la tige de ma\u00efs\" class=\"wp-image-10724\" style=\"width:380px;height:405px\" srcset=\"https:\/\/www.agriculture-machine.com\/wp-content\/uploads\/2021\/06\/Corn-cob-discharge.jpg 506w, https:\/\/www.agriculture-machine.com\/wp-content\/uploads\/2021\/06\/Corn-cob-discharge-253x270.jpg 253w\" sizes=\"auto, (max-width: 506px) 100vw, 506px\" \/><figcaption class=\"wp-element-caption\">D\u00e9charge de la tige de ma\u00efs<\/figcaption><\/figure>    <h3 class=\"wp-block-heading\" id=\"h-electrical-control\">Contr\u00f4le \u00e9lectrique<\/h3>    <p>L\u2019ensemble du processus op\u00e9rationnel du d\u00e9cortiqueur de ma\u00efs frais est contr\u00f4l\u00e9 par un moteur. La machine est \u00e9quip\u00e9e de boutons de commande, et il y a un inverseur dans la structure interne.<\/p>    <figure class=\"wp-block-image aligncenter size-large is-resized\"><img loading=\"lazy\" decoding=\"async\" width=\"720\" height=\"540\" src=\"https:\/\/www.agriculture-machine.com\/wp-content\/uploads\/2021\/06\/Electrical-control.jpg\" alt=\"Contr\u00f4le \u00e9lectrique\" class=\"wp-image-10725\" style=\"width:540px;height:405px\" srcset=\"https:\/\/www.agriculture-machine.com\/wp-content\/uploads\/2021\/06\/Electrical-control.jpg 720w, https:\/\/www.agriculture-machine.com\/wp-content\/uploads\/2021\/06\/Electrical-control-360x270.jpg 360w, https:\/\/www.agriculture-machine.com\/wp-content\/uploads\/2021\/06\/Electrical-control-240x180.jpg 240w\" sizes=\"auto, (max-width: 720px) 100vw, 720px\" \/><figcaption class=\"wp-element-caption\">Contr\u00f4le \u00e9lectrique<\/figcaption><\/figure>    <h2 class=\"wp-block-heading\" id=\"h-application-of-fresh-corn-thresher-in-the-production-line\">Application du d\u00e9cortiqueur de ma\u00efs frais dans les lignes de production<\/h2>    <p>Dans l\u2019usine de transformation de ma\u00efs en conserve, vous pouvez utiliser plusieurs d\u00e9cortiqueurs de ma\u00efs frais si vous souhaitez une grande capacit\u00e9 en m\u00eame temps. Vous pouvez laver, emballer, congeler et vendre apr\u00e8s d\u00e9corticage.<\/p>    <figure class=\"wp-block-image aligncenter size-large\"><img loading=\"lazy\" decoding=\"async\" width=\"720\" height=\"540\" src=\"https:\/\/www.agriculture-machine.com\/wp-content\/uploads\/2021\/06\/Sweet-corn-thresher-in-production-line.jpg\" alt=\"D\u00e9cortiqueur de ma\u00efs en production\" class=\"wp-image-10727\" srcset=\"https:\/\/www.agriculture-machine.com\/wp-content\/uploads\/2021\/06\/Sweet-corn-thresher-in-production-line.jpg 720w, https:\/\/www.agriculture-machine.com\/wp-content\/uploads\/2021\/06\/Sweet-corn-thresher-in-production-line-360x270.jpg 360w, https:\/\/www.agriculture-machine.com\/wp-content\/uploads\/2021\/06\/Sweet-corn-thresher-in-production-line-240x180.jpg 240w\" sizes=\"auto, (max-width: 720px) 100vw, 720px\" \/><figcaption class=\"wp-element-caption\">D\u00e9cortiqueur de ma\u00efs doux en ligne de production<\/figcaption><\/figure>    <h2 class=\"wp-block-heading\">Avantages du d\u00e9cortiqueur de ma\u00efs doux<\/h2>    <p>De nos jours, les produits en conserve, diverses garnitures de ma\u00efs, et l\u2019utilisation quotidienne du ma\u00efs font que la demande pour le ma\u00efs frais est \u00e9lev\u00e9e. La production massive de ma\u00efs frais est devenue un ph\u00e9nom\u00e8ne courant. La mati\u00e8re de la machine est en acier inoxydable de qualit\u00e9 alimentaire, produisant des grains de ma\u00efs propres et hygi\u00e9niques.<\/p>    <ul class=\"wp-block-list\"> <li><strong>Efficacit\u00e9 accrue :<\/strong> Les d\u00e9cortiqueurs de ma\u00efs doux peuvent traiter de grandes quantit\u00e9s de ma\u00efs en peu de temps, ce qui peut aider \u00e0 r\u00e9duire les co\u00fbts de main-d'\u0153uvre et \u00e0 augmenter la productivit\u00e9 des grandes usines de traitement du ma\u00efs.<\/li>    <li><strong>Coh\u00e9rence :<\/strong> Les d\u00e9cortiqueurs de ma\u00efs frais peuvent d\u00e9cortiquer le ma\u00efs de mani\u00e8re coh\u00e9rente et avec pratiquement aucune casse, aidant \u00e0 am\u00e9liorer la qualit\u00e9 globale du ma\u00efs et \u00e0 r\u00e9duire le gaspillage.<\/li>    <li><strong>Am\u00e9lioration de la s\u00e9curit\u00e9 alimentaire :<\/strong> Les d\u00e9cortiqueurs de ma\u00efs doux sont con\u00e7us pour d\u00e9coller les grains de ma\u00efs sans contamination, ce qui est particuli\u00e8rement important pour les entreprises qui vendent du ma\u00efs doux comme produit alimentaire.<\/li>    <li><strong>Adaptabilit\u00e9 :<\/strong> La section de d\u00e9corticage de nos d\u00e9cortiqueurs de ma\u00efs doux s\u2019ajuste automatiquement \u00e0 la taille sp\u00e9cifique du ma\u00efs, leur permettant de traiter des ma\u00efs de tous diam\u00e8tres.<\/li> <\/ul>    <figure class=\"wp-block-image aligncenter size-full\"><img loading=\"lazy\" decoding=\"async\" width=\"720\" height=\"540\" src=\"https:\/\/www.agriculture-machine.com\/wp-content\/uploads\/2023\/04\/sweet-corn-shelling-machine-.webp\" alt=\"D\u00e9cortiqueur de ma\u00efs doux\" class=\"wp-image-14539\" title=\"D\u00e9cortiqueur de ma\u00efs doux\"\/><figcaption class=\"wp-element-caption\">D\u00e9cortiqueur de ma\u00efs doux<\/figcaption><\/figure>    <p>En g\u00e9n\u00e9ral, les grandes usines de traitement du ma\u00efs frais utiliseront plus d\u2019un d\u00e9cortiqueur de ma\u00efs frais pour commencer \u00e0 travailler en m\u00eame temps.<\/p>    <figure class=\"wp-block-image aligncenter size-full\"><img loading=\"lazy\" decoding=\"async\" width=\"720\" height=\"540\" src=\"https:\/\/www.agriculture-machine.com\/wp-content\/uploads\/2023\/04\/fresh-corn-thresher-.webp\" alt=\"D\u00e9cortiqueur de ma\u00efs frais\" class=\"wp-image-14542\" title=\"D\u00e9cortiqueur de ma\u00efs frais\"\/><figcaption class=\"wp-element-caption\">D\u00e9cortiqueur de ma\u00efs frais<\/figcaption><\/figure>    <h2 class=\"wp-block-heading\">Informations techniques sur le d\u00e9cortiqueur de ma\u00efs doux<\/h2>    <figure class=\"wp-block-table is-style-stripes\"><table><tbody><tr><td>Mod\u00e8le<\/td><td>HYMZ-268<\/td><td>HYMZ-368<\/td><\/tr><tr><td>Tension<\/td><td>220V mono<\/td><td>220V mono<\/td><\/tr><tr><td>Moteur<\/td><td>1HP 1\/2HP 1\/4HP<\/td><td>1HP 1\/2HP 1\/4HP<\/td><\/tr><tr><td>Production<\/td><td>400-500kg\/h (seulement graines)<\/td><td>600kg\/h (seulement graines)<\/td><\/tr><tr><td>Taille du convoyeur d\u2019entr\u00e9e<\/td><td>Sans<\/td><td>690*260*380mm<\/td><\/tr><tr><td>Taille de la machine<\/td><td>630*620*1250mm<\/td><td>1320*620*1250mm<\/td><\/tr><tr><td>Poids de la machine<\/td><td>100kg<\/td><td>100kg<\/td><\/tr><\/tbody><\/table><figcaption class=\"wp-element-caption\">Param\u00e8tres du d\u00e9cortiqueur de ma\u00efs doux<\/figcaption><\/figure>    <h2 class=\"wp-block-heading\">D\u00e9cortiqueur de ma\u00efs frais vendu en Am\u00e9rique<\/h2>    <p>Un client des \u00c9tats-Unis a achet\u00e9 un d\u00e9cortiqueur de ma\u00efs frais pour son usage. Lors de la communication avec le client, nous fournirons toutes les informations sur la machine. Par exemple, des images, des vid\u00e9os, des param\u00e8tres, la structure, etc.<\/p>    <p>Nous serons \u00e9galement pr\u00eats \u00e0 r\u00e9pondre \u00e0 toutes les questions que le client pourrait avoir sur la machine. En plus du d\u00e9cortiqueur de ma\u00efs frais, le client a \u00e9galement achet\u00e9 un ensemble de lames. <\/p>    <p>Apr\u00e8s l\u2019achat du d\u00e9cortiqueur de ma\u00efs frais, nous fournirons le manuel et le mode d\u2019emploi. Ainsi, les clients n\u2019ont pas \u00e0 s\u2019inqui\u00e9ter de ne pas savoir comment faire fonctionner la machine.<\/p>    <figure class=\"wp-block-gallery has-nested-images columns-default is-cropped wp-block-gallery-2 is-layout-flex wp-block-gallery-is-layout-flex\"> <figure class=\"wp-block-image size-large\"><img loading=\"lazy\" decoding=\"async\" width=\"720\" height=\"540\" data-id=\"14544\" src=\"https:\/\/www.agriculture-machine.com\/wp-content\/uploads\/2023\/04\/wooden-case-packing-of-the-fresh-corn-thresher-.webp\" alt=\"Emballage en caisse en bois du d\u00e9cortiqueur de ma\u00efs frais\" class=\"wp-image-14544\" title=\"Emballage en caisse en bois du d\u00e9cortiqueur de ma\u00efs\"\/><figcaption class=\"wp-element-caption\">Emballage en caisse en bois du d\u00e9cortiqueur de ma\u00efs frais<\/figcaption><\/figure>    <figure class=\"wp-block-image size-large\"><img loading=\"lazy\" decoding=\"async\" width=\"720\" height=\"540\" data-id=\"14545\" src=\"https:\/\/www.agriculture-machine.com\/wp-content\/uploads\/2023\/04\/packed-sweet-corn-sheller-.webp\" alt=\"D\u00e9cortiqueur de ma\u00efs sucr\u00e9 emball\u00e9\" class=\"wp-image-14545\" title=\"D\u00e9cortiqueur de ma\u00efs sucr\u00e9 emball\u00e9 \"\/><figcaption class=\"wp-element-caption\">D\u00e9cortiqueur de ma\u00efs sucr\u00e9 emball\u00e9<\/figcaption><\/figure>    <figure class=\"wp-block-image size-large\"><img loading=\"lazy\" decoding=\"async\" width=\"720\" height=\"540\" data-id=\"14546\" src=\"https:\/\/www.agriculture-machine.com\/wp-content\/uploads\/2023\/04\/spare-parts-.webp\" alt=\"Pi\u00e8ces de rechange de la machine\" class=\"wp-image-14546\" title=\"Pi\u00e8ces de rechange\"\/><figcaption class=\"wp-element-caption\">Pi\u00e8ces de rechange de la machine<\/figcaption><\/figure> <\/figure>    <h2 class=\"wp-block-heading\">FAQ sur le d\u00e9cortiqueur de ma\u00efs doux<\/h2>   <div id=\"rank-math-faq\" class=\"rank-math-block\"> <div class=\"rank-math-list\"> <div id=\"faq-question-63172586910d0\" class=\"rank-math-list-item\"> <h3 class=\"rank-math-question\">Ce machine peut-elle d\u00e9cortiquer le ma\u00efs ?<\/h3> <div class=\"rank-math-answer\">  <p class=\"translation-block\">Non, lors du d\u00e9corticage avec un d\u00e9cortiqueur de ma\u00efs doux, vous devez enlever la cosse avant de la mettre dans la machine. Nous avons d\u2019autres types de <a href=\"https:\/\/www.agriculture-machine.com\/fr\/maize-peeler-and-thresher\/\">d\u00e9cortiqueurs et \u00e9plucheurs de ma\u00efs<\/a>.<\/p>  <\/div> <\/div> <div id=\"faq-question-63172586910d5\" class=\"rank-math-list-item\"> <h3 class=\"rank-math-question\">La vitesse de la lame est-elle r\u00e9glable ?<\/h3> <div class=\"rank-math-answer\">  <p>La vitesse de rotation de la lame est contr\u00f4l\u00e9e par le convertisseur de fr\u00e9quence, et la vitesse d\u2019alimentation est fixe.<\/p>  <\/div> <\/div> <div id=\"faq-question-63172586910d6\" class=\"rank-math-list-item\"> <h3 class=\"rank-math-question\">Le ma\u00efs peut-il \u00eatre retir\u00e9 ?<\/h3> <div class=\"rank-math-answer\">  <p>Oui, c\u2019est possible. Le d\u00e9cortiqueur de ma\u00efs frais est \u00e9quip\u00e9 d\u2019un dispositif de marche arri\u00e8re et de rembobinage de la roue d\u2019alimentation. Si la tige de ma\u00efs est cass\u00e9e ou bloqu\u00e9e, appuyez sur le bouton de marche arri\u00e8re pour la faire sortir en douceur.<\/p>  <\/div> <\/div> <div id=\"faq-question-63172586910d7\" class=\"rank-math-list-item\"> <h3 class=\"rank-math-question\">Quelle est la capacit\u00e9 de sortie d\u2019un d\u00e9cortiqueur de ma\u00efs doux ?<\/h3> <div class=\"rank-math-answer\">  <p>La machine peut d\u00e9cortiquer 75 \u00e9pis de ma\u00efs par minute, avec un rendement d\u2019environ 300 kg\/h (grains de ma\u00efs).<\/p>  <\/div> <\/div> <\/div> <\/div>   <figure class=\"wp-block-embed aligncenter is-type-video is-provider-youtube wp-block-embed-youtube wp-embed-aspect-4-3 wp-has-aspect-ratio\"><div class=\"wp-block-embed__wrapper\"> <iframe loading=\"lazy\" title=\"D\u00e9cortiqueur de ma\u00efs \/ Machine \u00e0 d\u00e9cortiquer le ma\u00efs prix \/ usine de d\u00e9corticage de ma\u00efs en acier inoxydable\" width=\"500\" height=\"375\" src=\"https:\/\/www.youtube.com\/embed\/bH8ETVh9jv8?start=11&#038;feature=oembed\" frameborder=\"0\" allow=\"accelerometer; autoplay; clipboard-write; encrypted-media; gyroscope; picture-in-picture; web-share\" referrerpolicy=\"strict-origin-when-cross-origin\" allowfullscreen><\/iframe> <\/div><figcaption class=\"wp-element-caption\">Vid\u00e9o de fonctionnement du d\u00e9cortiqueur de ma\u00efs doux en acier inoxydable<\/figcaption><\/figure>    <h2 class=\"wp-block-heading\">Contactez-nous \u00e0 tout moment<\/h2>    <p>Les agriculteurs et entrepreneurs agricoles sont invit\u00e9s \u00e0 se renseigner activement sur notre d\u00e9cortiqueur de ma\u00efs frais ! Nous nous engageons \u00e0 vous fournir des solutions efficaces et fiables, ainsi qu\u2019un support complet de consultation avant-vente et apr\u00e8s-vente. Au plaisir de collaborer avec vous !<\/p>","protected":false},"excerpt":{"rendered":"<p>Le d\u00e9cortiqueur de ma\u00efs frais peut d\u00e9cortiquer le ma\u00efs doux, le ma\u00efs frais, le ma\u00efs cireux, le ma\u00efs cuit, et le ma\u00efs apr\u00e8s d\u00e9cong\u00e9lation. La capacit\u00e9 est de 600 kg\/h et le taux de d\u00e9corticage atteint 98%.<\/p>","protected":false},"author":1,"featured_media":10729,"parent":0,"comment_status":"closed","ping_status":"closed","template":"","tags":[491,2614],"product-type":[893,872],"class_list":["post-10716","product","type-product","status-publish","has-post-thumbnail","hentry","tag-corn","tag-thresher","product-type-corn-thresher","product-type-thresher-sheller"],"_links":{"self":[{"href":"https:\/\/www.agriculture-machine.com\/fr\/wp-json\/wp\/v2\/product\/10716","targetHints":{"allow":["GET"]}}],"collection":[{"href":"https:\/\/www.agriculture-machine.com\/fr\/wp-json\/wp\/v2\/product"}],"about":[{"href":"https:\/\/www.agriculture-machine.com\/fr\/wp-json\/wp\/v2\/types\/product"}],"author":[{"embeddable":true,"href":"https:\/\/www.agriculture-machine.com\/fr\/wp-json\/wp\/v2\/users\/1"}],"replies":[{"embeddable":true,"href":"https:\/\/www.agriculture-machine.com\/fr\/wp-json\/wp\/v2\/comments?post=10716"}],"wp:featuredmedia":[{"embeddable":true,"href":"https:\/\/www.agriculture-machine.com\/fr\/wp-json\/wp\/v2\/media\/10729"}],"wp:attachment":[{"href":"https:\/\/www.agriculture-machine.com\/fr\/wp-json\/wp\/v2\/media?parent=10716"}],"wp:term":[{"taxonomy":"post_tag","embeddable":true,"href":"https:\/\/www.agriculture-machine.com\/fr\/wp-json\/wp\/v2\/tags?post=10716"},{"taxonomy":"product-type","embeddable":true,"href":"https:\/\/www.agriculture-machine.com\/fr\/wp-json\/wp\/v2\/product-type?post=10716"}],"curies":[{"name":"wp","href":"https:\/\/api.w.org\/{rel}","templated":true}]}}