{"id":10764,"date":"2021-06-21T16:13:31","date_gmt":"2021-06-21T08:13:31","guid":{"rendered":"https:\/\/www.agriculture-machine.com\/?p=10764"},"modified":"2024-09-18T16:12:33","modified_gmt":"2024-09-18T08:12:33","slug":"small-corn-peeler-thresher-for-sale","status":"publish","type":"product","link":"https:\/\/www.agriculture-machine.com\/fr\/small-corn-peeler-thresher-for-sale\/","title":{"rendered":"Mini machine \u00e0 d\u00e9cortiquer le ma\u00efs | Mini moissonneuse de ma\u00efs"},"content":{"rendered":"<p class=\"translation-block\">La petite machine verticale <strong>\u00e9plucheuse-batteuse de ma\u00efs<\/strong> a deux fonctions, l\u2019\u00e9pluchage et le battage. De plus, la mini batteuse de ma\u00efs peut \u00eatre \u00e9quip\u00e9e de moteurs \u00e9lectriques ou de moteurs \u00e0 essence. <\/p>    <p>La production est de 1500-2000 kg\/h (grains de ma\u00efs), ce qui est tr\u00e8s adapt\u00e9 \u00e0 un usage domestique. Si votre famille cultive du ma\u00efs, vous pouvez acheter une petite \u00e9plucheuse-batteuse comme celle-ci, tr\u00e8s pratique pour le traitement du ma\u00efs.<\/p>    <figure class=\"wp-block-embed is-type-video is-provider-youtube wp-block-embed-youtube wp-embed-aspect-16-9 wp-has-aspect-ratio\"><div class=\"wp-block-embed__wrapper\"> <iframe loading=\"lazy\" title=\"Fonctionnement de la machine \u00e0 d\u00e9chirer et battre le ma\u00efs \u00e0 haute efficacit\u00e9 | Pionnier de la machinerie agricole\" width=\"500\" height=\"281\" src=\"https:\/\/www.youtube.com\/embed\/Hfeg1nPOT2Y?feature=oembed\" frameborder=\"0\" allow=\"accelerometer; autoplay; clipboard-write; encrypted-media; gyroscope; picture-in-picture; web-share\" referrerpolicy=\"strict-origin-when-cross-origin\" allowfullscreen><\/iframe> <\/div><figcaption class=\"wp-element-caption\">vid\u00e9o de travail d\u2019une machine portable \u00e9plucheuse-batteuse de ma\u00efs<\/figcaption><\/figure>    <h2 class=\"wp-block-heading\">Br\u00e8ve introduction \u00e0 l\u2019\u00e9plucheuse-batteuse de ma\u00efs<\/h2>    <p>Notre \u00e9plucheuse et batteuse de ma\u00efs domestique est facile \u00e0 utiliser et ne n\u00e9cessite pas que les gens manipulent le battage avant d\u2019\u00e9plucher le ma\u00efs. La machine est petite mais efficace pour r\u00e9pondre aux besoins quotidiens des familles. <\/p>    <p>De plus, la machine d\u2019\u00e9pluchage et de battage du ma\u00efs fonctionne bien, le ma\u00efs \u00e9pluch\u00e9 est complet et peu cass\u00e9. Elle est aussi propre et ne n\u00e9cessite pas que les gens tamisent \u00e0 nouveau le ma\u00efs, ce qui \u00e9conomise du temps et des efforts. <\/p>    <p class=\"translation-block\">De plus, nous proposons \u00e9galement des mod\u00e8les plus grands de batteuses de ma\u00efs, <a href=\"https:\/\/www.agriculture-machine.com\/fr\/multifunctional-thresher-for-maize-beans-sorghum-millet\/\"><strong>moissonneuses-batteuses multifonctions<\/strong><\/a>, batteuses de riz et de bl\u00e9, et <a href=\"https:\/\/www.agriculture-machine.com\/fr\/small-sweet-corn-sheller-for-fresh-maize\/\"><strong>battreuses de ma\u00efs doux<\/strong><\/a>. Les clients peuvent choisir la machine selon leurs besoins.<\/p>    <figure class=\"wp-block-gallery has-nested-images columns-default is-cropped wp-block-gallery-2 is-layout-flex wp-block-gallery-is-layout-flex\"> <figure class=\"wp-block-image size-large\"><img loading=\"lazy\" decoding=\"async\" width=\"720\" height=\"540\" data-id=\"13409\" src=\"https:\/\/www.agriculture-machine.com\/wp-content\/uploads\/2022\/05\/small-maize-peeler-and-thresher.jpg\" alt=\"petite \u00e9plucheuse et batteuse de ma\u00efs\" class=\"wp-image-13409\" title=\"petite \u00e9plucheuse et batteuse de ma\u00efs\" srcset=\"https:\/\/www.agriculture-machine.com\/wp-content\/uploads\/2022\/05\/small-maize-peeler-and-thresher.jpg 720w, https:\/\/www.agriculture-machine.com\/wp-content\/uploads\/2022\/05\/small-maize-peeler-and-thresher-360x270.jpg 360w, https:\/\/www.agriculture-machine.com\/wp-content\/uploads\/2022\/05\/small-maize-peeler-and-thresher-240x180.jpg 240w\" sizes=\"auto, (max-width: 720px) 100vw, 720px\" \/><figcaption class=\"wp-element-caption\">petite \u00e9plucheuse et batteuse de ma\u00efs<\/figcaption><\/figure>    <figure class=\"wp-block-image size-large\"><img loading=\"lazy\" decoding=\"async\" width=\"720\" height=\"540\" data-id=\"13410\" src=\"https:\/\/www.agriculture-machine.com\/wp-content\/uploads\/2022\/05\/corn-threshing-machine.jpg\" alt=\"machine de battage du ma\u00efs\" class=\"wp-image-13410\" title=\"machine de battage du ma\u00efs\" srcset=\"https:\/\/www.agriculture-machine.com\/wp-content\/uploads\/2022\/05\/corn-threshing-machine.jpg 720w, https:\/\/www.agriculture-machine.com\/wp-content\/uploads\/2022\/05\/corn-threshing-machine-360x270.jpg 360w, https:\/\/www.agriculture-machine.com\/wp-content\/uploads\/2022\/05\/corn-threshing-machine-240x180.jpg 240w\" sizes=\"auto, (max-width: 720px) 100vw, 720px\" \/><figcaption class=\"wp-element-caption\">machine de battage du ma\u00efs<\/figcaption><\/figure>    <figure class=\"wp-block-image size-large\"><img loading=\"lazy\" decoding=\"async\" width=\"720\" height=\"540\" data-id=\"13411\" src=\"https:\/\/www.agriculture-machine.com\/wp-content\/uploads\/2022\/05\/mini-corn-thresher.jpg\" alt=\"mini batteuse de ma\u00efs\" class=\"wp-image-13411\" title=\"mini batteuse de ma\u00efs\" srcset=\"https:\/\/www.agriculture-machine.com\/wp-content\/uploads\/2022\/05\/mini-corn-thresher.jpg 720w, https:\/\/www.agriculture-machine.com\/wp-content\/uploads\/2022\/05\/mini-corn-thresher-360x270.jpg 360w, https:\/\/www.agriculture-machine.com\/wp-content\/uploads\/2022\/05\/mini-corn-thresher-240x180.jpg 240w\" sizes=\"auto, (max-width: 720px) 100vw, 720px\" \/><figcaption class=\"wp-element-caption\">mini batteuse de ma\u00efs<\/figcaption><\/figure> <\/figure>    <h2 class=\"wp-block-heading\">Structure de la batteuse de ma\u00efs \u00e0 petite \u00e9chelle<\/h2>    <p>Cette batteuse de ma\u00efs \u00e0 petite \u00e9chelle est principalement compos\u00e9e de l\u2019entr\u00e9e de mati\u00e8re, du cadre, de la puissance (moteur \u00e9lectrique ou moteur \u00e0 essence), de la sortie des grains, des \u00e9pluchures et de la sortie des d\u00e9chets, de la chambre d\u2019\u00e9pluchage et de battage, du ventilateur, etc. <\/p>    <figure class=\"wp-block-image aligncenter size-full\"><img loading=\"lazy\" decoding=\"async\" width=\"720\" height=\"540\" src=\"https:\/\/www.agriculture-machine.com\/wp-content\/uploads\/2022\/05\/small-scale-corn-threshing-machines-structure.jpg\" alt=\"structure de la batteuse de ma\u00efs de petite \u00e9chelle\" class=\"wp-image-13406\" title=\"structure de la batteuse de ma\u00efs de petite \u00e9chelle\" srcset=\"https:\/\/www.agriculture-machine.com\/wp-content\/uploads\/2022\/05\/small-scale-corn-threshing-machines-structure.jpg 720w, https:\/\/www.agriculture-machine.com\/wp-content\/uploads\/2022\/05\/small-scale-corn-threshing-machines-structure-360x270.jpg 360w, https:\/\/www.agriculture-machine.com\/wp-content\/uploads\/2022\/05\/small-scale-corn-threshing-machines-structure-240x180.jpg 240w\" sizes=\"auto, (max-width: 720px) 100vw, 720px\" \/><figcaption class=\"wp-element-caption\">small-scale corn threshing machine&#8217;s structure<\/figcaption><\/figure>    <h2 class=\"wp-block-heading\" id=\"h-5-reasons-to-use-the-mini-corn-thresher-machine\">5 raisons d\u2019utiliser la mini batteuse de ma\u00efs<\/h2>    <ol class=\"wp-block-list\"> <li>The threshing effect is high. Its capacity is 2000 kg per hour. So, it can meet people&#8217;s threshing needs, when the corn is harvested.<\/li>    <li>High removal rate. It has a 99% removal rate. So we don&#8217;t need to worry about missing a lot of corn seeds.<\/li>    <li>L\u2019orifice d\u2019alimentation est large, la largeur est de 330 mm et la longueur de 360 mm. Il peut nourrir beaucoup de ma\u00efs en une seule fois. Donc, c\u2019est \u00e9conome en temps et en \u00e9nergie, lorsque nous utilisons cette machine domestique \u00e9plucheuse-batteuse de petit ma\u00efs.<\/li>    <li>Les graines et les \u00e9pis sont s\u00e9par\u00e9s automatiquement avec moins de temps et d\u2019effort, et les \u00e9pis et les grains de ma\u00efs sont s\u00e9par\u00e9s automatiquement.<\/li>    <li>Avec plusieurs fonctions, elle peut r\u00e9aliser l\u2019\u00e9pluchage et le battage.<\/li> <\/ol>    <figure class=\"wp-block-image aligncenter size-full\"><img loading=\"lazy\" decoding=\"async\" width=\"720\" height=\"540\" src=\"https:\/\/www.agriculture-machine.com\/wp-content\/uploads\/2022\/05\/traditional-threshing-method.jpg\" alt=\"m\u00e9thode de battage traditionnelle\" class=\"wp-image-13412\" title=\"m\u00e9thode de battage traditionnelle\" srcset=\"https:\/\/www.agriculture-machine.com\/wp-content\/uploads\/2022\/05\/traditional-threshing-method.jpg 720w, https:\/\/www.agriculture-machine.com\/wp-content\/uploads\/2022\/05\/traditional-threshing-method-360x270.jpg 360w, https:\/\/www.agriculture-machine.com\/wp-content\/uploads\/2022\/05\/traditional-threshing-method-240x180.jpg 240w\" sizes=\"auto, (max-width: 720px) 100vw, 720px\" \/><figcaption class=\"wp-element-caption\">m\u00e9thode de battage traditionnelle<\/figcaption><\/figure>    <h2 class=\"wp-block-heading\" id=\"h-advantages-of-small-maize-peeler-and-thresher-machine\">Avantages de la petite \u00e9plucheuse et batteuse de ma\u00efs<\/h2>    <p>La mini \u00e9plucheuse-batteuse de ma\u00efs a un cadre \u00e9paissi et renforc\u00e9. Il a donc une dur\u00e9e de vie plus longue. En m\u00eame temps, un cadre robuste rendra la batteuse plus stable et durable. La batteuse verticale de ma\u00efs est \u00e9quip\u00e9e d\u2019un ventilateur extr\u00eamement puissant, les grains de ma\u00efs apr\u00e8s battage sont particuli\u00e8rement propres. Ainsi, les grains de ma\u00efs peuvent \u00eatre vendus directement.<\/p>    <figure class=\"wp-block-image aligncenter size-full\"><img loading=\"lazy\" decoding=\"async\" width=\"720\" height=\"540\" src=\"https:\/\/www.agriculture-machine.com\/wp-content\/uploads\/2022\/05\/maize-peeler-and-thresher-machine.jpg\" alt=\"machine \u00e9plucheuse et batteuse de ma\u00efs\" class=\"wp-image-13413\" title=\"machine \u00e9plucheuse et batteuse de ma\u00efs\" srcset=\"https:\/\/www.agriculture-machine.com\/wp-content\/uploads\/2022\/05\/maize-peeler-and-thresher-machine.jpg 720w, https:\/\/www.agriculture-machine.com\/wp-content\/uploads\/2022\/05\/maize-peeler-and-thresher-machine-360x270.jpg 360w, https:\/\/www.agriculture-machine.com\/wp-content\/uploads\/2022\/05\/maize-peeler-and-thresher-machine-240x180.jpg 240w\" sizes=\"auto, (max-width: 720px) 100vw, 720px\" \/><figcaption class=\"wp-element-caption\">machine \u00e9plucheuse et batteuse de ma\u00efs<\/figcaption><\/figure>    <h2 class=\"wp-block-heading\" id=\"h-use-of-small-corn-peeler-thresher\">Utilisation d\u2019\u00e9plucheuse-batteuse de ma\u00efs petite<\/h2>    <ol class=\"wp-block-list\"> <li>Tout d\u2019abord, d\u00e9marrez l\u2019\u00e9plucheuse-batteuse de ma\u00efs. Et v\u00e9rifiez s\u2019il y a des probl\u00e8mes avec la machine. <\/li>    <li>S\u2019il n\u2019y a pas de probl\u00e8me avec la machine, mettez directement le ma\u00efs dans l\u2019entr\u00e9e de la machine. <\/li>    <li>Then the maize peeler and thresher&#8217;s threshing device will work. <\/li>    <li>Enfin, la machine \u00e9vacue les \u00e9pis de ma\u00efs, les \u00e9pluchures et les grains par des bouches de sortie diff\u00e9rentes. <\/li>    <li>Il suffit de mettre le ma\u00efs dans la machine, et la machine peut automatiquement terminer l\u2019\u00e9pluchage et le battage.<\/li> <\/ol>    <figure class=\"wp-block-gallery has-nested-images columns-default is-cropped wp-block-gallery-3 is-layout-flex wp-block-gallery-is-layout-flex\"> <figure class=\"wp-block-image size-large\"><a href=\"https:\/\/www.agriculture-machine.com\/wp-content\/uploads\/2021\/06\/Use-of-small-corn-peeler-thresher.jpg\"><img loading=\"lazy\" decoding=\"async\" width=\"415\" height=\"540\" data-id=\"10778\" src=\"https:\/\/www.agriculture-machine.com\/wp-content\/uploads\/2021\/06\/Use-of-small-corn-peeler-thresher.jpg\" alt=\"\" class=\"wp-image-10778\" srcset=\"https:\/\/www.agriculture-machine.com\/wp-content\/uploads\/2021\/06\/Use-of-small-corn-peeler-thresher.jpg 415w, https:\/\/www.agriculture-machine.com\/wp-content\/uploads\/2021\/06\/Use-of-small-corn-peeler-thresher-208x270.jpg 208w\" sizes=\"auto, (max-width: 415px) 100vw, 415px\" \/><\/a><\/figure>    <figure class=\"wp-block-image size-large\"><a href=\"https:\/\/www.agriculture-machine.com\/wp-content\/uploads\/2021\/06\/Use-of-mini-corn-peeler-thresher.jpg\"><img loading=\"lazy\" decoding=\"async\" width=\"415\" height=\"540\" data-id=\"10777\" src=\"https:\/\/www.agriculture-machine.com\/wp-content\/uploads\/2021\/06\/Use-of-mini-corn-peeler-thresher.jpg\" alt=\"\" class=\"wp-image-10777\" srcset=\"https:\/\/www.agriculture-machine.com\/wp-content\/uploads\/2021\/06\/Use-of-mini-corn-peeler-thresher.jpg 415w, https:\/\/www.agriculture-machine.com\/wp-content\/uploads\/2021\/06\/Use-of-mini-corn-peeler-thresher-208x270.jpg 208w\" sizes=\"auto, (max-width: 415px) 100vw, 415px\" \/><\/a><\/figure> <\/figure>    <h2 class=\"wp-block-heading\" id=\"h-difference-between-the-two-types-of-corn-thresher\">Diff\u00e9rence entre les deux types de batteuses de ma\u00efs<\/h2>    <p>Nous avons aussi une autre \u00e9plucheuse et batteuse de ma\u00efs. Elles diff\u00e8rent sur les aspects suivants.<\/p>    <ol class=\"wp-block-list\"> <li>Diff\u00e9rentes puissances. Le <a href=\"https:\/\/www.agriculture-machine.com\/fr\/maize-peeler-and-thresher\/\">type pr\u00e9c\u00e9dent d\u2019\u00e9pluchage et de batteuse<\/a> peut utiliser des moteurs \u00e9lectriques, des moteurs \u00e0 essence et des moteurs diesel. La puissance de cette petite \u00e9plucheuse-batteuse de ma\u00efs verticale ne n\u00e9cessite pas de moteur diesel, elle peut d\u00e9marrer uniquement avec un moteur et un moteur \u00e0 essence. <\/li>    <li>Ils diff\u00e8rent en taille. La batteuse de ma\u00efs verticale est plus petite.<\/li>    <li>Les autres types d\u2019\u00e9plucheuses et batteuses de ma\u00efs ont des capacit\u00e9s plus grandes.<\/li> <\/ol>    <h2 class=\"wp-block-heading\" id=\"h-reseller-customers\">Clients revendeurs<\/h2>    <p class=\"translation-block\">La taille de cette machine est tr\u00e8s petite et elle convient parfaitement \u00e0 un usage domestique. Pour les revendeurs, cette machine est tr\u00e8s adapt\u00e9e \u00e0 l\u2019achat. C\u2019est un projet d\u2019investissement tr\u00e8s int\u00e9ressant. Un conteneur 40 HQ peut contenir environ 600 machines similaires. Puis vendrez-la aux agriculteurs locaux. Tout comme nos clients au Zimbabwe ont achet\u00e9 <a href=\"https:\/\/www.agriculture-machine.com\/fr\/40-hq-agriculture-machine-sold-to-zimbabwe\/\">de petites moissonneuses-batteuses multifonctions<\/a>, et ont rapidement re\u00e7u des commandes, car cette petite machine convient parfaitement \u00e0 l\u2019usage domestique.<\/p>    <figure class=\"wp-block-gallery has-nested-images columns-default is-cropped wp-block-gallery-4 is-layout-flex wp-block-gallery-is-layout-flex\"> <figure class=\"wp-block-image size-large\"><a href=\"https:\/\/www.agriculture-machine.com\/wp-content\/uploads\/2022\/05\/mini-maize-procesor.jpg\"><img loading=\"lazy\" decoding=\"async\" width=\"720\" height=\"540\" data-id=\"13415\" src=\"https:\/\/www.agriculture-machine.com\/wp-content\/uploads\/2022\/05\/mini-maize-procesor.jpg\" alt=\"mini processeur de ma\u00efs\" class=\"wp-image-13415\" title=\"mini processeur de ma\u00efs\" srcset=\"https:\/\/www.agriculture-machine.com\/wp-content\/uploads\/2022\/05\/mini-maize-procesor.jpg 720w, https:\/\/www.agriculture-machine.com\/wp-content\/uploads\/2022\/05\/mini-maize-procesor-360x270.jpg 360w, https:\/\/www.agriculture-machine.com\/wp-content\/uploads\/2022\/05\/mini-maize-procesor-240x180.jpg 240w\" sizes=\"auto, (max-width: 720px) 100vw, 720px\" \/><\/a><figcaption class=\"wp-element-caption\">mini processeur de ma\u00efs<\/figcaption><\/figure>    <figure class=\"wp-block-image size-large\"><a href=\"https:\/\/www.agriculture-machine.com\/wp-content\/uploads\/2022\/05\/small-corn-thresher.jpg\"><img loading=\"lazy\" decoding=\"async\" width=\"720\" height=\"540\" data-id=\"13414\" src=\"https:\/\/www.agriculture-machine.com\/wp-content\/uploads\/2022\/05\/small-corn-thresher.jpg\" alt=\"petite batteuse de ma\u00efs\" class=\"wp-image-13414\" title=\"petite batteuse de ma\u00efs\" srcset=\"https:\/\/www.agriculture-machine.com\/wp-content\/uploads\/2022\/05\/small-corn-thresher.jpg 720w, https:\/\/www.agriculture-machine.com\/wp-content\/uploads\/2022\/05\/small-corn-thresher-360x270.jpg 360w, https:\/\/www.agriculture-machine.com\/wp-content\/uploads\/2022\/05\/small-corn-thresher-240x180.jpg 240w\" sizes=\"auto, (max-width: 720px) 100vw, 720px\" \/><\/a><figcaption class=\"wp-element-caption\">petite batteuse de ma\u00efs<\/figcaption><\/figure> <\/figure>    <h2 class=\"wp-block-heading\" id=\"h-specification-of-the-home-use-corn-peeling-and-threshing-machine\">Sp\u00e9cifications de la machine domestique d\u2019\u00e9pluchage et de battage du ma\u00efs<\/h2>    <figure class=\"wp-block-table is-style-stripes\"><table><tbody><tr><td>Mod\u00e8le<\/td><td>Petite \u00e9plucheuse-batteuse de ma\u00efs<\/td><\/tr><tr><td>Puissance<\/td><td>moteur \u00e0 essence ou moteur \u00e9lectrique<\/td><\/tr><tr><td>Capacit\u00e9<\/td><td>1500-2000kg\/h<\/td><\/tr><tr><td>Poids de la machine<\/td><td>65 kg<\/td><\/tr><tr><td>Taille de la machine<\/td><td>440*400*800 mm<\/td><\/tr><\/tbody><\/table><figcaption class=\"wp-element-caption\">corn peeling and threshing machine&#8217;s parameter<\/figcaption><\/figure>    <h2 class=\"wp-block-heading\">Moissonneuse \u00e9plucheuse de ma\u00efs combin\u00e9e vendue au Mexique<\/h2>    <p>La semaine derni\u00e8re, notre client mexicain a command\u00e9 20 petites moissonneuses-pelleuses de ma\u00efs. Il a entendu parler de la machine d\u2019\u00e9pluchage et de battage du ma\u00efs sur notre site web et a laiss\u00e9 ses coordonn\u00e9es. <\/p>    <p>Our sales manager added the customer&#8217;s WhatsApp, and through thorough communication, we realized that our small corn threshers were perfect for the customer&#8217;s needs. <\/p>    <p>Le client a finalement d\u00e9cid\u00e9 d\u2019acheter notre machine domestique d\u2019\u00e9pluchage et de battage du ma\u00efs. Voici une photo d\u2019emballage et d\u2019exp\u00e9dition de la machine.<\/p>    <figure class=\"wp-block-gallery has-nested-images columns-default is-cropped wp-block-gallery-5 is-layout-flex wp-block-gallery-is-layout-flex\"> <figure class=\"wp-block-image size-large\"><img loading=\"lazy\" decoding=\"async\" width=\"720\" height=\"540\" data-id=\"13416\" src=\"https:\/\/www.agriculture-machine.com\/wp-content\/uploads\/2022\/05\/wooden-case-package-of-corn-thresher.jpg\" alt=\"colis en bois de la batteuse de ma\u00efs\" class=\"wp-image-13416\" title=\"colis en bois de la batteuse de ma\u00efs\" srcset=\"https:\/\/www.agriculture-machine.com\/wp-content\/uploads\/2022\/05\/wooden-case-package-of-corn-thresher.jpg 720w, https:\/\/www.agriculture-machine.com\/wp-content\/uploads\/2022\/05\/wooden-case-package-of-corn-thresher-360x270.jpg 360w, https:\/\/www.agriculture-machine.com\/wp-content\/uploads\/2022\/05\/wooden-case-package-of-corn-thresher-240x180.jpg 240w\" sizes=\"auto, (max-width: 720px) 100vw, 720px\" \/><figcaption class=\"wp-element-caption\">colis en bois de la batteuse de ma\u00efs<\/figcaption><\/figure>    <figure class=\"wp-block-image size-large\"><img loading=\"lazy\" decoding=\"async\" width=\"720\" height=\"540\" data-id=\"13417\" src=\"https:\/\/www.agriculture-machine.com\/wp-content\/uploads\/2022\/05\/loading-of-the-machine.jpg\" alt=\"chargement de la machine\" class=\"wp-image-13417\" title=\"chargement de la machine\" srcset=\"https:\/\/www.agriculture-machine.com\/wp-content\/uploads\/2022\/05\/loading-of-the-machine.jpg 720w, https:\/\/www.agriculture-machine.com\/wp-content\/uploads\/2022\/05\/loading-of-the-machine-360x270.jpg 360w, https:\/\/www.agriculture-machine.com\/wp-content\/uploads\/2022\/05\/loading-of-the-machine-240x180.jpg 240w\" sizes=\"auto, (max-width: 720px) 100vw, 720px\" \/><figcaption class=\"wp-element-caption\">chargement de la machine<\/figcaption><\/figure>    <figure class=\"wp-block-image size-large\"><img loading=\"lazy\" decoding=\"async\" width=\"720\" height=\"540\" data-id=\"13404\" src=\"https:\/\/www.agriculture-machine.com\/wp-content\/uploads\/2022\/05\/shipping-of-corn-peeler-and-thresher.jpg\" alt=\"exp\u00e9dition de l\u2019\u00e9plucheuse et batteuse de ma\u00efs\" class=\"wp-image-13404\" title=\"exp\u00e9dition de l\u2019\u00e9plucheuse et batteuse de ma\u00efs\" srcset=\"https:\/\/www.agriculture-machine.com\/wp-content\/uploads\/2022\/05\/shipping-of-corn-peeler-and-thresher.jpg 720w, https:\/\/www.agriculture-machine.com\/wp-content\/uploads\/2022\/05\/shipping-of-corn-peeler-and-thresher-360x270.jpg 360w, https:\/\/www.agriculture-machine.com\/wp-content\/uploads\/2022\/05\/shipping-of-corn-peeler-and-thresher-240x180.jpg 240w\" sizes=\"auto, (max-width: 720px) 100vw, 720px\" \/><figcaption class=\"wp-element-caption\">exp\u00e9dition de l\u2019\u00e9plucheuse et batteuse de ma\u00efs<\/figcaption><\/figure> <\/figure>    <h2 class=\"wp-block-heading\">Contactez-nous \u00e0 tout moment<\/h2>    <p>Si vous \u00eates int\u00e9ress\u00e9 par notre machine de d\u00e9chiquetage et battage du ma\u00efs ou si vous avez des questions, nous sommes toujours pr\u00eats \u00e0 vous fournir des informations d\u00e9taill\u00e9es et des conseils professionnels. N\u2019h\u00e9sitez pas \u00e0 nous contacter imm\u00e9diatement ! Notre \u00e9quipe professionnelle sera ravie de vous servir et de r\u00e9pondre \u00e0 vos pr\u00e9occupations.<\/p>","protected":false},"excerpt":{"rendered":"<p>Il s\u2019agit d\u2019une petite machine \u00e9plucheuse-batteuse de ma\u00efs. Elle convient tr\u00e8s bien \u00e0 un usage domestique. Sa capacit\u00e9 est de 1500-2000 kg\/h (grains de ma\u00efs). <\/p>","protected":false},"author":1,"featured_media":13408,"parent":0,"comment_status":"closed","ping_status":"closed","template":"","tags":[2614],"product-type":[872],"class_list":["post-10764","product","type-product","status-publish","has-post-thumbnail","hentry","tag-thresher","product-type-thresher-sheller"],"_links":{"self":[{"href":"https:\/\/www.agriculture-machine.com\/fr\/wp-json\/wp\/v2\/product\/10764","targetHints":{"allow":["GET"]}}],"collection":[{"href":"https:\/\/www.agriculture-machine.com\/fr\/wp-json\/wp\/v2\/product"}],"about":[{"href":"https:\/\/www.agriculture-machine.com\/fr\/wp-json\/wp\/v2\/types\/product"}],"author":[{"embeddable":true,"href":"https:\/\/www.agriculture-machine.com\/fr\/wp-json\/wp\/v2\/users\/1"}],"replies":[{"embeddable":true,"href":"https:\/\/www.agriculture-machine.com\/fr\/wp-json\/wp\/v2\/comments?post=10764"}],"wp:featuredmedia":[{"embeddable":true,"href":"https:\/\/www.agriculture-machine.com\/fr\/wp-json\/wp\/v2\/media\/13408"}],"wp:attachment":[{"href":"https:\/\/www.agriculture-machine.com\/fr\/wp-json\/wp\/v2\/media?parent=10764"}],"wp:term":[{"taxonomy":"post_tag","embeddable":true,"href":"https:\/\/www.agriculture-machine.com\/fr\/wp-json\/wp\/v2\/tags?post=10764"},{"taxonomy":"product-type","embeddable":true,"href":"https:\/\/www.agriculture-machine.com\/fr\/wp-json\/wp\/v2\/product-type?post=10764"}],"curies":[{"name":"wp","href":"https:\/\/api.w.org\/{rel}","templated":true}]}}