{"id":10781,"date":"2021-06-22T16:21:32","date_gmt":"2021-06-22T08:21:32","guid":{"rendered":"https:\/\/www.agriculture-machine.com\/?p=10781"},"modified":"2024-09-23T11:27:07","modified_gmt":"2024-09-23T03:27:07","slug":"small-home-use-corn-thresher","status":"publish","type":"product","link":"https:\/\/www.agriculture-machine.com\/fr\/small-home-use-corn-thresher\/","title":{"rendered":"Moissonneuse de ma\u00efs pour usage domestique | Petite moissonneuse \u00e0 vendre"},"content":{"rendered":"<p>Ce d\u00e9cortiqueur domestique \u00e0 double rouleau est plus rapide et plus efficace. La machine peut \u00eatre \u00e9quip\u00e9e de deux modes d\u2019alimentation : moteur \u00e9lectrique et moteur \u00e0 essence. La structure de la machine est tr\u00e8s compacte, id\u00e9ale pour un usage domestique.<\/p>    <figure class=\"wp-block-embed is-type-video is-provider-youtube wp-block-embed-youtube wp-embed-aspect-16-9 wp-has-aspect-ratio\"><div class=\"wp-block-embed__wrapper\"> <iframe loading=\"lazy\" title=\"Outil pr\u00e9f\u00e9r\u00e9 des agriculteurs ! Machine \u00e0 \u00e9caler le ma\u00efs \/ d\u00e9cortiqueur de ma\u00efs \/ \u00e9caler le ma\u00efs \/ \u00e9caleur de ma\u00efs\" width=\"500\" height=\"281\" src=\"https:\/\/www.youtube.com\/embed\/DvmhM1jNc0A?feature=oembed\" frameborder=\"0\" allow=\"accelerometer; autoplay; clipboard-write; encrypted-media; gyroscope; picture-in-picture; web-share\" referrerpolicy=\"strict-origin-when-cross-origin\" allowfullscreen><\/iframe> <\/div><figcaption class=\"wp-element-caption\">Vid\u00e9o de fonctionnement du petit d\u00e9cortiqueur \u00e0 ma\u00efs domestique<\/figcaption><\/figure>    <h2 class=\"wp-block-heading\" id=\"h-structure-of-small-corn-thresher\">Structure du petit d\u00e9cortiqueur \u00e0 ma\u00efs<\/h2>    <p id=\"h-this-type-of-household-corn-thresher-has-a-double-roller\">Ce type de d\u00e9cortiqueur \u00e0 ma\u00efs domestique a un double rouleau.&nbsp;<\/p>    <figure class=\"wp-block-image aligncenter size-large\"><img loading=\"lazy\" decoding=\"async\" width=\"720\" height=\"540\" src=\"https:\/\/www.agriculture-machine.com\/wp-content\/uploads\/2021\/06\/double-roller-corn-thresher-1.jpg\" alt=\"d\u00e9cortiqueuse \u00e0 double rouleau pour ma\u00efs\" class=\"wp-image-10794\" srcset=\"https:\/\/www.agriculture-machine.com\/wp-content\/uploads\/2021\/06\/double-roller-corn-thresher-1.jpg 720w, https:\/\/www.agriculture-machine.com\/wp-content\/uploads\/2021\/06\/double-roller-corn-thresher-1-360x270.jpg 360w, https:\/\/www.agriculture-machine.com\/wp-content\/uploads\/2021\/06\/double-roller-corn-thresher-1-240x180.jpg 240w\" sizes=\"auto, (max-width: 720px) 100vw, 720px\" \/><figcaption class=\"wp-element-caption\">d\u00e9cortiqueuse \u00e0 double rouleau pour ma\u00efs<\/figcaption><\/figure>    <h2 class=\"wp-block-heading\" id=\"h-machine-details-display\">Affichage des d\u00e9tails de la machine<br><\/h2>    <div class=\"wp-block-columns is-layout-flex wp-container-core-columns-is-layout-9d6595d7 wp-block-columns-is-layout-flex\"> <div class=\"wp-block-column is-layout-flow wp-block-column-is-layout-flow\"> <figure class=\"wp-block-image size-large is-resized\"><img loading=\"lazy\" decoding=\"async\" width=\"360\" height=\"307\" src=\"https:\/\/www.agriculture-machine.com\/wp-content\/uploads\/2021\/06\/corn-inlet.jpg\" alt=\"entr\u00e9e de ma\u00efs\" class=\"wp-image-10790\" style=\"width:180px;height:154px\" srcset=\"https:\/\/www.agriculture-machine.com\/wp-content\/uploads\/2021\/06\/corn-inlet.jpg 360w, https:\/\/www.agriculture-machine.com\/wp-content\/uploads\/2021\/06\/corn-inlet-317x270.jpg 317w\" sizes=\"auto, (max-width: 360px) 100vw, 360px\" \/><figcaption class=\"wp-element-caption\">entr\u00e9e de ma\u00efs<\/figcaption><\/figure> <\/div>    <div class=\"wp-block-column is-layout-flow wp-block-column-is-layout-flow\"> <p>Lorsque la machine d\u00e9marre, vous pouvez mettre beaucoup de ma\u00efs en m\u00eame temps.<\/p> <\/div> <\/div>    <div class=\"wp-block-columns is-layout-flex wp-container-core-columns-is-layout-9d6595d7 wp-block-columns-is-layout-flex\"> <div class=\"wp-block-column is-layout-flow wp-block-column-is-layout-flow\"> <p>Il y a 14 engrenages.<\/p>    <p>Vous pouvez traiter \u00e0 la fois le gros et le petit ma\u00efs en ajustant l\u2019engrenage.<\/p> <\/div>    <div class=\"wp-block-column is-layout-flow wp-block-column-is-layout-flow\"> <figure class=\"wp-block-image size-large is-resized\"><img loading=\"lazy\" decoding=\"async\" width=\"360\" height=\"307\" src=\"https:\/\/www.agriculture-machine.com\/wp-content\/uploads\/2021\/06\/gear.jpg\" alt=\"engrenage\" class=\"wp-image-10791\" style=\"width:270px;height:230px\" srcset=\"https:\/\/www.agriculture-machine.com\/wp-content\/uploads\/2021\/06\/gear.jpg 360w, https:\/\/www.agriculture-machine.com\/wp-content\/uploads\/2021\/06\/gear-317x270.jpg 317w\" sizes=\"auto, (max-width: 360px) 100vw, 360px\" \/><figcaption class=\"wp-element-caption\">engrenage<\/figcaption><\/figure> <\/div> <\/div>    <div class=\"wp-block-columns is-layout-flex wp-container-core-columns-is-layout-9d6595d7 wp-block-columns-is-layout-flex\"> <div class=\"wp-block-column is-layout-flow wp-block-column-is-layout-flow\"> <figure class=\"wp-block-image size-large is-resized\"><img loading=\"lazy\" decoding=\"async\" width=\"360\" height=\"307\" src=\"https:\/\/www.agriculture-machine.com\/wp-content\/uploads\/2021\/06\/corn-cob-outlet.jpg\" alt=\"Sortie pour le trognon de ma\u00efs\" class=\"wp-image-10792\" style=\"width:270px;height:230px\" srcset=\"https:\/\/www.agriculture-machine.com\/wp-content\/uploads\/2021\/06\/corn-cob-outlet.jpg 360w, https:\/\/www.agriculture-machine.com\/wp-content\/uploads\/2021\/06\/corn-cob-outlet-317x270.jpg 317w\" sizes=\"auto, (max-width: 360px) 100vw, 360px\" \/><figcaption class=\"wp-element-caption\">Sortie pour le trognon de ma\u00efs<\/figcaption><\/figure> <\/div>    <div class=\"wp-block-column is-layout-flow wp-block-column-is-layout-flow\"> <p>Ceci est une sortie pour le trognon de ma\u00efs<\/p>    <p>Apr\u00e8s le d\u00e9corticage du ma\u00efs, le trognon sort d\u2019ici.<\/p> <\/div> <\/div>    <div class=\"wp-block-columns is-layout-flex wp-container-core-columns-is-layout-9d6595d7 wp-block-columns-is-layout-flex\"> <div class=\"wp-block-column is-layout-flow wp-block-column-is-layout-flow\"> <p>Il y a 4 roues.<\/p>    <p>Il est tr\u00e8s facile \u00e0 d\u00e9placer, donc la zone de travail n\u2019est pas limit\u00e9e.<\/p> <\/div>    <div class=\"wp-block-column is-layout-flow wp-block-column-is-layout-flow\"> <figure class=\"wp-block-image size-large is-resized\"><img loading=\"lazy\" decoding=\"async\" width=\"360\" height=\"307\" src=\"https:\/\/www.agriculture-machine.com\/wp-content\/uploads\/2021\/06\/wheel.jpg\" alt=\"Roues du d\u00e9cortiqueur \u00e0 ma\u00efs domestique\" class=\"wp-image-10793\" style=\"width:270px;height:230px\" srcset=\"https:\/\/www.agriculture-machine.com\/wp-content\/uploads\/2021\/06\/wheel.jpg 360w, https:\/\/www.agriculture-machine.com\/wp-content\/uploads\/2021\/06\/wheel-317x270.jpg 317w\" sizes=\"auto, (max-width: 360px) 100vw, 360px\" \/><figcaption class=\"wp-element-caption\">Roues du d\u00e9cortiqueur \u00e0 ma\u00efs domestique<\/figcaption><\/figure> <\/div> <\/div>    <h2 class=\"wp-block-heading\" id=\"h-use-of-small-corn-thresher\">Utilisation du petit d\u00e9cortiqueur \u00e0 ma\u00efs<\/h2>    <p>Ce d\u00e9cortiqueur \u00e0 ma\u00efs domestique vaut la peine d\u2019\u00eatre poss\u00e9d\u00e9 dans chaque foyer. Peu importe la quantit\u00e9 de ma\u00efs que vous cultivez, vous pouvez acheter une telle machine. Parce qu\u2019elle est tr\u00e8s petite, elle ne prend pas de place, et sa capacit\u00e9 est \u00e9galement adapt\u00e9e \u00e0 un usage domestique.<\/p>    <figure class=\"wp-block-gallery has-nested-images columns-default is-cropped wp-block-gallery-2 is-layout-flex wp-block-gallery-is-layout-flex\"> <figure class=\"wp-block-image size-large\"><a href=\"https:\/\/www.agriculture-machine.com\/wp-content\/uploads\/2021\/06\/Home-use-corn-thresher.jpg\"><img loading=\"lazy\" decoding=\"async\" width=\"720\" height=\"540\" data-id=\"10796\" src=\"https:\/\/www.agriculture-machine.com\/wp-content\/uploads\/2021\/06\/Home-use-corn-thresher.jpg\" alt=\"D\u00e9cortiqueur \u00e0 usage domestique\" class=\"wp-image-10796\" srcset=\"https:\/\/www.agriculture-machine.com\/wp-content\/uploads\/2021\/06\/Home-use-corn-thresher.jpg 720w, https:\/\/www.agriculture-machine.com\/wp-content\/uploads\/2021\/06\/Home-use-corn-thresher-360x270.jpg 360w, https:\/\/www.agriculture-machine.com\/wp-content\/uploads\/2021\/06\/Home-use-corn-thresher-240x180.jpg 240w\" sizes=\"auto, (max-width: 720px) 100vw, 720px\" \/><\/a><figcaption class=\"wp-element-caption\">D\u00e9cortiqueur \u00e0 usage domestique<\/figcaption><\/figure>    <figure class=\"wp-block-image size-large\"><a href=\"https:\/\/www.agriculture-machine.com\/wp-content\/uploads\/2021\/06\/use-of-Household-corn-thresher.jpg\"><img loading=\"lazy\" decoding=\"async\" width=\"720\" height=\"540\" data-id=\"10797\" src=\"https:\/\/www.agriculture-machine.com\/wp-content\/uploads\/2021\/06\/use-of-Household-corn-thresher.jpg\" alt=\"utilisation-du-d\u00e9cortiqueur-de-ma\u00efs-domestique\" class=\"wp-image-10797\" srcset=\"https:\/\/www.agriculture-machine.com\/wp-content\/uploads\/2021\/06\/use-of-Household-corn-thresher.jpg 720w, https:\/\/www.agriculture-machine.com\/wp-content\/uploads\/2021\/06\/use-of-Household-corn-thresher-360x270.jpg 360w, https:\/\/www.agriculture-machine.com\/wp-content\/uploads\/2021\/06\/use-of-Household-corn-thresher-240x180.jpg 240w\" sizes=\"auto, (max-width: 720px) 100vw, 720px\" \/><\/a><figcaption class=\"wp-element-caption\">utilisation-du-d\u00e9cortiqueur-de-ma\u00efs-domestique<\/figcaption><\/figure> <\/figure>    <h2 class=\"wp-block-heading\" id=\"h-ten-points-to-the-operation-of-small-corn-thresher\">Dix points pour l\u2019utilisation du petit d\u00e9cortiqueur \u00e0 ma\u00efs<\/h2>    <p>Si l\u2019op\u00e9ration est imprudente, cela peut non seulement endommager la machine mais aussi causer de graves blessures personnelles et des pertes \u00e9conomiques.<\/p>    <h3 class=\"wp-block-heading\" id=\"h-1-v-belt-of-household-corn-thresher\">(1) Courroie en V du d\u00e9cortiqueur de ma\u00efs domestique<\/h3>    <p>Faites attention \u00e0 la tension de la courroie trap\u00e9zo\u00efdale du d\u00e9cortiqueur \u00e0 ma\u00efs. Si elle est trop tendue, cela endommagera la machine, si elle est trop l\u00e2che, la courroie glissera, et il faut la r\u00e9ajuster si elle est trop l\u00e2che ou trop tendue.<\/p>    <h3 class=\"wp-block-heading\" id=\"h-2-pulley\">(2) Poulie<\/h3>    <p>V\u00e9rifiez si le syst\u00e8me de transmission comme la poulie de la courroie du d\u00e9cortiqueur \u00e0 ma\u00efs est en bon \u00e9tat. En cas d\u2019anomalie, il doit \u00eatre ajust\u00e9 pour revenir \u00e0 un \u00e9tat optimal.<\/p>    <h3 class=\"wp-block-heading\" id=\"h-3-motor-steering\">(3) Orientation du moteur<\/h3>    <p>Avant de commencer le travail, confirmez d\u2019abord si la direction de rotation du moteur est correcte, c\u2019est-\u00e0-dire, d\u00e9marrez le d\u00e9cortiqueur \u00e0 ma\u00efs et observez pendant 5-10 secondes. S\u2019il n\u2019y a pas de bruit ou de vibration anormale, l\u2019op\u00e9ration de d\u00e9corticage doit continuer.<\/p>    <h3 class=\"wp-block-heading\" id=\"h-4-corn-dry-humidity\">(4) Humidit\u00e9 du ma\u00efs sec<\/h3>    <p>La s\u00e9cheresse et l\u2019humidit\u00e9 du ma\u00efs sont directement li\u00e9es \u00e0 l\u2019effet de d\u00e9corticage. Le ma\u00efs avec moins d\u2019humidit\u00e9 donne un bon d\u00e9corticage, un d\u00e9corticage propre et rapide.<\/p>    <h3 class=\"wp-block-heading\" id=\"h-5-feeding-at-a-uniform-speed-and-appropriate-amount\">(5) Alimentation \u00e0 vitesse uniforme et quantit\u00e9 appropri\u00e9e<\/h3>    <p>L\u2019alimentation des trognons de ma\u00efs ne doit pas \u00eatre interrompue pendant le travail. Alimentez de mani\u00e8re continue et r\u00e9guli\u00e8re. Sinon, la qualit\u00e9 et l\u2019efficacit\u00e9 du d\u00e9corticage du ma\u00efs peuvent \u00eatre affect\u00e9es, et la machine peut se bloquer ou \u00eatre endommag\u00e9e dans les cas graves.<\/p>    <h3 class=\"wp-block-heading\" id=\"h-6-bolt-screw-roller-inspection\">(6) Inspection des boulons et des rouleaux \u00e0 vis<\/h3>    <p>Pour assurer le fonctionnement normal du d\u00e9cortiqueur, il est n\u00e9cessaire de v\u00e9rifier \u00e0 tout moment les boulons et vis qui fixent le tambour et le si\u00e8ge du roulement. Sinon, serrez-les \u00e0 temps.<\/p>    <h3 class=\"wp-block-heading\" id=\"h-7-exposed-part-inspection\">(7) Inspection des parties expos\u00e9es<\/h3>    <p>Des dispositifs de protection doivent \u00eatre fournis pour toutes les parties expos\u00e9es. Avant chaque op\u00e9ration, v\u00e9rifiez que les boulons du tambour de d\u00e9corticage, du ventilateur, de la tige oscillante, du si\u00e8ge du roulement et autres pi\u00e8ces mobiles du d\u00e9cortiqueur \u00e0 ma\u00efs ne soient pas desserr\u00e9s.<\/p>    <h3 class=\"wp-block-heading\" id=\"h-8-machine-troubleshooting\">(8) D\u00e9pannage du machine<\/h3>    <p>Lors du travail, aucun entretien de quelque nature que ce soit n\u2019est autoris\u00e9 pour le d\u00e9cortiqueur, toutes les actions doivent \u00eatre effectu\u00e9es apr\u00e8s l\u2019arr\u00eat de la machine.<\/p>    <h3 class=\"wp-block-heading\" id=\"h-9-parts-lubrication-maintenance-of-home-use-corn-thresher\">(9) Lubrification et maintenance des pi\u00e8ces du d\u00e9cortiqueur domestique<\/h3>    <p>Le d\u00e9corticage prolong\u00e9 du ma\u00efs peut entra\u00eener une usure naturelle, comme la perforation des dents, etc., ce qui affecte la qualit\u00e9 du d\u00e9corticage. Pour prolonger la dur\u00e9e de vie de la machine et obtenir de meilleurs b\u00e9n\u00e9fices \u00e9conomiques, toutes les pi\u00e8ces us\u00e9es doivent \u00eatre lubrifi\u00e9es et entretenues en temps voulu et avec pr\u00e9cision.<\/p>    <h3 class=\"wp-block-heading\" id=\"h-10-machine-storage-of-small-corn-thresher\">(10) Stockage de la machine \u00e0 d\u00e9cortiquer le ma\u00efs domestique<\/h3>    <p>Le temps de fonctionnement du petit d\u00e9cortiqueur \u00e0 ma\u00efs domestique n\u2019est pas tr\u00e8s long, g\u00e9n\u00e9ralement concentr\u00e9 pendant la saison de r\u00e9colte du ma\u00efs, le reste du temps \u00e9tant en veille, il faut donc faire attention au stockage de la machine, la machine doit \u00eatre propre, \u00e0 l\u2019abri de l\u2019humidit\u00e9, ignifuge et anti-humidit\u00e9 pour pouvoir \u00eatre utilis\u00e9e l\u2019ann\u00e9e suivante.<\/p>    <figure class=\"wp-block-gallery has-nested-images columns-default is-cropped wp-block-gallery-3 is-layout-flex wp-block-gallery-is-layout-flex\"> <figure class=\"wp-block-image size-large\"><img loading=\"lazy\" decoding=\"async\" width=\"720\" height=\"540\" data-id=\"10811\" src=\"https:\/\/www.agriculture-machine.com\/wp-content\/uploads\/2021\/06\/3.jpg\" alt=\"D\u00e9cortiqueur \u00e0 usage domestique \" class=\"wp-image-10811\" srcset=\"https:\/\/www.agriculture-machine.com\/wp-content\/uploads\/2021\/06\/3.jpg 720w, https:\/\/www.agriculture-machine.com\/wp-content\/uploads\/2021\/06\/3-360x270.jpg 360w, https:\/\/www.agriculture-machine.com\/wp-content\/uploads\/2021\/06\/3-240x180.jpg 240w\" sizes=\"auto, (max-width: 720px) 100vw, 720px\" \/><figcaption class=\"wp-element-caption\">D\u00e9cortiqueur \u00e0 usage domestique <\/figcaption><\/figure> <\/figure>    <h2 class=\"wp-block-heading\" id=\"h-machine-parameters\">Param\u00e8tres de la machine \u00e0 d\u00e9cortiquer le ma\u00efs pour usage domestique<\/h2>    <figure class=\"wp-block-table is-style-stripes\"><table><tbody><tr><td>Machine \u00e0 d\u00e9cortiquer le ma\u00efs<br><\/td><td>\uff08Type \u00e0 double rouleaux\uff09<\/td><\/tr><tr><td>Puissance<\/td><td>moteur \u00e0 essence ou moteur \u00e9lectrique<\/td><\/tr><tr><td>Capacit\u00e9<\/td><td>1500-2000kg\/h<\/td><\/tr><tr><td>Poids<\/td><td>60kg<\/td><\/tr><tr><td>Taille<\/td><td>750*460*375mm<\/td><\/tr><\/tbody><\/table><figcaption class=\"wp-element-caption\">Donn\u00e9es techniques du d\u00e9cortiqueur de ma\u00efs pour usage domestique<\/figcaption><\/figure>    <h2 class=\"wp-block-heading\">Contactez-nous \u00e0 tout moment<\/h2>    <p>Si vous \u00eates int\u00e9ress\u00e9 par notre petit d\u00e9cortiqueur \u00e0 ma\u00efs pour usage domestique, n\u2019h\u00e9sitez pas \u00e0 nous contacter, nous vous fournirons des informations d\u00e9taill\u00e9es sur le produit. Nous esp\u00e9rons offrir la meilleure solution pour votre traitement du ma\u00efs \u00e0 domicile !<\/p>","protected":false},"excerpt":{"rendered":"<p>Ceci est un petit d\u00e9cortiqueur \u00e0 ma\u00efs domestique. Sa capacit\u00e9 est de 1500-2000 kg\/h. Il est petit en taille et tr\u00e8s adapt\u00e9 \u00e0 un usage domestique.<\/p>","protected":false},"author":1,"featured_media":10810,"parent":0,"comment_status":"closed","ping_status":"closed","template":"","tags":[2614],"product-type":[872],"class_list":["post-10781","product","type-product","status-publish","has-post-thumbnail","hentry","tag-thresher","product-type-thresher-sheller"],"_links":{"self":[{"href":"https:\/\/www.agriculture-machine.com\/fr\/wp-json\/wp\/v2\/product\/10781","targetHints":{"allow":["GET"]}}],"collection":[{"href":"https:\/\/www.agriculture-machine.com\/fr\/wp-json\/wp\/v2\/product"}],"about":[{"href":"https:\/\/www.agriculture-machine.com\/fr\/wp-json\/wp\/v2\/types\/product"}],"author":[{"embeddable":true,"href":"https:\/\/www.agriculture-machine.com\/fr\/wp-json\/wp\/v2\/users\/1"}],"replies":[{"embeddable":true,"href":"https:\/\/www.agriculture-machine.com\/fr\/wp-json\/wp\/v2\/comments?post=10781"}],"wp:featuredmedia":[{"embeddable":true,"href":"https:\/\/www.agriculture-machine.com\/fr\/wp-json\/wp\/v2\/media\/10810"}],"wp:attachment":[{"href":"https:\/\/www.agriculture-machine.com\/fr\/wp-json\/wp\/v2\/media?parent=10781"}],"wp:term":[{"taxonomy":"post_tag","embeddable":true,"href":"https:\/\/www.agriculture-machine.com\/fr\/wp-json\/wp\/v2\/tags?post=10781"},{"taxonomy":"product-type","embeddable":true,"href":"https:\/\/www.agriculture-machine.com\/fr\/wp-json\/wp\/v2\/product-type?post=10781"}],"curies":[{"name":"wp","href":"https:\/\/api.w.org\/{rel}","templated":true}]}}