{"id":10960,"date":"2021-07-30T09:28:50","date_gmt":"2021-07-30T01:28:50","guid":{"rendered":"https:\/\/www.agriculture-machine.com\/?p=10960"},"modified":"2024-09-23T11:18:08","modified_gmt":"2024-09-23T03:18:08","slug":"different-types-of-disc-harrow-for-sale","status":"publish","type":"product","link":"https:\/\/www.agriculture-machine.com\/fr\/different-types-of-disc-harrow-for-sale\/","title":{"rendered":"Diff\u00e9rents types de herse \u00e0 disque \u00e0 vendre"},"content":{"rendered":"<h2 class=\"wp-block-heading\" id=\"h-introduction\">Introduction <\/h2>    <p>La herse \u00e0 disques est compos\u00e9e d'un cadre \u00e0 r\u00e2teaux, d'un groupe de r\u00e2teaux, d'un dispositif de traction ou de suspension, et d'un m\u00e9canisme de r\u00e9glage de d\u00e9viation. C'est une machine qui \u00e9tale le sol, le compost, et les mauvaises herbes pour qu'ils adh\u00e8rent \u00e0 la surface de la terre agricole. Cette machine est principalement utilis\u00e9e pour ameublir le sol apr\u00e8s le labour afin de r\u00e9pondre aux exigences agronomiques de pr\u00e9paration du sol avant le semis. Elle est \u00e9galement utilis\u00e9e pour d\u00e9sherber ou effectuer un labour superficiel et \u00e9liminer les chaumes apr\u00e8s la r\u00e9colte.<\/p>    <figure class=\"wp-block-image size-large is-resized\"><img loading=\"lazy\" decoding=\"async\" src=\"https:\/\/www.agriculture-machine.com\/wp-content\/uploads\/2021\/07\/disc-harrow-2-344x540.jpg\" alt=\"Herse \u00e0 disques\" class=\"wp-image-10982\" width=\"839\" height=\"1317\" srcset=\"https:\/\/www.agriculture-machine.com\/wp-content\/uploads\/2021\/07\/disc-harrow-2-344x540.jpg 344w, https:\/\/www.agriculture-machine.com\/wp-content\/uploads\/2021\/07\/disc-harrow-2-172x270.jpg 172w, https:\/\/www.agriculture-machine.com\/wp-content\/uploads\/2021\/07\/disc-harrow-2.jpg 720w\" sizes=\"auto, (max-width: 839px) 100vw, 839px\" \/><figcaption>Herse \u00e0 disques<\/figcaption><\/figure>    <h2 class=\"wp-block-heading\" id=\"h-the-main-difference-between-disc-harrow-and-disc-plow\">La principale diff\u00e9rence entre la herse \u00e0 disques et la charrue \u00e0 disques :<\/h2>    <p class=\"translation-block\">Puisque le <a href=\"https:\/\/www.agriculture-machine.com\/fr\/disc-plough-disc-plow-for-sale\/\">charrue \u00e0 disques<\/a> et la herse \u00e0 disques ont des noms similaires, beaucoup de gens confondent les deux outils et pensent qu'ils ont la m\u00eame fonction. En r\u00e9alit\u00e9, ils ont de nombreuses diff\u00e9rences. Ici, nous les distinguons principalement selon ces aspects :<\/p>    <p>1. Les objets sur lesquels ils travaillent et les fonctions des machines sont diff\u00e9rents : la charrue \u00e0 disques est principalement utilis\u00e9e pour le labour des terres non cultiv\u00e9es, et la herse \u00e0 disques pour le concassage et le nivellement des terres cultiv\u00e9es.<\/p>    <p>2. La m\u00e9thode de connexion avec le moteur est diff\u00e9rente : la charrue \u00e0 disques est de type suspension tripartite, et la herse \u00e0 disques a un grand type de traction et un petit type de suspension.<\/p>    <p>3. La structure de la machine et la force lors du fonctionnement sont diff\u00e9rentes : la charrue \u00e0 disques est comme la position o\u00f9 la lame de la charrue est install\u00e9e sur la charrue \u00e0 suspension tripartite, au lieu d'installer deux ou plusieurs corps de charrue \u00e0 disques et des plaques de retournement du sol.<\/p>    <h2 class=\"wp-block-heading\" id=\"h-advantages-of-disc-harrow\">Avantages de la herse \u00e0 disques<\/h2>    <ol class=\"wp-block-list\"><li>La herse \u00e0 disques est comme une \u00e9toile montante de la machinerie agricole et elle est largement utilis\u00e9e dans la plupart des pays et r\u00e9gions du monde. De nos jours, dans un nombre consid\u00e9rable de pays, l'importance de la herse \u00e0 disques n'est pas moins importante que celle de la charrue \u00e0 disques. <\/li><li>Elle n\u00e9cessite moins de puissance et poss\u00e8de une haute efficacit\u00e9 op\u00e9rationnelle. Elle peut \u00e9galement \u00e9conomiser de l'\u00e9nergie, \u00e9viter un labour excessif du sol, et le sol apr\u00e8s le d\u00e9chaumage peut \u00eatre enti\u00e8rement m\u00e9lang\u00e9, ce qui favorise l'activit\u00e9 et la d\u00e9composition chimique des micro-organismes dans le sol. <\/li><li>Il poss\u00e8de l'avantage d'une forte capacit\u00e9 d'\u00e9limination des chaumes, d'un bon effet de concassage du sol, d'une faible r\u00e9sistance au travail, d'une haute efficacit\u00e9 de production, de faibles co\u00fbts d'exploitation, et il favorise la conservation de l'humidit\u00e9 et peut am\u00e9liorer la qualit\u00e9 du semis.<\/li><\/ol>    <h2 class=\"wp-block-heading\" id=\"h-three-types\">Trois types <\/h2>    <h3 class=\"wp-block-heading\">Nous proposons trois types diff\u00e9rents de herse \u00e0 disques avec des caract\u00e9ristiques diff\u00e9rentes, vous pouvez choisir le type adapt\u00e9 \u00e0 vos besoins.<\/h3>    <p>Elle poss\u00e8de une traction sans biais, une haute efficacit\u00e9 op\u00e9rationnelle, une utilisation raisonnable de la puissance, et une forte capacit\u00e9 \u00e0 p\u00e9n\u00e9trer et \u00e0 broyer le sol. La surface du sol est plate apr\u00e8s le d\u00e9chaumage et le sol est meuble. La herse \u00e0 disques l\u00e9g\u00e8re oppos\u00e9e convient aux sols lourds, aux terrains vagues et aux mauvaises herbes. La herse \u00e0 disques l\u00e9g\u00e8re oppos\u00e9e associ\u00e9e \u00e0 une grande puissance.<\/p>    <figure class=\"wp-block-gallery columns-2 is-cropped wp-block-gallery-2 is-layout-flex wp-block-gallery-is-layout-flex\"><ul class=\"blocks-gallery-grid\"><li class=\"blocks-gallery-item\"><figure><img loading=\"lazy\" decoding=\"async\" width=\"540\" height=\"540\" src=\"https:\/\/www.agriculture-machine.com\/wp-content\/uploads\/2021\/07\/Opposed-light-disc-harrow3-540x540.jpg\" alt=\"Opposed\u00a0light disc harrow\" data-id=\"10986\" data-full-url=\"https:\/\/www.agriculture-machine.com\/wp-content\/uploads\/2021\/07\/Opposed-light-disc-harrow3.jpg\" data-link=\"https:\/\/www.agriculture-machine.com\/different-types-of-disc-harrow-for-sale\/opposed-light-disc-harrow3\/\" class=\"wp-image-10986\" srcset=\"https:\/\/www.agriculture-machine.com\/wp-content\/uploads\/2021\/07\/Opposed-light-disc-harrow3-540x540.jpg 540w, https:\/\/www.agriculture-machine.com\/wp-content\/uploads\/2021\/07\/Opposed-light-disc-harrow3-270x270.jpg 270w, https:\/\/www.agriculture-machine.com\/wp-content\/uploads\/2021\/07\/Opposed-light-disc-harrow3.jpg 750w\" sizes=\"auto, (max-width: 540px) 100vw, 540px\" \/><\/figure><\/li><li class=\"blocks-gallery-item\"><figure><img loading=\"lazy\" decoding=\"async\" width=\"408\" height=\"540\" src=\"https:\/\/www.agriculture-machine.com\/wp-content\/uploads\/2021\/07\/Opposed-light-disc-harrow-2-1-408x540.jpg\" alt=\"Opposed\u00a0light disc harrow\" data-id=\"10985\" data-full-url=\"https:\/\/www.agriculture-machine.com\/wp-content\/uploads\/2021\/07\/Opposed-light-disc-harrow-2-1.jpg\" data-link=\"https:\/\/www.agriculture-machine.com\/different-types-of-disc-harrow-for-sale\/opposed-light-disc-harrow-2-2\/\" class=\"wp-image-10985\" srcset=\"https:\/\/www.agriculture-machine.com\/wp-content\/uploads\/2021\/07\/Opposed-light-disc-harrow-2-1-408x540.jpg 408w, https:\/\/www.agriculture-machine.com\/wp-content\/uploads\/2021\/07\/Opposed-light-disc-harrow-2-1-204x270.jpg 204w, https:\/\/www.agriculture-machine.com\/wp-content\/uploads\/2021\/07\/Opposed-light-disc-harrow-2-1.jpg 720w\" sizes=\"auto, (max-width: 408px) 100vw, 408px\" \/><\/figure><\/li><\/ul><\/figure>    <p>Param\u00e8tre technique de la herse \u00e0 disques l\u00e9g\u00e8re oppos\u00e9e<\/p>    <figure class=\"wp-block-table is-style-stripes\"><table><tbody><tr><td>Mod\u00e8le<\/td><td>1BQDX-1.3<\/td><td>1BQDX-1.6<\/td><td>1BQDX-2.0<\/td><td>1BQDX-2.4<\/td><td>1BQDX-2.8<\/td><td>1BQDX-3.0<\/td><\/tr><tr><td>Largeur de coupe (mm)<\/td><td>1300<\/td><td>1600<\/td><td>2000<\/td><td>2400<\/td><td>2800<\/td><td>3000<\/td><\/tr><tr><td>Q&#8217; ty of disc<\/td><td>16<\/td><td>20<\/td><td>24<\/td><td>28<\/td><td>32<\/td><td>36<\/td><\/tr><tr><td>Poids(kg)<\/td><td>330<\/td><td>390<\/td><td>460<\/td><td>560<\/td><td>600<\/td><td>650<\/td><\/tr><tr><td>Puissance du tracteur (hp)<\/td><td>35-40<\/td><td>40-45<\/td><td>50-60<\/td><td>60-75<\/td><td>75-85<\/td><td>85-100<\/td><\/tr><\/tbody><\/table><\/figure>    <h3 class=\"wp-block-heading\">Herse \u00e0 disques l\u00e9g\u00e8re mont\u00e9e<\/h3>    <p>Ce type de herse \u00e0 disques est principalement adapt\u00e9 pour briser le sol apr\u00e8s le labour, pr\u00e9parer le sol avant le semis, ameublir le sol, m\u00e9langer le sol et l'engrais, et effectuer l'op\u00e9ration d'\u00e9limination des chaumes dans un sol l\u00e9ger. La machine poss\u00e8de une structure raisonnable, une solidit\u00e9 et une durabilit\u00e9, une utilisation pratique, un entretien facile, une forte capacit\u00e9 de concassage du sol, et une surface de terrain lisse apr\u00e8s le r\u00e2teau. La puissance associ\u00e9e est l\u00e9g\u00e8rement inf\u00e9rieure et la profondeur de coupe de la herse \u00e0 disques l\u00e9g\u00e8re mont\u00e9e est inf\u00e9rieure \u00e0 celle des deux autres.<\/p>    <figure class=\"wp-block-gallery columns-2 is-cropped wp-block-gallery-3 is-layout-flex wp-block-gallery-is-layout-flex\"><ul class=\"blocks-gallery-grid\"><li class=\"blocks-gallery-item\"><figure><img loading=\"lazy\" decoding=\"async\" width=\"720\" height=\"540\" src=\"https:\/\/www.agriculture-machine.com\/wp-content\/uploads\/2021\/07\/Mounted-light-duty-disc-harrow-1.jpg\" alt=\"Diff\u00e9rents types de herse \u00e0 disques \u00e0 vendre : trois principaux types de herse \u00e0 disques\" data-id=\"10987\" data-full-url=\"https:\/\/www.agriculture-machine.com\/wp-content\/uploads\/2021\/07\/Mounted-light-duty-disc-harrow-1.jpg\" data-link=\"https:\/\/www.agriculture-machine.com\/different-types-of-disc-harrow-for-sale\/mounted-light-duty-disc-harrow-3\/\" class=\"wp-image-10987\" srcset=\"https:\/\/www.agriculture-machine.com\/wp-content\/uploads\/2021\/07\/Mounted-light-duty-disc-harrow-1.jpg 720w, https:\/\/www.agriculture-machine.com\/wp-content\/uploads\/2021\/07\/Mounted-light-duty-disc-harrow-1-360x270.jpg 360w, https:\/\/www.agriculture-machine.com\/wp-content\/uploads\/2021\/07\/Mounted-light-duty-disc-harrow-1-240x180.jpg 240w\" sizes=\"auto, (max-width: 720px) 100vw, 720px\" \/><figcaption class=\"blocks-gallery-item__caption\">d\u00e9tails de la machine<\/figcaption><\/figure><\/li><li class=\"blocks-gallery-item\"><figure><img loading=\"lazy\" decoding=\"async\" width=\"720\" height=\"540\" src=\"https:\/\/www.agriculture-machine.com\/wp-content\/uploads\/2021\/07\/Mounted-light-duty-disc-harrow-2-1.jpg\" alt=\"d\u00e9tails de la machine 2\" data-id=\"10988\" data-full-url=\"https:\/\/www.agriculture-machine.com\/wp-content\/uploads\/2021\/07\/Mounted-light-duty-disc-harrow-2-1.jpg\" data-link=\"https:\/\/www.agriculture-machine.com\/different-types-of-disc-harrow-for-sale\/mounted-light-duty-disc-harrow-2-2\/\" class=\"wp-image-10988\" srcset=\"https:\/\/www.agriculture-machine.com\/wp-content\/uploads\/2021\/07\/Mounted-light-duty-disc-harrow-2-1.jpg 720w, https:\/\/www.agriculture-machine.com\/wp-content\/uploads\/2021\/07\/Mounted-light-duty-disc-harrow-2-1-360x270.jpg 360w, https:\/\/www.agriculture-machine.com\/wp-content\/uploads\/2021\/07\/Mounted-light-duty-disc-harrow-2-1-240x180.jpg 240w\" sizes=\"auto, (max-width: 720px) 100vw, 720px\" \/><\/figure><\/li><\/ul><\/figure>    <p>Param\u00e8tre technique de la herse \u00e0 disques l\u00e9g\u00e8re mont\u00e9e<\/p>    <figure class=\"wp-block-table is-style-stripes\"><table><tbody><tr><td>Mod\u00e8le<\/td><td>1BQX-1.1<\/td><td>1BQX-1.3<\/td><td>1BQX-1.5<\/td><td>1BQX-1.7<\/td><td>1BQX-1.9<\/td><td>1BQX-2.3<\/td><\/tr><tr><td>Largeur de coupe (mm)<\/td><td>1100<\/td><td>1300<\/td><td>1500<\/td><td>1700<\/td><td>1900<\/td><td>2300<\/td><\/tr><tr><td>Q&#8217; ty of disc<\/td><td>12<\/td><td>14<\/td><td>16<\/td><td>18<\/td><td>20<\/td><td>24<\/td><\/tr><tr><td>Poids(kg)<\/td><td>200<\/td><td>220<\/td><td>240<\/td><td>260<\/td><td>310<\/td><td>360<\/td><\/tr><tr><td>Puissance du tracteur (hp)<\/td><td>15<\/td><td>18<\/td><td>25<\/td><td>40<\/td><td>50<\/td><td>60<\/td><\/tr><\/tbody><\/table><\/figure>    <h3 class=\"wp-block-heading\">Herse \u00e0 disques moyenne mont\u00e9e<\/h3>    <p>La herse \u00e0 disques moyenne mont\u00e9e avec dents \u00e0 encoches, et le groupe de herse arri\u00e8re utilise des dents de herse \u00e0 disques. Elle convient pour l'\u00e9limination des chaumes avant le labour dans les terres agricoles s\u00e8ches, pour briser le sol apr\u00e8s le labour, et pour les sols l\u00e9gers avec herse au lieu de la charrue. Les lames de la herse de cette s\u00e9rie, produites par nos soins, sont de bonne qualit\u00e9 et ont une longue dur\u00e9e de vie. La machine enti\u00e8re a de belles lignes, des couleurs diverses, et des vari\u00e9t\u00e9s compl\u00e8tes, adapt\u00e9e aux courroies de tracteurs \u00e0 quatre roues avec diff\u00e9rentes puissances. La surface plate peut r\u00e9pondre aux exigences de l'agriculture intensive.<\/p>    <figure class=\"wp-block-gallery columns-2 is-cropped wp-block-gallery-4 is-layout-flex wp-block-gallery-is-layout-flex\"><ul class=\"blocks-gallery-grid\"><li class=\"blocks-gallery-item\"><figure><img loading=\"lazy\" decoding=\"async\" width=\"720\" height=\"540\" src=\"https:\/\/www.agriculture-machine.com\/wp-content\/uploads\/2021\/07\/Mounted-middle-duty-disc-harrow-1.jpg\" alt=\"Herse \u00e0 disques moyenne mont\u00e9e\" data-id=\"10989\" data-full-url=\"https:\/\/www.agriculture-machine.com\/wp-content\/uploads\/2021\/07\/Mounted-middle-duty-disc-harrow-1.jpg\" data-link=\"https:\/\/www.agriculture-machine.com\/different-types-of-disc-harrow-for-sale\/mounted-middle-duty-disc-harrow-3\/\" class=\"wp-image-10989\" srcset=\"https:\/\/www.agriculture-machine.com\/wp-content\/uploads\/2021\/07\/Mounted-middle-duty-disc-harrow-1.jpg 720w, https:\/\/www.agriculture-machine.com\/wp-content\/uploads\/2021\/07\/Mounted-middle-duty-disc-harrow-1-360x270.jpg 360w, https:\/\/www.agriculture-machine.com\/wp-content\/uploads\/2021\/07\/Mounted-middle-duty-disc-harrow-1-240x180.jpg 240w\" sizes=\"auto, (max-width: 720px) 100vw, 720px\" \/><figcaption class=\"blocks-gallery-item__caption\">Herse \u00e0 disques moyenne mont\u00e9e<\/figcaption><\/figure><\/li><li class=\"blocks-gallery-item\"><figure><img loading=\"lazy\" decoding=\"async\" width=\"720\" height=\"540\" src=\"https:\/\/www.agriculture-machine.com\/wp-content\/uploads\/2021\/07\/Mounted-middle-duty-disc-harrow-2-1.jpg\" alt=\"Herse \u00e0 disques moyenne mont\u00e9e\" data-id=\"10990\" data-full-url=\"https:\/\/www.agriculture-machine.com\/wp-content\/uploads\/2021\/07\/Mounted-middle-duty-disc-harrow-2-1.jpg\" data-link=\"https:\/\/www.agriculture-machine.com\/different-types-of-disc-harrow-for-sale\/mounted-middle-duty-disc-harrow-2-2\/\" class=\"wp-image-10990\" srcset=\"https:\/\/www.agriculture-machine.com\/wp-content\/uploads\/2021\/07\/Mounted-middle-duty-disc-harrow-2-1.jpg 720w, https:\/\/www.agriculture-machine.com\/wp-content\/uploads\/2021\/07\/Mounted-middle-duty-disc-harrow-2-1-360x270.jpg 360w, https:\/\/www.agriculture-machine.com\/wp-content\/uploads\/2021\/07\/Mounted-middle-duty-disc-harrow-2-1-240x180.jpg 240w\" sizes=\"auto, (max-width: 720px) 100vw, 720px\" \/><figcaption class=\"blocks-gallery-item__caption\">Herse \u00e0 disques moyenne mont\u00e9e<\/figcaption><\/figure><\/li><\/ul><\/figure>    <p>Param\u00e8tre technique de la herse \u00e0 disques moyenne mont\u00e9e<\/p>    <figure class=\"wp-block-table is-style-stripes\"><table><tbody><tr><td>Mod\u00e8le<\/td><td>1BJX-1.6<\/td><td>1BJX-1.8<\/td><td>1BJX-2.0<\/td><td>1BJX-2.2<\/td><td>1BJX-2.4<\/td><td>1BJX-2.5<\/td><\/tr><tr><td>Largeur de coupe (mm)<\/td><td>1600<\/td><td>1800<\/td><td>2000<\/td><td>2200<\/td><td>2400<\/td><td>2500<\/td><\/tr><tr><td>Q&#8217; ty of disc<\/td><td>14<\/td><td>16<\/td><td>18<\/td><td>20<\/td><td>22<\/td><td>24<\/td><\/tr><tr><td>Poids(kg)<\/td><td>350<\/td><td>380<\/td><td>420<\/td><td>470<\/td><td>540<\/td><td>650<\/td><\/tr><tr><td>Puissance du tracteur (hp)<\/td><td>30<\/td><td>40<\/td><td>50<\/td><td>60<\/td><td>70<\/td><td>80<\/td><\/tr><\/tbody><\/table><\/figure>    <h2 class=\"wp-block-heading\" id=\"h-precautions\">Pr\u00e9cautions<\/h2>    <ol class=\"wp-block-list\"><li>V\u00e9rifiez si les boulons et \u00e9crous de fixation sont l\u00e2ches avant utilisation, en particulier les \u00e9crous de l'arbre carr\u00e9 qui doivent \u00eatre serr\u00e9s. L'\u00e9crou \u00e0 l'extr\u00e9mit\u00e9 de l'arbre carr\u00e9 doit \u00eatre serr\u00e9 et verrouill\u00e9. Il ne doit y avoir aucun mouvement de la lame de la griffes, sinon le trou int\u00e9rieur de la lame de la griffes pourra user l'arbre carr\u00e9.<\/li><li>La mont\u00e9e et la descente de la herse suspendue doivent \u00eatre lentes et stables. Toute op\u00e9ration excessive est interdite, et il est interdit \u00e0 l'op\u00e9rateur d'augmenter le poids de la herse pour forcer la herse dans le sol.<\/li><li>Pendant l'utilisation, il est strictement interdit de r\u00e9parer, inspecter ou ajuster la griffes. Lorsque le tracteur travaille avec une griffes, il est interdit de faire des virages serr\u00e9s, et la herse \u00e0 traction n'est pas autoris\u00e9e \u00e0 faire marche arri\u00e8re. <\/li><li>En cas d'\u00e9rosion grave du sol ou de d\u00e9rapage, les causes doivent \u00eatre analys\u00e9es et \u00e9limin\u00e9es, et l'op\u00e9ration forc\u00e9e n'est pas autoris\u00e9e. Lorsque la griffes est proche du sol, les lames de la griffes ne doivent pas toucher la cr\u00eate, la cr\u00eate de pierre, etc. <\/li><li>Lors du transfert de parcelles ou du transport sur de courtes distances, le m\u00e9canisme de travail de la griffes doit \u00eatre relev\u00e9 en position la plus haute pour \u00eatre verrouill\u00e9, afin que l'outil agricole soit en position de transport, et la cha\u00eene limite doit \u00eatre tendue. <\/li><\/ol>    <h2 class=\"wp-block-heading\" id=\"h-our-service\">Notre service<\/h2>    <p>Nous sommes une usine \u00e9tablie depuis de nombreuses ann\u00e9es. Les machines que nous produisons sont fabriqu\u00e9es \u00e0 partir de mat\u00e9riaux de haute qualit\u00e9 et ont \u00e9t\u00e9 v\u00e9rifi\u00e9es plusieurs fois pour garantir une qualit\u00e9 fiable. Nos employ\u00e9s sont \u00e9galement des v\u00e9t\u00e9rans avec de nombreuses ann\u00e9es d'exp\u00e9rience, avec une bonne attitude de service et une grande efficacit\u00e9 au travail. Si vous \u00eates int\u00e9ress\u00e9 par nos produits et souhaitez en savoir plus sur nos machines, vous pouvez laisser vos coordonn\u00e9es, notre personnel vous contactera dans les 24 heures, n'h\u00e9sitez pas \u00e0 consulter.<\/p>","protected":false},"excerpt":{"rendered":"<p>Introduction Disc harrow is composed of a raked frame, a rake group, a traction or suspension device, and a deflection adjustment mechanism. It is a machine that spreads the ground, compost, and weeds to make them adhere to the surface of the farmland. This machine is mainly used to loosen the soil after plowing\u00a0to meet [&hellip;]<\/p>\n","protected":false},"author":1,"featured_media":10991,"parent":0,"comment_status":"closed","ping_status":"closed","template":"","tags":[698],"product-type":[878],"class_list":["post-10960","product","type-product","status-publish","has-post-thumbnail","hentry","tag-tractor","product-type-manual-tractor"],"_links":{"self":[{"href":"https:\/\/www.agriculture-machine.com\/fr\/wp-json\/wp\/v2\/product\/10960","targetHints":{"allow":["GET"]}}],"collection":[{"href":"https:\/\/www.agriculture-machine.com\/fr\/wp-json\/wp\/v2\/product"}],"about":[{"href":"https:\/\/www.agriculture-machine.com\/fr\/wp-json\/wp\/v2\/types\/product"}],"author":[{"embeddable":true,"href":"https:\/\/www.agriculture-machine.com\/fr\/wp-json\/wp\/v2\/users\/1"}],"replies":[{"embeddable":true,"href":"https:\/\/www.agriculture-machine.com\/fr\/wp-json\/wp\/v2\/comments?post=10960"}],"wp:featuredmedia":[{"embeddable":true,"href":"https:\/\/www.agriculture-machine.com\/fr\/wp-json\/wp\/v2\/media\/10991"}],"wp:attachment":[{"href":"https:\/\/www.agriculture-machine.com\/fr\/wp-json\/wp\/v2\/media?parent=10960"}],"wp:term":[{"taxonomy":"post_tag","embeddable":true,"href":"https:\/\/www.agriculture-machine.com\/fr\/wp-json\/wp\/v2\/tags?post=10960"},{"taxonomy":"product-type","embeddable":true,"href":"https:\/\/www.agriculture-machine.com\/fr\/wp-json\/wp\/v2\/product-type?post=10960"}],"curies":[{"name":"wp","href":"https:\/\/api.w.org\/{rel}","templated":true}]}}