{"id":10993,"date":"2021-08-16T17:44:40","date_gmt":"2021-08-16T09:44:40","guid":{"rendered":"https:\/\/www.agriculture-machine.com\/?p=10993"},"modified":"2024-08-20T17:43:17","modified_gmt":"2024-08-20T09:43:17","slug":"potato-harvester-two-models-of-potato-harvester","status":"publish","type":"product","link":"https:\/\/www.agriculture-machine.com\/fr\/potato-harvester-two-models-of-potato-harvester\/","title":{"rendered":"Deux mod\u00e8les de machine \u00e0 r\u00e9colter les pommes de terre \u00e0 vendre"},"content":{"rendered":"<p class=\"translation-block\">La <strong>r\u00e9colteuse de pommes de terre<\/strong> est principalement utilis\u00e9e pour r\u00e9colter les pommes de terre souterraines, y compris les patates douces, carottes, etc. Elle convient \u00e0 diff\u00e9rents types de sols : sableux, argileux, et moyennement coh\u00e9sifs. <\/p>    <p>La machine peut faire sortir le fruit du sol et former une pile, r\u00e9duisant la consommation de main-d'\u0153uvre et facilitant la collecte. En raison de la grande profondeur de d\u00e9terrage, elle ne causera pas de dommages aux pommes de terre.<\/p>    <figure class=\"wp-block-embed aligncenter is-type-video is-provider-youtube wp-block-embed-youtube wp-embed-aspect-16-9 wp-has-aspect-ratio\"><div class=\"wp-block-embed__wrapper\"> <iframe loading=\"lazy\" title=\"Maximisez l\u2019efficacit\u00e9 de la r\u00e9colte de pommes de terre avec notre machine de r\u00e9colte combin\u00e9e avanc\u00e9e#r\u00e9colte\" width=\"500\" height=\"281\" src=\"https:\/\/www.youtube.com\/embed\/4WllxEhKSvg?feature=oembed\" frameborder=\"0\" allow=\"accelerometer; autoplay; clipboard-write; encrypted-media; gyroscope; picture-in-picture; web-share\" referrerpolicy=\"strict-origin-when-cross-origin\" allowfullscreen><\/iframe> <\/div><figcaption class=\"wp-element-caption\">vid\u00e9o en fonctionnement de la machine \u00e0 d\u00e9terrer les pommes de terre<\/figcaption><\/figure>    <p class=\"translation-block\">Cette machine est populaire dans de nombreux pays, notamment aux Pays-Bas, aux \u00c9tats-Unis, au Canada, en Allemagne, en France, en Russie, etc. (<strong><em><a href=\"https:\/\/www.agriculture-machine.com\/fr\/automatic-potato-harvesting-machine\/\">Pourquoi les machines automatiques de r\u00e9colte de pommes de terre sont populaires dans les pays canadiens<\/a><\/em><\/strong>). Voici divers sc\u00e9narios de fonctionnement.<\/p>    <figure class=\"wp-block-image aligncenter size-full\"><img loading=\"lazy\" decoding=\"async\" width=\"720\" height=\"540\" src=\"https:\/\/www.agriculture-machine.com\/wp-content\/uploads\/2021\/07\/working-scene.jpg\" alt=\"sc\u00e8ne de travail\" class=\"wp-image-10998\" srcset=\"https:\/\/www.agriculture-machine.com\/wp-content\/uploads\/2021\/07\/working-scene.jpg 720w, https:\/\/www.agriculture-machine.com\/wp-content\/uploads\/2021\/07\/working-scene-360x270.jpg 360w, https:\/\/www.agriculture-machine.com\/wp-content\/uploads\/2021\/07\/working-scene-240x180.jpg 240w\" sizes=\"auto, (max-width: 720px) 100vw, 720px\" \/><figcaption class=\"wp-element-caption\">Sc\u00e8ne de travail de la machine \u00e0 d\u00e9terrer les pommes de terre<\/figcaption><\/figure>    <h2 class=\"wp-block-heading\" id=\"h-introduction-about-our-potato-harvester\">Introduction \u00e0 notre r\u00e9colteuse de pommes de terre<\/h2>    <p>The harvester machine can help people harvest the crop efficiently. Our potato harvester equipment is specially designed according to our country&#8217;s characteristics of potato planting. The yield that the machine can harvest is more than a dozen people can harvest.<\/p>    <p>L\u2019ensemble du processus d\u2019op\u00e9ration est fluide. La machine est facile \u00e0 connecter et \u00e0 faire fonctionner. Elle est flexible, pratique, avec une haute efficacit\u00e9 de r\u00e9colte, peu de pommes de terre enterr\u00e9es, et ne cause pas de dommages aux pommes de terre. <\/p>    <figure class=\"wp-block-image aligncenter size-large\"><img loading=\"lazy\" decoding=\"async\" width=\"720\" height=\"539\" src=\"https:\/\/www.agriculture-machine.com\/wp-content\/uploads\/2021\/07\/potato-harvester-2.jpg\" alt=\"R\u00e9colteuse de pommes de terre\" class=\"wp-image-11003\" srcset=\"https:\/\/www.agriculture-machine.com\/wp-content\/uploads\/2021\/07\/potato-harvester-2.jpg 720w, https:\/\/www.agriculture-machine.com\/wp-content\/uploads\/2021\/07\/potato-harvester-2-360x270.jpg 360w, https:\/\/www.agriculture-machine.com\/wp-content\/uploads\/2021\/07\/potato-harvester-2-240x180.jpg 240w\" sizes=\"auto, (max-width: 720px) 100vw, 720px\" \/><figcaption class=\"wp-element-caption\">Machine \u00e0 d\u00e9terrer les pommes de terre<\/figcaption><\/figure>    <p>The machine can turn over the soil. The remaining agricultural film is turned directly on the ground, which is more convenient to clean up. It is also conducive to the growth of the next season&#8217;s crops. So our potato reaping machine is favored by users everywhere.<\/p>    <figure class=\"wp-block-image aligncenter size-large\"><img loading=\"lazy\" decoding=\"async\" width=\"720\" height=\"530\" src=\"https:\/\/www.agriculture-machine.com\/wp-content\/uploads\/2021\/07\/potato-harvester-2-1.jpg\" alt=\"\" class=\"wp-image-11004\" srcset=\"https:\/\/www.agriculture-machine.com\/wp-content\/uploads\/2021\/07\/potato-harvester-2-1.jpg 720w, https:\/\/www.agriculture-machine.com\/wp-content\/uploads\/2021\/07\/potato-harvester-2-1-360x265.jpg 360w\" sizes=\"auto, (max-width: 720px) 100vw, 720px\" \/><figcaption class=\"wp-element-caption\">Machine \u00e0 r\u00e9colter les pommes de terre \u00e0 vendre<\/figcaption><\/figure>    <h2 class=\"wp-block-heading\">Principe de fonctionnement du d\u00e9terreur de pommes de terre<\/h2>    <ol class=\"wp-block-list\"> <li>Avant de commencer \u00e0 travailler, connectez la machine au tracteur. Diff\u00e9rents r\u00e9colteuses de pommes de terre doivent \u00eatre associ\u00e9es \u00e0 des tracteurs de diff\u00e9rentes puissances.<\/li>    <li>Lorsque le tracteur commence \u00e0 avancer, la machine \u00e0 r\u00e9colter les pommes de terre doit commencer \u00e0 fonctionner ensemble.<\/li>    <li>Le principe de fonctionnement est que, sous la conduite de la PTO du tracteur, le sol et les tubercules sont s\u00e9par\u00e9s par la vibration de l\u2019\u00e9cran vibrant. Le sol tombe dans l\u2019espace de l\u2019\u00e9cran vibrant, et les pommes de terre restent sur l\u2019\u00e9cran.<\/li> <\/ol>    <h2 class=\"wp-block-heading\">Potato harvesting machine&#8217;s main structure <\/h2>    <p>La machine \u00e0 r\u00e9colter les pommes de terre comprend plusieurs pi\u00e8ces : roue, support de roue arri\u00e8re, \u00e9cran vibrant, couvercle de protection, cadre de traction, PTO, et broche de suspension. Vous pouvez trouver plus de d\u00e9tails dans l\u2019image ci-dessous.<\/p>    <figure class=\"wp-block-image aligncenter size-full\"><img loading=\"lazy\" decoding=\"async\" width=\"720\" height=\"528\" src=\"https:\/\/www.agriculture-machine.com\/wp-content\/uploads\/2021\/07\/structure-2.jpg\" alt=\"structure\" class=\"wp-image-11002\" srcset=\"https:\/\/www.agriculture-machine.com\/wp-content\/uploads\/2021\/07\/structure-2.jpg 720w, https:\/\/www.agriculture-machine.com\/wp-content\/uploads\/2021\/07\/structure-2-360x264.jpg 360w\" sizes=\"auto, (max-width: 720px) 100vw, 720px\" \/><figcaption class=\"wp-element-caption\">Structure de la machine de r\u00e9colte<\/figcaption><\/figure>    <h2 class=\"wp-block-heading\">Param\u00e8tres techniques<\/h2>    <p>Nous avons deux mod\u00e8les de r\u00e9colteuse de pommes de terre : machines \u00e0 r\u00e9colter en rang simple et en rang double. Vous pouvez obtenir des informations d\u00e9taill\u00e9es dans la fiche. Pour plus de d\u00e9tails, consultez notre personnel.<\/p>    <figure class=\"wp-block-gallery has-nested-images columns-default is-cropped wp-block-gallery-2 is-layout-flex wp-block-gallery-is-layout-flex\"> <figure class=\"wp-block-image size-large\"><img loading=\"lazy\" decoding=\"async\" width=\"720\" height=\"540\" data-id=\"11005\" src=\"https:\/\/www.agriculture-machine.com\/wp-content\/uploads\/2021\/07\/single-row.jpg\" alt=\"ligne simple\" class=\"wp-image-11005\" srcset=\"https:\/\/www.agriculture-machine.com\/wp-content\/uploads\/2021\/07\/single-row.jpg 720w, https:\/\/www.agriculture-machine.com\/wp-content\/uploads\/2021\/07\/single-row-360x270.jpg 360w, https:\/\/www.agriculture-machine.com\/wp-content\/uploads\/2021\/07\/single-row-240x180.jpg 240w\" sizes=\"auto, (max-width: 720px) 100vw, 720px\" \/><figcaption class=\"wp-element-caption\">ligne simple<\/figcaption><\/figure>    <figure class=\"wp-block-image size-large\"><img loading=\"lazy\" decoding=\"async\" width=\"720\" height=\"540\" data-id=\"11006\" src=\"https:\/\/www.agriculture-machine.com\/wp-content\/uploads\/2021\/07\/two-rows.jpg\" alt=\"deux rang\u00e9es\" class=\"wp-image-11006\" srcset=\"https:\/\/www.agriculture-machine.com\/wp-content\/uploads\/2021\/07\/two-rows.jpg 720w, https:\/\/www.agriculture-machine.com\/wp-content\/uploads\/2021\/07\/two-rows-360x270.jpg 360w, https:\/\/www.agriculture-machine.com\/wp-content\/uploads\/2021\/07\/two-rows-240x180.jpg 240w\" sizes=\"auto, (max-width: 720px) 100vw, 720px\" \/><figcaption class=\"wp-element-caption\">deux rang\u00e9es<\/figcaption><\/figure> <\/figure>    <figure class=\"wp-block-table is-style-stripes\"><table><tbody><tr><td>Mod\u00e8le<\/td><td>4U-1<\/td><td>4U-2<\/td><\/tr><tr><td>Lignes de r\u00e9colte<\/td><td>1<\/td><td>2<\/td><\/tr><tr><td>Largeur de coupe (mm)<\/td><td>600<\/td><td>900\/1300\/1600\/1800<\/td><\/tr><tr><td>Profondeur de coupe(mm)<\/td><td>100-250<\/td><td>100-250<\/td><\/tr><tr><td>Vitesse de rotation de la PTO (tr\/min)<\/td><td>540-720<\/td><td>540-720<\/td><\/tr><tr><td>Poids(kg)<\/td><td>160<\/td><td>260\/335\/390\/440<\/td><\/tr><tr><td>Puissance du tracteur (hp)<\/td><td>20-30<\/td><td>40\/50\/70\/80<\/td><\/tr><tr><td>Cat\u00e9naire mont\u00e9<\/td><td>Cat\u00e9gorie de suspension \u00e0 trois points, Classe II<\/td><td>Cat\u00e9gorie de suspension \u00e0 trois points, Classe II<\/td><\/tr><\/tbody><\/table><figcaption class=\"wp-element-caption\">Informations param\u00e9triques pour les deux mod\u00e8les de r\u00e9colteuse<\/figcaption><\/figure>    <h2 class=\"wp-block-heading\">Pr\u00e9paration avant le travail<\/h2>    <ol class=\"wp-block-list\"> <li>D\u00e9montez et nettoyez \u00e0 l\u2019avance les diff\u00e9rentes pi\u00e8ces de la r\u00e9colteuse de pommes de terre, et appliquez de la graisse sur les pi\u00e8ces de roulement lors du nettoyage pour assurer leur fonctionnement normal.<\/li>    <li>Lors du travail dans le sol, il est n\u00e9cessaire de s\u2019assurer qu\u2019il n\u2019y a pas de gros rochers, de pierres \u00e9videntes, etc. L\u2019objectif est de garantir que la d\u00e9terreuse de pommes de terre ne causera pas de dommages aux engrenages et aux lames \u00e0 cause des rochers.<\/li> <\/ol>    <h2 class=\"wp-block-heading\">Avantages de la r\u00e9colteuse<\/h2>    <ol class=\"wp-block-list\"> <li>Tr\u00e8s efficace, cette machine peut r\u00e9colter environ 0,27 hectare par heure et a une capacit\u00e9 d\u2019alimentation d\u2019environ 180 kg\/s.<\/li>    <li>La r\u00e9colteuse de pommes de terre perd rapidement le sol, sans causer de dommages \u00e0 l\u2019\u00e9piderme de la pomme de terre. Le stockage auxiliaire est propre, et le taux de r\u00e9colte est \u00e9lev\u00e9.<\/li>    <li>Le film r\u00e9siduel est r\u00e9cup\u00e9r\u00e9 proprement, et la machine peut effectuer efficacement et rapidement la d\u00e9terration des pommes de terre en une seule fois.<\/li>    <li>La cha\u00eene de convoyage adopte une conception sp\u00e9ciale et est durable.<\/li>    <li>Elle adopte une structure \u00e0 cadre, donc la r\u00e9colteuse de pommes de terre est l\u00e9g\u00e8re, durable, et plus facile \u00e0 installer.<\/li>    <li>La conception globale suit le principe de la m\u00e9canique apr\u00e8s des exp\u00e9riences r\u00e9p\u00e9t\u00e9es \u00e0 long terme. Elle offre une large adaptabilit\u00e9, une haute efficacit\u00e9 de travail, une faible demande en puissance, une r\u00e9cup\u00e9ration rapide, et s\u2019adapte \u00e0 divers sols.<\/li> <\/ol>    <figure class=\"wp-block-gallery has-nested-images columns-default is-cropped wp-block-gallery-3 is-layout-flex wp-block-gallery-is-layout-flex\"> <figure class=\"wp-block-image size-large\"><img loading=\"lazy\" decoding=\"async\" width=\"720\" height=\"540\" data-id=\"15509\" src=\"https:\/\/www.agriculture-machine.com\/wp-content\/uploads\/2021\/08\/potato-digging-machine.webp\" alt=\"Machine \u00e0 d\u00e9terrer les pommes de terre\" class=\"wp-image-15509\" srcset=\"https:\/\/www.agriculture-machine.com\/wp-content\/uploads\/2021\/08\/potato-digging-machine.webp 720w, https:\/\/www.agriculture-machine.com\/wp-content\/uploads\/2021\/08\/potato-digging-machine-360x270.webp 360w, https:\/\/www.agriculture-machine.com\/wp-content\/uploads\/2021\/08\/potato-digging-machine-240x180.webp 240w\" sizes=\"auto, (max-width: 720px) 100vw, 720px\" \/><figcaption class=\"wp-element-caption\">Machine \u00e0 d\u00e9terrer les pommes de terre<\/figcaption><\/figure>    <figure class=\"wp-block-image size-large\"><img loading=\"lazy\" decoding=\"async\" width=\"720\" height=\"540\" data-id=\"15510\" src=\"https:\/\/www.agriculture-machine.com\/wp-content\/uploads\/2021\/08\/potato-harvesting-machine-for-sale.webp\" alt=\"Machine \u00e0 r\u00e9colter les pommes de terre \u00e0 vendre\" class=\"wp-image-15510\" srcset=\"https:\/\/www.agriculture-machine.com\/wp-content\/uploads\/2021\/08\/potato-harvesting-machine-for-sale.webp 720w, https:\/\/www.agriculture-machine.com\/wp-content\/uploads\/2021\/08\/potato-harvesting-machine-for-sale-360x270.webp 360w, https:\/\/www.agriculture-machine.com\/wp-content\/uploads\/2021\/08\/potato-harvesting-machine-for-sale-240x180.webp 240w\" sizes=\"auto, (max-width: 720px) 100vw, 720px\" \/><figcaption class=\"wp-element-caption\">Machine \u00e0 r\u00e9colter les pommes de terre \u00e0 vendre<\/figcaption><\/figure> <\/figure>    <h2 class=\"wp-block-heading\">Maintenance technique et stockage<\/h2>    <ol class=\"wp-block-list\"> <li>Apr\u00e8s chaque poste, le sol dans chaque partie de la machine doit \u00eatre enlev\u00e9.<\/li>    <li>V\u00e9rifiez les fixations des diff\u00e9rentes pi\u00e8ces, et serrez-les \u00e0 temps si elles sont l\u00e2ches.<\/li>    <li>V\u00e9rifiez si les pi\u00e8ces rotatives sont flexibles. Si elles ne sont pas normales, vous devriez les ajuster et les \u00e9liminer \u00e0 temps.<\/li>    <li>Lorsque la machine n\u2019a pas \u00e9t\u00e9 utilis\u00e9e depuis longtemps, il faut faire attention \u00e0 \u00e9viter la pluie et le contact avec des substances acides pour \u00e9viter la corrosion. Les lames doivent \u00eatre trait\u00e9es \u00e0 l\u2019huile.<\/li> <\/ol>    <p>Si vous \u00eates int\u00e9ress\u00e9 par notre r\u00e9colteuse de pommes de terre avanc\u00e9e, n\u2019h\u00e9sitez pas \u00e0 contacter notre \u00e9quipe professionnelle pour plus de d\u00e9tails et options de personnalisation. Nous sommes impatients d\u2019avoir de vos nouvelles et de vous fournir la solution la plus adapt\u00e9e.<\/p>","protected":false},"excerpt":{"rendered":"<p>La r\u00e9colteuse de pommes de terre est largement utilis\u00e9e dans de grands champs de pommes de terre ou de patates douces, etc. Il existe des mod\u00e8les en rang simple et en rang double, ce qui peut am\u00e9liorer la productivit\u00e9 du travail de r\u00e9colte.<\/p>","protected":false},"author":1,"featured_media":11000,"parent":0,"comment_status":"closed","ping_status":"closed","template":"","tags":[843,842],"product-type":[871],"class_list":["post-10993","product","type-product","status-publish","has-post-thumbnail","hentry","tag-potatoes","tag-sweet-potatoes","product-type-harvester"],"_links":{"self":[{"href":"https:\/\/www.agriculture-machine.com\/fr\/wp-json\/wp\/v2\/product\/10993","targetHints":{"allow":["GET"]}}],"collection":[{"href":"https:\/\/www.agriculture-machine.com\/fr\/wp-json\/wp\/v2\/product"}],"about":[{"href":"https:\/\/www.agriculture-machine.com\/fr\/wp-json\/wp\/v2\/types\/product"}],"author":[{"embeddable":true,"href":"https:\/\/www.agriculture-machine.com\/fr\/wp-json\/wp\/v2\/users\/1"}],"replies":[{"embeddable":true,"href":"https:\/\/www.agriculture-machine.com\/fr\/wp-json\/wp\/v2\/comments?post=10993"}],"wp:featuredmedia":[{"embeddable":true,"href":"https:\/\/www.agriculture-machine.com\/fr\/wp-json\/wp\/v2\/media\/11000"}],"wp:attachment":[{"href":"https:\/\/www.agriculture-machine.com\/fr\/wp-json\/wp\/v2\/media?parent=10993"}],"wp:term":[{"taxonomy":"post_tag","embeddable":true,"href":"https:\/\/www.agriculture-machine.com\/fr\/wp-json\/wp\/v2\/tags?post=10993"},{"taxonomy":"product-type","embeddable":true,"href":"https:\/\/www.agriculture-machine.com\/fr\/wp-json\/wp\/v2\/product-type?post=10993"}],"curies":[{"name":"wp","href":"https:\/\/api.w.org\/{rel}","templated":true}]}}