{"id":11043,"date":"2021-08-07T16:29:49","date_gmt":"2021-08-07T08:29:49","guid":{"rendered":"https:\/\/www.agriculture-machine.com\/?p=11043"},"modified":"2024-09-26T09:28:27","modified_gmt":"2024-09-26T01:28:27","slug":"heavy-disc-harrow-hydraulic-trailed-heavy-duty-harrow","status":"publish","type":"product","link":"https:\/\/www.agriculture-machine.com\/fr\/heavy-disc-harrow-hydraulic-trailed-heavy-duty-harrow\/","title":{"rendered":"Herse \u00e0 disque lourde | Herse hydraulique remorqu\u00e9e lourde"},"content":{"rendered":"<p>La charrue lourde \u00e0 disques tract\u00e9e est un outil de labour. Elle poss\u00e8de un groupe de charrue compos\u00e9 de plusieurs disques concaves. Ces disques sont fix\u00e9s sur un arbre horizontal comme pi\u00e8ce de travail. Elle a une forte adaptabilit\u00e9 aux sols lourds, terrains vagues, et parcelles envahies par la v\u00e9g\u00e9tation.<\/p>    <p>Il est principalement utilis\u00e9 pour le labour de terres non cultiv\u00e9es, aussi pour l'enl\u00e8vement de chaume avant le labour, le griffage apr\u00e8s le labour, le desserrement du sol, etc. Lors du fonctionnement, la charrue lourde \u00e0 disques peut m\u00e9langer les engrais de surface et les pesticides avec le sol de surface pour obtenir un effet de nivellement et de conservation de l'humidit\u00e9.<\/p>    <figure class=\"wp-block-embed aligncenter is-type-video is-provider-youtube wp-block-embed-youtube wp-embed-aspect-16-9 wp-has-aspect-ratio\"><div class=\"wp-block-embed__wrapper\"> <iframe loading=\"lazy\" title=\"vid\u00e9o de travail de la charrue lourde \u00e0 disques tract\u00e9e hydraulique|vid\u00e9o de retour d&#039;exp\u00e9rience de la charrue \u00e0 disques\" width=\"500\" height=\"281\" src=\"https:\/\/www.youtube.com\/embed\/VSU8fbMLO7A?feature=oembed\" frameborder=\"0\" allow=\"accelerometer; autoplay; clipboard-write; encrypted-media; gyroscope; picture-in-picture; web-share\" referrerpolicy=\"strict-origin-when-cross-origin\" allowfullscreen><\/iframe> <\/div><figcaption class=\"wp-element-caption\">vid\u00e9o de travail de la charrue lourde \u00e0 disques agricoles<\/figcaption><\/figure>    <h2 class=\"wp-block-heading\">Structure de la charrue lourde \u00e0 disques<\/h2>    <p>La charrue \u00e0 disques est g\u00e9n\u00e9ralement compos\u00e9e d'un groupe de charrue, cadre de charrue, m\u00e9canisme de r\u00e9glage de d\u00e9viation, et dispositif d'attelage.<\/p>    <h3 class=\"wp-block-heading\" id=\"h-rake-group\">Groupe de charrue<\/h3>    <p>Le groupe de la charrue est compos\u00e9 de lames de charrue, tubes interm\u00e9diaires, arbres carr\u00e9s, roulements, et grattoirs. Les lames de la charrue sont g\u00e9n\u00e9ralement des disques sph\u00e9riques. Il existe deux types de disques, une lame pleine, et une lame \u00e0 dents. La premi\u00e8re est simple \u00e0 fabriquer et facile \u00e0 aff\u00fbter. La seconde a une forte capacit\u00e9 \u00e0 p\u00e9n\u00e9trer dans le sol. Cela aide \u00e0 couper la terre et les mauvaises herbes de chaume.<\/p>    <p>Et le centre de la lame est un trou carr\u00e9 traversant l'arbre carr\u00e9. Lors du travail, les lames de la charrue tournent avec l'arbre carr\u00e9. Celui-ci est reli\u00e9 au cadre de la charrue par un roulement, et les lames de la charrue sur le m\u00eame arbre sont s\u00e9par\u00e9es par un tube interm\u00e9diaire.<\/p>    <figure class=\"wp-block-gallery has-nested-images columns-2 is-cropped wp-block-gallery-2 is-layout-flex wp-block-gallery-is-layout-flex\"> <figure class=\"wp-block-image size-large\"><a href=\"https:\/\/www.agriculture-machine.com\/wp-content\/uploads\/2021\/08\/\u5168\u5203.jpg\"><img loading=\"lazy\" decoding=\"async\" width=\"720\" height=\"540\" data-id=\"11053\" src=\"https:\/\/www.agriculture-machine.com\/wp-content\/uploads\/2021\/08\/\u5168\u5203.jpg\" alt=\"Disque pleine lame\" class=\"wp-image-11053\" srcset=\"https:\/\/www.agriculture-machine.com\/wp-content\/uploads\/2021\/08\/\u5168\u5203.jpg 720w, https:\/\/www.agriculture-machine.com\/wp-content\/uploads\/2021\/08\/\u5168\u5203-360x270.jpg 360w, https:\/\/www.agriculture-machine.com\/wp-content\/uploads\/2021\/08\/\u5168\u5203-240x180.jpg 240w\" sizes=\"auto, (max-width: 720px) 100vw, 720px\" \/><\/a><figcaption class=\"wp-element-caption\">Disque pleine lame<\/figcaption><\/figure>    <figure class=\"wp-block-image size-large\"><a href=\"https:\/\/www.agriculture-machine.com\/wp-content\/uploads\/2021\/08\/\u7f3a\u53e3\u5203.jpg\"><img loading=\"lazy\" decoding=\"async\" width=\"720\" height=\"540\" data-id=\"11054\" src=\"https:\/\/www.agriculture-machine.com\/wp-content\/uploads\/2021\/08\/\u7f3a\u53e3\u5203.jpg\" alt=\"Disque \u00e0 dents\" class=\"wp-image-11054\" srcset=\"https:\/\/www.agriculture-machine.com\/wp-content\/uploads\/2021\/08\/\u7f3a\u53e3\u5203.jpg 720w, https:\/\/www.agriculture-machine.com\/wp-content\/uploads\/2021\/08\/\u7f3a\u53e3\u5203-360x270.jpg 360w, https:\/\/www.agriculture-machine.com\/wp-content\/uploads\/2021\/08\/\u7f3a\u53e3\u5203-240x180.jpg 240w\" sizes=\"auto, (max-width: 720px) 100vw, 720px\" \/><\/a><figcaption class=\"wp-element-caption\">Disque \u00e0 dents<\/figcaption><\/figure> <\/figure>    <h3 class=\"wp-block-heading\" id=\"h-rake-frame\"> Cadre de la charrue<\/h3>    <p>Le cadre de la charrue est utilis\u00e9 pour installer le groupe de disques, le m\u00e9canisme de r\u00e9glage, le dispositif d'attelage, et d'autres composants. <\/p>    <p>Certains cadres de la charrue sont \u00e9galement \u00e9quip\u00e9s d'une bo\u00eete de charge pour ajouter des contrepoids si n\u00e9cessaire afin d'augmenter et de maintenir la profondeur de la charrue. <\/p>    <p>Le m\u00e9canisme de r\u00e9glage de l'angle de d\u00e9viation est utilis\u00e9 pour ajuster l'angle de d\u00e9viation de la charrue \u00e0 disques lourde afin de r\u00e9pondre aux exigences de diff\u00e9rentes profondeurs de labour.<\/p>    <figure class=\"wp-block-gallery has-nested-images columns-default is-cropped wp-block-gallery-3 is-layout-flex wp-block-gallery-is-layout-flex\"> <figure class=\"wp-block-image size-large\"><a href=\"https:\/\/www.agriculture-machine.com\/wp-content\/uploads\/2021\/08\/4.jpg\"><img loading=\"lazy\" decoding=\"async\" width=\"720\" height=\"540\" data-id=\"11052\" src=\"https:\/\/www.agriculture-machine.com\/wp-content\/uploads\/2021\/08\/4.jpg\" alt=\"Charrue lourde \u00e0 disques \u00e0 traction hydraulique oppos\u00e9e\" class=\"wp-image-11052\" srcset=\"https:\/\/www.agriculture-machine.com\/wp-content\/uploads\/2021\/08\/4.jpg 720w, https:\/\/www.agriculture-machine.com\/wp-content\/uploads\/2021\/08\/4-360x270.jpg 360w, https:\/\/www.agriculture-machine.com\/wp-content\/uploads\/2021\/08\/4-240x180.jpg 240w\" sizes=\"auto, (max-width: 720px) 100vw, 720px\" \/><\/a><figcaption class=\"wp-element-caption\">Charrue lourde \u00e0 disques \u00e0 traction hydraulique oppos\u00e9e<\/figcaption><\/figure>    <figure class=\"wp-block-image size-large\"><a href=\"https:\/\/www.agriculture-machine.com\/wp-content\/uploads\/2021\/08\/3.jpg\"><img loading=\"lazy\" decoding=\"async\" width=\"720\" height=\"540\" data-id=\"11051\" src=\"https:\/\/www.agriculture-machine.com\/wp-content\/uploads\/2021\/08\/3.jpg\" alt=\"Charrue lourde \u00e0 disques \u00e0 traction hydraulique oppos\u00e9e\" class=\"wp-image-11051\" srcset=\"https:\/\/www.agriculture-machine.com\/wp-content\/uploads\/2021\/08\/3.jpg 720w, https:\/\/www.agriculture-machine.com\/wp-content\/uploads\/2021\/08\/3-360x270.jpg 360w, https:\/\/www.agriculture-machine.com\/wp-content\/uploads\/2021\/08\/3-240x180.jpg 240w\" sizes=\"auto, (max-width: 720px) 100vw, 720px\" \/><\/a><figcaption class=\"wp-element-caption\">Charrue lourde \u00e0 disques \u00e0 traction hydraulique oppos\u00e9e<\/figcaption><\/figure> <\/figure>    <h3 class=\"wp-block-heading\" id=\"h-deflection-adjustment-mechanism\"> M\u00e9canisme de r\u00e9glage de la d\u00e9viation <\/h3>    <p>Les r\u00e9glages d'angle incluent le type \u00e0 vis de r\u00e9glage, le type \u00e0 plaque dent\u00e9e, le type hydraulique, le type \u00e0 boulon, le type \u00e0 plaque de pression, et le type \u00e0 levier manuel.<\/p>    <p>Le support est fix\u00e9 sur la poutre principale de traction, les plaques de glissement sup\u00e9rieures et inf\u00e9rieures sont fix\u00e9es au cadre de traction, et peuvent se d\u00e9placer le long de la poutre principale, la plage de d\u00e9placement \u00e9tant limit\u00e9e par le support \u00e0 l'extr\u00e9mit\u00e9 de la plaque dent\u00e9e.<\/p>    <h3 class=\"wp-block-heading\" id=\"h-hooking-device\">Dispositif d'attelage<\/h3>    <p>L'attelage est une charrue \u00e0 disques lourde connect\u00e9e au tracteur via un dispositif d'entra\u00eenement ou un dispositif de suspension.<\/p>    <h2 class=\"wp-block-heading\">Principe de fonctionnement de la charrue agricole<\/h2>    <ul class=\"wp-block-list\"> <li>Les groupes de disques concaves sont utilis\u00e9s comme pi\u00e8ces de travail.<\/li>    <li>Le bord de la lame est perpendiculaire au sol et poss\u00e8de un angle de d\u00e9viation r\u00e9glable par rapport \u00e0 la direction avant de l'unit\u00e9.<\/li>    <li>Les lames de la charrue coupent dans le sol pour couper les racines et les r\u00e9sidus de culture, et le sol est soulev\u00e9 \u00e0 une certaine hauteur le long de la surface concave des lames de la charrue, puis retourn\u00e9.<\/li> <\/ul>    <figure class=\"wp-block-embed is-type-video is-provider-youtube wp-block-embed-youtube wp-embed-aspect-16-9 wp-has-aspect-ratio\"><div class=\"wp-block-embed__wrapper\"> <iframe loading=\"lazy\" title=\"vid\u00e9o de travail de la charrue lourde \u00e0 disques tract\u00e9e hydraulique|vid\u00e9o de retour d&#039;exp\u00e9rience de la charrue \u00e0 disques\" width=\"500\" height=\"281\" src=\"https:\/\/www.youtube.com\/embed\/H3_jjq-Vs5w?feature=oembed\" frameborder=\"0\" allow=\"accelerometer; autoplay; clipboard-write; encrypted-media; gyroscope; picture-in-picture; web-share\" referrerpolicy=\"strict-origin-when-cross-origin\" allowfullscreen><\/iframe> <\/div><figcaption class=\"wp-element-caption\">Site de travail de la charrue lourde \u00e0 disques agricole<\/figcaption><\/figure>    <h2 class=\"wp-block-heading\">Avantages de la charrue lourde \u00e0 disques \u00e0 traction hydraulique<\/h2>    <ul class=\"wp-block-list\"> <li>Un cadre robuste, \u00e0 phases, et des porte-roulements durables prolongent la dur\u00e9e de vie.<\/li>    <li>Les gangs de lames \u00e0 tranche ind\u00e9pendante s'adaptent harmonieusement avec une jambe.<\/li>    <li>Une forte force d'appui fait que chaque lame s'enfonce plus profond\u00e9ment.<\/li>    <li>Les lames \u00e0 dents coupent dans la terre.<\/li>    <li>Les lames lisses laissent une finition fine.<\/li>    <li>Grattoirs anti-boue qui aident \u00e0 obstruer.<\/li> <\/ul>    <figure class=\"wp-block-image aligncenter size-full\"><img loading=\"lazy\" decoding=\"async\" width=\"720\" height=\"540\" src=\"https:\/\/www.agriculture-machine.com\/wp-content\/uploads\/2021\/08\/9.jpg\" alt=\"Diff\u00e9rents types de lames\" class=\"wp-image-11060\" srcset=\"https:\/\/www.agriculture-machine.com\/wp-content\/uploads\/2021\/08\/9.jpg 720w, https:\/\/www.agriculture-machine.com\/wp-content\/uploads\/2021\/08\/9-360x270.jpg 360w, https:\/\/www.agriculture-machine.com\/wp-content\/uploads\/2021\/08\/9-240x180.jpg 240w\" sizes=\"auto, (max-width: 720px) 100vw, 720px\" \/><figcaption class=\"wp-element-caption\">Diff\u00e9rents types de lames<\/figcaption><\/figure>    <h2 class=\"wp-block-heading\">Forme de configuration de la charrue \u00e0 disques pour tracteur<\/h2>    <p>Selon la configuration du groupe de la charrue, on peut la diviser en trois types : type \u00e0 rang\u00e9e unique oppos\u00e9e, type \u00e0 double rang\u00e9e oppos\u00e9e, et charrue \u00e0 disques lourds d\u00e9cal\u00e9s.<\/p>    <ol class=\"wp-block-list\"> <li><strong>Type \u00e0 rang\u00e9e unique oppos\u00e9e<\/strong>. Les c\u00f4t\u00e9s gauche et droit des composants de la charrue sont dispos\u00e9s en une seule rang\u00e9e. Chaque rang\u00e9e gauche et droite comprend une ou plusieurs groupes de charrue avec des surfaces concaves oppos\u00e9es. Elle est utilis\u00e9e pour les terres plates d'irrigation, les restes de r\u00e9colte, et le labour peu profond des terres en jach\u00e8re.<\/li>    <li><strong>Type \u00e0 double rang\u00e9e oppos\u00e9e. <\/strong>Chaque colonne est sym\u00e9triquement organis\u00e9e par deux rang\u00e9es de groupes de charrue \u00e0 gauche et \u00e0 droite. Les surfaces concaves des disques des deux premi\u00e8res rang\u00e9es de groupes de charrue sont oppos\u00e9es.<\/li>    <li><strong>Type d\u00e9cal\u00e9<\/strong>Il se compose de deux rang\u00e9es de groupes de charrue avec des surfaces concaves oppos\u00e9es des disques \u00e0 l'avant et \u00e0 l'arri\u00e8re. La ligne centrale de la largeur de la charrue peut d\u00e9vier consid\u00e9rablement de l'axe longitudinal du tracteur lors du fonctionnement. La charrue d\u00e9cal\u00e9e large peut atteindre plus de 3 m\u00e8tres. Lorsqu'elle est utilis\u00e9e dans un verger, vous pouvez \u00e9tendre la charrue d\u00e9cal\u00e9e pour travailler sous la canop\u00e9e o\u00f9 le tracteur ne peut pas entrer. Parce que la charrue d\u00e9cal\u00e9e n'a pas de zone de labour manquante, elle est \u00e9galement largement utilis\u00e9e dans les op\u00e9rations de champ.<\/li> <\/ol>    <figure class=\"wp-block-gallery has-nested-images columns-default is-cropped wp-block-gallery-4 is-layout-flex wp-block-gallery-is-layout-flex\"> <figure class=\"wp-block-image size-large\"><img loading=\"lazy\" decoding=\"async\" width=\"720\" height=\"540\" data-id=\"11055\" src=\"https:\/\/www.agriculture-machine.com\/wp-content\/uploads\/2021\/08\/5.jpg\" alt=\"Charrue lourde \u00e0 disques \u00e0 lame pleine\" class=\"wp-image-11055\" srcset=\"https:\/\/www.agriculture-machine.com\/wp-content\/uploads\/2021\/08\/5.jpg 720w, https:\/\/www.agriculture-machine.com\/wp-content\/uploads\/2021\/08\/5-360x270.jpg 360w, https:\/\/www.agriculture-machine.com\/wp-content\/uploads\/2021\/08\/5-240x180.jpg 240w\" sizes=\"auto, (max-width: 720px) 100vw, 720px\" \/><figcaption class=\"wp-element-caption\">Charrue lourde \u00e0 disques \u00e0 lame pleine<\/figcaption><\/figure>    <figure class=\"wp-block-image size-large\"><img loading=\"lazy\" decoding=\"async\" width=\"720\" height=\"540\" data-id=\"11056\" src=\"https:\/\/www.agriculture-machine.com\/wp-content\/uploads\/2021\/08\/6.jpg\" alt=\"Charrue \u00e0 disques \u00e0 lames \u00e0 dents\" class=\"wp-image-11056\" srcset=\"https:\/\/www.agriculture-machine.com\/wp-content\/uploads\/2021\/08\/6.jpg 720w, https:\/\/www.agriculture-machine.com\/wp-content\/uploads\/2021\/08\/6-360x270.jpg 360w, https:\/\/www.agriculture-machine.com\/wp-content\/uploads\/2021\/08\/6-240x180.jpg 240w\" sizes=\"auto, (max-width: 720px) 100vw, 720px\" \/><figcaption class=\"wp-element-caption\">Charrue \u00e0 disques \u00e0 lames \u00e0 dents<\/figcaption><\/figure> <\/figure>    <h2 class=\"wp-block-heading\" id=\"h-how-to-choose-a-disc-heavy-harrow\">Comment choisir votre \u00e9quipement de labour ?<\/h2>    <ul class=\"wp-block-list\"> <li>La s\u00e9rie 1BZ de la charrue hydraulique lourde \u00e0 disques a une haute efficacit\u00e9 de travail et une forte capacit\u00e9 de p\u00e9n\u00e9tration dans le sol.<\/li>    <li>Ce type de charrue s'adapte bien aux sols collants, terrains vagues, et parcelles envahies par la v\u00e9g\u00e9tation.<\/li>    <li>La charrue est \u00e9galement \u00e9quip\u00e9e de roues en caoutchouc \u00e0 levage hydraulique.<\/li>    <li>Il peut ainsi grandement am\u00e9liorer l'efficacit\u00e9 de production et la dur\u00e9e de vie du chariot.<\/li> <\/ul>    <figure class=\"wp-block-gallery has-nested-images columns-default is-cropped wp-block-gallery-5 is-layout-flex wp-block-gallery-is-layout-flex\"> <figure class=\"wp-block-image size-large\"><img loading=\"lazy\" decoding=\"async\" width=\"720\" height=\"540\" data-id=\"11057\" src=\"https:\/\/www.agriculture-machine.com\/wp-content\/uploads\/2021\/08\/7.jpg\" alt=\"Aile pliante de la charrue lourde \u00e0 disques \u00e0 traction hydraulique\" class=\"wp-image-11057\" srcset=\"https:\/\/www.agriculture-machine.com\/wp-content\/uploads\/2021\/08\/7.jpg 720w, https:\/\/www.agriculture-machine.com\/wp-content\/uploads\/2021\/08\/7-360x270.jpg 360w, https:\/\/www.agriculture-machine.com\/wp-content\/uploads\/2021\/08\/7-240x180.jpg 240w\" sizes=\"auto, (max-width: 720px) 100vw, 720px\" \/><figcaption class=\"wp-element-caption\">Aile pliante de la charrue lourde \u00e0 disques \u00e0 traction hydraulique<\/figcaption><\/figure>    <figure class=\"wp-block-image size-large\"><img loading=\"lazy\" decoding=\"async\" width=\"720\" height=\"540\" data-id=\"11058\" src=\"https:\/\/www.agriculture-machine.com\/wp-content\/uploads\/2021\/08\/8.jpg\" alt=\"Charrue lourde \u00e0 disques hydraulique tract\u00e9e\" class=\"wp-image-11058\" srcset=\"https:\/\/www.agriculture-machine.com\/wp-content\/uploads\/2021\/08\/8.jpg 720w, https:\/\/www.agriculture-machine.com\/wp-content\/uploads\/2021\/08\/8-360x270.jpg 360w, https:\/\/www.agriculture-machine.com\/wp-content\/uploads\/2021\/08\/8-240x180.jpg 240w\" sizes=\"auto, (max-width: 720px) 100vw, 720px\" \/><figcaption class=\"wp-element-caption\">Charrue lourde \u00e0 disques hydraulique tract\u00e9e<\/figcaption><\/figure> <\/figure>    <h2 class=\"wp-block-heading\">Param\u00e8tres de la charrue lourde \u00e0 disques<\/h2>    <figure class=\"wp-block-table is-style-stripes\"><table><tbody><tr><td>Mod\u00e8le<\/td><td>Largeur de travail (mm)<\/td><td>Profondeur de travail (mm)<\/td><td>Diam\u00e8tre du disque (mm)<\/td><td>Nombre de disques (pcs)<\/td><td>Poids (kg)<\/td><td>Puissance adapt\u00e9e (hp)<\/td><td>Liaison<\/td><\/tr><tr><td>1BZ-1.8<\/td><td>1800<\/td><td>200<\/td><td>660<\/td><td>16<\/td><td>1160<\/td><td>70<\/td><td>Traction hydraulique avec tracteur<\/td><\/tr><tr><td>1BZ-2.2<\/td><td>2200<\/td><td>200<\/td><td>660<\/td><td>20<\/td><td>1250<\/td><td>80<\/td><td>Traction hydraulique avec tracteur<\/td><\/tr><tr><td>1BZ-2.5<\/td><td>2500<\/td><td>200<\/td><td>660<\/td><td>24<\/td><td>1350<\/td><td>90<\/td><td>Traction hydraulique avec tracteur<\/td><\/tr><tr><td>1BZ-3.0<\/td><td>3000<\/td><td>200<\/td><td>660<\/td><td>28<\/td><td>1430<\/td><td>100<\/td><td>Traction hydraulique avec tracteur<\/td><\/tr><tr><td>1BZ-3.4<\/td><td>3400<\/td><td>200<\/td><td>660<\/td><td>32<\/td><td>1550<\/td><td>120<\/td><td>Traction hydraulique avec tracteur<\/td><\/tr><tr><td>1BZ-4.0<\/td><td>4000<\/td><td>200<\/td><td>660<\/td><td>36<\/td><td>1900<\/td><td>150<\/td><td>Traction hydraulique avec tracteur<\/td><\/tr><tr><td>1BZ-5.3 <\/td><td>5300<\/td><td>200<\/td><td>660<\/td><td>48<\/td><td>2500<\/td><td>180<\/td><td>Traction hydraulique avec tracteur<\/td><\/tr><\/tbody><\/table><figcaption class=\"wp-element-caption\">Param\u00e8tres de la charrue lourde \u00e0 disques \u00e0 traction hydraulique<\/figcaption><\/figure>    <figure class=\"wp-block-table is-style-stripes\"><table><tbody><tr><td>Mod\u00e8le<\/td><td>1BZD-2.6<\/td><td>1BZD-3.0<\/td><td> 1BZD-3.3<\/td><td>1BZD-4.0<\/td><td>1BZD-4.3<\/td><td>1BZD-4.8<\/td><td> 1BZDF-4.5 <\/td><\/tr><tr><td>Largeur de travail (mm)<\/td><td>2600<\/td><td>3000<\/td><td>3300<\/td><td>4000<\/td><td>4400<\/td><td>4800<\/td><td>4500<\/td><\/tr><tr><td>Profondeur de travail (mm)<\/td><td>200-250<\/td><td>200-250<\/td><td> 200-250 <\/td><td> 200-250 <\/td><td> 200-250 <\/td><td>200-250 <\/td><td>250<\/td><\/tr><tr><td>Diam\u00e8tre du disque (mm)<\/td><td>660<\/td><td>660<\/td><td>660<\/td><td>660<\/td><td>660<\/td><td>660<\/td><td>660<\/td><\/tr><tr><td>\u00c9paisseur du disque (mm)<\/td><td>5<\/td><td>5<\/td><td>5<\/td><td>5<\/td><td>5<\/td><td>5<\/td><td>6<\/td><\/tr><tr><td>Nombre de disques (pcs)<\/td><td>16<\/td><td>18<\/td><td>20<\/td><td>24<\/td><td>28<\/td><td>32<\/td><td>40<\/td><\/tr><tr><td>Poids(kg)<\/td><td>1150<\/td><td>1250<\/td><td>1350<\/td><td>1500<\/td><td>1600<\/td><td>1800<\/td><td>3200<\/td><\/tr><tr><td>Puissance adapt\u00e9e (hp)<\/td><td>60-70<\/td><td>70-80<\/td><td>80-90<\/td><td><br>90-100<br><\/td><td>100-110<\/td><td>110-120<\/td><td>150-160<\/td><\/tr><tr><td>Liaison<\/td><td>Traction hydraulique avec tracteur<\/td><td>Traction hydraulique avec tracteur<\/td><td>Traction hydraulique avec tracteur<\/td><td>Traction hydraulique avec tracteur<\/td><td>Traction hydraulique avec tracteur<\/td><td>Traction hydraulique avec tracteur<\/td><td>pliable hydraulique \u00e0 traction<\/td><\/tr><\/tbody><\/table><figcaption class=\"wp-element-caption\">Param\u00e8tres de la charrue lourde \u00e0 disques \u00e0 traction hydraulique oppos\u00e9e<\/figcaption><\/figure>    <h2 class=\"wp-block-heading\">Utilisation correcte et maintenance de la charrue de culture de champ<\/h2>    <ul class=\"wp-block-list\"> <li>Pendant l'utilisation, v\u00e9rifier fr\u00e9quemment l'\u00e9tat technique de la lame de la charrue, le grattoir, l'arbre carr\u00e9, le roulement, le r\u00e9glage d'angle, et diverses pi\u00e8ces de connexion.<\/li>    <li>Surtout les \u00e9crous d'extr\u00e9mit\u00e9 de la charrue lourde \u00e0 disques et les boulons de fixation de chaque roulement.<\/li>    <li>Apr\u00e8s l'op\u00e9ration, nettoyer et r\u00e9viser le groupe de la charrue lourde \u00e0 disques.<\/li>    <li>Si vous n'utilisez pas la roue de transport, cela endommagera pr\u00e9matur\u00e9ment le groupe de la charrue.<\/li>    <li>Lors du transport dans le champ ou pr\u00e8s des routes en terre, ajustez l'angle d'inclinaison \u00e0 z\u00e9ro.<\/li> <\/ul>    <p>Si vous avez des questions ou besoin de plus d'informations sur ce produit, n'h\u00e9sitez pas \u00e0 remplir le formulaire \u00e0 droite pour consultation, nous esp\u00e9rons travailler avec vous.<\/p>","protected":false},"excerpt":{"rendered":"<p>The traction heavy disc harrow is a tillage tool. It has a rake group composed of a plurality of concave discs. These discs are fixed on a horizontal shaft as a working part. It has strong adaptability to heavy soil, wasteland, and weedy plots. It is mainly used for plowing uncultivated land, also for stubble [&hellip;]<\/p>\n","protected":false},"author":1,"featured_media":11062,"parent":0,"comment_status":"closed","ping_status":"closed","template":"","tags":[698],"product-type":[950,955,2],"class_list":["post-11043","product","type-product","status-publish","has-post-thumbnail","hentry","tag-tractor","product-type-arable-plows","product-type-arable-plows-products","product-type-products"],"_links":{"self":[{"href":"https:\/\/www.agriculture-machine.com\/fr\/wp-json\/wp\/v2\/product\/11043","targetHints":{"allow":["GET"]}}],"collection":[{"href":"https:\/\/www.agriculture-machine.com\/fr\/wp-json\/wp\/v2\/product"}],"about":[{"href":"https:\/\/www.agriculture-machine.com\/fr\/wp-json\/wp\/v2\/types\/product"}],"author":[{"embeddable":true,"href":"https:\/\/www.agriculture-machine.com\/fr\/wp-json\/wp\/v2\/users\/1"}],"replies":[{"embeddable":true,"href":"https:\/\/www.agriculture-machine.com\/fr\/wp-json\/wp\/v2\/comments?post=11043"}],"wp:featuredmedia":[{"embeddable":true,"href":"https:\/\/www.agriculture-machine.com\/fr\/wp-json\/wp\/v2\/media\/11062"}],"wp:attachment":[{"href":"https:\/\/www.agriculture-machine.com\/fr\/wp-json\/wp\/v2\/media?parent=11043"}],"wp:term":[{"taxonomy":"post_tag","embeddable":true,"href":"https:\/\/www.agriculture-machine.com\/fr\/wp-json\/wp\/v2\/tags?post=11043"},{"taxonomy":"product-type","embeddable":true,"href":"https:\/\/www.agriculture-machine.com\/fr\/wp-json\/wp\/v2\/product-type?post=11043"}],"curies":[{"name":"wp","href":"https:\/\/api.w.org\/{rel}","templated":true}]}}