{"id":1105,"date":"2018-10-19T08:51:53","date_gmt":"2018-10-19T00:51:53","guid":{"rendered":"https:\/\/www.agriculture-machine.com\/?p=1105"},"modified":"2024-09-18T16:07:36","modified_gmt":"2024-09-18T08:07:36","slug":"multifunctional-thresher-machine","status":"publish","type":"product","link":"https:\/\/www.agriculture-machine.com\/fr\/multifunctional-thresher-machine\/","title":{"rendered":"Machine \u00e0 d\u00e9cortiquer multifonctionnelle"},"content":{"rendered":"<h2 class=\"wp-block-heading\">Br\u00e8ve pr\u00e9sentation de la machine \u00e0 battre le bl\u00e9<\/h2>    <p>La machine \u00e0 battre multifonction comprend un hopper d'alimentation, un tambour, un tamis et une \u00e9tag\u00e8re. Elle int\u00e8gre le battage, la s\u00e9paration, la coupe de la paille dans un tout et peut \u00eatre utilis\u00e9e pour le bl\u00e9, l'orge, le riz, le sorgho, le millet, les haricots et le colza. La conception sp\u00e9ciale pour une entr\u00e9e plus grande facilite le placement des mati\u00e8res premi\u00e8res. De plus, il est pr\u00e9f\u00e9rable de choisir une culture avec 80 % d'humidit\u00e9, ce qui peut r\u00e9duire le taux de cassure.<\/p>    <figure class=\"wp-block-embed is-type-rich is-provider-embed-handler wp-block-embed-embed-handler wp-embed-aspect-16-9 wp-has-aspect-ratio\"><div class=\"wp-block-embed__wrapper\"> <iframe loading=\"lazy\" title=\"Machine \u00e0 battre le bl\u00e9, l&#039;orge, le riz, le sorgho, le millet, les haricots et le colza\" width=\"500\" height=\"281\" src=\"https:\/\/www.youtube.com\/embed\/0Y2dKaS3GxI?feature=oembed\" frameborder=\"0\" allow=\"accelerometer; autoplay; clipboard-write; encrypted-media; gyroscope; picture-in-picture; web-share\" referrerpolicy=\"strict-origin-when-cross-origin\" allowfullscreen><\/iframe> <\/div><\/figure>    <h2 class=\"wp-block-heading\">Param\u00e8tre technique de la machine \u00e0 battre le bl\u00e9<\/h2>    <div class=\"table-responsive\"> <table class=\"table\" border=\"1\"> <tbody> <tr style=\"background-color: #f79646;\"> <td width=\"284\">Mod\u00e8le<\/td> <td width=\"316\">DT-60<\/td> <\/tr> <tr style=\"background-color: #fbd5b5;\"> <td rowspan=\"3\" width=\"284\">&nbsp;<br>Puissance<\/td> <td width=\"316\">&gt;3kw moteur<\/td> <\/tr> <tr> <td width=\"316\">Moteur \u00e0 essence 170F<\/td> <\/tr> <tr> <td width=\"316\">Moteur diesel 8HP<\/td> <\/tr> <tr style=\"background-color: #fbd5b5;\"> <td width=\"284\">Capacit\u00e9<\/td> <td width=\"316\">800-1000kg\/h<\/td> <\/tr> <tr> <td width=\"284\">Vitesse du ventilateur<\/td> <td width=\"316\">2450t\/min<\/td> <\/tr> <tr style=\"background-color: #fbd5b5;\"> <td width=\"284\">Taille de la machine<\/td> <td width=\"316\">1490*1270*1480mm<\/td> <\/tr> <tr> <td width=\"284\">Taille d'emballage<\/td> <td width=\"316\">1280*960*1010mm(1,24CBM)<\/td> <\/tr> <tr style=\"background-color: #fbd5b5;\"> <td width=\"284\">Poids<\/td> <td width=\"316\">150kg<\/td> <\/tr> <tr> <td width=\"284\">Mise en \u0153uvre nationale des normes<\/td> <td width=\"316\">DG\/T 016-2006<\/td> <\/tr> <tr style=\"background-color: #fbd5b5;\"> <td width=\"284\">&nbsp;<\/td> <td width=\"316\">JB\/T 9778-2008<\/td> <\/tr> <\/tbody> <\/table> <\/div>    <figure class=\"wp-block-image\"><img decoding=\"async\" src=\"https:\/\/www.agriculture-machine.com\/wp-content\/uploads\/2018\/10\/thresher-machine5.jpg\" alt=\"batteuse-machine5\"\/><\/figure>    <h2 class=\"wp-block-heading\">Principe de fonctionnement de la machine \u00e0 battre le bl\u00e9<\/h2>    <p>Lorsque la machine fonctionne, les cultures sont aliment\u00e9es de mani\u00e8re continue et r\u00e9guli\u00e8re. La culture est s\u00e9par\u00e9e de la tige par friction, extrusion, collision et secousses entre le ch\u00e2ssis du tambour et le tamis. Apr\u00e8s que le grain est s\u00e9par\u00e9 de la tige, la tige est expuls\u00e9e par le ventilateur d'aspiration. Pendant ce temps, les grains sortent d'une autre sortie.<br><img decoding=\"async\" style=\"width: 400px; float: left; margin-right: 10px;\" src=\"https:\/\/www.agriculture-machine.com\/wp-content\/uploads\/2018\/10\/thresher-machine4.jpg\" alt=\"batteuse-machine4\"><img decoding=\"async\" style=\"width: 400px;\" src=\"https:\/\/www.agriculture-machine.com\/wp-content\/uploads\/2018\/10\/thresher-machine3.jpg\" alt=\"batteuse-machine3\"><\/p>    <h2 class=\"wp-block-heading\">Pi\u00e8ces de rechange vuln\u00e9rables<\/h2>    <div class=\"table-responsive\"> <table class=\"table\" border=\"1\"> <tbody> <tr> <td width=\"189\">Nom<\/td> <td width=\"189\">Image<\/td> <td width=\"189\">Sp\u00e9cification<\/td> <\/tr> <tr> <td width=\"189\">Courroie triangulaire<\/td> <td width=\"189\"><img decoding=\"async\" src=\"https:\/\/www.agriculture-machine.com\/wp-content\/uploads\/2018\/10\/thresher-machine.jpg\" alt=\"batteuse-machine\"><\/td> <td width=\"189\">A1473<\/td> <\/tr> <tr> <td width=\"189\">Roulement d'essieu<\/td> <td width=\"189\"><img decoding=\"async\" src=\"https:\/\/www.agriculture-machine.com\/wp-content\/uploads\/2018\/10\/thresher-machine2-1.jpg\" alt=\"batteuse-machine2\"><\/td> <td width=\"189\">6009 <p>&nbsp;<\/p> <p>6204<\/p> <\/td> <\/tr> <tr> <td width=\"189\">Cha\u00eene<\/td> <td width=\"189\"><img decoding=\"async\" src=\"https:\/\/www.agriculture-machine.com\/wp-content\/uploads\/2018\/10\/thresher-machine3-1.jpg\" alt=\"batteuse-machine3\"><\/td> <td width=\"189\">12,7\/960mm<\/td> <\/tr> <\/tbody> <\/table> <\/div>    <h2 class=\"wp-block-heading\">Application de la machine \u00e0 battre le bl\u00e9<\/h2>    <p>Compar\u00e9 aux autres batteuses, notre batteuse a une application plus large et peut \u00eatre utilis\u00e9e pour l'orge, le millet, le bl\u00e9, le soja, le sorgho et le colza, etc. Il est n\u00e9cessaire de remplacer un tamis adapt\u00e9 \u00e0 la taille des cultures.<\/p>    <h2 class=\"wp-block-heading\">Avantage de la machine \u00e0 battre le bl\u00e9<\/h2>    <p>1. Taux de nettoyage \u00e9lev\u00e9. Le ventilateur ajout\u00e9 \u00e0 la sortie peut expulser deux fois plus d'impuret\u00e9s, ce qui rend les grains finaux plus propres.<br>2. Faible taux de perte. Il est inf\u00e9rieur \u00e0 1,5 % et presque tous les grains peuvent \u00eatre collect\u00e9s.<br>3. Haute r\u00e9sistance \u00e0 la corrosion. Elle permet \u00e0 la machine d'avoir une longue dur\u00e9e de vie.<br>4. Facile \u00e0 utiliser. Conforme aux sp\u00e9cifications, tout le monde peut l'utiliser.<br>5. Mouvement pratique. Avec deux roues, la machine \u00e0 battre est facile \u00e0 d\u00e9placer.<br>6. Fonctions multiples. Les cultures telles que l'orge, le millet, le bl\u00e9, le soja, le sorgho et le colza conviennent \u00e0 cette machine, ce qui peut \u00eatre r\u00e9alis\u00e9 en changeant la taille du tamis.<br><img decoding=\"async\" style=\"width: 100%;\" src=\"https:\/\/www.agriculture-machine.com\/wp-content\/uploads\/2018\/10\/thresher-machine6.jpg\" alt=\"batteuse-machine6\"><\/p>    <h2 class=\"wp-block-heading\">FAQ<\/h2>    <p>1. \u00cates-vous fabricant ?<br>&nbsp;Oui, nous le sommes. Bienvenue \u00e0 visiter notre usine.<br>2. Pouvez-vous changer la tension de la machine selon notre demande ?<br>&nbsp;Oui, nous pouvons.<br>3. Qu'en est-il de votre service apr\u00e8s-vente ?<br>&nbsp;Notre ing\u00e9nieur peut se d\u00e9placer pour installer et former vos travailleurs.<br>4. Dur\u00e9e de garantie de votre machine ?<br>&nbsp;1 an sauf pi\u00e8ces d'usure.<br>5. Qu'en est-il du d\u00e9lai de livraison de votre machine ?<br>&nbsp;En g\u00e9n\u00e9ral, il faut 5 \u00e0 15 jours pour les grandes machines ou la ligne de production, et cela sera beaucoup plus long mais dans notre d\u00e9lai de livraison n\u00e9goci\u00e9.<br><img decoding=\"async\" style=\"width: 100%;\" src=\"https:\/\/www.agriculture-machine.com\/wp-content\/uploads\/2018\/10\/thresher-machine8.jpg\" alt=\"batteuse-machine8\"><\/p>","protected":false},"excerpt":{"rendered":"<p>Brief introduction of wheat thresher machine The multipurpose thresher machine consists of a feeding hopper, a drum, a screen and a shelf.It integrates threshing, separating, straw chopping as a whole and can be used for wheat, barley, rice, sorghum, millet, beans and rapeseed.The special design towards bigger inlet make it convenient to place raw materials. [&hellip;]<\/p>\n","protected":false},"author":1,"featured_media":2037,"parent":0,"comment_status":"closed","ping_status":"closed","template":"","tags":[2614],"product-type":[894],"class_list":["post-1105","product","type-product","status-publish","has-post-thumbnail","hentry","tag-thresher","product-type-rice-and-wheat-thresher"],"_links":{"self":[{"href":"https:\/\/www.agriculture-machine.com\/fr\/wp-json\/wp\/v2\/product\/1105","targetHints":{"allow":["GET"]}}],"collection":[{"href":"https:\/\/www.agriculture-machine.com\/fr\/wp-json\/wp\/v2\/product"}],"about":[{"href":"https:\/\/www.agriculture-machine.com\/fr\/wp-json\/wp\/v2\/types\/product"}],"author":[{"embeddable":true,"href":"https:\/\/www.agriculture-machine.com\/fr\/wp-json\/wp\/v2\/users\/1"}],"replies":[{"embeddable":true,"href":"https:\/\/www.agriculture-machine.com\/fr\/wp-json\/wp\/v2\/comments?post=1105"}],"wp:featuredmedia":[{"embeddable":true,"href":"https:\/\/www.agriculture-machine.com\/fr\/wp-json\/wp\/v2\/media\/2037"}],"wp:attachment":[{"href":"https:\/\/www.agriculture-machine.com\/fr\/wp-json\/wp\/v2\/media?parent=1105"}],"wp:term":[{"taxonomy":"post_tag","embeddable":true,"href":"https:\/\/www.agriculture-machine.com\/fr\/wp-json\/wp\/v2\/tags?post=1105"},{"taxonomy":"product-type","embeddable":true,"href":"https:\/\/www.agriculture-machine.com\/fr\/wp-json\/wp\/v2\/product-type?post=1105"}],"curies":[{"name":"wp","href":"https:\/\/api.w.org\/{rel}","templated":true}]}}