{"id":11093,"date":"2021-08-18T15:50:35","date_gmt":"2021-08-18T07:50:35","guid":{"rendered":"https:\/\/www.agriculture-machine.com\/?p=11093"},"modified":"2024-09-18T16:17:13","modified_gmt":"2024-09-18T08:17:13","slug":"vibrating-sieving-machine-grain-screening-machine","status":"publish","type":"product","link":"https:\/\/www.agriculture-machine.com\/fr\/vibrating-sieving-machine-grain-screening-machine\/","title":{"rendered":"Machine \u00e0 tamis vibrants | machine de tri des grains"},"content":{"rendered":"<h2 class=\"wp-block-heading\">Introduction de la machine \u00e0 tamis vibrants<\/h2>    <p>La machine \u00e0 tamis vibrants est une machine de nettoyage et de tri de grains de petite et moyenne taille, son objectif est d'\u00e9liminer les feuilles, la balle, la poussi\u00e8re et autres impuret\u00e9s dans le grain. <\/p>    <p class=\"translation-block\">Apr\u00e8s avoir utilis\u00e9 un <a href=\"https:\/\/www.agriculture-machine.com\/fr\/peanut-groundmut-sheller-removing-machine\/\">moissonneuse<\/a> pour r\u00e9colter les cultures, vous pouvez utiliser une machine \u00e0 tamis vibrants pour les nettoyer. La machine de tri des grains a une belle apparence et une structure compacte. Malgr\u00e9 cela, elle est pratique \u00e0 d\u00e9placer et facile \u00e0 utiliser. Cette machine poss\u00e8de les avantages d'une efficacit\u00e9 d'\u00e9limination des impuret\u00e9s et d'une faible consommation d'\u00e9nergie. Le tamis peut \u00eatre chang\u00e9 arbitrairement selon les besoins de l'utilisateur, et les tamis conviennent \u00e0 diff\u00e9rentes vari\u00e9t\u00e9s de mat\u00e9riaux.<\/p>    <figure class=\"wp-block-embed is-type-video is-provider-youtube wp-block-embed-youtube wp-embed-aspect-16-9 wp-has-aspect-ratio\"><div class=\"wp-block-embed__wrapper\"> <iframe loading=\"lazy\" title=\"Vid\u00e9o de fonctionnement de la machine \u00e0 tamis vibrants | machine de tri des grains\" width=\"500\" height=\"281\" src=\"https:\/\/www.youtube.com\/embed\/C69m_ahdRSo?feature=oembed\" frameborder=\"0\" allow=\"accelerometer; autoplay; clipboard-write; encrypted-media; gyroscope; picture-in-picture; web-share\" referrerpolicy=\"strict-origin-when-cross-origin\" allowfullscreen><\/iframe> <\/div><\/figure>    <h2 class=\"wp-block-heading\" id=\"h-components-of-vibrating-sieving-machine\">Composants de la machine \u00e0 tamis vibrants<\/h2>    <p>La machine se compose principalement de plusieurs parties, notamment un hopper, un cadre, un m\u00e9canisme de transmission, un ventilateur et un tamis, etc. Le pied du cadre est \u00e9quip\u00e9 de quatre roues pour faciliter le d\u00e9placement ; les tamis peuvent \u00eatre remplac\u00e9s, et le cadre adopte une structure divis\u00e9e, ce qui facilite le remplacement de divers \u00e9l\u00e9ments.<\/p>    <h2 class=\"wp-block-heading\">Param\u00e8tres de la machine \u00e0 tamis vibrants<\/h2>    <p>Notre machine dispose de deux mod\u00e8les diff\u00e9rents, divis\u00e9s en petite et moyenne taille. Vous pouvez choisir le mod\u00e8le appropri\u00e9 selon vos besoins, et obtenir les param\u00e8tres d\u00e9taill\u00e9s dans le tableau ci-dessous :<\/p>    <figure class=\"wp-block-gallery columns-2 is-cropped wp-block-gallery-2 is-layout-flex wp-block-gallery-is-layout-flex\"><ul class=\"blocks-gallery-grid\"><li class=\"blocks-gallery-item\"><figure><img loading=\"lazy\" decoding=\"async\" width=\"720\" height=\"540\" src=\"https:\/\/www.agriculture-machine.com\/wp-content\/uploads\/2021\/08\/2.jpg\" alt=\"petite taille\" data-id=\"11099\" data-full-url=\"https:\/\/www.agriculture-machine.com\/wp-content\/uploads\/2021\/08\/2.jpg\" data-link=\"https:\/\/www.agriculture-machine.com\/?attachment_id=11099\" class=\"wp-image-11099\" srcset=\"https:\/\/www.agriculture-machine.com\/wp-content\/uploads\/2021\/08\/2.jpg 720w, https:\/\/www.agriculture-machine.com\/wp-content\/uploads\/2021\/08\/2-360x270.jpg 360w, https:\/\/www.agriculture-machine.com\/wp-content\/uploads\/2021\/08\/2-240x180.jpg 240w\" sizes=\"auto, (max-width: 720px) 100vw, 720px\" \/><figcaption class=\"blocks-gallery-item__caption\">petite taille<\/figcaption><\/figure><\/li><li class=\"blocks-gallery-item\"><figure><img loading=\"lazy\" decoding=\"async\" width=\"720\" height=\"540\" src=\"https:\/\/www.agriculture-machine.com\/wp-content\/uploads\/2021\/08\/1-1.jpg\" alt=\"taille moyenne\" data-id=\"11100\" data-full-url=\"https:\/\/www.agriculture-machine.com\/wp-content\/uploads\/2021\/08\/1-1.jpg\" data-link=\"https:\/\/www.agriculture-machine.com\/?attachment_id=11100\" class=\"wp-image-11100\" srcset=\"https:\/\/www.agriculture-machine.com\/wp-content\/uploads\/2021\/08\/1-1.jpg 720w, https:\/\/www.agriculture-machine.com\/wp-content\/uploads\/2021\/08\/1-1-360x270.jpg 360w, https:\/\/www.agriculture-machine.com\/wp-content\/uploads\/2021\/08\/1-1-240x180.jpg 240w\" sizes=\"auto, (max-width: 720px) 100vw, 720px\" \/><figcaption class=\"blocks-gallery-item__caption\">taille moyenne<\/figcaption><\/figure><\/li><\/ul><\/figure>    <figure class=\"wp-block-table is-style-stripes\"><table><tbody><tr><td><strong>Mod\u00e8le <\/strong><strong><\/strong><\/td><td><strong>ZDS-1 <\/strong><strong><\/strong><\/td><td><strong>ZDS-2 <\/strong><strong><\/strong><\/td><\/tr><tr><td>Puissance<\/td><td>2.2kw<\/td><td>2.2kw<\/td><\/tr><tr><td>Capacit\u00e9<\/td><td>2t\/h<\/td><td>1t\/h<\/td><\/tr><tr><td>Taux de cassure<\/td><td>\u22660,1%<\/td><td>\u22660,1%<\/td><\/tr><tr><td>Vitesse de rotation<\/td><td>1400t\/min<\/td><td>1400t\/min<\/td><\/tr><tr><td>Taille<\/td><td>1600*800*1000mm<\/td><td>2350*1100*1100mm<\/td><\/tr><tr><td>FOB Qingdao<\/td><td>&nbsp;<\/td><td>&nbsp;<\/td><\/tr><\/tbody><\/table><\/figure>    <h2 class=\"wp-block-heading\">Processus de travail de la machine \u00e0 tamis vibrants<\/h2>    <ol class=\"wp-block-list\" type=\"1\"><li>Placez la machine de tri des grains en position horizontale, puis allumez l'alimentation \u00e9lectrique. Ensuite, d\u00e9marrez l'interrupteur de travail pour assurer que le moteur tourne dans le sens horaire. Cela indique que la machine est en bon \u00e9tat de fonctionnement.<\/li><li>Versez les mat\u00e9riaux \u00e0 tamiser dans le hopper, puis ajustez la plaque d'arr\u00eat en bas du hopper en fonction de la taille des particules de mat\u00e9riau. L'objectif est de faire entrer uniform\u00e9ment les mat\u00e9riaux dans le haut du tamis.<\/li><li>Assurez-vous que le ventilateur cylindrique situ\u00e9 en haut de l'\u00e9cran peut envoyer l'air correctement vers l'extr\u00e9mit\u00e9 de d\u00e9charge de l'\u00e9cran. L'entr\u00e9e d'air est \u00e0 l'extr\u00e9mit\u00e9 inf\u00e9rieure du ventilateur, puis elle peut \u00e9galement \u00eatre connect\u00e9e directement au sac en tissu pour recevoir les d\u00e9chets l\u00e9gers dans le grain.<\/li><li>La partie inf\u00e9rieure de l'\u00e9cran vibrant poss\u00e8de quatre roulements, fix\u00e9s respectivement dans le profil\u00e9 en acier du cadre pour un mouvement rectiligne alternatif : l'\u00e9cran grossier sup\u00e9rieur sert \u00e0 nettoyer les grosses impuret\u00e9s dans le mat\u00e9riau, et l'\u00e9cran fin inf\u00e9rieur \u00e0 \u00e9liminer les petites impuret\u00e9s.<\/li><li>Enfin, vous pouvez obtenir une r\u00e9colte propre.<\/li><\/ol>    <h2 class=\"wp-block-heading\">Avantages de la machine de tri des grains<\/h2>    <p>1. La machine a une structure compacte, un fonctionnement stable et un tamis pr\u00e9cis, ce qui peut r\u00e9duire consid\u00e9rablement l'intensit\u00e9 du travail et am\u00e9liorer l'efficacit\u00e9.<\/p>    <p>2. Les \u00e9crans peuvent \u00eatre chang\u00e9s arbitrairement selon les besoins de l'utilisateur pour que les \u00e9crans soient adapt\u00e9s \u00e0 diff\u00e9rentes vari\u00e9t\u00e9s de mat\u00e9riaux, permettant de tamiser le riz, les arachides, le ma\u00efs, le soja, et autres grains, etc.<\/p>    <p>3. Elle convient \u00e0 la majorit\u00e9 des agriculteurs cultivant et r\u00e9coltant des grains, ainsi qu'aux usines de transformation d'aliments, et peut nettoyer de mani\u00e8re propre et approfondie toutes sortes d'impuret\u00e9s et de poussi\u00e8res dans les grains ou les graines ol\u00e9agineuses.<\/p>    <p>4. Il occupe une petite surface, et la machine est \u00e9quip\u00e9e de roues pour faciliter le d\u00e9placement.<\/p>    <p>5. L'efficacit\u00e9 de d\u00e9colmatage est \u00e9vidente, la consommation d'\u00e9nergie est faible, et la machine est facile \u00e0 utiliser.<\/p>    <h2 class=\"wp-block-heading\">Pr\u00e9cautions d'utilisation de la machine \u00e0 tamis vibrants<\/h2>    <p>1. Don&#8217;t reach into the operating part of the equipment.<\/p>    <p>2. Lors du d\u00e9marrage, le ventilateur principal doit fonctionner dans la direction indiqu\u00e9e par la fl\u00e8che.<\/p>    <p>3. If mechanical and electrical failure or abnormal noise occurs during the operation of the equipment, then you should shut down the machine immediately to inspect, so the hidden dangers can be eliminated before normal operation. Equipment maintenance should be carried out by professionals, and you can&#8217;t disassemble key parts at will.<\/p>    <p>4. La couverture de protection ne peut pas \u00eatre d\u00e9mont\u00e9e au hasard.<\/p>    <h2 class=\"wp-block-heading\">Force de notre entreprise<\/h2>    <p>We are a company established for many years, with strong strength and rich export experience. We have enough vibrating sieving\u00a0machines in stock. Our products have sufficient inventory, and we have to check the production process. Therefore, you needn&#8217;t worry about product inventory and quality issues. Our products are sold to many countries and received unanimous praise. If you have interest in our products, you can leave your contact information and our staff will contact you within 24 hours.<\/p>    <figure class=\"wp-block-gallery columns-2 is-cropped wp-block-gallery-3 is-layout-flex wp-block-gallery-is-layout-flex\"><ul class=\"blocks-gallery-grid\"><li class=\"blocks-gallery-item\"><figure><img loading=\"lazy\" decoding=\"async\" width=\"720\" height=\"540\" src=\"https:\/\/www.agriculture-machine.com\/wp-content\/uploads\/2021\/08\/3-1.jpg\" alt=\"stock\" data-id=\"11101\" data-full-url=\"https:\/\/www.agriculture-machine.com\/wp-content\/uploads\/2021\/08\/3-1.jpg\" data-link=\"https:\/\/www.agriculture-machine.com\/?attachment_id=11101\" class=\"wp-image-11101\" srcset=\"https:\/\/www.agriculture-machine.com\/wp-content\/uploads\/2021\/08\/3-1.jpg 720w, https:\/\/www.agriculture-machine.com\/wp-content\/uploads\/2021\/08\/3-1-360x270.jpg 360w, https:\/\/www.agriculture-machine.com\/wp-content\/uploads\/2021\/08\/3-1-240x180.jpg 240w\" sizes=\"auto, (max-width: 720px) 100vw, 720px\" \/><figcaption class=\"blocks-gallery-item__caption\">stock<\/figcaption><\/figure><\/li><li class=\"blocks-gallery-item\"><figure><img loading=\"lazy\" decoding=\"async\" width=\"720\" height=\"540\" src=\"https:\/\/www.agriculture-machine.com\/wp-content\/uploads\/2021\/08\/4-1.jpg\" alt=\"stock\" data-id=\"11102\" data-full-url=\"https:\/\/www.agriculture-machine.com\/wp-content\/uploads\/2021\/08\/4-1.jpg\" data-link=\"https:\/\/www.agriculture-machine.com\/?attachment_id=11102\" class=\"wp-image-11102\" srcset=\"https:\/\/www.agriculture-machine.com\/wp-content\/uploads\/2021\/08\/4-1.jpg 720w, https:\/\/www.agriculture-machine.com\/wp-content\/uploads\/2021\/08\/4-1-360x270.jpg 360w, https:\/\/www.agriculture-machine.com\/wp-content\/uploads\/2021\/08\/4-1-240x180.jpg 240w\" sizes=\"auto, (max-width: 720px) 100vw, 720px\" \/><figcaption class=\"blocks-gallery-item__caption\">stock<\/figcaption><\/figure><\/li><\/ul><\/figure>","protected":false},"excerpt":{"rendered":"<p>Introduction of vibrating sieving machine Vibrating sieving\u00a0machine is a small and medium-sized grain cleaning, and screening machine, its aim is to remove leaves, bran husks, dust, and other sundries in the grain. After using a thresher machine to shell crops, then you can use a vibrating sieving\u00a0machine to clean them. The grain screening machine has [&hellip;]<\/p>\n","protected":false},"author":1,"featured_media":11103,"parent":0,"comment_status":"closed","ping_status":"closed","template":"","tags":[487],"product-type":[1],"class_list":["post-11093","product","type-product","status-publish","has-post-thumbnail","hentry","tag-grain","product-type-other"],"_links":{"self":[{"href":"https:\/\/www.agriculture-machine.com\/fr\/wp-json\/wp\/v2\/product\/11093","targetHints":{"allow":["GET"]}}],"collection":[{"href":"https:\/\/www.agriculture-machine.com\/fr\/wp-json\/wp\/v2\/product"}],"about":[{"href":"https:\/\/www.agriculture-machine.com\/fr\/wp-json\/wp\/v2\/types\/product"}],"author":[{"embeddable":true,"href":"https:\/\/www.agriculture-machine.com\/fr\/wp-json\/wp\/v2\/users\/1"}],"replies":[{"embeddable":true,"href":"https:\/\/www.agriculture-machine.com\/fr\/wp-json\/wp\/v2\/comments?post=11093"}],"wp:featuredmedia":[{"embeddable":true,"href":"https:\/\/www.agriculture-machine.com\/fr\/wp-json\/wp\/v2\/media\/11103"}],"wp:attachment":[{"href":"https:\/\/www.agriculture-machine.com\/fr\/wp-json\/wp\/v2\/media?parent=11093"}],"wp:term":[{"taxonomy":"post_tag","embeddable":true,"href":"https:\/\/www.agriculture-machine.com\/fr\/wp-json\/wp\/v2\/tags?post=11093"},{"taxonomy":"product-type","embeddable":true,"href":"https:\/\/www.agriculture-machine.com\/fr\/wp-json\/wp\/v2\/product-type?post=11093"}],"curies":[{"name":"wp","href":"https:\/\/api.w.org\/{rel}","templated":true}]}}