{"id":11169,"date":"2021-09-11T15:39:47","date_gmt":"2021-09-11T07:39:47","guid":{"rendered":"https:\/\/www.agriculture-machine.com\/?p=11169"},"modified":"2025-10-14T17:31:48","modified_gmt":"2025-10-14T09:31:48","slug":"horizontal-tmr-feed-mixer-for-sale-forage-mixer-mash-mixer","status":"publish","type":"product","link":"https:\/\/www.agriculture-machine.com\/fr\/horizontal-tmr-feed-mixer-for-sale-forage-mixer-mash-mixer\/","title":{"rendered":"M\u00e9langeur TMR horizontal \u00e0 vendre | Machine de m\u00e9langeage du fourrage"},"content":{"rendered":"<p>Le m\u00e9langeur horizontal TMR pour silage est un dispositif de m\u00e9lange sp\u00e9cialement con\u00e7u pour les fermes et moulins modernes, int\u00e9grant trois fonctions cl\u00e9s : broyage, agitation et m\u00e9lange. <\/p>    <p>Il peut traiter de 3 \u00e0 10 tonnes de silage et de fourrage brut par heure, en m\u00e9langeant simultan\u00e9ment le fourrage, l'aliment concentr\u00e9 et divers additifs nutritionnels (tels que min\u00e9raux et vitamines) pour obtenir des rations totales \u00e9quilibr\u00e9es scientifiquement. <\/p>    <p>Dot\u00e9 d'un syst\u00e8me de coupe et de m\u00e9lange \u00e0 double spirale, il atteint une uniformit\u00e9 de plus de 95 % dans le m\u00e9lange, augmentant efficacement la consommation d'alimentation du b\u00e9tail de 20 % et r\u00e9duisant les co\u00fbts d'alimentation de 15 %. C'est une solution id\u00e9ale pour am\u00e9liorer la rentabilit\u00e9 dans les op\u00e9rations d'\u00e9levage modernes.<\/p>    <figure class=\"wp-block-embed aligncenter is-type-video is-provider-youtube wp-block-embed-youtube wp-embed-aspect-16-9 wp-has-aspect-ratio\"><div class=\"wp-block-embed__wrapper\"> <iframe loading=\"lazy\" title=\"Machine \u00e0 m\u00e9langer le silage : Gagnez du temps et maximisez la valeur nutritionnelle de votre alimentation pour le b\u00e9tail !\" width=\"500\" height=\"281\" src=\"https:\/\/www.youtube.com\/embed\/gefgc3TXZ3Y?feature=oembed\" frameborder=\"0\" allow=\"accelerometer; autoplay; clipboard-write; encrypted-media; gyroscope; picture-in-picture; web-share\" referrerpolicy=\"strict-origin-when-cross-origin\" allowfullscreen><\/iframe> <\/div><figcaption class=\"wp-element-caption\">Vid\u00e9o de fonctionnement du m\u00e9langeur \u00e0 silage<\/figcaption><\/figure>    <h2 class=\"wp-block-heading\">Avantages du m\u00e9langeur horizontal d'alimentation pour fourrage<\/h2>    <ul class=\"wp-block-list\"> <li>Structure durable \u00e0 haute r\u00e9sistance : \u00e9quip\u00e9e de lames de coupe en acier \u00e0 haute teneur en alliage, r\u00e9sistantes \u00e0 l'usure et aux impacts, garantissant une structure stable, un fonctionnement fluide et une longue dur\u00e9e de vie.<\/li>    <li>Syst\u00e8me de transmission \u00e0 double vitesse haute efficacit\u00e9 : transmission \u00e0 double vitesse ind\u00e9pendante pour la coupe et le m\u00e9lange, augmentant l'efficacit\u00e9 de 40 %, r\u00e9duisant consid\u00e9rablement les co\u00fbts de main-d'\u0153uvre et de temps.<\/li>    <li>M\u00e9langeur de pr\u00e9cision intelligent : alimentation automatique et syst\u00e8me de d\u00e9charge optimis\u00e9 pour atteindre une uniformit\u00e9 de m\u00e9lange \u226595 %, garantissant des ratios pr\u00e9cis et constants de nutriments dans l'alimentation.<\/li>    <li>Entretien facile, faible co\u00fbt : conception modulaire pour un d\u00e9montage et une inspection faciles ; syst\u00e8me de transmission hydraulique et m\u00e9canique double minimise les taux de panne, raccourcissant les cycles de maintenance de 30 %.<\/li>    <li>Applicabilit\u00e9 large : traite divers aliments grossiers comme les tiges de ma\u00efs, l'herbe de p\u00e2turage et le silage, tout en incorporant directement des additifs sans endommager la structure fibreuse.<\/li>    <li>Personnalisation flexible : adapter la capacit\u00e9, les m\u00e9thodes d'alimentation, les configurations de d\u00e9charge et les sources d'\u00e9nergie (moteur \u00e9lectrique ou moteur diesel) selon l'\u00e9chelle du ranch et les besoins op\u00e9rationnels.<\/li> <\/ul>    <figure class=\"wp-block-gallery has-nested-images columns-default is-cropped wp-block-gallery-2 is-layout-flex wp-block-gallery-is-layout-flex\"> <figure class=\"wp-block-image size-large\"><a href=\"https:\/\/www.agriculture-machine.com\/wp-content\/uploads\/2021\/08\/Customer-specific.jpg\"><img loading=\"lazy\" decoding=\"async\" width=\"720\" height=\"540\" data-id=\"11178\" src=\"https:\/\/www.agriculture-machine.com\/wp-content\/uploads\/2021\/08\/Customer-specific.jpg\" alt=\"Sur mesure\" class=\"wp-image-11178\" srcset=\"https:\/\/www.agriculture-machine.com\/wp-content\/uploads\/2021\/08\/Customer-specific.jpg 720w, https:\/\/www.agriculture-machine.com\/wp-content\/uploads\/2021\/08\/Customer-specific-360x270.jpg 360w, https:\/\/www.agriculture-machine.com\/wp-content\/uploads\/2021\/08\/Customer-specific-240x180.jpg 240w\" sizes=\"auto, (max-width: 720px) 100vw, 720px\" \/><\/a><figcaption class=\"wp-element-caption\">Sur mesure<\/figcaption><\/figure>    <figure class=\"wp-block-image size-large\"><a href=\"https:\/\/www.agriculture-machine.com\/wp-content\/uploads\/2021\/08\/Customer-specific-2.jpg\"><img loading=\"lazy\" decoding=\"async\" width=\"720\" height=\"540\" data-id=\"11179\" src=\"https:\/\/www.agriculture-machine.com\/wp-content\/uploads\/2021\/08\/Customer-specific-2.jpg\" alt=\"Sur mesure\" class=\"wp-image-11179\" srcset=\"https:\/\/www.agriculture-machine.com\/wp-content\/uploads\/2021\/08\/Customer-specific-2.jpg 720w, https:\/\/www.agriculture-machine.com\/wp-content\/uploads\/2021\/08\/Customer-specific-2-360x270.jpg 360w, https:\/\/www.agriculture-machine.com\/wp-content\/uploads\/2021\/08\/Customer-specific-2-240x180.jpg 240w\" sizes=\"auto, (max-width: 720px) 100vw, 720px\" \/><\/a><figcaption class=\"wp-element-caption\">Sur mesure<\/figcaption><\/figure> <\/figure>    <h2 class=\"wp-block-heading\" id=\"h-structure-of-tmr-feed-mixer\">Structure du m\u00e9langeur TMR<\/h2>    <p>Le m\u00e9langeur d'alimentation contient plusieurs pi\u00e8ces. Vous pouvez obtenir plus d'informations sur l'image ci-dessous.<\/p>    <figure class=\"wp-block-gallery has-nested-images columns-default is-cropped wp-block-gallery-3 is-layout-flex wp-block-gallery-is-layout-flex\"> <figure class=\"wp-block-image aligncenter size-large\"><a href=\"https:\/\/www.agriculture-machine.com\/wp-content\/uploads\/2021\/08\/structure.png\"><img loading=\"lazy\" decoding=\"async\" width=\"720\" height=\"540\" data-id=\"11175\" src=\"https:\/\/www.agriculture-machine.com\/wp-content\/uploads\/2021\/08\/structure.png\" alt=\"structure\" class=\"wp-image-11175\" srcset=\"https:\/\/www.agriculture-machine.com\/wp-content\/uploads\/2021\/08\/structure.png 720w, https:\/\/www.agriculture-machine.com\/wp-content\/uploads\/2021\/08\/structure-360x270.png 360w, https:\/\/www.agriculture-machine.com\/wp-content\/uploads\/2021\/08\/structure-240x180.png 240w\" sizes=\"auto, (max-width: 720px) 100vw, 720px\" \/><\/a><figcaption class=\"wp-element-caption\">structure<\/figcaption><\/figure> <\/figure>    <h3 class=\"wp-block-heading\">Syst\u00e8me interne<\/h3>    <p>Le syst\u00e8me interne du m\u00e9langeur horizontal se compose principalement de trois vis sans fin : une vis principale et deux vis auxiliaires situ\u00e9es au-dessus.<\/p>    <p class=\"translation-block\">Apr\u00e8s avoir coup\u00e9 les tiges de ma\u00efs avec une <a href=\"https:\/\/www.agriculture-machine.com\/fr\/corn-stalk-reaping-machinecorn-stalk-reapermaize-straw-reaper\/\">moissonneuse de tiges de ma\u00efs<\/a>, vous pouvez les alimenter dans le m\u00e9langeur horizontal. \u00c0 l'int\u00e9rieur, les mat\u00e9riaux sont tourn\u00e9s et remu\u00e9s des deux extr\u00e9mit\u00e9s vers le centre. <\/p>    <p>Les lames coupent et m\u00e9langent ensuite les diff\u00e9rents fourrages fibreux et pailles lors de leur passage. Ce processus aide \u00e0 pulv\u00e9riser et \u00e0 m\u00e9langer efficacement la ration totale pour l'alimentation.<\/p>    <figure class=\"wp-block-gallery has-nested-images columns-default is-cropped wp-block-gallery-4 is-layout-flex wp-block-gallery-is-layout-flex\"> <figure class=\"wp-block-image size-large\"><a href=\"https:\/\/www.agriculture-machine.com\/wp-content\/uploads\/2021\/08\/Internal-system.jpg\"><img loading=\"lazy\" decoding=\"async\" width=\"720\" height=\"540\" data-id=\"11173\" src=\"https:\/\/www.agriculture-machine.com\/wp-content\/uploads\/2021\/08\/Internal-system.jpg\" alt=\"Syst\u00e8me interne\" class=\"wp-image-11173\" srcset=\"https:\/\/www.agriculture-machine.com\/wp-content\/uploads\/2021\/08\/Internal-system.jpg 720w, https:\/\/www.agriculture-machine.com\/wp-content\/uploads\/2021\/08\/Internal-system-360x270.jpg 360w, https:\/\/www.agriculture-machine.com\/wp-content\/uploads\/2021\/08\/Internal-system-240x180.jpg 240w\" sizes=\"auto, (max-width: 720px) 100vw, 720px\" \/><\/a><figcaption class=\"wp-element-caption\">Syst\u00e8me interne<\/figcaption><\/figure>    <figure class=\"wp-block-image size-large\"><a href=\"https:\/\/www.agriculture-machine.com\/wp-content\/uploads\/2021\/08\/three-augers.jpg\"><img loading=\"lazy\" decoding=\"async\" width=\"720\" height=\"540\" data-id=\"11174\" src=\"https:\/\/www.agriculture-machine.com\/wp-content\/uploads\/2021\/08\/three-augers.jpg\" alt=\"trois vis sans fin\" class=\"wp-image-11174\" srcset=\"https:\/\/www.agriculture-machine.com\/wp-content\/uploads\/2021\/08\/three-augers.jpg 720w, https:\/\/www.agriculture-machine.com\/wp-content\/uploads\/2021\/08\/three-augers-360x270.jpg 360w, https:\/\/www.agriculture-machine.com\/wp-content\/uploads\/2021\/08\/three-augers-240x180.jpg 240w\" sizes=\"auto, (max-width: 720px) 100vw, 720px\" \/><\/a><figcaption class=\"wp-element-caption\">trois vis sans fin<\/figcaption><\/figure> <\/figure>    <h3 class=\"wp-block-heading\">Syst\u00e8me de d\u00e9charge<\/h3>    <p>Le syst\u00e8me de contr\u00f4le de la porte de d\u00e9charge comprend un cylindre hydraulique, un support fixe, un support de liaison et un d\u00e9flecteur de d\u00e9charge coulissant. <\/p>    <p>The sliding baffle for discharging is mounted on the reciprocating shaft of the hydraulic oil cylinder, allowing it to either open for discharge or close to acting as a stopper. The outlet can be positioned on either the left or right side based on the user&#8217;s requirements.<\/p>    <figure class=\"wp-block-gallery has-nested-images columns-default is-cropped wp-block-gallery-5 is-layout-flex wp-block-gallery-is-layout-flex\"> <figure class=\"wp-block-image size-large\"><a href=\"https:\/\/www.agriculture-machine.com\/wp-content\/uploads\/2021\/08\/Outlet.jpg\"><img loading=\"lazy\" decoding=\"async\" width=\"720\" height=\"540\" data-id=\"11180\" src=\"https:\/\/www.agriculture-machine.com\/wp-content\/uploads\/2021\/08\/Outlet.jpg\" alt=\"Sortie\" class=\"wp-image-11180\" srcset=\"https:\/\/www.agriculture-machine.com\/wp-content\/uploads\/2021\/08\/Outlet.jpg 720w, https:\/\/www.agriculture-machine.com\/wp-content\/uploads\/2021\/08\/Outlet-360x270.jpg 360w, https:\/\/www.agriculture-machine.com\/wp-content\/uploads\/2021\/08\/Outlet-240x180.jpg 240w\" sizes=\"auto, (max-width: 720px) 100vw, 720px\" \/><\/a><figcaption class=\"wp-element-caption\">Sortie<\/figcaption><\/figure>    <figure class=\"wp-block-image size-large\"><a href=\"https:\/\/www.agriculture-machine.com\/wp-content\/uploads\/2021\/08\/Outlet-2.jpg\"><img loading=\"lazy\" decoding=\"async\" width=\"720\" height=\"540\" data-id=\"11181\" src=\"https:\/\/www.agriculture-machine.com\/wp-content\/uploads\/2021\/08\/Outlet-2.jpg\" alt=\"Sortie\" class=\"wp-image-11181\" srcset=\"https:\/\/www.agriculture-machine.com\/wp-content\/uploads\/2021\/08\/Outlet-2.jpg 720w, https:\/\/www.agriculture-machine.com\/wp-content\/uploads\/2021\/08\/Outlet-2-360x270.jpg 360w, https:\/\/www.agriculture-machine.com\/wp-content\/uploads\/2021\/08\/Outlet-2-240x180.jpg 240w\" sizes=\"auto, (max-width: 720px) 100vw, 720px\" \/><\/a><figcaption class=\"wp-element-caption\">Sortie<\/figcaption><\/figure> <\/figure>    <h3 class=\"wp-block-heading\">Syst\u00e8me d'ajout d'alimentation<\/h3>    <p>La machine dispose d'un m\u00e9canisme d'alimentation avanc\u00e9 pour l'herbe ainsi que d'un dispositif unique de rouleau d'alimentation. Elle offre une alimentation automatique, assure une alimentation fluide et poss\u00e8de une haute efficacit\u00e9 de production.<\/p>    <h3 class=\"wp-block-heading\">Syst\u00e8me de pes\u00e9e et de mesure<\/h3>    <p>Le syst\u00e8me se compose de quatre capteurs de charge de type pont avec un contr\u00f4leur d'affichage de charge. Il fonctionne sur une source d'alimentation de 220V, transmettant les signaux \u00e0 l'affichage de pes\u00e9e via un capteur de pes\u00e9e \u00e0 pont \u00e0 quatre directions. <\/p>    <p>L'objectif principal est d'afficher le poids brut, le poids net, la valeur de pic et le poids net. De plus, le syst\u00e8me de pes\u00e9e et de mesure est \u00e9quip\u00e9 d'une fonction d'alarme de surcharge.<\/p>    <h2 class=\"wp-block-heading\">Principe de fonctionnement de la machine \u00e0 m\u00e9langer le silage<\/h2>    <ol class=\"wp-block-list\"> <li>Pendant le fonctionnement, les tiges de ma\u00efs, le silage, l'aliment concentr\u00e9 et les additifs sont introduits dans le hopper selon des proportions sp\u00e9cifi\u00e9es.<\/li>    <li>L'\u00e9quipement saisit et d\u00e9tache automatiquement les mati\u00e8res premi\u00e8res via l'entr\u00e9e d'alimentation. \u00c0 l'int\u00e9rieur, une lame spirale \u00e0 haute vitesse tourne pour d\u00e9chiqueter les fibres grossi\u00e8res, contr\u00f4lant la longueur du mat\u00e9riau \u00e0 \u22645cm pour faciliter un m\u00e9lange uniforme.<\/li>    <li>Ensuite, les lames de m\u00e9lange en spirale tournent alternativement en avant et en arri\u00e8re pour comprimer, couper et faire tourner le mat\u00e9riau, assurant une p\u00e9n\u00e9tration et une int\u00e9gration compl\u00e8tes de l'humidit\u00e9 et des nutriments.<\/li>    <li>Une fois le m\u00e9lange termin\u00e9, le syst\u00e8me hydraulique ou la porte de d\u00e9charge contr\u00f4l\u00e9e \u00e9lectriquement expulse rapidement l'alimentation finie. Ce produit est pr\u00eat \u00e0 \u00eatre utilis\u00e9 directement ou stock\u00e9, permettant une op\u00e9ration continue tr\u00e8s efficace.<\/li> <\/ol>    <figure class=\"wp-block-embed aligncenter is-type-video is-provider-youtube wp-block-embed-youtube wp-embed-aspect-16-9 wp-has-aspect-ratio\"><div class=\"wp-block-embed__wrapper\"> <iframe loading=\"lazy\" title=\"M\u00e9langeur horizontal pour alimentation|Vid\u00e9o de fonctionnement du m\u00e9langeur horizontal utilis\u00e9 pour l&#039;\u00e9levage \u00e0 domicile ou \u00e0 la ferme\" width=\"500\" height=\"281\" src=\"https:\/\/www.youtube.com\/embed\/uB7qDZ2-q9o?feature=oembed\" frameborder=\"0\" allow=\"accelerometer; autoplay; clipboard-write; encrypted-media; gyroscope; picture-in-picture; web-share\" referrerpolicy=\"strict-origin-when-cross-origin\" allowfullscreen><\/iframe> <\/div><figcaption class=\"wp-element-caption\">Vid\u00e9o de fonctionnement du m\u00e9langeur \u00e0 silage<\/figcaption><\/figure>    <h2 class=\"wp-block-heading\">Param\u00e8tres du m\u00e9langeur \u00e0 silage<\/h2>    <p>Nous proposons trois types de m\u00e9langeurs d'alimentation. Vous pouvez trouver des informations d\u00e9taill\u00e9es dans la fiche ci-dessous.<\/p>    <figure class=\"wp-block-table is-style-stripes\"><table><tbody><tr><td>Mod\u00e8le<\/td><td>\/<\/td><td>TMR-5<\/td><td>TMR-9<\/td><td>TMR-12<\/td><\/tr><tr><td>Dimension<\/td><td>mm<\/td><td>3930*1850*2260<\/td><td>4820*2130*2480<\/td><td>5.6*2.4*2.5<\/td><\/tr><tr><td>Poids<\/td><td>kg<\/td><td>1600<\/td><td>3300<\/td><td>4500<\/td><\/tr><tr><td>Vitesse de rotation de la vis sans fin<\/td><td>R\/min<\/td><td>23.5<\/td><td>23.5<\/td><td>23.5<\/td><\/tr><tr><td>Volume de la chambre de m\u00e9lange<\/td><td>m\u00e8tre cube<\/td><td>5<\/td><td>9<\/td><td>12<\/td><\/tr><tr><td>Type de structure<\/td><td>\/<\/td><td>fixe<\/td><td>fixe<\/td><td>mobile<\/td><\/tr><tr><td>Type de puissance de support<\/td><td>kw<\/td><td>11\u201415<\/td><td>22\u201430<\/td><td>50-75<\/td><\/tr><tr><td>Type de puissance de support<\/td><td>\/<\/td><td>Moteur \u00e9lectrique<\/td><td>Moteur \u00e9lectrique<\/td><td>Moteur \u00e9lectrique<\/td><\/tr><\/tbody><\/table><figcaption class=\"wp-element-caption\">Donn\u00e9es techniques du m\u00e9langeur de silage<\/figcaption><\/figure>    <p class=\"translation-block\">En r\u00e9sum\u00e9, notre <a href=\"https:\/\/en.wikipedia.org\/wiki\/Silage\" target=\"_blank\" rel=\"noopener\">silo<\/a> m\u00e9langeur sert d'outil pr\u00e9cieux pour am\u00e9liorer la qualit\u00e9 de l'alimentation, r\u00e9duire les d\u00e9penses agricoles et soutenir une croissance saine des animaux. Que vous g\u00e9riez un grand ranch ou une petite ferme familiale, n'h\u00e9sitez pas \u00e0 nous contacter, et nous travaillerons ensemble pour trouver la solution adapt\u00e9e \u00e0 vos besoins en \u00e9quipement.<\/p>","protected":false},"excerpt":{"rendered":"<p>Le m\u00e9langeur horizontal combine les fonctions de broyage, de m\u00e9lange et de fusion en une seule machine. Il peut traiter efficacement 3-10 tonnes de silage par heure avec une uniformit\u00e9 de m\u00e9lange allant jusqu'\u00e0 95 %.<\/p>","protected":false},"author":1,"featured_media":11175,"parent":0,"comment_status":"closed","ping_status":"closed","template":"","tags":[2630,591],"product-type":[1],"class_list":["post-11169","product","type-product","status-publish","has-post-thumbnail","hentry","tag-feed","tag-silage","product-type-other"],"_links":{"self":[{"href":"https:\/\/www.agriculture-machine.com\/fr\/wp-json\/wp\/v2\/product\/11169","targetHints":{"allow":["GET"]}}],"collection":[{"href":"https:\/\/www.agriculture-machine.com\/fr\/wp-json\/wp\/v2\/product"}],"about":[{"href":"https:\/\/www.agriculture-machine.com\/fr\/wp-json\/wp\/v2\/types\/product"}],"author":[{"embeddable":true,"href":"https:\/\/www.agriculture-machine.com\/fr\/wp-json\/wp\/v2\/users\/1"}],"replies":[{"embeddable":true,"href":"https:\/\/www.agriculture-machine.com\/fr\/wp-json\/wp\/v2\/comments?post=11169"}],"wp:featuredmedia":[{"embeddable":true,"href":"https:\/\/www.agriculture-machine.com\/fr\/wp-json\/wp\/v2\/media\/11175"}],"wp:attachment":[{"href":"https:\/\/www.agriculture-machine.com\/fr\/wp-json\/wp\/v2\/media?parent=11169"}],"wp:term":[{"taxonomy":"post_tag","embeddable":true,"href":"https:\/\/www.agriculture-machine.com\/fr\/wp-json\/wp\/v2\/tags?post=11169"},{"taxonomy":"product-type","embeddable":true,"href":"https:\/\/www.agriculture-machine.com\/fr\/wp-json\/wp\/v2\/product-type?post=11169"}],"curies":[{"name":"wp","href":"https:\/\/api.w.org\/{rel}","templated":true}]}}