{"id":11221,"date":"2021-08-30T14:37:38","date_gmt":"2021-08-30T06:37:38","guid":{"rendered":"https:\/\/www.agriculture-machine.com\/?p=11221"},"modified":"2024-09-23T11:24:20","modified_gmt":"2024-09-23T03:24:20","slug":"grain-winnower-machine-seed-winnowerseed-winnowing-machine","status":"publish","type":"product","link":"https:\/\/www.agriculture-machine.com\/fr\/grain-winnower-machine-seed-winnowerseed-winnowing-machine\/","title":{"rendered":"Machine \u00e0 \u00e9p\u00e9piner les grains | \u00c9p\u00e9pineur de semences | Machine \u00e0 \u00e9p\u00e9piner les semences"},"content":{"rendered":"<p>Yangchang, un mot chinois, est interpr\u00e9t\u00e9 comme l'utilisation de pelles en bois et d'autres outils agricoles pour r\u00e9partir les grains, les haricots, etc., et utiliser le vent pour enlever les coquilles, les feuilles et la poussi\u00e8re. Maintenant, la machine actuellement utilis\u00e9e dans le champ de culture s'appelle une machine \u00e0 \u00e9grener les grains.<\/p>    <figure class=\"wp-block-gallery columns-2 is-cropped wp-block-gallery-2 is-layout-flex wp-block-gallery-is-layout-flex\"><ul class=\"blocks-gallery-grid\"><li class=\"blocks-gallery-item\"><figure><img loading=\"lazy\" decoding=\"async\" width=\"720\" height=\"540\" src=\"https:\/\/www.agriculture-machine.com\/wp-content\/uploads\/2021\/08\/The-scene-of-raising-grains-to-remove-dust-by-wind.png\" alt=\"Le-sc\u00e8ne-de-levage-des-grains-pour-enlever-la-poussi\u00e8re-par-le-vent\" data-id=\"11235\" data-full-url=\"https:\/\/www.agriculture-machine.com\/wp-content\/uploads\/2021\/08\/The-scene-of-raising-grains-to-remove-dust-by-wind.png\" data-link=\"https:\/\/www.agriculture-machine.com\/?attachment_id=11235\" class=\"wp-image-11235\" srcset=\"https:\/\/www.agriculture-machine.com\/wp-content\/uploads\/2021\/08\/The-scene-of-raising-grains-to-remove-dust-by-wind.png 720w, https:\/\/www.agriculture-machine.com\/wp-content\/uploads\/2021\/08\/The-scene-of-raising-grains-to-remove-dust-by-wind-360x270.png 360w, https:\/\/www.agriculture-machine.com\/wp-content\/uploads\/2021\/08\/The-scene-of-raising-grains-to-remove-dust-by-wind-240x180.png 240w\" sizes=\"auto, (max-width: 720px) 100vw, 720px\" \/><figcaption class=\"blocks-gallery-item__caption\">Le-sc\u00e8ne-de-levage-des-grains-pour-enlever-la-poussi\u00e8re-par-le-vent<\/figcaption><\/figure><\/li><li class=\"blocks-gallery-item\"><figure><img loading=\"lazy\" decoding=\"async\" width=\"720\" height=\"540\" src=\"https:\/\/www.agriculture-machine.com\/wp-content\/uploads\/2021\/08\/the-scene-of-YangChang.jpg\" alt=\"le-sc\u00e8ne-de-YangChang\" data-id=\"11234\" data-full-url=\"https:\/\/www.agriculture-machine.com\/wp-content\/uploads\/2021\/08\/the-scene-of-YangChang.jpg\" data-link=\"https:\/\/www.agriculture-machine.com\/?attachment_id=11234\" class=\"wp-image-11234\" srcset=\"https:\/\/www.agriculture-machine.com\/wp-content\/uploads\/2021\/08\/the-scene-of-YangChang.jpg 720w, https:\/\/www.agriculture-machine.com\/wp-content\/uploads\/2021\/08\/the-scene-of-YangChang-360x270.jpg 360w, https:\/\/www.agriculture-machine.com\/wp-content\/uploads\/2021\/08\/the-scene-of-YangChang-240x180.jpg 240w\" sizes=\"auto, (max-width: 720px) 100vw, 720px\" \/><figcaption class=\"blocks-gallery-item__caption\">le-sc\u00e8ne-de-YangChang<\/figcaption><\/figure><\/li><\/ul><\/figure>    <h2 class=\"wp-block-heading\" id=\"h-introduction-to-grain-winnower-machine\">Introduction \u00e0 la machine \u00e0 \u00e9grener les grains<\/h2>    <p>La machine \u00e0 \u00e9grener les grains est un type d'\u00e9quipement pour le nettoyage simple des grains. Qui peut \u00e9liminer les impuret\u00e9s l\u00e9g\u00e8res et grosses dans les grains, et s\u00e9lectionner et classer les grains pour faciliter leur stockage.<\/p>    <figure class=\"wp-block-gallery columns-2 is-cropped wp-block-gallery-3 is-layout-flex wp-block-gallery-is-layout-flex\"><ul class=\"blocks-gallery-grid\"><li class=\"blocks-gallery-item\"><figure><img loading=\"lazy\" decoding=\"async\" width=\"720\" height=\"540\" src=\"https:\/\/www.agriculture-machine.com\/wp-content\/uploads\/2021\/08\/Seed-winnowing-machine.jpg\" alt=\"Machine \u00e0 \u00e9grener les semences\" data-id=\"11238\" data-full-url=\"https:\/\/www.agriculture-machine.com\/wp-content\/uploads\/2021\/08\/Seed-winnowing-machine.jpg\" data-link=\"https:\/\/www.agriculture-machine.com\/?attachment_id=11238\" class=\"wp-image-11238\" srcset=\"https:\/\/www.agriculture-machine.com\/wp-content\/uploads\/2021\/08\/Seed-winnowing-machine.jpg 720w, https:\/\/www.agriculture-machine.com\/wp-content\/uploads\/2021\/08\/Seed-winnowing-machine-360x270.jpg 360w, https:\/\/www.agriculture-machine.com\/wp-content\/uploads\/2021\/08\/Seed-winnowing-machine-240x180.jpg 240w\" sizes=\"auto, (max-width: 720px) 100vw, 720px\" \/><figcaption class=\"blocks-gallery-item__caption\">Machine \u00e0 \u00e9grener les semences<\/figcaption><\/figure><\/li><li class=\"blocks-gallery-item\"><figure><img loading=\"lazy\" decoding=\"async\" width=\"720\" height=\"540\" src=\"https:\/\/www.agriculture-machine.com\/wp-content\/uploads\/2021\/08\/Seed-winnower.jpg\" alt=\"\u00c9greneuse de semences\" data-id=\"11237\" data-full-url=\"https:\/\/www.agriculture-machine.com\/wp-content\/uploads\/2021\/08\/Seed-winnower.jpg\" data-link=\"https:\/\/www.agriculture-machine.com\/?attachment_id=11237\" class=\"wp-image-11237\" srcset=\"https:\/\/www.agriculture-machine.com\/wp-content\/uploads\/2021\/08\/Seed-winnower.jpg 720w, https:\/\/www.agriculture-machine.com\/wp-content\/uploads\/2021\/08\/Seed-winnower-360x270.jpg 360w, https:\/\/www.agriculture-machine.com\/wp-content\/uploads\/2021\/08\/Seed-winnower-240x180.jpg 240w\" sizes=\"auto, (max-width: 720px) 100vw, 720px\" \/><figcaption class=\"blocks-gallery-item__caption\">\u00c9greneuse de semences<\/figcaption><\/figure><\/li><\/ul><\/figure>    <h2 class=\"wp-block-heading\">La fonction de l'\u00e9greneuse de semences<\/h2>    <p>The seed winnowing machine uses the principle of wind resistance to removing the bark, sand, etc. from the grain. What&#8217;s more, this grain winnower machine is a dual-purpose flashlight. And it is equipped with an adjustable speed switch to adjust the wind speed. Most importantly, it uses a high-quality motor and is durable. In addition, the machine can be used in manual mode when there is no electricity. You can use it to remove impurities from grains such as corn, wheat, rice, buckwheat, sorghum, soybeans, etc. Thus, it is widely used in individual farmers, small and medium-sized grain harvesters, granaries, etc. for gross grain cleaning and fine grain selection.<\/p>    <figure class=\"wp-block-gallery columns-1 is-cropped wp-block-gallery-4 is-layout-flex wp-block-gallery-is-layout-flex\"><ul class=\"blocks-gallery-grid\"><li class=\"blocks-gallery-item\"><figure><img loading=\"lazy\" decoding=\"async\" width=\"720\" height=\"540\" src=\"https:\/\/www.agriculture-machine.com\/wp-content\/uploads\/2021\/08\/application-of-grain-winnower-machine.jpg\" alt=\"application-de-la-machine-\u00e0-\u00e9grener-les-grains\" data-id=\"11236\" data-full-url=\"https:\/\/www.agriculture-machine.com\/wp-content\/uploads\/2021\/08\/application-of-grain-winnower-machine.jpg\" data-link=\"https:\/\/www.agriculture-machine.com\/?attachment_id=11236\" class=\"wp-image-11236\" srcset=\"https:\/\/www.agriculture-machine.com\/wp-content\/uploads\/2021\/08\/application-of-grain-winnower-machine.jpg 720w, https:\/\/www.agriculture-machine.com\/wp-content\/uploads\/2021\/08\/application-of-grain-winnower-machine-360x270.jpg 360w, https:\/\/www.agriculture-machine.com\/wp-content\/uploads\/2021\/08\/application-of-grain-winnower-machine-240x180.jpg 240w\" sizes=\"auto, (max-width: 720px) 100vw, 720px\" \/><figcaption class=\"blocks-gallery-item__caption\">application-de-la-machine-\u00e0-\u00e9grener-les-grains<\/figcaption><\/figure><\/li><\/ul><\/figure>    <h2 class=\"wp-block-heading\">Le principe de fonctionnement de l'\u00e9greneuse de semences<\/h2>    <p>En utilisant le principe de r\u00e9sistance au vent, car les coefficients de r\u00e9sistance au vent du grain, de l'\u00e9corce et du sable sont diff\u00e9rents. Lors de la lev\u00e9e du grain, l'\u00e9corce tombe \u00e0 proximit\u00e9, le grain tombe au centre, et le sable tombe \u00e0 distance.<br>Sous la conduite de roues et de courroies \u00e0 rotation rapide, le m\u00e9lange de grains, de son et d'une petite quantit\u00e9 de pierres broy\u00e9es est projet\u00e9. Parce que la vitesse de projection est la m\u00eame, l'\u00e9nergie cin\u00e9tique d'une masse importante est grande, et la distance pour surmonter la r\u00e9sistance de l'air est longue. Donc, la distance de d\u00e9placement avec une petite masse est \u00e9galement courte. Ainsi, on atteint le but de s\u00e9paration. \u00c0 proximit\u00e9, il y a la paille. Au centre, il y a le grain. Et il y a du gravier au loin, plus la pierre est lourde, plus elle est projet\u00e9e loin.<\/p>    <h2 class=\"wp-block-heading\">Avantages de la machine \u00e0 \u00e9grener les semences<\/h2>    <p>Double usage manuel et \u00e9lectrique<br>Faible consommation d'\u00e9nergie<br>gagner du temps et de l'\u00e9nergie<br>Op\u00e9ration simple et pratique<br>Une machine \u00e0 \u00e9grener les semences avec plusieurs fonctions peut nettoyer et classer une vari\u00e9t\u00e9 de grains.<\/p>    <h2 class=\"wp-block-heading\">Structure de la machine \u00e0 \u00e9grener les grains<\/h2>    <p>La structure principale de la machine \u00e0 \u00e9grener les grains est le rotor du moulin \u00e0 vent, le support, la tr\u00e9mie, le canal, l'interrupteur, la sortie, l'entr\u00e9e.<\/p>    <figure class=\"wp-block-gallery columns-1 is-cropped wp-block-gallery-5 is-layout-flex wp-block-gallery-is-layout-flex\"><ul class=\"blocks-gallery-grid\"><li class=\"blocks-gallery-item\"><figure><img loading=\"lazy\" decoding=\"async\" width=\"720\" height=\"540\" src=\"https:\/\/www.agriculture-machine.com\/wp-content\/uploads\/2021\/08\/structure-of-Seed-winnower.gif\" alt=\"structure-de-l&#039;\u00e9greneuse-de-semences\" data-id=\"11231\" data-full-url=\"https:\/\/www.agriculture-machine.com\/wp-content\/uploads\/2021\/08\/structure-of-Seed-winnower.gif\" data-link=\"https:\/\/www.agriculture-machine.com\/?attachment_id=11231\" class=\"wp-image-11231\"\/><figcaption class=\"blocks-gallery-item__caption\">structure-de-l'\u00e9greneuse-de-semences<\/figcaption><\/figure><\/li><\/ul><\/figure>    <h2 class=\"wp-block-heading\">La n\u00e9cessit\u00e9 d'adopter une machine \u00e0 \u00e9grener les semences<\/h2>    <p>L'utilisation de m\u00e9thodes intelligentes et automatis\u00e9es d'exploitation sera une tendance in\u00e9vitable du d\u00e9veloppement agricole. Et ce sera aussi un moyen efficace de d\u00e9velopper des machines agricoles performantes et \u00e9conomes en \u00e9nergie \u00e0 l'avenir. En fait, les pays avec une agriculture assez d\u00e9velopp\u00e9e ont adopt\u00e9 des op\u00e9rations m\u00e9caniques automatis\u00e9es \u00e0 haute intensit\u00e9. Ce qui am\u00e9liore non seulement l'efficacit\u00e9 du travail mais r\u00e9duit aussi les co\u00fbts d'exploitation. En m\u00eame temps, cela augmente leur avantage absolu en quantit\u00e9 et en prix des produits agricoles sur le march\u00e9 international. Donc, la machine \u00e0 \u00e9grener les semences a une grande importance pour le d\u00e9veloppement de l'agriculture.<\/p>    <h2 class=\"wp-block-heading\">Vid\u00e9o de fonctionnement<\/h2>    <figure class=\"wp-block-embed is-type-video is-provider-youtube wp-block-embed-youtube wp-embed-aspect-16-9 wp-has-aspect-ratio\"><div class=\"wp-block-embed__wrapper\"> <iframe loading=\"lazy\" title=\"vid\u00e9o de fonctionnement de la machine \u00e0 \u00e9grener les grains | Machine de triage des grains pour le nettoyage et le rejet des semences\" width=\"500\" height=\"281\" src=\"https:\/\/www.youtube.com\/embed\/Vf-7DVgkHV8?feature=oembed\" frameborder=\"0\" allow=\"accelerometer; autoplay; clipboard-write; encrypted-media; gyroscope; picture-in-picture; web-share\" referrerpolicy=\"strict-origin-when-cross-origin\" allowfullscreen><\/iframe> <\/div><\/figure>    <h2 class=\"wp-block-heading\">Param\u00e8tre<\/h2>    <figure class=\"wp-block-table\"><table><tbody><tr><td>Mod\u00e8le<\/td><td>TZYC-1<\/td><td>Pi\u00e8ces de rechange <\/td><\/tr><tr><td>Puissance<\/td><td>1.5kw <\/td><td>2 roues, 2 tamis<\/td><\/tr><tr><td>Capacit\u00e9<\/td><td>1500-2000kg\/h <\/td><td>2 roues, 2 tamis<\/td><\/tr><tr><td>Poids<\/td><td>18kg <\/td><td>2 roues, 2 tamis<\/td><\/tr><tr><td> Taille <\/td><td>1100*<em>500<\/em>*1000mm<\/td><td>2 roues, 2 tamis<\/td><\/tr><\/tbody><\/table><\/figure>","protected":false},"excerpt":{"rendered":"<p>Yangchang, a Chinese word, is interpreted as the use of wooden shovels and other agricultural tools to spread grains, beans, etc., and use the wind to remove shells, leaves, and dust. Now, the machine currently used in the raising field is called a grain winnower machine. Introduction to grain winnower machine The grain winnower machine [&hellip;]<\/p>\n","protected":false},"author":1,"featured_media":11257,"parent":0,"comment_status":"closed","ping_status":"closed","template":"","tags":[487,486,2616],"product-type":[1],"class_list":["post-11221","product","type-product","status-publish","has-post-thumbnail","hentry","tag-grain","tag-seed","tag-winnower","product-type-other"],"_links":{"self":[{"href":"https:\/\/www.agriculture-machine.com\/fr\/wp-json\/wp\/v2\/product\/11221","targetHints":{"allow":["GET"]}}],"collection":[{"href":"https:\/\/www.agriculture-machine.com\/fr\/wp-json\/wp\/v2\/product"}],"about":[{"href":"https:\/\/www.agriculture-machine.com\/fr\/wp-json\/wp\/v2\/types\/product"}],"author":[{"embeddable":true,"href":"https:\/\/www.agriculture-machine.com\/fr\/wp-json\/wp\/v2\/users\/1"}],"replies":[{"embeddable":true,"href":"https:\/\/www.agriculture-machine.com\/fr\/wp-json\/wp\/v2\/comments?post=11221"}],"wp:featuredmedia":[{"embeddable":true,"href":"https:\/\/www.agriculture-machine.com\/fr\/wp-json\/wp\/v2\/media\/11257"}],"wp:attachment":[{"href":"https:\/\/www.agriculture-machine.com\/fr\/wp-json\/wp\/v2\/media?parent=11221"}],"wp:term":[{"taxonomy":"post_tag","embeddable":true,"href":"https:\/\/www.agriculture-machine.com\/fr\/wp-json\/wp\/v2\/tags?post=11221"},{"taxonomy":"product-type","embeddable":true,"href":"https:\/\/www.agriculture-machine.com\/fr\/wp-json\/wp\/v2\/product-type?post=11221"}],"curies":[{"name":"wp","href":"https:\/\/api.w.org\/{rel}","templated":true}]}}