{"id":11227,"date":"2021-09-08T18:08:17","date_gmt":"2021-09-08T10:08:17","guid":{"rendered":"https:\/\/www.agriculture-machine.com\/?p=11227"},"modified":"2024-09-18T16:17:45","modified_gmt":"2024-09-18T08:17:45","slug":"wheat-planter-wheat-seeder-wheat-grain-drill-for-sale","status":"publish","type":"product","link":"https:\/\/www.agriculture-machine.com\/fr\/wheat-planter-wheat-seeder-wheat-grain-drill-for-sale\/","title":{"rendered":"Semoir \u00e0 bl\u00e9 | Semoir \u00e0 grains de bl\u00e9 | Semoir \u00e0 bl\u00e9 \u00e0 vendre"},"content":{"rendered":"<p>Actuellement, l'utilisation de machines agricoles est relativement courante, et l'application efficace du semoir \u00e0 bl\u00e9 lors de la plantation peut r\u00e9duire l'intensit\u00e9 du travail des agriculteurs, tout en raccourcissant le temps de travail, ce qui a consid\u00e9rablement am\u00e9lior\u00e9 la productivit\u00e9 des agriculteurs.<\/p>    <h2 class=\"wp-block-heading\">Introduction du semoir \u00e0 bl\u00e9<\/h2>    <p>Le semoir \u00e0 bl\u00e9 est un type d'\u00e9quipement m\u00e9canique qui plante des graines de bl\u00e9 dans le sol via un syst\u00e8me m\u00e9canique de plantation. Actuellement, les tracteurs entra\u00eenent les semoirs \u00e0 bl\u00e9 pour la plantation, et le semoir \u00e0 grains peut \u00eatre associ\u00e9 \u00e0 des machines d'engrais. <\/p>    <p>The machine is suitable for fertilizing and planting wheat in plain and hilly areas. It has the characteristics of good general performance, a wide application range, and uniform seeding. Compared with traditional farming methods, the wheat planter can reduce the amount of seed input and ensure the uniformity of seeding. At the same time, the soil covering effect is relatively high. It can not only reduce the farmer&#8217;s planting input cost but also ensure the quality of wheat planting.<\/p>    <figure class=\"wp-block-gallery columns-2 is-cropped wp-block-gallery-2 is-layout-flex wp-block-gallery-is-layout-flex\"><ul class=\"blocks-gallery-grid\"><li class=\"blocks-gallery-item\"><figure><img loading=\"lazy\" decoding=\"async\" width=\"720\" height=\"540\" src=\"https:\/\/www.agriculture-machine.com\/wp-content\/uploads\/2021\/08\/4-4.jpg\" alt=\"Semoir \u00e0 bl\u00e9\" data-id=\"11239\" data-full-url=\"https:\/\/www.agriculture-machine.com\/wp-content\/uploads\/2021\/08\/4-4.jpg\" data-link=\"https:\/\/www.agriculture-machine.com\/?attachment_id=11239\" class=\"wp-image-11239\" srcset=\"https:\/\/www.agriculture-machine.com\/wp-content\/uploads\/2021\/08\/4-4.jpg 720w, https:\/\/www.agriculture-machine.com\/wp-content\/uploads\/2021\/08\/4-4-360x270.jpg 360w, https:\/\/www.agriculture-machine.com\/wp-content\/uploads\/2021\/08\/4-4-240x180.jpg 240w\" sizes=\"auto, (max-width: 720px) 100vw, 720px\" \/><figcaption class=\"blocks-gallery-item__caption\">Semoir \u00e0 bl\u00e9<\/figcaption><\/figure><\/li><li class=\"blocks-gallery-item\"><figure><img loading=\"lazy\" decoding=\"async\" width=\"720\" height=\"540\" src=\"https:\/\/www.agriculture-machine.com\/wp-content\/uploads\/2021\/08\/6-2.jpg\" alt=\"sc\u00e8ne de travail\" data-id=\"11240\" data-full-url=\"https:\/\/www.agriculture-machine.com\/wp-content\/uploads\/2021\/08\/6-2.jpg\" data-link=\"https:\/\/www.agriculture-machine.com\/?attachment_id=11240\" class=\"wp-image-11240\" srcset=\"https:\/\/www.agriculture-machine.com\/wp-content\/uploads\/2021\/08\/6-2.jpg 720w, https:\/\/www.agriculture-machine.com\/wp-content\/uploads\/2021\/08\/6-2-360x270.jpg 360w, https:\/\/www.agriculture-machine.com\/wp-content\/uploads\/2021\/08\/6-2-240x180.jpg 240w\" sizes=\"auto, (max-width: 720px) 100vw, 720px\" \/><figcaption class=\"blocks-gallery-item__caption\">sc\u00e8ne de travail<\/figcaption><\/figure><\/li><\/ul><\/figure>    <h2 class=\"wp-block-heading\" id=\"h-features-of-the-our-wheat-planter\">Caract\u00e9ristiques de notre semoir \u00e0 bl\u00e9<\/h2>    <p>1. La machine est de grande taille et doit \u00eatre associ\u00e9e \u00e0 des tracteurs de grande et moyenne taille. Elle est en suspension \u00e0 trois points, compatible avec la largeur d'attelage du bl\u00e9, et facile \u00e0 utiliser en tandem.<\/p>    <p>2. Ce semoir \u00e0 grains de bl\u00e9 peut \u00eatre utilis\u00e9 seul pour la semence, ou il peut \u00eatre \u00e9quip\u00e9 d'une bo\u00eete d'engrais pour effectuer la semence et la fertilisation en m\u00eame temps.<\/p>    <p>3. Cette machine peut non seulement semer des graines de bl\u00e9, mais aussi d'autres graines, telles que le riz de montagne, le millet et les \u00e9pinards, etc.<\/p>    <p>4. La machine est \u00e9quip\u00e9e d'une roue de suppression, qui peut \u00eatre recouverte directement de sol apr\u00e8s la semence pour compl\u00e9ter la plantation.<\/p>    <p>5. Le semoir \u00e0 bl\u00e9 r\u00e9alise un semis lin\u00e9aire, en semant 20 rang\u00e9es \u00e0 la fois, ce qui rend l'efficacit\u00e9 de semis extr\u00eamement \u00e9lev\u00e9e.<\/p>    <figure class=\"wp-block-gallery columns-2 is-cropped wp-block-gallery-3 is-layout-flex wp-block-gallery-is-layout-flex\"><ul class=\"blocks-gallery-grid\"><li class=\"blocks-gallery-item\"><figure><img loading=\"lazy\" decoding=\"async\" width=\"720\" height=\"540\" src=\"https:\/\/www.agriculture-machine.com\/wp-content\/uploads\/2021\/08\/1-3.jpg\" alt=\"2BXF-20\" data-id=\"11241\" data-full-url=\"https:\/\/www.agriculture-machine.com\/wp-content\/uploads\/2021\/08\/1-3.jpg\" data-link=\"https:\/\/www.agriculture-machine.com\/?attachment_id=11241\" class=\"wp-image-11241\" srcset=\"https:\/\/www.agriculture-machine.com\/wp-content\/uploads\/2021\/08\/1-3.jpg 720w, https:\/\/www.agriculture-machine.com\/wp-content\/uploads\/2021\/08\/1-3-360x270.jpg 360w, https:\/\/www.agriculture-machine.com\/wp-content\/uploads\/2021\/08\/1-3-240x180.jpg 240w\" sizes=\"auto, (max-width: 720px) 100vw, 720px\" \/><figcaption class=\"blocks-gallery-item__caption\">2BXF-20<\/figcaption><\/figure><\/li><li class=\"blocks-gallery-item\"><figure><img loading=\"lazy\" decoding=\"async\" width=\"720\" height=\"540\" src=\"https:\/\/www.agriculture-machine.com\/wp-content\/uploads\/2021\/08\/2-2.jpg\" alt=\"D\u00e9tails du 2BXF-20\" data-id=\"11242\" data-full-url=\"https:\/\/www.agriculture-machine.com\/wp-content\/uploads\/2021\/08\/2-2.jpg\" data-link=\"https:\/\/www.agriculture-machine.com\/?attachment_id=11242\" class=\"wp-image-11242\" srcset=\"https:\/\/www.agriculture-machine.com\/wp-content\/uploads\/2021\/08\/2-2.jpg 720w, https:\/\/www.agriculture-machine.com\/wp-content\/uploads\/2021\/08\/2-2-360x270.jpg 360w, https:\/\/www.agriculture-machine.com\/wp-content\/uploads\/2021\/08\/2-2-240x180.jpg 240w\" sizes=\"auto, (max-width: 720px) 100vw, 720px\" \/><figcaption class=\"blocks-gallery-item__caption\">D\u00e9tails du 2BXF-20<\/figcaption><\/figure><\/li><\/ul><\/figure>    <h2 class=\"wp-block-heading\">Principe de fonctionnement du semoir \u00e0 bl\u00e9<\/h2>    <p>Le semoir \u00e0 bl\u00e9 est tract\u00e9 par le tracteur, et la puissance du tracteur est transmise au dispositif de labour rotatif via le dispositif de transmission pour retourner le sol et soutenir la cr\u00eate. Mue par la puissance, le dispositif de traction entra\u00eene le semoir \u00e0 bl\u00e9 \u00e0 avancer, entra\u00eenant ainsi l'ouverture de l'ouverture de semis et d'engrais. <\/p>    <p>En m\u00eame temps, le tracteur tire la roue de suppression pour avancer et entra\u00eene la cha\u00eene pour faire tourner, ce qui entra\u00eene la rotation de l'arbre \u00e0 engrais et de l'arbre \u00e0 semer, de sorte que les graines et l'engrais sortent du r\u00e9servoir d'engrais, et entrent dans l'ouverture d'engrais et l'ouverture de semis le long du tuyau. Enfin, ils s'\u00e9coulent dans le foss\u00e9 et sont couverts par la roue de suppression recouvrant le sol pour achever la semence du bl\u00e9.<\/p>    <p>La principale caract\u00e9ristique du bl\u00e9 est que seul le sol n\u00e9cessitant la plantation est retourn\u00e9, ce qui r\u00e9duit la perturbation du terrain, et r\u00e9alise toutes les proc\u00e9dures de semis en une seule fois, ce qui permet d'\u00e9conomiser du temps et des co\u00fbts.<\/p>    <h2 class=\"wp-block-heading\">Notes d'utilisation<\/h2>    <p>1. Avant l'op\u00e9ration, d\u00e9gagez les obstacles dans le champ.<\/p>    <p>2. Lors de l'inspection, de la r\u00e9paration, du r\u00e9glage, de l'entretien, etc., \u00e9teignez d'abord le tracteur.<\/p>    <p>3. Lors des tournants, des inversions et des transferts de l'unit\u00e9, la machine doit \u00eatre lev\u00e9e.<\/p>    <p>4. Pendant l'op\u00e9ration, ne reculez pas et r\u00e9duisez les arr\u00eats inutiles pour \u00e9viter l'accumulation de graines ou d'engrais ou la rupture des cr\u00eates.<\/p>    <p>5. En cas de vent fort, de pluie, ou si l'humidit\u00e9 relative du sol d\u00e9passe 70 %, l'op\u00e9ration est interdite.<\/p>","protected":false},"excerpt":{"rendered":"<p>At present, the application of agricultural machinery is relatively common, and the efficient application of wheat planter in the process of wheat planting can reduce the labor intensity of farmers, at the same time it can&nbsp;shorten the labor time so that the work efficiency of farmers has been significantly improved. Introduction of wheat planter The [&hellip;]<\/p>\n","protected":false},"author":1,"featured_media":0,"parent":0,"comment_status":"closed","ping_status":"closed","template":"","tags":[492,158],"product-type":[870,883],"class_list":["post-11227","product","type-product","status-publish","hentry","tag-planter","tag-wheat","product-type-planter","product-type-wheat-planter"],"_links":{"self":[{"href":"https:\/\/www.agriculture-machine.com\/fr\/wp-json\/wp\/v2\/product\/11227","targetHints":{"allow":["GET"]}}],"collection":[{"href":"https:\/\/www.agriculture-machine.com\/fr\/wp-json\/wp\/v2\/product"}],"about":[{"href":"https:\/\/www.agriculture-machine.com\/fr\/wp-json\/wp\/v2\/types\/product"}],"author":[{"embeddable":true,"href":"https:\/\/www.agriculture-machine.com\/fr\/wp-json\/wp\/v2\/users\/1"}],"replies":[{"embeddable":true,"href":"https:\/\/www.agriculture-machine.com\/fr\/wp-json\/wp\/v2\/comments?post=11227"}],"wp:attachment":[{"href":"https:\/\/www.agriculture-machine.com\/fr\/wp-json\/wp\/v2\/media?parent=11227"}],"wp:term":[{"taxonomy":"post_tag","embeddable":true,"href":"https:\/\/www.agriculture-machine.com\/fr\/wp-json\/wp\/v2\/tags?post=11227"},{"taxonomy":"product-type","embeddable":true,"href":"https:\/\/www.agriculture-machine.com\/fr\/wp-json\/wp\/v2\/product-type?post=11227"}],"curies":[{"name":"wp","href":"https:\/\/api.w.org\/{rel}","templated":true}]}}