{"id":1128,"date":"2018-10-19T09:37:33","date_gmt":"2018-10-19T01:37:33","guid":{"rendered":"https:\/\/www.agriculture-machine.com\/?p=1128"},"modified":"2026-02-25T17:08:07","modified_gmt":"2026-02-25T09:08:07","slug":"rice-mill","status":"publish","type":"product","link":"https:\/\/www.agriculture-machine.com\/fr\/rice-mill\/","title":{"rendered":"Machine \u00e0 riz | D\u00e9cortiqueuse de riz | Machine de mouture de riz"},"content":{"rendered":"<p class=\"translation-block\">La <strong>machine \u00e0 riz<\/strong> est utilis\u00e9e pour le traitement du riz paddy. Elle se compose d'une tr\u00e9mie d'alimentation, d'une unit\u00e9 de d\u00e9corticage du paddy, d'une unit\u00e9 de s\u00e9paration pour le riz brun et la paille, d'une unit\u00e9 de mouture et d'un souffleur \u00e0 jet d'air, etc. Nous avons 4 types de machines \u00e0 riz de la s\u00e9rie SB, \u00e0 savoir SB-05, SB-10, SB-30, SB-50. Diff\u00e9rents types ont des capacit\u00e9s diff\u00e9rentes et vous pouvez choisir celui qui convient selon vos besoins.<\/p>    <figure class=\"wp-block-embed is-type-rich is-provider-embed-handler wp-block-embed-embed-handler wp-embed-aspect-16-9 wp-has-aspect-ratio\"><div class=\"wp-block-embed__wrapper\"> <iframe loading=\"lazy\" title=\"Machine \u00e0 riz blanc \u00e0 prix bas \/ machine de mouture de paddy rice \/ d\u00e9cortiqueuse de riz \/ d\u00e9cortiqueuse de riz\" width=\"500\" height=\"281\" src=\"https:\/\/www.youtube.com\/embed\/hUoRDbPM0K4?feature=oembed\" frameborder=\"0\" allow=\"accelerometer; autoplay; clipboard-write; encrypted-media; gyroscope; picture-in-picture; web-share\" referrerpolicy=\"strict-origin-when-cross-origin\" allowfullscreen><\/iframe> <\/div><figcaption class=\"wp-element-caption\">Vid\u00e9o des quatre types de petites machines \u00e0 riz<\/figcaption><\/figure>    <p><br>Le moulin \u00e0 riz combin\u00e9 SB-30 est un \u00e9quipement complet pour le traitement du riz. Le riz est introduit dans la machine par un \u00e9cran vibrant et un dispositif magn\u00e9tique. Sous l'effet du rouleau en caoutchouc, de la succion et de la s\u00e9lection par vent, la coque est enlev\u00e9e du riz et sera polie pour devenir blanc plus tard. La coque et autres impuret\u00e9s comme la paille sont souffl\u00e9es dehors. Enfin, le riz blanc est \u00e9vacu\u00e9. <\/p>    <p>La d\u00e9cortiqueuse de riz est \u00e9quip\u00e9e d'une disposition compl\u00e8te, d'une conception raisonnable, d'une structure compacte, d'une op\u00e9ration simple et fiable, et d'un faible bruit. La pr\u00e9cision de la mouture du riz blanc peut atteindre la norme. Avec une faible consommation d'\u00e9nergie et une haute efficacit\u00e9, c'est une nouvelle g\u00e9n\u00e9ration de machines \u00e0 riz combin\u00e9es.<\/p>    <h2 class=\"wp-block-heading\" id=\"h-parameter-of-rice-milling-machine\">Param\u00e8tre de la machine \u00e0 riz<\/h2>    <div class=\"table-responsive\" style=\"border: 1 px solir #f79646;\"> <table class=\"table table-striped\"> <tbody> <tr style=\"background-color: #f79646;\"> <td width=\"116\">Mod\u00e8le<\/td> <td width=\"79\">SB-05D<\/td> <td width=\"123\">SB-10D<\/td> <td width=\"230\">SB-30D<\/td> <td width=\"107\">SB-50D<\/td> <\/tr> <tr style=\"background-color: #fbd5b5;\"> <td width=\"116\">Puissance<\/td> <td width=\"79\">10hp \/5.5 KW<\/td> <td width=\"123\">15hp \/11KW<\/td> <td width=\"230\">&nbsp;&nbsp;&nbsp;&nbsp;18hp \/15 KW<\/td> <td width=\"107\">30hp \/22KW<\/td> <\/tr> <tr> <td width=\"116\">Capacit\u00e9<\/td> <td width=\"79\">400-600kg\/h<\/td> <td width=\"123\">700-1000kg\/h<\/td> <td width=\"230\">&nbsp;&nbsp;&nbsp;1100-1500kg\/h<\/td> <td width=\"107\">1800-2300kg\/h<\/td> <\/tr> <tr style=\"background-color: #fbd5b5;\"> <td width=\"116\">Poids net<\/td> <td width=\"79\">130kg<\/td> <td width=\"123\">230 kg<\/td> <td width=\"230\">&nbsp;&nbsp;&nbsp;&nbsp;&nbsp;270kg<\/td> <td width=\"107\">530kg<\/td> <\/tr> <tr> <td width=\"116\">Poids brut<\/td> <td width=\"79\">160kg<\/td> <td width=\"123\">&nbsp;285kg<\/td> <td width=\"230\">&nbsp;&nbsp;&nbsp;&nbsp;&nbsp;300kg<\/td> <td width=\"107\">580kg<\/td> <\/tr> <tr style=\"background-color: #fbd5b5;\"> <td width=\"116\">Taille globale<\/td> <td width=\"79\">860*692*1290mm<\/td> <td width=\"123\">760*730*1735mm<\/td> <td width=\"230\">1070*760*1760mm<\/td> <td width=\"107\">2400*1080*2080mm<\/td> <\/tr> <tr> <td width=\"116\">Quantit\u00e9 de chargement\/20GP<\/td> <td width=\"79\">27 ensembles<\/td> <td width=\"123\">24 ensembles<\/td> <td width=\"230\">18 ensembles<\/td> <td width=\"107\">12 ensembles<\/td> <\/tr> <\/tbody> <\/table> <\/div>    <h2 class=\"wp-block-heading\" id=\"h-working-principle-of-rice-milling-machine\">Principe de fonctionnement de la machine \u00e0 riz<\/h2>    <p>Le paddy entre d'abord dans la machine par une tamis vibrante et un dispositif magn\u00e9tique, puis passe par le rouleau en caoutchouc pour le d\u00e9corticage. Apr\u00e8s soufflage d'air et jet d'air dans la salle de mouture, la machine \u00e0 riz peut effectuer successivement le nettoyage, le d\u00e9corticage, la s\u00e9lection par souffle d'air, la mouture et le polissage. La coque, la paille, le riz cass\u00e9 et le riz blanc sont expuls\u00e9s respectivement. Il est pr\u00e9f\u00e9rable de mettre un r\u00e9cipient sous la sortie pour collecter le riz.<\/p>    <figure class=\"wp-block-image aligncenter\"><img decoding=\"async\" src=\"https:\/\/www.agriculture-machine.com\/wp-content\/uploads\/2018\/10\/Rice-mill5.jpg\" alt=\"Machine \u00e0 riz\"\/><figcaption class=\"wp-element-caption\">Machine \u00e0 riz<\/figcaption><\/figure>    <h2 class=\"wp-block-heading\" id=\"h-rice-mills-machines-advantage\">Rice mill machines&#8217; advantage<\/h2>    <ul class=\"wp-block-list\"> <li>Les machines \u00e0 riz sont \u00e9quip\u00e9es d'une disposition rationnelle, d'une structure compacte et d'un faible bruit lors du fonctionnement.<\/li>    <li>La machine de traitement du riz est l\u00e9g\u00e8re et facile \u00e0 utiliser avec une faible consommation d'\u00e9nergie et une haute productivit\u00e9.<\/li>    <li>Les machines \u00e0 riz peuvent produire du riz blanc de haute puret\u00e9 conforme \u00e0 la norme nationale, avec moins de paille et de riz cass\u00e9, ce qui en fait une tr\u00e8s bonne machine de traitement du paddy rice pour la campagne.<\/li>    <li>Haute capacit\u00e9. La capacit\u00e9 maximale de cette s\u00e9rie est de 2,3t\/h, ce qui peut r\u00e9duire le temps de travail.<\/li>    <li>Taux de cassure faible (3%). Presque tout le riz peut \u00eatre conserv\u00e9 intact.<\/li>    <li>Les machines \u00e0 riz ne peuvent pas seulement moudre le riz, mais aussi le polir, de sorte que le riz final est brillant et blanc.<\/li>    <li>Diff\u00e9rents mod\u00e8les ont des capacit\u00e9s diff\u00e9rentes, vous choisissez donc celui qui convient selon votre situation r\u00e9elle.<\/li>    <li>La machine est portable et adapt\u00e9e \u00e0 un usage domestique, le prospect du moulin \u00e0 riz est bon.<\/li> <\/ul>    <figure class=\"wp-block-image alignnone\"><img decoding=\"async\" src=\"https:\/\/www.agriculture-machine.com\/wp-content\/uploads\/2018\/10\/Rice-mill1.jpg\" alt=\"Structure interne de la machine \u00e0 riz\"\/><figcaption class=\"wp-element-caption\">Rice milling machine&#8217;s inner structure<\/figcaption><\/figure>    <h2 class=\"wp-block-heading\" id=\"h-the-prospect-of-rice-milling-machine\">Perspectives d'une machine \u00e0 riz<\/h2>    <p>Le prix du riz sur le march\u00e9 est diversifi\u00e9, quelle est la diff\u00e9rence entre ces riz?<\/p>    <ul class=\"wp-block-list\"> <li>Nouveau riz : Le nouveau riz d\u00e9signe le riz r\u00e9colt\u00e9 cette ann\u00e9e, qui a \u00e9t\u00e9 d\u00e9cortiqu\u00e9 et poli en peu de temps. La caract\u00e9ristique principale du riz nouveau est qu'il a un parfum avec un go\u00fbt excellent. La soupe avec du riz nouveau est pleine d'ar\u00f4me, et le riz frais cuit \u00e0 la vapeur est collant et moelleux.<\/li>    <li>Riz ancien : c'est du riz stock\u00e9 depuis plusieurs ann\u00e9es, dont le go\u00fbt n'est pas bon en raison de l'influence de la temp\u00e9rature, de l'humidit\u00e9 et d'autres facteurs. La nutrition du riz ancien est pire que celle du riz nouveau.<\/li> <\/ul>    <figure class=\"wp-block-image aligncenter\"><img decoding=\"async\" src=\"https:\/\/www.agriculture-machine.com\/wp-content\/uploads\/2018\/10\/Rice-mill3.jpg\" alt=\"D\u00e9cortiqueuse de riz\"\/><figcaption class=\"wp-element-caption\">D\u00e9cortiqueuse de riz<\/figcaption><\/figure>    <p>Il existe encore de nombreuses diff\u00e9rences entre le riz nouveau et le riz ancien. Le riz bon march\u00e9 du supermarch\u00e9 est m\u00e9lang\u00e9 avec du riz ancien. En g\u00e9n\u00e9ral, les gens ne peuvent pas faire la diff\u00e9rence, ce qui est nuisible \u00e0 notre sant\u00e9. La s\u00e9rie SB de Taizy de machines \u00e0 riz est petite, exquise et \u00e0 des prix comp\u00e9titifs pour les particuliers ou l'industrie alimentaire. Vous ne regretterez pas si vous achetez une telle machine pour un usage domestique ou commercial.<\/p>    <figure class=\"wp-block-image aligncenter\"><img decoding=\"async\" src=\"https:\/\/www.agriculture-machine.com\/wp-content\/uploads\/2018\/10\/Rice-mill6.jpg\" alt=\"Machine \u00e0 d\u00e9cortiquer le riz\"\/><figcaption class=\"wp-element-caption\">Machine \u00e0 d\u00e9cortiquer le riz<\/figcaption><\/figure>    <h2 class=\"wp-block-heading\" id=\"h-how-to-use-a-rice-mill-machine\">Comment utiliser une machine \u00e0 riz?<\/h2>    <ul class=\"wp-block-list\"> <li>Exigences de c\u00e2blage : La machine \u00e0 riz ne peut pas partager le circuit d'\u00e9clairage d'origine. Elle doit \u00eatre connect\u00e9e directement depuis l'interrupteur principal avec un c\u00e2ble en cuivre ou en aluminium de 4 millim\u00e8tres carr\u00e9s ou plus. Il n'est pas autoris\u00e9 d'utiliser la fiche et il est recommand\u00e9 d'utiliser un interrupteur \u00e0 lame de 10A ou plus.<\/li>    <li>M\u00e9thode d'op\u00e9ration : Avant de d\u00e9marrer la d\u00e9cortiqueuse de riz, les op\u00e9rateurs v\u00e9rifient soigneusement si les fixations de toutes les pi\u00e8ces sont l\u00e2ches, et ouvrent le couvercle pour v\u00e9rifier si l'\u00e9cart du rouleau est correct.<\/li>    <li>L'op\u00e9rateur doit allumer l'interrupteur puis laisser la machine au ralenti pendant 1-3 minutes. Les utilisateurs peuvent utiliser la machine si tout est normal. Lors de la d\u00e9connexion, l'utilisateur doit \u00eatre lent pour augmenter progressivement la charge, sinon cela causera un blocage.<\/li>    <li>L'utilisateur doit d'abord fermer le port d'alimentation, puis arr\u00eater la d\u00e9cortiqueuse de riz avant que la partie de mouture ne termine le processus.<\/li>    <li>Si vous souhaitez une capacit\u00e9 plus \u00e9lev\u00e9e <a href=\"https:\/\/www.agriculture-machine.com\/fr\/rice-milling-plant-machine\/\"><strong>Machine de moulin \u00e0 riz<\/strong><\/a>, veuillez ouvrir le lien suivant pour voir un moulin \u00e0 riz combin\u00e9 de 10t de grande taille.<br><\/li> <\/ul>    <h2 class=\"wp-block-heading\" id=\"h-the-successful-case-of-rice-mill-machine\">Le cas de r\u00e9ussite de la machine \u00e0 riz<\/h2>    <p>Cette semaine, nous avons vendu 5 ensembles de machines \u00e0 riz en Afrique du Sud, et ce client est un concessionnaire qui souhaite les vendre aux agriculteurs locaux. Consid\u00e9rant la premi\u00e8re coop\u00e9ration, il a simplement achet\u00e9 5 ensembles en tant que commande d'essai, et il en ach\u00e8tera plus si les machines fonctionnent bien. Nous sommes confiants qu'il passera de nouvelles commandes chez nous, car la qualit\u00e9 de nos machines est tr\u00e8s bonne, et nous attendons la prochaine coop\u00e9ration.<\/p>    <h2 class=\"wp-block-heading\" id=\"h-faq\">FAQ<\/h2>   <div id=\"rank-math-faq\" class=\"rank-math-block\"> <div class=\"rank-math-list\"> <div id=\"faq-question-1772010427656\" class=\"rank-math-list-item\"> <h3 class=\"rank-math-question\">Quelle est la diff\u00e9rence entre les 4 types de machines \u00e0 riz ?<\/h3> <div class=\"rank-math-answer\">  <p> Leurs capacit\u00e9s sont diff\u00e9rentes, elles correspondent donc \u00e0 diff\u00e9rents moteurs.<\/p>  <\/div> <\/div> <div id=\"faq-question-1772010435622\" class=\"rank-math-list-item\"> <h3 class=\"rank-math-question\">Le riz final contient-il du riz cass\u00e9 ?<\/h3> <div class=\"rank-math-answer\">  <p> Le taux de cassure est inf\u00e9rieur \u00e0 1%.<\/p>  <\/div> <\/div> <div id=\"faq-question-1772010447825\" class=\"rank-math-list-item\"> <h3 class=\"rank-math-question\">Quels sont les pi\u00e8ces de rechange vuln\u00e9rables ?<\/h3> <div class=\"rank-math-answer\">  <p>Rouleau en caoutchouc, t\u00eate de convoyage, \u00e9cran hexagonal, rouleau \u00e0 riz, pale du ventilateur, liner de sortie du ventilateur.<\/p>  <\/div> <\/div> <\/div> <\/div>   <figure class=\"wp-block-image aligncenter size-large is-resized\"><img loading=\"lazy\" decoding=\"async\" width=\"418\" height=\"540\" src=\"https:\/\/www.agriculture-machine.com\/wp-content\/uploads\/2018\/10\/Rice-mill7-418x540.jpg\" alt=\"Machine \u00e0 riz7\" class=\"wp-image-1991\" srcset=\"https:\/\/www.agriculture-machine.com\/wp-content\/uploads\/2018\/10\/Rice-mill7-418x540.jpg 418w, https:\/\/www.agriculture-machine.com\/wp-content\/uploads\/2018\/10\/Rice-mill7-209x270.jpg 209w, https:\/\/www.agriculture-machine.com\/wp-content\/uploads\/2018\/10\/Rice-mill7.jpg 750w\" sizes=\"auto, (max-width: 418px) 100vw, 418px\" \/><\/figure>    <p>Si vous \u00eates int\u00e9ress\u00e9 par notre machine \u00e0 d\u00e9cortiquer le riz, n'h\u00e9sitez pas \u00e0 nous contacter et \u00e0 visiter notre usine, notre \u00e9quipe professionnelle sera heureuse de vous fournir des informations d\u00e9taill\u00e9es sur le produit. Nous avons h\u00e2te de partager notre technologie avanc\u00e9e et notre excellente qualit\u00e9 avec vous pour fournir la meilleure solution pour votre production de riz blanc.<\/p>","protected":false},"excerpt":{"rendered":"<p>Les machines \u00e0 riz traitent efficacement et pr\u00e9cis\u00e9ment le paddy en blanc de haute qualit\u00e9 \u00e0 travers les \u00e9tapes de d\u00e9corticage, de d\u00e9bronzage et de mouture. Il existe diff\u00e9rents types parmi lesquels choisir, et vous pouvez mieux comprendre \u00e0 travers cet article.<\/p>","protected":false},"author":1,"featured_media":1135,"parent":0,"comment_status":"closed","ping_status":"closed","template":"","tags":[796],"product-type":[905],"class_list":["post-1128","product","type-product","status-publish","has-post-thumbnail","hentry","tag-rice","product-type-small-rice-mill"],"_links":{"self":[{"href":"https:\/\/www.agriculture-machine.com\/fr\/wp-json\/wp\/v2\/product\/1128","targetHints":{"allow":["GET"]}}],"collection":[{"href":"https:\/\/www.agriculture-machine.com\/fr\/wp-json\/wp\/v2\/product"}],"about":[{"href":"https:\/\/www.agriculture-machine.com\/fr\/wp-json\/wp\/v2\/types\/product"}],"author":[{"embeddable":true,"href":"https:\/\/www.agriculture-machine.com\/fr\/wp-json\/wp\/v2\/users\/1"}],"replies":[{"embeddable":true,"href":"https:\/\/www.agriculture-machine.com\/fr\/wp-json\/wp\/v2\/comments?post=1128"}],"wp:featuredmedia":[{"embeddable":true,"href":"https:\/\/www.agriculture-machine.com\/fr\/wp-json\/wp\/v2\/media\/1135"}],"wp:attachment":[{"href":"https:\/\/www.agriculture-machine.com\/fr\/wp-json\/wp\/v2\/media?parent=1128"}],"wp:term":[{"taxonomy":"post_tag","embeddable":true,"href":"https:\/\/www.agriculture-machine.com\/fr\/wp-json\/wp\/v2\/tags?post=1128"},{"taxonomy":"product-type","embeddable":true,"href":"https:\/\/www.agriculture-machine.com\/fr\/wp-json\/wp\/v2\/product-type?post=1128"}],"curies":[{"name":"wp","href":"https:\/\/api.w.org\/{rel}","templated":true}]}}