{"id":11285,"date":"2021-09-03T14:01:03","date_gmt":"2021-09-03T06:01:03","guid":{"rendered":"https:\/\/www.agriculture-machine.com\/?p=11285"},"modified":"2024-09-23T11:18:32","modified_gmt":"2024-09-23T03:18:32","slug":"electric-grain-hammer-mill-grain-mill-grinder-grain-grinding","status":"publish","type":"product","link":"https:\/\/www.agriculture-machine.com\/fr\/electric-grain-hammer-mill-grain-mill-grinder-grain-grinding\/","title":{"rendered":"Moulin \u00e0 grains \u00e9lectrique | Broyeur de grains | Broyage de grains"},"content":{"rendered":"<p>Le broyeur \u00e0 grains est le type de broyeur le plus utilis\u00e9. Il poss\u00e8de une bonne polyvalence. Apr\u00e8s l'entr\u00e9e de corps \u00e9trangers m\u00e9talliques dans le broyeur, il ne casse que les tamis. Aucun accident majeur ne se produira, et sa structure se compose de trois parties : un m\u00e9canisme d'alimentation, une chambre de broyage et une partie de d\u00e9charge.<\/p>    <figure class=\"wp-block-embed is-type-video is-provider-youtube wp-block-embed-youtube wp-embed-aspect-16-9 wp-has-aspect-ratio\"><div class=\"wp-block-embed__wrapper\"> <iframe loading=\"lazy\" title=\"Vid\u00e9o de fonctionnement du moulin \u00e9lectrique \u00e0 grains | broyeur \u00e0 grains\" width=\"500\" height=\"281\" src=\"https:\/\/www.youtube.com\/embed\/LrGfvzii4tI?feature=oembed\" frameborder=\"0\" allow=\"accelerometer; autoplay; clipboard-write; encrypted-media; gyroscope; picture-in-picture; web-share\" referrerpolicy=\"strict-origin-when-cross-origin\" allowfullscreen><\/iframe> <\/div><figcaption class=\"wp-element-caption\">Vid\u00e9o de fonctionnement du broyeur \u00e0 grains \u00e0 haute efficacit\u00e9<\/figcaption><\/figure>    <h2 class=\"wp-block-heading\">La fonction du broyeur \u00e0 grains<\/h2>    <p><font style=\"vertical-align: inherit;\"><font style=\"vertical-align: inherit;\">Les moulins \u00e0 grains sont utilis\u00e9s dans les secteurs pharmaceutique, alimentaire, chimique, scientifique et autres secteurs industriels pour traiter des mat\u00e9riaux contenant de l'amidon. Vous pouvez obtenir de la poudre \u00e0 partir d'un moulin \u00e9lectrique \u00e0 marteaux pour grains. La substance devient poudre sous l'action de broyage du disque de broyage.<\/font><\/font><\/p>    <p>L'\u00e9quipement est \u00e9quip\u00e9 d'un dispositif d'aspiration de poussi\u00e8re, sans pollution de poudre. Il poss\u00e8de les caract\u00e9ristiques de basse temp\u00e9rature, faible bruit et haute efficacit\u00e9. Il convient pour broyer des mat\u00e9riaux secs et cassants, tels que des mat\u00e9riaux chimiques et des mati\u00e8res m\u00e9dicinales chinoises.<\/p>    <figure class=\"wp-block-gallery has-nested-images columns-default is-cropped wp-block-gallery-2 is-layout-flex wp-block-gallery-is-layout-flex\"> <figure class=\"wp-block-image size-large\"><img loading=\"lazy\" decoding=\"async\" width=\"720\" height=\"540\" data-id=\"11288\" src=\"https:\/\/www.agriculture-machine.com\/wp-content\/uploads\/2021\/08\/5-3.jpg\" alt=\"Broyeur \u00e0 meule de grain\" class=\"wp-image-11288\" srcset=\"https:\/\/www.agriculture-machine.com\/wp-content\/uploads\/2021\/08\/5-3.jpg 720w, https:\/\/www.agriculture-machine.com\/wp-content\/uploads\/2021\/08\/5-3-360x270.jpg 360w, https:\/\/www.agriculture-machine.com\/wp-content\/uploads\/2021\/08\/5-3-240x180.jpg 240w\" sizes=\"auto, (max-width: 720px) 100vw, 720px\" \/><figcaption class=\"wp-element-caption\">Broyeur \u00e0 meule de grain<\/figcaption><\/figure>    <figure class=\"wp-block-image size-large\"><img loading=\"lazy\" decoding=\"async\" width=\"720\" height=\"540\" data-id=\"11289\" src=\"https:\/\/www.agriculture-machine.com\/wp-content\/uploads\/2021\/08\/6-3.jpg\" alt=\"Moulin \u00e0 grains \u00e9lectrique\" class=\"wp-image-11289\" srcset=\"https:\/\/www.agriculture-machine.com\/wp-content\/uploads\/2021\/08\/6-3.jpg 720w, https:\/\/www.agriculture-machine.com\/wp-content\/uploads\/2021\/08\/6-3-360x270.jpg 360w, https:\/\/www.agriculture-machine.com\/wp-content\/uploads\/2021\/08\/6-3-240x180.jpg 240w\" sizes=\"auto, (max-width: 720px) 100vw, 720px\" \/><figcaption class=\"wp-element-caption\">Moulin \u00e0 grains \u00e9lectrique<\/figcaption><\/figure> <\/figure>    <h2 class=\"wp-block-heading\" id=\"h-working-principle\">Principe de fonctionnement<\/h2>    <p>Apr\u00e8s le d\u00e9marrage du moteur, la puissance est transmise \u00e0 la poulie par la courroie en V, ce qui entra\u00eene la rotation de l'arbre principal et provoque le mouvement relatif du disque de broyage mobile et du disque de broyage fixe pour produire des effets de compression et de broyage, de sorte que le centre du disque de broyage broie compl\u00e8tement les mat\u00e9riaux qu'il contient.  <\/p>    <figure class=\"wp-block-gallery has-nested-images columns-default is-cropped wp-block-gallery-3 is-layout-flex wp-block-gallery-is-layout-flex\"> <figure class=\"wp-block-image size-large\"><img loading=\"lazy\" decoding=\"async\" width=\"720\" height=\"540\" data-id=\"11396\" src=\"https:\/\/www.agriculture-machine.com\/wp-content\/uploads\/2021\/09\/IMG_20210730_112620_\u526f\u672c.jpg\" alt=\"broyeur \u00e0 disque\" class=\"wp-image-11396\" srcset=\"https:\/\/www.agriculture-machine.com\/wp-content\/uploads\/2021\/09\/IMG_20210730_112620_\u526f\u672c.jpg 720w, https:\/\/www.agriculture-machine.com\/wp-content\/uploads\/2021\/09\/IMG_20210730_112620_\u526f\u672c-360x270.jpg 360w, https:\/\/www.agriculture-machine.com\/wp-content\/uploads\/2021\/09\/IMG_20210730_112620_\u526f\u672c-240x180.jpg 240w\" sizes=\"auto, (max-width: 720px) 100vw, 720px\" \/><figcaption class=\"wp-element-caption\">broyeur \u00e0 disque<\/figcaption><\/figure>    <figure class=\"wp-block-image size-large\"><img loading=\"lazy\" decoding=\"async\" width=\"720\" height=\"540\" data-id=\"11397\" src=\"https:\/\/www.agriculture-machine.com\/wp-content\/uploads\/2021\/09\/IMG_20210730_112641_\u526f\u672c.jpg\" alt=\"broyeur \u00e0 disque\" class=\"wp-image-11397\" srcset=\"https:\/\/www.agriculture-machine.com\/wp-content\/uploads\/2021\/09\/IMG_20210730_112641_\u526f\u672c.jpg 720w, https:\/\/www.agriculture-machine.com\/wp-content\/uploads\/2021\/09\/IMG_20210730_112641_\u526f\u672c-360x270.jpg 360w, https:\/\/www.agriculture-machine.com\/wp-content\/uploads\/2021\/09\/IMG_20210730_112641_\u526f\u672c-240x180.jpg 240w\" sizes=\"auto, (max-width: 720px) 100vw, 720px\" \/><figcaption class=\"wp-element-caption\">broyeur \u00e0 disque<\/figcaption><\/figure> <\/figure>    <h2 class=\"wp-block-heading\">M\u00e9thodes de fonctionnement<\/h2>    <p>1. This grain mill grinder&#8217;s package is as a whole. After unpacking, move it to an appropriate location, then place it steadily, and connect it to the power supply for trial use.<\/p>    <p>2. Before use, check whether there is any looseness and other abnormal phenomena in the transmission part of the machine. The direction of the machine&#8217;s operation should be consistent with the direction shown by the arrow.<\/p>    <p>3. Effectuer un test \u00e0 vide de 1-2 minutes avant utilisation, et attendre qu'il n'y ait pas de ph\u00e9nom\u00e8ne anormal avant d'alimenter. Augmentez progressivement le flux de mat\u00e9riaux lors de l'alimentation, et surveillez la consommation d'\u00e9nergie et le fonctionnement du moteur \u00e0 tout moment.<\/p>    <p>4. Si le mat\u00e9riau est trop humide et collant, ce qui affecte la sortie de poudre, le mat\u00e9riau doit \u00eatre s\u00e9ch\u00e9 ou remplac\u00e9 par une plaque de tamis plus \u00e9paisse.<\/p>    <p>5. Avant d'arr\u00eater la machine, arr\u00eatez d'alimenter et faites fonctionner la machine pendant 5-20 minutes avant de l'arr\u00eater. L'objectif est de r\u00e9duire les r\u00e9sidus.<\/p>    <h2 class=\"wp-block-heading\">Avantages du broyeur \u00e0 grains<\/h2>    <p>1. Haute efficacit\u00e9 et capacit\u00e9 de broyage puissante.<\/p>    <p>2. Le disque de broyage \u00e0 grande vitesse produit un impact fort sur les particules de mat\u00e9riau, ce qui peut assurer un effet de broyage puissant.<\/p>    <p>3. Grande flexibilit\u00e9 dans le processus de production : notre moulin \u00e0 marteaux peut \u00eatre associ\u00e9 \u00e0 divers tamis, il peut donc \u00eatre utilis\u00e9 pour le broyage grossier et fin.<\/p>    <p>4. Facile \u00e0 utiliser, s\u00fbr, et facile \u00e0 entretenir. <\/p>    <p class=\"translation-block\">5. La machine a une large applicabilit\u00e9, elle est adapt\u00e9e pour <a href=\"https:\/\/www.agriculture-machine.com\/fr\/corn-grinder-machine\/\">broyer du ma\u00efs<\/a>, du tofu, de l'amidon et de la farine de riz, et elle peut \u00e9galement \u00eatre utilis\u00e9e dans d'autres industries alimentaires. Elle peut <a href=\"https:\/\/www.agriculture-machine.com\/fr\/corn-grits-making-machine\/\">broyer du ma\u00efs<\/a>, du bl\u00e9, du riz, du sorgho, des soja, et d'autres cultures en poudre s\u00e8che.\u00a0<\/p>    <figure class=\"wp-block-gallery has-nested-images columns-default is-cropped wp-block-gallery-4 is-layout-flex wp-block-gallery-is-layout-flex\"> <figure class=\"wp-block-image size-large\"><img loading=\"lazy\" decoding=\"async\" width=\"720\" height=\"540\" data-id=\"11292\" src=\"https:\/\/www.agriculture-machine.com\/wp-content\/uploads\/2021\/08\/1-4.jpg\" alt=\"r\u00e9sultat\" class=\"wp-image-11292\" srcset=\"https:\/\/www.agriculture-machine.com\/wp-content\/uploads\/2021\/08\/1-4.jpg 720w, https:\/\/www.agriculture-machine.com\/wp-content\/uploads\/2021\/08\/1-4-360x270.jpg 360w, https:\/\/www.agriculture-machine.com\/wp-content\/uploads\/2021\/08\/1-4-240x180.jpg 240w\" sizes=\"auto, (max-width: 720px) 100vw, 720px\" \/><figcaption class=\"wp-element-caption\">r\u00e9sultat<\/figcaption><\/figure>    <figure class=\"wp-block-image size-large\"><img loading=\"lazy\" decoding=\"async\" width=\"720\" height=\"540\" data-id=\"11293\" src=\"https:\/\/www.agriculture-machine.com\/wp-content\/uploads\/2021\/08\/2-3.jpg\" alt=\"cons\u00e9quent\" class=\"wp-image-11293\" srcset=\"https:\/\/www.agriculture-machine.com\/wp-content\/uploads\/2021\/08\/2-3.jpg 720w, https:\/\/www.agriculture-machine.com\/wp-content\/uploads\/2021\/08\/2-3-360x270.jpg 360w, https:\/\/www.agriculture-machine.com\/wp-content\/uploads\/2021\/08\/2-3-240x180.jpg 240w\" sizes=\"auto, (max-width: 720px) 100vw, 720px\" \/><figcaption class=\"wp-element-caption\">cons\u00e9quent<\/figcaption><\/figure> <\/figure>    <h2 class=\"wp-block-heading\">Entretien du broyeur \u00e0 grains<\/h2>    <p>1. V\u00e9rifiez r\u00e9guli\u00e8rement les roulements et remplacez la graisse haute vitesse pour assurer le bon fonctionnement de la machine. V\u00e9rifiez fr\u00e9quemment les pi\u00e8ces d'usure. En cas d'usure grave, remplacez-les \u00e0 temps.<\/p>    <p>2. Lors de l'utilisation de la machine, si la vitesse de l'arbre diminue progressivement, vous devez ajuster le moteur vers le bas. Ensuite, la machine peut atteindre la vitesse sp\u00e9cifi\u00e9e. En cas d'anomalie, la machine doit \u00eatre arr\u00eat\u00e9e pour inspection.<\/p>    <p>3. Les mat\u00e9riaux m\u00e9talliques, tels que les clous, les blocs de fer, etc., sont strictement interdits de p\u00e9n\u00e9trer \u00e0 l'int\u00e9rieur de la machine lors de sa mise en marche. Apr\u00e8s le travail, vous devez nettoyer les r\u00e9sidus dans toutes les parties de la machine. Si la machine n'est pas utilis\u00e9e pendant longtemps, elle doit \u00eatre essuy\u00e9e et couverte d'une b\u00e2che.<\/p>    <h2 class=\"wp-block-heading\">Programme d'am\u00e9lioration de l'efficacit\u00e9<\/h2>    <p>La mise en place de mesures auxiliaires peut am\u00e9liorer efficacement l'efficacit\u00e9 de travail du broyeur. Ajoutez un syst\u00e8me de ventilation au processus de broyage pour faciliter le passage des mat\u00e9riaux \u00e0 travers les trous du tamis. Cela peut am\u00e9liorer l'efficacit\u00e9 de la s\u00e9lection du broyeur et r\u00e9duire la pression dans le processus de broyage.<\/p>","protected":false},"excerpt":{"rendered":"<p>Ce broyeur \u00e0 grains est une machine qui broie le bl\u00e9, le riz, le ma\u00efs, le sorgho, les soja, et d'autres cultures en poudre s\u00e8che.\u00a0<\/p>","protected":false},"author":1,"featured_media":11289,"parent":0,"comment_status":"closed","ping_status":"closed","template":"","tags":[2631],"product-type":[873],"class_list":["post-11285","product","type-product","status-publish","has-post-thumbnail","hentry","tag-hammer","product-type-corn-grains-grinding-equipment"],"_links":{"self":[{"href":"https:\/\/www.agriculture-machine.com\/fr\/wp-json\/wp\/v2\/product\/11285","targetHints":{"allow":["GET"]}}],"collection":[{"href":"https:\/\/www.agriculture-machine.com\/fr\/wp-json\/wp\/v2\/product"}],"about":[{"href":"https:\/\/www.agriculture-machine.com\/fr\/wp-json\/wp\/v2\/types\/product"}],"author":[{"embeddable":true,"href":"https:\/\/www.agriculture-machine.com\/fr\/wp-json\/wp\/v2\/users\/1"}],"replies":[{"embeddable":true,"href":"https:\/\/www.agriculture-machine.com\/fr\/wp-json\/wp\/v2\/comments?post=11285"}],"wp:featuredmedia":[{"embeddable":true,"href":"https:\/\/www.agriculture-machine.com\/fr\/wp-json\/wp\/v2\/media\/11289"}],"wp:attachment":[{"href":"https:\/\/www.agriculture-machine.com\/fr\/wp-json\/wp\/v2\/media?parent=11285"}],"wp:term":[{"taxonomy":"post_tag","embeddable":true,"href":"https:\/\/www.agriculture-machine.com\/fr\/wp-json\/wp\/v2\/tags?post=11285"},{"taxonomy":"product-type","embeddable":true,"href":"https:\/\/www.agriculture-machine.com\/fr\/wp-json\/wp\/v2\/product-type?post=11285"}],"curies":[{"name":"wp","href":"https:\/\/api.w.org\/{rel}","templated":true}]}}