{"id":11394,"date":"2021-09-07T14:23:39","date_gmt":"2021-09-07T06:23:39","guid":{"rendered":"https:\/\/www.agriculture-machine.com\/?p=11394"},"modified":"2026-02-25T17:31:26","modified_gmt":"2026-02-25T09:31:26","slug":"rice-miller-machine-small-household-rice-mill-rice-milling-machine","status":"publish","type":"product","link":"https:\/\/www.agriculture-machine.com\/fr\/rice-miller-machine-small-household-rice-mill-rice-milling-machine\/","title":{"rendered":"Machine \u00e0 rizier | Petit moulin \u00e0 riz domestique | Machine de mouture de riz"},"content":{"rendered":"<h2 class=\"wp-block-heading\" id=\"h-introduction-of-rice-miller-machine\">Introduction de la machine \u00e0 riz<\/h2>    <p>La machine \u00e0 riz est un appareil qui utilise la force de l'\u00e9quipement m\u00e9canique pour d\u00e9cortiquer et blanchir le riz brun.<\/p>    <h2 class=\"wp-block-heading\">Principe de fonctionnement de la machine \u00e0 moudre le riz<\/h2>    <p>Lorsque le riz brun s'\u00e9coule du hopper dans la chambre de blanchiment, en raison de la pression interne du thallium de pression et de la force m\u00e9canique, le riz brun est press\u00e9 dans la chambre de blanchiment. <\/p>    <p>Apr\u00e8s friction et le frottement entre le riz brun et la roue de broyage, c'est-\u00e0-dire qu'il peut rapidement enlever la couche de peau du riz brun, et atteindre le niveau de blancheur fine mesur\u00e9e par le riz blanc en un certain temps d'ajustement.<\/p>    <figure class=\"wp-block-embed is-type-video is-provider-youtube wp-block-embed-youtube wp-embed-aspect-4-3 wp-has-aspect-ratio\"><div class=\"wp-block-embed__wrapper\"> <iframe loading=\"lazy\" title=\"Riz \u00e0 moteur \u00e9lectrique am\u00e9lior\u00e9 | Riz \u00e0 haute efficacit\u00e9 | Machine de mouture de riz directe d&#039;usine\" width=\"500\" height=\"375\" src=\"https:\/\/www.youtube.com\/embed\/BxvKOok0_f4?feature=oembed\" frameborder=\"0\" allow=\"accelerometer; autoplay; clipboard-write; encrypted-media; gyroscope; picture-in-picture; web-share\" referrerpolicy=\"strict-origin-when-cross-origin\" allowfullscreen><\/iframe> <\/div><\/figure>    <h2 class=\"wp-block-heading\">Structure de la machine \u00e0 riz<\/h2>    <p>La machine \u00e0 riz se compose d'un hopper, d'une chambre de mouture de riz, d'une sortie, et d'une poign\u00e9e de r\u00e9glage, etc.<\/p>    <h2 class=\"wp-block-heading\">Avantages de la machine \u00e0 riz<\/h2>    <p>Le moulin \u00e0 riz est compact dans sa structure et beau dans son apparence. Et sa petite taille facilite son d\u00e9placement. Et une consommation d'\u00e9nergie plus faible assurera une longue dur\u00e9e de vie. Facile \u00e0 utiliser et \u00e0 entretenir. De plus, diverses vari\u00e9t\u00e9s de riz peuvent \u00eatre trait\u00e9es pour s\u00e9parer la coque de riz et le son de riz. <\/p>    <p>En g\u00e9n\u00e9ral, le taux de rendement du riz atteint plus de 95 %, et le taux de riz cass\u00e9 est faible. Ainsi, le riz fini trait\u00e9 est brillant, blanc, parfum\u00e9, et tr\u00e8s d\u00e9licieux. Les petits moulins \u00e0 riz pour la maison peuvent \u00e9galement \u00eatre utilis\u00e9s pour le d\u00e9pelliculage du ma\u00efs, du bl\u00e9, de l'orge, des haricots mungo, du sarrasin, et du caf\u00e9. <\/p>    <p>Thus, it becomes a good machine for individual households, urban supermarkets, grain shops, farmers&#8217; markets, etc., for on-site processing.<\/p>    <h2 class=\"wp-block-heading\">Mod\u00e8les de riziculteurs <\/h2>    <p>Nous avons maintenant trois grades diff\u00e9rents de riziculteurs, \u00e0 savoir le mod\u00e8le de base, le mod\u00e8le am\u00e9lior\u00e9 et le dernier mod\u00e8le.<\/p>    <p>The basic model can meet daily production needs, but the upgraded model has been upgraded in color and function. The broken rice rate is low, so the rice milling efficiency is higher, and the performance is better. What&#8217;s more, the latest model adds the stone removal function compared to the upgraded model. <\/p>    <p>Parce qu'une fois que des objets durs tels que des pierres, des blocs de fer entrent dans la salle de mouture du riz, cela causera des dommages irr\u00e9versibles aux pi\u00e8ces de travail de la salle de mouture du riz, r\u00e9duisant ainsi la dur\u00e9e de vie de la machine \u00e0 riz. <\/p>    <p>Ainsi, l'augmentation des pi\u00e8ces de retrait des pierres du dernier moulin \u00e0 riz peut r\u00e9duire ce type de dommage et prolonger sa dur\u00e9e de vie. En m\u00eame temps, cela rendra le riz moulu plus translucide et blanc.<\/p>    <h3 class=\"wp-block-heading\">Le mod\u00e8le de base<\/h3>    <figure class=\"wp-block-gallery has-nested-images columns-2 is-cropped wp-block-gallery-2 is-layout-flex wp-block-gallery-is-layout-flex\"> <figure class=\"wp-block-image size-large\"><a href=\"https:\/\/www.agriculture-machine.com\/wp-content\/uploads\/2021\/09\/the-basic-model-rice-miller-machine-40x.jpg\"><img loading=\"lazy\" decoding=\"async\" width=\"720\" height=\"540\" data-id=\"11410\" src=\"https:\/\/www.agriculture-machine.com\/wp-content\/uploads\/2021\/09\/the-basic-model-rice-miller-machine-40x.jpg\" alt=\"le-mod\u00e8le-de-base-machine-\u00e0-riz-40x\" class=\"wp-image-11410\" srcset=\"https:\/\/www.agriculture-machine.com\/wp-content\/uploads\/2021\/09\/the-basic-model-rice-miller-machine-40x.jpg 720w, https:\/\/www.agriculture-machine.com\/wp-content\/uploads\/2021\/09\/the-basic-model-rice-miller-machine-40x-360x270.jpg 360w, https:\/\/www.agriculture-machine.com\/wp-content\/uploads\/2021\/09\/the-basic-model-rice-miller-machine-40x-240x180.jpg 240w\" sizes=\"auto, (max-width: 720px) 100vw, 720px\" \/><\/a><figcaption class=\"wp-element-caption\">le-mod\u00e8le-de-base-machine-\u00e0-riz-40x<\/figcaption><\/figure>    <figure class=\"wp-block-image size-large\"><a href=\"https:\/\/www.agriculture-machine.com\/wp-content\/uploads\/2021\/09\/the-basic-model-rice-mill-40B.jpg\"><img loading=\"lazy\" decoding=\"async\" width=\"720\" height=\"540\" data-id=\"11409\" src=\"https:\/\/www.agriculture-machine.com\/wp-content\/uploads\/2021\/09\/the-basic-model-rice-mill-40B.jpg\" alt=\"le-mod\u00e8le-de-base-riz-40B\" class=\"wp-image-11409\" srcset=\"https:\/\/www.agriculture-machine.com\/wp-content\/uploads\/2021\/09\/the-basic-model-rice-mill-40B.jpg 720w, https:\/\/www.agriculture-machine.com\/wp-content\/uploads\/2021\/09\/the-basic-model-rice-mill-40B-360x270.jpg 360w, https:\/\/www.agriculture-machine.com\/wp-content\/uploads\/2021\/09\/the-basic-model-rice-mill-40B-240x180.jpg 240w\" sizes=\"auto, (max-width: 720px) 100vw, 720px\" \/><\/a><figcaption class=\"wp-element-caption\">le-mod\u00e8le-de-base-riz-40B<\/figcaption><\/figure>    <figure class=\"wp-block-image size-large\"><a href=\"https:\/\/www.agriculture-machine.com\/wp-content\/uploads\/2021\/09\/The-basic-model-rice-milling-machine-80.jpg\"><img loading=\"lazy\" decoding=\"async\" width=\"720\" height=\"540\" data-id=\"11411\" src=\"https:\/\/www.agriculture-machine.com\/wp-content\/uploads\/2021\/09\/The-basic-model-rice-milling-machine-80.jpg\" alt=\"Le-mod\u00e8le-de-base-machine-\u00e0-mouture-de-riz-80\" class=\"wp-image-11411\" srcset=\"https:\/\/www.agriculture-machine.com\/wp-content\/uploads\/2021\/09\/The-basic-model-rice-milling-machine-80.jpg 720w, https:\/\/www.agriculture-machine.com\/wp-content\/uploads\/2021\/09\/The-basic-model-rice-milling-machine-80-360x270.jpg 360w, https:\/\/www.agriculture-machine.com\/wp-content\/uploads\/2021\/09\/The-basic-model-rice-milling-machine-80-240x180.jpg 240w\" sizes=\"auto, (max-width: 720px) 100vw, 720px\" \/><\/a><figcaption class=\"wp-element-caption\">Le-mod\u00e8le-de-base-machine-\u00e0-mouture-de-riz-80<\/figcaption><\/figure>    <figure class=\"wp-block-image size-large\"><a href=\"https:\/\/www.agriculture-machine.com\/wp-content\/uploads\/2021\/09\/the-basic-model-Direct-connected-rice-mill.jpg\"><img loading=\"lazy\" decoding=\"async\" width=\"720\" height=\"540\" data-id=\"11408\" src=\"https:\/\/www.agriculture-machine.com\/wp-content\/uploads\/2021\/09\/the-basic-model-Direct-connected-rice-mill.jpg\" alt=\"le-mod\u00e8le-de-base-riz-Directement-connect\u00e9\" class=\"wp-image-11408\" srcset=\"https:\/\/www.agriculture-machine.com\/wp-content\/uploads\/2021\/09\/the-basic-model-Direct-connected-rice-mill.jpg 720w, https:\/\/www.agriculture-machine.com\/wp-content\/uploads\/2021\/09\/the-basic-model-Direct-connected-rice-mill-360x270.jpg 360w, https:\/\/www.agriculture-machine.com\/wp-content\/uploads\/2021\/09\/the-basic-model-Direct-connected-rice-mill-240x180.jpg 240w\" sizes=\"auto, (max-width: 720px) 100vw, 720px\" \/><\/a><figcaption class=\"wp-element-caption\">le-mod\u00e8le-de-base-riz-Directement-connect\u00e9<\/figcaption><\/figure> <\/figure>    <h3 class=\"wp-block-heading\">Le mod\u00e8le am\u00e9lior\u00e9<\/h3>    <figure class=\"wp-block-gallery has-nested-images columns-default is-cropped wp-block-gallery-3 is-layout-flex wp-block-gallery-is-layout-flex\"> <figure class=\"wp-block-image size-large\"><a href=\"https:\/\/www.agriculture-machine.com\/wp-content\/uploads\/2021\/09\/The-upgraded-model-rice-mill.jpg\"><img loading=\"lazy\" decoding=\"async\" width=\"720\" height=\"540\" data-id=\"11415\" src=\"https:\/\/www.agriculture-machine.com\/wp-content\/uploads\/2021\/09\/The-upgraded-model-rice-mill.jpg\" alt=\"Le mod\u00e8le am\u00e9lior\u00e9 de riziculteur\" class=\"wp-image-11415\" srcset=\"https:\/\/www.agriculture-machine.com\/wp-content\/uploads\/2021\/09\/The-upgraded-model-rice-mill.jpg 720w, https:\/\/www.agriculture-machine.com\/wp-content\/uploads\/2021\/09\/The-upgraded-model-rice-mill-360x270.jpg 360w, https:\/\/www.agriculture-machine.com\/wp-content\/uploads\/2021\/09\/The-upgraded-model-rice-mill-240x180.jpg 240w\" sizes=\"auto, (max-width: 720px) 100vw, 720px\" \/><\/a><figcaption class=\"wp-element-caption\">Le mod\u00e8le am\u00e9lior\u00e9 de riziculteur<\/figcaption><\/figure>    <figure class=\"wp-block-image size-large\"><a href=\"https:\/\/www.agriculture-machine.com\/wp-content\/uploads\/2021\/09\/Upgraded-rice-mill-with-grinding-and-refining-function.jpg\"><img loading=\"lazy\" decoding=\"async\" width=\"720\" height=\"540\" data-id=\"11416\" src=\"https:\/\/www.agriculture-machine.com\/wp-content\/uploads\/2021\/09\/Upgraded-rice-mill-with-grinding-and-refining-function.jpg\" alt=\"Riz am\u00e9lior\u00e9 avec fonction de broyage et de raffinage\" class=\"wp-image-11416\" srcset=\"https:\/\/www.agriculture-machine.com\/wp-content\/uploads\/2021\/09\/Upgraded-rice-mill-with-grinding-and-refining-function.jpg 720w, https:\/\/www.agriculture-machine.com\/wp-content\/uploads\/2021\/09\/Upgraded-rice-mill-with-grinding-and-refining-function-360x270.jpg 360w, https:\/\/www.agriculture-machine.com\/wp-content\/uploads\/2021\/09\/Upgraded-rice-mill-with-grinding-and-refining-function-240x180.jpg 240w\" sizes=\"auto, (max-width: 720px) 100vw, 720px\" \/><\/a><figcaption class=\"wp-element-caption\">Riz am\u00e9lior\u00e9 avec fonction de broyage et de raffinage<\/figcaption><\/figure> <\/figure>    <h3 class=\"wp-block-heading\">Le dernier mod\u00e8le<\/h3>    <figure class=\"wp-block-gallery has-nested-images columns-default is-cropped wp-block-gallery-4 is-layout-flex wp-block-gallery-is-layout-flex\"> <figure class=\"wp-block-image size-large\"><a href=\"https:\/\/www.agriculture-machine.com\/wp-content\/uploads\/2021\/09\/The-latest-model-rice-mill-with-stone-remover.jpg\"><img loading=\"lazy\" decoding=\"async\" width=\"720\" height=\"540\" data-id=\"11417\" src=\"https:\/\/www.agriculture-machine.com\/wp-content\/uploads\/2021\/09\/The-latest-model-rice-mill-with-stone-remover.jpg\" alt=\"Le dernier mod\u00e8le de riziculteur avec d\u00e9colleteur de pierre\" class=\"wp-image-11417\" srcset=\"https:\/\/www.agriculture-machine.com\/wp-content\/uploads\/2021\/09\/The-latest-model-rice-mill-with-stone-remover.jpg 720w, https:\/\/www.agriculture-machine.com\/wp-content\/uploads\/2021\/09\/The-latest-model-rice-mill-with-stone-remover-360x270.jpg 360w, https:\/\/www.agriculture-machine.com\/wp-content\/uploads\/2021\/09\/The-latest-model-rice-mill-with-stone-remover-240x180.jpg 240w\" sizes=\"auto, (max-width: 720px) 100vw, 720px\" \/><\/a><figcaption class=\"wp-element-caption\">Le dernier mod\u00e8le de riziculteur avec d\u00e9colleteur de pierre<\/figcaption><\/figure>    <figure class=\"wp-block-image size-large\"><a href=\"https:\/\/www.agriculture-machine.com\/wp-content\/uploads\/2021\/09\/The-latest-model-rice-milling-machine-with-stone-remover.jpg\"><img loading=\"lazy\" decoding=\"async\" width=\"720\" height=\"540\" data-id=\"11413\" src=\"https:\/\/www.agriculture-machine.com\/wp-content\/uploads\/2021\/09\/The-latest-model-rice-milling-machine-with-stone-remover.jpg\" alt=\"Le dernier mod\u00e8le de machine \u00e0 mouture de riz avec d\u00e9colleteur de pierre\" class=\"wp-image-11413\" srcset=\"https:\/\/www.agriculture-machine.com\/wp-content\/uploads\/2021\/09\/The-latest-model-rice-milling-machine-with-stone-remover.jpg 720w, https:\/\/www.agriculture-machine.com\/wp-content\/uploads\/2021\/09\/The-latest-model-rice-milling-machine-with-stone-remover-360x270.jpg 360w, https:\/\/www.agriculture-machine.com\/wp-content\/uploads\/2021\/09\/The-latest-model-rice-milling-machine-with-stone-remover-240x180.jpg 240w\" sizes=\"auto, (max-width: 720px) 100vw, 720px\" \/><\/a><figcaption class=\"wp-element-caption\">Le dernier mod\u00e8le de machine \u00e0 mouture de riz avec d\u00e9colleteur de pierre<\/figcaption><\/figure> <\/figure>    <h2 class=\"wp-block-heading\" id=\"h-working-video-of-rice-mill\">Vid\u00e9o de fonctionnement du riziculteur<\/h2>    <figure class=\"wp-block-embed is-type-video is-provider-youtube wp-block-embed-youtube wp-embed-aspect-4-3 wp-has-aspect-ratio\"><div class=\"wp-block-embed__wrapper\"> <iframe loading=\"lazy\" title=\"Riz \u00e0 moteur \u00e0 essence | Machine de mouture de riz | Machine \u00e0 riz | Riz \u00e0 haute efficacit\u00e9\" width=\"500\" height=\"375\" src=\"https:\/\/www.youtube.com\/embed\/qViU3o8LdnQ?feature=oembed\" frameborder=\"0\" allow=\"accelerometer; autoplay; clipboard-write; encrypted-media; gyroscope; picture-in-picture; web-share\" referrerpolicy=\"strict-origin-when-cross-origin\" allowfullscreen><\/iframe> <\/div><\/figure>    <h2 class=\"wp-block-heading\">Param\u00e8tres de la machine \u00e0 riz<\/h2>    <figure class=\"wp-block-table\"><table><tbody><tr><td>Mod\u00e8le <\/td><td>Type 80 Riz<\/td><\/tr><tr><td>Vitesse de l'arbre <\/td><td>1600r\/min<\/td><\/tr><tr><td>Diam\u00e8tre du rouleau du m\u00e8tre<\/td><td>80mm<\/td><\/tr><tr><td>Productivit\u00e9<\/td><td>\u2265150kg\/h<\/td><\/tr><tr><td>Taux de rendement en riz<\/td><td>\u226565%<\/td><\/tr><tr><td>Taux de riz cass\u00e9<\/td><td>\u226430%<\/td><\/tr><tr><td>Consommation d'\u00e9lectricit\u00e9 par tonne de mat\u00e9riau <\/td><td>\u226412KW.h\/t<\/td><\/tr><tr><td>Tension<\/td><td>220v<\/td><\/tr><tr><td>Puissance nominale <\/td><td>2.2KW<\/td><\/tr><tr><td>Accessoires <\/td><td>Hopper d'entr\u00e9e et de sortie, roue motrice, courroie en V<\/td><\/tr><tr><td>Dimensions (mm) <\/td><td>670x400x1090<\/td><\/tr><tr><td>Taille d'emballage (mm) <\/td><td>590x660x340<\/td><\/tr><tr><td>Poids<\/td><td>30kg<\/td><\/tr><\/tbody><\/table><\/figure>    <h2 class=\"wp-block-heading\">Diff\u00e9rentes configurations de la machine \u00e0 riz<\/h2>    <p>Vous pouvez \u00e9galement ajouter un dispositif de d\u00e9poussi\u00e9rage Shakron et un dispositif d'auto-aspiration selon vos besoins. De plus, si l'\u00e9lectricit\u00e9 n'est pas pratique, il peut \u00e9galement \u00eatre \u00e9quip\u00e9 d'un moteur \u00e0 essence.<\/p>    <figure class=\"wp-block-gallery has-nested-images columns-default is-cropped wp-block-gallery-5 is-layout-flex wp-block-gallery-is-layout-flex\"> <figure class=\"wp-block-image size-large\"><a href=\"https:\/\/www.agriculture-machine.com\/wp-content\/uploads\/2021\/09\/Rice-mill-with-Shacron-dust-removal-device.jpg\"><img loading=\"lazy\" decoding=\"async\" width=\"720\" height=\"540\" data-id=\"11418\" src=\"https:\/\/www.agriculture-machine.com\/wp-content\/uploads\/2021\/09\/Rice-mill-with-Shacron-dust-removal-device.jpg\" alt=\"Riz avec dispositif de d\u00e9poussi\u00e9rage Shackron\" class=\"wp-image-11418\" srcset=\"https:\/\/www.agriculture-machine.com\/wp-content\/uploads\/2021\/09\/Rice-mill-with-Shacron-dust-removal-device.jpg 720w, https:\/\/www.agriculture-machine.com\/wp-content\/uploads\/2021\/09\/Rice-mill-with-Shacron-dust-removal-device-360x270.jpg 360w, https:\/\/www.agriculture-machine.com\/wp-content\/uploads\/2021\/09\/Rice-mill-with-Shacron-dust-removal-device-240x180.jpg 240w\" sizes=\"auto, (max-width: 720px) 100vw, 720px\" \/><\/a><figcaption class=\"wp-element-caption\">Riz avec dispositif de d\u00e9poussi\u00e9rage Shackron<\/figcaption><\/figure> <\/figure>","protected":false},"excerpt":{"rendered":"<p>Introduction of rice miller machine The rice miller machine is a device that uses the force of mechanical equipment to peel and whitens brown rice. Working principle of the rice miller machine When the brown rice flows from the hopper into the whitening chamber, due to the internal pressure of the pressing thallium and the [&hellip;]<\/p>\n","protected":false},"author":1,"featured_media":11421,"parent":0,"comment_status":"closed","ping_status":"closed","template":"","tags":[796],"product-type":[875],"class_list":["post-11394","product","type-product","status-publish","has-post-thumbnail","hentry","tag-rice","product-type-rice-mill-category"],"_links":{"self":[{"href":"https:\/\/www.agriculture-machine.com\/fr\/wp-json\/wp\/v2\/product\/11394","targetHints":{"allow":["GET"]}}],"collection":[{"href":"https:\/\/www.agriculture-machine.com\/fr\/wp-json\/wp\/v2\/product"}],"about":[{"href":"https:\/\/www.agriculture-machine.com\/fr\/wp-json\/wp\/v2\/types\/product"}],"author":[{"embeddable":true,"href":"https:\/\/www.agriculture-machine.com\/fr\/wp-json\/wp\/v2\/users\/1"}],"replies":[{"embeddable":true,"href":"https:\/\/www.agriculture-machine.com\/fr\/wp-json\/wp\/v2\/comments?post=11394"}],"wp:featuredmedia":[{"embeddable":true,"href":"https:\/\/www.agriculture-machine.com\/fr\/wp-json\/wp\/v2\/media\/11421"}],"wp:attachment":[{"href":"https:\/\/www.agriculture-machine.com\/fr\/wp-json\/wp\/v2\/media?parent=11394"}],"wp:term":[{"taxonomy":"post_tag","embeddable":true,"href":"https:\/\/www.agriculture-machine.com\/fr\/wp-json\/wp\/v2\/tags?post=11394"},{"taxonomy":"product-type","embeddable":true,"href":"https:\/\/www.agriculture-machine.com\/fr\/wp-json\/wp\/v2\/product-type?post=11394"}],"curies":[{"name":"wp","href":"https:\/\/api.w.org\/{rel}","templated":true}]}}