{"id":11439,"date":"2021-09-10T11:36:56","date_gmt":"2021-09-10T03:36:56","guid":{"rendered":"https:\/\/www.agriculture-machine.com\/?p=11439"},"modified":"2024-09-18T15:52:14","modified_gmt":"2024-09-18T07:52:14","slug":"combined-rice-mill-rice-milling-and-crushing-machine","status":"publish","type":"product","link":"https:\/\/www.agriculture-machine.com\/fr\/combined-rice-mill-rice-milling-and-crushing-machine\/","title":{"rendered":"Moulin \u00e0 riz combin\u00e9 | Machine de mouture et de concassage du riz"},"content":{"rendered":"<h2 class=\"wp-block-heading\" id=\"h-introduction-of-rice-milling-and-crushing-combined-machine\">Introduction de la machine combin\u00e9e de mouture et de broyage du riz<\/h2>    <p>Le moulin \u00e0 riz combin\u00e9 ajoute un broyeur \u00e0 la machine \u00e0 riz afin qu'une seule machine ait deux fonctions diff\u00e9rentes. De cette fa\u00e7on, non seulement une machine peut \u00eatre utilis\u00e9e \u00e0 plusieurs fins, mais aussi le co\u00fbt de production des clients peut \u00eatre r\u00e9duit.<\/p>    <figure class=\"wp-block-embed is-type-video is-provider-youtube wp-block-embed-youtube wp-embed-aspect-16-9 wp-has-aspect-ratio\"><div class=\"wp-block-embed__wrapper\"> <iframe loading=\"lazy\" title=\"Machine combin\u00e9e de mouture et de broyage du riz en armoire | moulin \u00e0 riz facile \u00e0 stocker\" width=\"500\" height=\"281\" src=\"https:\/\/www.youtube.com\/embed\/Tc7TcedbRMQ?feature=oembed\" frameborder=\"0\" allow=\"accelerometer; autoplay; clipboard-write; encrypted-media; gyroscope; picture-in-picture; web-share\" referrerpolicy=\"strict-origin-when-cross-origin\" allowfullscreen><\/iframe> <\/div><figcaption class=\"wp-element-caption\">Site de travail du moulin \u00e0 riz combin\u00e9<\/figcaption><\/figure>    <p class=\"translation-block\">En m\u00eame temps, deux machines utilisent un seul moteur, ce qui est plus efficace. Elle convient pour broyer le ma\u00efs, le soja, le poivre, les mati\u00e8res m\u00e9dicinales, les \u00e9pices, etc. Donc <a href=\"https:\/\/www.agriculture-machine.com\/fr\/uses-and-maintenance-of-rice-mill-machine\/\">elle est largement utilis\u00e9e<\/a> dans les usines, les m\u00e9nages ruraux, les usines de transformation de l'alimentation, les petites entreprises et autres endroits. De plus, les clients peuvent choisir diff\u00e9rents mod\u00e8les et diff\u00e9rentes capacit\u00e9s en fonction de leurs besoins.<\/p>    <h2 class=\"wp-block-heading\">Structure de la machine combin\u00e9e de mouture et de broyage du riz<\/h2>    <p>La machine se compose principalement de quatre parties : machine \u00e0 riz, broyeur, moteur et cadre. Le moulin \u00e0 riz combin\u00e9 se compose d'un couvercle, d'une roule de riz, d'un tamis \u00e0 riz, d'une lame, d'un alimentateur, d'un s\u00e9parateur, d'une poulie et d'un dispositif de r\u00e9glage. Le broyeur est compos\u00e9 d'une tr\u00e9mie d'alimentation, d'une chambre de broyage, d'une sortie, d'un cadre et d'autres pi\u00e8ces.<\/p>    <figure class=\"wp-block-gallery has-nested-images columns-2 is-cropped wp-block-gallery-2 is-layout-flex wp-block-gallery-is-layout-flex\"> <figure class=\"wp-block-image size-large\"><a href=\"https:\/\/www.agriculture-machine.com\/wp-content\/uploads\/2021\/09\/structure-of-the-rice-mill-part-of-the-combined-rice-mill.jpg\"><img loading=\"lazy\" decoding=\"async\" width=\"720\" height=\"540\" data-id=\"11445\" src=\"https:\/\/www.agriculture-machine.com\/wp-content\/uploads\/2021\/09\/structure-of-the-rice-mill-part-of-the-combined-rice-mill.jpg\" alt=\"structure-de-la-partie-de-mouture-du-riz-du-moulin-\u00e0-riz-combin\u00e9\" class=\"wp-image-11445\" srcset=\"https:\/\/www.agriculture-machine.com\/wp-content\/uploads\/2021\/09\/structure-of-the-rice-mill-part-of-the-combined-rice-mill.jpg 720w, https:\/\/www.agriculture-machine.com\/wp-content\/uploads\/2021\/09\/structure-of-the-rice-mill-part-of-the-combined-rice-mill-360x270.jpg 360w, https:\/\/www.agriculture-machine.com\/wp-content\/uploads\/2021\/09\/structure-of-the-rice-mill-part-of-the-combined-rice-mill-240x180.jpg 240w\" sizes=\"auto, (max-width: 720px) 100vw, 720px\" \/><\/a><figcaption class=\"wp-element-caption\">moulin \u00e0 riz combin\u00e9<\/figcaption><\/figure>    <figure class=\"wp-block-image size-large\"><a href=\"https:\/\/www.agriculture-machine.com\/wp-content\/uploads\/2021\/09\/structure-of-the-rice-mill-part-of-the-rice-milling-and-crushing-machine.jpg\"><img loading=\"lazy\" decoding=\"async\" width=\"720\" height=\"540\" data-id=\"11446\" src=\"https:\/\/www.agriculture-machine.com\/wp-content\/uploads\/2021\/09\/structure-of-the-rice-mill-part-of-the-rice-milling-and-crushing-machine.jpg\" alt=\"structure-de-la-partie-de-mouture-du-riz-du-moulin-\u00e0-riz-et-de-broyage\" class=\"wp-image-11446\" srcset=\"https:\/\/www.agriculture-machine.com\/wp-content\/uploads\/2021\/09\/structure-of-the-rice-mill-part-of-the-rice-milling-and-crushing-machine.jpg 720w, https:\/\/www.agriculture-machine.com\/wp-content\/uploads\/2021\/09\/structure-of-the-rice-mill-part-of-the-rice-milling-and-crushing-machine-360x270.jpg 360w, https:\/\/www.agriculture-machine.com\/wp-content\/uploads\/2021\/09\/structure-of-the-rice-mill-part-of-the-rice-milling-and-crushing-machine-240x180.jpg 240w\" sizes=\"auto, (max-width: 720px) 100vw, 720px\" \/><\/a><figcaption class=\"wp-element-caption\">Machine de mouture du riz<\/figcaption><\/figure>    <figure class=\"wp-block-image size-large\"><a href=\"https:\/\/www.agriculture-machine.com\/wp-content\/uploads\/2021\/09\/structure-of-the-crushing-part-of-the-combined-rice-mill-1.jpg\"><img loading=\"lazy\" decoding=\"async\" width=\"720\" height=\"540\" data-id=\"11449\" src=\"https:\/\/www.agriculture-machine.com\/wp-content\/uploads\/2021\/09\/structure-of-the-crushing-part-of-the-combined-rice-mill-1.jpg\" alt=\"structure-de-la-partie-de-broyage-du-moulin-\u00e0-riz-combin\u00e9-1\" class=\"wp-image-11449\" srcset=\"https:\/\/www.agriculture-machine.com\/wp-content\/uploads\/2021\/09\/structure-of-the-crushing-part-of-the-combined-rice-mill-1.jpg 720w, https:\/\/www.agriculture-machine.com\/wp-content\/uploads\/2021\/09\/structure-of-the-crushing-part-of-the-combined-rice-mill-1-360x270.jpg 360w, https:\/\/www.agriculture-machine.com\/wp-content\/uploads\/2021\/09\/structure-of-the-crushing-part-of-the-combined-rice-mill-1-240x180.jpg 240w\" sizes=\"auto, (max-width: 720px) 100vw, 720px\" \/><\/a><figcaption class=\"wp-element-caption\">Machine de traitement du riz paddy<\/figcaption><\/figure>    <figure class=\"wp-block-image size-large\"><a href=\"https:\/\/www.agriculture-machine.com\/wp-content\/uploads\/2021\/09\/structure-of-the-crushing-part-of-the-rice-milling-and-crushing-machine.jpg\"><img loading=\"lazy\" decoding=\"async\" width=\"720\" height=\"540\" data-id=\"11450\" src=\"https:\/\/www.agriculture-machine.com\/wp-content\/uploads\/2021\/09\/structure-of-the-crushing-part-of-the-rice-milling-and-crushing-machine.jpg\" alt=\"structure-de-la-partie-de-broyage-du-moulin-\u00e0-riz-et-de-broyage\" class=\"wp-image-11450\" srcset=\"https:\/\/www.agriculture-machine.com\/wp-content\/uploads\/2021\/09\/structure-of-the-crushing-part-of-the-rice-milling-and-crushing-machine.jpg 720w, https:\/\/www.agriculture-machine.com\/wp-content\/uploads\/2021\/09\/structure-of-the-crushing-part-of-the-rice-milling-and-crushing-machine-360x270.jpg 360w, https:\/\/www.agriculture-machine.com\/wp-content\/uploads\/2021\/09\/structure-of-the-crushing-part-of-the-rice-milling-and-crushing-machine-240x180.jpg 240w\" sizes=\"auto, (max-width: 720px) 100vw, 720px\" \/><\/a><figcaption class=\"wp-element-caption\">Machine \u00e0 riz blanc<\/figcaption><\/figure> <\/figure>    <h2 class=\"wp-block-heading\">Avantages du moulin \u00e0 riz combin\u00e9 <\/h2>    <ol class=\"wp-block-list\"> <li>La partie de mouture du riz de cette machine peut traiter le riz en une seule \u00e9tape, en s\u00e9parant le riz, le son et le riz cass\u00e9 en m\u00eame temps. La partie broy\u00e9e peut \u00eatre utilis\u00e9e pour broyer le riz, le ma\u00efs, le sorgho, les haricots, les pommes de terre et les tiges.<\/li>    <li>Le ch\u00e2ssis est fabriqu\u00e9 \u00e0 partir de mat\u00e9riaux de haute qualit\u00e9, d'une plaque d'acier \u00e9paissie, robuste et durable, beau et \u00e9l\u00e9gant.<\/li>    <li>Moteur excellent, avec une puissance forte et stable.<\/li>    <li>Ce moulin \u00e0 riz combin\u00e9 pr\u00e9sente les avantages d'une structure raisonnable, d'un mod\u00e8le compact, d'une op\u00e9ration simple, d'une maintenance pratique, d'une vitesse de mouture rapide, d'une faible consommation d'\u00e9nergie, de s\u00e9curit\u00e9 et de fiabilit\u00e9.<\/li>    <li>La chambre de mouture du riz adopte une pi\u00e8ce moul\u00e9e d'une seule pi\u00e8ce et la conception de support aux deux extr\u00e9mit\u00e9s rend la roule de riz plus stable, r\u00e9duit efficacement le taux de riz cass\u00e9, et prolonge la dur\u00e9e de vie de la roule de riz.<\/li>    <li>La conception de la mouture du riz avec le rouleau support\u00e9 aux deux extr\u00e9mit\u00e9s rend le rouleau plus stable lors du fonctionnement, r\u00e9duit efficacement le taux de riz cass\u00e9, et prolonge la dur\u00e9e de vie du rouleau de riz.<\/li>    <li>Les couteaux \u00e0 riz traditionnels sont remplac\u00e9s par des rouleaux de riz, en acier inoxydable, avec des performances sup\u00e9rieures. Le tube de ventilateur en acier est plus durable, difficile \u00e0 casser, et a une longue dur\u00e9e de vie.<\/li>    <li>Vous pouvez choisir la taille du trou de la tamis pour l'installation.<\/li> <\/ol>    <h2 class=\"wp-block-heading\">Principe de fonctionnement de la machine de mouture et de broyage du riz<\/h2>    <h3 class=\"wp-block-heading\">Partie de mouture du riz :<\/h3>    <p>Le riz entre dans la chambre de mouture via le chargeur, puis est press\u00e9 par des roulements et des lames de riz. \u00c0 cette \u00e9tape, le riz sera d\u00e9cortiqu\u00e9 et \u00e9vacu\u00e9 vers la sortie. <\/p>    <p>La conception unique du port de d\u00e9charge s\u00e9pare le riz entier du riz cass\u00e9. En m\u00eame temps, le son de riz cass\u00e9 entrera dans le sac \u00e0 son via le tamis, et l'utilisateur pourra utiliser la poudre de son comme aliment.<\/p>    <figure class=\"wp-block-gallery has-nested-images columns-default is-cropped wp-block-gallery-3 is-layout-flex wp-block-gallery-is-layout-flex\"> <figure class=\"wp-block-image size-large\"><a href=\"https:\/\/www.agriculture-machine.com\/wp-content\/uploads\/2021\/09\/The-rice-milling-part-of-the-combined-rice-mill-scaled.jpg\"><img loading=\"lazy\" decoding=\"async\" width=\"720\" height=\"480\" data-id=\"11531\" src=\"https:\/\/www.agriculture-machine.com\/wp-content\/uploads\/2021\/09\/The-rice-milling-part-of-the-combined-rice-mill-720x480.jpg\" alt=\"La partie de mouture du riz du moulin \u00e0 riz combin\u00e9\" class=\"wp-image-11531\" srcset=\"https:\/\/www.agriculture-machine.com\/wp-content\/uploads\/2021\/09\/The-rice-milling-part-of-the-combined-rice-mill-720x480.jpg 720w, https:\/\/www.agriculture-machine.com\/wp-content\/uploads\/2021\/09\/The-rice-milling-part-of-the-combined-rice-mill-360x240.jpg 360w, https:\/\/www.agriculture-machine.com\/wp-content\/uploads\/2021\/09\/The-rice-milling-part-of-the-combined-rice-mill-768x512.jpg 768w, https:\/\/www.agriculture-machine.com\/wp-content\/uploads\/2021\/09\/The-rice-milling-part-of-the-combined-rice-mill-1536x1024.jpg 1536w, https:\/\/www.agriculture-machine.com\/wp-content\/uploads\/2021\/09\/The-rice-milling-part-of-the-combined-rice-mill-2048x1365.jpg 2048w\" sizes=\"auto, (max-width: 720px) 100vw, 720px\" \/><\/a><figcaption class=\"wp-element-caption\">Partie de mouture du riz <\/figcaption><\/figure> <\/figure>    <h3 class=\"wp-block-heading\">Partie de broyage :<\/h3>    <p>La mati\u00e8re premi\u00e8re est constamment frapp\u00e9e dans le disque d'engrenage en rotation \u00e0 grande vitesse, puis devient en poudre. Et utilisez des \u00e9crans de diff\u00e9rentes tailles pour contr\u00f4ler la taille des particules de la poudre.<\/p>    <figure class=\"wp-block-gallery has-nested-images columns-default is-cropped wp-block-gallery-4 is-layout-flex wp-block-gallery-is-layout-flex\"> <figure class=\"wp-block-image size-large\"><a href=\"https:\/\/www.agriculture-machine.com\/wp-content\/uploads\/2021\/09\/The-crushing-part-of-the-combined-rice-mill-scaled.jpg\"><img loading=\"lazy\" decoding=\"async\" width=\"720\" height=\"540\" data-id=\"11532\" src=\"https:\/\/www.agriculture-machine.com\/wp-content\/uploads\/2021\/09\/The-crushing-part-of-the-combined-rice-mill-720x540.jpg\" alt=\"La-partie-de-broyage-du-moulin-\u00e0-riz-combin\u00e9\" class=\"wp-image-11532\" srcset=\"https:\/\/www.agriculture-machine.com\/wp-content\/uploads\/2021\/09\/The-crushing-part-of-the-combined-rice-mill-720x540.jpg 720w, https:\/\/www.agriculture-machine.com\/wp-content\/uploads\/2021\/09\/The-crushing-part-of-the-combined-rice-mill-360x270.jpg 360w, https:\/\/www.agriculture-machine.com\/wp-content\/uploads\/2021\/09\/The-crushing-part-of-the-combined-rice-mill-240x180.jpg 240w, https:\/\/www.agriculture-machine.com\/wp-content\/uploads\/2021\/09\/The-crushing-part-of-the-combined-rice-mill-768x576.jpg 768w, https:\/\/www.agriculture-machine.com\/wp-content\/uploads\/2021\/09\/The-crushing-part-of-the-combined-rice-mill-1536x1152.jpg 1536w, https:\/\/www.agriculture-machine.com\/wp-content\/uploads\/2021\/09\/The-crushing-part-of-the-combined-rice-mill-2048x1536.jpg 2048w\" sizes=\"auto, (max-width: 720px) 100vw, 720px\" \/><\/a><figcaption class=\"wp-element-caption\">Partie de broyage<\/figcaption><\/figure> <\/figure>    <h2 class=\"wp-block-heading\">Vid\u00e9o de travail du moulin \u00e0 riz<\/h2>    <figure class=\"wp-block-embed is-type-video is-provider-youtube wp-block-embed-youtube wp-embed-aspect-16-9 wp-has-aspect-ratio\"><div class=\"wp-block-embed__wrapper\"> <iframe loading=\"lazy\" title=\"Moulin \u00e0 riz combin\u00e9 | Machine de mouture et de broyage du riz | Machine de mouture et de broyage du riz combin\u00e9e\" width=\"500\" height=\"281\" src=\"https:\/\/www.youtube.com\/embed\/ZmceG6M6LfY?feature=oembed\" frameborder=\"0\" allow=\"accelerometer; autoplay; clipboard-write; encrypted-media; gyroscope; picture-in-picture; web-share\" referrerpolicy=\"strict-origin-when-cross-origin\" allowfullscreen><\/iframe> <\/div><figcaption class=\"wp-element-caption\">Processus int\u00e9gr\u00e9 de mouture de riz paddy<\/figcaption><\/figure>    <h2 class=\"wp-block-heading\">Param\u00e8tres du moulin \u00e0 riz combin\u00e9<\/h2>    <figure class=\"wp-block-table is-style-stripes\"><table><tbody><tr><td>Mod\u00e8le<\/td><td>Moulin \u00e0 riz combin\u00e9 6N80-9FZ23<\/td><\/tr><tr><td>Vitesse nominale du moteur <\/td><td>1600r\/min<br><\/td><\/tr><tr><td>Diam\u00e8tre du rouleau du m\u00e8tre <\/td><td>80mm<\/td><\/tr><tr><td>Productivit\u00e9 de la machine \u00e0 riz <\/td><td>\u2265150kg\/h<\/td><\/tr><tr><td>Taux de rendement en riz <\/td><td>\u226565%<\/td><\/tr><tr><td>Taux de riz cass\u00e9 <\/td><td>\u226430%<\/td><\/tr><tr><td>Diam\u00e8tre de l'anneau de tamis <\/td><td>\u2265150kg\/h<\/td><\/tr><tr><td>Diam\u00e8tre du rotor <\/td><td>230mm<\/td><\/tr><tr><td>Diam\u00e8tre du cercle du tamis <\/td><td>280mm<\/td><\/tr><tr><td>Taille du tamis (mm) <\/td><td>840\u00d7100<\/td><\/tr><tr><td>Accessoires <\/td><td>Entr\u00e9e et sortie de la tr\u00e9mie, 2 ensembles de tamis, couvercle de protection, roue du moteur, courroie en V<\/td><\/tr><\/tbody><\/table><figcaption class=\"wp-element-caption\">Donn\u00e9es techniques de la machine de mouture de riz paddy<\/figcaption><\/figure>    <h2 class=\"wp-block-heading\">Mod\u00e8le et configuration<\/h2>    <p>Parmi les mod\u00e8les de base existants, vous pouvez choisir des machines combin\u00e9es de mouture et de broyage du riz \u00e0 un ou deux seaux, des machines combin\u00e9es, et des machines int\u00e9gr\u00e9es de mouture et de broyage du riz en armoire. De plus, dans le mod\u00e8le am\u00e9lior\u00e9, vous pouvez choisir celui avec le broyeur \u00e0 griffes, ou celui avec la fonction de broyage et de raffinage. En m\u00eame temps, le choix de puissance de notre moulin \u00e0 riz combin\u00e9 est un moteur de haute qualit\u00e9, ce qui peut prolonger la dur\u00e9e de vie de votre machine.<\/p>    <figure class=\"wp-block-gallery has-nested-images columns-3 is-cropped wp-block-gallery-5 is-layout-flex wp-block-gallery-is-layout-flex\"> <figure class=\"wp-block-image size-large\"><a href=\"https:\/\/www.agriculture-machine.com\/wp-content\/uploads\/2021\/09\/type-100-30-double-bucket-rice-milling-and-crushing-combined-machine.jpg\"><img loading=\"lazy\" decoding=\"async\" width=\"720\" height=\"540\" data-id=\"11524\" src=\"https:\/\/www.agriculture-machine.com\/wp-content\/uploads\/2021\/09\/type-100-30-double-bucket-rice-milling-and-crushing-combined-machine.jpg\" alt=\"Type-100-30-machine combin\u00e9e de mouture et de broyage du riz \u00e0 deux seaux\" class=\"wp-image-11524\" srcset=\"https:\/\/www.agriculture-machine.com\/wp-content\/uploads\/2021\/09\/type-100-30-double-bucket-rice-milling-and-crushing-combined-machine.jpg 720w, https:\/\/www.agriculture-machine.com\/wp-content\/uploads\/2021\/09\/type-100-30-double-bucket-rice-milling-and-crushing-combined-machine-360x270.jpg 360w, https:\/\/www.agriculture-machine.com\/wp-content\/uploads\/2021\/09\/type-100-30-double-bucket-rice-milling-and-crushing-combined-machine-240x180.jpg 240w\" sizes=\"auto, (max-width: 720px) 100vw, 720px\" \/><\/a><figcaption class=\"wp-element-caption\">Type-100-30-machine combin\u00e9e de mouture et de broyage du riz \u00e0 deux seaux<\/figcaption><\/figure>    <figure class=\"wp-block-image size-large\"><a href=\"https:\/\/www.agriculture-machine.com\/wp-content\/uploads\/2021\/09\/ZLN4-21-combined-rice-mill.jpg\"><img loading=\"lazy\" decoding=\"async\" width=\"720\" height=\"540\" data-id=\"11527\" src=\"https:\/\/www.agriculture-machine.com\/wp-content\/uploads\/2021\/09\/ZLN4-21-combined-rice-mill.jpg\" alt=\"ZLN4-21-moulin \u00e0 riz combin\u00e9\" class=\"wp-image-11527\" srcset=\"https:\/\/www.agriculture-machine.com\/wp-content\/uploads\/2021\/09\/ZLN4-21-combined-rice-mill.jpg 720w, https:\/\/www.agriculture-machine.com\/wp-content\/uploads\/2021\/09\/ZLN4-21-combined-rice-mill-360x270.jpg 360w, https:\/\/www.agriculture-machine.com\/wp-content\/uploads\/2021\/09\/ZLN4-21-combined-rice-mill-240x180.jpg 240w\" sizes=\"auto, (max-width: 720px) 100vw, 720px\" \/><\/a><figcaption class=\"wp-element-caption\">ZLN4-21-moulin \u00e0 riz combin\u00e9<\/figcaption><\/figure>    <figure class=\"wp-block-image size-large\"><a href=\"https:\/\/www.agriculture-machine.com\/wp-content\/uploads\/2021\/09\/type-40B-20-combined-rice-mill.jpg\"><img loading=\"lazy\" decoding=\"async\" width=\"720\" height=\"540\" data-id=\"11523\" src=\"https:\/\/www.agriculture-machine.com\/wp-content\/uploads\/2021\/09\/type-40B-20-combined-rice-mill.jpg\" alt=\"Type-40B-20-moulin-\u00e0-riz-combin\u00e9\" class=\"wp-image-11523\" srcset=\"https:\/\/www.agriculture-machine.com\/wp-content\/uploads\/2021\/09\/type-40B-20-combined-rice-mill.jpg 720w, https:\/\/www.agriculture-machine.com\/wp-content\/uploads\/2021\/09\/type-40B-20-combined-rice-mill-360x270.jpg 360w, https:\/\/www.agriculture-machine.com\/wp-content\/uploads\/2021\/09\/type-40B-20-combined-rice-mill-240x180.jpg 240w\" sizes=\"auto, (max-width: 720px) 100vw, 720px\" \/><\/a><figcaption class=\"wp-element-caption\">Type-40B-20-moulin-\u00e0-riz-combin\u00e9<\/figcaption><\/figure>    <figure class=\"wp-block-image size-large\"><a href=\"https:\/\/www.agriculture-machine.com\/wp-content\/uploads\/2021\/09\/Upgraded-combined-rice-mill-with-claw-crusher.jpg\"><img loading=\"lazy\" decoding=\"async\" width=\"720\" height=\"540\" data-id=\"11525\" src=\"https:\/\/www.agriculture-machine.com\/wp-content\/uploads\/2021\/09\/Upgraded-combined-rice-mill-with-claw-crusher.jpg\" alt=\"Moulin \u00e0 riz combin\u00e9 am\u00e9lior\u00e9 avec broyeur \u00e0 griffes\" class=\"wp-image-11525\" srcset=\"https:\/\/www.agriculture-machine.com\/wp-content\/uploads\/2021\/09\/Upgraded-combined-rice-mill-with-claw-crusher.jpg 720w, https:\/\/www.agriculture-machine.com\/wp-content\/uploads\/2021\/09\/Upgraded-combined-rice-mill-with-claw-crusher-360x270.jpg 360w, https:\/\/www.agriculture-machine.com\/wp-content\/uploads\/2021\/09\/Upgraded-combined-rice-mill-with-claw-crusher-240x180.jpg 240w\" sizes=\"auto, (max-width: 720px) 100vw, 720px\" \/><\/a><figcaption class=\"wp-element-caption\">Moulin \u00e0 riz combin\u00e9 am\u00e9lior\u00e9 avec broyeur \u00e0 griffes<\/figcaption><\/figure>    <figure class=\"wp-block-image size-large\"><a href=\"https:\/\/www.agriculture-machine.com\/wp-content\/uploads\/2021\/09\/Combined-rice-mill-with-grinding-and-refining-function.jpg\"><img loading=\"lazy\" decoding=\"async\" width=\"720\" height=\"540\" data-id=\"11522\" src=\"https:\/\/www.agriculture-machine.com\/wp-content\/uploads\/2021\/09\/Combined-rice-mill-with-grinding-and-refining-function.jpg\" alt=\"Moulin \u00e0 riz combin\u00e9 avec fonction de broyage et de raffinage\" class=\"wp-image-11522\" srcset=\"https:\/\/www.agriculture-machine.com\/wp-content\/uploads\/2021\/09\/Combined-rice-mill-with-grinding-and-refining-function.jpg 720w, https:\/\/www.agriculture-machine.com\/wp-content\/uploads\/2021\/09\/Combined-rice-mill-with-grinding-and-refining-function-360x270.jpg 360w, https:\/\/www.agriculture-machine.com\/wp-content\/uploads\/2021\/09\/Combined-rice-mill-with-grinding-and-refining-function-240x180.jpg 240w\" sizes=\"auto, (max-width: 720px) 100vw, 720px\" \/><\/a><figcaption class=\"wp-element-caption\">Moulin \u00e0 riz combin\u00e9 avec fonction de broyage et de raffinage<\/figcaption><\/figure>    <figure class=\"wp-block-image size-large\"><a href=\"https:\/\/www.agriculture-machine.com\/wp-content\/uploads\/2021\/09\/Cabinet-type-rice-milling-and-crushing-machine.jpg\"><img loading=\"lazy\" decoding=\"async\" width=\"720\" height=\"540\" data-id=\"11521\" src=\"https:\/\/www.agriculture-machine.com\/wp-content\/uploads\/2021\/09\/Cabinet-type-rice-milling-and-crushing-machine.jpg\" alt=\"Machine de mouture et de broyage du riz en armoire\" class=\"wp-image-11521\" srcset=\"https:\/\/www.agriculture-machine.com\/wp-content\/uploads\/2021\/09\/Cabinet-type-rice-milling-and-crushing-machine.jpg 720w, https:\/\/www.agriculture-machine.com\/wp-content\/uploads\/2021\/09\/Cabinet-type-rice-milling-and-crushing-machine-360x270.jpg 360w, https:\/\/www.agriculture-machine.com\/wp-content\/uploads\/2021\/09\/Cabinet-type-rice-milling-and-crushing-machine-240x180.jpg 240w\" sizes=\"auto, (max-width: 720px) 100vw, 720px\" \/><\/a><figcaption class=\"wp-element-caption\">Machine de mouture et de broyage du riz en armoire<\/figcaption><\/figure> <\/figure>    <h2 class=\"wp-block-heading\">Contactez-nous \u00e0 tout moment<\/h2>    <p>Si vous \u00eates int\u00e9ress\u00e9 par notre machine avanc\u00e9e de moulin \u00e0 riz combin\u00e9, n'h\u00e9sitez pas \u00e0 contacter notre \u00e9quipe professionnelle pour plus de d\u00e9tails. Nous sommes heureux de vous fournir des solutions personnalis\u00e9es pour r\u00e9pondre \u00e0 vos besoins de traitement du riz.<\/p>","protected":false},"excerpt":{"rendered":"<p>Avec une efficacit\u00e9 de mouture am\u00e9lior\u00e9e et un contr\u00f4le pr\u00e9cis de la qualit\u00e9 du riz, nos machines avanc\u00e9es de moulin \u00e0 riz combin\u00e9 garantissent que la qualit\u00e9 et le go\u00fbt du riz fini sont optimaux.<\/p>","protected":false},"author":1,"featured_media":15235,"parent":0,"comment_status":"closed","ping_status":"closed","template":"","tags":[796],"product-type":[875],"class_list":["post-11439","product","type-product","status-publish","has-post-thumbnail","hentry","tag-rice","product-type-rice-mill-category"],"_links":{"self":[{"href":"https:\/\/www.agriculture-machine.com\/fr\/wp-json\/wp\/v2\/product\/11439","targetHints":{"allow":["GET"]}}],"collection":[{"href":"https:\/\/www.agriculture-machine.com\/fr\/wp-json\/wp\/v2\/product"}],"about":[{"href":"https:\/\/www.agriculture-machine.com\/fr\/wp-json\/wp\/v2\/types\/product"}],"author":[{"embeddable":true,"href":"https:\/\/www.agriculture-machine.com\/fr\/wp-json\/wp\/v2\/users\/1"}],"replies":[{"embeddable":true,"href":"https:\/\/www.agriculture-machine.com\/fr\/wp-json\/wp\/v2\/comments?post=11439"}],"wp:featuredmedia":[{"embeddable":true,"href":"https:\/\/www.agriculture-machine.com\/fr\/wp-json\/wp\/v2\/media\/15235"}],"wp:attachment":[{"href":"https:\/\/www.agriculture-machine.com\/fr\/wp-json\/wp\/v2\/media?parent=11439"}],"wp:term":[{"taxonomy":"post_tag","embeddable":true,"href":"https:\/\/www.agriculture-machine.com\/fr\/wp-json\/wp\/v2\/tags?post=11439"},{"taxonomy":"product-type","embeddable":true,"href":"https:\/\/www.agriculture-machine.com\/fr\/wp-json\/wp\/v2\/product-type?post=11439"}],"curies":[{"name":"wp","href":"https:\/\/api.w.org\/{rel}","templated":true}]}}