{"id":11660,"date":"2021-10-15T16:29:24","date_gmt":"2021-10-15T08:29:24","guid":{"rendered":"https:\/\/www.agriculture-machine.com\/?p=11660"},"modified":"2026-02-11T17:21:38","modified_gmt":"2026-02-11T09:21:38","slug":"peanut-planter-peanut-planting-machine","status":"publish","type":"product","link":"https:\/\/www.agriculture-machine.com\/fr\/peanut-planter-peanut-planting-machine\/","title":{"rendered":"Planter Arachide Machine de semis de Groundnut"},"content":{"rendered":"<p>La planteuse d'arachides int\u00e8gre la fertilisation, la semence et la couverture du sol en une seule unit\u00e9. Des fonctions optionnelles telles que la pulv\u00e9risation, le paillage, le roulage et le labour rotatif peuvent \u00eatre s\u00e9lectionn\u00e9es en fonction des besoins de plantation, permettant une op\u00e9ration polyvalente et la r\u00e9alisation de plusieurs processus en un seul passage.<\/p>    <p>L'\u00e9quipement offre plusieurs configurations, notamment des mod\u00e8les \u00e0 2, 4, 6 et 8 rangs, avec un nombre de rangs personnalisable. Il supporte diverses m\u00e9thodes de plantation telles que la culture en cr\u00eate, la plantation en paillis plastique et la plantation en terrain plat.<\/p>    <p>Mechanized operation significantly boosts planting efficiency. Compared to traditional manual methods, it saves substantial labor time, reduces farmers&#8217; workload intensity, and enhances planting standardization, making it the ideal equipment for modern large-scale peanut cultivation.<\/p>    <figure class=\"wp-block-embed aligncenter is-type-video is-provider-youtube wp-block-embed-youtube wp-embed-aspect-16-9 wp-has-aspect-ratio\"><div class=\"wp-block-embed__wrapper\"> <iframe loading=\"lazy\" title=\"Nouvelle technologie agricole moderne ! Le planteur de cacahu\u00e8tes aide \u00e0 r\u00e9colter d&#039;un clic \ud83c\udf31\ud83d\ude9c#cacahu\u00e8te #planteur\" width=\"500\" height=\"281\" src=\"https:\/\/www.youtube.com\/embed\/s8vec3aw-vU?feature=oembed\" frameborder=\"0\" allow=\"accelerometer; autoplay; clipboard-write; encrypted-media; gyroscope; picture-in-picture; web-share\" referrerpolicy=\"strict-origin-when-cross-origin\" allowfullscreen><\/iframe> <\/div><figcaption class=\"wp-element-caption\">Techniques de plantation rapides et pr\u00e9cises pour les planteurs de cacahu\u00e8tes.<\/figcaption><\/figure>    <h2 class=\"wp-block-heading\" id=\"h-what-is-peanut-planter\">Quelles sont les fonctions du planteur de cacahu\u00e8tes ?<\/h2>    <p id=\"Peanut-planter\">Le planteur de cacahu\u00e8tes est une machine de plantation \u00e0 suspension trois points pour des op\u00e9rations compl\u00e8tes. Et cette machine doit fonctionner avec un tracteur. Cette machine de plantation de cacahu\u00e8tes peut compl\u00e9ter des op\u00e9rations telles que le creusement, le travail de cr\u00eate, le semis, la fertilisation, la pulv\u00e9risation, l'enfouissement de tuyaux d'irrigation goutte \u00e0 goutte, le paillage et le recouvrement du sol en une seule fois.<\/p>    <p id=\"Peanut-planter\">Also, this peanut planter&#8217;s ridge width, ridge height, seeding depth, seed number, row spacing, ridge distance, film width, and hanging position are all adjustable. Compared with manual operation, it can improve work efficiency by more than 20 times and can ensure consistent seeding row spacing, plant spacing, and depth.<\/p>    <figure class=\"wp-block-gallery has-nested-images columns-default is-cropped wp-block-gallery-2 is-layout-flex wp-block-gallery-is-layout-flex\"> <figure class=\"wp-block-image size-large\"><img loading=\"lazy\" decoding=\"async\" width=\"720\" height=\"540\" data-id=\"15656\" src=\"https:\/\/www.agriculture-machine.com\/wp-content\/uploads\/2021\/10\/6-row-groundnut-planting-machine.webp\" alt=\"Machine de plantation de cacahu\u00e8tes \u00e0 6 rang\u00e9es\" class=\"wp-image-15656\" srcset=\"https:\/\/www.agriculture-machine.com\/wp-content\/uploads\/2021\/10\/6-row-groundnut-planting-machine.webp 720w, https:\/\/www.agriculture-machine.com\/wp-content\/uploads\/2021\/10\/6-row-groundnut-planting-machine-360x270.webp 360w, https:\/\/www.agriculture-machine.com\/wp-content\/uploads\/2021\/10\/6-row-groundnut-planting-machine-240x180.webp 240w\" sizes=\"auto, (max-width: 720px) 100vw, 720px\" \/><figcaption class=\"wp-element-caption\">Machine de plantation de cacahu\u00e8tes \u00e0 6 rang\u00e9es<\/figcaption><\/figure>    <figure class=\"wp-block-image size-large\"><img loading=\"lazy\" decoding=\"async\" width=\"720\" height=\"540\" data-id=\"15657\" src=\"https:\/\/www.agriculture-machine.com\/wp-content\/uploads\/2021\/10\/tractor-driven-planter.webp\" alt=\"planteur entra\u00een\u00e9 par tracteur\" class=\"wp-image-15657\" srcset=\"https:\/\/www.agriculture-machine.com\/wp-content\/uploads\/2021\/10\/tractor-driven-planter.webp 720w, https:\/\/www.agriculture-machine.com\/wp-content\/uploads\/2021\/10\/tractor-driven-planter-360x270.webp 360w, https:\/\/www.agriculture-machine.com\/wp-content\/uploads\/2021\/10\/tractor-driven-planter-240x180.webp 240w\" sizes=\"auto, (max-width: 720px) 100vw, 720px\" \/><figcaption class=\"wp-element-caption\">planteur entra\u00een\u00e9 par tracteur<\/figcaption><\/figure> <\/figure>    <h2 class=\"wp-block-heading\">Avantages de la machine de semis de cacahu\u00e8tes<\/h2>    <ul class=\"wp-block-list\"> <li>Capable d'effectuer plusieurs processus en un seul passage, notamment la semence, la fertilisation, le nivellement, la pulv\u00e9risation, le paillage, le pressage du paillis et la couverture du sol.<\/li>    <li>Disponible en configurations \u00e0 2, 4, 6 et 8 rangs avec un nombre de rangs personnalisable pour s'adapter \u00e0 diverses \u00e9chelles de plantation.<\/li>    <li>Dot\u00e9e de distributeurs de semences de haute pr\u00e9cision pour une semence uniforme, minimisant les manquements et la pourriture des graines tout en assurant que l'espacement des plants respecte les normes agronomiques.<\/li>    <li>Une r\u00e9sistance m\u00e9canique faible r\u00e9duit la consommation d'\u00e9nergie d'environ 30 %, ce qui permet d'\u00e9conomiser sur les co\u00fbts d'\u00e9lectricit\u00e9.<\/li>    <li>Une grande adaptabilit\u00e9 garantit un fonctionnement stable m\u00eame dans des champs avec des mauvaises herbes ou une pr\u00e9paration du sol sous-optimale.<\/li>    <li>\u00c9quip\u00e9e d'un m\u00e9canisme de pressage de film qui \u00e9limine le travail manuel, emp\u00eachant efficacement le paillis plastique d'\u00eatre soulev\u00e9 par de forts vents et am\u00e9liorant la stabilit\u00e9 de la plantation.<\/li> <\/ul>    <figure class=\"wp-block-gallery has-nested-images columns-2 is-cropped wp-block-gallery-3 is-layout-flex wp-block-gallery-is-layout-flex\"> <figure class=\"wp-block-image size-large\"><img loading=\"lazy\" decoding=\"async\" width=\"720\" height=\"540\" data-id=\"12760\" src=\"https:\/\/www.agriculture-machine.com\/wp-content\/uploads\/2022\/03\/4-rows-peanut-planter2.jpg\" alt=\"planteur de cacahu\u00e8tes \u00e0 4 rang\u00e9es\" class=\"wp-image-12760\" title=\"planteur de cacahu\u00e8tes \u00e0 4 rang\u00e9es\" srcset=\"https:\/\/www.agriculture-machine.com\/wp-content\/uploads\/2022\/03\/4-rows-peanut-planter2.jpg 720w, https:\/\/www.agriculture-machine.com\/wp-content\/uploads\/2022\/03\/4-rows-peanut-planter2-360x270.jpg 360w, https:\/\/www.agriculture-machine.com\/wp-content\/uploads\/2022\/03\/4-rows-peanut-planter2-240x180.jpg 240w\" sizes=\"auto, (max-width: 720px) 100vw, 720px\" \/><figcaption class=\"wp-element-caption\">planteur de cacahu\u00e8tes \u00e0 4 rang\u00e9es<\/figcaption><\/figure>    <figure class=\"wp-block-image size-large\"><img loading=\"lazy\" decoding=\"async\" width=\"720\" height=\"540\" data-id=\"12761\" src=\"https:\/\/www.agriculture-machine.com\/wp-content\/uploads\/2022\/03\/gronudnut-planter2.jpg\" alt=\"planteur de cacahu\u00e8tes\" class=\"wp-image-12761\" title=\"planteur de cacahu\u00e8tes\" srcset=\"https:\/\/www.agriculture-machine.com\/wp-content\/uploads\/2022\/03\/gronudnut-planter2.jpg 720w, https:\/\/www.agriculture-machine.com\/wp-content\/uploads\/2022\/03\/gronudnut-planter2-360x270.jpg 360w, https:\/\/www.agriculture-machine.com\/wp-content\/uploads\/2022\/03\/gronudnut-planter2-240x180.jpg 240w\" sizes=\"auto, (max-width: 720px) 100vw, 720px\" \/><figcaption class=\"wp-element-caption\">planteur de cacahu\u00e8tes<\/figcaption><\/figure>    <figure class=\"wp-block-image size-large\"><img loading=\"lazy\" decoding=\"async\" width=\"720\" height=\"540\" data-id=\"12762\" src=\"https:\/\/www.agriculture-machine.com\/wp-content\/uploads\/2022\/03\/peanut-seeder2.jpg\" alt=\"semoir de cacahu\u00e8tes\" class=\"wp-image-12762\" title=\"semoir de cacahu\u00e8tes\" srcset=\"https:\/\/www.agriculture-machine.com\/wp-content\/uploads\/2022\/03\/peanut-seeder2.jpg 720w, https:\/\/www.agriculture-machine.com\/wp-content\/uploads\/2022\/03\/peanut-seeder2-360x270.jpg 360w, https:\/\/www.agriculture-machine.com\/wp-content\/uploads\/2022\/03\/peanut-seeder2-240x180.jpg 240w\" sizes=\"auto, (max-width: 720px) 100vw, 720px\" \/><figcaption class=\"wp-element-caption\">semoir de cacahu\u00e8tes<\/figcaption><\/figure>    <figure class=\"wp-block-image size-large\"><img loading=\"lazy\" decoding=\"async\" width=\"720\" height=\"540\" data-id=\"12763\" src=\"https:\/\/www.agriculture-machine.com\/wp-content\/uploads\/2022\/03\/peanut-sowing-machine2.jpg\" alt=\"machine de semis de cacahu\u00e8tes\" class=\"wp-image-12763\" title=\"machine de semis de cacahu\u00e8tes\" srcset=\"https:\/\/www.agriculture-machine.com\/wp-content\/uploads\/2022\/03\/peanut-sowing-machine2.jpg 720w, https:\/\/www.agriculture-machine.com\/wp-content\/uploads\/2022\/03\/peanut-sowing-machine2-360x270.jpg 360w, https:\/\/www.agriculture-machine.com\/wp-content\/uploads\/2022\/03\/peanut-sowing-machine2-240x180.jpg 240w\" sizes=\"auto, (max-width: 720px) 100vw, 720px\" \/><figcaption class=\"wp-element-caption\">machine de semis de cacahu\u00e8tes<\/figcaption><\/figure> <figcaption class=\"blocks-gallery-caption wp-element-caption\">semoir pour cacahu\u00e8tes<\/figcaption><\/figure>    <h2 class=\"wp-block-heading\">Groundnut planter&#8217;s working process<\/h2>    <p>Tout d'abord, l'engrais dans la bo\u00eete \u00e0 engrais entre dans la pelle \u00e0 engrais par l'applicateur d'engrais \u00e0 rainure de roue ext\u00e9rieure. La pelle creuse la couche de sol tout en appliquant l'engrais dans le sol. <\/p>    <p>Lorsque le planteur termine le processus de fertilisation, les semences dans le dispositif de dosage de semences entrent dans le foss\u00e9 sous l'entra\u00eenement de l'engrenage. Ainsi, les semences dans la bo\u00eete de semis entrent dans le planteur.<\/p>    <p>Le dispositif de d\u00e9charge de foss\u00e9 s\u00e8me les semences de cacahu\u00e8tes uniform\u00e9ment dans les deux foss\u00e9s tout en d\u00e9chargeant le sol et en creusant pour compl\u00e9ter le processus de semis.<\/p>    <p>Le baril d'herbicide est install\u00e9 \u00e0 l'extr\u00e9mit\u00e9 avant du tracteur, et l'extr\u00e9mit\u00e9 d'entr\u00e9e d'air est install\u00e9e sur la sortie d'air du baril de stockage d'air du compresseur d'air du tracteur. Le tracteur peut lui donner une certaine pression d'air pour atteindre l'objectif de pulv\u00e9risation, compl\u00e9tant ainsi le travail de cr\u00eate en une seule fois.<\/p>    <figure class=\"wp-block-embed aligncenter is-type-video is-provider-youtube wp-block-embed-youtube wp-embed-aspect-16-9 wp-has-aspect-ratio\"><div class=\"wp-block-embed__wrapper\"> <iframe loading=\"lazy\" title=\"Machine de plantation d&#039;arachides \/ semoir \u00e0 arachides \/ semoir \u00e0 4 rang\u00e9es\" width=\"500\" height=\"281\" src=\"https:\/\/www.youtube.com\/embed\/g6o8jZJtyzg?list=PL58YSJlfYgUlCsCeUwNyy0Ae_f8BI3080\" frameborder=\"0\" allow=\"accelerometer; autoplay; clipboard-write; encrypted-media; gyroscope; picture-in-picture; web-share\" referrerpolicy=\"strict-origin-when-cross-origin\" allowfullscreen><\/iframe> <\/div><figcaption class=\"wp-element-caption\">Multi-functional peanut planter&#8217;s working video<\/figcaption><\/figure>    <h2 class=\"wp-block-heading\" id=\"h-peanut-planting-machine-s-model\">Peanut planting machine&#8217;s model<\/h2>    <p>type 2BH-2 (une cr\u00eate et deux rang\u00e9es), type 2BH-4 (deux cr\u00eates et quatre rang\u00e9es), type 2BH-6 (trois cr\u00eates et six rang\u00e9es).<\/p>    <p>Ce sont les mod\u00e8les les plus populaires. Bien s\u00fbr, nous avons \u00e9galement 8 rang\u00e9es de plantation \u00e0 choisir et nous faisons de notre mieux pour r\u00e9pondre \u00e0 vos besoins.<\/p>    <figure class=\"wp-block-gallery has-nested-images columns-3 is-cropped wp-block-gallery-4 is-layout-flex wp-block-gallery-is-layout-flex\"> <figure class=\"wp-block-image size-large\"><img loading=\"lazy\" decoding=\"async\" width=\"720\" height=\"540\" data-id=\"12767\" src=\"https:\/\/www.agriculture-machine.com\/wp-content\/uploads\/2022\/03\/2-row-groundnut-seed-planter1.jpg\" alt=\"planteur de semences de cacahu\u00e8tes \u00e0 2 rang\u00e9es\" class=\"wp-image-12767\" title=\"planteur de semences de cacahu\u00e8tes \u00e0 2 rang\u00e9es\" srcset=\"https:\/\/www.agriculture-machine.com\/wp-content\/uploads\/2022\/03\/2-row-groundnut-seed-planter1.jpg 720w, https:\/\/www.agriculture-machine.com\/wp-content\/uploads\/2022\/03\/2-row-groundnut-seed-planter1-360x270.jpg 360w, https:\/\/www.agriculture-machine.com\/wp-content\/uploads\/2022\/03\/2-row-groundnut-seed-planter1-240x180.jpg 240w\" sizes=\"auto, (max-width: 720px) 100vw, 720px\" \/><figcaption class=\"wp-element-caption\">planteur de semences de cacahu\u00e8tes \u00e0 2 rang\u00e9es<\/figcaption><\/figure>    <figure class=\"wp-block-image size-large\"><img loading=\"lazy\" decoding=\"async\" width=\"720\" height=\"540\" data-id=\"12769\" src=\"https:\/\/www.agriculture-machine.com\/wp-content\/uploads\/2022\/03\/tractor-drive-peanut-seeder1.jpg\" alt=\"semoir de cacahu\u00e8tes entra\u00een\u00e9 par tracteur\" class=\"wp-image-12769\" title=\"semoir de cacahu\u00e8tes entra\u00een\u00e9 par tracteur\" srcset=\"https:\/\/www.agriculture-machine.com\/wp-content\/uploads\/2022\/03\/tractor-drive-peanut-seeder1.jpg 720w, https:\/\/www.agriculture-machine.com\/wp-content\/uploads\/2022\/03\/tractor-drive-peanut-seeder1-360x270.jpg 360w, https:\/\/www.agriculture-machine.com\/wp-content\/uploads\/2022\/03\/tractor-drive-peanut-seeder1-240x180.jpg 240w\" sizes=\"auto, (max-width: 720px) 100vw, 720px\" \/><figcaption class=\"wp-element-caption\">semoir de cacahu\u00e8tes entra\u00een\u00e9 par tracteur<\/figcaption><\/figure>    <figure class=\"wp-block-image size-large\"><img loading=\"lazy\" decoding=\"async\" width=\"720\" height=\"540\" data-id=\"12770\" src=\"https:\/\/www.agriculture-machine.com\/wp-content\/uploads\/2022\/03\/6-row-groundnut-seeder1.jpg\" alt=\"semoir de cacahu\u00e8tes \u00e0 6 rang\u00e9es\" class=\"wp-image-12770\" title=\"semoir de cacahu\u00e8tes \u00e0 6 rang\u00e9es\" srcset=\"https:\/\/www.agriculture-machine.com\/wp-content\/uploads\/2022\/03\/6-row-groundnut-seeder1.jpg 720w, https:\/\/www.agriculture-machine.com\/wp-content\/uploads\/2022\/03\/6-row-groundnut-seeder1-360x270.jpg 360w, https:\/\/www.agriculture-machine.com\/wp-content\/uploads\/2022\/03\/6-row-groundnut-seeder1-240x180.jpg 240w\" sizes=\"auto, (max-width: 720px) 100vw, 720px\" \/><figcaption class=\"wp-element-caption\">semoir de cacahu\u00e8tes \u00e0 6 rang\u00e9es<\/figcaption><\/figure> <figcaption class=\"blocks-gallery-caption wp-element-caption\">planteur de cacahu\u00e8tes<\/figcaption><\/figure>    <h2 class=\"wp-block-heading\">Param\u00e8tres techniques de la machine de plantation de cacahu\u00e8tes<\/h2>    <figure class=\"wp-block-table is-style-stripes\"><table><tbody><tr><td>Mod\u00e8le<\/td><td>2BHMF-2<\/td><td>2BHMF-4<\/td><td>2BHMF-6<\/td><\/tr><tr><td>puissance correspondante<\/td><td>20-40 ch<\/td><td>40-70 ch<\/td><td>60-90 ch<\/td><\/tr><tr><td>Taille<\/td><td>2940\u00d71200\u00d71300 mm<\/td><td>2940\u00d71600\u00d71300 mm<\/td><td>2940\u00d71900\u00d71300 mm<\/td><\/tr><tr><td>Poids<\/td><td>180kg<\/td><td>350 kg<\/td><td>450 kg<\/td><\/tr><tr><td>capacit\u00e9 de la bo\u00eete \u00e0 semences<\/td><td>10 kg*2<\/td><td>10 kg*4<\/td><td>10 kg*6<\/td><\/tr><tr><td>Nombre de rang\u00e9es<\/td><td>2<\/td><td>4<\/td><td>6<\/td><\/tr><tr><td>espace entre les rang\u00e9es<\/td><td>300-350 mm<\/td><td>300-350 mm<\/td><td>300-350 mm<\/td><\/tr><tr><td>espace de semence<\/td><td>80-300 mm<\/td><td>80-300 mm<\/td><td>80-300 mm<\/td><\/tr><tr><td>productivit\u00e9<\/td><td>0,5-0,8 acre\/h<\/td><td>0,8-1,6 acre\/h<\/td><td>1,6-3,2 acres\/h<\/td><\/tr><tr><td>taux de semis<\/td><td>&gt;98 %<\/td><td>&gt;98 %<\/td><td>&gt;98 %<\/td><\/tr><\/tbody><\/table><figcaption class=\"wp-element-caption\">peanut planter&#8217;s parameter<\/figcaption><\/figure>    <p>Avec l'expansion continue des zones de culture de l'arachide et l'application g\u00e9n\u00e9ralis\u00e9e des arachides dans l'alimentation, l'huile comestible et d'autres secteurs, la plantation m\u00e9canis\u00e9e est devenue une tendance in\u00e9vitable. <\/p>    <p class=\"translation-block\">Cette planteuse d'arachides peut \u00eatre int\u00e9gr\u00e9e avec <a href=\"https:\/\/www.agriculture-machine.com\/fr\/peanut-harvester\/\">des r\u00e9colteuses d'arachides<\/a>, <a href=\"https:\/\/www.agriculture-machine.com\/fr\/peanut-picker-machine\/\">des ramasseuses d'arachides<\/a>, <a href=\"https:\/\/www.agriculture-machine.com\/fr\/peanut-groundnut-shell-removing-machine\/\">des d\u00e9cortiqueuses d'arachides<\/a>, <a href=\"https:\/\/www.agriculture-machine.com\/fr\/screw-oil-press-machine-screw-press-oil-extraction\/\">des presses \u00e0 huile \u00e0 vis<\/a>, et d'autres machines pour former une solution m\u00e9canis\u00e9e compl\u00e8te pour l'industrie de l'arachide.<\/p>    <h2 class=\"wp-block-heading\" id=\"h-normal-problem\">FAQ<\/h2>   <div id=\"rank-math-faq\" class=\"rank-math-block\"> <div class=\"rank-math-list\"> <div id=\"faq-question-1706253089235\" class=\"rank-math-list-item\"> <h3 class=\"rank-math-question\">Quelle puissance de tracteur est requise pour cette planteuse d'arachides ?<\/h3> <div class=\"rank-math-answer\">  <p>En g\u00e9n\u00e9ral, un tracteur de 20 \u00e0 80 chevaux est recommand\u00e9 (selon le nombre de rangs). Nous pouvons recommander la configuration de puissance appropri\u00e9e en fonction de votre mod\u00e8le de tracteur.<\/p>  <\/div> <\/div> <div id=\"faq-question-1706253093178\" class=\"rank-math-list-item\"> <h3 class=\"rank-math-question\">Le nombre de rangs peut-il \u00eatre personnalis\u00e9 selon mes besoins de plantation ?<\/h3> <div class=\"rank-math-answer\">  <p>Oui. La machine propose des mod\u00e8les \u00e0 2, 4, 6 et 8 rangs et peut \u00eatre personnalis\u00e9e en fonction de votre superficie de plantation et de vos exigences d'espacement entre les rangs.<\/p>  <\/div> <\/div> <div id=\"faq-question-1706253101674\" class=\"rank-math-list-item\"> <h3 class=\"rank-math-question\">Supporte-t-il la plantation en paillis plastique ?<\/h3> <div class=\"rank-math-answer\">  <p>Oui. Les fonctions optionnelles de pose et de scellement du paillis permettent une semence et un paillage simultan\u00e9s, am\u00e9liorant la r\u00e9tention d'humidit\u00e9 et le taux d'\u00e9mergence des plants.<\/p>  <\/div> <\/div> <div id=\"faq-question-1770799273998\" class=\"rank-math-list-item\"> <h3 class=\"rank-math-question\">L'espacement et la profondeur de semis sont-ils r\u00e9glables ?<\/h3> <div class=\"rank-math-answer\">  <p>Oui. L'espacement entre les plants, l'espacement entre les rangs et la profondeur de semis peuvent \u00eatre ajust\u00e9s pour r\u00e9pondre aux exigences agronomiques et aux normes r\u00e9gionales de plantation.<\/p>  <\/div> <\/div> <div id=\"faq-question-1770800036248\" class=\"rank-math-list-item\"> <h3 class=\"rank-math-question\">La machine peut-elle fonctionner normalement dans des champs avec beaucoup de mauvaises herbes ou un terrain irr\u00e9gulier ?<\/h3> <div class=\"rank-math-answer\">  <p>Oui. L'\u00e9quipement poss\u00e8de une structure bien con\u00e7ue avec une forte adaptabilit\u00e9, maintenant un fonctionnement stable dans des conditions de pr\u00e9paration du terrain typiques.<\/p>  <\/div> <\/div> <\/div> <\/div>   <p>Si vous \u00eates int\u00e9ress\u00e9 par nos produits ou si vous avez des questions, n'h\u00e9sitez pas \u00e0 nous contacter. Notre \u00e9quipe professionnelle sera heureuse de vous fournir des informations d\u00e9taill\u00e9es sur les produits et de r\u00e9pondre \u00e0 toutes les questions que vous pourriez avoir.<\/p>","protected":false},"excerpt":{"rendered":"<p>La planteuse d'arachides int\u00e8gre plusieurs fonctions, notamment la semence, la fertilisation, la couverture du sol et la pose de film de paillis. Disponible en configurations de 2 \u00e0 8 rangs, elle convient \u00e0 la fois \u00e0 la plantation en cr\u00eate et \u00e0 la culture en terrain plat.<\/p>","protected":false},"author":1,"featured_media":12758,"parent":0,"comment_status":"closed","ping_status":"closed","template":"","tags":[797,976,492],"product-type":[884],"class_list":["post-11660","product","type-product","status-publish","has-post-thumbnail","hentry","tag-peanut","tag-peanutplanter","tag-planter","product-type-peanut-planter"],"_links":{"self":[{"href":"https:\/\/www.agriculture-machine.com\/fr\/wp-json\/wp\/v2\/product\/11660","targetHints":{"allow":["GET"]}}],"collection":[{"href":"https:\/\/www.agriculture-machine.com\/fr\/wp-json\/wp\/v2\/product"}],"about":[{"href":"https:\/\/www.agriculture-machine.com\/fr\/wp-json\/wp\/v2\/types\/product"}],"author":[{"embeddable":true,"href":"https:\/\/www.agriculture-machine.com\/fr\/wp-json\/wp\/v2\/users\/1"}],"replies":[{"embeddable":true,"href":"https:\/\/www.agriculture-machine.com\/fr\/wp-json\/wp\/v2\/comments?post=11660"}],"wp:featuredmedia":[{"embeddable":true,"href":"https:\/\/www.agriculture-machine.com\/fr\/wp-json\/wp\/v2\/media\/12758"}],"wp:attachment":[{"href":"https:\/\/www.agriculture-machine.com\/fr\/wp-json\/wp\/v2\/media?parent=11660"}],"wp:term":[{"taxonomy":"post_tag","embeddable":true,"href":"https:\/\/www.agriculture-machine.com\/fr\/wp-json\/wp\/v2\/tags?post=11660"},{"taxonomy":"product-type","embeddable":true,"href":"https:\/\/www.agriculture-machine.com\/fr\/wp-json\/wp\/v2\/product-type?post=11660"}],"curies":[{"name":"wp","href":"https:\/\/api.w.org\/{rel}","templated":true}]}}