{"id":11750,"date":"2021-10-28T17:12:13","date_gmt":"2021-10-28T09:12:13","guid":{"rendered":"https:\/\/www.agriculture-machine.com\/?p=11750"},"modified":"2025-05-26T17:18:03","modified_gmt":"2025-05-26T09:18:03","slug":"screw-oil-press-machine-screw-press-oil-extraction","status":"publish","type":"product","link":"https:\/\/www.agriculture-machine.com\/fr\/screw-oil-press-machine-screw-press-oil-extraction\/","title":{"rendered":"Machine d\u2019extraction d\u2019huile \u00e0 vis Arachide S\u00e9same Ol\u00e9agineux"},"content":{"rendered":"<p class=\"translation-block\">La presse automatique <strong>\u00e0 vis<\/strong> est un type d\u2019\u00e9quipement d\u2019extraction d\u2019huile efficace et \u00e9conome en \u00e9nergie, largement utilis\u00e9e dans les moulins \u00e0 huile de petite et moyenne taille et les ateliers familiaux avec un taux de conversion d\u2019huile de 20%-50%.<\/p>    <p>Compar\u00e9e \u00e0 la m\u00e9thode d\u2019extraction d\u2019huile traditionnelle, le rendement en huile de cet \u00e9quipement a augment\u00e9 de 4% \u00e0 6%, et la consommation d\u2019\u00e9nergie a \u00e9t\u00e9 r\u00e9duite d\u2019environ 60%, ce qui am\u00e9liore consid\u00e9rablement l\u2019efficacit\u00e9 de production et les avantages \u00e9conomiques.<\/p>    <figure class=\"wp-block-image aligncenter size-full\" id=\"screw-oil-press-machine\"><img loading=\"lazy\" decoding=\"async\" width=\"720\" height=\"540\" src=\"https:\/\/www.agriculture-machine.com\/wp-content\/uploads\/2021\/10\/lQDPDhrQf3GNo9_NAu7NAu6wz-R60YbSrb4Bgth7WIAfAA_750_750.jpg\" alt=\"Machine \u00e0 presse d\u2019huile \u00e0 vis\" class=\"wp-image-11898\" title=\"Machine \u00e0 presse d\u2019huile \u00e0 vis\" srcset=\"https:\/\/www.agriculture-machine.com\/wp-content\/uploads\/2021\/10\/lQDPDhrQf3GNo9_NAu7NAu6wz-R60YbSrb4Bgth7WIAfAA_750_750.jpg 720w, https:\/\/www.agriculture-machine.com\/wp-content\/uploads\/2021\/10\/lQDPDhrQf3GNo9_NAu7NAu6wz-R60YbSrb4Bgth7WIAfAA_750_750-360x270.jpg 360w, https:\/\/www.agriculture-machine.com\/wp-content\/uploads\/2021\/10\/lQDPDhrQf3GNo9_NAu7NAu6wz-R60YbSrb4Bgth7WIAfAA_750_750-240x180.jpg 240w\" sizes=\"auto, (max-width: 720px) 100vw, 720px\" \/><figcaption class=\"wp-element-caption\">Machine \u00e0 presse d\u2019huile \u00e0 vis<\/figcaption><\/figure>    <p>Cette s\u00e9rie de presses \u00e0 huile est facile \u00e0 op\u00e9rer, occupe peu d\u2019espace et convient pour le pressage \u00e0 chaud et \u00e0 froid de diverses cultures ol\u00e9agineuses. Convient \u00e0 plus de 30 huiles comme arachide, soja, s\u00e9same, colza, etc. Le taux d\u2019huile r\u00e9siduelle du cake sec est aussi faible que 0,5%-3,5%, et la capacit\u00e9 de production de la machine unique varie de 15 kg\/h \u00e0 550 kg\/h.<\/p>    <figure class=\"wp-block-embed aligncenter is-type-video is-provider-youtube wp-block-embed-youtube wp-embed-aspect-16-9 wp-has-aspect-ratio\"><div class=\"wp-block-embed__wrapper\"> <iframe loading=\"lazy\" title=\"Vid\u00e9o de travail sur l\u2019extraction d\u2019huile de colza et le filtrage de l\u2019huile de colza avec une presse \u00e0 vis\" width=\"500\" height=\"281\" src=\"https:\/\/www.youtube.com\/embed\/7A41hiwDkj4?feature=oembed\" frameborder=\"0\" allow=\"accelerometer; autoplay; clipboard-write; encrypted-media; gyroscope; picture-in-picture; web-share\" referrerpolicy=\"strict-origin-when-cross-origin\" allowfullscreen><\/iframe> <\/div><figcaption class=\"wp-element-caption\">Screw oil press machine&#8217;s working video<\/figcaption><\/figure>    <p>Selon les exigences de production, une vari\u00e9t\u00e9 de mod\u00e8les est disponible, tels que 6YL-60, 6YL-70, 6YL-80, 6YL-100, 6YL-125, etc., pour r\u00e9pondre aux besoins divers des utilisateurs.<\/p>    <h2 class=\"wp-block-heading\" id=\"h-introduction-of-screw-oil-press-machine\">Machine \u00e0 presse d\u2019huile \u00e0 vis populaire sur le march\u00e9<\/h2>    <p>La machine automatique \u00e0 vis peut r\u00e9aliser une filtration sous vide. Diff\u00e9rentes temp\u00e9ratures peuvent \u00eatre d\u00e9finies selon les mat\u00e9riaux.<\/p>    <p>En tournant la manivelle, on peut ajuster la pression que les personnes exigent pour tasser le mat\u00e9riau. La quantit\u00e9 d\u2019huile extraite \u00e0 chaque fois varie selon les pressions, et l\u2019\u00e9paisseur du g\u00e2teau d\u2019huile varie \u00e9galement. <\/p>    <figure class=\"wp-block-image aligncenter size-large is-resized\"><img loading=\"lazy\" decoding=\"async\" width=\"540\" height=\"540\" src=\"https:\/\/www.agriculture-machine.com\/wp-content\/uploads\/2021\/10\/\u5fae\u4fe1\u56fe\u7247_2021090216442810-540x540.jpg?v=1635402250\" alt=\"Machine \u00e0 presse d\u2019huile \u00e0 vis\" class=\"wp-image-11903\" title=\"machine \u00e0 presse d\u2019huile \u00e0 vis\" srcset=\"https:\/\/www.agriculture-machine.com\/wp-content\/uploads\/2021\/10\/\u5fae\u4fe1\u56fe\u7247_2021090216442810-540x540.jpg 540w, https:\/\/www.agriculture-machine.com\/wp-content\/uploads\/2021\/10\/\u5fae\u4fe1\u56fe\u7247_2021090216442810-270x270.jpg 270w, https:\/\/www.agriculture-machine.com\/wp-content\/uploads\/2021\/10\/\u5fae\u4fe1\u56fe\u7247_2021090216442810-768x768.jpg 768w, https:\/\/www.agriculture-machine.com\/wp-content\/uploads\/2021\/10\/\u5fae\u4fe1\u56fe\u7247_2021090216442810-1536x1536.jpg 1536w, https:\/\/www.agriculture-machine.com\/wp-content\/uploads\/2021\/10\/\u5fae\u4fe1\u56fe\u7247_2021090216442810-2048x2048.jpg 2048w\" sizes=\"auto, (max-width: 540px) 100vw, 540px\" \/><figcaption class=\"wp-element-caption\">Machine \u00e0 presse d\u2019huile \u00e0 vis<\/figcaption><\/figure>    <h2 class=\"wp-block-heading\">Mat\u00e9riaux applicables pour l\u2019expulseur d\u2019huile \u00e0 vis<\/h2>    <p>Notre presse \u00e0 huile \u00e0 vis convient pour arachide, lin, s\u00e9same, colza, tournesol, coton, soja, noix, graines de poivre, graines de tung, ricin, amande, etc.<\/p>    <figure class=\"wp-block-image aligncenter size-large is-resized\"><img loading=\"lazy\" decoding=\"async\" width=\"502\" height=\"540\" src=\"https:\/\/www.agriculture-machine.com\/wp-content\/uploads\/2021\/10\/\u672a\u6807\u9898-1_05-502x540.jpg?v=1635402522\" alt=\"Presser d\u2019huile \u00e0 vis\" class=\"wp-image-11904\" title=\"\" srcset=\"https:\/\/www.agriculture-machine.com\/wp-content\/uploads\/2021\/10\/\u672a\u6807\u9898-1_05-502x540.jpg 502w, https:\/\/www.agriculture-machine.com\/wp-content\/uploads\/2021\/10\/\u672a\u6807\u9898-1_05-251x270.jpg 251w, https:\/\/www.agriculture-machine.com\/wp-content\/uploads\/2021\/10\/\u672a\u6807\u9898-1_05.jpg 750w\" sizes=\"auto, (max-width: 502px) 100vw, 502px\" \/><figcaption class=\"wp-element-caption\">Presser d\u2019huile \u00e0 vis<\/figcaption><\/figure>    <h2 class=\"wp-block-heading\">Structure d\u2019extraction d\u2019huile \u00e0 vis<\/h2>    <p>La structure de la machine \u00e0 presse d\u2019huile \u00e0 vis comprend un r\u00e9gulateur de temp\u00e9rature, une bouche d\u2019\u00e9chappement, un cabinet de distribution de poudre, une position d\u2019huile, un r\u00e9ducteur, un moteur, une entr\u00e9e d\u2019alimentation, une section d\u2019ajustement, un \u00e9l\u00e9ment chauffant, une partie de sortie d\u2019huile, une partie de presse, un filtre \u00e0 vide, etc.<\/p>    <figure class=\"wp-block-image aligncenter size-large is-resized\"><img loading=\"lazy\" decoding=\"async\" width=\"410\" height=\"540\" src=\"https:\/\/www.agriculture-machine.com\/wp-content\/uploads\/2021\/10\/\u672a\u6807\u9898-1_02-410x540.jpg?v=1635402558\" alt=\"Structure de la machine\" class=\"wp-image-11905\" srcset=\"https:\/\/www.agriculture-machine.com\/wp-content\/uploads\/2021\/10\/\u672a\u6807\u9898-1_02-410x540.jpg 410w, https:\/\/www.agriculture-machine.com\/wp-content\/uploads\/2021\/10\/\u672a\u6807\u9898-1_02-205x270.jpg 205w, https:\/\/www.agriculture-machine.com\/wp-content\/uploads\/2021\/10\/\u672a\u6807\u9898-1_02.jpg 750w\" sizes=\"auto, (max-width: 410px) 100vw, 410px\" \/><figcaption class=\"wp-element-caption\">machine&#8217;s structure<\/figcaption><\/figure>    <h2 class=\"wp-block-heading\">Principe de fonctionnement de l\u2019extracteur d\u2019huile \u00e0 vis<\/h2>    <p>Dans une machine \u00e0 presse d\u2019huile \u00e0 vis, les mati\u00e8res premi\u00e8res entrent dans la chambre de pressage par l\u2019alimentateur. Puis, elles sont pouss\u00e9es vers l\u2019int\u00e9rieur par la vis pour \u00eatre press\u00e9es.<\/p>    <p>La pression \u00e9lev\u00e9e et le frottement entre le mat\u00e9riau, la vis et la chambre cr\u00e9ent des mouvements relatifs et g\u00e9n\u00e8rent de la chaleur, favorisant le processus d\u2019extraction d\u2019huile.<\/p>    <p>The screw&#8217;s increasing diameter and decreasing pitch push the material forward and outward. While frictional heat helps denature proteins, increase plasticity, and reduce viscosity, thereby improving the oil yield and allowing oil to flow out through gaps in the press.<\/p>    <figure class=\"wp-block-embed aligncenter is-type-video is-provider-youtube wp-block-embed-youtube wp-embed-aspect-16-9 wp-has-aspect-ratio\"><div class=\"wp-block-embed__wrapper\"> <iframe loading=\"lazy\" title=\"Extraction d\u2019huile Magie : D\u00e9couvrez la puissance de notre machine \u00e0 pressoir expulseur d\u2019huile !#huile #huilepresse\" width=\"500\" height=\"281\" src=\"https:\/\/www.youtube.com\/embed\/c8tV-bTnv3k?feature=oembed\" frameborder=\"0\" allow=\"accelerometer; autoplay; clipboard-write; encrypted-media; gyroscope; picture-in-picture; web-share\" referrerpolicy=\"strict-origin-when-cross-origin\" allowfullscreen><\/iframe> <\/div><figcaption class=\"wp-element-caption\">Vid\u00e9o de travail de la machine extractrice d\u2019huile \u00e0 vis<\/figcaption><\/figure>    <h2 class=\"wp-block-heading\">Param\u00e8tres de presse \u00e0 vis d\u2019extracteur d\u2019huile<\/h2>    <figure class=\"wp-block-table\"><table class=\"has-black-color has-pale-cyan-blue-background-color has-text-color has-background\"><tbody><tr><td><strong>Mod\u00e8le<\/strong><\/td><td><strong>6YL-60<\/strong><\/td><td><strong>6YL-70<\/strong><\/td><td><strong>6YL-80<\/strong><\/td><td><strong>6YL-100<\/strong><\/td><td><strong>6YL-125<\/strong><\/td><\/tr><tr><td>Diam\u00e8tre de la vis(mm)<\/td><td>\u03a655<\/td><td>\u03a665<\/td><td>\u03a680<\/td><td>\u03a6100<\/td><td>\u03a6125<\/td><\/tr><tr><td>Vitesse de rotation de la vis(r\/min)<\/td><td>64<\/td><td>38<\/td><td>35<\/td><td>37<\/td><td>34<\/td><\/tr><tr><td>Puissance principale(kW)<\/td><td>2.2<\/td><td>3<\/td><td>4<\/td><td>7.5<\/td><td>15<\/td><\/tr><tr><td>Puissance de la pompe \u00e0 vide(kw)<\/td><td>0.75<\/td><td>0.75<\/td><td>0.55<\/td><td>0.75<\/td><td>0.75<\/td><\/tr><tr><td>Puissance de chauffage(kW)<\/td><td>0.9<\/td><td>1.8<\/td><td>2.2<\/td><td>3<\/td><td>3.75<\/td><\/tr><tr><td>Capacit\u00e9(kg\/h)<\/td><td>40-60<\/td><td>50-70<\/td><td>80-120<\/td><td>150-230<\/td><td>300-350<\/td><\/tr><tr><td>Poids(kg)<\/td><td>240<\/td><td>280<\/td><td>880<\/td><td>1100<\/td><td>1400<\/td><\/tr><tr><td>Taille(mm)<\/td><td>1200*480*1100<\/td><td>1400*500*1200<\/td><td>1700*110*1600<\/td><td>1900*1200*1300<\/td><td>2600*1300*2300<\/td><\/tr><\/tbody><\/table><figcaption class=\"wp-element-caption\">Screw press oil extraction&#8217;s parameter <\/figcaption><\/figure>    <h2 class=\"wp-block-heading\">Avantages de la machine \u00e0 huile \u00e0 graines \u00e9cras\u00e9es par vis<\/h2>    <ul class=\"wp-block-list\"> <li>Rendement en huile \u00e9lev\u00e9 : par rapport \u00e0 l\u2019\u00e9quipement ancien, le rendement huile peut \u00eatre augment\u00e9 de 2-3 points. Pour chaque 100 livres d\u2019arachides trait\u00e9es, en moyenne 2-6 livres d\u2019huile peuvent \u00eatre produites.<\/li>    <li>\u00c9conomies d\u2019\u00e9nergie et protection de l\u2019environnement : \u00e9conomiser 40% d\u2019\u00e9lectricit\u00e9 pour le m\u00eame rendement.<\/li>    <li>\u00c9conomiser la main-d\u2019\u0153uvre et haute efficacit\u00e9 : \u00e9conomiser 60% de main-d\u2019\u0153uvre pour le m\u00eame rendement, 1-2 personnes peuvent op\u00e9rer.<\/li>    <li>Large \u00e9ventail d\u2019applications : une machine est multifonction, peut presser plus de 30 types de cultures ol\u00e9agineuses (comme arachide, s\u00e9same, tournesol, tourteau de coton, soja, etc.).<\/li>    <li>Huile pure : le r\u00e9sidu est filtr\u00e9 par vide, la qualit\u00e9 de l\u2019huile est pure et conforme \u00e0 la norme sanitaire.<\/li>    <li>Petite empreinte au sol : l\u2019atelier de pressage ne n\u00e9cessite que 10-20 m\u00e8tres carr\u00e9s pour r\u00e9pondre \u00e0 la demande de production.<\/li>    <li>Contr\u00f4le intelligent de la temp\u00e9rature : un syst\u00e8me de contr\u00f4le de temp\u00e9rature infrarouge est adopt\u00e9 pour contr\u00f4ler automatiquement la temp\u00e9rature et l\u2019humidit\u00e9 de pressage, les mol\u00e9cules d\u2019huile sont directement adoucies et activ\u00e9es, et le rendement en huile est grandement accru.<\/li>    <li>Filtration \u00e0 haute efficacit\u00e9 : adoption d\u2019un dispositif de filtration multi-\u00e9tages de pr\u00e9cision pour augmenter la pression de filtration de l\u2019huile et la temp\u00e9rature de l\u2019huile brute, l\u2019huile est plus pure et la vitesse de filtration est rapide.<\/li> <\/ul>    <figure class=\"wp-block-image aligncenter size-full is-resized\"><img loading=\"lazy\" decoding=\"async\" width=\"661\" height=\"496\" src=\"https:\/\/www.agriculture-machine.com\/wp-content\/uploads\/2021\/10\/EM\u622a\u56fe_201681154127.png\" alt=\"machine \u00e0 presse d\u2019huile \u00e0 vis\" class=\"wp-image-11906\" title=\"machine \u00e0 presse d\u2019huile \u00e0 vis\" srcset=\"https:\/\/www.agriculture-machine.com\/wp-content\/uploads\/2021\/10\/EM\u622a\u56fe_201681154127.png 661w, https:\/\/www.agriculture-machine.com\/wp-content\/uploads\/2021\/10\/EM\u622a\u56fe_201681154127-360x270.png 360w, https:\/\/www.agriculture-machine.com\/wp-content\/uploads\/2021\/10\/EM\u622a\u56fe_201681154127-240x180.png 240w\" sizes=\"auto, (max-width: 661px) 100vw, 661px\" \/><figcaption class=\"wp-element-caption\">presse \u00e0 huile \u00e0 visseur<\/figcaption><\/figure>    <figure class=\"wp-block-image aligncenter size-full\"><img loading=\"lazy\" decoding=\"async\" width=\"720\" height=\"540\" src=\"https:\/\/www.agriculture-machine.com\/wp-content\/uploads\/2021\/10\/press-oil-extractor-for-sale.webp\" alt=\"presse \u00e0 huile extractrice \u00e0 vendre\" class=\"wp-image-16303\" srcset=\"https:\/\/www.agriculture-machine.com\/wp-content\/uploads\/2021\/10\/press-oil-extractor-for-sale.webp 720w, https:\/\/www.agriculture-machine.com\/wp-content\/uploads\/2021\/10\/press-oil-extractor-for-sale-360x270.webp 360w, https:\/\/www.agriculture-machine.com\/wp-content\/uploads\/2021\/10\/press-oil-extractor-for-sale-240x180.webp 240w, https:\/\/www.agriculture-machine.com\/wp-content\/uploads\/2021\/10\/press-oil-extractor-for-sale-16x12.webp 16w\" sizes=\"auto, (max-width: 720px) 100vw, 720px\" \/><figcaption class=\"wp-element-caption\">presse \u00e0 huile extractrice \u00e0 vendre<\/figcaption><\/figure>    <h2 class=\"wp-block-heading\">Screw oil mill&#8217;s instructions for use<\/h2>    <ul class=\"wp-block-list\"> <li>V\u00e9rifiez les fixations avant usage pour vous assurer qu\u2019il n\u2019y a pas de jeu ; tournez manuellement la poign\u00e9e et la poulie pour v\u00e9rifier que l\u2019op\u00e9ration est fluide et qu\u2019il n\u2019y a pas de bruit anormal.<\/li>    <li>Remplir le r\u00e9ducteur avec de l\u2019huile 30#. La machine doit \u00eatre correctement mise \u00e0 la terre avant de d\u00e9marrer.<\/li>    <li>Connecter la machine \u00e0 une alimentation triphas\u00e9e \u00e0 quatre fils, et la broche doit tourner dans le sens antihoraire apr\u00e8s que la machine soit mise sous tension.<\/li>    <li>R\u00e9gler le thermostat entre 120\u00b0C et 160\u00b0C (selon l\u2019huile), allumer le commutateur de chauffage de la machine principale et pr\u00e9chauffer la machine.<\/li>    <li>Apr\u00e8s l\u2019installation de la nouvelle machine, il faut effectuer une p\u00e9riode de rodage de 4-8 heures : introduire lentement le cake sec \u00e0 partir du godet et le presser en arri\u00e8re \u00e0 plusieurs reprises pour polir la chambre de pressage.<\/li>    <li>Maintenir le mat\u00e9riau d\u2019alimentation uniform\u00e9ment, \u00e9viter de casser le mat\u00e9riau ou d\u2019en avoir trop, la machine est charg\u00e9e normalement, fonctionne sans \u00e0-coups et rythme r\u00e9gulier.<\/li>    <li>Avant d\u2019arr\u00eater la machine, cessez d\u2019alimenter, mettez une petite quantit\u00e9 de r\u00e9sidu de cake, attendez que le mat\u00e9riau r\u00e9siduel dans la chambre de presse soit \u00e9vacu\u00e9, et arr\u00eatez la machine apr\u00e8s qu\u2019aucun g\u00e2teau ne sorte du port de sortie.<\/li>    <li>Apr\u00e8s arr\u00eat de la machine, d\u00e9vissez la vis d\u2019ajustement dans le sens des aiguilles d\u2019une montre sur 1-3 tours, puis coupez l\u2019alimentation.<\/li> <\/ul>    <figure class=\"wp-block-image aligncenter size-large\"><img loading=\"lazy\" decoding=\"async\" width=\"720\" height=\"540\" src=\"https:\/\/www.agriculture-machine.com\/wp-content\/uploads\/2021\/10\/\u65b0\u5efa\u6587\u4ef6\u5939-2IMG_20160528_152744-720x540.jpg?v=1635404815\" alt=\"machine \u00e0 presse d\u2019huile \u00e0 vis\" class=\"wp-image-11910\" title=\"machine \u00e0 presse d\u2019huile \u00e0 vis\" srcset=\"https:\/\/www.agriculture-machine.com\/wp-content\/uploads\/2021\/10\/\u65b0\u5efa\u6587\u4ef6\u5939-2IMG_20160528_152744-720x540.jpg 720w, https:\/\/www.agriculture-machine.com\/wp-content\/uploads\/2021\/10\/\u65b0\u5efa\u6587\u4ef6\u5939-2IMG_20160528_152744-360x270.jpg 360w, https:\/\/www.agriculture-machine.com\/wp-content\/uploads\/2021\/10\/\u65b0\u5efa\u6587\u4ef6\u5939-2IMG_20160528_152744-240x180.jpg 240w, https:\/\/www.agriculture-machine.com\/wp-content\/uploads\/2021\/10\/\u65b0\u5efa\u6587\u4ef6\u5939-2IMG_20160528_152744-768x576.jpg 768w, https:\/\/www.agriculture-machine.com\/wp-content\/uploads\/2021\/10\/\u65b0\u5efa\u6587\u4ef6\u5939-2IMG_20160528_152744-1536x1152.jpg 1536w, https:\/\/www.agriculture-machine.com\/wp-content\/uploads\/2021\/10\/\u65b0\u5efa\u6587\u4ef6\u5939-2IMG_20160528_152744-2048x1536.jpg 2048w\" sizes=\"auto, (max-width: 720px) 100vw, 720px\" \/><figcaption class=\"wp-element-caption\">machine \u00e0 presse d\u2019huile \u00e0 vis<\/figcaption><\/figure>    <figure class=\"wp-block-image aligncenter size-full\"><img loading=\"lazy\" decoding=\"async\" width=\"720\" height=\"540\" src=\"https:\/\/www.agriculture-machine.com\/wp-content\/uploads\/2021\/10\/oil-mill-machines.webp\" alt=\"machines de moulin \u00e0 huile\" class=\"wp-image-16304\" srcset=\"https:\/\/www.agriculture-machine.com\/wp-content\/uploads\/2021\/10\/oil-mill-machines.webp 720w, https:\/\/www.agriculture-machine.com\/wp-content\/uploads\/2021\/10\/oil-mill-machines-360x270.webp 360w, https:\/\/www.agriculture-machine.com\/wp-content\/uploads\/2021\/10\/oil-mill-machines-240x180.webp 240w, https:\/\/www.agriculture-machine.com\/wp-content\/uploads\/2021\/10\/oil-mill-machines-16x12.webp 16w\" sizes=\"auto, (max-width: 720px) 100vw, 720px\" \/><figcaption class=\"wp-element-caption\">machines de moulin \u00e0 huile<\/figcaption><\/figure>    <p class=\"translation-block\">Notre usine produit d\u2019autres types de <a href=\"https:\/\/en.wikipedia.org\/wiki\/Oil\" target=\"_blank\" rel=\"noopener\">huiles<\/a> presses, telles que des presses \u00e0 huile hydrauliques(<a href=\"https:\/\/www.agriculture-machine.com\/fr\/oil-extraction-machine-screw-oil-expellerhydraulic-oil-mill\/\"><strong><em>Machine d\u2019extraction d\u2019huile |Expulseur \u00e0 vis|Moulin \u00e0 huile hydraulique<\/em><\/strong><\/a>). Si int\u00e9ress\u00e9, vous pouvez remplir le formulaire \u00e0 droite et nous dire votre mati\u00e8re premi\u00e8re et vos besoins sp\u00e9cifiques. Nous vous donnerons la bonne recommandation pour aider votre activit\u00e9 d\u2019extraction d\u2019huile \u00e0 fonctionner sans encombre.<\/p>","protected":false},"excerpt":{"rendered":"<p>Automatic screw oil press, vacuum filtration, automatic temperature control function. Adjust the pressure required to squeeze the material by rotating the handle. The product oil squeezed out by this machine has good quality, fragrant taste and high oil yield, and is generally welcomed by many people.<\/p>","protected":false},"author":1,"featured_media":11898,"parent":0,"comment_status":"closed","ping_status":"closed","template":"","tags":[2597,963,830,2599],"product-type":[162],"class_list":["post-11750","product","type-product","status-publish","has-post-thumbnail","hentry","tag-oil","tag-oil-press","tag-peanut-oil","tag-sesame-oil","product-type-other-type"],"_links":{"self":[{"href":"https:\/\/www.agriculture-machine.com\/fr\/wp-json\/wp\/v2\/product\/11750","targetHints":{"allow":["GET"]}}],"collection":[{"href":"https:\/\/www.agriculture-machine.com\/fr\/wp-json\/wp\/v2\/product"}],"about":[{"href":"https:\/\/www.agriculture-machine.com\/fr\/wp-json\/wp\/v2\/types\/product"}],"author":[{"embeddable":true,"href":"https:\/\/www.agriculture-machine.com\/fr\/wp-json\/wp\/v2\/users\/1"}],"replies":[{"embeddable":true,"href":"https:\/\/www.agriculture-machine.com\/fr\/wp-json\/wp\/v2\/comments?post=11750"}],"wp:featuredmedia":[{"embeddable":true,"href":"https:\/\/www.agriculture-machine.com\/fr\/wp-json\/wp\/v2\/media\/11898"}],"wp:attachment":[{"href":"https:\/\/www.agriculture-machine.com\/fr\/wp-json\/wp\/v2\/media?parent=11750"}],"wp:term":[{"taxonomy":"post_tag","embeddable":true,"href":"https:\/\/www.agriculture-machine.com\/fr\/wp-json\/wp\/v2\/tags?post=11750"},{"taxonomy":"product-type","embeddable":true,"href":"https:\/\/www.agriculture-machine.com\/fr\/wp-json\/wp\/v2\/product-type?post=11750"}],"curies":[{"name":"wp","href":"https:\/\/api.w.org\/{rel}","templated":true}]}}