{"id":1178,"date":"2018-10-20T03:23:39","date_gmt":"2018-10-19T19:23:39","guid":{"rendered":"https:\/\/www.agriculture-machine.com\/?p=1178"},"modified":"2024-09-23T11:19:36","modified_gmt":"2024-09-23T03:19:36","slug":"electric-olive-picking-machine","status":"publish","type":"product","link":"https:\/\/www.agriculture-machine.com\/fr\/electric-olive-picking-machine\/","title":{"rendered":"Machine \u00e9lectrique de r\u00e9colte d'olives, ramasse-fruits \u00e0 noix"},"content":{"rendered":"<p>La machine \u00e9lectrique de r\u00e9colte d'olives est sp\u00e9cialement con\u00e7ue pour la r\u00e9colte et la r\u00e9colte des arbres \u00e0 noix dans le verger. La machine poss\u00e8de une structure compacte, une belle forme et une op\u00e9ration simple. De plus, les tubes internes et externes sont en alliage d'aluminium \u00e0 haute r\u00e9sistance et peuvent \u00eatre facilement ajust\u00e9s, c'est-\u00e0-dire de 2170 \u00e0 3000mm.<\/p> <p>Le ramasse-fruits est l\u00e9ger et robuste, largement utilis\u00e9 pour des noix telles que l'olive, le jujube, la datte, etc.<\/p> <h2><strong><b>Type un : machine \u00e9lectrique de r\u00e9colte d'olives GL-1<\/b><\/strong><\/h2> <p>La t\u00eate de la machine \u00e9lectrique de r\u00e9colte d'olives est une pi\u00e8ce \u00e0 haute r\u00e9sistance, durable. La machine \u00e0 r\u00e9colter utilise une batterie de 12V, ainsi que l'alimentation domestique, de petits g\u00e9n\u00e9rateurs et autres sources d'\u00e9nergie. Elle est pratique et facile \u00e0 utiliser.<\/p> <figure id=\"attachment_3052\" aria-describedby=\"caption-attachment-3052\" style=\"width: 400px\" class=\"wp-caption aligncenter\"><img loading=\"lazy\" decoding=\"async\" class=\"wp-image-3052 size-full\" src=\"https:\/\/www.agriculture-machine.com\/wp-content\/uploads\/2018\/10\/99.jpg\" alt=\"Machine de r\u00e9colte d&#039;olives\" width=\"400\" height=\"500\" srcset=\"https:\/\/www.agriculture-machine.com\/wp-content\/uploads\/2018\/10\/99.jpg 400w, https:\/\/www.agriculture-machine.com\/wp-content\/uploads\/2018\/10\/99-216x270.jpg 216w\" sizes=\"auto, (max-width: 400px) 100vw, 400px\" \/><figcaption id=\"caption-attachment-3052\" class=\"wp-caption-text\">Machine de r\u00e9colte d'olives<\/figcaption><\/figure> <h3>Param\u00e8tre technique de la r\u00e9colte de fruits<\/h3> <table> <tbody> <tr> <td width=\"284\">Mod\u00e8le<\/td> <td width=\"284\">GL-1<\/td> <\/tr> <tr> <td width=\"284\">Batterie<\/td> <td width=\"284\">12V<\/td> <\/tr> <tr> <td width=\"284\">Longueur<\/td> <td width=\"284\">2170-3000mm<\/td> <\/tr> <tr> <td width=\"284\">Largeur de la t\u00eate<\/td> <td width=\"284\">260mm<\/td> <\/tr> <tr> <td width=\"284\">Longueur du fil<\/td> <td width=\"284\">12m<\/td> <\/tr> <tr> <td width=\"284\">Vitesse<\/td> <td width=\"284\">820r\/min<\/td> <\/tr> <tr> <td width=\"284\">Taille d'emballage<\/td> <td width=\"284\">2170*160*260mm<\/td> <\/tr> <tr> <td width=\"284\">N.W\/G.W<\/td> <td width=\"284\">7,5kg\/11kg<\/td> <\/tr> <tr> <td width=\"284\">Remarque<\/td> <td width=\"284\">L'acheteur doit acheter la batterie lui-m\u00eame.<\/td> <\/tr> <\/tbody> <\/table> <h3><strong><b>Structure de la machine de r\u00e9colte de fruits<\/b><\/strong><\/h3> <ul> <li>R\u00e2teau<\/li> <li>Corps du moteur prot\u00e9g\u00e9 par un couvercle<\/li> <li>Arbre<\/li> <li>Poign\u00e9e<\/li> <li>Prise fusible (10 Amp)<\/li> <li>Serre-c\u00e2ble DC<\/li> <li>C\u00e2ble de connexion (15m)<\/li> <li>Tige t\u00e9lescopique de 2-3m<\/li> <li>Tige t\u00e9lescopique de 2 \u00e0 2,2m<\/li> <li>Axe fixe de 2m<\/li> <\/ul> <div id='gallery-1' class='gallery galleryid-1178 gallery-columns-2 gallery-size-full'><figure class='gallery-item'> \t\t\t<div class='gallery-icon portrait'> \t\t\t\t<a href='https:\/\/www.agriculture-machine.com\/fr\/electric-olive-picking-machine\/attachment\/88-3\/'><img loading=\"lazy\" decoding=\"async\" width=\"400\" height=\"500\" src=\"https:\/\/www.agriculture-machine.com\/wp-content\/uploads\/2018\/10\/88-1.jpg\" class=\"attachment-full size-full\" alt=\"Introduction \u00e0 la machine de r\u00e9colte d&#039;olives\" aria-describedby=\"gallery-1-3051\" srcset=\"https:\/\/www.agriculture-machine.com\/wp-content\/uploads\/2018\/10\/88-1.jpg 400w, https:\/\/www.agriculture-machine.com\/wp-content\/uploads\/2018\/10\/88-1-216x270.jpg 216w\" sizes=\"auto, (max-width: 400px) 100vw, 400px\" \/><\/a> \t\t\t<\/div> \t\t\t\t<figcaption class='wp-caption-text gallery-caption' id='gallery-1-3051'> \t\t\t\tIntroduction \u00e0 la machine de r\u00e9colte d'olives \t\t\t\t<\/figcaption><\/figure><figure class='gallery-item'> \t\t\t<div class='gallery-icon portrait'> \t\t\t\t<a href='https:\/\/www.agriculture-machine.com\/fr\/electric-olive-picking-machine\/attachment\/77-3\/'><img loading=\"lazy\" decoding=\"async\" width=\"400\" height=\"500\" src=\"https:\/\/www.agriculture-machine.com\/wp-content\/uploads\/2018\/10\/77-1.jpg\" class=\"attachment-full size-full\" alt=\"Machine de r\u00e9colte d&#039;olives-2\" aria-describedby=\"gallery-1-3050\" srcset=\"https:\/\/www.agriculture-machine.com\/wp-content\/uploads\/2018\/10\/77-1.jpg 400w, https:\/\/www.agriculture-machine.com\/wp-content\/uploads\/2018\/10\/77-1-216x270.jpg 216w\" sizes=\"auto, (max-width: 400px) 100vw, 400px\" \/><\/a> \t\t\t<\/div> \t\t\t\t<figcaption class='wp-caption-text gallery-caption' id='gallery-1-3050'> \t\t\t\tMachine de r\u00e9colte d'olives-2 \t\t\t\t<\/figcaption><\/figure> \t\t<\/div>  <p class=\"translation-block\"><strong><b>\u00a0<\/b><\/strong><\/p> <p class=\"translation-block\"><strong><b>\u00a0<\/b><\/strong><\/p> <h2><strong><b>Type deux : machine \u00e9lectrique de r\u00e9colte d'olives GL-2<\/b><\/strong><\/h2> <p>Cette machine \u00e9lectrique de r\u00e9colte de fruits ressemble \u00e0 une balle avec une longue dent, aliment\u00e9e par une batterie de 12V, ce qui permet d'\u00e9conomiser beaucoup de temps de travail ; sa longueur d'arbre est de 2500mm, et la largeur de la t\u00eate est de 100mm. La longueur du fil de 10m facilite la r\u00e9colte des fruits.<\/p> <div id='gallery-2' class='gallery galleryid-1178 gallery-columns-2 gallery-size-full'><figure class='gallery-item'> \t\t\t<div class='gallery-icon portrait'> \t\t\t\t<a href='https:\/\/www.agriculture-machine.com\/fr\/electric-olive-picking-machine\/attachment\/222-2\/'><img loading=\"lazy\" decoding=\"async\" width=\"400\" height=\"500\" src=\"https:\/\/www.agriculture-machine.com\/wp-content\/uploads\/2018\/10\/222.jpg\" class=\"attachment-full size-full\" alt=\"D\u00e9tails de la machine de r\u00e9colte d&#039;olives\" aria-describedby=\"gallery-2-3054\" srcset=\"https:\/\/www.agriculture-machine.com\/wp-content\/uploads\/2018\/10\/222.jpg 400w, https:\/\/www.agriculture-machine.com\/wp-content\/uploads\/2018\/10\/222-216x270.jpg 216w\" sizes=\"auto, (max-width: 400px) 100vw, 400px\" \/><\/a> \t\t\t<\/div> \t\t\t\t<figcaption class='wp-caption-text gallery-caption' id='gallery-2-3054'> \t\t\t\tD\u00e9tails de la machine de r\u00e9colte d'olives \t\t\t\t<\/figcaption><\/figure><figure class='gallery-item'> \t\t\t<div class='gallery-icon portrait'> \t\t\t\t<a href='https:\/\/www.agriculture-machine.com\/fr\/electric-olive-picking-machine\/attachment\/111-2\/'><img loading=\"lazy\" decoding=\"async\" width=\"400\" height=\"500\" src=\"https:\/\/www.agriculture-machine.com\/wp-content\/uploads\/2018\/10\/111.jpg\" class=\"attachment-full size-full\" alt=\"D\u00e9tails de la machine de r\u00e9colte d&#039;olives-2\" srcset=\"https:\/\/www.agriculture-machine.com\/wp-content\/uploads\/2018\/10\/111.jpg 400w, https:\/\/www.agriculture-machine.com\/wp-content\/uploads\/2018\/10\/111-216x270.jpg 216w\" sizes=\"auto, (max-width: 400px) 100vw, 400px\" \/><\/a> \t\t\t<\/div><\/figure> \t\t<\/div>  <h3>Param\u00e8tre technique de la machine de r\u00e9colte de fruits<\/h3> <table> <tbody> <tr> <td width=\"284\">Mod\u00e8le<\/td> <td width=\"284\">GL-2<\/td> <\/tr> <tr> <td width=\"284\">Batterie<\/td> <td width=\"284\">12V<\/td> <\/tr> <tr> <td width=\"284\">Longueur<\/td> <td width=\"284\">2500mm<\/td> <\/tr> <tr> <td width=\"284\">Largeur de la t\u00eate<\/td> <td width=\"284\">100mm<\/td> <\/tr> <tr> <td width=\"284\">Longueur du fil<\/td> <td width=\"284\">10m<\/td> <\/tr> <tr> <td width=\"284\">Vitesse<\/td> <td width=\"284\">1800r\/min<\/td> <\/tr> <tr> <td width=\"284\">Taille d'emballage<\/td> <td width=\"284\">2040*110*130mm<\/p> <p>380*255*215mm<\/td> <\/tr> <tr> <td width=\"284\">N.W\/G.W<\/td> <td width=\"284\">2,5kg\/3,35kg<\/td> <\/tr> <tr> <td width=\"284\">Remarque<\/td> <td width=\"284\">L'acheteur doit acheter la batterie lui-m\u00eame.<\/td> <\/tr> <\/tbody> <\/table> <h2><strong><b>Type trois<\/b><\/strong><strong><b>: Machine de r\u00e9colte de fruits \u00e0 moteur \u00e0 essence GL-3 <\/b><\/strong><\/h2> <p>Il s'agit d'une machine \u00e0 secouer les olives \u00e0 deux temps, entra\u00een\u00e9e par un moteur \u00e0 essence de 43cc avec une capacit\u00e9 de r\u00e9servoir de 700ml. La puissance de sortie nominale est de 1.4kw\/7500rpm, et le diam\u00e8tre du crochet est de 44mm, non ajustable, tandis que la longueur du tube varie de 150cm \u00e0 225cm. Haute efficacit\u00e9 de travail et faible taux de casse sont ses deux caract\u00e9ristiques principales.<\/p> <div id='gallery-3' class='gallery galleryid-1178 gallery-columns-2 gallery-size-full'><figure class='gallery-item'> \t\t\t<div class='gallery-icon portrait'> \t\t\t\t<a href='https:\/\/www.agriculture-machine.com\/fr\/electric-olive-picking-machine\/attachment\/44-2\/'><img loading=\"lazy\" decoding=\"async\" width=\"400\" height=\"500\" src=\"https:\/\/www.agriculture-machine.com\/wp-content\/uploads\/2018\/10\/44-1.jpg\" class=\"attachment-full size-full\" alt=\"Machine de r\u00e9colte de fruits \u00e0 moteur \u00e0 essence-1\" aria-describedby=\"gallery-3-3047\" srcset=\"https:\/\/www.agriculture-machine.com\/wp-content\/uploads\/2018\/10\/44-1.jpg 400w, https:\/\/www.agriculture-machine.com\/wp-content\/uploads\/2018\/10\/44-1-216x270.jpg 216w\" sizes=\"auto, (max-width: 400px) 100vw, 400px\" \/><\/a> \t\t\t<\/div> \t\t\t\t<figcaption class='wp-caption-text gallery-caption' id='gallery-3-3047'> \t\t\t\tMachine de r\u00e9colte de fruits \u00e0 moteur \u00e0 essence-1 \t\t\t\t<\/figcaption><\/figure><figure class='gallery-item'> \t\t\t<div class='gallery-icon portrait'> \t\t\t\t<a href='https:\/\/www.agriculture-machine.com\/fr\/electric-olive-picking-machine\/attachment\/55-3\/'><img loading=\"lazy\" decoding=\"async\" width=\"400\" height=\"500\" src=\"https:\/\/www.agriculture-machine.com\/wp-content\/uploads\/2018\/10\/55-1.jpg\" class=\"attachment-full size-full\" alt=\"Machine de r\u00e9colte d&#039;olives \u00e0 moteur \u00e0 essence-2\" aria-describedby=\"gallery-3-3048\" srcset=\"https:\/\/www.agriculture-machine.com\/wp-content\/uploads\/2018\/10\/55-1.jpg 400w, https:\/\/www.agriculture-machine.com\/wp-content\/uploads\/2018\/10\/55-1-216x270.jpg 216w\" sizes=\"auto, (max-width: 400px) 100vw, 400px\" \/><\/a> \t\t\t<\/div> \t\t\t\t<figcaption class='wp-caption-text gallery-caption' id='gallery-3-3048'> \t\t\t\tMachine de r\u00e9colte d'olives \u00e0 moteur \u00e0 essence-2 \t\t\t\t<\/figcaption><\/figure> \t\t<\/div>  <h3>Param\u00e8tre technique de la machine de r\u00e9colte de fruits<\/h3> <table> <tbody> <tr> <td width=\"284\">Mod\u00e8le<\/td> <td width=\"284\">GL-3<\/td> <\/tr> <tr> <td width=\"284\">Puissance<\/td> <td width=\"284\">Moteur \u00e0 essence<\/td> <\/tr> <tr> <td width=\"284\">Type de moteur<\/td> <td width=\"284\">2 temps<\/td> <\/tr> <tr> <td width=\"284\">Cylindr\u00e9e<\/td> <td width=\"284\">43cc<\/td> <\/tr> <tr> <td width=\"284\">Puissance de sortie nominale<\/td> <td width=\"284\">1.4kw\/7500rpm<\/td> <\/tr> <tr> <td width=\"284\">Capacit\u00e9 du r\u00e9servoir de carburant<\/td> <td width=\"284\">700ml<\/td> <\/tr> <tr> <td width=\"284\">Diam\u00e8tre du crochet<\/td> <td width=\"284\">44mm<\/td> <\/tr> <tr> <td width=\"284\">Tube de longueur de secoueur<\/td> <td width=\"284\">150cm-225cm<\/td> <\/tr> <tr> <td width=\"284\">Emballage<\/td> <td width=\"284\">360*300*240mm<\/p> <p>150*120*120mm<\/td> <\/tr> <tr> <td width=\"284\">Poids d'emballage<\/td> <td width=\"284\">8.0kg<\/td> <\/tr> <\/tbody> <\/table> <h3>Avantages de la r\u00e9colte de fruits (pour trois types)<\/h3> <ol> <li>Application large. La machine de r\u00e9colte d'olives peut \u00e9galement r\u00e9colter des dattes, jujubes, noix de p\u00e9can, ch\u00e2taignes, jujubes et autres petits fruits.<\/li> <li>Elle poss\u00e8de un arbre flexible et est facile \u00e0 ajuster en longueur.<\/li> <li>Facile \u00e0 utiliser. La r\u00e9colte de fruits aliment\u00e9e par \u00e9lectricit\u00e9 ou moteur \u00e0 essence et poss\u00e8de une op\u00e9ration simple.<\/li> <li>Taux de r\u00e9colte \u00e9lev\u00e9. Tous les fruits peuvent \u00eatre r\u00e9colt\u00e9s.<\/li> <li>Les fruits restent intacts apr\u00e8s la r\u00e9colte.<\/li> <\/ol> <h3>Cas de r\u00e9ussite de la machine de r\u00e9colte de fruits<\/h3> <p>Facile \u00e0 utiliser et \u00e0 haute capacit\u00e9, cette machine \u00e0 secouer les fruits est populaire sur le march\u00e9 africain. En octobre 2018, une saison de r\u00e9colte d'olives, des conteneurs de 20GP de secoueurs d'olives ont \u00e9t\u00e9 livr\u00e9s au Liban. Ce client distribuerait toutes les machines aux agriculteurs locaux apr\u00e8s r\u00e9ception, et voici les photos d'emballage.<\/p> <div id='gallery-4' class='gallery galleryid-1178 gallery-columns-2 gallery-size-full'><figure class='gallery-item'> \t\t\t<div class='gallery-icon portrait'> \t\t\t\t<a href='https:\/\/www.agriculture-machine.com\/fr\/electric-olive-picking-machine\/attachment\/22-2\/'><img loading=\"lazy\" decoding=\"async\" width=\"400\" height=\"500\" src=\"https:\/\/www.agriculture-machine.com\/wp-content\/uploads\/2018\/10\/22-1.jpg\" class=\"attachment-full size-full\" alt=\"Photo d&#039;exp\u00e9dition-2\" aria-describedby=\"gallery-4-3044\" srcset=\"https:\/\/www.agriculture-machine.com\/wp-content\/uploads\/2018\/10\/22-1.jpg 400w, https:\/\/www.agriculture-machine.com\/wp-content\/uploads\/2018\/10\/22-1-216x270.jpg 216w\" sizes=\"auto, (max-width: 400px) 100vw, 400px\" \/><\/a> \t\t\t<\/div> \t\t\t\t<figcaption class='wp-caption-text gallery-caption' id='gallery-4-3044'> \t\t\t\tPhoto d'exp\u00e9dition-2 \t\t\t\t<\/figcaption><\/figure><figure class='gallery-item'> \t\t\t<div class='gallery-icon portrait'> \t\t\t\t<a href='https:\/\/www.agriculture-machine.com\/fr\/electric-olive-picking-machine\/attachment\/66-3\/'><img loading=\"lazy\" decoding=\"async\" width=\"400\" height=\"500\" src=\"https:\/\/www.agriculture-machine.com\/wp-content\/uploads\/2018\/10\/66-1.jpg\" class=\"attachment-full size-full\" alt=\"Photo d&#039;exp\u00e9dition-3\" aria-describedby=\"gallery-4-3049\" srcset=\"https:\/\/www.agriculture-machine.com\/wp-content\/uploads\/2018\/10\/66-1.jpg 400w, https:\/\/www.agriculture-machine.com\/wp-content\/uploads\/2018\/10\/66-1-216x270.jpg 216w\" sizes=\"auto, (max-width: 400px) 100vw, 400px\" \/><\/a> \t\t\t<\/div> \t\t\t\t<figcaption class='wp-caption-text gallery-caption' id='gallery-4-3049'> \t\t\t\tPhoto d'exp\u00e9dition-3 \t\t\t\t<\/figcaption><\/figure> \t\t<\/div>  <h3>FAQ<\/h3> <ol> <li>Quelle est la diff\u00e9rence entre les 3 types de machines de r\u00e9colte de fruits ?<\/li> <\/ol> <p>Les deux premiers types sont \u00e9lectriques et le dernier est aliment\u00e9 par un moteur \u00e0 essence.<\/p> <ol start=\"2\"> <li>Quels types de fruits peuvent \u00eatre r\u00e9colt\u00e9s par cette machine ?<\/li> <li>Les mati\u00e8res premi\u00e8res peuvent \u00eatre olives, dattes, jujubes, noix de p\u00e9can, ch\u00e2taignes, jujubes et autres petits fruits.<\/li> <li>Quel est le taux de r\u00e9colte de la machine ?<\/li> <\/ol> <p>Ce ramasse-fruits peut fonctionner avec une grande efficacit\u00e9, et tous les fruits sur l'arbre peuvent \u00eatre r\u00e9colt\u00e9s pendant l'op\u00e9ration.<\/p> <ol start=\"5\"> <li>Les fruits seront-ils cass\u00e9s apr\u00e8s la r\u00e9colte ?<\/li> <\/ol> <p>Non, la machine de r\u00e9colte peut r\u00e9colter compl\u00e8tement le fruit sans l'endommager.<\/p>","protected":false},"excerpt":{"rendered":"<p>Electric olive picking machine is specially designed for the nut tree picking and harvesting in the orchard. Machine bears compact structure, beautiful shape and simple operation. What\u2019s more, internal and external tubes is made of high-strength aluminum alloy and can be adjusted easily, that is, 2170-3000mm. Fruit picker\u00a0is\u00a0light in weight and good in strength, widely [&hellip;]<\/p>\n","protected":false},"author":1,"featured_media":3064,"parent":0,"comment_status":"closed","ping_status":"closed","template":"","tags":[2633,2632],"product-type":[892],"class_list":["post-1178","product","type-product","status-publish","has-post-thumbnail","hentry","tag-olive","tag-picker","product-type-olive-picker"],"_links":{"self":[{"href":"https:\/\/www.agriculture-machine.com\/fr\/wp-json\/wp\/v2\/product\/1178","targetHints":{"allow":["GET"]}}],"collection":[{"href":"https:\/\/www.agriculture-machine.com\/fr\/wp-json\/wp\/v2\/product"}],"about":[{"href":"https:\/\/www.agriculture-machine.com\/fr\/wp-json\/wp\/v2\/types\/product"}],"author":[{"embeddable":true,"href":"https:\/\/www.agriculture-machine.com\/fr\/wp-json\/wp\/v2\/users\/1"}],"replies":[{"embeddable":true,"href":"https:\/\/www.agriculture-machine.com\/fr\/wp-json\/wp\/v2\/comments?post=1178"}],"wp:featuredmedia":[{"embeddable":true,"href":"https:\/\/www.agriculture-machine.com\/fr\/wp-json\/wp\/v2\/media\/3064"}],"wp:attachment":[{"href":"https:\/\/www.agriculture-machine.com\/fr\/wp-json\/wp\/v2\/media?parent=1178"}],"wp:term":[{"taxonomy":"post_tag","embeddable":true,"href":"https:\/\/www.agriculture-machine.com\/fr\/wp-json\/wp\/v2\/tags?post=1178"},{"taxonomy":"product-type","embeddable":true,"href":"https:\/\/www.agriculture-machine.com\/fr\/wp-json\/wp\/v2\/product-type?post=1178"}],"curies":[{"name":"wp","href":"https:\/\/api.w.org\/{rel}","templated":true}]}}