{"id":1190,"date":"2018-10-20T03:40:51","date_gmt":"2018-10-19T19:40:51","guid":{"rendered":"https:\/\/www.agriculture-machine.com\/?p=1190"},"modified":"2024-09-23T11:14:26","modified_gmt":"2024-09-23T03:14:26","slug":"cassava-slicer-machine","status":"publish","type":"product","link":"https:\/\/www.agriculture-machine.com\/fr\/cassava-slicer-machine\/","title":{"rendered":"Machine \u00e0 trancher le manioc \/ trancheuse de patate douce"},"content":{"rendered":"<p>La machine \u00e0 trancher le manioc peut \u00e9plucher le manioc puis le couper en tranches, r\u00e9alisant l\u2019\u00e9pluchage et la coupe en m\u00eame temps. Les tranches finales sont tr\u00e8s propres, sans enveloppe ext\u00e9rieure, et leur \u00e9paisseur peut \u00eatre ajust\u00e9e selon votre besoin.<\/p> <div align=\"center\"><\/div> <p>&nbsp;<\/p> <p>&nbsp;<\/p> <h2>Principe de fonctionnement de la trancheuse de patate douce<\/h2> <ol> <li>Le manioc entre d\u2019abord dans un long cylindre avec un trou.<\/li> <li>Ils tournent constamment sous la force du moteur pendant plusieurs minutes, et leur peau est enlev\u00e9e.<\/li> <li>Pendant le fonctionnement, l\u2019op\u00e9rateur peut couvrir la sortie du rouleau pour \u00e9viter que certains maniocs ne sortent pr\u00e9matur\u00e9ment.<\/li> <li>Enfin, la manioc sans peau est ensuite \u00e9pluch\u00e9e par une lame tranchante.<\/li> <li>Il est pr\u00e9f\u00e9rable de placer un sac \u00e0 la sortie de la machine afin de collecter les morceaux de manioc.<\/li> <\/ol> <figure id=\"attachment_3110\" aria-describedby=\"caption-attachment-3110\" style=\"width: 667px\" class=\"wp-caption alignnone\"><img loading=\"lazy\" decoding=\"async\" class=\"wp-image-3110\" src=\"https:\/\/www.agriculture-machine.com\/wp-content\/uploads\/2018\/10\/cassava-peeling-machine-1.jpg\" alt=\"\" width=\"667\" height=\"667\" srcset=\"https:\/\/www.agriculture-machine.com\/wp-content\/uploads\/2018\/10\/cassava-peeling-machine-1.jpg 750w, https:\/\/www.agriculture-machine.com\/wp-content\/uploads\/2018\/10\/cassava-peeling-machine-1-270x270.jpg 270w, https:\/\/www.agriculture-machine.com\/wp-content\/uploads\/2018\/10\/cassava-peeling-machine-1-540x540.jpg 540w\" sizes=\"auto, (max-width: 667px) 100vw, 667px\" \/><figcaption id=\"caption-attachment-3110\" class=\"wp-caption-text\">Machine \u00e0 \u00e9plucher le manioc<\/figcaption><\/figure> <h2>Avantage de la trancheuse de patate douce<\/h2> <ol> <li>Haute capacit\u00e9. La capacit\u00e9 de la machine est de 4t\/h.<\/li> <li>Large application. Elle est utilis\u00e9e pour le manioc, la patate douce et la pomme de terre, etc.<\/li> <li>La machine \u00e0 \u00e9plucher le manioc peut \u00eatre \u00e9quip\u00e9e d\u2019un moteur de 3 kW ou d\u2019un moteur diesel de 8 HP selon les exigences du client.<\/li> <li>L\u2019\u00e9paisseur de la machine \u00e0 couper la patate douce est r\u00e9glable : de 5 mm \u00e0 20 mm.<\/li> <li>La trancheuse de patate douce est facile \u00e0 utiliser, tr\u00e8s efficace et consomme peu d\u2019\u00e9nergie.<\/li> <li>La machine est facile \u00e0 d\u00e9placer gr\u00e2ce \u00e0 ses deux grandes roues.<\/li> <\/ol> <figure id=\"attachment_3117\" aria-describedby=\"caption-attachment-3117\" style=\"width: 634px\" class=\"wp-caption alignnone\"><img loading=\"lazy\" decoding=\"async\" class=\"wp-image-3117\" src=\"https:\/\/www.agriculture-machine.com\/wp-content\/uploads\/2018\/10\/cassava-peeling-machine-8.jpg\" alt=\"\" width=\"634\" height=\"634\" srcset=\"https:\/\/www.agriculture-machine.com\/wp-content\/uploads\/2018\/10\/cassava-peeling-machine-8.jpg 750w, https:\/\/www.agriculture-machine.com\/wp-content\/uploads\/2018\/10\/cassava-peeling-machine-8-270x270.jpg 270w, https:\/\/www.agriculture-machine.com\/wp-content\/uploads\/2018\/10\/cassava-peeling-machine-8-540x540.jpg 540w\" sizes=\"auto, (max-width: 634px) 100vw, 634px\" \/><figcaption id=\"caption-attachment-3117\" class=\"wp-caption-text\">Machine \u00e0 \u00e9plucher le manioc<\/figcaption><\/figure> <figure id=\"attachment_3118\" aria-describedby=\"caption-attachment-3118\" style=\"width: 650px\" class=\"wp-caption alignnone\"><img loading=\"lazy\" decoding=\"async\" class=\"wp-image-3118\" src=\"https:\/\/www.agriculture-machine.com\/wp-content\/uploads\/2018\/10\/cassava-peeling-machine-9.jpg\" alt=\"\" width=\"650\" height=\"650\" srcset=\"https:\/\/www.agriculture-machine.com\/wp-content\/uploads\/2018\/10\/cassava-peeling-machine-9.jpg 750w, https:\/\/www.agriculture-machine.com\/wp-content\/uploads\/2018\/10\/cassava-peeling-machine-9-270x270.jpg 270w, https:\/\/www.agriculture-machine.com\/wp-content\/uploads\/2018\/10\/cassava-peeling-machine-9-540x540.jpg 540w\" sizes=\"auto, (max-width: 650px) 100vw, 650px\" \/><figcaption id=\"caption-attachment-3118\" class=\"wp-caption-text\">Machine \u00e0 \u00e9plucher le manioc<\/figcaption><\/figure> <h2>Param\u00e8tre technique de la trancheuse de patate douce<\/h2> <p>&nbsp;<\/p> <table> <tbody> <tr> <td width=\"284\">Mod\u00e8le<\/td> <td width=\"284\">SL-04<\/td> <\/tr> <tr> <td width=\"284\">Puissance<\/td> <td width=\"284\">Moteur de 3 kW, ou moteur diesel de 8 HP<\/td> <\/tr> <tr> <td width=\"284\">Capacit\u00e9<\/td> <td width=\"284\">4t\/h<\/td> <\/tr> <tr> <td width=\"284\">Poids<\/td> <td width=\"284\">150kg<\/td> <\/tr> <tr> <td width=\"284\">Taille<\/td> <td width=\"284\">1650*800*1200mm<\/td> <\/tr> <\/tbody> <\/table> <h2>Cas de succ\u00e8s de la trancheuse de patate douce<\/h2> <p>Trois clients du Congo ont command\u00e9 50 ensembles de machines \u00e0 couper la patate douce en 2018. Ils ont d\u2019abord visit\u00e9 notre usine pour en savoir plus sur la machine, en la testant avec leur mati\u00e8re premi\u00e8re. Impressionn\u00e9s par sa haute capacit\u00e9 et ses excellentes performances, ils ont effectu\u00e9 le paiement imm\u00e9diatement apr\u00e8s le test, ce qui marque notre premi\u00e8re coop\u00e9ration.<\/p> <h3>Photo des clients<\/h3> <figure id=\"attachment_3115\" aria-describedby=\"caption-attachment-3115\" style=\"width: 598px\" class=\"wp-caption alignnone\"><img loading=\"lazy\" decoding=\"async\" class=\"wp-image-3115\" src=\"https:\/\/www.agriculture-machine.com\/wp-content\/uploads\/2018\/10\/cassava-peeling-machine-6.jpg\" alt=\"\" width=\"598\" height=\"598\" srcset=\"https:\/\/www.agriculture-machine.com\/wp-content\/uploads\/2018\/10\/cassava-peeling-machine-6.jpg 750w, https:\/\/www.agriculture-machine.com\/wp-content\/uploads\/2018\/10\/cassava-peeling-machine-6-270x270.jpg 270w, https:\/\/www.agriculture-machine.com\/wp-content\/uploads\/2018\/10\/cassava-peeling-machine-6-540x540.jpg 540w\" sizes=\"auto, (max-width: 598px) 100vw, 598px\" \/><figcaption id=\"caption-attachment-3115\" class=\"wp-caption-text\">Machine \u00e0 \u00e9plucher le manioc<\/figcaption><\/figure> <figure id=\"attachment_3114\" aria-describedby=\"caption-attachment-3114\" style=\"width: 592px\" class=\"wp-caption alignnone\"><img loading=\"lazy\" decoding=\"async\" class=\"wp-image-3114\" src=\"https:\/\/www.agriculture-machine.com\/wp-content\/uploads\/2018\/10\/cassava-peeling-machine-5.jpg\" alt=\"\" width=\"592\" height=\"592\" srcset=\"https:\/\/www.agriculture-machine.com\/wp-content\/uploads\/2018\/10\/cassava-peeling-machine-5.jpg 750w, https:\/\/www.agriculture-machine.com\/wp-content\/uploads\/2018\/10\/cassava-peeling-machine-5-270x270.jpg 270w, https:\/\/www.agriculture-machine.com\/wp-content\/uploads\/2018\/10\/cassava-peeling-machine-5-540x540.jpg 540w\" sizes=\"auto, (max-width: 592px) 100vw, 592px\" \/><figcaption id=\"caption-attachment-3114\" class=\"wp-caption-text\">Machine \u00e0 \u00e9plucher le manioc<\/figcaption><\/figure> <h3>Photo de livraison de la trancheuse de patate douce<\/h3> <figure id=\"attachment_3111\" aria-describedby=\"caption-attachment-3111\" style=\"width: 593px\" class=\"wp-caption alignnone\"><img loading=\"lazy\" decoding=\"async\" class=\"wp-image-3111\" src=\"https:\/\/www.agriculture-machine.com\/wp-content\/uploads\/2018\/10\/cassava-peeling-machine-2.jpg\" alt=\"\" width=\"593\" height=\"593\" srcset=\"https:\/\/www.agriculture-machine.com\/wp-content\/uploads\/2018\/10\/cassava-peeling-machine-2.jpg 750w, https:\/\/www.agriculture-machine.com\/wp-content\/uploads\/2018\/10\/cassava-peeling-machine-2-270x270.jpg 270w, https:\/\/www.agriculture-machine.com\/wp-content\/uploads\/2018\/10\/cassava-peeling-machine-2-540x540.jpg 540w\" sizes=\"auto, (max-width: 593px) 100vw, 593px\" \/><figcaption id=\"caption-attachment-3111\" class=\"wp-caption-text\">Machine \u00e0 \u00e9plucher le manioc<\/figcaption><\/figure> <figure id=\"attachment_3112\" aria-describedby=\"caption-attachment-3112\" style=\"width: 594px\" class=\"wp-caption alignnone\"><img loading=\"lazy\" decoding=\"async\" class=\"wp-image-3112\" src=\"https:\/\/www.agriculture-machine.com\/wp-content\/uploads\/2018\/10\/cassava-peeling-machine-3.jpg\" alt=\"\" width=\"594\" height=\"594\" srcset=\"https:\/\/www.agriculture-machine.com\/wp-content\/uploads\/2018\/10\/cassava-peeling-machine-3.jpg 750w, https:\/\/www.agriculture-machine.com\/wp-content\/uploads\/2018\/10\/cassava-peeling-machine-3-270x270.jpg 270w, https:\/\/www.agriculture-machine.com\/wp-content\/uploads\/2018\/10\/cassava-peeling-machine-3-540x540.jpg 540w\" sizes=\"auto, (max-width: 594px) 100vw, 594px\" \/><figcaption id=\"caption-attachment-3112\" class=\"wp-caption-text\">Machine \u00e0 \u00e9plucher le manioc<\/figcaption><\/figure> <figure id=\"attachment_3113\" aria-describedby=\"caption-attachment-3113\" style=\"width: 589px\" class=\"wp-caption alignnone\"><img loading=\"lazy\" decoding=\"async\" class=\"wp-image-3113\" src=\"https:\/\/www.agriculture-machine.com\/wp-content\/uploads\/2018\/10\/cassava-peeling-machine-4.jpg\" alt=\"\" width=\"589\" height=\"589\" srcset=\"https:\/\/www.agriculture-machine.com\/wp-content\/uploads\/2018\/10\/cassava-peeling-machine-4.jpg 750w, https:\/\/www.agriculture-machine.com\/wp-content\/uploads\/2018\/10\/cassava-peeling-machine-4-270x270.jpg 270w, https:\/\/www.agriculture-machine.com\/wp-content\/uploads\/2018\/10\/cassava-peeling-machine-4-540x540.jpg 540w\" sizes=\"auto, (max-width: 589px) 100vw, 589px\" \/><figcaption id=\"caption-attachment-3113\" class=\"wp-caption-text\">Machine \u00e0 \u00e9plucher le manioc<\/figcaption><\/figure> <h2>FAQ<\/h2> <ol> <li>Quelle est la mati\u00e8re premi\u00e8re de la machine \u00e0 \u00e9plucher la patate douce ?<\/li> <\/ol> <p>La mati\u00e8re premi\u00e8re peut \u00eatre du manioc, de la pomme de terre ou de la patate douce.<\/p> <ol start=\"2\"> <li>L\u2019\u00e9paisseur est-elle r\u00e9glable ?<\/li> <\/ol> <p>Oui, bien s\u00fbr, elle varie de 5 mm \u00e0 20 mm.<\/p> <ol start=\"3\"> <li>La machine peut-elle compl\u00e8tement enlever la peau de la mati\u00e8re premi\u00e8re ?<\/li> <\/ol> <p>Le taux d\u2019enl\u00e8vement de la peau est de 95 %, ce qui signifie que presque toutes les \u00e9corces peuvent \u00eatre enlev\u00e9es dans le rouleau.<\/p> <ol start=\"4\"> <li>Y a-t-il des morceaux de manioc cass\u00e9s ?<\/li> <\/ol> <p>Non, toutes les pi\u00e8ces peuvent rester intactes.<\/p> <p>Stock de la trancheuse de patate douce<\/p> <p>&nbsp;<\/p>","protected":false},"excerpt":{"rendered":"<p>Cassava slicing\u00a0machine\u00a0can peel cassava and then cut them\u00a0into slices, achieving\u00a0peeling and slicing\u00a0at the same time.\u00a0The final slices are very clean without outer husk, and its thickness can be adjusted according to your requirement. &nbsp; &nbsp; Working principle of sweet potato slicer The cassava\u00a0firstly goes into a long barrel with hole. They constantly rotate under the [&hellip;]<\/p>\n","protected":false},"author":1,"featured_media":3110,"parent":0,"comment_status":"closed","ping_status":"closed","template":"","tags":[2629],"product-type":[1],"class_list":["post-1190","product","type-product","status-publish","has-post-thumbnail","hentry","tag-slicer","product-type-other"],"_links":{"self":[{"href":"https:\/\/www.agriculture-machine.com\/fr\/wp-json\/wp\/v2\/product\/1190","targetHints":{"allow":["GET"]}}],"collection":[{"href":"https:\/\/www.agriculture-machine.com\/fr\/wp-json\/wp\/v2\/product"}],"about":[{"href":"https:\/\/www.agriculture-machine.com\/fr\/wp-json\/wp\/v2\/types\/product"}],"author":[{"embeddable":true,"href":"https:\/\/www.agriculture-machine.com\/fr\/wp-json\/wp\/v2\/users\/1"}],"replies":[{"embeddable":true,"href":"https:\/\/www.agriculture-machine.com\/fr\/wp-json\/wp\/v2\/comments?post=1190"}],"wp:featuredmedia":[{"embeddable":true,"href":"https:\/\/www.agriculture-machine.com\/fr\/wp-json\/wp\/v2\/media\/3110"}],"wp:attachment":[{"href":"https:\/\/www.agriculture-machine.com\/fr\/wp-json\/wp\/v2\/media?parent=1190"}],"wp:term":[{"taxonomy":"post_tag","embeddable":true,"href":"https:\/\/www.agriculture-machine.com\/fr\/wp-json\/wp\/v2\/tags?post=1190"},{"taxonomy":"product-type","embeddable":true,"href":"https:\/\/www.agriculture-machine.com\/fr\/wp-json\/wp\/v2\/product-type?post=1190"}],"curies":[{"name":"wp","href":"https:\/\/api.w.org\/{rel}","templated":true}]}}