{"id":11968,"date":"2021-11-02T16:44:10","date_gmt":"2021-11-02T08:44:10","guid":{"rendered":"https:\/\/www.agriculture-machine.com\/?p=11968"},"modified":"2024-09-18T15:58:28","modified_gmt":"2024-09-18T07:58:28","slug":"disc-plow-disc-plough-4-wheeler-disc-plow","status":"publish","type":"product","link":"https:\/\/www.agriculture-machine.com\/fr\/disc-plow-disc-plough-4-wheeler-disc-plow\/","title":{"rendered":"Charrue \u00e0 disque \u00e0 4 roues"},"content":{"rendered":"<p class=\"translation-block\">La <strong>disque plow<\/strong> utilise un disque concave comme pi\u00e8ce de travail, qui peut \u00eatre compos\u00e9 d\u2019un ou plusieurs disques. Chaque disque est install\u00e9 ind\u00e9pendamment sur la colonne de la charrue soud\u00e9e \u00e0 la poutre inclin\u00e9e principale. Il convient pour les op\u00e9rations de retrait de chaume de la terre broy\u00e9e apr\u00e8s le labour, la pr\u00e9paration du sol avant la semence, le sol meuble, le m\u00e9lange de sol et d\u2019engrais.<\/p>    <p>Disc plows are generally matched with a tractor&#8217;s three-point suspension connection. During operation, the plow blade rotates to the plow and turns the soil. They are usually used for ploughing and plowing in dry farming areas or wastelands.<\/p>    <figure class=\"wp-block-embed aligncenter is-type-video is-provider-youtube wp-block-embed-youtube wp-embed-aspect-4-3 wp-has-aspect-ratio\"><div class=\"wp-block-embed__wrapper\"> <iframe loading=\"lazy\" title=\"Charrue \u00e0 disque \/ Disque \u00e0 disque \/ Haute efficacit\u00e9 \/ Haute qualit\u00e9 \/ Prix bas\" width=\"500\" height=\"375\" src=\"https:\/\/www.youtube.com\/embed\/OOuBYkUNlNE?list=PL58YSJlfYgUnj5S3_0o4aiLpAT6bvuqb0\" frameborder=\"0\" allow=\"accelerometer; autoplay; clipboard-write; encrypted-media; gyroscope; picture-in-picture; web-share\" referrerpolicy=\"strict-origin-when-cross-origin\" allowfullscreen><\/iframe> <\/div><figcaption class=\"wp-element-caption\">vid\u00e9o de travail de la disque plough<\/figcaption><\/figure>    <h2 class=\"wp-block-heading\" id=\"h-brief-introduction-of-the-disc-plow\">Br\u00e8ve introduction de la disque plough<\/h2>    <p class=\"translation-block\">La <strong>disque plow<\/strong> \u00e0 sens unique est associ\u00e9e \u00e0 la connexion de suspension compl\u00e8te du tracteur. Elle pr\u00e9sente l\u2019avantage de ne pas s\u2019emm\u00ealer avec l\u2019herbe, pas de blocage, pas de sol, capable de couper les tiges de cultures et les rhizomes, et moins d\u2019obstruction lors du travail.<\/p>    <p>Il est particuli\u00e8rement adapt\u00e9 aux op\u00e9rations agricoles o\u00f9 poussent des mauvaises herbes, o\u00f9 les tiges sont hautes, o\u00f9 la r\u00e9sistance du sol est grande, et o\u00f9 il y a des briques et des morceaux dans le sol. <\/p>    <p class=\"translation-block\">Les disques plough diff\u00e8rent des <a href=\"https:\/\/www.agriculture-machine.com\/fr\/heavy-disc-harrow-hydraulic-trailed-heavy-duty-harrow\/\">disques harrows<\/a>. Les disques plough sont principalement utilis\u00e9s pour le labour et les op\u00e9rations de d\u00e9chaumage sur des terres non cultiv\u00e9es, tandis que les disques harrows sont utilis\u00e9s pour le labour et le nivellement sur des terres cultiv\u00e9es.<\/p>    <figure class=\"wp-block-image aligncenter size-large\"><img loading=\"lazy\" decoding=\"async\" width=\"720\" height=\"540\" src=\"https:\/\/www.agriculture-machine.com\/wp-content\/uploads\/2021\/11\/37-720x540.jpg?v=1635840282\" alt=\"Charrue \u00e0 disque\" class=\"wp-image-11981\" title=\"Charrue \u00e0 disque\" srcset=\"https:\/\/www.agriculture-machine.com\/wp-content\/uploads\/2021\/11\/37-720x540.jpg 720w, https:\/\/www.agriculture-machine.com\/wp-content\/uploads\/2021\/11\/37-360x270.jpg 360w, https:\/\/www.agriculture-machine.com\/wp-content\/uploads\/2021\/11\/37-240x180.jpg 240w, https:\/\/www.agriculture-machine.com\/wp-content\/uploads\/2021\/11\/37-768x576.jpg 768w, https:\/\/www.agriculture-machine.com\/wp-content\/uploads\/2021\/11\/37-1536x1152.jpg 1536w, https:\/\/www.agriculture-machine.com\/wp-content\/uploads\/2021\/11\/37-2048x1536.jpg 2048w\" sizes=\"auto, (max-width: 720px) 100vw, 720px\" \/><\/figure>    <h2 class=\"wp-block-heading\" id=\"h-the-structure-of-the-disc-plow-equipment\">Structure de l\u2019\u00e9quipement de la disque plough<\/h2>    <p>Comprend le cadre de la machine, les points de connexion et les disques.<\/p>    <p>Il comprend la coque du bras gauche, le bras de support gauche, la bo\u00eete de vitesses, le engrenage de transmission, la manette d\u2019engagement, le levier de commande, la bo\u00eete de pignons, l\u2019arbre de disque, et le disque. La manette est install\u00e9e sur la bo\u00eete de vitesses et connect\u00e9e \u00e0 la manette d\u2019engagement.<\/p>    <figure class=\"wp-block-gallery has-nested-images columns-default is-cropped wp-block-gallery-2 is-layout-flex wp-block-gallery-is-layout-flex\"> <figure class=\"wp-block-image size-large\"><img loading=\"lazy\" decoding=\"async\" width=\"720\" height=\"480\" data-id=\"11984\" src=\"https:\/\/www.agriculture-machine.com\/wp-content\/uploads\/2021\/11\/IMG_0537-4-720x480.jpg\" alt=\"\" class=\"wp-image-11984\" srcset=\"https:\/\/www.agriculture-machine.com\/wp-content\/uploads\/2021\/11\/IMG_0537-4-720x480.jpg 720w, https:\/\/www.agriculture-machine.com\/wp-content\/uploads\/2021\/11\/IMG_0537-4-360x240.jpg 360w, https:\/\/www.agriculture-machine.com\/wp-content\/uploads\/2021\/11\/IMG_0537-4-768x512.jpg 768w, https:\/\/www.agriculture-machine.com\/wp-content\/uploads\/2021\/11\/IMG_0537-4-1536x1024.jpg 1536w, https:\/\/www.agriculture-machine.com\/wp-content\/uploads\/2021\/11\/IMG_0537-4-2048x1365.jpg 2048w\" sizes=\"auto, (max-width: 720px) 100vw, 720px\" \/><\/figure>    <figure class=\"wp-block-image size-large\"><img loading=\"lazy\" decoding=\"async\" width=\"720\" height=\"480\" data-id=\"11985\" src=\"https:\/\/www.agriculture-machine.com\/wp-content\/uploads\/2021\/11\/IMG_0543-1-720x480.jpg\" alt=\"\" class=\"wp-image-11985\" srcset=\"https:\/\/www.agriculture-machine.com\/wp-content\/uploads\/2021\/11\/IMG_0543-1-720x480.jpg 720w, https:\/\/www.agriculture-machine.com\/wp-content\/uploads\/2021\/11\/IMG_0543-1-360x240.jpg 360w, https:\/\/www.agriculture-machine.com\/wp-content\/uploads\/2021\/11\/IMG_0543-1-768x512.jpg 768w, https:\/\/www.agriculture-machine.com\/wp-content\/uploads\/2021\/11\/IMG_0543-1-1536x1024.jpg 1536w, https:\/\/www.agriculture-machine.com\/wp-content\/uploads\/2021\/11\/IMG_0543-1-2048x1365.jpg 2048w\" sizes=\"auto, (max-width: 720px) 100vw, 720px\" \/><\/figure> <figcaption class=\"blocks-gallery-caption wp-element-caption\">Disque plough<\/figcaption><\/figure>    <h2 class=\"wp-block-heading\" id=\"h-the-working-principle-of-the-disc-plow-machine\">Principe de fonctionnement de la machine \u00e0 disque plough<\/h2>    <p>Le disque de la disque plough est install\u00e9 sur le m\u00eame arbre, et la roue de queue est install\u00e9e sur le c\u00f4t\u00e9 gauche du corps de la charrue, ce qui sert \u00e0 \u00e9quilibrer la pression lat\u00e9rale et \u00e0 faire fonctionner la disque plough de mani\u00e8re stable.<\/p>    <p>Pour assurer la qualit\u00e9 de l\u2019agriculture, la position haut\/bas et l\u2019angle de d\u00e9viation de la roue de queue peuvent \u00eatre ajust\u00e9s. Les tiges sup\u00e9rieures et inf\u00e9rieures ainsi que les tiges de levage gauche et droite sont toutes reli\u00e9es au tracteur par des articulations \u00e0 boule. L\u2019arbre de sortie de puissance est connect\u00e9 \u00e0 l\u2019articulation universelle et \u00e0 l\u2019arbre de transmission central qui entra\u00eene la disque plough.<\/p>    <p>Lorsque la disque plough est tir\u00e9e vers l\u2019avant par le tracteur, le disque tourne autour de son axe central, la terre est coup\u00e9e autour du disque. La terre labour\u00e9e monte le long de la surface concave du disque en rotation et tourne sur le c\u00f4t\u00e9 et vers l\u2019arri\u00e8re. Des sillons sont laiss\u00e9s apr\u00e8s le labour.<\/p>    <figure class=\"wp-block-embed aligncenter is-type-video is-provider-youtube wp-block-embed-youtube wp-embed-aspect-16-9 wp-has-aspect-ratio\"><div class=\"wp-block-embed__wrapper\"> <iframe loading=\"lazy\" title=\"Labour de disque puissant en action : voyez notre disque plough en pleine op\u00e9ration !#disqueplough #labour #charrue\" width=\"500\" height=\"281\" src=\"https:\/\/www.youtube.com\/embed\/XEZDM_sTW5c?feature=oembed\" frameborder=\"0\" allow=\"accelerometer; autoplay; clipboard-write; encrypted-media; gyroscope; picture-in-picture; web-share\" referrerpolicy=\"strict-origin-when-cross-origin\" allowfullscreen><\/iframe> <\/div><figcaption class=\"wp-element-caption\">D\u00e9monstration du site de travail de la charrue<\/figcaption><\/figure>    <h2 class=\"wp-block-heading\" id=\"h-applicable-land-for-the-disc-plough\">Terrain applicable<\/h2>    <p class=\"translation-block\">La <a href=\"https:\/\/www.agriculture-machine.com\/fr\/disc-plough-disc-plow-for-sale\/\">disque plough<\/a> convient pour le labour et le d\u00e9chaumage de terres cultiv\u00e9es ou de terres incultes, et est particuli\u00e8rement adapt\u00e9e pour le labour et le d\u00e9chaumage de champs de fumier vert \u00e0 haut rendement et pour retourner la paille de riz et de bl\u00e9 dans le champ.<\/p>    <p>The plow&#8217;s passing performance and soil entry performance are good. The soil turning and mulching quality can meet the technical requirements of agricultural production, the farming obstruction is small, and the operation and adjustment are convenient.<\/p>    <figure class=\"wp-block-gallery has-nested-images columns-default is-cropped wp-block-gallery-3 is-layout-flex wp-block-gallery-is-layout-flex\"> <figure class=\"wp-block-image size-large\"><img loading=\"lazy\" decoding=\"async\" width=\"720\" height=\"540\" data-id=\"16308\" src=\"https:\/\/www.agriculture-machine.com\/wp-content\/uploads\/2021\/11\/agricultural-plough-for-sale.webp\" alt=\"charrue agricole \u00e0 vendre\" class=\"wp-image-16308\" srcset=\"https:\/\/www.agriculture-machine.com\/wp-content\/uploads\/2021\/11\/agricultural-plough-for-sale.webp 720w, https:\/\/www.agriculture-machine.com\/wp-content\/uploads\/2021\/11\/agricultural-plough-for-sale-360x270.webp 360w, https:\/\/www.agriculture-machine.com\/wp-content\/uploads\/2021\/11\/agricultural-plough-for-sale-240x180.webp 240w, https:\/\/www.agriculture-machine.com\/wp-content\/uploads\/2021\/11\/agricultural-plough-for-sale-16x12.webp 16w\" sizes=\"auto, (max-width: 720px) 100vw, 720px\" \/><figcaption class=\"wp-element-caption\">charrue agricole \u00e0 vendre<\/figcaption><\/figure>    <figure class=\"wp-block-image size-large\"><img loading=\"lazy\" decoding=\"async\" width=\"720\" height=\"540\" data-id=\"16309\" src=\"https:\/\/www.agriculture-machine.com\/wp-content\/uploads\/2021\/11\/field-disc-plough.webp\" alt=\"disque plough de champ\" class=\"wp-image-16309\" srcset=\"https:\/\/www.agriculture-machine.com\/wp-content\/uploads\/2021\/11\/field-disc-plough.webp 720w, https:\/\/www.agriculture-machine.com\/wp-content\/uploads\/2021\/11\/field-disc-plough-360x270.webp 360w, https:\/\/www.agriculture-machine.com\/wp-content\/uploads\/2021\/11\/field-disc-plough-240x180.webp 240w, https:\/\/www.agriculture-machine.com\/wp-content\/uploads\/2021\/11\/field-disc-plough-16x12.webp 16w\" sizes=\"auto, (max-width: 720px) 100vw, 720px\" \/><figcaption class=\"wp-element-caption\">disque plough de champ<\/figcaption><\/figure> <\/figure>    <h2 class=\"wp-block-heading\" id=\"h-parameter-of-the-disc-plow\">Param\u00e8tres de la disque plough<\/h2>    <figure class=\"wp-block-table is-style-stripes\"><table><tbody><tr><td>Mod\u00e8le<\/td><td>1LYQ-220<\/td><td> 1LYQ- 315<\/td><td> 1LYQ- 320<\/td><td> 1LYQ- 325<\/td><td> 1LYQ- 425<\/td><td> 1LYQ- 525<\/td><td> 1LYQ- 625<\/td><\/tr><tr><td>Largeur de coupe (mm)<\/td><td>400<\/td><td>450<\/td><td>600<\/td><td>750<\/td><td>1000<\/td><td>1250<\/td><td>1500<\/td><\/tr><tr><td>Profondeur de coupe(mm)<\/td><td>200<\/td><td>200<\/td><td>200<\/td><td>250-300<\/td><td> 250-300 <\/td><td> 250-300 <\/td><td> 250-300 <\/td><\/tr><tr><td>Diam\u00e8tre du disque(mm)<\/td><td>510<\/td><td>460<\/td><td>510<\/td><td>600<\/td><td> 600 <\/td><td> 600 <\/td><td> 600 <\/td><\/tr><tr><td>Quantit\u00e9 de disque<\/td><td>2<\/td><td>3<\/td><td>3<\/td><td>3<\/td><td>4<\/td><td>5<\/td><td>6<\/td><\/tr><tr><td>Poids(kg)<\/td><td>140<\/td><td>160<\/td><td>190<\/td><td>420<\/td><td>490<\/td><td>565<\/td><td>640<\/td><\/tr><tr><td>Puissance du tracteur (hp)<\/td><td>18<\/td><td>25<\/td><td>25-40<\/td><td>50<\/td><td>90<\/td><td>120<\/td><td>160<\/td><\/tr><tr><td>Cat\u00e9naire mont\u00e9<\/td><td>Cat1 : Suspension \u00e0 trois points <\/td><td> Cat1 <\/td><td> Cat1 <\/td><td>Cat2 : Suspension \u00e0 trois points  <\/td><td> Cat2 <\/td><td> Cat2 <\/td><td> Cat2 <\/td><\/tr><\/tbody><\/table><figcaption class=\"wp-element-caption\">donn\u00e9es techniques d\u00e9taill\u00e9es de la disque plough<\/figcaption><\/figure>    <h2 class=\"wp-block-heading\" id=\"h-advantages-of-the-disc-plow-for-sale\">Avantages de la disque plough \u00e0 vendre<\/h2>    <ul class=\"wp-block-list\"> <li>Qualit\u00e9 fiable. La coque est en acier \u00e9paissi, robuste et durable, adapt\u00e9e \u00e0 une op\u00e9ration \u00e0 haute r\u00e9sistance, peu sujette au vieillissement, et poss\u00e8de une longue dur\u00e9e de vie.<\/li>    <li>Le disque \u00e0 puissance est plus adapt\u00e9 aux champs de riz avec beaucoup de paille et de mauvaises herbes, et aux champs \u00e0 forte teneur en eau. Il a un bon effet de coupe et de retournement sur la paille et les mauvaises herbes, et am\u00e9liore efficacement la ventilation et la perm\u00e9abilit\u00e9 de l\u2019eau du sol.<\/li>    <li>Dans les champs de chaume de riz et d\u2019herbe de safran, il est facile de pourrir, ce qui favorise l\u2019augmentation de la fertilit\u00e9 organique agricole. La machine a les caract\u00e9ristiques de ne pas s\u2019emm\u00ealer avec l\u2019herbe, de saisir le temps pour l\u2019agriculture, d\u2019\u00e9conomiser la main-d\u2019\u0153uvre, de haute qualit\u00e9 d\u2019exploitation, et de faible co\u00fbt.<\/li>    <li>Grande zone d'application et faible obstruction lors du labour.<\/li> <\/ul>    <figure class=\"wp-block-gallery has-nested-images columns-default is-cropped wp-block-gallery-4 is-layout-flex wp-block-gallery-is-layout-flex\"> <figure class=\"wp-block-image size-large\"><img loading=\"lazy\" decoding=\"async\" width=\"720\" height=\"540\" data-id=\"16312\" src=\"https:\/\/www.agriculture-machine.com\/wp-content\/uploads\/2021\/11\/heavy-duty-disc-plough.webp\" alt=\"disque plough robuste\" class=\"wp-image-16312\" srcset=\"https:\/\/www.agriculture-machine.com\/wp-content\/uploads\/2021\/11\/heavy-duty-disc-plough.webp 720w, https:\/\/www.agriculture-machine.com\/wp-content\/uploads\/2021\/11\/heavy-duty-disc-plough-360x270.webp 360w, https:\/\/www.agriculture-machine.com\/wp-content\/uploads\/2021\/11\/heavy-duty-disc-plough-240x180.webp 240w, https:\/\/www.agriculture-machine.com\/wp-content\/uploads\/2021\/11\/heavy-duty-disc-plough-16x12.webp 16w\" sizes=\"auto, (max-width: 720px) 100vw, 720px\" \/><figcaption class=\"wp-element-caption\">disque plough robuste<\/figcaption><\/figure>    <figure class=\"wp-block-image size-large\"><img loading=\"lazy\" decoding=\"async\" width=\"720\" height=\"540\" data-id=\"16311\" src=\"https:\/\/www.agriculture-machine.com\/wp-content\/uploads\/2021\/11\/farming-equipment.webp\" alt=\"\u00e9quipement agricole\" class=\"wp-image-16311\" srcset=\"https:\/\/www.agriculture-machine.com\/wp-content\/uploads\/2021\/11\/farming-equipment.webp 720w, https:\/\/www.agriculture-machine.com\/wp-content\/uploads\/2021\/11\/farming-equipment-360x270.webp 360w, https:\/\/www.agriculture-machine.com\/wp-content\/uploads\/2021\/11\/farming-equipment-240x180.webp 240w, https:\/\/www.agriculture-machine.com\/wp-content\/uploads\/2021\/11\/farming-equipment-16x12.webp 16w\" sizes=\"auto, (max-width: 720px) 100vw, 720px\" \/><figcaption class=\"wp-element-caption\">\u00e9quipement agricole<\/figcaption><\/figure> <\/figure>    <h2 class=\"wp-block-heading\" id=\"h-maintenance-of-the-disc-plough\">Entretien de la disque plough<\/h2>    <ul class=\"wp-block-list\"> <li>V\u00e9rifiez de mani\u00e8re exhaustive l\u2019apparence de la machine et repeignez la peinture ; appliquez de l\u2019huile sur le disque et l\u2019arbre conique pour pr\u00e9venir la rouille.<\/li>    <li>V\u00e9rifiez si la bo\u00eete de transmission, les dix boulons, et les roulements manquent d'huile, et compl\u00e9tez si n\u00e9cessaire.<\/li>    <li>V\u00e9rifiez et serrez les boulons de fixation.<\/li>    <li>V\u00e9rifiez si des pi\u00e8ces vuln\u00e9rables telles que les boulons et les goupilles de s\u00e9curit\u00e9 sont endommag\u00e9es, et remplacez-les si n\u00e9cessaire.<\/li>    <li>Enlevez compl\u00e8tement la boue, la poussi\u00e8re et l'huile sur l'\u00e9quipement.<\/li>    <li>Remplacer compl\u00e8tement l'huile de lubrification et la graisse.<\/li> <\/ul>    <figure class=\"wp-block-image aligncenter size-large is-resized\" id=\"Disc-plough\"><img loading=\"lazy\" decoding=\"async\" width=\"540\" height=\"540\" src=\"https:\/\/www.agriculture-machine.com\/wp-content\/uploads\/2021\/11\/\u5706\u76d8\u72812-540x540.jpg?v=1635840878\" alt=\"La charrue \u00e0 disque \u00e0 sens unique est associ\u00e9e \u00e0 la connexion de suspension compl\u00e8te du tracteur. Pendant le fonctionnement, la lame de la charrue tourne pour labourer et retourner la terre.\" class=\"wp-image-11986\" title=\"Disque plough\" srcset=\"https:\/\/www.agriculture-machine.com\/wp-content\/uploads\/2021\/11\/\u5706\u76d8\u72812-540x540.jpg 540w, https:\/\/www.agriculture-machine.com\/wp-content\/uploads\/2021\/11\/\u5706\u76d8\u72812-270x270.jpg 270w, https:\/\/www.agriculture-machine.com\/wp-content\/uploads\/2021\/11\/\u5706\u76d8\u72812-768x768.jpg 768w, https:\/\/www.agriculture-machine.com\/wp-content\/uploads\/2021\/11\/\u5706\u76d8\u72812.jpg 800w\" sizes=\"auto, (max-width: 540px) 100vw, 540px\" \/><figcaption class=\"wp-element-caption\">Charrue \u00e0 disque<\/figcaption><\/figure>    <h2 class=\"wp-block-heading\">Contactez-nous \u00e0 tout moment<\/h2>    <p>Whether you&#8217;re looking for new ways to increase crop yields or want to improve your farming efficiency, our disc plows can meet your needs. If you are interested in the machine, we sincerely welcome you to contact us and look forward to cooperating with you.<\/p>","protected":false},"excerpt":{"rendered":"<p>The one-way disc plow is matched with the full suspension connection of the tractor. During operation, the plow blade rotates to plow and turn the soil. It has the advantages of not entanglement of grass, no blockage, no soil, capable of cutting crop stems and rhizomes, and less working obstruction. <\/p>","protected":false},"author":1,"featured_media":11973,"parent":0,"comment_status":"closed","ping_status":"closed","template":"","tags":[698],"product-type":[950],"class_list":["post-11968","product","type-product","status-publish","has-post-thumbnail","hentry","tag-tractor","product-type-arable-plows"],"_links":{"self":[{"href":"https:\/\/www.agriculture-machine.com\/fr\/wp-json\/wp\/v2\/product\/11968","targetHints":{"allow":["GET"]}}],"collection":[{"href":"https:\/\/www.agriculture-machine.com\/fr\/wp-json\/wp\/v2\/product"}],"about":[{"href":"https:\/\/www.agriculture-machine.com\/fr\/wp-json\/wp\/v2\/types\/product"}],"author":[{"embeddable":true,"href":"https:\/\/www.agriculture-machine.com\/fr\/wp-json\/wp\/v2\/users\/1"}],"replies":[{"embeddable":true,"href":"https:\/\/www.agriculture-machine.com\/fr\/wp-json\/wp\/v2\/comments?post=11968"}],"wp:featuredmedia":[{"embeddable":true,"href":"https:\/\/www.agriculture-machine.com\/fr\/wp-json\/wp\/v2\/media\/11973"}],"wp:attachment":[{"href":"https:\/\/www.agriculture-machine.com\/fr\/wp-json\/wp\/v2\/media?parent=11968"}],"wp:term":[{"taxonomy":"post_tag","embeddable":true,"href":"https:\/\/www.agriculture-machine.com\/fr\/wp-json\/wp\/v2\/tags?post=11968"},{"taxonomy":"product-type","embeddable":true,"href":"https:\/\/www.agriculture-machine.com\/fr\/wp-json\/wp\/v2\/product-type?post=11968"}],"curies":[{"name":"wp","href":"https:\/\/api.w.org\/{rel}","templated":true}]}}