{"id":12031,"date":"2021-11-09T17:47:22","date_gmt":"2021-11-09T09:47:22","guid":{"rendered":"https:\/\/www.agriculture-machine.com\/?p=12031"},"modified":"2024-09-23T11:22:40","modified_gmt":"2024-09-23T03:22:40","slug":"hand-held-gasoline-corn-planter","status":"publish","type":"product","link":"https:\/\/www.agriculture-machine.com\/fr\/hand-held-gasoline-corn-planter\/","title":{"rendered":"Semoir \u00e0 main \u00e0 essence pour graines de cacahu\u00e8tes et de ma\u00efs"},"content":{"rendered":"<h2 class=\"wp-block-heading\">Br\u00e8ve introduction des semoirs \u00e0 main \u00e0 essence<\/h2>    <p class=\"translation-block\">Les semoirs \u00e0 main \u00e0 essence sont bas\u00e9s sur des semoirs traditionnels <a href=\"https:\/\/www.agriculture-machine.com\/fr\/hand-operated-maize-corn-planter-machine-peanut-plant\/\">\u00e0 main<\/a> avec moteur \u00e0 essence. Et compar\u00e9s aux machines qui d\u00e9pendent enti\u00e8rement de la semence humaine, ils \u00e9conomisent du temps et des efforts.<\/p>    <p>De plus, cette machine est adapt\u00e9e \u00e0 la semence dans les champs secs. Vous pouvez semer des graines granul\u00e9es telles que des haricots, des grains, et des graines de l\u00e9gumes, etc. Et la machine poss\u00e8de des caract\u00e9ristiques de d\u00e9marrage facile, poids l\u00e9ger, robustesse, moins de poussi\u00e8re, et moins d'enchev\u00eatrement. Elle convient \u00e0 toutes les cultures en terre s\u00e8che et est un bon assistant pour les agriculteurs.<\/p>    <figure class=\"wp-block-image size-large\"><img loading=\"lazy\" decoding=\"async\" width=\"720\" height=\"540\" src=\"https:\/\/www.agriculture-machine.com\/wp-content\/uploads\/2021\/11\/IMG_20190320_141834-720x540.jpg?v=1636449682\" alt=\"\" class=\"wp-image-12035\" srcset=\"https:\/\/www.agriculture-machine.com\/wp-content\/uploads\/2021\/11\/IMG_20190320_141834-720x540.jpg 720w, https:\/\/www.agriculture-machine.com\/wp-content\/uploads\/2021\/11\/IMG_20190320_141834-360x270.jpg 360w, https:\/\/www.agriculture-machine.com\/wp-content\/uploads\/2021\/11\/IMG_20190320_141834-240x180.jpg 240w, https:\/\/www.agriculture-machine.com\/wp-content\/uploads\/2021\/11\/IMG_20190320_141834-768x576.jpg 768w, https:\/\/www.agriculture-machine.com\/wp-content\/uploads\/2021\/11\/IMG_20190320_141834-1536x1152.jpg 1536w, https:\/\/www.agriculture-machine.com\/wp-content\/uploads\/2021\/11\/IMG_20190320_141834-2048x1536.jpg 2048w\" sizes=\"auto, (max-width: 720px) 100vw, 720px\" \/><figcaption>Semoir \u00e0 ma\u00efs \u00e0 main \u00e0 essence<\/figcaption><\/figure>    <h2 class=\"wp-block-heading\" id=\"h-main-functions-of-hand-held-corn-planter-with-gasoline-power\">Fonctions principales du semoir \u00e0 ma\u00efs \u00e0 main avec moteur \u00e0 essence<\/h2>    <ol class=\"wp-block-list\" type=\"1\"><li>Semer les graines dans la terre.<\/li><li>Appliquer de l'engrais \u00e0 c\u00f4t\u00e9 des graines.<\/li><li>D\u00e9gager le sol lors du semis.<\/li><li>Foss\u00e9 avant la plantation.<\/li><\/ol>    <h2 class=\"wp-block-heading\">Champ d'application du semoir \u00e0 ma\u00efs \u00e0 marche arri\u00e8re&nbsp;<\/h2>    <p>1. Il peut semer des graines granul\u00e9es telles que le bl\u00e9, le soja, le haricot rouge, les pois, le ma\u00efs, les f\u00e8ves, le sorgho, le millet, etc.<\/p>    <p>2. Il peut \u00e9galement fertiliser.<\/p>    <p>3. Et nous pouvons \u00e9galement ajuster la quantit\u00e9 de semis, la quantit\u00e9 d'engrais et la profondeur de semis.<\/p>    <figure class=\"wp-block-image size-large\"><img loading=\"lazy\" decoding=\"async\" width=\"720\" height=\"540\" src=\"https:\/\/www.agriculture-machine.com\/wp-content\/uploads\/2021\/11\/IMG_20190320_141116-720x540.jpg?v=1636449780\" alt=\"\" class=\"wp-image-12036\" srcset=\"https:\/\/www.agriculture-machine.com\/wp-content\/uploads\/2021\/11\/IMG_20190320_141116-720x540.jpg 720w, https:\/\/www.agriculture-machine.com\/wp-content\/uploads\/2021\/11\/IMG_20190320_141116-360x270.jpg 360w, https:\/\/www.agriculture-machine.com\/wp-content\/uploads\/2021\/11\/IMG_20190320_141116-240x180.jpg 240w, https:\/\/www.agriculture-machine.com\/wp-content\/uploads\/2021\/11\/IMG_20190320_141116-768x576.jpg 768w, https:\/\/www.agriculture-machine.com\/wp-content\/uploads\/2021\/11\/IMG_20190320_141116-1536x1152.jpg 1536w, https:\/\/www.agriculture-machine.com\/wp-content\/uploads\/2021\/11\/IMG_20190320_141116-2048x1536.jpg 2048w\" sizes=\"auto, (max-width: 720px) 100vw, 720px\" \/><figcaption>Semoir \u00e0 main \u00e0 essence pour arachides<\/figcaption><\/figure>    <h2 class=\"wp-block-heading\">La structure du semoir \u00e0 haricots \u00e0 essence \u00e0 main<\/h2>    <p>Poign\u00e9e de contr\u00f4le de l'acc\u00e9l\u00e9rateur, frein \u00e0 main, poign\u00e9e de pouss\u00e9e, bo\u00eete \u00e0 semences, disque de semis fin, ressort de cha\u00eene, ressort profond et peu profond, roue en caoutchouc arri\u00e8re, cadre, angle de semis inf\u00e9rieur, r\u00e9servoir de carburant, bo\u00eete \u00e0 courroie, roue en fer avant.<\/p>    <figure class=\"wp-block-gallery columns-3 is-cropped wp-block-gallery-2 is-layout-flex wp-block-gallery-is-layout-flex\"><ul class=\"blocks-gallery-grid\"><li class=\"blocks-gallery-item\"><figure><img loading=\"lazy\" decoding=\"async\" width=\"720\" height=\"540\" src=\"https:\/\/www.agriculture-machine.com\/wp-content\/uploads\/2021\/11\/IMG_20190320_140522-720x540.jpg?v=1636450074\" alt=\"\" data-id=\"12044\" data-link=\"https:\/\/www.agriculture-machine.com\/?attachment_id=12044\" class=\"wp-image-12044\" srcset=\"https:\/\/www.agriculture-machine.com\/wp-content\/uploads\/2021\/11\/IMG_20190320_140522-720x540.jpg 720w, https:\/\/www.agriculture-machine.com\/wp-content\/uploads\/2021\/11\/IMG_20190320_140522-360x270.jpg 360w, https:\/\/www.agriculture-machine.com\/wp-content\/uploads\/2021\/11\/IMG_20190320_140522-240x180.jpg 240w, https:\/\/www.agriculture-machine.com\/wp-content\/uploads\/2021\/11\/IMG_20190320_140522-768x576.jpg 768w, https:\/\/www.agriculture-machine.com\/wp-content\/uploads\/2021\/11\/IMG_20190320_140522-1536x1152.jpg 1536w, https:\/\/www.agriculture-machine.com\/wp-content\/uploads\/2021\/11\/IMG_20190320_140522-2048x1536.jpg 2048w\" sizes=\"auto, (max-width: 720px) 100vw, 720px\" \/><figcaption class=\"blocks-gallery-item__caption\">rhdr<\/figcaption><\/figure><\/li><li class=\"blocks-gallery-item\"><figure><img loading=\"lazy\" decoding=\"async\" width=\"720\" height=\"540\" src=\"https:\/\/www.agriculture-machine.com\/wp-content\/uploads\/2021\/11\/IMG_20190320_140528-720x540.jpg?v=1636450106\" alt=\"\" data-id=\"12049\" data-link=\"https:\/\/www.agriculture-machine.com\/?attachment_id=12049\" class=\"wp-image-12049\" srcset=\"https:\/\/www.agriculture-machine.com\/wp-content\/uploads\/2021\/11\/IMG_20190320_140528-720x540.jpg 720w, https:\/\/www.agriculture-machine.com\/wp-content\/uploads\/2021\/11\/IMG_20190320_140528-360x270.jpg 360w, https:\/\/www.agriculture-machine.com\/wp-content\/uploads\/2021\/11\/IMG_20190320_140528-240x180.jpg 240w, https:\/\/www.agriculture-machine.com\/wp-content\/uploads\/2021\/11\/IMG_20190320_140528-768x576.jpg 768w, https:\/\/www.agriculture-machine.com\/wp-content\/uploads\/2021\/11\/IMG_20190320_140528-1536x1152.jpg 1536w, https:\/\/www.agriculture-machine.com\/wp-content\/uploads\/2021\/11\/IMG_20190320_140528-2048x1536.jpg 2048w\" sizes=\"auto, (max-width: 720px) 100vw, 720px\" \/><figcaption class=\"blocks-gallery-item__caption\">rhdr<\/figcaption><\/figure><\/li><li class=\"blocks-gallery-item\"><figure><img loading=\"lazy\" decoding=\"async\" width=\"720\" height=\"540\" src=\"https:\/\/www.agriculture-machine.com\/wp-content\/uploads\/2021\/11\/IMG_20190320_140541-720x540.jpg?v=1636450145\" alt=\"\" data-id=\"12051\" data-link=\"https:\/\/www.agriculture-machine.com\/?attachment_id=12051\" class=\"wp-image-12051\" srcset=\"https:\/\/www.agriculture-machine.com\/wp-content\/uploads\/2021\/11\/IMG_20190320_140541-720x540.jpg 720w, https:\/\/www.agriculture-machine.com\/wp-content\/uploads\/2021\/11\/IMG_20190320_140541-360x270.jpg 360w, https:\/\/www.agriculture-machine.com\/wp-content\/uploads\/2021\/11\/IMG_20190320_140541-240x180.jpg 240w, https:\/\/www.agriculture-machine.com\/wp-content\/uploads\/2021\/11\/IMG_20190320_140541-768x576.jpg 768w, https:\/\/www.agriculture-machine.com\/wp-content\/uploads\/2021\/11\/IMG_20190320_140541-1536x1152.jpg 1536w, https:\/\/www.agriculture-machine.com\/wp-content\/uploads\/2021\/11\/IMG_20190320_140541-2048x1536.jpg 2048w\" sizes=\"auto, (max-width: 720px) 100vw, 720px\" \/><figcaption class=\"blocks-gallery-item__caption\">oznor<\/figcaption><\/figure><\/li><li class=\"blocks-gallery-item\"><figure><img loading=\"lazy\" decoding=\"async\" width=\"720\" height=\"540\" src=\"https:\/\/www.agriculture-machine.com\/wp-content\/uploads\/2021\/11\/IMG_20190320_140550-720x540.jpg?v=1636450174\" alt=\"\" data-id=\"12053\" data-link=\"https:\/\/www.agriculture-machine.com\/?attachment_id=12053\" class=\"wp-image-12053\" srcset=\"https:\/\/www.agriculture-machine.com\/wp-content\/uploads\/2021\/11\/IMG_20190320_140550-720x540.jpg 720w, https:\/\/www.agriculture-machine.com\/wp-content\/uploads\/2021\/11\/IMG_20190320_140550-360x270.jpg 360w, https:\/\/www.agriculture-machine.com\/wp-content\/uploads\/2021\/11\/IMG_20190320_140550-240x180.jpg 240w, https:\/\/www.agriculture-machine.com\/wp-content\/uploads\/2021\/11\/IMG_20190320_140550-768x576.jpg 768w, https:\/\/www.agriculture-machine.com\/wp-content\/uploads\/2021\/11\/IMG_20190320_140550-1536x1152.jpg 1536w, https:\/\/www.agriculture-machine.com\/wp-content\/uploads\/2021\/11\/IMG_20190320_140550-2048x1536.jpg 2048w\" sizes=\"auto, (max-width: 720px) 100vw, 720px\" \/><figcaption class=\"blocks-gallery-item__caption\">oznor<\/figcaption><\/figure><\/li><li class=\"blocks-gallery-item\"><figure><img loading=\"lazy\" decoding=\"async\" width=\"720\" height=\"540\" src=\"https:\/\/www.agriculture-machine.com\/wp-content\/uploads\/2021\/11\/IMG_20190320_140937-1-720x540.jpg?v=1636450464\" alt=\"\" data-id=\"12054\" data-full-url=\"https:\/\/www.agriculture-machine.com\/wp-content\/uploads\/2021\/11\/IMG_20190320_140937-1-scaled.jpg?v=1636450464\" data-link=\"https:\/\/www.agriculture-machine.com\/?attachment_id=12054\" class=\"wp-image-12054\" srcset=\"https:\/\/www.agriculture-machine.com\/wp-content\/uploads\/2021\/11\/IMG_20190320_140937-1-720x540.jpg 720w, https:\/\/www.agriculture-machine.com\/wp-content\/uploads\/2021\/11\/IMG_20190320_140937-1-360x270.jpg 360w, https:\/\/www.agriculture-machine.com\/wp-content\/uploads\/2021\/11\/IMG_20190320_140937-1-240x180.jpg 240w, https:\/\/www.agriculture-machine.com\/wp-content\/uploads\/2021\/11\/IMG_20190320_140937-1-768x576.jpg 768w, https:\/\/www.agriculture-machine.com\/wp-content\/uploads\/2021\/11\/IMG_20190320_140937-1-1536x1152.jpg 1536w, https:\/\/www.agriculture-machine.com\/wp-content\/uploads\/2021\/11\/IMG_20190320_140937-1-2048x1536.jpg 2048w\" sizes=\"auto, (max-width: 720px) 100vw, 720px\" \/><figcaption class=\"blocks-gallery-item__caption\">smacap_Bright<\/figcaption><\/figure><\/li><\/ul><\/figure>    <h2 class=\"wp-block-heading\">Le processus de travail du semoir \u00e0 main \u00e0 essence pour graines<\/h2>    <ol class=\"wp-block-list\" type=\"1\"><li>Tout d'abord, choisissez la semence dont vous avez besoin. Et mettez la semence dans le r\u00e9servoir \u00e0 semences.<\/li><li>Puis d\u00e9marrez le moteur \u00e0 essence.<\/li><li>Ensuite, en tenant la poign\u00e9e de cette machine. Et en marchant en m\u00eame temps avec la machine \u00e0 une vitesse constante.<\/li><li>Enfin, apr\u00e8s avoir sem\u00e9 les graines, \u00e9teignez le moteur \u00e0 essence et rangez la machine correctement.<\/li><\/ol>    <h2 class=\"wp-block-heading\">Caract\u00e9ristiques du semoir manuel \u00e0 essence pour ma\u00efs&nbsp;<\/h2>    <p>1. Petite taille, poids l\u00e9ger, op\u00e9ration flexible et pratique. Convient pour une utilisation dans les serres, les vergers, les vignobles, les terrasses, les pentes et les petits terrains.<\/p>    <p>2. La poign\u00e9e peut \u00eatre ajust\u00e9e en hauteur et en longueur, adapt\u00e9e \u00e0 tout le monde.<\/p>    <p>3. La semis et la fertilisation peuvent \u00eatre en double rang\u00e9e, simple rang\u00e9e, avant et apr\u00e8s utilisation.<\/p>    <p>4. Vous pouvez planter diverses cultures en changeant la bo\u00eete \u00e0 semences. La qualit\u00e9 est stable et fiable.<\/p>    <p>5. Poss\u00e8de plusieurs fonctions. Cette machine peut r\u00e9aliser diverses op\u00e9rations agricoles telles que la plantation et la fertilisation simplement en changeant l'outil de travail.<\/p>    <p>6. Les hommes et les femmes peuvent utiliser cette machine. La qualit\u00e9 est stable et fiable.<\/p>    <h2 class=\"wp-block-heading\">Avantages du produit du semoir \u00e0 ma\u00efs \u00e0 essence<\/h2>    <p>1. La machine n'a pas de transmission par cha\u00eene, et la pelle remplace la garantie. La semence est pr\u00e9cise et l'espacement des trous est constant.<\/p>    <p>2. Utilisez cette machine pour augmenter la production. Parce que les trous sont espac\u00e9s uniform\u00e9ment, il y a une bonne ventilation et des nutriments suffisants, ce qui peut augmenter la production de 10-20 %.<\/p>    <p>3. Cette machine est con\u00e7ue avec des roues de profondeur limit\u00e9es. Ajustez la roue de limitation de profondeur du semoir avant la plantation, pour que la profondeur de plantation de chaque rang\u00e9e soit coh\u00e9rente.<\/p>    <p>5. La machine est innovante dans sa conception et simple dans sa structure. Facile \u00e0 utiliser, facile \u00e0 d\u00e9boguer, et presque sans d\u00e9fauts.<\/p>    <p>6. Grande plage d'ajustement de l'espacement des rangs et des plantes. Elle peut atteindre l'effet id\u00e9al de pratiquement pas avoir besoin de tailler les jeunes plants. Elle peut r\u00e9pondre aux exigences de diff\u00e9rents utilisateurs pour diff\u00e9rentes semences.<\/p>    <figure class=\"wp-block-image size-large\"><img loading=\"lazy\" decoding=\"async\" width=\"720\" height=\"540\" src=\"https:\/\/www.agriculture-machine.com\/wp-content\/uploads\/2021\/11\/IMG_20190320_134914-720x540.jpg?v=1636450727\" alt=\"Les semoirs \u00e0 main \u00e0 essence sont bas\u00e9s sur des semoirs \u00e0 main traditionnels avec moteur \u00e0 essence. Et compar\u00e9s aux machines qui d\u00e9pendent enti\u00e8rement de la semence humaine, ils \u00e9conomisent du temps et des efforts. De plus, cette machine est adapt\u00e9e \u00e0 la semence dans les champs secs.\" class=\"wp-image-12057\" srcset=\"https:\/\/www.agriculture-machine.com\/wp-content\/uploads\/2021\/11\/IMG_20190320_134914-720x540.jpg 720w, https:\/\/www.agriculture-machine.com\/wp-content\/uploads\/2021\/11\/IMG_20190320_134914-360x270.jpg 360w, https:\/\/www.agriculture-machine.com\/wp-content\/uploads\/2021\/11\/IMG_20190320_134914-240x180.jpg 240w, https:\/\/www.agriculture-machine.com\/wp-content\/uploads\/2021\/11\/IMG_20190320_134914-768x576.jpg 768w, https:\/\/www.agriculture-machine.com\/wp-content\/uploads\/2021\/11\/IMG_20190320_134914-1536x1152.jpg 1536w, https:\/\/www.agriculture-machine.com\/wp-content\/uploads\/2021\/11\/IMG_20190320_134914-2048x1536.jpg 2048w\" sizes=\"auto, (max-width: 720px) 100vw, 720px\" \/><figcaption>Semoir \u00e0 graines \u00e0 main \u00e0 essence<\/figcaption><\/figure>","protected":false},"excerpt":{"rendered":"<p>Les planteuses portatives \u00e0 essence sont bas\u00e9es sur des planteuses manuelles traditionnelles avec moteur \u00e0 essence. Et compar\u00e9es aux machines qui d\u00e9pendent enti\u00e8rement de la semence humaine, elles permettent de gagner du temps et des efforts.<br \/> De plus, cette machine convient \u00e9galement \u00e0 la semence dans des champs secs.<\/p>","protected":false},"author":1,"featured_media":12034,"parent":0,"comment_status":"closed","ping_status":"closed","template":"","tags":[491,797,492],"product-type":[870],"class_list":["post-12031","product","type-product","status-publish","has-post-thumbnail","hentry","tag-corn","tag-peanut","tag-planter","product-type-planter"],"_links":{"self":[{"href":"https:\/\/www.agriculture-machine.com\/fr\/wp-json\/wp\/v2\/product\/12031","targetHints":{"allow":["GET"]}}],"collection":[{"href":"https:\/\/www.agriculture-machine.com\/fr\/wp-json\/wp\/v2\/product"}],"about":[{"href":"https:\/\/www.agriculture-machine.com\/fr\/wp-json\/wp\/v2\/types\/product"}],"author":[{"embeddable":true,"href":"https:\/\/www.agriculture-machine.com\/fr\/wp-json\/wp\/v2\/users\/1"}],"replies":[{"embeddable":true,"href":"https:\/\/www.agriculture-machine.com\/fr\/wp-json\/wp\/v2\/comments?post=12031"}],"wp:featuredmedia":[{"embeddable":true,"href":"https:\/\/www.agriculture-machine.com\/fr\/wp-json\/wp\/v2\/media\/12034"}],"wp:attachment":[{"href":"https:\/\/www.agriculture-machine.com\/fr\/wp-json\/wp\/v2\/media?parent=12031"}],"wp:term":[{"taxonomy":"post_tag","embeddable":true,"href":"https:\/\/www.agriculture-machine.com\/fr\/wp-json\/wp\/v2\/tags?post=12031"},{"taxonomy":"product-type","embeddable":true,"href":"https:\/\/www.agriculture-machine.com\/fr\/wp-json\/wp\/v2\/product-type?post=12031"}],"curies":[{"name":"wp","href":"https:\/\/api.w.org\/{rel}","templated":true}]}}