{"id":12065,"date":"2021-11-10T18:14:42","date_gmt":"2021-11-10T10:14:42","guid":{"rendered":"https:\/\/www.agriculture-machine.com\/?p=12065"},"modified":"2024-09-18T16:22:35","modified_gmt":"2024-09-18T08:22:35","slug":"corn-planter-4-row-corn-planter-corn-planter-tractor-supply-sweet-corn-planter","status":"publish","type":"product","link":"https:\/\/www.agriculture-machine.com\/fr\/corn-planter-4-row-corn-planter-corn-planter-tractor-supply-sweet-corn-planter\/","title":{"rendered":"Semoir \u00e0 ma\u00efs doux \u00e0 4 rangs pour \u00e9quipement de tracteur"},"content":{"rendered":"<p>Aujourd\u2019hui, le semoir de ma\u00efs est largement utilis\u00e9 par de nombreux agriculteurs. En raison des plaines, les agriculteurs doivent planter de grandes zones de ma\u00efs. Les agriculteurs doivent d\u00e9ployer beaucoup de main-d\u2019\u0153uvre pour semer et fertiliser manuellement.<\/p>    <p class=\"translation-block\">Corn is one of the most widely planted crops in the world, and it is also the world&#8217;s most productive food crop. Therefore, the <strong>corn planter<\/strong> is a machine that can realize the mechanized planting of corn. It can complete the processes of digging, spotting, and fertilizing all at once. <\/p>    <figure class=\"wp-block-image aligncenter size-full\"><img loading=\"lazy\" decoding=\"async\" width=\"720\" height=\"540\" src=\"https:\/\/www.agriculture-machine.com\/wp-content\/uploads\/2021\/11\/corn-planter-for-sale.webp\" alt=\"Semoir de ma\u00efs \u00e0 vendre\" class=\"wp-image-15689\" srcset=\"https:\/\/www.agriculture-machine.com\/wp-content\/uploads\/2021\/11\/corn-planter-for-sale.webp 720w, https:\/\/www.agriculture-machine.com\/wp-content\/uploads\/2021\/11\/corn-planter-for-sale-360x270.webp 360w, https:\/\/www.agriculture-machine.com\/wp-content\/uploads\/2021\/11\/corn-planter-for-sale-240x180.webp 240w\" sizes=\"auto, (max-width: 720px) 100vw, 720px\" \/><figcaption class=\"wp-element-caption\">Semoir de ma\u00efs \u00e0 vendre<\/figcaption><\/figure>    <p class=\"translation-block\">La machine poss\u00e8de les excellentes caract\u00e9ristiques d\u2019efficacit\u00e9 \u00e9lev\u00e9e, gain de temps, \u00e9conomie de main-d\u2019\u0153uvre, semis pr\u00e9cis, taux de lev\u00e9e \u00e9lev\u00e9 et espacement des plantes uniforme. De plus, le <a href=\"https:\/\/www.agriculture-machine.com\/fr\/maize-peeler-and-thresher\/\"><strong><em>tr\u00e9fileuse de ma\u00efs<\/em><\/strong><\/a> peut aider \u00e0 r\u00e9aliser la m\u00e9canisation de l\u2019agriculture.<\/p>    <h2 class=\"wp-block-heading\" id=\"h-introduction-of-the-corn-planter\">Introduction du semoir de ma\u00efs<\/h2>    <p>Le semoir ma\u00efs d\u00e9signe une machine de plantation qui prend les graines de ma\u00efs comme objet de semis. Et le semoir ma\u00efs peut effectuer efficacement les exigences de fouille et de semis du ma\u00efs. Cette machine peut r\u00e9aliser des op\u00e9rations de semis de ma\u00efs de haute qualit\u00e9.<\/p>    <p>Des op\u00e9rations de plantation m\u00e9canis\u00e9e de haute qualit\u00e9 ne sont pas seulement bonnes pour la germination et la croissance des graines. Elles favorisent aussi la mise en \u0153uvre ult\u00e9rieure de la protection m\u00e9canis\u00e9e des plantes, de l\u2019apport d\u2019engrais, de la r\u00e9colte et d\u2019autres op\u00e9rations.<\/p>    <figure class=\"wp-block-image aligncenter size-large\"><img loading=\"lazy\" decoding=\"async\" width=\"720\" height=\"480\" src=\"https:\/\/www.agriculture-machine.com\/wp-content\/uploads\/2021\/11\/IMG_6381-720x480.jpg?v=1636534021\" alt=\"Le semoir de ma\u00efs d\u00e9signe une machine de plantation qui prend les graines de ma\u00efs comme objet de semis. Et le semoir de ma\u00efs peut efficacement r\u00e9aliser les exigences de fouille et de semis du ma\u00efs. Cette machine peut r\u00e9aliser des op\u00e9rations de semis de ma\u00efs de haute qualit\u00e9.\" class=\"wp-image-12069\" title=\"Semoir de ma\u00efs\" srcset=\"https:\/\/www.agriculture-machine.com\/wp-content\/uploads\/2021\/11\/IMG_6381-720x480.jpg 720w, https:\/\/www.agriculture-machine.com\/wp-content\/uploads\/2021\/11\/IMG_6381-360x240.jpg 360w, https:\/\/www.agriculture-machine.com\/wp-content\/uploads\/2021\/11\/IMG_6381-768x512.jpg 768w, https:\/\/www.agriculture-machine.com\/wp-content\/uploads\/2021\/11\/IMG_6381-1536x1024.jpg 1536w, https:\/\/www.agriculture-machine.com\/wp-content\/uploads\/2021\/11\/IMG_6381-2048x1365.jpg 2048w\" sizes=\"auto, (max-width: 720px) 100vw, 720px\" \/><figcaption class=\"wp-element-caption\">Semoir de ma\u00efs<\/figcaption><\/figure>    <h2 class=\"wp-block-heading\">Structure du semoir \u00e0 4 rangs de ma\u00efs<\/h2>    <p>La structure principale du semoir de ma\u00efs comprend un bo\u00eetier \u00e0 graines, une ouverture de sillon, un compteur de graines, un bo\u00eetier d\u2019engrais, un drain d\u2019engrais et un dispositif de recouvrement et de suppression du sol.<\/p>    <figure class=\"wp-block-gallery has-nested-images columns-default is-cropped wp-block-gallery-2 is-layout-flex wp-block-gallery-is-layout-flex\"> <figure class=\"wp-block-image size-large\"><img loading=\"lazy\" decoding=\"async\" width=\"720\" height=\"480\" data-id=\"12070\" src=\"https:\/\/www.agriculture-machine.com\/wp-content\/uploads\/2021\/11\/IMG_6392-720x480.jpg\" alt=\"Semoir de 4 rangs pour ma\u00efs\" class=\"wp-image-12070\" srcset=\"https:\/\/www.agriculture-machine.com\/wp-content\/uploads\/2021\/11\/IMG_6392-720x480.jpg 720w, https:\/\/www.agriculture-machine.com\/wp-content\/uploads\/2021\/11\/IMG_6392-360x240.jpg 360w, https:\/\/www.agriculture-machine.com\/wp-content\/uploads\/2021\/11\/IMG_6392-768x512.jpg 768w, https:\/\/www.agriculture-machine.com\/wp-content\/uploads\/2021\/11\/IMG_6392-1536x1024.jpg 1536w, https:\/\/www.agriculture-machine.com\/wp-content\/uploads\/2021\/11\/IMG_6392-2048x1365.jpg 2048w\" sizes=\"auto, (max-width: 720px) 100vw, 720px\" \/><\/figure>    <figure class=\"wp-block-image size-large\"><img loading=\"lazy\" decoding=\"async\" width=\"720\" height=\"480\" data-id=\"12072\" src=\"https:\/\/www.agriculture-machine.com\/wp-content\/uploads\/2021\/11\/IMG_6393-720x480.jpg\" alt=\"machine de semis de ma\u00efs en vente\" class=\"wp-image-12072\" srcset=\"https:\/\/www.agriculture-machine.com\/wp-content\/uploads\/2021\/11\/IMG_6393-720x480.jpg 720w, https:\/\/www.agriculture-machine.com\/wp-content\/uploads\/2021\/11\/IMG_6393-360x240.jpg 360w, https:\/\/www.agriculture-machine.com\/wp-content\/uploads\/2021\/11\/IMG_6393-768x512.jpg 768w, https:\/\/www.agriculture-machine.com\/wp-content\/uploads\/2021\/11\/IMG_6393-1536x1024.jpg 1536w, https:\/\/www.agriculture-machine.com\/wp-content\/uploads\/2021\/11\/IMG_6393-2048x1365.jpg 2048w\" sizes=\"auto, (max-width: 720px) 100vw, 720px\" \/><\/figure>    <figure class=\"wp-block-image size-large\"><img loading=\"lazy\" decoding=\"async\" width=\"720\" height=\"480\" data-id=\"12075\" src=\"https:\/\/www.agriculture-machine.com\/wp-content\/uploads\/2021\/11\/IMG_6394-720x480.jpg\" alt=\"machine semoir de ma\u00efs\" class=\"wp-image-12075\" srcset=\"https:\/\/www.agriculture-machine.com\/wp-content\/uploads\/2021\/11\/IMG_6394-720x480.jpg 720w, https:\/\/www.agriculture-machine.com\/wp-content\/uploads\/2021\/11\/IMG_6394-360x240.jpg 360w, https:\/\/www.agriculture-machine.com\/wp-content\/uploads\/2021\/11\/IMG_6394-768x512.jpg 768w, https:\/\/www.agriculture-machine.com\/wp-content\/uploads\/2021\/11\/IMG_6394-1536x1024.jpg 1536w, https:\/\/www.agriculture-machine.com\/wp-content\/uploads\/2021\/11\/IMG_6394-2048x1365.jpg 2048w\" sizes=\"auto, (max-width: 720px) 100vw, 720px\" \/><\/figure> <figcaption class=\"blocks-gallery-caption wp-element-caption\">Structure du semoir de ma\u00efs<\/figcaption><\/figure>    <figure class=\"wp-block-gallery has-nested-images columns-default is-cropped wp-block-gallery-3 is-layout-flex wp-block-gallery-is-layout-flex\"> <figure class=\"wp-block-image size-large\"><img loading=\"lazy\" decoding=\"async\" width=\"360\" height=\"540\" data-id=\"12076\" src=\"https:\/\/www.agriculture-machine.com\/wp-content\/uploads\/2021\/11\/IMG_6414-360x540.jpg\" alt=\"d\u00e9tail de la machine\" class=\"wp-image-12076\" srcset=\"https:\/\/www.agriculture-machine.com\/wp-content\/uploads\/2021\/11\/IMG_6414-360x540.jpg 360w, https:\/\/www.agriculture-machine.com\/wp-content\/uploads\/2021\/11\/IMG_6414-180x270.jpg 180w, https:\/\/www.agriculture-machine.com\/wp-content\/uploads\/2021\/11\/IMG_6414-768x1152.jpg 768w, https:\/\/www.agriculture-machine.com\/wp-content\/uploads\/2021\/11\/IMG_6414-1024x1536.jpg 1024w, https:\/\/www.agriculture-machine.com\/wp-content\/uploads\/2021\/11\/IMG_6414-1365x2048.jpg 1365w, https:\/\/www.agriculture-machine.com\/wp-content\/uploads\/2021\/11\/IMG_6414-scaled.jpg 1707w\" sizes=\"auto, (max-width: 360px) 100vw, 360px\" \/><\/figure>    <figure class=\"wp-block-image size-large\"><img loading=\"lazy\" decoding=\"async\" width=\"360\" height=\"540\" data-id=\"12077\" src=\"https:\/\/www.agriculture-machine.com\/wp-content\/uploads\/2021\/11\/IMG_6415-360x540.jpg\" alt=\"d\u00e9tail du tracteur semoir de ma\u00efs\" class=\"wp-image-12077\" srcset=\"https:\/\/www.agriculture-machine.com\/wp-content\/uploads\/2021\/11\/IMG_6415-360x540.jpg 360w, https:\/\/www.agriculture-machine.com\/wp-content\/uploads\/2021\/11\/IMG_6415-180x270.jpg 180w, https:\/\/www.agriculture-machine.com\/wp-content\/uploads\/2021\/11\/IMG_6415-768x1152.jpg 768w, https:\/\/www.agriculture-machine.com\/wp-content\/uploads\/2021\/11\/IMG_6415-1024x1536.jpg 1024w, https:\/\/www.agriculture-machine.com\/wp-content\/uploads\/2021\/11\/IMG_6415-1365x2048.jpg 1365w, https:\/\/www.agriculture-machine.com\/wp-content\/uploads\/2021\/11\/IMG_6415-scaled.jpg 1707w\" sizes=\"auto, (max-width: 360px) 100vw, 360px\" \/><\/figure>    <figure class=\"wp-block-image size-large\"><img loading=\"lazy\" decoding=\"async\" width=\"360\" height=\"540\" data-id=\"12078\" src=\"https:\/\/www.agriculture-machine.com\/wp-content\/uploads\/2021\/11\/IMG_6416-360x540.jpg\" alt=\"affichage du semoir de ma\u00efs\" class=\"wp-image-12078\" srcset=\"https:\/\/www.agriculture-machine.com\/wp-content\/uploads\/2021\/11\/IMG_6416-360x540.jpg 360w, https:\/\/www.agriculture-machine.com\/wp-content\/uploads\/2021\/11\/IMG_6416-180x270.jpg 180w, https:\/\/www.agriculture-machine.com\/wp-content\/uploads\/2021\/11\/IMG_6416-768x1152.jpg 768w, https:\/\/www.agriculture-machine.com\/wp-content\/uploads\/2021\/11\/IMG_6416-1024x1536.jpg 1024w, https:\/\/www.agriculture-machine.com\/wp-content\/uploads\/2021\/11\/IMG_6416-1365x2048.jpg 1365w, https:\/\/www.agriculture-machine.com\/wp-content\/uploads\/2021\/11\/IMG_6416-scaled.jpg 1707w\" sizes=\"auto, (max-width: 360px) 100vw, 360px\" \/><\/figure> <figcaption class=\"blocks-gallery-caption wp-element-caption\">Structure du semoir de ma\u00efs<\/figcaption><\/figure>    <h2 class=\"wp-block-heading\">Principe de fonctionnement du semoir de ma\u00efs et de l\u2019alimentation du tracteur<\/h2>    <p>Dans le processus des op\u00e9rations de semis, la principale source d\u2019\u00e9nergie de l\u2019enfouisseur provient de l\u2019arbre de sortie de puissance arri\u00e8re du tracteur.<\/p>    <p>Sous la traction du tracteur, l\u2019ouvreur ouvre un sillon pour le semis et la fertilisation \u00e0 une profondeur pr\u00e9d\u00e9finie.<\/p>    <p>En raison de la force de frottement, la roue du sol tourne continuellement et entra\u00eene le dispositif de distribution des graines \u00e0 fonctionner lors du processus de progression. Puis, drainent les graines et les engrais dans le sillon par diff\u00e9rents pipelines. Enfin, utilisez le dispositif de recouvrement du sol et le dispositif de suppression pour obtenir le recouvrement et la compaction du sol.<\/p>    <h2 class=\"wp-block-heading\">vid\u00e9o de travail du semoir de ma\u00efs doux<\/h2>    <figure class=\"wp-block-embed is-type-video is-provider-youtube wp-block-embed-youtube wp-embed-aspect-16-9 wp-has-aspect-ratio\"><div class=\"wp-block-embed__wrapper\"> <iframe loading=\"lazy\" title=\"Semoir de ma\u00efs\/ Semoir de ma\u00efs \u00e0 4 rangs\/ Semoir de ma\u00efs pour tracteur\/ Semoir de ma\u00efs doux\/ Machine semoir de ma\u00efs\" width=\"500\" height=\"281\" src=\"https:\/\/www.youtube.com\/embed\/snO8WSZ3oug?feature=oembed\" frameborder=\"0\" allow=\"accelerometer; autoplay; clipboard-write; encrypted-media; gyroscope; picture-in-picture; web-share\" referrerpolicy=\"strict-origin-when-cross-origin\" allowfullscreen><\/iframe> <\/div><figcaption class=\"wp-element-caption\">vid\u00e9o de travail du semoir de ma\u00efs<\/figcaption><\/figure>    <h2 class=\"wp-block-heading\">Param\u00e8tre de l\u2019\u00e9quipement de semis du ma\u00efs<\/h2>    <figure class=\"wp-block-table is-style-stripes\"><table><tbody><tr><td>Mod\u00e8le<\/td><td>Dimensions globales (mm)<\/td><td>Rangs<\/td><td>Espacement des rangs (mm)<\/td><td>Profondeur de fouille (mm)<\/td><td>Fertilisation<br>(mm\uff09<\/td><td>Profondeur de semis (mm)<\/td><td>Poids(kg)<\/td><td>Puissance associ\u00e9e (HP)<\/td><\/tr><tr><td>2BYSF-4<\/td><td>1620*2350*1200<\/td><td>4<\/td><td>428-570<\/td><td>60-80<\/td><td>60-80<\/td><td>30-50<\/td><td>270<\/td><td>25-40<\/td><\/tr><\/tbody><\/table><figcaption class=\"wp-element-caption\">Donn\u00e9es techniques de la machine semoir de ma\u00efs<\/figcaption><\/figure>    <h2 class=\"wp-block-heading\">Avantages de la machine de semis du ma\u00efs<\/h2>    <p>1. Gagner du temps et des efforts. Le semoir de ma\u00efs peut r\u00e9aliser les processus de fouille, rep\u00e9rage et fertilisation en une seule fois.<\/p>    <p>2. En plus du semis du ma\u00efs, il peut \u00e9galement \u00eatre utilis\u00e9 pour les haricots, le sorgho et d\u2019autres cultures n\u00e9cessitant un semis.<\/p>    <p>3. La machine est flexible et \u00e9conomise le diesel. La structure compacte la rend plus maniable lors des man\u0153uvres. En m\u00eame temps, la puissance de support est \u00e9galement r\u00e9duite lors de la conception, ce qui peut diminuer la quantit\u00e9 de diesel utilis\u00e9e. De plus, elle n\u2019exige pas beaucoup de puissance pour pouvoir remorquer la machine.<\/p>    <p>4. L\u2019espace entre les rangs et l\u2019espace entre les plantes du machine sont r\u00e9glables. Et la profondeur du semis peut \u00e9galement \u00eatre ajust\u00e9e. Cela peut satisfaire les exigences de semis de terrains diff\u00e9rents.<\/p>    <p>5. Les graines sont sem\u00e9es uniform\u00e9ment. Cela peut garantir que la profondeur de semis est constante, et qu\u2019il n\u2019y aura pas de trop profond d\u2019un c\u00f4t\u00e9 et peu profond de l\u2019autre.<\/p>    <p>6. Le taux d\u2019\u00e9mergence est \u00e9lev\u00e9. Utiliser un semoir pour planter le ma\u00efs peut amener les graines dans un sol relativement meuble afin de garantir le taux de lev\u00e9e.<\/p>    <figure class=\"wp-block-image aligncenter size-full\"><img loading=\"lazy\" decoding=\"async\" width=\"720\" height=\"540\" src=\"https:\/\/www.agriculture-machine.com\/wp-content\/uploads\/2021\/11\/maize-planting-machine.webp\" alt=\"machine de semis du ma\u00efs\" class=\"wp-image-15690\" srcset=\"https:\/\/www.agriculture-machine.com\/wp-content\/uploads\/2021\/11\/maize-planting-machine.webp 720w, https:\/\/www.agriculture-machine.com\/wp-content\/uploads\/2021\/11\/maize-planting-machine-360x270.webp 360w, https:\/\/www.agriculture-machine.com\/wp-content\/uploads\/2021\/11\/maize-planting-machine-240x180.webp 240w\" sizes=\"auto, (max-width: 720px) 100vw, 720px\" \/><figcaption class=\"wp-element-caption\">machine de semis du ma\u00efs<\/figcaption><\/figure>    <h2 class=\"wp-block-heading\">Faire attention aux points suivants lors de l\u2019utilisation correcte du semoir<\/h2>    <h3 class=\"wp-block-heading\">Avant de planter<\/h3>    <div class=\"wp-block-group is-layout-flow wp-block-group-is-layout-flow\"> <ul class=\"wp-block-list\"> <li>Entretien avant d\u2019entrer dans le champ. Nettoyer les d\u00e9bris dans le bo\u00eetier des graines et l\u2019herbe et le sol emm\u00eal\u00e9s sur l\u2019ouvreur. Et ajouter de l\u2019huile lubrifiante \u00e0 la transmission et aux pi\u00e8ces rotatives du tracteur et du semoir selon les exigences du manuel. Porter une attention particuli\u00e8re \u00e0 la lubrification et \u00e0 la tension de la cha\u00eene de transmission. Et aussi le serrage des boulons du semoir avant chaque op\u00e9ration.<\/li>    <li>Le cadre ne peut pas \u00eatre inclin\u00e9. Apr\u00e8s l\u2019accouplement du semoir au tracteur, il ne doit pas \u00eatre inclin\u00e9. Pendant le travail, l\u2019avant et l\u2019arri\u00e8re du rack doivent \u00eatre de niveau.<\/li>    <li>Effectuer diverses ajustements. Ajuster la quantit\u00e9 de semis et l\u2019espacement des rangs de l\u2019ouvreur conform\u00e9ment au manuel d\u2019instructions.<\/li>    <li>Attention \u00e0 l\u2019ajout de semences. Les graines ajout\u00e9es au bo\u00eetier des graines sont exemptes d\u2019impuret\u00e9s et de mauvaises graines. Pour assurer l\u2019efficacit\u00e9 des graines. Deuxi\u00e8mement, la quantit\u00e9 de semis ajout\u00e9e au bo\u00eetier des graines doit \u00eatre au moins suffisante pour couvrir l\u2019entr\u00e9e du bo\u00eetier des semences afin d\u2019assurer un semis fluide.<\/li>    <li>Semis d\u2019essai. Pour assurer la qualit\u00e9 du semis. Avant de planter sur une grande surface, nous devons insister sur un semis d\u2019essai de 20 m\u00e8tres. Puis observer le fonctionnement du semoir. Apr\u00e8s avoir confirm\u00e9 qu\u2019il r\u00e9pond aux exigences agronomiques locales, plantation \u00e0 grande \u00e9chelle.<\/li> <\/ul> <\/div>    <h3 class=\"wp-block-heading\">Pendant le semis<\/h3>    <div class=\"wp-block-group is-layout-flow wp-block-group-is-layout-flow\"> <ul class=\"wp-block-list\"> <li>Veiller \u00e0 rouler en ligne droite \u00e0 une vitesse constante. Lors du semis, l\u2019agriculteur doit veiller \u00e0 la droiture \u00e0 une vitesse uniforme. Ne pas aller vite ou lentement ou s\u2019arr\u00eater en cours de route pour \u00e9viter des replays de semis manqu\u00e9s. Pour \u00e9viter le bourrage de l\u2019ouvreur, le relevage et l\u2019abaissement du semoir doivent \u00eatre effectu\u00e9s en mouvement. Donc, soulevez le semoir lorsque l\u2019on recule ou que l\u2019on tourne.<\/li>    <li>Semez d\u2019abord le sol. Semez d\u2019abord horizontalement le sol, afin de ne pas durcir le sol et de ne pas rendre le semis trop superficiel.<\/li>    <li>Observer fr\u00e9quemment. Lors du semis, observer toujours les conditions de travail du m\u00e9canisme de mesurage, de l\u2019ouvreur, de la couverture et du m\u00e9canisme de transmission. Si de l\u2019argile, de l\u2019herbe emm\u00eal\u00e9e ou une couverture de graine n\u2019est pas serr\u00e9e, l\u2019enlever \u00e0 temps. Les ajustements, r\u00e9parations, lubrification ou nettoyage des herbes emm\u00eal\u00e9es doivent \u00eatre effectu\u00e9s apr\u00e8s le stationnement.<\/li>    <li>Prot\u00e9ger les pi\u00e8ces de la machine. Lorsque le semoir est en fonctionnement, il est formellement interdit de reculer ou de faire des virages brusques. Le relevage ou l\u2019abaissement du semoir doit \u00eatre effectu\u00e9 lentement pour \u00e9viter d\u2019endommager les pi\u00e8ces.<\/li>    <li>Attention au seedbox. Pendant l\u2019op\u00e9ration, les graines dans le seedbox ne doivent pas \u00eatre inf\u00e9rieures \u00e0 1\/5 du volume du seedbox. Lors du transport ou du transfert des parcelles, le seed box ne doit pas contenir de graines et d\u2019autres objets lourds.<\/li> <\/ul> <\/div>    <p>Pour plus d\u2019informations sur la machine, n\u2019h\u00e9sitez pas \u00e0 nous contacter.<\/p>","protected":false},"excerpt":{"rendered":"<p>Le semoir de ma\u00efs d\u00e9signe une machine de plantation qui prend les graines de ma\u00efs comme objet de semis. Et le semoir de ma\u00efs peut efficacement r\u00e9aliser les exigences de fouille et de semis du ma\u00efs. Cette machine peut r\u00e9aliser des op\u00e9rations de semis de ma\u00efs de haute qualit\u00e9.<\/p>","protected":false},"author":1,"featured_media":12081,"parent":0,"comment_status":"closed","ping_status":"closed","template":"","tags":[491,492,698],"product-type":[882,870],"class_list":["post-12065","product","type-product","status-publish","has-post-thumbnail","hentry","tag-corn","tag-planter","tag-tractor","product-type-corn-planter","product-type-planter"],"_links":{"self":[{"href":"https:\/\/www.agriculture-machine.com\/fr\/wp-json\/wp\/v2\/product\/12065","targetHints":{"allow":["GET"]}}],"collection":[{"href":"https:\/\/www.agriculture-machine.com\/fr\/wp-json\/wp\/v2\/product"}],"about":[{"href":"https:\/\/www.agriculture-machine.com\/fr\/wp-json\/wp\/v2\/types\/product"}],"author":[{"embeddable":true,"href":"https:\/\/www.agriculture-machine.com\/fr\/wp-json\/wp\/v2\/users\/1"}],"replies":[{"embeddable":true,"href":"https:\/\/www.agriculture-machine.com\/fr\/wp-json\/wp\/v2\/comments?post=12065"}],"wp:featuredmedia":[{"embeddable":true,"href":"https:\/\/www.agriculture-machine.com\/fr\/wp-json\/wp\/v2\/media\/12081"}],"wp:attachment":[{"href":"https:\/\/www.agriculture-machine.com\/fr\/wp-json\/wp\/v2\/media?parent=12065"}],"wp:term":[{"taxonomy":"post_tag","embeddable":true,"href":"https:\/\/www.agriculture-machine.com\/fr\/wp-json\/wp\/v2\/tags?post=12065"},{"taxonomy":"product-type","embeddable":true,"href":"https:\/\/www.agriculture-machine.com\/fr\/wp-json\/wp\/v2\/product-type?post=12065"}],"curies":[{"name":"wp","href":"https:\/\/api.w.org\/{rel}","templated":true}]}}