{"id":1207,"date":"2018-10-22T05:52:41","date_gmt":"2018-10-21T21:52:41","guid":{"rendered":"https:\/\/www.agriculture-machine.com\/?p=1207"},"modified":"2026-02-25T17:00:43","modified_gmt":"2026-02-25T09:00:43","slug":"corn-grinder-machine","status":"publish","type":"product","link":"https:\/\/www.agriculture-machine.com\/fr\/corn-grinder-machine\/","title":{"rendered":"Machine \u00e0 broyer le ma\u00efs | Machine \u00e0 grinder"},"content":{"rendered":"<p class=\"translation-block\"><strong>Les machines \u00e0 moudre le ma\u00efs<\/strong> peuvent transformer les grains en farine, largement utilis\u00e9es dans l'industrie de transformation alimentaire. Avec le d\u00e9veloppement de l'agriculture, la production de grains a consid\u00e9rablement augment\u00e9. <\/p>    <figure class=\"wp-block-embed is-type-video is-provider-youtube wp-block-embed-youtube wp-embed-aspect-16-9 wp-has-aspect-ratio\"><div class=\"wp-block-embed__wrapper\"> <iframe loading=\"lazy\" title=\"poudre tr\u00e8s fine ! Machine de broyage de ma\u00efs\/moulin \u00e0 disque\/moulin \u00e0 ma\u00efs\" width=\"500\" height=\"281\" src=\"https:\/\/www.youtube.com\/embed\/GpSOvkaJMOE?feature=oembed\" frameborder=\"0\" allow=\"accelerometer; autoplay; clipboard-write; encrypted-media; gyroscope; picture-in-picture; web-share\" referrerpolicy=\"strict-origin-when-cross-origin\" allowfullscreen><\/iframe> <\/div><figcaption class=\"wp-element-caption\">machine \u00e0 moudre le grain \u00e0 disque<\/figcaption><\/figure>    <p class=\"translation-block\">Et l'\u00e9quipement de machine agricole a \u00e9t\u00e9 largement utilis\u00e9. Nous pouvons utiliser la machine agricole sur diverses cultures, telles que le ma\u00efs, le bl\u00e9, le riz, les haricots, etc. Par exemple, pour le ma\u00efs, nous pouvons planter des graines de ma\u00efs dans le sol en utilisant le planteur de ma\u00efs. Apr\u00e8s la r\u00e9colte du ma\u00efs, nous pouvons utiliser le <a href=\"https:\/\/www.agriculture-machine.com\/fr\/maize-peeler-and-thresher\/\"><strong>d\u00e9cortiqueur de ma\u00efs et batteur<\/strong><\/a> pour traiter le ma\u00efs. Ainsi, nous pouvons \u00e9conomiser beaucoup de temps et d'\u00e9nergie. <\/p>    <p>De plus, pour transformer le ma\u00efs en farine de ma\u00efs, nous pouvons utiliser le moulin \u00e0 ma\u00efs. Il est adapt\u00e9 aux op\u00e9rations de traitement des semences, aux march\u00e9s des grains et des huiles, aux supermarch\u00e9s, aux \u00e9coles, aux institutions, aux cantines et \u00e0 d'autres unit\u00e9s. C'est un bon aide pour les gens. <\/p>    <h2 class=\"wp-block-heading\">Aper\u00e7u de la machine \u00e0 moudre le ma\u00efs<\/h2>    <p class=\"translation-block\">La s\u00e9rie TZ <strong>moulin \u00e0 grains<\/strong> produite par notre entreprise est un type de machine polyvalente, et elle est \u00e9galement connue pour son excellent effet de concassage. <\/p>    <p>Le moulin \u00e0 bl\u00e9 a une structure compacte, une belle apparence, une utilisation fiable, un entretien et une installation pratiques, largement appliqu\u00e9 au ma\u00efs, au riz, au ma\u00efs, aux haricots, au bl\u00e9, etc. <\/p>    <p>La taille de l'\u00e9cran peut \u00eatre personnalis\u00e9e selon vos exigences. Apr\u00e8s traitement, vous pouvez obtenir de la farine tr\u00e8s fine.<\/p>    <figure class=\"wp-block-gallery aligncenter has-nested-images columns-2 is-cropped wp-block-gallery-2 is-layout-flex wp-block-gallery-is-layout-flex\"> <figure class=\"wp-block-image size-large\"><img loading=\"lazy\" decoding=\"async\" width=\"360\" height=\"540\" data-id=\"1210\" src=\"https:\/\/www.agriculture-machine.com\/wp-content\/uploads\/2018\/10\/corn-grinder-machine2-360x540.jpg\" alt=\"machine \u00e0 moudre le ma\u00efs2\" class=\"wp-image-1210\" srcset=\"https:\/\/www.agriculture-machine.com\/wp-content\/uploads\/2018\/10\/corn-grinder-machine2-360x540.jpg 360w, https:\/\/www.agriculture-machine.com\/wp-content\/uploads\/2018\/10\/corn-grinder-machine2-180x270.jpg 180w, https:\/\/www.agriculture-machine.com\/wp-content\/uploads\/2018\/10\/corn-grinder-machine2.jpg 500w\" sizes=\"auto, (max-width: 360px) 100vw, 360px\" \/><figcaption class=\"wp-element-caption\">machine \u00e0 moudre le ma\u00efs2<\/figcaption><\/figure>    <figure class=\"wp-block-image size-large\"><img loading=\"lazy\" decoding=\"async\" width=\"360\" height=\"540\" data-id=\"1209\" src=\"https:\/\/www.agriculture-machine.com\/wp-content\/uploads\/2018\/10\/corn-grinder-machine1-360x540.jpg\" alt=\"machine \u00e0 moudre le ma\u00efs1\" class=\"wp-image-1209\" srcset=\"https:\/\/www.agriculture-machine.com\/wp-content\/uploads\/2018\/10\/corn-grinder-machine1-360x540.jpg 360w, https:\/\/www.agriculture-machine.com\/wp-content\/uploads\/2018\/10\/corn-grinder-machine1-180x270.jpg 180w, https:\/\/www.agriculture-machine.com\/wp-content\/uploads\/2018\/10\/corn-grinder-machine1.jpg 500w\" sizes=\"auto, (max-width: 360px) 100vw, 360px\" \/><figcaption class=\"wp-element-caption\">machine \u00e0 moudre le ma\u00efs1<\/figcaption><\/figure> <\/figure>    <h2 class=\"wp-block-heading\">Param\u00e8tre technique de la machine de concassage de grains<\/h2>    <figure class=\"wp-block-table is-style-stripes\"><table><tbody><tr><td>Mod\u00e8le<\/td><td>9FZ-280<\/td><\/tr><tr><td>Capacit\u00e9<\/td><td>300-500kg\/h<\/td><\/tr><tr><td>Poids<\/td><td>&nbsp;60kg<\/td><\/tr><tr><td>Taille<\/td><td>530*420*440mm<\/td><\/tr><\/tbody><\/table><figcaption class=\"wp-element-caption\">donn\u00e9es techniques du mod\u00e8le de moulin \u00e0 grains en vente chaude<\/figcaption><\/figure>    <h2 class=\"wp-block-heading\">Avantages d'un moulin \u00e0 grains<\/h2>    <ol class=\"wp-block-list\"> <li>Farine tr\u00e8s fine. Le grain trait\u00e9 par la machine \u00e0 moudre le ma\u00efs est tr\u00e8s fin.<\/li>    <li>Vous pouvez choisir diff\u00e9rents mod\u00e8les et capacit\u00e9s selon vos exigences. Nous avons de nombreux types de ce genre de machine, et vous avez de nombreuses options.<\/li>    <li>Large application. La mati\u00e8re premi\u00e8re peut \u00eatre du ma\u00efs, du riz, du ma\u00efs, des haricots, du bl\u00e9, etc.<\/li>    <li>Haute capacit\u00e9, grande performance et facile \u00e0 utiliser.<\/li> <\/ol>    <figure class=\"wp-block-gallery has-nested-images columns-2 is-cropped wp-block-gallery-3 is-layout-flex wp-block-gallery-is-layout-flex\"> <figure class=\"wp-block-image size-large\"><img loading=\"lazy\" decoding=\"async\" width=\"500\" height=\"333\" data-id=\"1212\" src=\"https:\/\/www.agriculture-machine.com\/wp-content\/uploads\/2018\/10\/corn-grinder-machine4.jpg\" alt=\"machine \u00e0 moudre le ma\u00efs4\" class=\"wp-image-1212\" srcset=\"https:\/\/www.agriculture-machine.com\/wp-content\/uploads\/2018\/10\/corn-grinder-machine4.jpg 500w, https:\/\/www.agriculture-machine.com\/wp-content\/uploads\/2018\/10\/corn-grinder-machine4-360x240.jpg 360w\" sizes=\"auto, (max-width: 500px) 100vw, 500px\" \/><figcaption class=\"wp-element-caption\">machine \u00e0 moudre le ma\u00efs4<\/figcaption><\/figure>    <figure class=\"wp-block-image size-large\"><img loading=\"lazy\" decoding=\"async\" width=\"500\" height=\"333\" data-id=\"1211\" src=\"https:\/\/www.agriculture-machine.com\/wp-content\/uploads\/2018\/10\/corn-grinder-machine3.jpg\" alt=\"machine \u00e0 moudre le ma\u00efs3\" class=\"wp-image-1211\" srcset=\"https:\/\/www.agriculture-machine.com\/wp-content\/uploads\/2018\/10\/corn-grinder-machine3.jpg 500w, https:\/\/www.agriculture-machine.com\/wp-content\/uploads\/2018\/10\/corn-grinder-machine3-360x240.jpg 360w\" sizes=\"auto, (max-width: 500px) 100vw, 500px\" \/><figcaption class=\"wp-element-caption\">machine \u00e0 moudre le ma\u00efs3<\/figcaption><\/figure> <\/figure>    <h2 class=\"wp-block-heading\">Conseils sur le moulin \u00e0 broyage \u00e0 disque<\/h2>    <ol class=\"wp-block-list\"> <li>C'est une machine de broyage de grain \u00e0 disque.<\/li>    <li>La structure interne.<\/li>    <li>L'\u00e9cran rond et la plaque de disque sont deux parties importantes.<\/li>    <li>Les mati\u00e8res premi\u00e8res comprennent le poivre, le sorgho, le bl\u00e9, l'anis \u00e9toil\u00e9, etc.<\/li>    <li>C'est un site d'essai de broyage de ma\u00efs<\/li>    <li>Versez le ma\u00efs dans l'entr\u00e9e.<\/li>    <li>La machine fonctionne maintenant<\/li>    <li>Il peut \u00eatre entra\u00een\u00e9 par un moteur.<\/li>    <li>La machine fonctionne de mani\u00e8re stable pendant l'op\u00e9ration et est appr\u00e9ci\u00e9e par les agriculteurs de diff\u00e9rents pays.<\/li>    <li>La poudre de ma\u00efs finale est tr\u00e8s fine et peut \u00eatre utilis\u00e9e pour nourrir les animaux.<\/li>    <li>Sa capacit\u00e9 est de 300 kg\/h, et elle est tr\u00e8s adapt\u00e9e \u00e0 un usage domestique.<\/li>    <li>Les \u00e9crans peuvent \u00eatre chang\u00e9s selon la taille des diff\u00e9rentes cultures.<\/li> <\/ol>    <h2 class=\"wp-block-heading\"><span style=\"font-size: 24px; font-weight: bold;\">Le cas r\u00e9ussi du moulin \u00e0 grains<\/span><\/h2>    <figure class=\"wp-block-gallery has-nested-images columns-2 is-cropped wp-block-gallery-4 is-layout-flex wp-block-gallery-is-layout-flex\"> <figure class=\"wp-block-image size-large\"><img loading=\"lazy\" decoding=\"async\" width=\"500\" height=\"500\" data-id=\"2991\" src=\"https:\/\/www.agriculture-machine.com\/wp-content\/uploads\/2018\/07\/333.jpg\" alt=\"image d&#039;exp\u00e9dition\" class=\"wp-image-2991\" srcset=\"https:\/\/www.agriculture-machine.com\/wp-content\/uploads\/2018\/07\/333.jpg 500w, https:\/\/www.agriculture-machine.com\/wp-content\/uploads\/2018\/07\/333-270x270.jpg 270w\" sizes=\"auto, (max-width: 500px) 100vw, 500px\" \/><figcaption class=\"wp-element-caption\">Image d'exp\u00e9dition<\/figcaption><\/figure>    <figure class=\"wp-block-image size-large\"><img loading=\"lazy\" decoding=\"async\" width=\"500\" height=\"500\" data-id=\"2990\" src=\"https:\/\/www.agriculture-machine.com\/wp-content\/uploads\/2018\/07\/222.jpg\" alt=\"image d&#039;exp\u00e9dition\" class=\"wp-image-2990\" srcset=\"https:\/\/www.agriculture-machine.com\/wp-content\/uploads\/2018\/07\/222.jpg 500w, https:\/\/www.agriculture-machine.com\/wp-content\/uploads\/2018\/07\/222-270x270.jpg 270w\" sizes=\"auto, (max-width: 500px) 100vw, 500px\" \/><figcaption class=\"wp-element-caption\">image d'exp\u00e9dition<\/figcaption><\/figure> <\/figure>    <h2 class=\"wp-block-heading\">FAQ sur le moulin \u00e0 disque<\/h2>   <div id=\"rank-math-faq\" class=\"rank-math-block\"> <div class=\"rank-math-list\"> <div id=\"faq-question-1772009959207\" class=\"rank-math-list-item\"> <h3 class=\"rank-math-question\"><strong>Quelle est la capacit\u00e9 du moulin \u00e0 bl\u00e9 magique ?<\/strong><\/h3> <div class=\"rank-math-answer\">  <p>Cette s\u00e9rie de machines a de nombreuses capacit\u00e9s diff\u00e9rentes, et vous pouvez la personnaliser selon vos besoins.<\/p>  <\/div> <\/div> <div id=\"faq-question-1772009967837\" class=\"rank-math-list-item\"> <h3 class=\"rank-math-question\"><strong>Quelle est la mati\u00e8re premi\u00e8re ?<\/strong><\/h3> <div class=\"rank-math-answer\">  <p>ma\u00efs, riz, ma\u00efs, haricots, bl\u00e9.<\/p>  <\/div> <\/div> <div id=\"faq-question-1772009974632\" class=\"rank-math-list-item\"> <h3 class=\"rank-math-question\"><strong>Quel est l'effet de concassage ?<\/strong><\/h3> <div class=\"rank-math-answer\">  <p>L'effet de concassage est tr\u00e8s bon, et vous pouvez obtenir une excellente farine.<\/p>  <\/div> <\/div> <\/div> <\/div>   <h2 class=\"wp-block-heading\">Contactez-nous \u00e0 tout moment<\/h2>    <p>Merci de lire notre introduction \u00e0 la machine de fraisage \u00e0 disque. Si vous \u00eates int\u00e9ress\u00e9 par nos produits ou si vous avez des questions, n'h\u00e9sitez pas \u00e0 nous contacter. Notre \u00e9quipe professionnelle sera heureuse de vous fournir des informations d\u00e9taill\u00e9es et vous accueillera dans notre usine pour d\u00e9couvrir notre technologie avanc\u00e9e et notre \u00e9quipement de haute qualit\u00e9. Nous avons h\u00e2te de vous offrir un excellent service !<\/p>","protected":false},"excerpt":{"rendered":"<p>Cette machine \u00e0 moudre le ma\u00efs se distingue par son design efficace et polyvalent. Non seulement elle produit de la farine de haute qualit\u00e9 et uniforme, mais elle offre \u00e9galement des options de r\u00e9glage de pr\u00e9cision et une construction fiable et durable, ce qui la rend id\u00e9ale pour le traitement moderne des grains.<\/p>","protected":false},"author":1,"featured_media":1213,"parent":0,"comment_status":"closed","ping_status":"closed","template":"","tags":[491,924],"product-type":[898],"class_list":["post-1207","product","type-product","status-publish","has-post-thumbnail","hentry","tag-corn","tag-flour","product-type-disk-mill"],"_links":{"self":[{"href":"https:\/\/www.agriculture-machine.com\/fr\/wp-json\/wp\/v2\/product\/1207","targetHints":{"allow":["GET"]}}],"collection":[{"href":"https:\/\/www.agriculture-machine.com\/fr\/wp-json\/wp\/v2\/product"}],"about":[{"href":"https:\/\/www.agriculture-machine.com\/fr\/wp-json\/wp\/v2\/types\/product"}],"author":[{"embeddable":true,"href":"https:\/\/www.agriculture-machine.com\/fr\/wp-json\/wp\/v2\/users\/1"}],"replies":[{"embeddable":true,"href":"https:\/\/www.agriculture-machine.com\/fr\/wp-json\/wp\/v2\/comments?post=1207"}],"wp:featuredmedia":[{"embeddable":true,"href":"https:\/\/www.agriculture-machine.com\/fr\/wp-json\/wp\/v2\/media\/1213"}],"wp:attachment":[{"href":"https:\/\/www.agriculture-machine.com\/fr\/wp-json\/wp\/v2\/media?parent=1207"}],"wp:term":[{"taxonomy":"post_tag","embeddable":true,"href":"https:\/\/www.agriculture-machine.com\/fr\/wp-json\/wp\/v2\/tags?post=1207"},{"taxonomy":"product-type","embeddable":true,"href":"https:\/\/www.agriculture-machine.com\/fr\/wp-json\/wp\/v2\/product-type?post=1207"}],"curies":[{"name":"wp","href":"https:\/\/api.w.org\/{rel}","templated":true}]}}